{"id":5606,"date":"2021-02-03T20:54:17","date_gmt":"2021-02-03T20:54:17","guid":{"rendered":"https:\/\/english-munich.de\/training\/?page_id=5606"},"modified":"2021-02-11T19:21:48","modified_gmt":"2021-02-11T19:21:48","slug":"bestimmter-artikel-englisch-the-aussprache","status":"publish","type":"page","link":"https:\/\/english-munich.de\/training\/bestimmter-artikel-englisch-the-aussprache\/","title":{"rendered":"bestimmter Artikel Englisch &#8218;the&#8216; &#8211; Aussprache"},"content":{"rendered":"<div class=\"jumbotron text-center\">\r\n<h2>die Aussprache des bestimmten Artikels &#8218;the&#8216; Aufgaben<\/h2>\r\n\u00dcbungen zur Aussprache des bestimmten Artikels &#8218;the&#8216; im Englischen\r\n\r\n<\/div>\r\n<div class=\"bs-example\">\r\n<div id=\"accordionExample\" class=\"accordion\">\r\n<div class=\"card\">\r\n<div id=\"headingOne\" class=\"card-header\">\r\n<h2 class=\"mb-0\" style=\"color: #000;\"><button class=\"btn btn-link collapsed\" type=\"button\" data-toggle=\"collapse\" data-target=\"#collapseOne\">Beispiel<\/button><\/h2>\r\n<\/div>\r\n<div id=\"collapseOne\" class=\"collapse\" aria-labelledby=\"headingOne\" data-parent=\"#accordionExample\">\r\n<div class=\"card-body\">\r\n<div class=\"form-group\" style=\"width: 70%; margin: 10px;\"><label for=\"sel1\"><span class=\"number\">\u24ff<\/span> the uniform<\/label>\r\n<select id=\"beispiel\" class=\"form-control\">\r\n<option value=\"wrong\">\u00f0\u0259<\/option>\r\n<option value=\"correct\">\u00f0i:<\/option>\r\n<option value=\"wrong\">doesn&#8217;t did<\/option>\r\n<\/select>\r\nDie richtige L\u00f6sung ist: <b>&#8222;\u00f0\u0259&#8220;<\/b>&nbsp;&nbsp;<button class=\"btn-lg btn-info\" type=\"button\" value=\"submit\" data-toggle=\"modal\" data-target=\"#myModal\">Tipp<\/button>\r\n\r\n<\/div>\r\n<\/div>\r\n<\/div>\r\n<\/div>\r\n<\/div>\r\n<br \/><br \/>\r\n<div class=\"container well\">\r\n<h4>\u2611\ufe0f W\u00e4hle die richtige Option, entweder <i>\u00f0\u0259<\/i> wenn das Wort mit einem Konsonant beginnt, oder<i> \u00f0i:<\/i>, wenn der erste Buchstabe ein <i>Selbstlaut<\/i> (a,e,i,o,u) ist. Vorsicht! Achte auch darauf wie das Wort ausgesprochen wird:<\/h4>\r\n\r\n\r\n<hr \/>\r\n\r\n<br \/>\r\n<div class=\"container-fluid\">\r\n<div class=\"form-group\" style=\"width: 70%;\"><label for=\"sel1\"><span class=\"number\">\u2776<\/span> the drink<\/label>\r\n<select id=\"q0\" class=\"form-control\"><option value=\"wrong\"><\/option>\r\n<option value=\"wrong\">\u00f0i:<\/option>\r\n<option value=\"correct\">\u00f0\u0259<\/option>\r\n\r\n<\/select>\r\n<p id=\"correct0\" align=\"left\"><\/p>\r\n<a class=\"btn btn-success tipp0 hidden\" style=\"text-decoration: none, color:white;\" title=\" \u00f0\u0259 \" href=\"#0\" data-toggle=\"popover\" data-placement=\"top\" data-trigger=\"hover\" data-content=\"'drink' beginnt mit einem Konsonanten \u2794 \u00f0\u0259 \">Tipp<\/a>\r\n<\/div>\r\n<div class=\"form-group\" style=\"width: 70%;\"><label for=\"sel1\"><span class=\"number\">\u2777<\/span> the outfield<\/label>\r\n<select id=\"q1\" class=\"form-control\">\r\n<option value=\"wrong\"><\/option>\r\n<option value=\"correct\">\u00f0i:<\/option>\r\n<option value=\"wrong\">\u00f0\u0259<\/option>\r\n\r\n<\/select>\r\n<p id=\"correct1\" align=\"left\"><\/p>\r\n<a class=\"btn btn-success tipp1 hidden\" style=\"text-decoration: none, color:white;\" title=\" \u00f0i: \" href=\"#1\" data-toggle=\"popover\" data-placement=\"top\" data-trigger=\"hover\" data-content=\"'outfield' beginnt mit einem Selbstlaut \u2794 \u00f0i:\">Tipp<\/a>\r\n\r\n<\/div>\r\n<div class=\"form-group\" style=\"width: 70%;\"><label for=\"sel1\"><span class=\"number\">\u2778<\/span> the  underground<\/label>\r\n<select id=\"q2\" class=\"form-control\">\r\n<option value=\"wrong\"><\/option>\r\n<option value=\"correct\">\u00f0i:<\/option>\r\n<option value=\"wrong\">\u00f0\u0259<\/option>\r\n<\/select>\r\n<p id=\"correct2\" align=\"left\"><\/p>\r\n<a class=\"btn btn-success tipp2 hidden\" style=\"text-decoration: none, color:white;\" title=\" \u00f0i: \" href=\"#2\" data-toggle=\"popover\" data-placement=\"top\" data-trigger=\"hover\" data-content=\"'underground' beginnt mit einem Selbstlaut \u2794 \u00f0i:\">Tipp<\/a>\r\n<\/div>\r\n<div class=\"form-group\" style=\"width: 70%;\"><label for=\"sel1\"><span class=\"number\">\u2779<\/span> the United States<\/label>\r\n<select id=\"q3\" class=\"form-control\">\r\n<option value=\"wrong\"><\/option>\r\n<option value=\"wrong\">\u00f0i:<\/option>\r\n<option value=\"correct\">\u00f0\u0259<\/option>\r\n<\/select>\r\n<p id=\"correct3\" align=\"left\"><\/p>\r\n<a class=\"btn btn-success tipp3 hidden\" style=\"text-decoration: none, color:white;\" title=\" \u00f0\u0259 \" href=\"#3\" data-toggle=\"popover\" data-placement=\"top\" data-trigger=\"hover\" data-content=\"'United States' beginnt zwar mit einem Selbstlaut, wird aber wie ein Mitlaut ausgesprochen 'you' \u2794 \u00f0\u0259 \">Tipp<\/a>\r\n\r\n<\/div>\r\n<div class=\"form-group\" style=\"width: 70%;\"><label for=\"sel1\"><span class=\"number\">\u277a<\/span> the hour .<\/label>\r\n<select id=\"q4\" class=\"form-control\">\r\n<option value=\"wrong\"><\/option>\r\n<option value=\"correct\">\u00f0i:<\/option>\r\n<option value=\"wrong\">\u00f0\u0259<\/option>\r\n<\/select>\r\n<p id=\"correct4\" align=\"left\"><\/p>\r\n<a class=\"btn btn-success tipp4 hidden\" style=\"text-decoration: none, color:white;\" title\"\u00f0i:\" href=\"#4\" data-toggle=\"popover\" data-placement=\"top\" data-trigger=\"hover\" data-content=\"'hour' beginnt zwar mit einem Konsonanten, jedoch bleibt dieser bei der Aussprache stumm  \u2794 \u00f0i: \">Tipp<\/a>\r\n\r\n<\/div>\r\n<div class=\"form-group\" style=\"width: 70%;\"><label for=\"sel1\"><span class=\"number\">\u277b<\/span> the horse<\/label>\r\n<select id=\"q5\" class=\"form-control\">\r\n<option value=\"wrong\"><\/option>\r\n<option value=\"wrong\">\u00f0i:<\/option>\r\n<option value=\"correct\">\u00f0\u0259<\/option>\r\n<\/select>\r\n<p id=\"correct5\" align=\"left\"><\/p>\r\n<a class=\"btn btn-success tipp5 hidden\" style=\"text-decoration: none, color:white;\" title=\" \u00f0\u0259 \" href=\"#5\" data-toggle=\"popover\" data-placement=\"top\" data-trigger=\"hover\" data-content=\"'horse' beginnt mit einem Konsonanten \u2794 \u00f0\u0259\">Tipp<\/a>\r\n\r\n<\/div>\r\n<div class=\"form-group\" style=\"width: 70%;\"><label for=\"sel1\"><span class=\"number\">\u277c<\/span> the mouse <\/label>\r\n<select id=\"q6\" class=\"form-control\">\r\n<option value=\"wrong\"><\/option>\r\n<option value=\"wrong\">\u00f0i:<\/option>\r\n<option value=\"correct\">\u00f0\u0259<\/option>\r\n<\/select>\r\n<p id=\"correct6\" align=\"left\"><\/p>\r\n<a class=\"btn btn-success tipp6 hidden\" style=\"text-decoration: none, color:white;\" title=\" \u00f0\u0259 \" href=\"#6\" data-toggle=\"popover\" data-placement=\"top\" data-trigger=\"hover\" data-content=\"'mouse' beginnt mit einem Konsonanten \u2794 \u00f0\u0259\">Tipp<\/a>\r\n\r\n<\/div>\r\n<div class=\"form-group\" style=\"width: 70%;\"><label for=\"sel1\"><span class=\"number\">\u277d<\/span> the test<\/label>\r\n<select id=\"q7\" class=\"form-control\">\r\n<option value=\"wrong\"><\/option>\r\n<option value=\"wrong\">\u00f0i:<\/option>\r\n<option value=\"correct\">\u00f0\u0259<\/option>\r\n<\/select>\r\n<p id=\"correct7\" align=\"left\"><\/p>\r\n<a class=\"btn btn-success tipp7 hidden\" style=\"text-decoration: none, color:white;\" title=\" \u00f0\u0259 \" href=\"#7\" data-toggle=\"popover\" data-placement=\"top\" data-trigger=\"hover\" data-content=\"'test' beginnt mit einem Konsonanten \u2794 \u00f0\u0259\">Tipp<\/a>\r\n\r\n<\/div>\r\n<div class=\"form-group\" style=\"width: 70%;\"><label for=\"sel1\"><span class=\"number\">\u277e<\/span> the humor<\/label>\r\n<select id=\"q8\" class=\"form-control\">\r\n<option value=\"wrong\"><\/option>\r\n<option value=\"wrong\">\u00f0i:<\/option>\r\n<option value=\"correct\">\u00f0\u0259<\/option>\r\n<\/select>\r\n<p id=\"correct8\" align=\"left\"><\/p>\r\n<a class=\"btn btn-success tipp8 hidden\" style=\"text-decoration: none, color:white;\" title=\" \u00f0\u0259 \" href=\"#8\" data-toggle=\"popover\" data-placement=\"top\" data-trigger=\"hover\" data-content=\"'humor' beginnt mit einem Konsonanten \u2794 \u00f0\u0259\">Tipp<\/a>\r\n\r\n<\/div>\r\n<div class=\"form-group\" style=\"width: 70%;\"><label for=\"sel1\"><span class=\"number\">\u277f<\/span> the honor<\/label>\r\n<select id=\"q9\" class=\"form-control\">\r\n<option value=\"wrong\"><\/option>\r\n<option value=\"correct\"> \u00f0i:<\/option>\r\n<option value=\"wrong\"> \u00f0\u0259 <\/option>\r\n<\/select>\r\n<p id=\"correct9\" align=\"left\"><\/p>\r\n<a class=\"btn btn-success tipp9 hidden\" style=\"text-decoration: none, color:white;\" title=\" \u00f0i: \" href=\"#9\" data-toggle=\"popover\" data-placement=\"top\" data-trigger=\"hover\" data-content=\"'honor' beginnt zwar mit einem Konsonanten, jedoch bleibt dieser bei der Aussprache stumm  \u2794 \u00f0i:\">Tipp<\/a>\r\n\r\n<\/div>\r\n<\/div>\r\n<div class=\"container\">\r\n\r\n<!-- The Modal -->\r\n<div id=\"myModal\" class=\"modal\">\r\n<div class=\"modal-dialog\">\r\n<div class=\"modal-content\">\r\n\r\n<!-- Modal Header -->\r\n<div class=\"modal-header\">\r\n<h4 class=\"modal-title\">Aussprache bestimmter Artikel im Englischen &#8211; &#8218;the&#8216; <\/h4>\r\n<button class=\"close\" type=\"button\" data-dismiss=\"modal\">\u00d7<\/button>\r\n\r\n<\/div>\r\n<!-- Modal body -->\r\n<div class=\"modal-body\"><div class=\"modal-body\"><table class=\"table table-bordered table-sm table-hover\">\r\n<thead>\r\n<tr class=\"table-danger\">\r\n<th>Aussprache  \u00f0\u0259 &#8222;de&#8220;<\/th>\r\n\r\n<th>Aussprache  \u00f0i: &#8222;die&#8220;<\/th>\r\n<\/tr>\r\n<\/thead>\r\n<tbody>\r\n\r\n<tr class=\"table-info\">\r\n<td><b>Wort beginnt mit Mitlaut (nicht a,e,i,o,u)<\/b><\/td>\r\n<td><b>Wort beginnt mit Selbstlaut (a,e,i,o,u)<\/b><\/td>\r\n<\/tr>\r\n<tr class=\"table-primary\">\r\n<td><b>test, mouse, book, goal<\/b>\r\n    \r\n<\/td>\r\n<td><b>answer, eagle, ignorance, outfield<\/b>\r\n   \r\n<\/td>\r\n<\/tr>\r\n<tr class=\"table-warning\"><td><b>Wort beginnt mit Vokal\r\nwird aber wie Konsonant ausgesrochen<\/b><\/td>\r\n<td><b>Wort beginnt mit stummen Konsonanten\r\n <\/b><\/td>\r\n<\/tr>\r\n<tr class=\"table-success\"><td><b>united, uniform, university<\/b><\/td>\r\n<td><b>hour, honor, honest<\/b> \r\n\r\n<\/tr>\r\n\r\n<\/tbody>\r\n<\/table><\/div>\r\n<!-- Modal footer -->\r\n<div class=\"modal-footer\"><button class=\"btn btn-danger\" type=\"button\" data-dismiss=\"modal\">Close<\/button><\/div>\r\n<\/div>\r\n<\/div>\r\n<\/div>\r\n<\/div>\r\n<\/div>\r\n<\/div>\r\n<hr>\r\n<button id=\"submitButton\" class=\"btn-lg btn-primary \" type=\"submit\" value=\"submit\">Pr\u00fcfen<\/button><button id=\"resetButton\" class=\"btn-lg btn-success\" type=\"submit\" onclick=\"refreshPage()\">Neustart<\/button><button id=\"submitButton\" class=\"btn-lg btn-info\" type=\"submit\" value=\"submit\" data-toggle=\"modal\" data-target=\"#myModal\">Tipp<\/button>\r\n\r\n<p id=\"result\"><\/p>\r\n<p id=\"result2\"><\/p>\r\n<hr>\r\n\r\n<h3>Alle \u00dcbungen zum Thema Artikel (bestimmt, unbestimmt):<\/h3>\r\n\r\n<hr>\r\n\r\n<div id=\"bellows-main-44\" class=\"bellows bellows-nojs bellows-main bellows-source-menu bellows-align-full bellows-skin-vanilla bellows-type-\"><ul id=\"menu-artikel\" class=\"bellows-nav\" data-bellows-config=\"main\"><li id=\"menu-item-5622\" class=\"bellows-menu-item bellows-menu-item-type-post_type bellows-menu-item-object-page bellows-menu-item-5622 bellows-item-level-0\"><a  href=\"https:\/\/english-munich.de\/training\/bestimmter-artikel-englisch-the-aussprache\/\" class=\"bellows-target\"><span class=\"bellows-target-title bellows-target-text\">\u2611\ufe0f \u2018the\u2019 \u2013 Aussprache<\/span><\/a><\/li>\n<li id=\"menu-item-5594\" class=\"bellows-menu-item bellows-menu-item-type-post_type bellows-menu-item-object-page bellows-menu-item-5594 bellows-item-level-0\"><a  href=\"https:\/\/english-munich.de\/training\/bestimmer-artikel-the\/\" class=\"bellows-target\"><span class=\"bellows-target-title bellows-target-text\">\u2611\ufe0fbestimmer Artikel \u2013 \u2018the\u2019<\/span><\/a><\/li>\n<li id=\"menu-item-5665\" class=\"bellows-menu-item bellows-menu-item-type-post_type bellows-menu-item-object-page bellows-menu-item-5665 bellows-item-level-0\"><a  href=\"https:\/\/english-munich.de\/training\/bestimmter-artikel-englisch-the-aufgaben\/\" class=\"bellows-target\"><span class=\"bellows-target-title bellows-target-text\">\u270d\ufe0fbestimmter Artikel  \u2013 \u2018the\u2019<\/span><\/a><\/li>\n<li id=\"menu-item-5685\" class=\"bellows-menu-item bellows-menu-item-type-post_type bellows-menu-item-object-page bellows-menu-item-5685 bellows-item-level-0\"><a  href=\"https:\/\/english-munich.de\/training\/unbestimmter-artikel-englisch\/\" class=\"bellows-target\"><span class=\"bellows-target-title bellows-target-text\">\u2611\ufe0funbestimmter Artikel \u2013 &#8218;a, an&#8216;<\/span><\/a><\/li>\n<li id=\"menu-item-5707\" class=\"bellows-menu-item bellows-menu-item-type-post_type bellows-menu-item-object-page bellows-menu-item-5707 bellows-item-level-0\"><a  href=\"https:\/\/english-munich.de\/training\/unbestimmter-artikel-a-an\/\" class=\"bellows-target\"><span class=\"bellows-target-title bellows-target-text\">\u2611\ufe0funbestimmter Artikel \u2013 \u2018a, an\u2019<\/span><\/a><\/li>\n<li id=\"menu-item-5748\" class=\"bellows-menu-item bellows-menu-item-type-post_type bellows-menu-item-object-page bellows-menu-item-5748 bellows-item-level-0\"><a  href=\"https:\/\/english-munich.de\/training\/unbestimmter-artikel-a-an-ubung\/\" class=\"bellows-target\"><span class=\"bellows-target-title bellows-target-text\">\u270d\ufe0funbestimmter Artikel \u2018a, an\u2019<\/span><\/a><\/li>\n<\/ul><\/div>\r\n\r\n<\/div>","protected":false},"excerpt":{"rendered":"die Aussprache des bestimmten Artikels &#8218;the&#8216; Aufgaben \u00dcbungen zur Aussprache des bestimmten Artikels &#8218;the&#8216; im Englischen Beispiel \u24ff the uniform \u00f0\u0259 \u00f0i: doesn&#8217;t did Die richtige L\u00f6sung ist: &#8222;\u00f0\u0259&#8220;&nbsp;&nbsp;Tipp \u2611\ufe0f W\u00e4hle die richtige Option, entweder \u00f0\u0259 wenn das Wort mit einem Konsonant beginnt, oder \u00f0i:, wenn der erste Buchstabe ein Selbstlaut (a,e,i,o,u) ist. Vorsicht! Achte [&hellip;]","protected":false},"author":3,"featured_media":0,"parent":0,"menu_order":0,"comment_status":"closed","ping_status":"closed","template":"","meta":[],"_links":{"self":[{"href":"https:\/\/english-munich.de\/training\/wp-json\/wp\/v2\/pages\/5606"}],"collection":[{"href":"https:\/\/english-munich.de\/training\/wp-json\/wp\/v2\/pages"}],"about":[{"href":"https:\/\/english-munich.de\/training\/wp-json\/wp\/v2\/types\/page"}],"author":[{"embeddable":true,"href":"https:\/\/english-munich.de\/training\/wp-json\/wp\/v2\/users\/3"}],"replies":[{"embeddable":true,"href":"https:\/\/english-munich.de\/training\/wp-json\/wp\/v2\/comments?post=5606"}],"version-history":[{"count":20,"href":"https:\/\/english-munich.de\/training\/wp-json\/wp\/v2\/pages\/5606\/revisions"}],"predecessor-version":[{"id":5668,"href":"https:\/\/english-munich.de\/training\/wp-json\/wp\/v2\/pages\/5606\/revisions\/5668"}],"wp:attachment":[{"href":"https:\/\/english-munich.de\/training\/wp-json\/wp\/v2\/media?parent=5606"}],"curies":[{"name":"wp","href":"https:\/\/api.w.org\/{rel}","templated":true}]}}