{"id":5598,"date":"2021-02-03T14:03:07","date_gmt":"2021-02-03T14:03:07","guid":{"rendered":"https:\/\/english-munich.de\/training\/?page_id=5598"},"modified":"2021-02-13T09:48:15","modified_gmt":"2021-02-13T09:48:15","slug":"artikel","status":"publish","type":"page","link":"https:\/\/english-munich.de\/training\/artikel\/","title":{"rendered":"Artikel Englisch unbestimmt \/ bestimmt"},"content":{"rendered":"<div class=\"container well\">\r\n<h2>bestimmter \/ unbestimmter Artikel &#8211; Erkl\u00e4rungen &#8211; \u00dcbungen<\/h2>\r\n<hr>\r\n<h3>bestimmter \/ unbestimmter Artikel &#8211; \u00dcbungen<\/h3>\r\n<div id=\"bellows-main-44\" class=\"bellows bellows-nojs bellows-main bellows-source-menu bellows-align-full bellows-skin-vanilla bellows-type-\"><ul id=\"menu-artikel\" class=\"bellows-nav\" data-bellows-config=\"main\"><li id=\"menu-item-5622\" class=\"bellows-menu-item bellows-menu-item-type-post_type bellows-menu-item-object-page bellows-menu-item-5622 bellows-item-level-0\"><a  href=\"https:\/\/english-munich.de\/training\/bestimmter-artikel-englisch-the-aussprache\/\" class=\"bellows-target\"><span class=\"bellows-target-title bellows-target-text\">\u2611\ufe0f \u2018the\u2019 \u2013 Aussprache<\/span><\/a><\/li>\n<li id=\"menu-item-5594\" class=\"bellows-menu-item bellows-menu-item-type-post_type bellows-menu-item-object-page bellows-menu-item-5594 bellows-item-level-0\"><a  href=\"https:\/\/english-munich.de\/training\/bestimmer-artikel-the\/\" class=\"bellows-target\"><span class=\"bellows-target-title bellows-target-text\">\u2611\ufe0fbestimmer Artikel \u2013 \u2018the\u2019<\/span><\/a><\/li>\n<li id=\"menu-item-5665\" class=\"bellows-menu-item bellows-menu-item-type-post_type bellows-menu-item-object-page bellows-menu-item-5665 bellows-item-level-0\"><a  href=\"https:\/\/english-munich.de\/training\/bestimmter-artikel-englisch-the-aufgaben\/\" class=\"bellows-target\"><span class=\"bellows-target-title bellows-target-text\">\u270d\ufe0fbestimmter Artikel  \u2013 \u2018the\u2019<\/span><\/a><\/li>\n<li id=\"menu-item-5685\" class=\"bellows-menu-item bellows-menu-item-type-post_type bellows-menu-item-object-page bellows-menu-item-5685 bellows-item-level-0\"><a  href=\"https:\/\/english-munich.de\/training\/unbestimmter-artikel-englisch\/\" class=\"bellows-target\"><span class=\"bellows-target-title bellows-target-text\">\u2611\ufe0funbestimmter Artikel \u2013 &#8218;a, an&#8216;<\/span><\/a><\/li>\n<li id=\"menu-item-5707\" class=\"bellows-menu-item bellows-menu-item-type-post_type bellows-menu-item-object-page bellows-menu-item-5707 bellows-item-level-0\"><a  href=\"https:\/\/english-munich.de\/training\/unbestimmter-artikel-a-an\/\" class=\"bellows-target\"><span class=\"bellows-target-title bellows-target-text\">\u2611\ufe0funbestimmter Artikel \u2013 \u2018a, an\u2019<\/span><\/a><\/li>\n<li id=\"menu-item-5748\" class=\"bellows-menu-item bellows-menu-item-type-post_type bellows-menu-item-object-page bellows-menu-item-5748 bellows-item-level-0\"><a  href=\"https:\/\/english-munich.de\/training\/unbestimmter-artikel-a-an-ubung\/\" class=\"bellows-target\"><span class=\"bellows-target-title bellows-target-text\">\u270d\ufe0funbestimmter Artikel \u2018a, an\u2019<\/span><\/a><\/li>\n<\/ul><\/div>\r\n\r\n<h3>bestimmter \/ unbestimmter Artikel &#8211; Erkl\u00e4rungen<\/h3>\r\n\r\nDer bestimmte Artikel <i class=\"text-danger\"> the <\/i> \u00e4ndert seine Aussprache je nachdem, ob das nachfolgende Bezugswort mit einem <i class=\"text-danger\">Vokal<\/i>, oder einem <i class=\"text-danger\">Mitlaut<\/i> beginnt. \r\n\r\nWenn das Wort nach dem bestimmten Artikel <i class=\"text-danger\"> the <\/i> mit einem <i class=\"text-danger\">Mitlaut<\/i> beginnt wird er <i class=\"text-danger\"> \u00f0\u0259 <\/i>, ungef\u00e4hr wie das deutsche &#8218;de&#8216;, ausgesprochen.\r\n\r\nIst das nachstehende Wort ein <i class=\"text-danger\">Selbstlaut<\/i> wird <i class=\"text-danger\"> the <\/i> wie <i class=\"text-danger\"> \u00f0i: <\/i> (vergleichbar mit dem deutschen &#8218;die&#8216;) ausgesprochen. Der Grund hierf\u00fcr ist den Sprachfluss aufrechtzuerhalten. Treffen n\u00e4mlich zwei Vokale aufeinander, entsteht durch das Luftholen beim Aussprechen zwischen den beiden Worten eine umst\u00e4ndliche Pause. Um diese Pause zu vermeiden \u00e4ndert man die Aussprache von <i class=\"text-danger\"> \u00f0\u0259 <\/i> zu  <i class=\"text-danger\"> \u00f0i: <\/i>.<br \/>\r\n<div class=\"iframe-container\"><iframe loading=\"lazy\" width=\"560\" height=\"315\" src=\"https:\/\/www.youtube.com\/embed\/5uOPAsRWh4s\" frameborder=\"0\" allow=\"accelerometer; autoplay; clipboard-write; encrypted-media; gyroscope; picture-in-picture\" allowfullscreen><\/iframe><\/div><br \/>\r\n\r\nBesonders kniffelig sind in diesem Zusammenhang W\u00f6rter, die mit einem <i class=\"text-danger\">Vokal<\/i> beginnen aber wie ein <i class=\"text-danger\">Mitlaut<\/i> ausgesprochen werden. Hier muss man sich an der Aussprache orientieren und nicht am geschriebenen Wort. So wird &#8218;the uniform&#8216; als <i class=\"text-danger\"> \u00f0\u0259 <\/i> uniform ausgesprochen.\r\n\r\nDasselbe Prinzip funktioniert auch in die andere Richtung. W\u00f6rter die mit einem <i class=\"text-danger\"> Mitlaut <\/i> beginnen, aber wie ein Vokal ausgesprochen werden, \u00e4ndern die Aussprache von <i class=\"text-danger\"> \u00f0\u0259 <\/i> zu <i class=\"text-danger\"> \u00f0i: <\/i>. zum Beispiel : <i class=\"text-danger\"> \u00f0i: <\/i> honor.\r\n\r\n<table class=\"table table-bordered table-sm table-hover\">\r\n<thead>\r\n<tr class=\"table-danger\">\r\n<th>Aussprache  \u00f0\u0259 &#8222;de&#8220;<\/th>\r\n<th>Aussprache  \u00f0i: &#8222;die&#8220;<\/th>\r\n<\/tr>\r\n<\/thead>\r\n<tr class=\"table-info\">\r\n<td><b>Wort beginnt mit Mitlaut<\/b><\/td>\r\n<td><b>Wort beginnt mit Selbstlaut<\/b><\/td>\r\n<\/tr>\r\n<tr class=\"table-primary\">\r\n<td><b>test, mouse, book, goal<\/b>\r\n    \r\n<\/td>\r\n<td><b>answer, eagle, ignorance, outfield<\/b>\r\n   \r\n<\/td>\r\n<\/tr>\r\n<tr class=\"table-warning\"><td><b>Wort beginnt mit Vokal\r\nwird aber wie Konsonant ausgesrochen<\/b><\/td>\r\n<td><b>Wort beginnt mit stummen Konsonanten\r\n <\/b><\/td>\r\n<\/tr>\r\n<tr class=\"table-success\"><td><b>united, uniform, university<\/b><\/td>\r\n<td><b>hour, honor, honest<\/b> \r\n\r\n<\/tr>\r\n\r\n<\/tbody>\r\n<\/table>\r\n\r\nAuch der unbestimmte Artikel <i class=\"text-danger\"> a <\/i> \u00e4ndert sich je nachdem, ob das nachstehende Bezugswort mit einem <i class=\"text-danger\"> Mitlaut <\/i> oder einem <i class=\"text-danger\"> Vokal <\/i> beginnt. Beginnt das nachstehende Bezugswort mit einem <i class=\"text-danger\"> Vokal <\/i> \u00e4ndert sich nicht nur die Aussprache, sondern <i class=\"text-danger\"> a <\/i> wird zu <i class=\"text-danger\"> an <\/i>. Auch hier ist der Hintergrund wieder, das Aufeinandertreffen von zwei Vokalen zu vermeiden, was den Sprachfluss durch Luftholen behindern w\u00fcrde.\r\n\r\nAuch hier muss man wieder darauf achten, dass bei W\u00f6rtern die mit einem Vokal beginnen, aber wie ein Mitlaut ausgesprochen werden, <i class=\"text-danger\"> a <\/i> unver\u00e4ndert bleibt. Ebenso \u00e4ndert sich im umgekehrten Fall, also bei einem Wort, dass mit einem <i class=\"text-danger\"> Konsonanten<\/i> beginnt , das aber wie ein <i class=\"text-danger\"> Vokal <\/i> ausgesprochen wird, die Aussprache von <i class=\"text-danger\"> a <\/i> zu <i class=\"text-danger\"> an <\/i>. zum Beispiel: half <i class=\"text-danger\"> an <\/i> hour.\r\n\r\n\r\n<table class=\"table table-bordered table-sm table-hover\">\r\n<thead>\r\n<tr class=\"table-danger\">\r\n<th>unbestimmter Artikel &#8218;a&#8216;<\/th>\r\n<th>unbestimmter Artikel &#8218;an&#8216;<\/th>\r\n<\/tr>\r\n<\/thead>\r\n<tbody>\r\n<tr class=\"table-info\">\r\n<td><b>Wort beginnt mit Mitlaut<\/b><\/td>\r\n<td><b>Wort beginnt mit Selbstlaut<\/b><\/td>\r\n<\/tr>\r\n<tr class=\"table-primary\">\r\n<td><b>test, mouse, book, goal<\/b>\r\n<\/td>\r\n<td><b>answer, eagle, ignorance, outfield<\/b>\r\n<\/td>\r\n<\/tr>\r\n<tr class=\"table-warning\"><td><b>Wort beginnt mit Vokal\r\nwird aber wie Konsonant ausgesprochen<\/b><\/td>\r\n<td><b>Wort beginnt mit stummen Konsonanten\r\n <\/b><\/td>\r\n<\/tr>\r\n<tr class=\"table-success\"><td><b>united, uniform, university<\/b><\/td>\r\n<td><b>hour, honor, honest<\/b> \r\n<\/tr>\r\n<\/tbody>\r\n<\/table>\r\n\r\n\r\n<h3>Der bestimmte Artikel &#8218;the&#8216;<\/h3>\r\n\r\nDie Verwendung des bestimmten Artikel <i class=\"text-danger\"> the <\/i> folgt in Englisch gewissen Regeln, die nicht nicht immer einheitlich sind, und gelernt werden m\u00fcssen.\r\nNachstehend eine Ausstellung f\u00fcr alle unterschiedlichen Anwendungsweisen des bestimmten Artikels <i class=\"text-danger\">the<\/i> in Englisch.\r\n\r\n<table class=\"table table-bordered table-sm table-hover\">\r\n<thead>\r\n<tr class=\"table-danger\">\r\n<th>bestimmter Artikel <\/th>\r\n<th>kein bestimmter Artikel<\/th>\r\n<\/tr>\r\n<\/thead>\r\n<tbody>\r\n\r\n<tr class=\"table-info\">\r\n<td><b>allgemeine Begriffe (mit bestimmten Bezug)<\/b><\/td>\r\n<td><b>allgemeine Begriffe (ohne bestimmten Bezug)<\/b><\/td>\r\n<\/tr>\r\n<tr class=\"table-primary\">\r\n<td><b>The milk I bought was sour.<\/b>\r\n    <b>I had the time of my life.<\/b>\r\n<\/td>\r\n<td><b>Milk is too expensive.<\/b>\r\n    <b>Time is of the essence.<\/b>\r\n<\/td>\r\n<\/tr>\r\n<tr class=\"table-warning\"><td><b>Familiennamen in der Mehrzahl<\/b><\/td>\r\n<td><b>Personennamen in der Einzahl\r\nVerwandtschaftsbezeichnungen<\/b><\/td>\r\n<\/tr>\r\n<tr class=\"table-success\"><td><b>Not easy keeping up with the Jones.\r\nThe Smiths are very rich.<\/b><\/td>\r\n<td><b>Aunt Becky was canceled.<\/b> \r\n<b>Bob was voted class president.<\/b><\/td>\r\n<\/tr>\r\n<tr class=\"table-info\">\r\n<td><b> bestimmte \u00f6ffentliche Einrichtungen, Verkehrsmittel<\/b><\/td>\r\n<td><b>\u00f6ffentliche Einrichtungen, Verkehrsmittel<\/b><\/td>\r\n<\/tr>\r\n<tr class=\"table-primary\">\r\n<td><b>The school I go to is nice<\/b>\r\n    <b>The Greyhound Bus is very reliable.<\/b>\r\n<\/td>\r\n<td><b>Going to school is fun.<\/b>\r\n    <b>Donald doesn&#8217;t go by bus.<\/b>\r\n<\/td>\r\n<\/tr>\r\n<tr class=\"table-warning\"><td><b>L\u00e4ndernamen (Mehrzahl), Gebirge, Regionen<\/b><\/td>\r\n<td><b>L\u00e4ndernamen Einzahl, Berge, Kontinente, St\u00e4dtenamen<\/b><\/td>\r\n\r\n<\/tr>\r\n<tr class=\"table-success\"><td><b>the United States \r\nthe West Indies\r\nthe Americas\r\nthe Andes\r\nthe Sierra Nevada\r\nthe Far East\r\nthe West of Scotland<\/b>\r\n<\/td>\r\n<td><b>Bavaria\r\n       England\r\n       Mount Rushmore\r\n       Mount Everest\r\n       Australia\r\n       America\r\n       Cologne\r\n       New York\r\n<\/b> \r\n<\/td>\r\n<\/tr>\r\n<tr class=\"table-info\">\r\n<td><b>Namen of, Namen Mehrzahl, \r\nber\u00fchmte Geb\u00e4ude, Ozeane, Meere, Fl\u00fcsse, Instrumente,\r\n Zeitungen<\/b><\/td>\r\n<td><b>Parks, Seen, Stra\u00dfennamen<\/b><\/td>\r\n<\/tr>\r\n<tr class=\"table-primary\">\r\n<td><b>the Statue of Liberty\r\nthe Tower (of London)\r\nthe Ozarks\r\nthe Chrisler Building\r\nthe Isle of Man\r\nthe Pacific (Ocean)\r\nthe Mississipi\r\nthe Thames\r\nthe Panama Canal\r\nthe guitar\r\nthe Observer<\/b>\r\n    \r\n<\/td>\r\n<td><b>Kensington Garden\r\nCentral Park\r\nLake Eerie\r\nLeicester Square\r\n10 Downing Street\r\nPark Avenue<\/b>\r\n<\/td>\r\n<\/tr>\r\n<tr class=\"table-warning\"><td><b>Monate, Wochentage \u2013 bestimmt<\/b><\/td>\r\n<td><b>Monate, Wochentage \u2013 unbestimmt<\/b><\/td>\r\n\r\n<\/tr>\r\n<tr class=\"table-success\"><td><b>I always remember the Sunday when I met an Angela.\r\nThe December of 2011  was very cold.<\/b>\r\n<\/td>\r\n<td><b>The week starts on Monday morning.\r\nNovember and December are the most unpopular months.\r\n<\/b> \r\n<\/td>\r\n<\/tr>\r\n<tr class=\"table-info\">\r\n<td><b>Inselgruppen<\/b><\/td>\r\n<td><b>Inseln<\/b><\/td>\r\n<\/tr>\r\n<tr class=\"table-primary\">\r\n<td><b>The Bahamas\r\nThe West Indies\r\nThe Tax Evasion Islands<\/b>\r\n<\/td>\r\n<td><b>Aruba \r\nJamaica\r\nKey Largo \r\nMontego<\/b>\r\n<\/td>\r\n<\/tr>\r\n<\/tbody>\r\n<\/table>\r\n<\/div>","protected":false},"excerpt":{"rendered":"bestimmter \/ unbestimmter Artikel &#8211; Erkl\u00e4rungen &#8211; \u00dcbungen bestimmter \/ unbestimmter Artikel &#8211; \u00dcbungen bestimmter \/ unbestimmter Artikel &#8211; Erkl\u00e4rungen Der bestimmte Artikel the \u00e4ndert seine Aussprache je nachdem, ob das nachfolgende Bezugswort mit einem Vokal, oder einem Mitlaut beginnt. Wenn das Wort nach dem bestimmten Artikel the mit einem Mitlaut beginnt wird er \u00f0\u0259 [&hellip;]","protected":false},"author":3,"featured_media":0,"parent":0,"menu_order":0,"comment_status":"closed","ping_status":"closed","template":"","meta":[],"_links":{"self":[{"href":"https:\/\/english-munich.de\/training\/wp-json\/wp\/v2\/pages\/5598"}],"collection":[{"href":"https:\/\/english-munich.de\/training\/wp-json\/wp\/v2\/pages"}],"about":[{"href":"https:\/\/english-munich.de\/training\/wp-json\/wp\/v2\/types\/page"}],"author":[{"embeddable":true,"href":"https:\/\/english-munich.de\/training\/wp-json\/wp\/v2\/users\/3"}],"replies":[{"embeddable":true,"href":"https:\/\/english-munich.de\/training\/wp-json\/wp\/v2\/comments?post=5598"}],"version-history":[{"count":7,"href":"https:\/\/english-munich.de\/training\/wp-json\/wp\/v2\/pages\/5598\/revisions"}],"predecessor-version":[{"id":5969,"href":"https:\/\/english-munich.de\/training\/wp-json\/wp\/v2\/pages\/5598\/revisions\/5969"}],"wp:attachment":[{"href":"https:\/\/english-munich.de\/training\/wp-json\/wp\/v2\/media?parent=5598"}],"curies":[{"name":"wp","href":"https:\/\/api.w.org\/{rel}","templated":true}]}}