{"id":5557,"date":"2021-02-03T13:46:38","date_gmt":"2021-02-03T13:46:38","guid":{"rendered":"https:\/\/english-munich.de\/training\/?page_id=5557"},"modified":"2024-09-14T10:57:11","modified_gmt":"2024-09-14T10:57:11","slug":"bestimmer-artikel-the","status":"publish","type":"page","link":"https:\/\/english-munich.de\/training\/bestimmer-artikel-the\/","title":{"rendered":"bestimmer Artikel &#8211; &#8218;the&#8216;"},"content":{"rendered":"<div class=\"jumbotron text-center\">\r\n<h2>der bestimmte Artikel &#8218;the&#8216; Aufgaben<\/h2>\r\n\u00dcbungen zur Anwendung des bestimmten Atrikels &#8218;the&#8216; im Englischen\r\n\r\n<\/div>\r\n<div class=\"bs-example\">\r\n<div id=\"accordionExample\" class=\"accordion\">\r\n<div class=\"card\">\r\n<div id=\"headingOne\" class=\"card-header\">\r\n<h2 class=\"mb-0\" style=\"color: #000;\"><button class=\"btn btn-link collapsed\" type=\"button\" data-toggle=\"collapse\" data-target=\"#collapseOne\">Beispiel<\/button><\/h2>\r\n<\/div>\r\n<div id=\"collapseOne\" class=\"collapse\" aria-labelledby=\"headingOne\" data-parent=\"#accordionExample\">\r\n<div class=\"card-body\">\r\n<div class=\"form-group\" style=\"width: 70%; margin: 10px;\"><label for=\"sel1\"><span class=\"number\">\u24ff<\/span>Mr. Black loves __________ pink.<\/label>\r\n<select id=\"beispiel\" class=\"form-control\">\r\n<option value=\"wrong\">don&#8217;t did<\/option>\r\n<option value=\"correct\">the color<\/option>\r\n<option value=\"wrong\">doesn&#8217;t did<\/option>\r\n<\/select>\r\nDie richtige L\u00f6sung ist: <b>&#8222;the color&#8220;<\/b>&nbsp;&nbsp;<button class=\"btn-lg btn-info\" type=\"button\" value=\"submit\" data-toggle=\"modal\" data-target=\"#myModal\">Tipp<\/button>\r\n\r\n<\/div>\r\n<\/div>\r\n<\/div>\r\n<\/div>\r\n<\/div>\r\n<br \/><br \/>\r\n<div class=\"container well\">\r\n<h4>\u2611\ufe0f W\u00e4hle die richtige Option, entweder <i>mit<\/i>, oder <i>ohne<\/i> den bestimmten Artikel <i>&#8218;the&#8216;:<\/i><\/h4>\r\n\r\n\r\n<hr \/>\r\n\r\n<br \/>\r\n<div class=\"container-fluid\">\r\n<div class=\"form-group\" style=\"width: 70%;\"><label for=\"sel1\"><span class=\"number\">\u2776<\/span>Mommy makes________in the world.<\/label>\r\n<select id=\"q0\" class=\"form-control\"><option value=\"wrong\"><\/option>\r\n<option value=\"wrong\">best cake<\/option>\r\n<option value=\"correct\">the best cake<\/option>\r\n\r\n<\/select>\r\n<p id=\"correct0\" align=\"left\"><\/p>\r\n<a class=\"btn btn-success tipp0 hidden\" style=\"text-decoration: none, color:white;\" title=\"the best cake...\" href=\"#0\" data-toggle=\"popover\" data-placement=\"top\" data-trigger=\"hover\" data-content=\"Es handelt sich um einen bestimmten Kuchen, n\u00e4mlich den besten auf der Welt \u2794 'the best cake'\">Tipp<\/a>\r\n<\/div>\r\n<div class=\"form-group\" style=\"width: 70%;\"><label for=\"sel1\"><span class=\"number\">\u2777<\/span>Making __________is a very underrated art form.<\/label>\r\n<select id=\"q1\" class=\"form-control\">\r\n<option value=\"wrong\"><\/option>\r\n<option value=\"correct\">cake<\/option>\r\n<option value=\"wrong\">the cake<\/option>\r\n\r\n<\/select>\r\n<p id=\"correct1\" align=\"left\"><\/p>\r\n<a class=\"btn btn-success tipp1 hidden\" style=\"text-decoration: none, color:white;\" title=\"Making cake...\" href=\"#1\" data-toggle=\"popover\" data-placement=\"top\" data-trigger=\"hover\" data-content=\"'Making Cake' bezieht sich auf die allgemeine Kunst des Kuchenbackens \u2794 kein Artikel\">Tipp<\/a>\r\n\r\n<\/div>\r\n<div class=\"form-group\" style=\"width: 70%;\"><label for=\"sel1\"><span class=\"number\">\u2778<\/span>On __________Mr. Smith always goes to church<\/label>\r\n<select id=\"q2\" class=\"form-control\">\r\n<option value=\"wrong\"><\/option>\r\n<option value=\"correct\">Sunday<\/option>\r\n<option value=\"wrong\">the Sunday<\/option>\r\n\r\n<\/select>\r\n<p id=\"correct2\" align=\"left\"><\/p>\r\n<a class=\"btn btn-success tipp2 hidden\" style=\"text-decoration: none, color:white;\" title=\"On Sunday...\" href=\"#2\" data-toggle=\"popover\" data-placement=\"top\" data-trigger=\"hover\" data-content=\"Es handelt sich nicht um einen bestimmten Sonntag, du gehst immer am Sonntag in die Kirche \u2794 'on Sunday'\">Tipp<\/a>\r\n<\/div>\r\n<div class=\"form-group\" style=\"width: 70%;\"><label for=\"sel1\"><span class=\"number\">\u2779<\/span>I will never forget __________I went to church.<\/label>\r\n<select id=\"q3\" class=\"form-control\">\r\n<option value=\"wrong\"><\/option>\r\n<option value=\"wrong\">first Sunday<\/option>\r\n<option value=\"correct\">the first Sunday<\/option>\r\n\r\n<\/select>\r\n<p id=\"correct3\" align=\"left\"><\/p>\r\n<a class=\"btn btn-success tipp3 hidden\" style=\"text-decoration: none, color:white;\" title=\"The first Sunday...\" href=\"#3\" data-toggle=\"popover\" data-placement=\"top\" data-trigger=\"hover\" data-content=\"Es handelt sich um einen bestimmten Sonntag, den du nie vergessen wirst \u2794 'the first Sunday'\">Tipp<\/a>\r\n\r\n<\/div>\r\n<div class=\"form-group\" style=\"width: 70%;\"><label for=\"sel1\"><span class=\"number\">\u277a<\/span>I heard it __________ .<\/label>\r\n<select id=\"q4\" class=\"form-control\">\r\n<option value=\"wrong\"><\/option>\r\n<option value=\"wrong\">on radio<\/option>\r\n<option value=\"correct\">on the radio<\/option>\r\n<\/select>\r\n<p id=\"correct4\" align=\"left\"><\/p>\r\n<a class=\"btn btn-success tipp4 hidden\" style=\"text-decoration: none, color:white;\" title=\"on the radio\" href=\"#4\" data-toggle=\"popover\" data-placement=\"top\" data-trigger=\"hover\" data-content=\"'on the radio' ist ein feststehender Begriff.\">Tipp<\/a>\r\n\r\n<\/div>\r\n<div class=\"form-group\" style=\"width: 70%;\"><label for=\"sel1\"><span class=\"number\">\u277b<\/span>Ms.Brown crossed __________ last Summer.<\/label>\r\n<select id=\"q5\" class=\"form-control\">\r\n<option value=\"wrong\"><\/option>\r\n<option value=\"wrong\">Rocky Mountains<\/option>\r\n<option value=\"correct\">the Rocky Mountains<\/option>\r\n\r\n<\/select>\r\n<p id=\"correct5\" align=\"left\"><\/p>\r\n<a class=\"btn btn-success tipp5 hidden\" style=\"text-decoration: none, color:white;\" title=\"the Rocky Mountains\" href=\"#5\" data-toggle=\"popover\" data-placement=\"top\" data-trigger=\"hover\" data-content=\"Bei The Rocky Mountains ist der Artikel Bestandteil des Eigennamens \u2794 'the Rocky Mountains'\">Tipp<\/a>\r\n\r\n<\/div>\r\n<div class=\"form-group\" style=\"width: 70%;\"><label for=\"sel1\"><span class=\"number\">\u277c<\/span> I will see my parents on __________.<\/label>\r\n<select id=\"q6\" class=\"form-control\">\r\n<option value=\"wrong\"><\/option>\r\n<option value=\"correct\">Christmas<\/option>\r\n<option value=\"wrong\">the Christmas<\/option>\r\n<\/select>\r\n<p id=\"correct6\" align=\"left\"><\/p>\r\n<a class=\"btn btn-success tipp6 hidden\" style=\"text-decoration: none, color:white;\" title=\"at Christmas...\" href=\"#6\" data-toggle=\"popover\" data-placement=\"top\" data-trigger=\"hover\" data-content=\"bei 'Christmas' und anderen mehrt\u00e4gigen Festen ist der bestimmte Artikel nicht Bestandteil des Eigennamens \u2794 at Christmas.\">Tipp<\/a>\r\n\r\n<\/div>\r\n<br \/><div class=\"iframe-container\"><iframe loading=\"lazy\" width=\"560\" height=\"315\" src=\"https:\/\/www.youtube.com\/embed\/jAinySTRFRg?si=z5NSB9LF-mohxQ8z\" title=\"YouTube video player\" frameborder=\"0\" allow=\"accelerometer; autoplay; clipboard-write; encrypted-media; gyroscope; picture-in-picture; web-share\" referrerpolicy=\"strict-origin-when-cross-origin\" allowfullscreen><\/iframe><\/div><br \/>\r\n<div class=\"form-group\" style=\"width: 70%;\"><label for=\"sel1\"><span class=\"number\">\u277d<\/span> __________ I never work on principle.<\/label>\r\n<select id=\"q7\" class=\"form-control\">\r\n<option value=\"wrong\"><\/option>\r\n<option value=\"wrong\">at the weekends<\/option>\r\n<option value=\"correct\">at weekends<\/option>\r\n\r\n<\/select>\r\n<p id=\"correct7\" align=\"left\"><\/p>\r\n<a class=\"btn btn-success tipp7 hidden\" style=\"text-decoration: none, color:white;\" title=\"at weekends...\" href=\"#7\" data-toggle=\"popover\" data-placement=\"top\" data-trigger=\"hover\" data-content=\"es handelt sich um Wochenenden im Allgemeinen \u2794 kein Artikel\">Tipp<\/a>\r\n\r\n<\/div>\r\n<div class=\"form-group\" style=\"width: 70%;\"><label for=\"sel1\"><span class=\"number\">\u277e<\/span> She __________ in a Heavy Metal band.<\/label>\r\n<select id=\"q8\" class=\"form-control\">\r\n<option value=\"wrong\"><\/option>\r\n<option value=\"wrong\">plays guitar<\/option>\r\n<option value=\"correct\">plays the guitar<\/option>\r\n<\/select>\r\n<p id=\"correct8\" align=\"left\"><\/p>\r\n<a class=\"btn btn-success tipp8 hidden\" style=\"text-decoration: none, color:white;\" title=\"She plays the guitar...\" href=\"#8\" data-toggle=\"popover\" data-placement=\"top\" data-trigger=\"hover\" data-content=\"beim Instrumentenspielen kommt vor dem Instrument immer der bestimmte Artikel vor dem Instrument \u2794 'play the guitar'\">Tipp<\/a>\r\n\r\n<\/div>\r\n<div class=\"form-group\" style=\"width: 70%;\"><label for=\"sel1\"><span class=\"number\">\u277f<\/span> I&#8217;m a VIP I don&#8217;t go ________. Are you crazy?<\/label>\r\n<select id=\"q9\" class=\"form-control\">\r\n<option value=\"wrong\"><\/option>\r\n<option value=\"correct\">by bus<\/option>\r\n<option value=\"wrong\">by the bus<\/option>\r\n\r\n<\/select>\r\n<p id=\"correct9\" align=\"left\"><\/p>\r\n<a class=\"btn btn-success tipp9 hidden\" style=\"text-decoration: none, color:white;\" title=\"by bus...\" href=\"#9\" data-toggle=\"popover\" data-placement=\"top\" data-trigger=\"hover\" data-content=\"Verkehrsmittel immer ohne Artikel \u2794 'by bus'\">Tipp<\/a>\r\n\r\n<\/div>\r\n<\/div>\r\n<div class=\"container\">\r\n\r\n<!-- The Modal -->\r\n<div id=\"myModal\" class=\"modal\">\r\n<div class=\"modal-dialog\">\r\n<div class=\"modal-content\">\r\n\r\n<!-- Modal Header -->\r\n<div class=\"modal-header\">\r\n<h4 class=\"modal-title\">bestimmter Artikel im Englischen &#8211; &#8218;the&#8216; <\/h4>\r\n<button class=\"close\" type=\"button\" data-dismiss=\"modal\">\u00d7<\/button>\r\n\r\n<\/div>\r\n<!-- Modal body -->\r\n<div class=\"modal-body\"><div class=\"modal-body\"><table class=\"table table-bordered table-sm table-hover\">\r\n<thead>\r\n<tr class=\"table-danger\">\r\n<th>bestimmter Artikel <\/th>\r\n\r\n<th>kein bestimmter Artikel<\/th>\r\n<\/tr>\r\n<\/thead>\r\n<tbody>\r\n\r\n<tr class=\"table-info\">\r\n<td><b>allgemeine Begriffe (mit bestimmten Bezug)<\/b><\/td>\r\n<td><b>allgemeine Begriffe (ohne bestimmten Bezug)<\/b><\/td>\r\n<\/tr>\r\n<tr class=\"table-primary\">\r\n<td><b>The milk I bought was sour.<\/b>\r\n    <b>I had the time of my life.<\/b>\r\n<\/td>\r\n<td><b>Milk is too expensive.<\/b>\r\n    <b>Time is of the essence.<\/b>\r\n<\/td>\r\n<\/tr>\r\n<tr class=\"table-warning\"><td><b>Familiennamen in der Mehrzahl<\/b><\/td>\r\n<td><b>Personennamen in der Einzahl\r\nVerwandtschaftsbezeichnungen<\/b><\/td>\r\n<\/tr>\r\n<tr class=\"table-success\"><td><b>Not easy keeping up with the Jones.\r\nThe Smiths are very rich.<\/b><\/td>\r\n<td><b>Aunt Becky was canceled.<\/b> \r\n<b>Bob was voted class president.<\/b><\/td>\r\n<\/tr>\r\n<tr class=\"table-info\">\r\n<td><b> bestimmte \u00f6ffentliche Einrichtungen, Verkehrsmittel<\/b><\/td>\r\n<td><b>\u00f6ffentliche Einrichtungen, Verkehrsmittel<\/b><\/td>\r\n<\/tr>\r\n<tr class=\"table-primary\">\r\n<td><b>The school I go to is nice<\/b>\r\n    <b>The Greyhound Bus is very reliable.<\/b>\r\n<\/td>\r\n<td><b>Going to school is fun.<\/b>\r\n    <b>Donald doesn&#8217;t go by bus.<\/b>\r\n<\/td>\r\n<\/tr>\r\n<tr class=\"table-warning\"><td><b>L\u00e4ndernamen (Mehrzahl), Gebirge, Regionen<\/b><\/td>\r\n<td><b>L\u00e4ndernamen Einzahl, Berge, Kontinente, St\u00e4dtenamen<\/b><\/td>\r\n\r\n<\/tr>\r\n<tr class=\"table-success\"><td><b>the United States \r\nthe West Indies\r\nthe Americas\r\nthe Andes\r\nthe Sierra Nevada\r\nthe Far East\r\nthe West of Scotland<\/b>\r\n<\/td>\r\n<td><b>Bavaria\r\n       England\r\n       Mount Rushmore\r\n       Mount Everest\r\n       Australia\r\n       America\r\n       Cologne\r\n       New York\r\n<\/b> \r\n<\/td>\r\n<\/tr>\r\n<tr class=\"table-info\">\r\n<td><b>Namen of, Namen Mehrzahl, \r\nber\u00fchmte Geb\u00e4ude, Ozeane, Meere, Fl\u00fcsse, Instrumente,\r\n Zeitungen<\/b><\/td>\r\n<td><b>Parks, Seen, Stra\u00dfennamen<\/b><\/td>\r\n<\/tr>\r\n<tr class=\"table-primary\">\r\n<td><b>the Statue of Liberty\r\nthe Tower (of London)\r\nthe Ozarks\r\nthe Chrisler Building\r\nthe Isle of Man\r\nthe Pacific (Ocean)\r\nthe Mississipi\r\nthe Thames\r\nthe Panama Canal\r\nthe guitar\r\nthe Observer<\/b>\r\n    \r\n<\/td>\r\n<td><b>Kensington Garden\r\nCentral Park\r\nLake Eerie\r\nLeicester Square\r\n10 Downing Street\r\nPark Avenue<\/b>\r\n<\/td>\r\n<\/tr>\r\n<tr class=\"table-warning\"><td><b>Monate, Wochentage \u2013 bestimmt<\/b><\/td>\r\n<td><b>Monate, Wochentage \u2013 unbestimmt<\/b><\/td>\r\n\r\n<\/tr>\r\n<tr class=\"table-success\"><td><b>I always remember the Sunday when I met an Angela.\r\nThe December of 2011  was very cold.<\/b>\r\n<\/td>\r\n<td><b>The week starts on Monday morning.\r\nNovember and December are the most unpopular months.\r\n<\/b> \r\n<\/td>\r\n<\/tr>\r\n<tr class=\"table-info\">\r\n<td><b>Inselgruppen<\/b><\/td>\r\n<td><b>Inseln<\/b><\/td>\r\n<\/tr>\r\n<tr class=\"table-primary\">\r\n<td><b>The Bahamas\r\nThe West Indies\r\nThe Tax Evasion Islands<\/b>\r\n<\/td>\r\n<td><b>Aruba \r\nJamaica\r\nKey Largo \r\nMontego<\/b>\r\n<\/td>\r\n<\/tr>\r\n<\/tbody>\r\n<\/table><\/div>\r\n<!-- Modal footer -->\r\n<div class=\"modal-footer\"><button class=\"btn btn-danger\" type=\"button\" data-dismiss=\"modal\">Close<\/button><\/div>\r\n<\/div>\r\n<\/div>\r\n<\/div>\r\n<\/div>\r\n<\/div>\r\n<\/div>\r\n<hr>\r\n<button id=\"submitButton\" class=\"btn-lg btn-primary \" type=\"submit\" value=\"submit\">Pr\u00fcfen<\/button><button id=\"resetButton\" class=\"btn-lg btn-success\" type=\"submit\" onclick=\"refreshPage()\">Neustart<\/button><button id=\"submitButton\" class=\"btn-lg btn-info\" type=\"submit\" value=\"submit\" data-toggle=\"modal\" data-target=\"#myModal\">Tipp<\/button>\r\n\r\n<p id=\"result\"><\/p>\r\n<p id=\"result2\"><\/p>\r\n<hr>\r\n\r\n<h3>Alle \u00dcbungen zum Thema Artikel (bestimmt, unbestimmt):<\/h3>\r\n\r\n<hr>\r\n\r\n<div id=\"bellows-main-44\" class=\"bellows bellows-nojs bellows-main bellows-source-menu bellows-align-full bellows-skin-vanilla bellows-type-\"><ul id=\"menu-artikel\" class=\"bellows-nav\" data-bellows-config=\"main\"><li id=\"menu-item-5622\" class=\"bellows-menu-item bellows-menu-item-type-post_type bellows-menu-item-object-page bellows-menu-item-5622 bellows-item-level-0\"><a  href=\"https:\/\/english-munich.de\/training\/bestimmter-artikel-englisch-the-aussprache\/\" class=\"bellows-target\"><span class=\"bellows-target-title bellows-target-text\">\u2611\ufe0f \u2018the\u2019 \u2013 Aussprache<\/span><\/a><\/li>\n<li id=\"menu-item-5594\" class=\"bellows-menu-item bellows-menu-item-type-post_type bellows-menu-item-object-page bellows-menu-item-5594 bellows-item-level-0\"><a  href=\"https:\/\/english-munich.de\/training\/bestimmer-artikel-the\/\" class=\"bellows-target\"><span class=\"bellows-target-title bellows-target-text\">\u2611\ufe0fbestimmer Artikel \u2013 \u2018the\u2019<\/span><\/a><\/li>\n<li id=\"menu-item-5665\" class=\"bellows-menu-item bellows-menu-item-type-post_type bellows-menu-item-object-page bellows-menu-item-5665 bellows-item-level-0\"><a  href=\"https:\/\/english-munich.de\/training\/bestimmter-artikel-englisch-the-aufgaben\/\" class=\"bellows-target\"><span class=\"bellows-target-title bellows-target-text\">\u270d\ufe0fbestimmter Artikel  \u2013 \u2018the\u2019<\/span><\/a><\/li>\n<li id=\"menu-item-5685\" class=\"bellows-menu-item bellows-menu-item-type-post_type bellows-menu-item-object-page bellows-menu-item-5685 bellows-item-level-0\"><a  href=\"https:\/\/english-munich.de\/training\/unbestimmter-artikel-englisch\/\" class=\"bellows-target\"><span class=\"bellows-target-title bellows-target-text\">\u2611\ufe0funbestimmter Artikel \u2013 &#8218;a, an&#8216;<\/span><\/a><\/li>\n<li id=\"menu-item-5707\" class=\"bellows-menu-item bellows-menu-item-type-post_type bellows-menu-item-object-page bellows-menu-item-5707 bellows-item-level-0\"><a  href=\"https:\/\/english-munich.de\/training\/unbestimmter-artikel-a-an\/\" class=\"bellows-target\"><span class=\"bellows-target-title bellows-target-text\">\u2611\ufe0funbestimmter Artikel \u2013 \u2018a, an\u2019<\/span><\/a><\/li>\n<li id=\"menu-item-5748\" class=\"bellows-menu-item bellows-menu-item-type-post_type bellows-menu-item-object-page bellows-menu-item-5748 bellows-item-level-0\"><a  href=\"https:\/\/english-munich.de\/training\/unbestimmter-artikel-a-an-ubung\/\" class=\"bellows-target\"><span class=\"bellows-target-title bellows-target-text\">\u270d\ufe0funbestimmter Artikel \u2018a, an\u2019<\/span><\/a><\/li>\n<\/ul><\/div>\r\n\r\n<\/div>","protected":false},"excerpt":{"rendered":"der bestimmte Artikel &#8218;the&#8216; Aufgaben \u00dcbungen zur Anwendung des bestimmten Atrikels &#8218;the&#8216; im Englischen Beispiel \u24ffMr. Black loves __________ pink. don&#8217;t did the color doesn&#8217;t did Die richtige L\u00f6sung ist: &#8222;the color&#8220;&nbsp;&nbsp;Tipp \u2611\ufe0f W\u00e4hle die richtige Option, entweder mit, oder ohne den bestimmten Artikel &#8218;the&#8216;: \u2776Mommy makes________in the world. best cake the best cake Tipp [&hellip;]","protected":false},"author":3,"featured_media":0,"parent":0,"menu_order":0,"comment_status":"closed","ping_status":"closed","template":"","meta":[],"_links":{"self":[{"href":"https:\/\/english-munich.de\/training\/wp-json\/wp\/v2\/pages\/5557"}],"collection":[{"href":"https:\/\/english-munich.de\/training\/wp-json\/wp\/v2\/pages"}],"about":[{"href":"https:\/\/english-munich.de\/training\/wp-json\/wp\/v2\/types\/page"}],"author":[{"embeddable":true,"href":"https:\/\/english-munich.de\/training\/wp-json\/wp\/v2\/users\/3"}],"replies":[{"embeddable":true,"href":"https:\/\/english-munich.de\/training\/wp-json\/wp\/v2\/comments?post=5557"}],"version-history":[{"count":37,"href":"https:\/\/english-munich.de\/training\/wp-json\/wp\/v2\/pages\/5557\/revisions"}],"predecessor-version":[{"id":12058,"href":"https:\/\/english-munich.de\/training\/wp-json\/wp\/v2\/pages\/5557\/revisions\/12058"}],"wp:attachment":[{"href":"https:\/\/english-munich.de\/training\/wp-json\/wp\/v2\/media?parent=5557"}],"curies":[{"name":"wp","href":"https:\/\/api.w.org\/{rel}","templated":true}]}}