{"id":5545,"date":"2021-02-16T08:59:05","date_gmt":"2021-02-16T08:59:05","guid":{"rendered":"https:\/\/english-munich.de\/training\/?page_id=5545"},"modified":"2021-03-02T19:42:07","modified_gmt":"2021-03-02T19:42:07","slug":"memory-game-vokabel-training-englisch-mobel","status":"publish","type":"page","link":"https:\/\/english-munich.de\/training\/memory-game-vokabel-training-englisch-mobel\/","title":{"rendered":"Bilderr\u00e4tsel &#8211; Vokabel Training Englisch &#8211; M\u00f6bel"},"content":{"rendered":"<body>\r\n<div class=\"container well\">\r\n<h3>Bilderr\u00e4tsel &#8211; M\u00f6bel<\/h3>\r\n<hr>\r\nKlicke auf das Quadrat und decke so das Bild auf. Finde zu jedem Bild seine Entsprechung auf Englisch:\r\n<section class=\"memory-game\">\r\n     <div class=\"memory-card\" data-framework=\"angular\">\r\n     <p class=\"frontface\">table<\/p>\r\n     <img decoding=\"async\" class=\"backface\" src=\"https:\/\/english-munich.de\/training\/wp-content\/uploads\/2021\/02\/js-badge-2.svg\" alt=\"JS-Badge\">\r\n     <\/div>\r\n     <div class=\"memory-card\" data-framework=\"aurelia\">\r\n     <p class=\"frontface\">chair<\/p>\r\n     <img decoding=\"async\" class=\"backface\" src=\"https:\/\/english-munich.de\/training\/wp-content\/uploads\/2021\/02\/js-badge-2.svg\" alt=\"JS-Badge\">\r\n     <\/div>\r\n     <div class=\"memory-card\" data-framework=\"backbone\" >\r\n     <p class=\"frontface\">lamp<\/p>\r\n     <img decoding=\"async\" class=\"backface\" src=\"https:\/\/english-munich.de\/training\/wp-content\/uploads\/2021\/02\/js-badge-2.svg\" alt=\"JS-Badge\">\r\n     <\/div>\r\n     <div class=\"memory-card\" data-framework=\"ember\">\r\n     <p class=\"frontface\">bed<\/p>\r\n     <img decoding=\"async\" class=\"backface\" src=\"https:\/\/english-munich.de\/training\/wp-content\/uploads\/2021\/02\/js-badge-2.svg\" alt=\"JS-Badge\">\r\n     <\/div>\r\n     <div class=\"memory-card\" data-framework=\"react\">\r\n     <p class=\"frontface\">closet<\/p>\r\n     <img decoding=\"async\" class=\"backface\" src=\"https:\/\/english-munich.de\/training\/wp-content\/uploads\/2021\/02\/js-badge-2.svg\" alt=\"JS-Badge\">\r\n     <\/div>\r\n     <div class=\"memory-card\" data-framework=\"vue\">\r\n     <p class=\"frontface\">lowboy<\/p>\r\n     <img decoding=\"async\" class=\"backface\" src=\"https:\/\/english-munich.de\/training\/wp-content\/uploads\/2021\/02\/js-badge-2.svg\" alt=\"JS-Badge\">\r\n     <\/div>\r\n     <div class=\"memory-card\" data-framework=\"angular\">\r\n     <img decoding=\"async\" class=\"frontface\" src=\"https:\/\/english-munich.de\/training\/wp-content\/uploads\/2021\/02\/angular.svg\">\r\n     <img decoding=\"async\" class=\"backface\" src=\"https:\/\/english-munich.de\/training\/wp-content\/uploads\/2021\/02\/js-badge-2.svg\" alt=\"JS-Badge\">\r\n     <\/div>\r\n     <div class=\"memory-card\" data-framework=\"aurelia\">\r\n     <img decoding=\"async\" class=\"frontface\" src=\"https:\/\/english-munich.de\/training\/wp-content\/uploads\/2021\/02\/aurelia.svg\" alt=\"Aurelia\">\r\n     <img decoding=\"async\" class=\"backface responsive\" src=\"https:\/\/english-munich.de\/training\/wp-content\/uploads\/2021\/02\/js-badge-2.svg\" alt=\"JS-Badge\">\r\n     <\/div>\r\n     <div class=\"memory-card\" data-framework=\"backbone\">\r\n     <img decoding=\"async\" class=\"frontface\" src=\"https:\/\/english-munich.de\/training\/wp-content\/uploads\/2021\/02\/backbone.svg\" alt=\"Backbone\">\r\n     <img decoding=\"async\" class=\"backface\" src=\"https:\/\/english-munich.de\/training\/wp-content\/uploads\/2021\/02\/js-badge-2.svg\" alt=\"JS-Badge\">\r\n     <\/div>\r\n     <div class=\"memory-card\" data-framework=\"ember\">\r\n     <img decoding=\"async\" class=\"frontface\" src=\"https:\/\/english-munich.de\/training\/wp-content\/uploads\/2021\/02\/ember.svg\" alt=\"Ember\">\r\n     <img decoding=\"async\" class=\"backface\" src=\"https:\/\/english-munich.de\/training\/wp-content\/uploads\/2021\/02\/js-badge-2.svg\" alt=\"JS-Badge\">\r\n     <\/div>\r\n     <div class=\"memory-card\" data-framework=\"react\">\r\n     <img decoding=\"async\" class=\"frontface\" src=\"https:\/\/english-munich.de\/training\/wp-content\/uploads\/2021\/02\/react.svg\">\r\n     <img decoding=\"async\" class=\"backface\" src=\"https:\/\/english-munich.de\/training\/wp-content\/uploads\/2021\/02\/js-badge-2.svg\">\r\n     <\/div>\r\n     <div class=\"memory-card\" data-framework=\"vue\">\r\n     <img decoding=\"async\" class=\"frontface\" src=\"https:\/\/english-munich.de\/training\/wp-content\/uploads\/2021\/02\/vue.svg\" alt=\"Vue\">\r\n     <img decoding=\"async\" class=\"backface\" src=\"https:\/\/english-munich.de\/training\/wp-content\/uploads\/2021\/02\/js-badge-2.svg\" alt=\"JS-Badge\">\r\n     <\/div>\r\n   <\/section>\r\n   \r\n<br \/>\r\n<\/div>\r\n<div  class=\"container end-screen hidden\">\r\n<div class=\"row\"><div><type=\"button\" onclick=\"refreshPage()\" class=\"btn btn-warning\">nochmal<\/button><\/div><div><type=\"button\" class=\"btn btn-success\" onclick=\"window.location.href='https:\/\/english-munich.de\/training\/memory-game-buromaterial-vokabel-ubung\/'\">n\u00e4chste \u00dcbung<\/button><\/div><div><type=\"button\" class=\"btn btn-info\" onclick=\"removeEndSreen()\">close<\/button><\/div><\/div>\r\n<div class=\"row\"><div><p>Coole Sache! Voll abger\u00e4umt!<\/p><\/div><img decoding=\"async\" data-skip-lazy class=\"endscreen-img\" src=\"https:\/\/english-munich.de\/training\/wp-content\/uploads\/2021\/02\/peace6.svg\"><\/div><div class=\"container\"><\/div>\r\n<\/div>\r\n<\/body>","protected":false},"excerpt":{"rendered":"Bilderr\u00e4tsel &#8211; M\u00f6bel Klicke auf das Quadrat und decke so das Bild auf. Finde zu jedem Bild seine Entsprechung auf Englisch: table chair lamp bed closet lowboy nochmaln\u00e4chste \u00dcbungclose Coole Sache! Voll abger\u00e4umt!","protected":false},"author":3,"featured_media":0,"parent":0,"menu_order":0,"comment_status":"closed","ping_status":"closed","template":"","meta":[],"_links":{"self":[{"href":"https:\/\/english-munich.de\/training\/wp-json\/wp\/v2\/pages\/5545"}],"collection":[{"href":"https:\/\/english-munich.de\/training\/wp-json\/wp\/v2\/pages"}],"about":[{"href":"https:\/\/english-munich.de\/training\/wp-json\/wp\/v2\/types\/page"}],"author":[{"embeddable":true,"href":"https:\/\/english-munich.de\/training\/wp-json\/wp\/v2\/users\/3"}],"replies":[{"embeddable":true,"href":"https:\/\/english-munich.de\/training\/wp-json\/wp\/v2\/comments?post=5545"}],"version-history":[{"count":89,"href":"https:\/\/english-munich.de\/training\/wp-json\/wp\/v2\/pages\/5545\/revisions"}],"predecessor-version":[{"id":6502,"href":"https:\/\/english-munich.de\/training\/wp-json\/wp\/v2\/pages\/5545\/revisions\/6502"}],"wp:attachment":[{"href":"https:\/\/english-munich.de\/training\/wp-json\/wp\/v2\/media?parent=5545"}],"curies":[{"name":"wp","href":"https:\/\/api.w.org\/{rel}","templated":true}]}}