{"id":5260,"date":"2021-01-27T08:25:31","date_gmt":"2021-01-27T08:25:31","guid":{"rendered":"https:\/\/english-munich.de\/training\/?page_id=5260"},"modified":"2024-09-12T06:00:44","modified_gmt":"2024-09-12T06:00:44","slug":"much-many-unterschied","status":"publish","type":"page","link":"https:\/\/english-munich.de\/training\/much-many-unterschied\/","title":{"rendered":"Much &#8211; Many \/ Unterschied"},"content":{"rendered":"<div class=\"jumbotron text-center\">\r\n<h2>Mengenangaben Englisch Much \/ Many Unterschied<\/h2>\r\n\u00dcbungen zum Unterschied zwischen Much \/ Many \r\n\r\n<\/div>\r\n<div class=\"bs-example\">\r\n<div id=\"accordionExample\" class=\"accordion\">\r\n<div class=\"card\">\r\n<div id=\"headingOne\" class=\"card-header\">\r\n<h2 class=\"number\"><button class=\"btn btn-link collapsed\" type=\"button\" data-toggle=\"collapse\" data-target=\"#collapseOne\">Beispiel<\/button><\/h2>\r\n<\/div>\r\n<div id=\"collapseOne\" class=\"collapse\" aria-labelledby=\"headingOne\" data-parent=\"#accordionExample\">\r\n<div class=\"card-body\">\r\n<div class=\"form-group\" style=\"width: 70%; margin: 10px;\"><label for=\"sel1\"><span class=\"number\">\u24ff<\/span>people<\/label>\r\n<select id=\"beispiel\" class=\"form-control\">\r\n<option value=\"wrong\">Present Progressive<\/option>\r\n<option value=\"correct\">few<\/option>\r\n<\/select>\r\n\r\nDie richtige L\u00f6sung ist: <b>&#8222;many&#8220;<\/b>&nbsp;&nbsp;<button class=\"btn-lg btn-info\" type=\"button\" value=\"submit\" data-toggle=\"modal\" data-target=\"#myModal\">Tipp<\/button>\r\n\r\n<\/div>\r\n<\/div>\r\n<\/div>\r\n<\/div>\r\n<\/div>\r\n<br \/><br \/>\r\n<div class=\"container well\">\r\n<h4>\u2611\ufe0f W\u00e4hle das richtige Mengenangabe entweder <i>much (unz\u00e4hlbare Dinge)<\/i> oder <i>many (z\u00e4hlbare Dinge)<\/i> :<\/h4>\r\n\r\n<hr>\r\n\r\n<br \/>\r\n<div class=\"container-fluid\">\r\n<div class=\"form-group\" style=\"width: 70%;\"><label for=\"sel1\"><span class=\"number\">\u2776<\/span>milk<\/label>\r\n<select id=\"q0\" class=\"form-control\"><option value=\"wrong\"><\/option>\r\n<option value=\"wrong\">many<\/option>\r\n<option value=\"correct\">much<\/option>\r\n<\/select>\r\n<p id=\"correct0\" align=\"left\"><\/p>\r\n<a class=\"btn btn-success tipp0 hidden\" style=\"text-decoration: none, color:white;\" title=\"much milk\" href=\"#0\" data-toggle=\"popover\" data-placement=\"top\" data-trigger=\"hover\" data-content=\"milk ist unz\u00e4hlbar \u2794 much milk\">Tipp<\/a>\r\n\r\n<\/div>\r\n<div class=\"form-group\" style=\"width: 70%;\"><label for=\"sel1\"><span class=\"number\">\u2777<\/span>balls<\/label>\r\n<select id=\"q1\" class=\"form-control\"><option value=\"wrong\"><\/option>\r\n<option value=\"correct\">many<\/option>\r\n<option value=\"wrong\">much<\/option>\r\n<\/select>\r\n<p id=\"correct1\" align=\"left\"><\/p>\r\n<a class=\"btn btn-success tipp1 hidden\" style=\"text-decoration: none, color:white;\" title=\"'many balls'\" href=\"#1\" data-toggle=\"popover\" data-placement=\"top\" data-trigger=\"hover\" data-content=\"balls sind z\u00e4hlbar \u2794 many balls\">Tipp<\/a>\r\n\r\n<\/div>\r\n<div class=\"form-group\" style=\"width: 70%;\"><label for=\"sel1\"><span class=\"number\">\u2778<\/span>people<\/label>\r\n<select id=\"q2\" class=\"form-control\"><option value=\"wrong\"><\/option>\r\n<option value=\"wrong\">much<\/option>\r\n<option value=\"correct\">many<\/option>\r\n<\/select>\r\n<p id=\"correct2\" align=\"left\"><\/p>\r\n<a class=\"btn btn-success tipp2 hidden\" style=\"text-decoration: none, color:white;\" title=\"many people\" href=\"#2\" data-toggle=\"popover\" data-placement=\"top\" data-trigger=\"hover\" data-content=\"people sind z\u00e4hlbar \u2794 many people\">Tipp<\/a>\r\n\r\n<\/div>\r\n<br \/><div class=\"iframe-container\"><iframe loading=\"lazy\" width=\"560\" height=\"315\" src=\"https:\/\/www.youtube.com\/embed\/gZN-qnWKKkM?si=179Yl-jN3-E6mr-g\" title=\"YouTube video player\" frameborder=\"0\" allow=\"accelerometer; autoplay; clipboard-write; encrypted-media; gyroscope; picture-in-picture; web-share\" referrerpolicy=\"strict-origin-when-cross-origin\" allowfullscreen><\/iframe><\/div><br \/>\r\n<div class=\"form-group\" style=\"width: 70%;\"><label for=\"sel1\"><span class=\"number\">\u2779<\/span>books<\/label>\r\n<select id=\"q3\" class=\"form-control\"><option value=\"wrong\"><\/option>\r\n<option value=\"wrong\">much<\/option>\r\n<option value=\"correct\">many<\/option>\r\n<\/select>\r\n<p id=\"correct3\" align=\"left\"><\/p>\r\n<a class=\"btn btn-success tipp3 hidden\" style=\"text-decoration: none, color:white;\" title=\"many books\" href=\"#3\" data-toggle=\"popover\" data-placement=\"top\" data-trigger=\"hover\" data-content=\"books sind z\u00e4hlbar \u2794 many books\">Tipp<\/a>\r\n\r\n<\/div>\r\n<div class=\"form-group\" style=\"width: 70%;\"><label for=\"sel1\"><span class=\"number\">\u277a<\/span>progress<\/label>\r\n<select id=\"q4\" class=\"form-control\"><option value=\"wrong\"><\/option>\r\n<option value=\"wrong\">many<\/option>\r\n<option value=\"correct\">much<\/option>\r\n<\/select>\r\n<p id=\"correct4\" align=\"left\"><\/p>\r\n<a class=\"btn btn-success tipp4 hidden\" style=\"text-decoration: none, color:white;\" title=\"much progress\" href=\"#4\" data-toggle=\"popover\" data-placement=\"top\" data-trigger=\"hover\" data-content=\"progress ist unz\u00e4hlbar \u2794 much progress\">Tipp<\/a>\r\n\r\n<\/div>\r\n<div class=\"form-group\" style=\"width: 70%;\"><label for=\"sel1\"><span class=\"number\">\u277b<\/span>children<\/label>\r\n<select id=\"q5\" class=\"form-control\"><option value=\"wrong\"><\/option>\r\n<option value=\"wrong\">much<\/option>\r\n<option value=\"correct\">many<\/option>\r\n<\/select>\r\n<p id=\"correct5\" align=\"left\"><\/p>\r\n<a class=\"btn btn-success tipp5 hidden\" style=\"text-decoration: none, color:white;\" title=\"many children\" href=\"#5\" data-toggle=\"popover\" data-placement=\"top\" data-trigger=\"hover\" data-content=\"children sind z\u00e4hlbar \u2794 many children\">Tipp<\/a>\r\n\r\n<\/div>\r\n<div class=\"form-group\" style=\"width: 70%;\"><label for=\"sel1\"><span class=\"number\">\u277c<\/span>mice<\/label>\r\n<select id=\"q6\" class=\"form-control\"><option value=\"wrong\"><\/option>\r\n<option value=\"correct\">many<\/option>\r\n<option value=\"wrong\">much<\/option>\r\n<\/select>\r\n<p id=\"correct6\" align=\"left\"><\/p>\r\n<a class=\"btn btn-success tipp6 hidden\" style=\"text-decoration: none, color:white;\" title=\"many mice\" href=\"#6\" data-toggle=\"popover\" data-placement=\"top\" data-trigger=\"hover\" data-content=\"mouse ist z\u00e4hlbar \u2794 many mice ( der Plural von 'mouse' ist 'mice'\">Tipp<\/a>\r\n\r\n<\/div>\r\n<div class=\"form-group\" style=\"width: 70%;\"><label for=\"sel1\"><span class=\"number\">\u277d<\/span>water<\/label>\r\n<select id=\"q7\" class=\"form-control\"><option value=\"wrong\"><\/option>\r\n<option value=\"wrong\">many<\/option>\r\n<option value=\"correct\">much<\/option>\r\n<\/select>\r\n<p id=\"correct7\" align=\"left\"><\/p>\r\n<a class=\"btn btn-success tipp7 hidden\" style=\"text-decoration: none, color:white;\" title=\"much water\" href=\"#7\" data-toggle=\"popover\" data-placement=\"top\" data-trigger=\"hover\" data-content=\"water ist nicht z\u00e4hlbar \u2794 much water\">Tipp<\/a>\r\n\r\n<\/div>\r\n<div class=\"form-group\" style=\"width: 70%;\"><label for=\"sel1\"><span class=\"number\">\u277e<\/span>men<\/label>\r\n<select id=\"q8\" class=\"form-control\"><option value=\"wrong\"><\/option>\r\n<option value=\"correct\">many<\/option>\r\n<option value=\"wrong\">much<\/option>\r\n<\/select>\r\n<p id=\"correct8\" align=\"left\"><\/p>\r\n<a class=\"btn btn-success tipp8 hidden\" style=\"text-decoration: none, color:white;\" title=\"many men\" href=\"#8\" data-toggle=\"popover\" data-placement=\"top\" data-trigger=\"hover\" data-content=\"man ist z\u00e4hlbar \u2794 many men (die Mehrzahl von 'man' ist 'men'.\">Tipp<\/a>\r\n\r\n<\/div>\r\n<div class=\"form-group\" style=\"width: 70%;\"><label for=\"sel1\"><span class=\"number\">\u277f<\/span>power<\/label>\r\n<select id=\"q9\" class=\"form-control\"><option value=\"wrong\"><\/option>\r\n<option value=\"correct\">much<\/option>\r\n<option value=\"wrong\">many<\/option>\r\n<\/select>\r\n<p id=\"correct9\" align=\"left\"><\/p>\r\n<a class=\"btn btn-success tipp9 hidden\" style=\"text-decoration: none, color:white;\" title=\"much power\" href=\"#9\" data-toggle=\"popover\" data-placement=\"top\" data-trigger=\"hover\" data-content=\"power ist nicht z\u00e4hlbar \u2794 much power\">Tipp<\/a>\r\n\r\n<\/div>\r\n<\/div>\r\n<div class=\"container\">\r\n\r\n<!-- The Modal -->\r\n<div id=\"myModal\" class=\"modal\">\r\n<div class=\"modal-dialog\">\r\n<div class=\"modal-content\">\r\n\r\n<!-- Modal Header -->\r\n<div class=\"modal-header\">\r\n<h4 class=\"modal-title\">Mengenangaben Englisch<\/h4>\r\n<button class=\"close\" type=\"button\" data-dismiss=\"modal\">\u00d7<\/button>\r\n\r\n<\/div>\r\n<!-- Modal body -->\r\n<div class=\"modal-body well\"><img decoding=\"async\" src=\"https:\/\/english-munich.de\/training\/wp-content\/uploads\/2021\/01\/quantifiers-English-much-many-few-little-e1611734438432.jpg\" title=\"Mengenangaben Englisch\" alt=\"Mengenangaben-Englisch\"<\/div>\r\n<!-- Modal footer -->\r\n<div class=\"modal-footer\"><button class=\"btn btn-danger\" type=\"button\" data-dismiss=\"modal\">Close<\/button><\/div>\r\n<\/div>\r\n<\/div>\r\n<\/div>\r\n<\/div>\r\n<\/div>\r\n<\/div>\r\n<hr>\r\n\r\n<div class=\"container\"><button id=\"submitButton\" class=\"btn-lg btn-primary \" type=\"submit\" value=\"submit\">Pr\u00fcfen<\/button><button id=\"resetButton\" class=\"btn-lg btn-success\" type=\"submit\" onclick=\"refreshPage()\">Neustart<\/button><button id=\"submitButton\" class=\"btn-lg btn-info\" type=\"submit\" value=\"submit\" data-toggle=\"modal\" data-target=\"#myModal\">Tipp<\/button><\/div>\r\n\r\n<hr>\r\n\r\n\r\n\r\n<p id=\"result\"><\/p>\r\n<p id=\"result2\"><\/p>\r\n\r\n<h3>Alle \u00dcbungen Mengenangaben<\/h3>\r\n<hr>\r\n<div id=\"bellows-main-42\" class=\"bellows bellows-nojs bellows-main bellows-source-menu bellows-align-full bellows-skin-vanilla bellows-type-\"><ul id=\"menu-mengenangaben\" class=\"bellows-nav\" data-bellows-config=\"main\"><li id=\"menu-item-5332\" class=\"bellows-menu-item bellows-menu-item-type-post_type bellows-menu-item-object-page bellows-menu-item-5332 bellows-item-level-0\"><a  href=\"https:\/\/english-munich.de\/training\/mengenangaben-englisch-little-few\/\" class=\"bellows-target\"><span class=\"bellows-target-title bellows-target-text\">\u270d\ufe0f little \/ few &#8211; Unterschied<\/span><\/a><\/li>\n<li id=\"menu-item-5333\" class=\"bellows-menu-item bellows-menu-item-type-post_type bellows-menu-item-object-page bellows-menu-item-5333 bellows-item-level-0\"><a  href=\"https:\/\/english-munich.de\/training\/few-und-little-unterschied\/\" class=\"bellows-target\"><span class=\"bellows-target-title bellows-target-text\">\u2611\ufe0flittle \/ few &#8211; Unterschied<\/span><\/a><\/li>\n<li id=\"menu-item-5334\" class=\"bellows-menu-item bellows-menu-item-type-post_type bellows-menu-item-object-page bellows-menu-item-5334 bellows-item-level-0\"><a  href=\"https:\/\/english-munich.de\/training\/much-many-unterschied-2\/\" class=\"bellows-target\"><span class=\"bellows-target-title bellows-target-text\">\u270d\ufe0fmuch \/ many \u2013 Unterschied<\/span><\/a><\/li>\n<li id=\"menu-item-5335\" class=\"bellows-menu-item bellows-menu-item-type-post_type bellows-menu-item-object-page bellows-menu-item-5335 bellows-item-level-0\"><a  href=\"https:\/\/english-munich.de\/training\/much-many-unterschied\/\" class=\"bellows-target\"><span class=\"bellows-target-title bellows-target-text\">\u2611\ufe0fmuch \/ many \u2013 Unterschied<\/span><\/a><\/li>\n<li id=\"menu-item-5364\" class=\"bellows-menu-item bellows-menu-item-type-post_type bellows-menu-item-object-page bellows-menu-item-5364 bellows-item-level-0\"><a  href=\"https:\/\/english-munich.de\/training\/much-many-little-few-more-most-less-least\/\" class=\"bellows-target\"><span class=\"bellows-target-title bellows-target-text\">\u270d\ufe0fMuch \/ Many \/ Little \/ Few\/ More\/ Most\/ Less\/ Least<\/span><\/a><\/li>\n<li id=\"menu-item-5389\" class=\"bellows-menu-item bellows-menu-item-type-post_type bellows-menu-item-object-page bellows-menu-item-5389 bellows-item-level-0\"><a  href=\"https:\/\/english-munich.de\/training\/much-many-little-few-more-most-less-least-2\/\" class=\"bellows-target\"><span class=\"bellows-target-title bellows-target-text\">\u2611\ufe0fMuch, Many, Little, Few, More, Most, Less, Least<\/span><\/a><\/li>\n<\/ul><\/div>\r\n<\/div>","protected":false},"excerpt":{"rendered":"Mengenangaben Englisch Much \/ Many Unterschied \u00dcbungen zum Unterschied zwischen Much \/ Many Beispiel \u24ffpeople Present Progressive few Die richtige L\u00f6sung ist: &#8222;many&#8220;&nbsp;&nbsp;Tipp \u2611\ufe0f W\u00e4hle das richtige Mengenangabe entweder much (unz\u00e4hlbare Dinge) oder many (z\u00e4hlbare Dinge) : \u2776milk many much Tipp \u2777balls many much Tipp \u2778people much many Tipp \u2779books much many Tipp \u277aprogress many [&hellip;]","protected":false},"author":3,"featured_media":0,"parent":0,"menu_order":0,"comment_status":"closed","ping_status":"closed","template":"","meta":[],"_links":{"self":[{"href":"https:\/\/english-munich.de\/training\/wp-json\/wp\/v2\/pages\/5260"}],"collection":[{"href":"https:\/\/english-munich.de\/training\/wp-json\/wp\/v2\/pages"}],"about":[{"href":"https:\/\/english-munich.de\/training\/wp-json\/wp\/v2\/types\/page"}],"author":[{"embeddable":true,"href":"https:\/\/english-munich.de\/training\/wp-json\/wp\/v2\/users\/3"}],"replies":[{"embeddable":true,"href":"https:\/\/english-munich.de\/training\/wp-json\/wp\/v2\/comments?post=5260"}],"version-history":[{"count":13,"href":"https:\/\/english-munich.de\/training\/wp-json\/wp\/v2\/pages\/5260\/revisions"}],"predecessor-version":[{"id":12049,"href":"https:\/\/english-munich.de\/training\/wp-json\/wp\/v2\/pages\/5260\/revisions\/12049"}],"wp:attachment":[{"href":"https:\/\/english-munich.de\/training\/wp-json\/wp\/v2\/media?parent=5260"}],"curies":[{"name":"wp","href":"https:\/\/api.w.org\/{rel}","templated":true}]}}