{"id":5165,"date":"2021-01-25T09:13:00","date_gmt":"2021-01-25T09:13:00","guid":{"rendered":"https:\/\/english-munich.de\/training\/?page_id=5165"},"modified":"2021-01-25T09:14:13","modified_gmt":"2021-01-25T09:14:13","slug":"will-future-progressive-will-future-perfect-unterschied","status":"publish","type":"page","link":"https:\/\/english-munich.de\/training\/will-future-progressive-will-future-perfect-unterschied\/","title":{"rendered":"Will Future Progressive &#8211; Will Future Perfect Unterschied"},"content":{"rendered":"<div class=\"jumbotron text-center\">\r\n<h2>Will Future Progressive\/ Perfect<\/h2>\r\n\u00dcbungen zum Unterschied von Will Future Progressive und Will Future Perfect\r\n\r\n<\/div>\r\n<div class=\"bs-example\">\r\n<div class=\"accordion\" id=\"accordionExample\">\r\n<div class=\"card\">\r\n<div class=\"card-header\" id=\"headingOne\">\r\n<h2 class=\"mb-0\" style=\"color:#000\">\r\n                    <button type=\"button\" class=\"btn btn-link collapsed\" data-toggle=\"collapse\" data-target=\"#collapseOne\">Beispiel<\/button><\/h2>\r\n<\/div>\r\n<div id=\"collapseOne\" class=\"collapse\" aria-labelledby=\"headingOne\" data-parent=\"#accordionExample\">\r\n<div class=\"card-body\">\r\n<div class=\"form-inline\">\r\n\r\n<b><span class=\"number\">\u24ff<\/span><\/b>John believes he <input type=\"text\" class=\"form-control\" id=\"panel-beispiel\" disabled=\"\" value=\"will be\"> <b><i>&nbsp;(be)&nbsp;<\/i><\/b>to be president one day.\r\n<br \/>\r\nDie richtige L\u00f6sung ist: <i>will be&nbsp;&nbsp;<button class=\"btn-lg btn-info\" type=\"button\" data-toggle=\"modal\" data-target=\"#myModal\">Tipp<\/button><\/i>\r\n\r\n<\/div>\r\n<\/div>\r\n<\/div>\r\n<\/div>\r\n<\/div>\r\n<br \/><br \/>\r\n<div class=\"container well\">\r\n<h4>\u270d\ufe0f F\u00fclle die Verben in Klammern in der richtigen Form des <i>Will Future bzw. Going-To-Future<\/i> in die L\u00fccken (achte auf die Signalw\u00f6rter):<\/h4>\r\n\r\n<hr>\r\n\r\n<br \/>\r\n<div class=\"container\">\r\n<b><span class=\"number\">\u2776<\/span><\/b>Mr. Jones<input type=\"text\" class=\"form-control\" id=\"q0\" autocomplete=\"off\"><b><i>  (make)<\/i><\/b> a 5-course-menu for tomorrow.\r\n<div class=\"row\">\r\n<div>\r\n<p id=\"correct0\" align=\"left\"><\/p>\r\n\r\n<\/div>\r\n<div>\r\n<a button=\"\" class=\"btn btn-success tipp0 hidden\" href=\"#1\" title=\"Mr.Jones is going to prepare...\" data-toggle=\"popover\" data-placement=\"top\" data-trigger=\"hover\" style=\"text-decoration: none; color:white;\" data-content=\"'a 5-course-menu' bedeutet einen vorbereiteten Entschluss:\u2192 Going-To-Future \">Tipp<\/a><\/div>\r\n<\/div>\r\n<b><span class=\"number\">\u2777<\/span><\/b>I  <input type=\"text\" class=\"form-control\" id=\"q1\" autocomplete=\"off\"><b><i>(skip) <\/i><\/b>school today.\r\n<div class=\"row\">\r\n<div>\r\n<p id=\"correct1\" align=\"left\"><\/p>\r\n\r\n<\/div>\r\n<div>\r\n<a button=\"\" class=\"btn btn-success tipp1 hidden\" href=\"#2\" title=\"I will skip...\" data-toggle=\"popover\" data-placement=\"top\" data-trigger=\"hover\" style=\"text-decoration: none; color:white;\" data-content=\"'skip school' ist ein spontaner Entschluss (wenn auch kein guter\ud83d\ude1c ) deswegen:\u2192 Will Future\">Tipp<\/a><\/div>\r\n<\/div>\r\n<b><span class=\"number\">\u2778<\/span><\/b>Don&#8217;t worry. Donald <input type=\"text\" class=\"form-control\" id=\"q2\" autocomplete=\"off\"><b><i>(have)<\/i><\/b> a solution for the problem. He always does.\r\n<div class=\"row\">\r\n<div>\r\n<p id=\"correct2\" align=\"left\"><\/p>\r\n\r\n<\/div>\r\n<div>\r\n<a button=\"\" class=\"btn btn-success tipp2 hidden\" align=\"left\" aria-hidden=\"true\" href=\"#3\" title=\"Donald will have...\" data-toggle=\"popover\" data-placement=\"top\" data-trigger=\"hover\" style=\"text-decoration: none, color:white\" data-content=\"'Don't worry' deutet eine Vermutung an, deswegen:\u2192 Will Future.\">Tipp<\/a><\/div>\r\n<\/div>\r\n<span class=\"number\">\u2779<\/span>Hurry up! The train  <input type=\"text\" class=\"form-control\" id=\"q3\" autocomplete=\"off\"><b><i>(leave)<\/i><\/b> any minute.\r\n<div class=\"row\">\r\n<div>\r\n<p id=\"correct3\" align=\"left\"><\/p>\r\n\r\n<\/div>\r\n<div>\r\n<a button=\"\" class=\"btn btn-success tipp3 hidden\" aria-hidden=\"true\" href=\"#4\" title=\"The train is going to leave...\" data-toggle=\"popover\" data-placement=\"top\" data-trigger=\"hover\" style=\"text-decoration: none, color:white\" data-content=\"Aus 'hurry up!' kann man schlie\u00dfen, dass der Zug jeden Moment abfahren wird, deswegen:\u2192 Going-To-Future .\">Tipp<\/a><\/div>\r\n<\/div>\r\n<b><span class=\"number\">\u277a<\/span><\/b>I am sure. We <input type=\"text\" class=\"form-control\" id=\"q4\" autocomplete=\"off\"><b><i>(arrive)<\/i><\/b> on time.\r\n<div class=\"row\">\r\n<div>\r\n<p id=\"correct4\" align=\"left\"><\/p>\r\n\r\n<\/div>\r\n<div>\r\n<a button=\"\" class=\"btn btn-success tipp4 hidden\" aria-hidden=\"true\" href=\"#5\" title=\"We will arrive...\" data-toggle=\"popover\" data-placement=\"top\" data-trigger=\"hover\" style=\"text-decoration: none, color:white\" data-content=\"'I'm sure' deutet eine Vermutung an, deswegen:\u2192 Will Future.\">Tipp<\/a><\/div>\r\n<\/div>\r\n<b><span class=\"number\">\u277b<\/span><\/b>They&#8217;re playing badly. They <input type=\"text\" class=\"form-control\" id=\"q5\" autocomplete=\"off\"><b><i>(lose)<\/i><\/b> big time.\r\n<div class=\"row\">\r\n<div>\r\n<p id=\"correct5\" align=\"left\"><\/p>\r\n\r\n<\/div>\r\n<div>\r\n<a button=\"\" class=\"btn btn-success tipp5 hidden\" aria-hidden=\"true\" href=\"#6\" title=\"He drinks...\" data-toggle=\"popover\" data-placement=\"top\" data-trigger=\"hover\" style=\"text-decoration: none, color:white\" data-content=\"Aus 'They're playing badly!' kann man schlie\u00dfen, dass sie b\u00f6se verlieren werden, deswegen:\u2192 Going-To-Future .\">Tipp<\/a><\/div>\r\n<\/div>\r\n<b><span class=\"number\">\u277c<\/span><\/b>I   <input type=\"text\" class=\"form-control\" id=\"q6\" autocomplete=\"off\"><b><i>(buy)<\/i><\/b> the red shirt.\r\n<div class=\"row\">\r\n<div>\r\n<p id=\"correct6\" align=\"left\"><\/p>\r\n\r\n<\/div>\r\n<div>\r\n<a button=\"\" class=\"btn btn-success tipp6 hidden\" aria-hidden=\"true\" href=\"#7\" title=\"I will buy...\" data-toggle=\"popover\" data-placement=\"top\" data-trigger=\"hover\" style=\"text-decoration: none, color:white\" data-content=\"'will buy' ist ein spontaner Entschluss, deswegen:\u2192 Will Future\">Tipp<\/a><\/div>\r\n<\/div>\r\n<b><span class=\"number\">\u277d<\/span><\/b>Edward <input type=\"text\" class=\"form-control\" id=\"q7\" autocomplete=\"off\"><b><i>(study)<\/i><\/b> law in Harvard.\r\n<div class=\"row\">\r\n<div>\r\n<p id=\"correct7\" align=\"left\"><\/p>\r\n\r\n<\/div>\r\n<div>\r\n<a button=\"\" class=\"btn btn-success tipp7 hidden\" href=\"#8\" title=\"Edward is going to study...\" data-toggle=\"popover\" data-placement=\"top\" data-trigger=\"hover\" style=\"text-decoration: none, color:white\" data-content=\"'study law' bedeutet einen vorbereiteten Entschluss:\u2192 Going-To-Future \">Tipp<\/a><\/div>\r\n<\/div>\r\n<b><span class=\"number\">\u277e<\/span><\/b>I   <input type=\"text\" class=\"form-control\" id=\"q8\" autocomplete=\"off\"><b><i>(sell) <\/i><\/b>my car. I don&#8217;t need it any more.\r\n<div class=\"row\">\r\n<div>\r\n<p id=\"correct8\" align=\"left\"><\/p>\r\n\r\n<\/div>\r\n<div>\r\n<a button=\"\" class=\"btn btn-success tipp8 hidden\" href=\"#9\" title=\"I am going to sell...\" data-toggle=\"popover\" data-placement=\"top\" data-trigger=\"hover\" style=\"text-decoration: none, color:white\" data-content=\"'sell my car' bedeutet einen vorbereiteten Entschluss:\u2192 Going-To-Future \">Tipp<\/a><\/div>\r\n<\/div>\r\n<b><span class=\"number\">\u277f<\/span><\/b>Karen thinks she<input type=\"text\" class=\"form-control\" id=\"q9\" autocomplete=\"off\"><b><i>(be)<\/i><\/b> the beauty queen.\r\n<div class=\"row\">\r\n<div>\r\n<p id=\"correct9\" align=\"left\"><\/p>\r\n\r\n<\/div>\r\n<div>\r\n<a button=\"\" class=\"btn btn-success tipp9 hidden\" href=\"#10\" title=\"Karen will be...\" data-toggle=\"popover\" data-placement=\"top\" data-trigger=\"hover\" style=\"text-decoration: none, color:white\" data-content=\"'Karen thinks' dr\u00fcckt eine Vermutung aus :\u2192 Will Future \">Tipp<\/a><\/div>\r\n<\/div>\r\n<!-- The Modal -->\r\n<div id=\"myModal\" class=\"modal\">\r\n<div class=\"modal-dialog\">\r\n<div class=\"modal-content\">\r\n\r\n<!-- Modal Header -->\r\n<div class=\"modal-header\">\r\n<h4 class=\"modal-title\">Will Future \/ Going-To-Future<\/h4>\r\n<button class=\"close\" type=\"button\" data-dismiss=\"modal\">\u00d7<\/button>\r\n\r\n<\/div>\r\n<!-- Modal body -->\r\n<div class=\"modal-body\"><table class=\"table table-bordered table-sm\">\r\n<tbody>\r\n<tr class=\"table-danger\">\r\n<th colspan=\"3\">Will Future &#8211; Going-To-Future Gegen\u00fcberstellung<\/th>\r\n<\/tr>\r\n\r\n\r\n<tr class=\"table-success\">\r\n<td colspan=\"2\">Will Future<\/td><td colspan=\"2\">Going To Future<\/td><\/tr>\r\n<tr class=\"table-info\">\r\n<td colspan=\"2\">Spontaner Entschluss<\/td><td colspan=\"2\">vorbereiteter Entschluss<\/td>\r\n<\/tr>\r\n<tr class=\"table-primary\">\r\n<td colspan=\"2\">I will have a Coke.<\/td><td colspan=\"2\">I am going to fix the car.<\/td>\r\n<\/tr>\r\n<tr class=\"table-info\">\r\n<td colspan=\"2\">Verben und Adverbien der Vermutung:\r\n<i>think, believe, hope, reckon\r\nprobably,maybe, possibly<\/i><\/td><td colspan=\"2\">aufgrund von \u00e4u\u00dferen Umst\u00e4nden vohersagbar\r\n<\/tr><\/td>\r\n<tr class=\"table-primary\">\r\n<td colspan=\"2\">I think it will all work out.\r\nIt probably won&#8217;t hurt.<\/td><td colspan=\"2\">Look at the clouds it is going to rain.\r\n<\/tr><\/td>\r\n<tr class=\"table-info\">\r\n<td colspan=\"2\">Ereignisse in der Zukunft auf, die man keinen Einfluss hat<\/td><td colspan=\"2\">\r\n<\/tr><\/td>\r\n<tr class=\"table-primary\">\r\n<td colspan=\"2\">Everything will be better next year.<\/td><td colspan=\"2\">\r\n<\/tr><\/td>\r\n<tbody>\r\n<\/table><\/div>\r\n<!-- Modal footer -->\r\n<div class=\"modal-footer\"><button class=\"btn btn-danger\" type=\"button\" data-dismiss=\"modal\">Close<\/button><\/div>\r\n<\/div>\r\n<\/div>\r\n<\/div>\r\n<\/div>\r\n<\/div>\r\n<div class=\"container\">\r\n\r\n<hr>\r\n\r\n<button id=\"submitButton\" class=\"btn-lg btn-primary \" type=\"submit\" value=\"submit\">Pr\u00fcfen<\/button><button id=\"resetButton\" class=\"btn-lg btn-success\" type=\"submit\" onclick=\"refreshPage()\">Neustart<\/button><button id=\"submitButton\" class=\"btn-lg btn-info\" type=\"button\" value=\"submit\" data-toggle=\"modal\" data-target=\"#myModal\">Tipp<\/button>\r\n\r\n<hr>\r\n\r\n\r\n\r\n<p id=\"result\"><\/p>\r\n<p id=\"result2\"><\/p>\r\n<h3>Alle \u00dcbungen Will Future Going To Future Unterschied<\/h3>\r\n<hr>\r\n<div id=\"bellows-main-28\" class=\"bellows bellows-nojs bellows-main bellows-source-menu bellows-align-full bellows-skin-vanilla bellows-type-\"><ul id=\"menu-going-to-future-will-future-2\" class=\"bellows-nav\" data-bellows-config=\"main\"><li id=\"menu-item-4129\" class=\"bellows-menu-item bellows-menu-item-type-post_type bellows-menu-item-object-page bellows-menu-item-4129 bellows-item-level-0\"><a  href=\"https:\/\/english-munich.de\/training\/will-future-going-to-future-unterschied-2\/\" class=\"bellows-target\"><span class=\"bellows-target-title bellows-target-text\">\u270d\ufe0fWill Future \/ Going To Future Unterschied<\/span><\/a><\/li>\n<li id=\"menu-item-4130\" class=\"bellows-menu-item bellows-menu-item-type-post_type bellows-menu-item-object-page bellows-menu-item-4130 bellows-item-level-0\"><a  href=\"https:\/\/english-munich.de\/training\/will-future-going-to-future-unterschied\/\" class=\"bellows-target\"><span class=\"bellows-target-title bellows-target-text\">\u2611\ufe0fWill Future \/ Going-To-Future Unterschied<\/span><\/a><\/li>\n<\/ul><\/div> \r\n\r\n<\/div>","protected":false},"excerpt":{"rendered":"Will Future Progressive\/ Perfect \u00dcbungen zum Unterschied von Will Future Progressive und Will Future Perfect Beispiel \u24ffJohn believes he &nbsp;(be)&nbsp;to be president one day. Die richtige L\u00f6sung ist: will be&nbsp;&nbsp;Tipp \u270d\ufe0f F\u00fclle die Verben in Klammern in der richtigen Form des Will Future bzw. Going-To-Future in die L\u00fccken (achte auf die Signalw\u00f6rter): \u2776Mr. Jones (make) [&hellip;]","protected":false},"author":3,"featured_media":0,"parent":0,"menu_order":0,"comment_status":"closed","ping_status":"closed","template":"","meta":[],"_links":{"self":[{"href":"https:\/\/english-munich.de\/training\/wp-json\/wp\/v2\/pages\/5165"}],"collection":[{"href":"https:\/\/english-munich.de\/training\/wp-json\/wp\/v2\/pages"}],"about":[{"href":"https:\/\/english-munich.de\/training\/wp-json\/wp\/v2\/types\/page"}],"author":[{"embeddable":true,"href":"https:\/\/english-munich.de\/training\/wp-json\/wp\/v2\/users\/3"}],"replies":[{"embeddable":true,"href":"https:\/\/english-munich.de\/training\/wp-json\/wp\/v2\/comments?post=5165"}],"version-history":[{"count":1,"href":"https:\/\/english-munich.de\/training\/wp-json\/wp\/v2\/pages\/5165\/revisions"}],"predecessor-version":[{"id":5166,"href":"https:\/\/english-munich.de\/training\/wp-json\/wp\/v2\/pages\/5165\/revisions\/5166"}],"wp:attachment":[{"href":"https:\/\/english-munich.de\/training\/wp-json\/wp\/v2\/media?parent=5165"}],"curies":[{"name":"wp","href":"https:\/\/api.w.org\/{rel}","templated":true}]}}