{"id":5116,"date":"2021-01-24T09:29:35","date_gmt":"2021-01-24T09:29:35","guid":{"rendered":"https:\/\/english-munich.de\/training\/?page_id=5116"},"modified":"2021-05-05T06:27:29","modified_gmt":"2021-05-05T06:27:29","slug":"simple-present-statische-verben","status":"publish","type":"page","link":"https:\/\/english-munich.de\/training\/simple-present-statische-verben\/","title":{"rendered":"Simple Present &#8211; statische Verben"},"content":{"rendered":"<div class=\"jumbotron text-center\">\r\n<h2>Simple Present Aufgaben<\/h2>\r\n\u00dcbungen zum Simple Present statische Verben\r\n\r\n<\/div>\r\n<div class=\"bs-example\">\r\n<div id=\"accordionExample\" class=\"accordion\">\r\n<div class=\"card\">\r\n<div id=\"headingOne\" class=\"card-header\">\r\n<h2 class=\"mb-0\" style=\"color: #000;\"><button class=\"btn btn-link collapsed\" type=\"button\" data-toggle=\"collapse\" data-target=\"#collapseOne\">Beispiel<\/button><\/h2>\r\n<\/div>\r\n<div id=\"collapseOne\" class=\"collapse\" aria-labelledby=\"headingOne\" data-parent=\"#accordionExample\">\r\n<div class=\"card-body\">\r\n<div class=\"form-inline\">\r\n<div>\r\n<b><span class=\"number\">\u24ff<\/span><\/b>Sanjay <input id=\"panel-beispiel\" class=\"form-control\" disabled=\"disabled\" type=\"text\" value=\"wants\"> <b><i>&nbsp;(want)&nbsp;<\/i><\/b>an ice cream now.\r\n<\/div><div>\r\nDie richtige L\u00f6sung ist: <b>wants<\/b>&nbsp;&nbsp;<button class=\"btn-lg btn-info\" type=\"button\" data-toggle=\"modal\" data-target=\"#myModal\">Tipp<\/button>\r\n<\/div>\r\n<\/div>\r\n<\/div>\r\n<\/div>\r\n<\/div>\r\n<\/div>\r\n<br \/><br \/>\r\n<div class=\"container well\">\r\n<h4>\u270d\ufe0f F\u00fclle die Verben in Klammern in der richtigen Form des <b>Simple Present (einfache Gegenwart)<\/b> in die L\u00fccken. Vorsicht! Es handelt sich um statische Verben d.h. Signalw\u00f6rter des <i>Present Progressive<\/i> sind irrelevant.<\/h4>\r\n\r\n<hr>\r\n\r\n<div class=\"container\"><b><span class=\"number\">\u2776<\/span><\/b>The car<input id=\"q0\" class=\"form-control\" autocomplete=\"off\" type=\"text\"><b><i> (belong)<\/i><\/b> to me now.\r\n<div class=\"row\">\r\n<div>\r\n<p id=\"correct0\" align=\"left\"><\/p>\r\n\r\n<\/div>\r\n<div><a class=\"btn btn-success tipp0 hidden\" style=\"text-decoration: none; color: white;\" title=\"The car belongs to me now...\" href=\"#1\" data-toggle=\"popover\" data-placement=\"top\" data-trigger=\"hover\" data-content=\"&quot;The\">Tipp<\/a><\/div>\r\n<\/div>\r\n<b><span class=\"number\">\u2777<\/span><\/b>We just <input id=\"q1\" class=\"form-control\" autocomplete=\"off\" type=\"text\"><b><i>(need)<\/i><\/b> more people at the moment.\r\n<div class=\"row\">\r\n<div>\r\n<p id=\"correct1\" align=\"left\"><\/p>\r\n\r\n<\/div>\r\n<div><a class=\"btn btn-success tipp1 hidden\" style=\"text-decoration: none; color: white;\" title=\"We just need...\" href=\"#2\" data-toggle=\"popover\" data-placement=\"top\" data-trigger=\"hover\" data-content=\"'We' ist 1.Person Mehrzahl, deswegen musst Du kein 's' an das Verb anh\u00e4ngen! - \">Tipp<\/a><\/div>\r\n<\/div>\r\n<b><span class=\"number\">\u2778<\/span><\/b>Sarah <input id=\"q2\" class=\"form-control\" autocomplete=\"off\" type=\"text\"><b><i>(love)<\/i><\/b> everybody at the moment.\r\n<div class=\"row\">\r\n<div>\r\n<p id=\"correct2\" align=\"left\"><\/p>\r\n\r\n<\/div>\r\n<div><a class=\"btn btn-success tipp2 hidden\" style=\"text-decoration: none, color:white;\" title=\"Sarah loves...\" href=\"#3\" aria-hidden=\"true\" data-toggle=\"popover\" data-placement=\"top\" data-trigger=\"hover\" data-content=\"Sarah ist'she' deswegen 'loves'. He\/she\/it, das 's' muss mit! - 'love' ist ein statisches Verb, deswegen trotz 'now' simple present \">Tipp<\/a><\/div>\r\n<\/div>\r\n<span class=\"number\">\u2779<\/span>They <input id=\"q3\" class=\"form-control\" autocomplete=\"off\" type=\"text\"><b><i>(prefer)<\/i><\/b> not to do it this year.\r\n<div class=\"row\">\r\n<div>\r\n<p id=\"correct3\" align=\"left\"><\/p>\r\n\r\n<\/div>\r\n<div><a class=\"btn btn-success tipp3 hidden\" style=\"text-decoration: none, color:white;\" title=\"They prefer...\" href=\"#4\" aria-hidden=\"true\" data-toggle=\"popover\" data-placement=\"top\" data-trigger=\"hover\" data-content=\"'They' (3.Person Mehrzahl), deswegen kein 's' ans Verb anh\u00e4ngen! - 'prefer' to ist ein statisches Verb, deswegen trotz 'this year' simple present\">Tipp<\/a><\/div>\r\n<\/div>\r\n<b><span class=\"number\">\u277a<\/span><\/b>You <input id=\"q4\" class=\"form-control\" autocomplete=\"off\" type=\"text\"><b><i>(hate)<\/i><\/b> your brother at the moment. Why?\r\n<div class=\"row\">\r\n<div>\r\n<p id=\"correct4\" align=\"left\"><\/p>\r\n\r\n<\/div>\r\n<div><a class=\"btn btn-success tipp4 hidden\" style=\"text-decoration: none, color:white;\" title=\"You hate your brother...\" href=\"#5\" aria-hidden=\"true\" data-toggle=\"popover\" data-placement=\"top\" data-trigger=\"hover\" data-content=\"'You' ist 2.Person Einzal, deswegen musst Du kein 's' an das Verb anh\u00e4ngen!- 'hate' ist ein statisches Verb, deswegen trotz 'at the moment' simple present\">Tipp<\/a><\/div>\r\n<\/div>\r\n<b><span class=\"number\">\u277b<\/span><\/b>The boss <input id=\"q5\" class=\"form-control\" autocomplete=\"off\" type=\"text\"><b><i>(depend)<\/i><\/b> on the report asap.\r\n<div class=\"row\">\r\n<div>\r\n<p id=\"correct5\" align=\"left\"><\/p>\r\n\r\n<\/div>\r\n<div><a class=\"btn btn-success tipp5 hidden\" style=\"text-decoration: none, color:white;\" title=\"The boss depends...\" href=\"#6\" aria-hidden=\"true\" data-toggle=\"popover\" data-placement=\"top\" data-trigger=\"hover\" data-content=\"'the boss' (3.Person Einzahl), deswegen 'wants'. He\/she\/it das 's' muss mit. - 'depend' ist ein statisches Verb, deswegen trotz 'asap' simple present\">Tipp<\/a><\/div>\r\n<\/div>\r\n<b><span class=\"number\">\u277c<\/span><\/b>Angela <input id=\"q6\" class=\"form-control\" autocomplete=\"off\" type=\"text\"><b><i>(fancy)<\/i><\/b> Leroy at the moment .\r\n<div class=\"row\">\r\n<div>\r\n<p id=\"correct6\" align=\"left\"><\/p>\r\n\r\n<\/div>\r\n<div><a class=\"btn btn-success tipp6 hidden\" style=\"text-decoration: none, color:white;\" title=\"Angela fancies...\" href=\"#7\" aria-hidden=\"true\" data-toggle=\"popover\" data-placement=\"top\" data-trigger=\"hover\" data-content=\"Angela ist 'she', deswegen 'fancies', das Verb fancy ist in der 3.Person Einzahl unregelm\u00e4\u00dfig. - 'fancy' ist ein statisches Verb, deswegen trotz 'at the moment' simple present\">Tipp<\/a><\/div>\r\n<\/div>\r\n<b><span class=\"number\">\u277d<\/span><\/b>Hello officer, what <input id=\"q7\" class=\"form-control\" autocomplete=\"off\" type=\"text\"><b><i>(seem)<\/i><\/b> to be problem now?\r\n<div class=\"row\">\r\n<div>\r\n<p id=\"correct7\" align=\"left\"><\/p>\r\n\r\n<\/div>\r\n<div><a class=\"btn btn-success tipp7 hidden\" style=\"text-decoration: none, color:white;\" title=\"What seems...\" href=\"#8\" data-toggle=\"popover\" data-placement=\"top\" data-trigger=\"hover\" data-content=\"'What' ist 'it'(3.Person Einzahl), deswegen 'seems'. - 'seem' ist ein statisches Verb, deswegen trotz 'right now' simple present\">Tipp<\/a><\/div>\r\n<\/div>\r\n<b><span class=\"number\">\u277e<\/span><\/b>That is all I <input id=\"q8\" class=\"form-control\" autocomplete=\"off\" type=\"text\"><b><i>(know)<\/i><\/b> for now .\r\n<div class=\"row\">\r\n<div>\r\n<p id=\"correct8\" align=\"left\"><\/p>\r\n\r\n<\/div>\r\n<div><a class=\"btn btn-success tipp8 hidden\" style=\"text-decoration: none, color:white;\" title=\"I know...\" href=\"#9\" data-toggle=\"popover\" data-placement=\"top\" data-trigger=\"hover\" data-content=\"'I' (1.Person Einzahl), deswegen musst Du kein 's' ans Verb anh\u00e4ngen! - 'know' ist ein statisches Verb, deswegen trotz 'for now' simple present\">Tipp<\/a><\/div>\r\n<\/div>\r\n<b><span class=\"number\">\u277f<\/span><\/b>Karen <input id=\"q9\" class=\"form-control\" autocomplete=\"off\" type=\"text\"><b><i>(want)<\/i><\/b> to speak to the manager immediately.\r\n<div class=\"row\">\r\n<div>\r\n<p id=\"correct9\" align=\"left\"><\/p>\r\n\r\n<\/div>\r\n<div><a class=\"btn btn-success tipp9 hidden\" style=\"text-decoration: none, color:white;\" title=\"Karen wants...\" href=\"#10\" data-toggle=\"popover\" data-placement=\"top\" data-trigger=\"hover\" data-content=\"'Karen' ist 'she' (3.Person Einzahl), deswegen 'wants'.He\/she\/it das 's' muss mit. - 'want' ist ein statisches Verb, deswegen trotz 'immediately' simple present\">Tipp<\/a><\/div>\r\n<\/div>\r\n<!-- The Modal -->\r\n<div id=\"myModal\" class=\"modal\">\r\n<div class=\"modal-dialog\">\r\n<div class=\"modal-content\">\r\n\r\n<!-- Modal Header -->\r\n<div class=\"modal-header\">\r\n<h4 class=\"modal-title\">Simple Present<\/h4>\r\n<button class=\"close\" type=\"button\" data-dismiss=\"modal\">\u00d7<\/button>\r\n\r\n<\/div>\r\n<!-- Modal body -->\r\n<div class=\"modal-body\">\r\n<h2>Simple Present &#8211; statische Verben<\/h2>\r\nEs gibt Verben, die ausschlie\u00dflich im <i class=\"text-danger\">Simple Present<\/i> verwendet werden.\r\nDies liegt daran, dass diese Verben sich auf eine Art wesenseigenen Zustand beziehen.\r\nDiese Verben werden auch dann im <i class=\"text-danger\">Simple Present<\/i> benutzt, wenn ein <i class=\"text-danger\">Signalwort<\/i> f\u00fcr das <i class=\"text-danger\">Present Progressive<\/i> vorkommt.\r\nzum Beispiel:\r\n<i> Ich brauche jetzt Essen.<\/i> &#8211; I <i class=\"text-danger\">need <\/i> food now.\r\n<i> Das Auto geh\u00f6rt mir.<\/i> &#8211; The car <i class=\"text-danger\">belongs to <\/i> me.\r\n<i> Er liebt Fu\u00dfball.<\/i> &#8211; He <i class=\"text-danger\">loves <\/i> football.\r\n<h2>statische Verben &#8211; Simple Present<\/h2>\r\n<table class=\"table table-bordered table-sm\">\r\n<tbody>\r\n<tr class=\"table-danger\">\r\n<td><b>statische Verben Simple Present<\/b><\/td>\r\n<\/tr>\r\n<tr class=\"table-success\">\r\n<td><b><i>love, like, belong to, hate, prefer, need, want, believe<\/i><\/b><\/td>\r\n<\/tr>\r\n<tr class=\"table-warning\">\r\n<td><b><i>remember, forget, understand, mean, seem, depend on, know<\/i><\/b><\/td>\r\n<\/tr>\r\n<\/tbody>\r\n<\/table>\r\n<\/div>\r\n<!-- Modal footer -->\r\n<div class=\"modal-footer\"><button class=\"btn btn-danger\" type=\"button\" data-dismiss=\"modal\">Close<\/button><\/div>\r\n<\/div>\r\n<\/div>\r\n<\/div>\r\n<\/div>\r\n<\/div>\r\n<\/div>\r\n<div class=\"container\">\r\n\r\n<hr>\r\n\r\n<button id=\"submitButton\" class=\"btn-lg btn-primary \" type=\"submit\" value=\"submit\">Pr\u00fcfen<\/button><button id=\"resetButton\" class=\"btn-lg btn-success\" type=\"submit\">Neustart<\/button><button id=\"submitButton\" class=\"btn-lg btn-info\" type=\"button\" value=\"submit\" data-toggle=\"modal\" data-target=\"#myModal\">Tipp<\/button>\r\n\r\n<hr>\r\n\r\n&nbsp;\r\n<h3>Alle \u00dcbungen des Simple Present:<\/h3>\r\n\r\n<hr>\r\n\r\n<div id=\"bellows-main-14\" class=\"bellows bellows-nojs bellows-main bellows-source-menu bellows-align-full bellows-skin-vanilla bellows-type-\"><ul id=\"menu-simple-present\" class=\"bellows-nav\" data-bellows-config=\"main\"><li id=\"menu-item-3646\" class=\"bellows-menu-item bellows-menu-item-type-post_type bellows-menu-item-object-page bellows-menu-item-3646 bellows-item-level-0\"><a  href=\"https:\/\/english-munich.de\/training\/simple-present-bejahte-aussagesatze\/\" class=\"bellows-target\"><span class=\"bellows-target-title bellows-target-text\">\u270d\ufe0fSimple Present bejaht<\/span><\/a><\/li>\n<li id=\"menu-item-3647\" class=\"bellows-menu-item bellows-menu-item-type-post_type bellows-menu-item-object-page bellows-menu-item-3647 bellows-item-level-0\"><a  href=\"https:\/\/english-munich.de\/training\/simple-present-aussagesatze-bejaht\/\" class=\"bellows-target\"><span class=\"bellows-target-title bellows-target-text\">\u2611\ufe0fSimple Present verneint<\/span><\/a><\/li>\n<li id=\"menu-item-3648\" class=\"bellows-menu-item bellows-menu-item-type-post_type bellows-menu-item-object-page bellows-menu-item-3648 bellows-item-level-0\"><a  href=\"https:\/\/english-munich.de\/training\/simple-present-aufgaben-frage\/\" class=\"bellows-target\"><span class=\"bellows-target-title bellows-target-text\">\u270d\ufe0fSimple Present Frage<\/span><\/a><\/li>\n<li id=\"menu-item-3649\" class=\"bellows-menu-item bellows-menu-item-type-post_type bellows-menu-item-object-page bellows-menu-item-3649 bellows-item-level-0\"><a  href=\"https:\/\/english-munich.de\/training\/simple-present-gemischt\/\" class=\"bellows-target\"><span class=\"bellows-target-title bellows-target-text\">\ud83d\uddb1\ufe0fSimple Present gemischt<\/span><\/a><\/li>\n<li id=\"menu-item-11458\" class=\"bellows-menu-item bellows-menu-item-type-post_type bellows-menu-item-object-page bellows-menu-item-11458 bellows-item-level-0\"><a  href=\"https:\/\/english-munich.de\/training\/be-simple-present-uebungen\/\" class=\"bellows-target\"><span class=\"bellows-target-title bellows-target-text\">\u2611\ufe0fbe Simple Present<\/span><\/a><\/li>\n<li id=\"menu-item-10349\" class=\"bellows-menu-item bellows-menu-item-type-post_type bellows-menu-item-object-page bellows-menu-item-10349 bellows-item-level-0\"><a  href=\"https:\/\/english-munich.de\/training\/simple-present-3-person-einzahl-unregelmaessig\/\" class=\"bellows-target\"><span class=\"bellows-target-title bellows-target-text\">\u270d\ufe0fSimple Present unregelm\u00e4\u00dfig<\/span><\/a><\/li>\n<li id=\"menu-item-10489\" class=\"bellows-menu-item bellows-menu-item-type-post_type bellows-menu-item-object-page bellows-menu-item-10489 bellows-item-level-0\"><a  href=\"https:\/\/english-munich.de\/training\/have-got-frage-und-kurzantwort\/\" class=\"bellows-target\"><span class=\"bellows-target-title bellows-target-text\">\u270d\ufe0fHave got \u2013 Frage und Kurzantwort<\/span><\/a><\/li>\n<li id=\"menu-item-10352\" class=\"bellows-menu-item bellows-menu-item-type-post_type bellows-menu-item-object-page bellows-menu-item-10352 bellows-item-level-0\"><a  href=\"https:\/\/english-munich.de\/training\/kreuzwortraetsel-simple-present-3-person-einzahl-besonderheiten\/\" class=\"bellows-target\"><span class=\"bellows-target-title bellows-target-text\">\ud83d\udd33Kreuzwortr\u00e4tsel \u2013 simple present 3. Person Einzahl \u2013 Besonderheiten<\/span><\/a><\/li>\n<li id=\"menu-item-10480\" class=\"bellows-menu-item bellows-menu-item-type-post_type bellows-menu-item-object-page bellows-menu-item-10480 bellows-item-level-0\"><a  href=\"https:\/\/english-munich.de\/training\/simple-present-kurzantwort\/\" class=\"bellows-target\"><span class=\"bellows-target-title bellows-target-text\">\u270d\ufe0fSimple Present \u2013 Kurzantwort<\/span><\/a><\/li>\n<li id=\"menu-item-5137\" class=\"bellows-menu-item bellows-menu-item-type-post_type bellows-menu-item-object-page bellows-menu-item-5137 bellows-item-level-0\"><a  href=\"https:\/\/english-munich.de\/training\/simple-present-statische-verben\/\" class=\"bellows-target\"><span class=\"bellows-target-title bellows-target-text\">\u270d\ufe0fSimple Present \u2013 statische Verben<\/span><\/a><\/li>\n<li id=\"menu-item-5163\" class=\"bellows-menu-item bellows-menu-item-type-post_type bellows-menu-item-object-page bellows-menu-item-5163 bellows-item-level-0\"><a  href=\"https:\/\/english-munich.de\/training\/simple-present-statische-verben-ii\/\" class=\"bellows-target\"><span class=\"bellows-target-title bellows-target-text\">\u2611\ufe0fSimple Present statische Verben II<\/span><\/a><\/li>\n<li id=\"menu-item-10505\" class=\"bellows-menu-item bellows-menu-item-type-post_type bellows-menu-item-object-page bellows-menu-item-10505 bellows-item-level-0\"><a  href=\"https:\/\/english-munich.de\/training\/imperativ-englisch\/\" class=\"bellows-target\"><span class=\"bellows-target-title bellows-target-text\">\u270d\ufe0fBefehlsform \u2013 Imperativ<\/span><\/a><\/li>\n<\/ul><\/div>\r\n\r\n<\/div>","protected":false},"excerpt":{"rendered":"Simple Present Aufgaben \u00dcbungen zum Simple Present statische Verben Beispiel \u24ffSanjay &nbsp;(want)&nbsp;an ice cream now. Die richtige L\u00f6sung ist: wants&nbsp;&nbsp;Tipp \u270d\ufe0f F\u00fclle die Verben in Klammern in der richtigen Form des Simple Present (einfache Gegenwart) in die L\u00fccken. Vorsicht! Es handelt sich um statische Verben d.h. Signalw\u00f6rter des Present Progressive sind irrelevant. \u2776The car (belong) [&hellip;]","protected":false},"author":3,"featured_media":0,"parent":0,"menu_order":0,"comment_status":"closed","ping_status":"closed","template":"","meta":[],"_links":{"self":[{"href":"https:\/\/english-munich.de\/training\/wp-json\/wp\/v2\/pages\/5116"}],"collection":[{"href":"https:\/\/english-munich.de\/training\/wp-json\/wp\/v2\/pages"}],"about":[{"href":"https:\/\/english-munich.de\/training\/wp-json\/wp\/v2\/types\/page"}],"author":[{"embeddable":true,"href":"https:\/\/english-munich.de\/training\/wp-json\/wp\/v2\/users\/3"}],"replies":[{"embeddable":true,"href":"https:\/\/english-munich.de\/training\/wp-json\/wp\/v2\/comments?post=5116"}],"version-history":[{"count":24,"href":"https:\/\/english-munich.de\/training\/wp-json\/wp\/v2\/pages\/5116\/revisions"}],"predecessor-version":[{"id":9557,"href":"https:\/\/english-munich.de\/training\/wp-json\/wp\/v2\/pages\/5116\/revisions\/9557"}],"wp:attachment":[{"href":"https:\/\/english-munich.de\/training\/wp-json\/wp\/v2\/media?parent=5116"}],"curies":[{"name":"wp","href":"https:\/\/api.w.org\/{rel}","templated":true}]}}