{"id":5059,"date":"2021-01-22T18:43:59","date_gmt":"2021-01-22T18:43:59","guid":{"rendered":"https:\/\/english-munich.de\/training\/?page_id=5059"},"modified":"2021-01-22T19:00:50","modified_gmt":"2021-01-22T19:00:50","slug":"will-future-perfect-2","status":"publish","type":"page","link":"https:\/\/english-munich.de\/training\/will-future-perfect-2\/","title":{"rendered":"Will Future Perfect"},"content":{"rendered":"<div class=\"container well\">\r\n<h1>Will Future Perfect \u00dcbungen und Erkl\u00e4rungen<\/h1>\r\n<hr>\r\n<h2>Will Future Perfect \u00dcbungen<\/h2>\r\n\r\n<div id=\"bellows-main-40\" class=\"bellows bellows-nojs bellows-main bellows-source-menu bellows-align-full bellows-skin-vanilla bellows-type-\"><ul id=\"menu-will-future-perfect\" class=\"bellows-nav\" data-bellows-config=\"main\"><li id=\"menu-item-5041\" class=\"bellows-menu-item bellows-menu-item-type-post_type bellows-menu-item-object-page bellows-menu-item-5041 bellows-item-level-0\"><a  href=\"https:\/\/english-munich.de\/training\/will-future-perfect\/\" class=\"bellows-target\"><span class=\"bellows-target-title bellows-target-text\">\u270d\ufe0fWill Future Perfect bejaht<\/span><\/a><\/li>\n<li id=\"menu-item-5040\" class=\"bellows-menu-item bellows-menu-item-type-post_type bellows-menu-item-object-page bellows-menu-item-5040 bellows-item-level-0\"><a  href=\"https:\/\/english-munich.de\/training\/will-future-perfect-verneint\/\" class=\"bellows-target\"><span class=\"bellows-target-title bellows-target-text\">\u2611\ufe0fWill Future Perfect verneint<\/span><\/a><\/li>\n<li id=\"menu-item-5039\" class=\"bellows-menu-item bellows-menu-item-type-post_type bellows-menu-item-object-page bellows-menu-item-5039 bellows-item-level-0\"><a  href=\"https:\/\/english-munich.de\/training\/will-future-perfect-frage\/\" class=\"bellows-target\"><span class=\"bellows-target-title bellows-target-text\">\u270d\ufe0fWill Future Perfect Frage<\/span><\/a><\/li>\n<\/ul><\/div>\r\n<h2>Will Future Perfect Erkl\u00e4rungen<\/h2><br \/>\r\n<h3>Will Future Perfect bejahter Aussagesatz &#8211; Bildung<\/h3>\r\nDas Will Future Progressive wird gebildet unter Zuhilfenahme des Hilfsverbs <i class=\"text-danger\">will<\/i> und des Infinitiv Perfekt <i class=\"text-danger\">have + past participle<\/i>.\r\nDie gute Botschaft: Das Verb bleibt im <i class=\"text-danger\">Will Future Perfect<\/i> ungebeugt. Somit \u00e4ndert es in den verschiedenen grammatikalischen Personen nicht die Form.\r\n<br \/>\r\n<table class=\"table table-bordered table-sm table-hover\">\r\n<thead>\r\n<tr class=\"table-danger\">\r\n<th>Personalpronomen<\/th>\r\n<th>I \/ you \/ he \/ she \/ it \/ we \/ they<\/th>\r\n<\/tr>\r\n<\/thead>\r\n<tbody>\r\n<tr class=\"table-primary\">\r\n<td><b>Hilfsverb<\/b><\/td>\r\n<td><b>will<\/b><\/td>\r\n<\/tr>\r\n<tr class=\"table-warning\">\r\n<td><b>Infinitv Perfekt (&#8218;have&#8216; + past participle)<\/b><\/td>\r\n<td><b>have watched.<\/b><\/td>\r\n<\/tr>\r\n<\/tbody>\r\n<\/table><br \/>\r\n<b>zum Beispiel:<\/b> \r\nI will <i class=\"text-danger\">have achieved<\/i> many things before you know it.\r\nNext week around this time we will <i class=\"text-danger\">have done<\/i> most of the work.\r\nHe will <i class=\"text-danger\">have eaten<\/i> all the snacks before midnight.\r\n\r\n<br \/>\r\n\r\n<div class=\"iframe-container\">\r\n<iframe loading=\"lazy\" width=\"560\" height=\"315\" src=\"https:\/\/www.youtube.com\/embed\/IpfxZDtvMl8\" frameborder=\"0\" allow=\"accelerometer; autoplay; clipboard-write; encrypted-media; gyroscope; picture-in-picture\" allowfullscreen><\/iframe><\/div><br \/>\r\n<table class=\"table table-bordered table-sm table-hover\">\r\n<h3>Will Future Perfect verneinter Aussagesatz &#8211; Bildung<\/h3> \r\nDie Verneinung des Will Future Perfect wird gebildet unter Zuhilfenahme des Hilfsverbs <i class=\"text-danger\">will + not<\/i> oder die Kurzform <i class=\"text-danger\">won&#8217;t<\/i>   und des Infinitiv Perfekt <i class=\"text-danger\">have + past participle<\/i>.\r\nAuch in der Verneinung wird das Verb im Future Perfect nicht gebeugt, bleibt also in allen Formen gleich.\r\n<table class=\"table table-bordered table-sm table-hover\">\r\n<thead>\r\n<tr class=\"table-danger\">\r\n<th>Personalpronomen<\/th>\r\n<th>I \/ you \/ he \/ she \/ it \/ we \/ they<\/th>\r\n<\/tr>\r\n<\/thead>\r\n<tbody>\r\n<tr class=\"table-primary\">\r\n<td><b>Hilfsverb<\/b><\/td>\r\n<td><b>will not \/ won&#8217;t<\/b><\/td>\r\n<\/tr>\r\n<tr class=\"table-warning\">\r\n<td><b>Infinitv Perfekt (&#8218;have&#8216; +&#8217;past participle&#8216;)<\/b><\/td>\r\n<td><b>have watched.<\/b><\/td>\r\n<\/tr>\r\n<\/tbody>\r\n<\/table>\r\n\r\n<b>zum Beispiel:<\/b> \r\nHe won&#8217;t <i class=\"text-danger\">have cleaned up<\/i> his room again.\r\nWe will not <i class=\"text-danger\">have made any progress<\/i> by the end of the year.\r\nThey won&#8217;t  <i class=\"text-danger\">have done<\/i> an ounce of work when we arrive.\r\n\r\n<h3>Will Future Perfect Frage &#8211; Bildung<\/h3> \r\nDie Frage des Will Future Progressive wird gebildet unter Verwendung des Hilfsverbs <i class=\"text-danger\">will<\/i>  und des Infinitiv Perfect <i class=\"text-danger\">have +past participle<\/i>. Das Hilfsverb r\u00fcckt an den Satzanfang (Inversion), ansonsten bleibt der Satz gleich.\r\nAuch in der Frage bleibt das Verb im Future Perfect ungebeugt, bleibt also in allen Formen unver\u00e4ndert.\r\n\r\n<table class=\"table table-bordered table-sm table-hover\">\r\n<thead>\r\n<tr class=\"table-danger\">\r\n<th>Hilfsverb<\/th>\r\n<th>will<\/th>\r\n<\/tr>\r\n<\/thead>\r\n<tbody>\r\n<tr class=\"table-primary\">\r\n<td><b>Personalpronomen<\/b><\/td>\r\n<td><b>I \/ you \/ he \/ she \/ it \/ we \/ they<\/b><\/td>\r\n<\/tr>\r\n<tr class=\"table-warning\">\r\n<td><b>Infinitv Perfect (&#8218;have&#8216; + past participle)<\/b><\/td>\r\n<td><b>have watched?<\/b><\/td>\r\n<\/tr>\r\n<\/tbody>\r\n<\/table><br \/>\r\n\r\n<b>zum Beispiel:<\/b> \r\nWill she <i class=\"text-danger\">have done<\/i> his homework?\r\nWill they <i class=\"text-danger\">have eaten<\/i> all the snacks?\r\nWill he  <i class=\"text-danger\">have won<\/i> the Tour the France before he&#8217;s thirty?<br \/>\r\n<h3>Will Future Perfect Gebrauch<\/h3> \r\nDas Will Future Perfect wird verwendet, wenn man sich auf eine Handlung bezieht, die in der Zunkunft abeschlossen sein wird. Die deutsche Engsprechnung hierf\u00fcr w\u00e4re das Futur II.\r\n<b>zum Beispiel:<\/b> \r\nI will <i class=\"text-danger\">have done<\/i> all the work by tomorrow.\r\n\r\n<br \/>\r\n\r\n<b>Signalw\u00f6rter Will Future Perfect<\/b>\r\nTypische Signalw\u00f6rter f\u00fcr das Will Future Progressive w\u00e4ren <i class=\"text-danger\">by tomorrow, daybreak, midnight twelve o&#8217;clock, before, after, next week, year, month.<\/i>\r\n<table class=\"table table-bordered table-sm table-hover\">\r\n<thead>\r\n<tr class=\"table-danger\">\r\n<th>Signalw\u00f6rter Will Future Perfect<\/th>\r\n \r\n<\/thead>\r\n<tbody>\r\n<tr class=\"table-success\">\r\n\r\n<td><b>by tomorrow, daybreak, midnight twelve o&#8217;clock, before, after, next week, year, month<\/b><\/td>\r\n<\/tr>\r\n\r\n<\/table><br \/>\r\n<table class=\"table table-bordered table-sm table-hover\">\r\n<thead>\r\n<tr class=\"table-danger\">\r\n<th colspan=\"3\">Will Future Perfect &#8211; Gebrauch<\/th>\r\n \r\n<\/thead>\r\n<tbody>\r\n<tr class=\"table-success\">\r\n\r\n<td><b>Vergangenheit<\/b><\/td>\r\n<td><b>Gegenwart<\/b><\/td>\r\n<td><b>Zukunft<\/b><\/td>\r\n<\/tr>\r\n<tr class=\"table-primary\">\r\n\r\n<td colspan=\"2\"><b><\/b><\/td>\r\n\r\n<td><b>              x Future Perfect <\/b><\/td>\r\n<\/tr>\r\n\r\n<\/table><br \/>\r\n\r\n\r\n\r\n<img decoding=\"async\" loading=\"lazy\" class=\"img-responsive img-rounded\" width=\"400\" height=\"1000\" title=\"Future Progressive Aussagesatz\" src=\"https:\/\/english-munich.de\/training\/wp-content\/uploads\/2021\/01\/future-perfect-e1611341796502.jpg\" alt=\"future-perfect\">\r\n<\/div>","protected":false},"excerpt":{"rendered":"Will Future Perfect \u00dcbungen und Erkl\u00e4rungen Will Future Perfect \u00dcbungen Will Future Perfect Erkl\u00e4rungen Will Future Perfect bejahter Aussagesatz &#8211; Bildung Das Will Future Progressive wird gebildet unter Zuhilfenahme des Hilfsverbs will und des Infinitiv Perfekt have + past participle. Die gute Botschaft: Das Verb bleibt im Will Future Perfect ungebeugt. Somit \u00e4ndert es in [&hellip;]","protected":false},"author":3,"featured_media":0,"parent":0,"menu_order":0,"comment_status":"closed","ping_status":"closed","template":"","meta":[],"_links":{"self":[{"href":"https:\/\/english-munich.de\/training\/wp-json\/wp\/v2\/pages\/5059"}],"collection":[{"href":"https:\/\/english-munich.de\/training\/wp-json\/wp\/v2\/pages"}],"about":[{"href":"https:\/\/english-munich.de\/training\/wp-json\/wp\/v2\/types\/page"}],"author":[{"embeddable":true,"href":"https:\/\/english-munich.de\/training\/wp-json\/wp\/v2\/users\/3"}],"replies":[{"embeddable":true,"href":"https:\/\/english-munich.de\/training\/wp-json\/wp\/v2\/comments?post=5059"}],"version-history":[{"count":8,"href":"https:\/\/english-munich.de\/training\/wp-json\/wp\/v2\/pages\/5059\/revisions"}],"predecessor-version":[{"id":5068,"href":"https:\/\/english-munich.de\/training\/wp-json\/wp\/v2\/pages\/5059\/revisions\/5068"}],"wp:attachment":[{"href":"https:\/\/english-munich.de\/training\/wp-json\/wp\/v2\/media?parent=5059"}],"curies":[{"name":"wp","href":"https:\/\/api.w.org\/{rel}","templated":true}]}}