{"id":4982,"date":"2021-01-21T08:28:55","date_gmt":"2021-01-21T08:28:55","guid":{"rendered":"https:\/\/english-munich.de\/training\/?page_id=4982"},"modified":"2022-05-05T13:52:48","modified_gmt":"2022-05-05T13:52:48","slug":"will-future-perfect","status":"publish","type":"page","link":"https:\/\/english-munich.de\/training\/will-future-perfect\/","title":{"rendered":"Will Future Perfect bejaht"},"content":{"rendered":"<div class=\"jumbotron text-center\">\r\n<h2>Will Future Perfect Aufgaben<\/h2>\r\n\u00dcbungen zum Will Future Perfect  im bejahten Aussagesatz\r\n\r\n<\/div>\r\n<div class=\"bs-example\">\r\n<div class=\"accordion\" id=\"accordionExample\">\r\n<div class=\"card\">\r\n<div class=\"card-header\" id=\"headingOne\">\r\n<h2 class=\"mb-0\" style=\"color:#000\">\r\n                    <button type=\"button\" class=\"btn btn-link collapsed\" data-toggle=\"collapse\" data-target=\"#collapseOne\">Beispiel<\/button><\/h2>\r\n<\/div>\r\n<div id=\"collapseOne\" class=\"collapse\" aria-labelledby=\"headingOne\" data-parent=\"#accordionExample\">\r\n<div class=\"card-body\">\r\n<div class=\"form-inline\">\r\n<div>\r\n<b><span class=\"number\">\u24ff<\/span><\/b>In 20 years I <input type=\"text\" class=\"form-control\" id=\"panel-beispiel\" disabled=\"\" value=\"will have visited\"> <b><i>&nbsp;(visit)&nbsp;<\/i><\/b> many countries.\r\n<\/div><div>\r\nDie richtige L\u00f6sung ist: <b>will have visited<\/b> &nbsp;&nbsp;<button class=\"btn-lg btn-info\" type=\"button\" data-toggle=\"modal\" data-target=\"#myModal\">Tipp<\/button>\r\n<\/div>\r\n<\/div>\r\n<\/div>\r\n<\/div>\r\n<\/div>\r\n<\/div>\r\n<br \/><br \/>\r\n<div class=\"container well\">\r\n<h4>\u270d\ufe0f F\u00fclle die Verben in Klammern in der richtigen Form des <i>Will Future Perfect <\/i> in seiner bejahten in die L\u00fccken:<\/h4>\r\n\r\n<hr>\r\n\r\n<br \/>\r\n<div class=\"container\">\r\n<b><span class=\"number\">\u2776<\/span><\/b>By tomorrow we <input type=\"text\" class=\"form-control\" id=\"q0\" autocomplete=\"off\"><b><i>  (finish)<\/i><\/b> the project.\r\n<div class=\"row\">\r\n<div>\r\n<p id=\"correct0\" align=\"left\"><\/p>\r\n\r\n<\/div>\r\n<div>\r\n<a button=\"\" class=\"btn btn-success tipp0 hidden\" href=\"#1\" title=\"We will have finished...\" data-toggle=\"popover\" data-placement=\"top\" data-trigger=\"hover\" style=\"text-decoration: none; color:white;\" data-content=\"Das 'will-future-perfect' wird gebildet indem das Hauptverb in das past participle gesetzt, und durch die Hilfsverben 'will'  + 'have' erg\u00e4nzt wird, also \u2192 'will have finished\">Tipp<\/a><\/div>\r\n<\/div>\r\n<b><span class=\"number\">\u2777<\/span><\/b>In ten years they <input type=\"text\" class=\"form-control\" id=\"q1\" autocomplete=\"off\"><b><i>(make)<\/i><\/b> a lot of money.\r\n<div class=\"row\">\r\n<div>\r\n<p id=\"correct1\" align=\"left\"><\/p>\r\n\r\n<\/div>\r\n<div>\r\n<a button=\"\" class=\"btn btn-success tipp1 hidden\" href=\"#2\" title=\"We will have made...\" data-toggle=\"popover\" data-placement=\"top\" data-trigger=\"hover\" style=\"text-decoration: none; color:white;\" data-content=\"Das 'will-future-perfect' wird gebildet indem das Hauptverb in das past participle gesetzt, und durch die Hilfsverben 'will'  + 'have' erg\u00e4nzt wird, also \u2192 'will have made\">Tipp<\/a><\/div>\r\n<\/div>\r\n<b><span class=\"number\">\u2778<\/span><\/b>Once this is over, they <input type=\"text\" class=\"form-control\" id=\"q2\" autocomplete=\"off\"><b><i>(accept)<\/i><\/b> it.\r\n<div class=\"row\">\r\n<div>\r\n<p id=\"correct2\" align=\"left\"><\/p>\r\n\r\n<\/div>\r\n<div>\r\n<a button=\"\" class=\"btn btn-success tipp2 hidden\" align=\"left\" aria-hidden=\"true\" href=\"#3\" title=\"They will have accepted...\" data-toggle=\"popover\" data-placement=\"top\" data-trigger=\"hover\" style=\"text-decoration: none, color:white\" data-content=\"Das 'will-future-perfect' wird gebildet indem das Hauptverb in das past participle gesetzt, und durch die Hilfsverben 'will'  + 'have' erg\u00e4nzt wird, also \u2192 'will have accepted\">Tipp<\/a><\/div>\r\n<\/div>\r\n<span class=\"number\">\u2779<\/span>By the end of next week, we   <input type=\"text\" class=\"form-control\" id=\"q3\" autocomplete=\"off\"><b><i>(start)<\/i><\/b> phase 2.\r\n<div class=\"row\">\r\n<div>\r\n<p id=\"correct3\" align=\"left\"><\/p>\r\n\r\n<\/div>\r\n<div>\r\n<a button=\"\" class=\"btn btn-success tipp3 hidden\" aria-hidden=\"true\" href=\"#4\" title=\"We will have started...\" data-toggle=\"popover\" data-placement=\"top\" data-trigger=\"hover\" style=\"text-decoration: none, color:white\" data-content=\"Das 'will-future-perfect' wird gebildet indem das Hauptverb in das past participle gesetzt, und durch die Hilfsverben 'will'  + 'have' erg\u00e4nzt wird, also \u2192 'will have started\">Tipp<\/a><\/div>\r\n<\/div>\r\n<b><span class=\"number\">\u277a<\/span><\/b>You <input type=\"text\" class=\"form-control\" id=\"q4\" autocomplete=\"off\"><b><i>(get)<\/i><\/b> many insights after going there.\r\n<div class=\"row\">\r\n<div>\r\n<p id=\"correct4\" align=\"left\"><\/p>\r\n\r\n<\/div>\r\n<div>\r\n<a button=\"\" class=\"btn btn-success tipp4 hidden\" aria-hidden=\"true\" href=\"#5\" title=\"You will have got...\" data-toggle=\"popover\" data-placement=\"top\" data-trigger=\"hover\" style=\"text-decoration: none, color:white\" data-content=\"Das 'will-future-perfect' wird gebildet indem das Hauptverb in das past participle gesetzt, und durch die Hilfsverben 'will'  + 'have' erg\u00e4nzt wird, also \u2192 'will have got\">Tipp<\/a><\/div>\r\n<\/div>\r\n<b><span class=\"number\">\u277b<\/span><\/b>He <input type=\"text\" class=\"form-control\" id=\"q5\" autocomplete=\"off\"><b><i>(watch)<\/i><\/b> all episodes of GOT by the end of the day.\r\n<div class=\"row\">\r\n<div>\r\n<p id=\"correct5\" align=\"left\"><\/p>\r\n\r\n<\/div>\r\n<div>\r\n<a button=\"\" class=\"btn btn-success tipp5 hidden\" aria-hidden=\"true\" href=\"#6\" title=\"He will have watched...\" data-toggle=\"popover\" data-placement=\"top\" data-trigger=\"hover\" style=\"text-decoration: none, color:white\" data-content=\"Das 'will-future-perfect' wird gebildet indem das Hauptverb in das past participle gesetzt, und durch die Hilfsverben 'will'  + 'have' erg\u00e4nzt wird, also \u2192 'will have watched\">Tipp<\/a><\/div>\r\n<\/div>\r\n<b><span class=\"number\">\u277c<\/span><\/b>If you don&#8217;t hurry, he  <input type=\"text\" class=\"form-control\" id=\"q6\" autocomplete=\"off\"><b><i>(eat)<\/i><\/b> all the burgers.\r\n<div class=\"row\">\r\n<div>\r\n<p id=\"correct6\" align=\"left\"><\/p>\r\n\r\n<\/div>\r\n<div>\r\n<a button=\"\" class=\"btn btn-success tipp6 hidden\" aria-hidden=\"true\" href=\"#7\" title=\"He will have eaten...\" data-toggle=\"popover\" data-placement=\"top\" data-trigger=\"hover\" style=\"text-decoration: none, color:white\" data-content=\"Das 'will-future-perfect' wird gebildet indem das Hauptverb in das past participle gesetzt, und durch die Hilfsverben 'will'  + 'have' erg\u00e4nzt wird, \u2192 'will have eaten\">Tipp<\/a><\/div>\r\n<\/div>\r\n<b><span class=\"number\">\u277d<\/span><\/b>Boris  <input type=\"text\" class=\"form-control\" id=\"q7\" autocomplete=\"off\"><b><i>(lose)<\/i><\/b> his mind after the lockdown.\r\n<div class=\"row\">\r\n<div>\r\n<p id=\"correct7\" align=\"left\"><\/p>\r\n\r\n<\/div>\r\n<div>\r\n<a button=\"\" class=\"btn btn-success tipp7 hidden\" href=\"#8\" title=\"Boris will have lost\" data-toggle=\"popover\" data-placement=\"top\" data-trigger=\"hover\" style=\"text-decoration: none, color:white\" data-content=\"Das 'will-future-perfect' wird gebildet indem das Hauptverb in das past participle gesetzt, und durch die Hilfsverben 'will'  + 'have' erg\u00e4nzt wird, also \u2192 'will have lost\">Tipp<\/a><\/div>\r\n<\/div>\r\n<b><span class=\"number\">\u277e<\/span><\/b>You <input type=\"text\" class=\"form-control\" id=\"q8\" autocomplete=\"off\"><b><i>(have)<\/i><\/b> best experience after these holidays.\r\n<div class=\"row\">\r\n<div>\r\n<p id=\"correct8\" align=\"left\"><\/p>\r\n\r\n<\/div>\r\n<div>\r\n<a button=\"\" class=\"btn btn-success tipp8 hidden\" href=\"#9\" title=\"You will have had...\" data-toggle=\"popover\" data-placement=\"top\" data-trigger=\"hover\" style=\"text-decoration: none, color:white\" data-content=\"Das 'will-future-perfect' wird gebildet indem das Hauptverb in das past participle gesetzt, und durch die Hilfsverben 'will'  + 'have' erg\u00e4nzt wird, also \u2192 will have had\">Tipp<\/a><\/div>\r\n<\/div>\r\n<b><span class=\"number\">\u277f<\/span><\/b>In two weeks you <input type=\"text\" class=\"form-control\" id=\"q9\" autocomplete=\"off\"><b><i>(forget)<\/i><\/b> about your ex.\r\n<div class=\"row\">\r\n<div>\r\n<p id=\"correct9\" align=\"left\"><\/p>\r\n\r\n<\/div>\r\n<div>\r\n<a button=\"\" class=\"btn btn-success tipp9 hidden\" href=\"#10\" title=\"You will have forgotten...\" data-toggle=\"popover\" data-placement=\"top\" data-trigger=\"hover\" style=\"text-decoration: none, color:white\" data-content=\"Das 'will-future-perfect' wird gebildet indem das Hauptverb in das past participle gesetzt, und durch die Hilfsverben 'will'  + 'have' erg\u00e4nzt wird, also \u2192 'will have forgotten\">Tipp<\/a><\/div>\r\n<\/div>\r\n<!-- The Modal -->\r\n<div id=\"myModal\" class=\"modal fade\">\r\n<div class=\"modal-dialog\">\r\n<div class=\"modal-content\">\r\n\r\n<!-- Modal Header -->\r\n<div class=\"modal-header\">\r\n<h4 class=\"modal-title\">Will Future Perfect bejaht<\/h4>\r\n<button class=\"close\" type=\"button\" data-dismiss=\"modal\">\u00d7<\/button>\r\n\r\n<\/div>\r\n<!-- Modal body -->\r\n<div class=\"modal-body\">\r\n<div class=\"container\">\r\n<h2>Will Future Perfect bejaht \u00dcbersicht<\/h2>\r\nTabelle f\u00fcr die Bildung des Will Future Perfect bejaht regelm\u00e4\u00dfig:\r\n<table class=\"table table-bordered table-sm table-hover\">\r\n<thead>\r\n<tr class=\"table-danger\">\r\n<th>Personalpronomen<\/th>\r\n<th>I \/ you \/ he \/ she \/ it \/ we \/ they<\/th>\r\n<\/tr>\r\n<\/thead>\r\n<tbody>\r\n<tr class=\"table-primary\">\r\n<td><b>Hilfsverb + have<\/b><\/td>\r\n<td><b>will have<\/b><\/td>\r\n<\/tr>\r\n<tr class=\"table-warning\">\r\n<td><b>Partizip Perfekt<\/b><\/td>\r\n<td><b>watched.<\/b><\/td>\r\n<\/tr>\r\n<\/tbody>\r\n<\/table>\r\n<\/div>\r\n<!-- Modal footer -->\r\n<div class=\"modal-footer\"><button class=\"btn btn-danger\" type=\"button\" data-dismiss=\"modal\">Close<\/button><\/div>\r\n<\/div>\r\n<\/div>\r\n<\/div>\r\n<\/div>\r\n<\/div>\r\n<\/div>\r\n<div class=\"container\">\r\n\r\n<hr>\r\n\r\n<button id=\"submitButton\" class=\"btn-lg btn-primary \" type=\"submit\" value=\"submit\">Pr\u00fcfen<\/button><button id=\"resetButton\" class=\"btn-lg btn-success\" type=\"submit\" onclick=\"refreshPage()\">Neustart<\/button><button id=\"submitButton\" class=\"btn-lg btn-info\" type=\"button\" value=\"submit\" data-toggle=\"modal\" data-target=\"#myModal\">Tipp<\/button>\r\n\r\n<hr>\r\n\r\n\r\n<p id=\"result\"><\/p>\r\n<p id=\"result2\"><\/p>\r\n<h3>Alle \u00dcbungen Will Future Perfect:<\/h3>\r\n<hr>\r\n<div id=\"bellows-main-40\" class=\"bellows bellows-nojs bellows-main bellows-source-menu bellows-align-full bellows-skin-vanilla bellows-type-\"><ul id=\"menu-will-future-perfect\" class=\"bellows-nav\" data-bellows-config=\"main\"><li id=\"menu-item-5041\" class=\"bellows-menu-item bellows-menu-item-type-post_type bellows-menu-item-object-page bellows-menu-item-5041 bellows-item-level-0\"><a  href=\"https:\/\/english-munich.de\/training\/will-future-perfect\/\" class=\"bellows-target\"><span class=\"bellows-target-title bellows-target-text\">\u270d\ufe0fWill Future Perfect bejaht<\/span><\/a><\/li>\n<li id=\"menu-item-5040\" class=\"bellows-menu-item bellows-menu-item-type-post_type bellows-menu-item-object-page bellows-menu-item-5040 bellows-item-level-0\"><a  href=\"https:\/\/english-munich.de\/training\/will-future-perfect-verneint\/\" class=\"bellows-target\"><span class=\"bellows-target-title bellows-target-text\">\u2611\ufe0fWill Future Perfect verneint<\/span><\/a><\/li>\n<li id=\"menu-item-5039\" class=\"bellows-menu-item bellows-menu-item-type-post_type bellows-menu-item-object-page bellows-menu-item-5039 bellows-item-level-0\"><a  href=\"https:\/\/english-munich.de\/training\/will-future-perfect-frage\/\" class=\"bellows-target\"><span class=\"bellows-target-title bellows-target-text\">\u270d\ufe0fWill Future Perfect Frage<\/span><\/a><\/li>\n<\/ul><\/div>\r\n<\/div>\r\n<\/div>","protected":false},"excerpt":{"rendered":"Will Future Perfect Aufgaben \u00dcbungen zum Will Future Perfect im bejahten Aussagesatz Beispiel \u24ffIn 20 years I &nbsp;(visit)&nbsp; many countries. Die richtige L\u00f6sung ist: will have visited &nbsp;&nbsp;Tipp \u270d\ufe0f F\u00fclle die Verben in Klammern in der richtigen Form des Will Future Perfect in seiner bejahten in die L\u00fccken: \u2776By tomorrow we (finish) the project. Tipp [&hellip;]","protected":false},"author":3,"featured_media":0,"parent":0,"menu_order":0,"comment_status":"closed","ping_status":"closed","template":"","meta":[],"_links":{"self":[{"href":"https:\/\/english-munich.de\/training\/wp-json\/wp\/v2\/pages\/4982"}],"collection":[{"href":"https:\/\/english-munich.de\/training\/wp-json\/wp\/v2\/pages"}],"about":[{"href":"https:\/\/english-munich.de\/training\/wp-json\/wp\/v2\/types\/page"}],"author":[{"embeddable":true,"href":"https:\/\/english-munich.de\/training\/wp-json\/wp\/v2\/users\/3"}],"replies":[{"embeddable":true,"href":"https:\/\/english-munich.de\/training\/wp-json\/wp\/v2\/comments?post=4982"}],"version-history":[{"count":32,"href":"https:\/\/english-munich.de\/training\/wp-json\/wp\/v2\/pages\/4982\/revisions"}],"predecessor-version":[{"id":11619,"href":"https:\/\/english-munich.de\/training\/wp-json\/wp\/v2\/pages\/4982\/revisions\/11619"}],"wp:attachment":[{"href":"https:\/\/english-munich.de\/training\/wp-json\/wp\/v2\/media?parent=4982"}],"curies":[{"name":"wp","href":"https:\/\/api.w.org\/{rel}","templated":true}]}}