{"id":4878,"date":"2021-01-20T08:36:49","date_gmt":"2021-01-20T08:36:49","guid":{"rendered":"https:\/\/english-munich.de\/training\/?page_id=4878"},"modified":"2021-01-20T14:11:36","modified_gmt":"2021-01-20T14:11:36","slug":"will-future-progressive-verneint","status":"publish","type":"page","link":"https:\/\/english-munich.de\/training\/will-future-progressive-verneint\/","title":{"rendered":"Will Future Progressive verneint"},"content":{"rendered":"<div class=\"jumbotron text-center\">\r\n<h2>Will Future Progressive Aufgaben<\/h2>\r\n\u00dcbungen zum Will Future Progressive im verneinten Aussagesatz\r\n\r\n<\/div>\r\n<div class=\"bs-example\">\r\n<div id=\"accordionExample\" class=\"accordion\">\r\n<div class=\"card\">\r\n<div id=\"headingOne\" class=\"card-header\">\r\n<h2 class=\"number\"><button class=\"btn btn-link collapsed\" type=\"button\" data-toggle=\"collapse\" data-target=\"#collapseOne\">Beispiel<\/button><\/h2>\r\n<\/div>\r\n<div id=\"collapseOne\" class=\"collapse\" aria-labelledby=\"headingOne\" data-parent=\"#accordionExample\">\r\n<div class=\"card-body\">\r\n<div class=\"form-group\" style=\"width: 70%; margin: 10px;\"><label for=\"sel1\"><span class=\"number\">\u24ff<\/span>We __________ Mr. Black in a long time.<\/label>\r\n<select id=\"beispiel\" class=\"form-control\">\r\n<option value=\"wrong\">won&#8217;t<\/option>\r\n<option value=\"correct\">won&#8217;t be seeing<\/option>\r\n<option value=\"wrong\">doesn&#8217;t <\/option>\r\n<\/select>\r\n\r\nDie richtige L\u00f6sung ist: <b>won&#8217;t be seeing<\/b>&nbsp;&nbsp;<button class=\"btn-lg btn-info\" type=\"button\" value=\"submit\" data-toggle=\"modal\" data-target=\"#myModal\">Tipp<\/button>\r\n\r\n<\/div>\r\n<\/div>\r\n<\/div>\r\n<\/div>\r\n<\/div>\r\n<br \/><br \/>\r\n<div class=\"container well\">\r\n<h4>\u2611\ufe0f W\u00e4hle die richtige Option des <i>will future progressive <\/i> in seiner verneinten Form:<\/h4>\r\n\r\n<hr>\r\n\r\n<br \/>\r\n<div class=\"container-fluid\">\r\n<div class=\"form-group\" style=\"width: 70%;\"><label for=\"sel1\"><span class=\"number\">\u2776<\/span>Leroy __________ all the lemonade, probably.<\/label>\r\n<select id=\"q0\" class=\"form-control\">\r\n<option value=\"wrong\"><\/option>\r\n<option value=\"correct\">won&#8217;t be drinking<\/option>\r\n<option value=\"wrong\">wills not drinking<\/option>\r\n<option value=\"wrong\">don&#8217;t will drinking<\/option>\r\n<\/select>\r\n<p id=\"correct0\" align=\"left\"><\/p>\r\n<a class=\"btn btn-success tipp0 hidden\" style=\"text-decoration: none, color:white;\" title=\"Harry won't be drinking\" href=\"#0\" data-toggle=\"popover\" data-placement=\"top\" data-trigger=\"hover\" data-content=\"Das 'will-future continous' wird verneint indem das Hauptverb in der Grundfrom durch das Hilfsverb 'will not'('won't' als Kurzform) und das Hauptverb durch den Infinitiv der Verlaufsform (be + -ing) erg\u00e4nzt wird, also \u2192 won't be drinking\">Tipp<\/a>\r\n\r\n<\/div>\r\n<div class=\"form-group\" style=\"width: 70%;\"><label for=\"sel1\"><span class=\"number\">\u2777<\/span>We __________ hamburgers if they are made of horsemeat.<\/label>\r\n<select id=\"q1\" class=\"form-control\">\r\n<option value=\"wrong\"><\/option>\r\n<option value=\"wrong\">don&#8217;t won&#8217;t be eat<\/option>\r\n<option value=\"correct\">will not be eating<\/option>\r\n<option value=\"wrong\">wills not eating<\/option>\r\n<\/select>\r\n<p id=\"correct1\" align=\"left\"><\/p>\r\n<a class=\"btn btn-success tipp1 hidden\" style=\"text-decoration: none, color:white;\" title=\"We will not be eating...\" href=\"#1\" data-toggle=\"popover\" data-placement=\"top\" data-trigger=\"hover\" data-content=\"Das 'will-future progressive' wird verneint indem das Hauptverb in der Grundfrom durch das Hilfsverb 'will not'('won't' als Kurzform) und das Hauptverb durch den Infinitiv der Verlaufsform (be + -ing) erg\u00e4nzt wird also \u2192 will not be eating\">Tipp<\/a>\r\n\r\n<\/div>\r\n<div class=\"form-group\" style=\"width: 70%;\"><label for=\"sel1\"><span class=\"number\">\u2778<\/span>I __________ to Hicksville, I can tell you that.<\/label>\r\n<select id=\"q2\" class=\"form-control\">\r\n<option value=\"wrong\"><\/option>\r\n<option value=\"correct\">won&#8217;t be moving<\/option>\r\n<option value=\"wrong\">not will move<\/option>\r\n<option value=\"wrong\">wills not move<\/option>\r\n<\/select>\r\n<p id=\"correct2\" align=\"left\"><\/p>\r\n<a class=\"btn btn-success tipp2 hidden\" style=\"text-decoration: none, color:white;\" title=\"I won't be moving...\" href=\"#2\" data-toggle=\"popover\" data-placement=\"top\" data-trigger=\"hover\" data-content=\"Das 'will-future progressive' wird verneint indem das Hauptverb in der Grundfrom durch das Hilfsverb 'will not'('won't' als Kurzform) und das Hauptverb durch den Infinitiv der Verlaufsform (be + -ing) erg\u00e4nzt wird also \u2192 won't be moving\">Tipp<\/a>\r\n\r\n<\/div>\r\n<div class=\"form-group\" style=\"width: 70%;\"><label for=\"sel1\"><span class=\"number\">\u2779<\/span> They __________  Berlin, not in this life.<\/label>\r\n<select id=\"q3\" class=\"form-control\">\r\n<option value=\"wrong\"><\/option>\r\n<option value=\"wrong\">not will leaving<\/option>\r\n<option value=\"correct\"> will not be leaving<\/option>\r\n<option value=\"wrong\">want not leaving<\/option>\r\n<\/select>\r\n<p id=\"correct3\" align=\"left\"><\/p>\r\n<a class=\"btn btn-success tipp3 hidden\" style=\"text-decoration: none, color:white;\" title=\"Your parents won't leave...\" href=\"#3\" data-toggle=\"popover\" data-placement=\"top\" data-trigger=\"hover\" data-content=\"Das 'will-future continous' wird verneint indem das Hauptverb in der Grundfrom durch das Hilfsverb 'will not'('won't' als Kurzform) und das Hauptverb durch den Infinitiv der Verlaufsform (be + -ing) erg\u00e4nzt wird also \u2192 will not be leaving\">Tipp<\/a>\r\n\r\n<\/div>\r\n<div class=\"form-group\" style=\"width: 70%;\"><label for=\"sel1\"><span class=\"number\">\u277a<\/span>They __________ cricket in Sweden ever.<\/label>\r\n<select id=\"q4\" class=\"form-control\">\r\n<option value=\"wrong\"><\/option>\r\n<option value=\"wrong\">not will playing<\/option>\r\n<option value=\"wrong\">don&#8217;t won&#8217;t playing<\/option>\r\n<option value=\"correct\">won&#8217;t be playing<\/option>\r\n<\/select>\r\n<p id=\"correct4\" align=\"left\"><\/p>\r\n<a class=\"btn btn-success tipp4 hidden\" style=\"text-decoration: none, color:white;\" title=\"They won't be playing...\" href=\"#4\" data-toggle=\"popover\" data-placement=\"top\" data-trigger=\"hover\" data-content=\"Das 'will-future progressive' wird verneint indem das Hauptverb in der Grundfrom durch das Hilfsverb 'will not'('won't' als Kurzform) und das Hauptverb durch den Infinitiv der Verlaufsform (be + -ing) erg\u00e4nzt wird also \u2192 won't be playing\">Tipp<\/a>\r\n\r\n<\/div>\r\n<div class=\"form-group\" style=\"width: 70%;\"><label for=\"sel1\"><span class=\"number\">\u277b<\/span>Ms.Blue __________ to England this year.<\/label>\r\n<select id=\"q5\" class=\"form-control\">\r\n<option value=\"wrong\"><\/option>\r\n<option value=\"wrong\">won&#8217;t not be go<\/option>\r\n<option value=\"wrong\">won&#8217;t be going not<\/option>\r\n<option value=\"correct\">will not be going<\/option>\r\n<\/select>\r\n<p id=\"correct5\" align=\"left\"><\/p>\r\n<a class=\"btn btn-success tipp5 hidden\" style=\"text-decoration: none, color:white;\" title=\"Ms.Brown will not be going...\" href=\"#5\" data-toggle=\"popover\" data-placement=\"top\" data-trigger=\"hover\" data-content=\"Das 'will-future progressive' wird verneint indem das Hauptverb in der Grundfrom durch das Hilfsverb 'will not'('won't' als Kurzform) und das Hauptverb durch den Infinitiv der Verlaufsform (be + -ing) erg\u00e4nzt wird also \u2192 won't be going\">Tipp<\/a>\r\n\r\n<\/div>\r\n<div class=\"form-group\" style=\"width: 70%;\"><label for=\"sel1\"><span class=\"number\">\u277c<\/span> The Jones __________ their car this year<\/label>\r\n<select id=\"q6\" class=\"form-control\">\r\n<option value=\"wrong\"><\/option>\r\n<option value=\"wrong\">won&#8217;t not be selling<\/option>\r\n<option value=\"correct\">won&#8217;t be selling<\/option>\r\n<option value=\"wrong\">not will sell<\/option>\r\n<\/select>\r\n<p id=\"correct6\" align=\"left\"><\/p>\r\n<a class=\"btn btn-success tipp6 hidden\" style=\"text-decoration: none, color:white;\" title=\"The Smiths won't be selling...\" href=\"#6\" data-toggle=\"popover\" data-placement=\"top\" data-trigger=\"hover\" data-content=\"Das 'will-future progressive' wird verneint indem das Hauptverb in der Grundfrom durch das Hilfsverb 'will not'('won't' als Kurzform) und das Hauptverb durch den Infinitiv der Verlaufsform (be + -ing) erg\u00e4nzt wird also \u2192 won't be selling\">Tipp<\/a>\r\n\r\n<\/div>\r\n<div class=\"form-group\" style=\"width: 70%;\"><label for=\"sel1\"><span class=\"number\">\u277d<\/span> We __________ this Saturday, I can tell you that.<\/label>\r\n<select id=\"q7\" class=\"form-control\">\r\n<option value=\"wrong\"><\/option>\r\n<option value=\"wrong\">won&#8217;t not working<\/option>\r\n<option value=\"wrong\">not will working<\/option>\r\n<option value=\"correct\">won&#8217;t be working<\/option>\r\n<\/select>\r\n<p id=\"correct7\" align=\"left\"><\/p>\r\n<a class=\"btn btn-success tipp7 hidden\" style=\"text-decoration: none, color:white;\" title=\"I won't be work...\" href=\"#7\" data-toggle=\"popover\" data-placement=\"top\" data-trigger=\"hover\" data-content=\"Das 'will-future continous' wird verneint indem das Hauptverb in der Grundfrom durch das Hilfsverb 'will not'('won't' als Kurzform)und das Hauptverb durch den Infinitiv der Verlaufsform (be + -ing)  erg\u00e4nzt wird also \u2192 won't be working\">Tipp<\/a>\r\n\r\n<\/div>\r\n<div class=\"form-group\" style=\"width: 70%;\"><label for=\"sel1\"><span class=\"number\">\u277e<\/span> We __________to Elivs all day, so much is clear.<\/label>\r\n<select id=\"q8\" class=\"form-control\">\r\n<option value=\"wrong\"><\/option>\r\n<option value=\"correct\">won&#8217;t be listening<\/option>\r\n<option value=\"wrong\">won&#8217;t listening<\/option>\r\n<option value=\"wrong\">not will be listening<\/option>\r\n<\/select>\r\n<p id=\"correct8\" align=\"left\"><\/p>\r\n<a class=\"btn btn-success tipp8 hidden\" style=\"text-decoration: none, color:white;\" title=\"We won't be listening...\" href=\"#8\" data-toggle=\"popover\" data-placement=\"top\" data-trigger=\"hover\" data-content=\"Das 'will-future progressive' wird verneint indem das Hauptverb in der Grundfrom durch das Hilfsverb 'will not'('won't' als Kurzform) und das Hauptverb durch den Infinitiv der Verlaufsform (be + -ing) erg\u00e4nzt wird also \u2192 won't be listening\">Tipp<\/a>\r\n\r\n<\/div>\r\n<div class=\"form-group\" style=\"width: 70%;\"><label for=\"sel1\"><span class=\"number\">\u277f<\/span> Our neighbors ________ if you don&#8217;t tell them.<\/label>\r\n<select id=\"q9\" class=\"form-control\">\r\n<option value=\"wrong\"><\/option>\r\n<option value=\"wrong\">don&#8217;t will be finding out<\/option>\r\n<option value=\"correct\">will not be finding out<\/option>\r\n<option value=\"wrong\">will be finding out not<\/option>\r\n<\/select>\r\n<p id=\"correct9\" align=\"left\"><\/p>\r\n<a class=\"btn btn-success tipp9 hidden\" style=\"text-decoration: none, color:white;\" title=\"Our neighbors won't be finding out...\" href=\"#9\" data-toggle=\"popover\" data-placement=\"top\" data-trigger=\"hover\" data-content=\"Das 'will-future progressive' wird verneint indem das Hauptverb in der Grundfrom durch das Hilfsverb 'will not'('won't' als Kurzform) und das Hauptverb durch den Infinitiv der Verlaufsform (be + -ing) erg\u00e4nzt wird also \u2192 won't be finding out\">Tipp<\/a>\r\n\r\n<!-- The Modal -->\r\n<div id=\"myModal\" class=\"modal fade\">\r\n<div class=\"modal-dialog\">\r\n<div class=\"modal-content\">\r\n\r\n<!-- Modal Header -->\r\n<div class=\"modal-header\">\r\n<h4 class=\"modal-title\">Will Future Progressive verneint<\/h4>\r\n<button class=\"close\" type=\"button\" data-dismiss=\"modal\">\u00d7<\/button>\r\n\r\n<\/div>\r\n<!-- Modal body -->\r\n<div class=\"modal-body\">\r\n<div class=\"container\">\r\n<h2>Will Future Progressive Verneint \u00dcbersicht<\/h2>\r\nDas Will Future Progressive wird verwendet, wenn etwas in der Zukunft \u00fcber einen unbestimmten Zeitraum abl\u00e4uft.\r\nTabelle f\u00fcr die Bildung des Will Future Progressive in seiner regelm\u00e4\u00dfigen, verneinten Form:\r\n<table class=\"table table-bordered table-sm table-hover\">\r\n<thead>\r\n<tr class=\"table-danger\">\r\n<th>Personalpronomen<\/th>\r\n<th>I \/ you \/ he \/ she \/ it \/ we \/ they<\/th>\r\n<\/tr>\r\n<\/thead>\r\n<tbody>\r\n<tr class=\"table-primary\">\r\n<td><b>Hilfsverb<\/b><\/td>\r\n<td><b>will not \/ won&#8217;t<\/b><\/td>\r\n<\/tr>\r\n<tr class=\"table-warning\">\r\n<td><b>Infinitv der Verlaufsform (&#8218;be&#8216; +&#8216;-ing&#8216;)<\/b><\/td>\r\n<td><b>be watching.<\/b><\/td>\r\n<\/tr>\r\n<\/tbody>\r\n<\/table>\r\n<\/div>\r\n<!-- Modal footer -->\r\n<div class=\"modal-footer\"><button class=\"btn btn-danger\" type=\"button\" data-dismiss=\"modal\">Close<\/button><\/div>\r\n<\/div>\r\n<\/div>\r\n<\/div>\r\n<\/div>\r\n<\/div>\r\n<\/div>\r\n<\/div>\r\n\r\n<hr>\r\n\r\n<div class=\"container\"><button id=\"submitButton\" class=\"btn-lg btn-primary \" type=\"submit\" value=\"submit\">Pr\u00fcfen<\/button><button id=\"resetButton\" class=\"btn-lg btn-success\" type=\"submit\" onclick=\"refreshPage()\">Neustart<\/button><button id=\"submitButton\" class=\"btn-lg btn-info\" type=\"submit\" value=\"submit\" data-toggle=\"modal\" data-target=\"#myModal\">Tipp<\/button><\/div>\r\n\r\n<hr>\r\n<p id=\"result\"><\/p>\r\n<p id=\"result2\"><\/p>\r\n\r\n<h3>Alle \u00dcbungen Will Future Progressive:<\/h3>\r\n<hr>\r\n<div id=\"bellows-main-39\" class=\"bellows bellows-nojs bellows-main bellows-source-menu bellows-align-full bellows-skin-vanilla bellows-type-\"><ul id=\"menu-will-future-progressive\" class=\"bellows-nav\" data-bellows-config=\"main\"><li id=\"menu-item-4910\" class=\"bellows-menu-item bellows-menu-item-type-post_type bellows-menu-item-object-page bellows-menu-item-4910 bellows-item-level-0\"><a  href=\"https:\/\/english-munich.de\/training\/will-future-progressive-frage\/\" class=\"bellows-target\"><span class=\"bellows-target-title bellows-target-text\">\u270d\ufe0fWill Future Progressive Frage<\/span><\/a><\/li>\n<li id=\"menu-item-4911\" class=\"bellows-menu-item bellows-menu-item-type-post_type bellows-menu-item-object-page bellows-menu-item-4911 bellows-item-level-0\"><a  href=\"https:\/\/english-munich.de\/training\/will-future-progressive-verneint\/\" class=\"bellows-target\"><span class=\"bellows-target-title bellows-target-text\">\u2611\ufe0fWill Future Progressive verneint<\/span><\/a><\/li>\n<li id=\"menu-item-4912\" class=\"bellows-menu-item bellows-menu-item-type-post_type bellows-menu-item-object-page bellows-menu-item-4912 bellows-item-level-0\"><a  href=\"https:\/\/english-munich.de\/training\/will-future-progressive-2\/\" class=\"bellows-target\"><span class=\"bellows-target-title bellows-target-text\">\u270d\ufe0fWill Future Progressive<\/span><\/a><\/li>\n<\/ul><\/div>\r\n\r\n<\/div>","protected":false},"excerpt":{"rendered":"Will Future Progressive Aufgaben \u00dcbungen zum Will Future Progressive im verneinten Aussagesatz Beispiel \u24ffWe __________ Mr. Black in a long time. won&#8217;t won&#8217;t be seeing doesn&#8217;t Die richtige L\u00f6sung ist: won&#8217;t be seeing&nbsp;&nbsp;Tipp \u2611\ufe0f W\u00e4hle die richtige Option des will future progressive in seiner verneinten Form: \u2776Leroy __________ all the lemonade, probably. won&#8217;t be drinking [&hellip;]","protected":false},"author":3,"featured_media":0,"parent":0,"menu_order":0,"comment_status":"closed","ping_status":"closed","template":"","meta":[],"_links":{"self":[{"href":"https:\/\/english-munich.de\/training\/wp-json\/wp\/v2\/pages\/4878"}],"collection":[{"href":"https:\/\/english-munich.de\/training\/wp-json\/wp\/v2\/pages"}],"about":[{"href":"https:\/\/english-munich.de\/training\/wp-json\/wp\/v2\/types\/page"}],"author":[{"embeddable":true,"href":"https:\/\/english-munich.de\/training\/wp-json\/wp\/v2\/users\/3"}],"replies":[{"embeddable":true,"href":"https:\/\/english-munich.de\/training\/wp-json\/wp\/v2\/comments?post=4878"}],"version-history":[{"count":10,"href":"https:\/\/english-munich.de\/training\/wp-json\/wp\/v2\/pages\/4878\/revisions"}],"predecessor-version":[{"id":4915,"href":"https:\/\/english-munich.de\/training\/wp-json\/wp\/v2\/pages\/4878\/revisions\/4915"}],"wp:attachment":[{"href":"https:\/\/english-munich.de\/training\/wp-json\/wp\/v2\/media?parent=4878"}],"curies":[{"name":"wp","href":"https:\/\/api.w.org\/{rel}","templated":true}]}}