{"id":4556,"date":"2021-01-17T10:07:39","date_gmt":"2021-01-17T10:07:39","guid":{"rendered":"https:\/\/english-munich.de\/training\/?page_id=4556"},"modified":"2021-05-14T11:02:51","modified_gmt":"2021-05-14T11:02:51","slug":"relativsatz-who-which-whom-whose","status":"publish","type":"page","link":"https:\/\/english-munich.de\/training\/relativsatz-who-which-whom-whose\/","title":{"rendered":"Relativsatz  who, which, whom, whose"},"content":{"rendered":"<div class=\"jumbotron text-center\">\r\n<h2>Relativpronomen \/ who\/which\/whose\/whom<\/h2>\r\nRelativpronomen im Nominativ, Genitiv, Dativ\r\n\r\n<\/div>\r\n<div class=\"bs-example\">\r\n<div class=\"accordion\" id=\"accordionExample\">\r\n<div class=\"card\">\r\n<div class=\"card-header\" id=\"headingOne\">\r\n<h2 class=\"mb-0\" style=\"color:#000\">\r\n                    <button type=\"button\" class=\"btn btn-link collapsed\" data-toggle=\"collapse\" data-target=\"#collapseOne\">Beispiel<\/button><\/h2>\r\n<\/div>\r\n<div id=\"collapseOne\" class=\"collapse\" aria-labelledby=\"headingOne\" data-parent=\"#accordionExample\">\r\n<div class=\"card-body\">\r\n<div class=\"form-inline\">\r\n<div>\r\n<b><span class=\"number\">\u24ff<\/span><\/b>The song<input type=\"text\" class=\"form-control\" id=\"panel-beispiel\" disabled=\"true\" value=\"which\"> is number one&#8230;\r\n<\/div><div>\r\nDie richtige L\u00f6sung ist: <b>The song which ist number one&#8230;.<\/b>&nbsp;&nbsp;<button class=\"btn-lg btn-info\" type=\"button\" data-toggle=\"modal\" data-target=\"#myModal\">Tipp<\/button>\r\n<\/div>\r\n<\/div>\r\n<\/div>\r\n<\/div>\r\n<\/div>\r\n<\/div>\r\n<br \/><br \/>\r\n<div class=\"container well\">\r\n<h4>\u270d\ufe0f F\u00fclle die richtigen Relativpronomen in die L\u00fccke (<b>who<\/b> f\u00fcr Personen, <b>which<\/b> f\u00fcr Dinge, <b>whose<\/b> f\u00fcr den Genitiv(dessen), <b>whom<\/b> f\u00fcr den Dativ(dem):<\/h4>\r\n\r\n<hr>\r\n\r\n<br \/>\r\n<div class=\"container\">\r\n<b><span class=\"number\">\u2776<\/span><\/b>We have a car <input type=\"text\" class=\"form-control\" id=\"q0\" autocomplete=\"off\"> door is broken.\r\n<div class=\"row\">\r\n<div>\r\n<p id=\"correct0\" align=\"left\"><\/p>\r\n\r\n<\/div>\r\n<div>\r\n<a button=\"\" class=\"btn btn-success tipp0 hidden\" href=\"#1\" title=\"...a car, whose...\" data-toggle=\"popover\" data-placement=\"top\" data-trigger=\"hover\" style=\"text-decoration: none; color:white;\" data-content=\"'whose\" bezieht=\"\" sich=\"\" auf=\"\" die=\"\" autot\u00fcr,=\"\" kann=\"\" in=\"\" deutschen=\"\" mit=\"\" 'dessen'=\"\" \u00fcbersetzt=\"\" werden.\u2794'whose'=\"\" \"=\"\">Tipp<\/a><\/div>\r\n<\/div>\r\n<b><span class=\"number\">\u2777<\/span><\/b>To <input type=\"text\" class=\"form-control\" id=\"q1\" autocomplete=\"off\"> did you speak about the problem?\r\n<div class=\"row\">\r\n<div>\r\n<p id=\"correct1\" align=\"left\"><\/p>\r\n\r\n<\/div>\r\n<div>\r\n<a button=\"\" class=\"btn btn-success tipp1 hidden\" href=\"#2\" title=\"To whom did you speak...\" data-toggle=\"popover\" data-placement=\"top\" data-trigger=\"hover\" style=\"text-decoration: none; color:white;\" data-content=\"Das Relativpronomen bezieht sich auf eine Person und ist im Dativ ('mit wem') \u2794 'whom' b\">Tipp<\/a><\/div>\r\n<\/div>\r\n<b><span class=\"number\">\u2778<\/span><\/b>The man <input type=\"text\" class=\"form-control\" id=\"q2\" autocomplete=\"off\"> wrote the novel is very famous.\r\n<div class=\"row\">\r\n<div>\r\n<p id=\"correct2\" align=\"left\"><\/p>\r\n\r\n<\/div>\r\n<div>\r\n<a button=\"\" class=\"btn btn-success tipp2 hidden\" align=\"left\" aria-hidden=\"true\" href=\"#3\" title=\"The man who...\" data-toggle=\"popover\" data-placement=\"top\" data-trigger=\"hover\" style=\"text-decoration: none, color:white\" data-content=\"'man' ist eine Person und das Subjekt des Satzes(der), du musst also 'who' als Relativpronomen verwenden.\">Tipp<\/a><\/div>\r\n<\/div>\r\n<span class=\"number\">\u2779<\/span>My cat is the only thing <input type=\"text\" class=\"form-control\" id=\"q3\" autocomplete=\"off\"> makes me happy\ud83d\udc31.\r\n<div class=\"row\">\r\n<div>\r\n<p id=\"correct3\" align=\"left\"><\/p>\r\n\r\n<\/div>\r\n<div>\r\n<a button=\"\" class=\"btn btn-success tipp3 hidden\" aria-hidden=\"true\" href=\"#4\" title=\"...the thing which...\" data-toggle=\"popover\" data-placement=\"top\" data-trigger=\"hover\" style=\"text-decoration: none, color:white\" data-content=\"Katze ist ein Ding(zumindest grammatikalisch) \u2794 'which' \">Tipp<\/a><\/div>\r\n<\/div>\r\n<b><span class=\"number\">\u277a<\/span><\/b>I like to call her the girl <input type=\"text\" class=\"form-control\" id=\"q4\" autocomplete=\"off\"> knows what&#8217;s going on.\r\n<div class=\"row\">\r\n<div>\r\n<p id=\"correct4\" align=\"left\"><\/p>\r\n\r\n<\/div>\r\n<div>\r\n<a button=\"\" class=\"btn btn-success tipp4 hidden\" aria-hidden=\"true\" href=\"#5\" title=\"...the girl who knows...\" data-toggle=\"popover\" data-placement=\"top\" data-trigger=\"hover\" style=\"text-decoration: none, color:white\" data-content=\"'The girl' ist eine Person, deswegen 'who'. Das Relativpronomen ist das Subjekt des Satzs\">Tipp<\/a><\/div>\r\n<\/div>\r\n<b><span class=\"number\">\u277b<\/span><\/b>I love people  <input type=\"text\" class=\"form-control\" id=\"q5\" autocomplete=\"off\"> ideas are original.\r\n<div class=\"row\">\r\n<div>\r\n<p id=\"correct5\" align=\"left\"><\/p>\r\n\r\n<\/div>\r\n<div>\r\n<a button=\"\" class=\"btn btn-success tipp5 hidden\" aria-hidden=\"true\" href=\"#6\" title=\"...whose ideas...\" data-toggle=\"popover\" data-placement=\"top\" data-trigger=\"hover\" style=\"text-decoration: none, color:white\" data-content=\"Das Relativpronomen ist im Genitiv ('dessen') \u2794 'which'\">Tipp<\/a><\/div>\r\n<\/div>\r\n<b><span class=\"number\">\u277c<\/span><\/b>This is the thing  <input type=\"text\" class=\"form-control\" id=\"q6\" autocomplete=\"off\"> was missing.\r\n<div class=\"row\">\r\n<div>\r\n<p id=\"correct6\" align=\"left\"><\/p>\r\n\r\n<\/div>\r\n<div>\r\n<a button=\"\" class=\"btn btn-success tipp6 hidden\" aria-hidden=\"true\" href=\"#7\" title=\"...the thing which...\" data-toggle=\"popover\" data-placement=\"top\" data-trigger=\"hover\" style=\"text-decoration: none, color:white\" data-content=\"'The thing ist eine Sache' und Subjekt des Satzes als 'which'\">Tipp<\/a><\/div>\r\n<\/div>\r\n<b><span class=\"number\">\u277d<\/span><\/b>To <input type=\"text\" class=\"form-control\" id=\"q7\" autocomplete=\"off\"> did you give the report?\r\n<div class=\"row\">\r\n<div>\r\n<p id=\"correct7\" align=\"left\"><\/p>\r\n\r\n<\/div>\r\n<div>\r\n<a button=\"\" class=\"btn btn-success tipp7 hidden\" href=\"#8\" title=\"To whom did you give......\" data-toggle=\"popover\" data-placement=\"top\" data-trigger=\"hover\" style=\"text-decoration: none, color:white\" data-content=\"Das Relativpronomen ist im Dativ (wem) \u2794 'whom' \">Tipp<\/a><\/div>\r\n<\/div>\r\n<b><span class=\"number\">\u277e<\/span><\/b> She said: I want a man <input type=\"text\" class=\"form-control\" id=\"q8\" autocomplete=\"off\"> nose is small.\r\n<div class=\"row\">\r\n<div>\r\n<p id=\"correct8\" align=\"left\"><\/p>\r\n\r\n<\/div>\r\n<div>\r\n<a button=\"\" class=\"btn btn-success tipp8 hidden\" href=\"#9\" title=\"...a man whose...\" data-toggle=\"popover\" data-placement=\"top\" data-trigger=\"hover\" style=\"text-decoration: none, color:white\" data-content=\"'Man' ist eine Person. Das Relativpronomen ist im Genitiv \u2794 'whose'\">Tipp<\/a><\/div>\r\n<\/div>\r\n<b><span class=\"number\">\u277f<\/span><\/b>Honduras is the country<input type=\"text\" class=\"form-control\" id=\"q9\" autocomplete=\"off\"> is the most beautiful.\r\n<div class=\"row\">\r\n<div>\r\n<p id=\"correct9\" align=\"left\"><\/p>\r\n\r\n<\/div>\r\n<div>\r\n<a button=\"\" class=\"btn btn-success tipp9 hidden\" href=\"#10\" title=\"...the country which...\" data-toggle=\"popover\" data-placement=\"top\" data-trigger=\"hover\" style=\"text-decoration: none, color:white\" data-content=\"Das Relativpronomen bezieht sich auf einen Gegestand und ist im Nominativ \u2794 'which'\">Tipp<\/a><\/div>\r\n<\/div>\r\n<!-- The Modal -->\r\n<div id=\"myModal\" class=\"modal fade\">\r\n<div class=\"modal-dialog\">\r\n<div class=\"modal-content\">\r\n\r\n<!-- Modal Header -->\r\n<div class=\"modal-header\">\r\n<h4 class=\"modal-title\">Relativsatz who, which, whose, whom<\/h4>\r\n<button class=\"close\" type=\"button\" data-dismiss=\"modal\">\u00d7<\/button>\r\n\r\n<\/div>\r\n<!-- Modal body -->\r\n<div class=\"modal-body\">\r\n<h2>Relativs\u00e4tze<\/h2>\r\n\u00dcbersicht \u00fcber Relativs\u00e4tze\r\n<table class=\"table table-bordered table-sm\">\r\n<tbody>\r\n<tr class=\"table-danger\">\r\n<td>He is a tall man.<\/td>\r\n<td>He<\/td>\r\n<td>drinks lemonade .<\/td>\r\n<\/tr>\r\n<tr class=\"table-warning\">\r\n<td><\/td>\r\n<td><i class=\"fas fa-angle-double-down\" style=\"font-size:24px\"><\/i><\/td>\r\n<td><\/td>\r\n<\/tr>\r\n<tr class=\"table-success\">\r\n<td>The man<\/td>\r\n<td>who<\/td>\r\n<td>drinks lemonade is tall.<\/td>\r\n<\/tr>\r\n<\/tbody>\r\n<tbody>\r\n<tr class=\"table-danger\">\r\n<td>It is a beautiful flower.<\/td>\r\n<td>It<\/td>\r\n<td>is green .<\/td>\r\n<\/tr>\r\n<tr class=\"table-warning\">\r\n<td><\/td>\r\n<td><i class=\"fas fa-angle-double-down\" style=\"font-size:24px\"><\/i><\/td>\r\n<td><\/td>\r\n<\/tr>\r\n<tr class=\"table-success\">\r\n<td>The flower<\/td>\r\n<td>which<\/td>\r\n<td>is beautiful is green.<\/td>\r\n<\/tr>\r\n<\/tbody>\r\n<tbody>\r\n<tr class=\"table-danger\">\r\n<td>There is car.<\/td>\r\n<td>Its<\/td>\r\n<td>door is broken .<\/td>\r\n<\/tr>\r\n<tr class=\"table-warning\">\r\n<td><\/td>\r\n<td><i class=\"fas fa-angle-double-down\" style=\"font-size:24px\"><\/i><\/td>\r\n<td><\/td>\r\n<\/tr>\r\n<tr class=\"table-success\">\r\n<td>There is a car whose<\/td>\r\n<td>whose<\/td>\r\n<td>door is broken.<\/td>\r\n<\/tr>\r\n<\/tbody>\r\n<tbody>\r\n<tr class=\"table-danger\">\r\n<td>There is a man I want to talk to<\/td>\r\n<td>him<\/td>\r\n<td><\/td>\r\n<\/tr>\r\n<tr class=\"table-warning\">\r\n<td><\/td>\r\n<td><i class=\"fas fa-angle-double-down\" style=\"font-size:24px\"><\/i><\/td>\r\n<td><\/td>\r\n<\/tr>\r\n<tr class=\"table-success\">\r\n<td>There is a man<\/td>\r\n<td>to whom<\/td>\r\n<td>I want to talk.<\/td>\r\n<\/tr>\r\n<\/tbody>\r\n<\/table>\r\n<\/div>\r\n<!-- Modal footer -->\r\n<div class=\"modal-footer\"><button class=\"btn btn-danger\" type=\"button\" data-dismiss=\"modal\">Close<\/button><\/div>\r\n<\/div>\r\n<\/div>\r\n<\/div>\r\n<\/div>\r\n<\/div>\r\n<div class=\"container\">\r\n\r\n<hr>\r\n\r\n<button id=\"submitButton\" class=\"btn-lg btn-primary \" type=\"submit\" value=\"submit\">Pr\u00fcfen<\/button><button id=\"resetButton\" class=\"btn-lg btn-success\" type=\"submit\" onclick=\"refreshPage()\">Neustart<\/button><button id=\"submitButton\" class=\"btn-lg btn-info\" type=\"button\" value=\"submit\" data-toggle=\"modal\" data-target=\"#myModal\">Tipp<\/button>\r\n\r\n<hr>\r\n<p id=\"result\"><\/p>\r\n<p id=\"result2\"><\/p>\r\n\r\n<h2>Relativs\u00e4tze \u00dcbungen<\/h2>\r\n\r\n<hr>\r\n\r\n<div id=\"bellows-main-32\" class=\"bellows bellows-nojs bellows-main bellows-source-menu bellows-align-full bellows-skin-vanilla bellows-type-\"><ul id=\"menu-relativsatze\" class=\"bellows-nav\" data-bellows-config=\"main\"><li id=\"menu-item-4367\" class=\"bellows-menu-item bellows-menu-item-type-post_type bellows-menu-item-object-page bellows-menu-item-4367 bellows-item-level-0\"><a  href=\"https:\/\/english-munich.de\/training\/relativsatze\/\" class=\"bellows-target\"><span class=\"bellows-target-title bellows-target-text\">\u270d\ufe0fRelativs\u00e4tze<\/span><\/a><\/li>\n<li id=\"menu-item-4369\" class=\"bellows-menu-item bellows-menu-item-type-post_type bellows-menu-item-object-page bellows-menu-item-4369 bellows-item-level-0\"><a  href=\"https:\/\/english-munich.de\/training\/relativpronomen\/\" class=\"bellows-target\"><span class=\"bellows-target-title bellows-target-text\">\u2611\ufe0fRelativsatz<\/span><\/a><\/li>\n<li id=\"menu-item-4365\" class=\"bellows-menu-item bellows-menu-item-type-post_type bellows-menu-item-object-page bellows-menu-item-4365 bellows-item-level-0\"><a  href=\"https:\/\/english-munich.de\/training\/relativsatz-contact-clause\/\" class=\"bellows-target\"><span class=\"bellows-target-title bellows-target-text\">\u270d\ufe0fRelativsatz \/ Contact Clause<\/span><\/a><\/li>\n<li id=\"menu-item-4366\" class=\"bellows-menu-item bellows-menu-item-type-post_type bellows-menu-item-object-page bellows-menu-item-4366 bellows-item-level-0\"><a  href=\"https:\/\/english-munich.de\/training\/relativsatz-contact-clause-2\/\" class=\"bellows-target\"><span class=\"bellows-target-title bellows-target-text\">\u2611\ufe0fRelativsatz \/ Contact Clause<\/span><\/a><\/li>\n<li id=\"menu-item-4592\" class=\"bellows-menu-item bellows-menu-item-type-post_type bellows-menu-item-object-page bellows-menu-item-4592 bellows-item-level-0\"><a  href=\"https:\/\/english-munich.de\/training\/relativsatz-who-which-whom-whose\/\" class=\"bellows-target\"><span class=\"bellows-target-title bellows-target-text\">\u270d\ufe0f  who, which, whom, whose<\/span><\/a><\/li>\n<\/ul><\/div><\/div>\r\n<\/div>","protected":false},"excerpt":{"rendered":"Relativpronomen \/ who\/which\/whose\/whom Relativpronomen im Nominativ, Genitiv, Dativ Beispiel \u24ffThe song is number one&#8230; Die richtige L\u00f6sung ist: The song which ist number one&#8230;.&nbsp;&nbsp;Tipp \u270d\ufe0f F\u00fclle die richtigen Relativpronomen in die L\u00fccke (who f\u00fcr Personen, which f\u00fcr Dinge, whose f\u00fcr den Genitiv(dessen), whom f\u00fcr den Dativ(dem): \u2776We have a car door is broken.","protected":false},"author":3,"featured_media":0,"parent":0,"menu_order":0,"comment_status":"closed","ping_status":"closed","template":"","meta":[],"_links":{"self":[{"href":"https:\/\/english-munich.de\/training\/wp-json\/wp\/v2\/pages\/4556"}],"collection":[{"href":"https:\/\/english-munich.de\/training\/wp-json\/wp\/v2\/pages"}],"about":[{"href":"https:\/\/english-munich.de\/training\/wp-json\/wp\/v2\/types\/page"}],"author":[{"embeddable":true,"href":"https:\/\/english-munich.de\/training\/wp-json\/wp\/v2\/users\/3"}],"replies":[{"embeddable":true,"href":"https:\/\/english-munich.de\/training\/wp-json\/wp\/v2\/comments?post=4556"}],"version-history":[{"count":16,"href":"https:\/\/english-munich.de\/training\/wp-json\/wp\/v2\/pages\/4556\/revisions"}],"predecessor-version":[{"id":9889,"href":"https:\/\/english-munich.de\/training\/wp-json\/wp\/v2\/pages\/4556\/revisions\/9889"}],"wp:attachment":[{"href":"https:\/\/english-munich.de\/training\/wp-json\/wp\/v2\/media?parent=4556"}],"curies":[{"name":"wp","href":"https:\/\/api.w.org\/{rel}","templated":true}]}}