{"id":4496,"date":"2021-01-16T17:45:11","date_gmt":"2021-01-16T17:45:11","guid":{"rendered":"https:\/\/english-munich.de\/training\/?page_id=4496"},"modified":"2021-11-09T08:55:27","modified_gmt":"2021-11-09T08:55:27","slug":"frageworter-mit-prapsitionen","status":"publish","type":"page","link":"https:\/\/english-munich.de\/training\/frageworter-mit-prapsitionen\/","title":{"rendered":"Fragew\u00f6rter mit Pr\u00e4positionen"},"content":{"rendered":"<div class=\"jumbotron text-center\">\r\n<h2>Fragew\u00f6rter mitPr\u00e4positionen<\/h2>\r\nFragew\u00f6rter mit Pr\u00e4positionen\r\n<\/div>\r\n<div class=\"bs-example\">\r\n<div id=\"accordionExample\" class=\"accordion\">\r\n<div class=\"card\">\r\n<div id=\"headingOne\" class=\"card-header\">\r\n<h2 class=\"mb-0\" style=\"color: #000;\"><button class=\"btn btn-link collapsed\" type=\"button\" data-toggle=\"collapse\" data-target=\"#collapseOne\">Beispiel<\/button><\/h2>\r\n<\/div>\r\n<div id=\"collapseOne\" class=\"collapse\" aria-labelledby=\"headingOne\" data-parent=\"#accordionExample\">\r\n<div class=\"card-body\">\r\n<div class=\"form-group\" style=\"width: 70%; margin: 10px;\"><label for=\"sel1\">\r\n<p class=\"text\">Mit wem bist Du gegangen?<\/p>\r\n<div class=\"row\">\r\n    <span class=\"number\">\u24ff<\/span><input type=\"text\" id=\"example\" value=\"who\" class=\"form-control\" disabled=\"true\">\r\n<p class=\"text\">did you go<\/p>\r\n        <input type=\"text\" id=\"example1\" class=\"form-control\" autocomplete=\"off\" disabled=\"true\" value=\"with\">\r\n<p class=\"text\">?&nbsp;<\/p>\r\n\r\n<\/div>\r\n<div>\r\n<p class=\"text\"><i>die richtige L\u00f6sung ist: <b>Who did you go with?<\/b><\/i>&nbsp;&nbsp;<button id=\"submitButton\" class=\"btn-lg btn-info\" type=\"button\" value=\"submit\" data-toggle=\"modal\" data-target=\"#myModal\">Tipp<\/button><\/p>\r\n\r\n<\/div>\r\n<\/label><\/div>\r\n<\/div>\r\n<\/div>\r\n<\/div>\r\n<\/div>\r\n<\/div>\r\n<br \/><br \/>\r\n<div class=\"container well\">\r\n<h4>\u270d\ufe0f \u00dcbersetze den obenstehenden Satz, unter Zuhilfenahme der Vorgaben. F\u00fclle jeweils das richtige Fragewort, bzw. die richtige Pr\u00e4postion in die L\u00fccke:<\/h4>\r\n\r\n<hr>\r\n\r\n<br \/>\r\n<div class=\"container\">\r\n<p class=\"text\">Wie hast du es erfahren?<\/p>\r\n<div class=\"row\">\r\n     <span class=\"number\">\u2776<\/span> <input type=\"text\" id=\"q0\" class=\"form-control\" autocomplete=\"off\">\r\n<p id=\"t0\" class=\"text\"> did you find out\r\n        <input type=\"text\" id=\"q1\" class=\"form-control\" autocomplete=\"off\">it ?<\/p>\r\n<p id=\"t1\" class=\"text\">\r\n\r\n<\/div>\r\n<div class=\"row\">\r\n<div>\r\n<p id=\"antwort0\"><\/p>\r\n\r\n<\/div>\r\n<div><a button=\"\" class=\"btn btn-success btn-sm tipp0 hidden\" href=\"#0\" title=\"How did you find out?\" data-toggle=\"popover\" data-placement=\"top\" data-trigger=\"hover\" data-content=\"'to find out about' bedeutet 'herausfinden', 'how \u2794 wie', Pr\u00e4position immer am Ende des Fragesatzes\">Tipp<\/a><\/div>\r\n<\/div>\r\n<p class=\"text\">Woher kommst du?<\/p>\r\n<div class=\"row\">\r\n        <span class=\"number\">\u2777<\/span>   <input type=\"text\" id=\"q2\" class=\"form-control\" autocomplete=\"off\">\r\n<p id=\"t2\" class=\"text\">do you come<\/p>\r\n        <input type=\"text\" id=\"q3\" class=\"form-control\" autocomplete=\"off\">\r\n<p id=\"t3\" class=\"text\">?<\/p>\r\n\r\n<\/div>\r\n<div class=\"row\">\r\n<div>\r\n<p id=\"antwort2\"><\/p>\r\n\r\n<\/div>\r\n<div><a button=\"\" class=\"btn btn-success btn-sm tipp2 hidden\" href=\"#1\" title=\"Where do you come from?\" data-toggle=\"popover\" data-placement=\"top\" data-trigger=\"hover\" data-content=\"'to come from' bedeutet 'herkommen', 'who \u2794 wer', Pr\u00e4position immer am Ende des Fragesatzes\">Tipp<\/a><\/div>\r\n<\/div>\r\n<p class=\"text\">Wann hast du davon geh\u00f6rt?<\/p>\r\n<div class=\"row\">\r\n        <span class=\"number\">\u2778<\/span><input type=\"text\" id=\"q4\" class=\"form-control\" autocomplete=\"off\">\r\n<p id=\"t4\" class=\"text\">did you hear\r\n        <input type=\"text\" id=\"q5\" class=\"form-control\" autocomplete=\"off\"> it ?<\/p>\r\n<p id=\"t5\" class=\"text\">\r\n<\/div>\r\n<div class=\"row\">\r\n<div>\r\n<p id=\"antwort4\"><\/p>\r\n\r\n<\/div>\r\n<div><a button=\"\" class=\"btn btn-success btn-sm tipp4 hidden\" href=\"#\" title=\"When did you hear about?\" data-toggle=\"popover\" data-placement=\"top\" data-trigger=\"hover\" data-content=\"'hear about' bedeutet 'davon h\u00f6ren', 'when \u2794 wann', Pr\u00e4position immer am Ende des Fragesatzes\">Tipp<\/a><\/div>\r\n<\/div>\r\n<p class=\"text\">Mit wem hast do gesprochen?<\/p>\r\n<div class=\"row\">\r\n        <span class=\"number\">\u2779<\/span><input type=\"text\" id=\"q6\" class=\"form-control\" autocomplete=\"off\">\r\n<p id=\"t6\" class=\"text\">did you speak<\/p>\r\n        <input type=\"text\" id=\"q7\" class=\"form-control\" autocomplete=\"off\">\r\n<p id=\"t7\" class=\"text\">?<\/p>\r\n\r\n<\/div>\r\n<div class=\"row\">\r\n<div>\r\n<p id=\"antwort6\"><\/p>\r\n\r\n<\/div>\r\n<div><a button=\"\" class=\"btn btn-success btn-sm tipp6 hidden\" href=\"#\" title=\"Who did you speak with?\" data-toggle=\"popover\" data-placement=\"top\" data-trigger=\"hover\" data-content=\"'to speak with' bedeutet 'mit jemandem sprechen', 'who \u2794 wem' (ist im diesem Fall der Dativ), Pr\u00e4position immer am Ende des Fragesatzes\">Tipp<\/a><\/div>\r\n<\/div>\r\n<p class=\"text\">Auf was freust du dich?<\/p>\r\n<div class=\"row\">\r\n        <span class=\"number\">\u277a<\/span><input type=\"text\" id=\"q8\" class=\"form-control\" autocomplete=\"off\">\r\n<p id=\"t8\" class=\"text\">do you look forward<\/p>\r\n        <input type=\"text\" id=\"q9\" class=\"form-control\" autocomplete=\"off\">\r\n<p id=\"t9\" class=\"text\">?<\/p>\r\n\r\n<\/div>\r\n<div class=\"row\">\r\n<div>\r\n<p id=\"antwort8\"><\/p>\r\n\r\n<\/div>\r\n<div><a button=\"\" class=\"btn btn-success btn-sm tipp8 hidden\" href=\"#\" title=\"What do you look forward to?\" data-toggle=\"popover\" data-placement=\"top\" data-trigger=\"hover\" data-content=\"'to look forward to' bedeutet 'sich auf etwas freuen', 'what \u2794 was', Pr\u00e4position immer am Ende des Fragesatzes\">Tipp<\/a><\/div>\r\n<\/div>\r\n<p class=\"text\">Was suchst du?<\/p>\r\n<div class=\"row\">\r\n        <span class=\"number\">\u277b<\/span><input type=\"text\" id=\"q10\" class=\"form-control\" autocomplete=\"off\">\r\n<p id=\"t10\" class=\"text\">are you looking <\/p>\r\n        <input type=\"text\" id=\"q11\" class=\"form-control\" autocomplete=\"off\">\r\n<p id=\"t11\" class=\"text\">?<\/p>\r\n\r\n<\/div>\r\n<div class=\"row\">\r\n<div>\r\n<p id=\"antwort10\"><\/p>\r\n\r\n<\/div>\r\n<div><a button=\"\" class=\"btn btn-success btn-sm tipp10 hidden\" href=\"#\" title=\"What are you looking for?\" data-toggle=\"popover\" data-placement=\"top\" data-trigger=\"hover\" data-content=\"'look for' bedeutet 'suchen', 'what \u2794 was', Pr\u00e4position immer am Ende des Fragesatzes\">Tipp<\/a><\/div>\r\n<\/div>\r\n<p class=\"text\">Auf wen wartest du?<\/p>\r\n<div class=\"row\">\r\n        <span class=\"number\">\u277c<\/span><input type=\"text\" id=\"q12\" class=\"form-control\" autocomplete=\"off\">\r\n<p id=\"t12\" class=\"text\">are you waiting <\/p>\r\n        <input type=\"text\" id=\"q13\" class=\"form-control\" autocomplete=\"off\">\r\n<p id=\"t13\" class=\"text\">?<\/p>\r\n\r\n<\/div>\r\n<div class=\"row\">\r\n<div>\r\n<p id=\"antwort12\"><\/p>\r\n\r\n<\/div>\r\n<div><a button=\"\" class=\"btn btn-success btn-sm tipp12 hidden\" href=\"#\" title=\"Who are you waiting for?\" data-toggle=\"popover\" data-placement=\"top\" data-trigger=\"hover\" data-content=\"'to wait for' bedeutet 'auf jemanden warten', 'who \u2794 wen',(in diesem Fall direktes Objekt); Pr\u00e4position immer am Ende des Fragesatzes\">Tipp<\/a><\/div>\r\n<\/div>\r\n<p class=\"text\">Wann wirst du es erfahren?<\/p>\r\n<div class=\"row\">\r\n        <span class=\"number\">\u277d<\/span><input type=\"text\" id=\"q14\" class=\"form-control\" autocomplete=\"off\">\r\n<p id=\"t14\" class=\"text\">will you know<\/p>\r\n        <input type=\"text\" id=\"q15\" class=\"form-control\" autocomplete=\"off\">\r\n<p id=\"t15\" class=\"text\">it ?<\/p>\r\n\r\n<\/div>\r\n<div class=\"row\">\r\n<div>\r\n<p id=\"antwort14\"><\/p>\r\n\r\n<\/div>\r\n<div><a button=\"\" class=\"btn btn-success btn-sm tipp14 hidden\" href=\"#\" title=\"When will you know about it?\" data-toggle=\"popover\" data-placement=\"top\" data-trigger=\"hover\" data-content=\"'to know about' bedeutet 'erfahren', 'when \u2794 wann', Pr\u00e4position immer am Ende des Fragesatzes\">Tipp<\/a><\/div>\r\n<\/div>\r\n<p class=\"text\">Wer hat dich dar\u00fcber informiert?<\/p>\r\n<div class=\"row\">\r\n        <span class=\"number\">\u277e<\/span><input type=\"text\" id=\"q16\" class=\"form-control\" autocomplete=\"off\">\r\n<p id=\"t16\" class=\"text\">informed you<\/p>\r\n        <input type=\"text\" id=\"q17\" class=\"form-control\" autocomplete=\"off\">\r\n<p id=\"t17\" class=\"text\"> it ?<\/p>\r\n\r\n<\/div>\r\n<div class=\"row\">\r\n<div>\r\n<p id=\"antwort16\"><\/p>\r\n\r\n<\/div>\r\n<div><a button=\"\" class=\"btn btn-success btn-sm tipp16 hidden\" href=\"#\" title=\"Who informed you about?\" data-toggle=\"popover\" data-placement=\"top\" data-trigger=\"hover\" data-content=\"'to inform about' bedeutet 'dar\u00fcber informieren', 'who \u2794 wer', Pr\u00e4position immer am Ende des Fragesatzes\">Tipp<\/a><\/div>\r\n<\/div>\r\n<p class=\"text\">Wann wurde dort eingebrochen?<\/p>\r\n<div class=\"row\">\r\n        <span class=\"number\">\u277f<\/span><input type=\"text\" id=\"q18\" class=\"form-control\" autocomplete=\"off\">\r\n<p id=\"t18\" class=\"text\">was it broken<\/p>\r\n        <input type=\"text\" id=\"q19\" class=\"form-control\" autocomplete=\"off\">\r\n<p id=\"t19\" class=\"text\">?<\/p>\r\n\r\n<\/div>\r\n<div class=\"row\">\r\n<div>\r\n<p id=\"antwort18\"><\/p>\r\n\r\n<\/div>\r\n<div><a button=\"\" class=\"btn btn-success btn-sm tipp18 hidden\" href=\"#\" title=\"Who broke into?\" data-toggle=\"popover\" data-placement=\"top\" data-trigger=\"hover\" data-content=\"'to break into' bedeutet 'einbrechen', 'who \u2794 wer', Pr\u00e4position immer am Ende des Fragesatzes\">Tipp<\/a><\/div>\r\n<\/div>\r\n<div><\/div>\r\n<\/div>\r\n<\/div>\r\n<!-- The Modal -->\r\n<div id=\"myModal\" class=\"modal\">\r\n<div class=\"modal-dialog\">\r\n<div class=\"modal-content\">\r\n\r\n<!-- Modal Header -->\r\n<div class=\"modal-header\">\r\n<h4 class=\"modal-title\">Fragew\u00f6rter mit Pr\u00e4positionen<\/h4>\r\n<button class=\"close\" type=\"button\" data-dismiss=\"modal\">\u00d7<\/button>\r\n\r\n<\/div>\r\n<!-- Modal body -->\r\n<div class=\"modal-body\"><table class=\"table table-bordered table-sm\">\r\n<tbody>\r\n<tr class=\"table-danger\">\r\n<td colspan=\"4\">\r\n<b>Fragew\u00f6rter mit Pr\u00e4postionen (Phrasal Verbs)<\/b><\/td>\r\n<\/tr>\r\n<tr class=\"table-info\">\r\n<td>\r\n  Deutsch<\/td>\r\n\r\n<td>\r\n  Mit wem<\/td>\r\n<td>\r\n  hast du<\/td>\r\n<td>\r\n  gesprochen?<\/td>\r\n<\/tr>\r\n<tr class=\"table-success\">\r\n<td>\r\n  Englisch<\/td>\r\n\r\n<td>\r\n  Who<\/td>\r\n<td>\r\n  did you speak<\/td>\r\n<td>\r\n  with?<\/td>\r\n<\/tr>\r\n<\/tbody>\r\n<\/table><\/div>\r\n<!-- Modal footer -->\r\n<div class=\"modal-footer\"><button class=\"btn btn-danger\" type=\"button\" data-dismiss=\"modal\">Close<\/button><\/div>\r\n<\/div>\r\n<\/div>\r\n<\/div>\r\n<div class=\"container\">\r\n\r\n<hr>\r\n\r\n<button id=\"test\" class=\"btn-lg btn-primary \" type=\"submit\" value=\"submit\">Pr\u00fcfen<\/button><button id=\"resetButton\" class=\"btn-lg btn-success\" type=\"submit\" onclick=\"refreshPage()\">Neustart<\/button><button id=\"submitButton\" class=\"btn-lg btn-info\" type=\"button\" value=\"submit\" data-toggle=\"modal\" data-target=\"#myModal\">Tipp<\/button>\r\n\r\n<hr>\r\n\r\n\r\n\r\n<p id=\"result\"><\/p>\r\n<p id=\"result2\"><\/p>\r\n<b><\/b>\r\n<h3>Alle \u00dcbungen im Simple Present<\/h3>\r\n<div id=\"bellows-main-34\" class=\"bellows bellows-nojs bellows-main bellows-source-menu bellows-align-full bellows-skin-vanilla bellows-type-\"><ul id=\"menu-frageworter\" class=\"bellows-nav\" data-bellows-config=\"main\"><li id=\"menu-item-4421\" class=\"bellows-menu-item bellows-menu-item-type-post_type bellows-menu-item-object-page bellows-menu-item-4421 bellows-item-level-0\"><a  href=\"https:\/\/english-munich.de\/training\/what-where-which-why\/\" class=\"bellows-target\"><span class=\"bellows-target-title bellows-target-text\">\u270d\ufe0fWhat, where, which , why\u2026<\/span><\/a><\/li>\n<li id=\"menu-item-4422\" class=\"bellows-menu-item bellows-menu-item-type-post_type bellows-menu-item-object-page bellows-menu-item-4422 bellows-item-level-0\"><a  href=\"https:\/\/english-munich.de\/training\/how-where-when-why\/\" class=\"bellows-target\"><span class=\"bellows-target-title bellows-target-text\">\u2611\ufe0fHow, where, when ,why<\/span><\/a><\/li>\n<li id=\"menu-item-4517\" class=\"bellows-menu-item bellows-menu-item-type-post_type bellows-menu-item-object-page bellows-menu-item-4517 bellows-item-level-0\"><a  href=\"https:\/\/english-munich.de\/training\/frageworter-mit-prapsitionen\/\" class=\"bellows-target\"><span class=\"bellows-target-title bellows-target-text\">\u270d\ufe0fFragew\u00f6rter mit Pr\u00e4positionen<\/span><\/a><\/li>\n<\/ul><\/div>\r\n<\/div>","protected":false},"excerpt":{"rendered":"Fragew\u00f6rter mitPr\u00e4positionen Fragew\u00f6rter mit Pr\u00e4positionen Beispiel Mit wem bist Du gegangen? \u24ff did you go ?&nbsp; die richtige L\u00f6sung ist: Who did you go with?&nbsp;&nbsp;Tipp \u270d\ufe0f \u00dcbersetze den obenstehenden Satz, unter Zuhilfenahme der Vorgaben. F\u00fclle jeweils das richtige Fragewort, bzw. die richtige Pr\u00e4postion in die L\u00fccke: Wie hast du es erfahren? \u2776 did you find [&hellip;]","protected":false},"author":3,"featured_media":0,"parent":0,"menu_order":0,"comment_status":"closed","ping_status":"closed","template":"","meta":[],"_links":{"self":[{"href":"https:\/\/english-munich.de\/training\/wp-json\/wp\/v2\/pages\/4496"}],"collection":[{"href":"https:\/\/english-munich.de\/training\/wp-json\/wp\/v2\/pages"}],"about":[{"href":"https:\/\/english-munich.de\/training\/wp-json\/wp\/v2\/types\/page"}],"author":[{"embeddable":true,"href":"https:\/\/english-munich.de\/training\/wp-json\/wp\/v2\/users\/3"}],"replies":[{"embeddable":true,"href":"https:\/\/english-munich.de\/training\/wp-json\/wp\/v2\/comments?post=4496"}],"version-history":[{"count":27,"href":"https:\/\/english-munich.de\/training\/wp-json\/wp\/v2\/pages\/4496\/revisions"}],"predecessor-version":[{"id":10290,"href":"https:\/\/english-munich.de\/training\/wp-json\/wp\/v2\/pages\/4496\/revisions\/10290"}],"wp:attachment":[{"href":"https:\/\/english-munich.de\/training\/wp-json\/wp\/v2\/media?parent=4496"}],"curies":[{"name":"wp","href":"https:\/\/api.w.org\/{rel}","templated":true}]}}