{"id":3609,"date":"2021-01-08T10:58:35","date_gmt":"2021-01-08T10:58:35","guid":{"rendered":"https:\/\/english-munich.de\/training\/?page_id=3609"},"modified":"2022-04-21T06:43:08","modified_gmt":"2022-04-21T06:43:08","slug":"gerund-to-infinitive-unterschied","status":"publish","type":"page","link":"https:\/\/english-munich.de\/training\/gerund-to-infinitive-unterschied\/","title":{"rendered":"Gerund to infinitive Unterschied"},"content":{"rendered":"<div class=\"container well\">\r\n<h2>Gerund to infinitive unterschiedlicher Gebrauch<\/h2>\r\nGerund to infinitive Unterschied\r\n<hr>\r\n<h2>Was ist ein Gerund?<\/h2>\r\nDas <a href=\"https:\/\/de.wikipedia.org\/wiki\/Gerundium\">Gerund<\/a> wird gebildet, indem man <i class=\"text-danger\">-ing<\/i> an die Grundfrom des Verbs anh\u00e4ngt.\r\nJedoch ist bei Verben die auf -e enden Vorsicht geboten:<br \/>\r\n<b>Stummes  <i>-e<\/i> entf\u00e4llt vor <i>-ing<\/i><\/b>\r\n<table class=\"table table-bordered table-sm\">\r\n<tbody>\r\n<tr class=\"table-danger>\r\n<td colspan=\" 3\"=\"\"><\/tr>\r\n<tr class=\"table-info\">\r\n<td>\r\n  <b><i>arrive<\/i><\/b><\/td>\r\n<td>\r\n  <b><i>live<\/i><\/b><\/td>\r\n<td>\r\n  <b><i>phone<\/i><\/b><\/td>\r\n<td>\r\n  <b><i>make<\/i><\/b><\/td>\r\n<\/tr>\r\n<tr class=\"table-success\">\r\n<td>\r\n  <b><i>arriving<\/i><\/b><\/td>\r\n<td>\r\n  <b><i>living<\/i><\/b><\/td>\r\n<td>\r\n  <b><i>phoning<\/i><\/b><\/td>\r\n<td>\r\n  <b><i>making<\/i><\/b><\/td>\r\n<\/tr>\r\n<\/tbody>\r\n<\/table>\r\nEbenso wird der Endkonsonant bei Verben verdoppelt, deren vorletzter Buchstabe ein Vokal ist, der kurz ausgesprochen wird:\r\n<table class=\"table table-bordered table-sm\">\r\n<tbody>\r\n<tr class=\"table-danger\">\r\n<td colspan=\"4\">\r\n<b>der Endkonsonant wird bei manchen Verben vor <i>-ing<\/i> verdoppelt:<\/b><\/td>\r\n<\/tr>\r\n<tr class=\"table-info\">\r\n<td>\r\n  <b><i>get<\/i><\/b><\/td>\r\n<td>\r\n  <b><i>stop<\/i><\/b><\/td>\r\n<td>\r\n  <b><i>hit<\/i><\/b><\/td>\r\n<td>\r\n  <b><i>swim<\/i><\/b><\/td>\r\n<\/tr>\r\n<tr class=\"table-success\">\r\n<td>\r\n  <b><i>getting<\/i><\/b><\/td>\r\n<td>\r\n  <b><i>stopping<\/i><\/b><\/td>\r\n<td>\r\n  <b><i>hitting<\/i><\/b><\/td>\r\n<td>\r\n  <b><i>swimming<\/i><\/b><\/td>\r\n<\/tr>\r\n<\/tbody>\r\n<\/table>\r\n<br \/>\r\n<h2>Gerund Gebrauch<\/h2>\r\n\r\nDas Gerund wird verwendet um ein <i class=\"text-danger\">Verb<\/i> in ein <i class=\"text-danger\">Hauptwort<\/i> zu verwandeln.<br \/>\r\nSwimming is fun \u2794 Schwimmen macht Spa\u00df.<br \/> Im Deutschen wird hier das Zeitwort einfach gro\u00df geschrieben, um denselben Effekt zu erzielen.<br \/>\r\nDas Gerund kann in diesem Zusammenhang als Satzaussage dienen, genauso wie als Satzerg\u00e4nzung:\r\n<br \/>zum Beispiel: <i>Playing tennis is fun.<\/i>  vs <i>I like playing tennis.<\/i><br \/>\r\nIm ersten Beispiel dient das Gerund als Subjekt des Satzes. W\u00e4hrend es im zweiten als Objekt fungiert.<br \/>\r\n<h2>Was ist der to infinitive?<\/h2>\r\nDer <i class=\"text-danger\">to infinitive<\/i> in seiner eigentlichen Form ist vergleichbar mit dem Deutschen <i>Infinitiv mit zu<\/i>. Er wird verwendet um eine Absicht oder zielf\u00fchrende Intention auszudr\u00fccken.<br \/>\r\nzum Beispiel: I spiele um zu gewinnen. \u2794 I play to win.<br \/>\r\nIm Englisch gibt es jedoch einige Verben deren Gebrauch unbedingt den <i class=\"text-danger\">to infinitive<\/i> nach sich ziehen.<br \/><br \/>\r\n<img decoding=\"async\" src=\"https:\/\/english-munich.de\/training\/wp-content\/uploads\/2022\/04\/infinitive-gerund-Unterschied.png\" alt=\"gerund-to-infinitive-unterschied\" title=\"gerund-to-infinitive-unterschied\"\/>\r\n<br \/><br \/>\r\n<h2>Gerund to infinitive Unterschied<\/h2>\r\n\r\nDer unterschiedliche Gebrauch beim to-infinive und dem Gerund ist f\u00fcr englisch Lernende Deutsche tats\u00e4chlich ein Problem. Denn die englische Sprache folgt teilweise dem Prinzip der Deutschen, manchmal geht sie jedoch eigene Wege:\r\nWenn du zum Beispiel sagst:\r\n\r\n<i>&#8222;I liebe es zu schwimmen&#8220;<\/i> hei\u00dft das auf Englisch <i class=\"text-danger\">&#8222;I love to swim&#8220;<\/i>. Du kannst aber auch sagen: <i class=\"text-danger\">&#8222;I love swimming.&#8220;<\/i>\r\nBei diesem Beispiel kannst du eigentlich keinen Fehler machen, denn die beiden S\u00e4tze unterscheiden sich in ihrer Bedeutung nur leicht.<i class=\"text-danger\"> &#8222;I love to swim&#8220;<\/i> bedeutet, dass du jetzt schwimmen willst, <i class=\"text-danger\">&#8222;I love swimming&#8220;<\/i> bedeutet, dass du generell gerne schwimmst.\r\n\r\nDiese Tatsache kannst Du noch unterstreichen, indem Du would voranstellst: <i class=\"text-danger\">&#8222;I would love to swim&#8220;.<\/i>\r\nIn diesem Zusammenhang musst Du aber unbedingt den to-infinitive verwenden, sonst ist der Satz grammatikalisch falsch.\r\n<br \/>\r\nEs gibt jedoch einige Verben, die den Gebrauch von Gerund bzw. to-infnitive nach sich ziehen. Diese findest Du in der nachstehenden Tabelle aufgelistet:\r\n<br \/>\r\n<table class=\"table table-bordered table-sm\">\r\n<tbody>\r\n<tr class=\"table-danger\">\r\n<th colspan=\"3\">Gerund \/ -ing Form: z.B. enjoy doing<\/th>\r\n<\/tr>\r\n<tr class=\"table-success\">\r\n<td>enjoy &#8211; genie\u00dfen<\/td>\r\n<td>carry on &#8211; weitermachen<\/td>\r\n<td>finish &#8211; aufh\u00f6ren<\/td>\r\n<\/tr>\r\n<tr class=\"table-warning\">\r\n<td>avoid &#8211; vermeiden<\/td>\r\n<td>imagine &#8211; sich vorstellen<\/td>\r\n<td>practice &#8211; \u00fcben<\/td>\r\n<\/tr>\r\n<tr class=\"table-info\">\r\n<td>risk &#8211; riskieren<\/td>\r\n<td>suggest &#8211; vorschlagen<\/td>\r\n<td>(not) mind &#8211; nichts ausmachen<\/td>\r\n<\/tr>\r\n<tr class=\"table-danger\">\r\n<th colspan=\"3\">to + Grundform: z.B. offer to help<\/th>\r\n<\/tr>\r\n<tr class=\"table-primary\">\r\n<td>afford &#8211; sich leisten<\/td>\r\n<td>decide &#8211; sich entscheiden<\/td>\r\n<td>hope &#8211; hoffen<\/td>\r\n<\/tr>\r\n<tr class=\"table-warning\">\r\n<td>manage &#8211; es schaffen<\/td>\r\n<td>offer &#8211; anbieten<\/td>\r\n<td>plan &#8211; planen<\/td>\r\n<\/tr>\r\n<tr class=\"table-info\">\r\n<td>promise &#8211; versprechen<\/td>\r\n<td>refuse &#8211; sich weigern<\/td>\r\n<td>seem &#8211; scheinen<\/td>\r\n<\/tr>\r\n<tr class=\"table-success\">\r\n<th colspan=\"3\">auf &#8218;love, hate, like und prefer&#8216; kann sowohl &#8218;-ing Form&#8216; als auch &#8218;to + Grundform&#8216; folgen.<\/th>\r\n<\/tr>\r\n<\/tbody>\r\n<\/table><div class=\"iframe-container\">\r\n<iframe loading=\"lazy\" width=\"560\" height=\"315\" src=\"https:\/\/www.youtube.com\/embed\/90bbvN3fFcU\" frameborder=\"0\" allow=\"accelerometer; autoplay; clipboard-write; encrypted-media; gyroscope; picture-in-picture\" allowfullscreen><\/iframe><\/div>\r\n<h2>Verben mit Bedeutungswechsel<\/h2>\r\nGerund to infinitive Unterschied extra fies:\r\nDas wirklich Gemeine an diesem Thema ist, dass auch Verben gibt, die je nachdem, ob das Verb mit dem Gerund oder dem to-infinitive verwendet wird, die Bedeutung wechseln.\r\nEin gutes Beispiel hierf\u00fcr ist das Verb to stop:\r\n<i>I stopped to smoke.<\/i> bedeutet: <i>ich habe angehalten, um zu rauchen<\/i>. vs. <i>I stopped smoking.<\/i> bedeutet: <i>ich habe aufgeh\u00f6rt zu rauchen<\/i>. (als Gewohnheit)<br \/>\r\nDas erste Beispiel bezieht sich auf einen <i>einmaligen Vorgang<\/i>. W\u00e4hrend das zweite sich auf eine <i>Gewohnheit<\/i> bezieht.<br \/>\r\n<h2>Gerund to infinitive Unterschied &#8211; quick and dirty<\/h2>\r\nDiese Denkweise kannst Du auch anwenden, wenn Du einmal gar nicht entscheiden kannst, ob Du <i>Gerund<\/i> oder <i>to infinitive<\/i> verwenden sollst.<br \/> Als Daumenregel: Der <i> to infinitive<\/i> bezieht sich eher auf einmalige Handlungen. W\u00e4hrend das <i>Gerund<\/i> eher bei wiederkehrenden, gewohnheitsm\u00e4\u00dfigen zum Einsatz kommt.\r\n<br \/>\r\n<table class=\"table table-bordered table-sm\">\r\n<tbody>\r\n<tr class=\"table-danger\">\r\n<td>Grundform + Infinitiv<\/td>\r\n<td>Gerund<\/td>\r\n<\/tr>\r\n<tr class=\"table-success\">\r\n<td>stop to do sth. &#8211; anhalten, um etwas zu tun\r\nz.B. He stopped to smoke. &#8211; Er hielt an, um zu rauchen.<\/td>\r\n<td>stop doing sth. &#8211; aufh\u00f6ren etwas tu tun\r\nz.B. He stopped smoking. &#8211; Er hat aufgeh\u00f6rt zu rauchen.<\/td>\r\n<\/tr>\r\n<tr class=\"table-warning\">\r\n<td>forget doing sth &#8211; vergessen etwas getan zu haben\r\nz.B. I will never forget kissing my wife for the first time.<\/td>\r\n<td>forget to do sth &#8211; vergessen etwas zu tun\r\nz.B. Don&#8217;t forget to turn off the lights.<\/td>\r\n<\/tr>\r\n<tr class=\"table-info\">\r\n<td>continue doing sth &#8211; weitermachen mit etwas\r\nz.B. Continue reading the text. I interrupted you.<\/td>\r\n<td>Continue to do sth &#8211; dazu \u00fcbergehen etwas zu tun\r\nz.B. Next topic: Continue to read a short story.<\/td>\r\n<\/tr>\r\n<tr class=\"table-primary\">\r\n<td>regret doing sth &#8211; etwas bereuen\r\nz.B. I regret not going to university.<\/td>\r\n<td>regret to do sth &#8211; etwas leider tun m\u00fcssen\r\nz.B. We regret to inform you&#8230;<\/td>\r\n<\/tr>\r\n<tr class=\"table-warning\">\r\n<td>remember doing sth &#8211; sich erinnern etwas getan zu haben\r\nz.B. I will always remember kissing my wife for the first time.<\/td>\r\n<td>remember to do sth &#8211; daran denken etwas zu tun\r\nz.B. Remember to turn off the lights.<\/td>\r\n<\/tr>\r\n<tr class=\"table-success\">\r\n<td>try doing sth &#8211; etwas probieren\/testen\r\nz.B. I tried eating less. It totally works.<\/td>\r\n<td>try to do sth &#8211; versuchen etwas tun\r\nz.B. Try not to make a fuss. Please.<\/td>\r\n<\/tr>\r\n<\/tbody>\r\n<\/table>\r\n<br \/>\r\n<h2>Gerund mit Pr\u00e4positionen<\/h2>\r\nManche Verben werden in Verbindung mit Pr\u00e4positionen verwendet. Sogenannte Phrasal Verbs. Diese musst Du wohl oder \u00fcbel lernen. Denn nur in mit dem richtigen Verh\u00e4ltniswort stimmt die Grammatik!\r\n<br \/>\r\n<table class=\"table table-bordered table-hover table-sm\">\r\n<tbody>\r\n<tr class=\"table-primary\">\r\n<td>apologize for doing something<\/td>\r\n<td>sich f\u00fcr etwas entschuldigen<\/td>\r\n<\/tr>\r\n<tr class=\"table-warning\">\r\n<td>to be used to doing something<\/td>\r\n<td>gew\u00f6hnt sein etwas zu tun<\/td>\r\n<\/tr>\r\n<tr class=\"table-success\">\r\n<td>to be worth doing something<\/td>\r\n<td>sich lohnen etwas zu tun<\/td>\r\n<\/tr>\r\n<tr class=\"table-info\">\r\n<td>concentrate on doing something<\/td>\r\n<td>sich konzentrieren etwas zu tun<\/td>\r\n<\/tr>\r\n<tr class=\"table-danger\">\r\n<td>feel like doing something<\/td>\r\n<td>Lust haben etwas zu tun<\/td>\r\n<\/tr>\r\n<tr class=\"table-primary\">\r\n<td>look forward to doing something<\/td>\r\n<td>sich darauf freuen etwas zu tun<\/td>\r\n<\/tr>\r\n<tr class=\"table-warning\">\r\n<td>speak about doing something<\/td>\r\n<td>dar\u00fcber sprechen etwas zu tun<\/td>\r\n<\/tr>\r\n<tr class=\"table-success\">\r\n<td>thank somebody for doing something<\/td>\r\n<td>jemandem f\u00fcr etwas danken<\/td>\r\n<\/tr>\r\n<tr class=\"table-info\">\r\n<td>worry about doing something<\/td>\r\n<td>sich um etwas Sorgen machen<\/td>\r\n<\/tr>\r\n<tr class=\"table-danger\">\r\n<td>dream of\/about doing something<\/td>\r\n<td>davon tr\u00e4umen etwas zu tun<\/td>\r\n<\/tr>\r\n<\/tbody>\r\n<\/table>\r\n<br \/>\r\n<table class=\"table table-bordered table-hover table-sm\">\r\n<tbody>\r\n<tr class=\"table-danger\">\r\n<td>to be right\/wrong about doing something<\/td>\r\n<td>Recht\/Unrecht haben etwas zu tun<\/td>\r\n<\/tr>\r\n<tr class=\"table-primary\">\r\n<td>to be good\/bad at something<\/td>\r\n<td>gut\/schlecht sein etwas zu tun<\/td>\r\n<\/tr>\r\n<tr class=\"table-warning\">\r\n<td>to afraid of doing something<\/td>\r\n<td>Angst davor haben etwas zu tun<\/td>\r\n<\/tr>\r\n<tr class=\"table-success\">\r\n<td>to be tired of doing something<\/td>\r\n<td>m\u00fcde sein etwas zu tun<\/td>\r\n<\/tr>\r\n<tr class=\"table-info\">\r\n<td>the idea of doing something<\/td>\r\n<td>die Vorstellung davon etwas zu tun<\/td>\r\n<\/tr>\r\n<tr class=\"table-danger\">\r\n<td>the reason for doing something<\/td>\r\n<td>der Grund daf\u00fcr etwas zu tun<\/td>\r\n<\/tr>\r\n<tr class=\"table-primary\">\r\n<td>the chances of doing something<\/td>\r\n<td>die Chancen daf\u00fcr etwas zu tun<\/td>\r\n<\/tr>\r\n<tr class=\"table-warning\">\r\n<td>to be excited about doing something<\/td>\r\n<td>begeistert sein etwas zu tun<\/td>\r\n<\/tr>\r\n<tr class=\"table-success\">\r\n<td>to be famous for doing something<\/td>\r\n<td>\r\n         ber\u00fchmt daf\u00fcr sein etwas zu tun<\/td>\r\n<\/tr>\r\n<tr class=\"table-info\">\r\n<td>to be in danger of doing something<\/td>\r\n<td>in Gefahr sein etwas zu tun<\/td>\r\n<\/tr>\r\n<tr class=\"table-danger\">\r\n<td>to be in the process of doing something<\/td>\r\n<td>gerade dabei sein etwas zu tun<\/td>\r\n<\/tr>\r\n<\/tbody>\r\n<\/table>\r\n<h3>Gerund \/ to-infinitive \u00dcbungen<\/h3>\r\n<div id=\"bellows-main-12\" class=\"bellows bellows-nojs bellows-main bellows-source-menu bellows-align-full bellows-skin-vanilla bellows-type-\"><ul id=\"menu-gerund-oder-to-infinitive\" class=\"bellows-nav\" data-bellows-config=\"main\"><li id=\"menu-item-3598\" class=\"bellows-menu-item bellows-menu-item-type-post_type bellows-menu-item-object-page bellows-menu-item-3598 bellows-item-level-0\"><a  href=\"https:\/\/english-munich.de\/training\/gerund-oder-to-grundform\/\" class=\"bellows-target\"><span class=\"bellows-target-title bellows-target-text\">\u2611\ufe0fGerund oder to + Grundform<\/span><\/a><\/li>\n<li id=\"menu-item-3599\" class=\"bellows-menu-item bellows-menu-item-type-post_type bellows-menu-item-object-page bellows-menu-item-3599 bellows-item-level-0\"><a  href=\"https:\/\/english-munich.de\/training\/gerundium-to-infinitive\/\" class=\"bellows-target\"><span class=\"bellows-target-title bellows-target-text\">\u270d\ufe0fGerundium \/ to-Infinitive<\/span><\/a><\/li>\n<li id=\"menu-item-3597\" class=\"bellows-menu-item bellows-menu-item-type-post_type bellows-menu-item-object-page bellows-menu-item-3597 bellows-item-level-0\"><a  href=\"https:\/\/english-munich.de\/training\/gerund-to-infinitiv-verben-mit-bedeutungswechsel-2\/\" class=\"bellows-target\"><span class=\"bellows-target-title bellows-target-text\">\u270d\ufe0fGerund \/ to Infinitiv \/ Verben mit Bedeutungswechsel<\/span><\/a><\/li>\n<li id=\"menu-item-3596\" class=\"bellows-menu-item bellows-menu-item-type-post_type bellows-menu-item-object-page bellows-menu-item-3596 bellows-item-level-0\"><a  href=\"https:\/\/english-munich.de\/training\/gerund-to-infinitiv-verben-mit-bedeutungswechsel\/\" class=\"bellows-target\"><span class=\"bellows-target-title bellows-target-text\">\u2611\ufe0fGerund \/ to Infinitiv \/ Verben mit Bedeutungswechsel<\/span><\/a><\/li>\n<li id=\"menu-item-4108\" class=\"bellows-menu-item bellows-menu-item-type-post_type bellows-menu-item-object-page bellows-menu-item-4108 bellows-item-level-0\"><a  href=\"https:\/\/english-munich.de\/training\/praspositionen-beim-gerund\/\" class=\"bellows-target\"><span class=\"bellows-target-title bellows-target-text\">\u270d\ufe0fPr\u00e4positionen beim Gerund<\/span><\/a><\/li>\n<li id=\"menu-item-4109\" class=\"bellows-menu-item bellows-menu-item-type-post_type bellows-menu-item-object-page bellows-menu-item-4109 bellows-item-level-0\"><a  href=\"https:\/\/english-munich.de\/training\/prapostionen-beim-gerund\/\" class=\"bellows-target\"><span class=\"bellows-target-title bellows-target-text\">\u270d\ufe0fPr\u00e4positionen beim Gerund<\/span><\/a><\/li>\n<\/ul><\/div>\r\n\r\n<\/div>","protected":false},"excerpt":{"rendered":"Gerund to infinitive unterschiedlicher Gebrauch Gerund to infinitive Unterschied Was ist ein Gerund? Das Gerund wird gebildet, indem man -ing an die Grundfrom des Verbs anh\u00e4ngt. Jedoch ist bei Verben die auf -e enden Vorsicht geboten: Stummes -e entf\u00e4llt vor -ing","protected":false},"author":3,"featured_media":0,"parent":0,"menu_order":0,"comment_status":"closed","ping_status":"closed","template":"","meta":[],"_links":{"self":[{"href":"https:\/\/english-munich.de\/training\/wp-json\/wp\/v2\/pages\/3609"}],"collection":[{"href":"https:\/\/english-munich.de\/training\/wp-json\/wp\/v2\/pages"}],"about":[{"href":"https:\/\/english-munich.de\/training\/wp-json\/wp\/v2\/types\/page"}],"author":[{"embeddable":true,"href":"https:\/\/english-munich.de\/training\/wp-json\/wp\/v2\/users\/3"}],"replies":[{"embeddable":true,"href":"https:\/\/english-munich.de\/training\/wp-json\/wp\/v2\/comments?post=3609"}],"version-history":[{"count":21,"href":"https:\/\/english-munich.de\/training\/wp-json\/wp\/v2\/pages\/3609\/revisions"}],"predecessor-version":[{"id":11470,"href":"https:\/\/english-munich.de\/training\/wp-json\/wp\/v2\/pages\/3609\/revisions\/11470"}],"wp:attachment":[{"href":"https:\/\/english-munich.de\/training\/wp-json\/wp\/v2\/media?parent=3609"}],"curies":[{"name":"wp","href":"https:\/\/api.w.org\/{rel}","templated":true}]}}