{"id":3224,"date":"2020-06-25T12:23:52","date_gmt":"2020-06-25T12:23:52","guid":{"rendered":"https:\/\/english-munich.de\/training\/?page_id=3224"},"modified":"2021-11-09T08:37:03","modified_gmt":"2021-11-09T08:37:03","slug":"how-where-when-why","status":"publish","type":"page","link":"https:\/\/english-munich.de\/training\/how-where-when-why\/","title":{"rendered":"How, where, when ,why"},"content":{"rendered":"<div class=\"jumbotron text-center\">\r\n<h2>Fragew\u00f6rter<\/h2>\r\n\u00dcbungen zur richtigen Verwendung von Fragew\u00f6rter:\r\n\r\n<\/div>\r\n<div class=\"bs-example\">\r\n<div id=\"accordionExample\" class=\"accordion\">\r\n<div class=\"card\">\r\n<div id=\"headingOne\" class=\"card-header\">\r\n<h2 class=\"number\"><button class=\"btn btn-link collapsed\" type=\"button\" data-toggle=\"collapse\" data-target=\"#collapseOne\">Beispiel<\/button><\/h2>\r\n<\/div>\r\n<div id=\"collapseOne\" class=\"collapse\" aria-labelledby=\"headingOne\" data-parent=\"#accordionExample\">\r\n<div class=\"card-body\">\r\n<div class=\"form-group\" style=\"width: 70%; margin: 10px;\"><label for=\"sel1\"><span class=\"number\">\u24ff<\/span>________built this bridge?\r\n<select id=\"beispiel\" class=\"form-control\">\r\n<option value=\"wrong\">who<\/option>\r\n<option value=\"correct\">who<\/option>\r\n<option value=\"wrong\">which<\/option>\r\n<\/select>\r\n\r\nDie richtige L\u00f6sung ist: <b>Who<\/b>&nbsp;&nbsp;<button class=\"btn-lg btn-info\" type=\"button\" value=\"submit\" data-toggle=\"modal\" data-target=\"#myModal\">Tipp<\/button>\r\n\r\n<\/label><\/div>\r\n<\/div>\r\n<\/div>\r\n<\/div>\r\n<\/div>\r\n<br \/><br \/>\r\n<div class=\"container well\">\r\n<h4>\u2611\ufe0fF\u00fclle entweder <b>what, how, when where<\/b> oder <b>why<\/b> in die L\u00fccke, so das die Frage sinn ergibt:<\/h4>\r\n\r\n<hr>\r\n\r\n<div class=\"container-fluid\">\r\n<div class=\"form-group\" style=\"width: 70%;\"><label for=\"sel1\"><span class=\"number\">\u2776<\/span>___________do you do for a living?<\/label>\r\n<select id=\"q0\" class=\"form-control\"><option value=\"correct\"><\/option>\r\n<option value=\"correct\">What<\/option>\r\n<option value=\"wrong\">Where<\/option>\r\n<option value=\"wrong\">When<\/option>\r\n<option value=\"wrong\">How<\/option>\r\n<option value=\"wrong\">Why<\/option>\r\n<\/select>\r\n<p id=\"correct0\" align=\"left\"><\/p>\r\n<a class=\"btn btn-success tipp0 hidden\" style=\"text-decoration: none, color:white;\" title=\"What do you do...\" href=\"#0\" data-toggle=\"popover\" data-placement=\"top\" data-trigger=\"hover\" data-content=\"'What' \u2794 '\r\nWas' - 'What do you do for a living?' \u2794 'Was machst Du beruflich?'\">Tipp<\/a>\r\n\r\n<\/div>\r\n<div class=\"form-group\" style=\"width: 70%;\"><label for=\"sel1\"><span class=\"number\">\u2777<\/span>___________do you live?<\/label>\r\n<select id=\"q1\" class=\"form-control\">\r\n<option value=\"wrong\">What<\/option>\r\n<option value=\"correct\">Where<\/option>\r\n<option value=\"wrong\">When<\/option>\r\n<option value=\"wrong\">How<\/option>\r\n<option value=\"wrong\">Why<\/option>\r\n<\/select>\r\n<p id=\"correct1\" align=\"left\"><\/p>\r\n<a class=\"btn btn-success tipp1 hidden\" style=\"text-decoration: none, color:white;\" title=\"Where do you live?\" href=\"#1\" data-toggle=\"popover\" data-placement=\"top\" data-trigger=\"hover\" data-content=\"'Where' \u2794 'Wo' - 'Where do you live?' \u2794 'Wo wohnst Du?'\">Tipp<\/a>\r\n\r\n<\/div>\r\n<div class=\"form-group\" style=\"width: 70%;\"><label for=\"sel1\"><span class=\"number\">\u2778<\/span> __________will I be famous?<\/label>\r\n<select id=\"q2\" class=\"form-control\"><option value=\"correct\"><\/option>\r\n<option value=\"wrong\">What<\/option>\r\n<option value=\"wrong\">Where<\/option>\r\n<option value=\"correct\">When<\/option>\r\n<option value=\"wrong\">How<\/option>\r\n<option value=\"wrong\">Why<\/option>\r\n<\/select>\r\n<p id=\"correct2\" align=\"left\"><\/p>\r\n<a class=\"btn btn-success tipp2 hidden\" style=\"text-decoration: none, color:white;\" title=\"When will I be famous?\" href=\"#2\" data-toggle=\"popover\" data-placement=\"top\" data-trigger=\"hover\" data-content=\"'When' \u2794 'Wann' - 'When will I be famous?' \u2794 'Wann werde ich ber\u00fchmt sein?'\">Tipp<\/a>\r\n\r\n<\/div>\r\n<div class=\"form-group\" style=\"width: 70%;\"><label for=\"sel1\"><span class=\"number\">\u2779<\/span> __________do cars in Japan drive on the left?<\/label>\r\n<select id=\"q3\" class=\"form-control\"><option value=\"correct\"><\/option>\r\n<option value=\"wrong\">What<\/option>\r\n<option value=\"wrong\">Where<\/option>\r\n<option value=\"wrong\">When<\/option>\r\n<option value=\"wrong\">How<\/option>\r\n<option value=\"correct\">Why<\/option>\r\n<\/select>\r\n<p id=\"correct3\" align=\"left\"><\/p>\r\n<a class=\"btn btn-success tipp3 hidden\" style=\"text-decoration: none, color:white;\" title=\"Why do...\" href=\"#3\" data-toggle=\"popover\" data-placement=\"top\" data-trigger=\"hover\" data-content=\"'Why' \u2794 'Warum' - 'Why do cars in Japan drive on the left?' \u2794 'Warum fahren in Japan....?'\">Tipp<\/a>\r\n\r\n<\/div>\r\n<div class=\"form-group\" style=\"width: 70%;\"><label for=\"sel1\"><span class=\"number\">\u277a<\/span>__________do I get to the airport?<\/label>\r\n<select id=\"q4\" class=\"form-control\"><option value=\"correct\"><\/option>\r\n<option value=\"wrong\">What<\/option>\r\n<option value=\"wrong\">Where<\/option>\r\n<option value=\"wrong\">When<\/option>\r\n<option value=\"correct\">How<\/option>\r\n<option value=\"wrong\">Why<\/option>\r\n<\/select>\r\n<p id=\"correct4\" align=\"left\"><\/p>\r\n<a class=\"btn btn-success tipp4 hidden\" style=\"text-decoration: none, color:white;\" title=\"How do I get to the airport...\" href=\"#4\" data-toggle=\"popover\" data-placement=\"top\" data-trigger=\"hover\" data-content=\"'How' \u2794 'Wie' - 'How do I get to the airport?' \u2794 'Wie komme ich zum Flughafen?'\">Tipp<\/a>\r\n\r\n<\/div>\r\n<div class=\"form-group\" style=\"width: 70%;\"><label for=\"sel1\"><span class=\"number\">\u277b<\/span>_________did you eat for breakfast?<\/label>\r\n<select id=\"q5\" class=\"form-control\"><option value=\"correct\"><\/option>\r\n<option value=\"correct\">What<\/option>\r\n<option value=\"wrong\">Where<\/option>\r\n<option value=\"wrong\">When<\/option>\r\n<option value=\"wrong\">How<\/option>\r\n<option value=\"wrong\">Why<\/option>\r\n<\/select>\r\n<p id=\"correct5\" align=\"left\"><\/p>\r\n<a class=\"btn btn-success tipp5 hidden\" style=\"text-decoration: none, color:white;\" title=\"What did you eat for breakfast?\" href=\"#5\" data-toggle=\"popover\" data-placement=\"top\" data-trigger=\"hover\" data-content=\"'What' \u2794 'Was' - 'What did you eat for breakfast?' \u2794 'Was hast Du zum Fr\u00fchst\u00fcck gegessen?\">Tipp<\/a>\r\n\r\n<\/div>\r\n<div class=\"form-group\" style=\"width: 70%;\"><label for=\"sel1\"><span class=\"number\">\u277c<\/span>__________much does it cost?<\/label>\r\n<select id=\"q6\" class=\"form-control\"><option value=\"correct\"><\/option>\r\n<option value=\"wrong\">What<\/option>\r\n<option value=\"wrong\">Where<\/option>\r\n<option value=\"wrong\">When<\/option>\r\n<option value=\"correct\">How<\/option>\r\n<option value=\"wrong\">Why<\/option>\r\n<\/select>\r\n<p id=\"correct6\" align=\"left\"><\/p>\r\n<a class=\"btn btn-success tipp6 hidden\" style=\"text-decoration: none, color:white;\" title=\"How much does it cost?\" href=\"#6\" data-toggle=\"popover\" data-placement=\"top\" data-trigger=\"hover\" data-content=\"'What' \u2794 'How' - 'How much does it cost?' \u2794 'Wieviel kostet es?\">Tipp<\/a>\r\n\r\n<\/div>\r\n<div class=\"form-group\" style=\"width: 70%;\"><label for=\"sel1\"><span class=\"number\">\u277d<\/span> __________does the earth go around the sun?<\/label>\r\n<select id=\"q7\" class=\"form-control\"><option value=\"correct\"><\/option>\r\n<option value=\"wrong\">What<\/option>\r\n<option value=\"wrong\">Where<\/option>\r\n<option value=\"wrong\">When<\/option>\r\n<option value=\"wrong\">How<\/option>\r\n<option value=\"correct\">Why<\/option>\r\n<\/select>\r\n<p id=\"correct7\" align=\"left\"><\/p>\r\n<a class=\"btn btn-success tipp7 hidden\" style=\"text-decoration: none, color:white;\" title=\"Why does the earth...\" href=\"#7\" data-toggle=\"popover\" data-placement=\"top\" data-trigger=\"hover\" data-content=\"'Why' \u2794 'Warum' - 'Why does the earth go around the sun?' \u2794 'Warum dreht sich der Erde um die Sonne?\">Tipp<\/a>\r\n\r\n<\/div>\r\n<div class=\"form-group\" style=\"width: 70%;\"><label for=\"sel1\"><span class=\"number\">\u277e<\/span>__________will the lock down be over? <\/label>\r\n<select id=\"q8\" class=\"form-control\"><option value=\"correct\"><\/option>\r\n<option value=\"wrong\">What<\/option>\r\n<option value=\"wrong\">Where<\/option>\r\n<option value=\"correct\">When<\/option>\r\n<option value=\"wrong\">How<\/option>\r\n<option value=\"wrong\">Why<\/option>\r\n<\/select>\r\n<p id=\"correct8\" align=\"left\"><\/p>\r\n<a class=\"btn btn-success tipp8 hidden\" style=\"text-decoration: none, color:white;\" title=\"When will the lockdown be over?\" href=\"#8\" data-toggle=\"popover\" data-placement=\"top\" data-trigger=\"hover\" data-content=\"'When' \u2794 'Wann' - 'When will the lockdown be over?' \u2794 'Wann wird der Lockdown vorbei sein?\">Tipp<\/a>\r\n\r\n<\/div>\r\n<div class=\"form-group\" style=\"width: 70%;\"><label for=\"sel1\"><span class=\"number\">\u277f<\/span> _________can I buy toilet paper? I have only tow rolls left.<\/label>\r\n<select id=\"q9\" class=\"form-control\"><option value=\"correct\"><\/option>\r\n<option value=\"wrong\">What<\/option>\r\n<option value=\"correct\">Where<\/option>\r\n<option value=\"wrong\">When<\/option>\r\n<option value=\"wrong\">How<\/option>\r\n<option value=\"wrong\">Why<\/option>\r\n<\/select>\r\n<p id=\"correct9\" align=\"left\"><\/p>\r\n<a class=\"btn btn-success tipp9 hidden\" style=\"text-decoration: none, color:white;\" title=\"Where can I buy...\" href=\"#9\" data-toggle=\"popover\" data-placement=\"top\" data-trigger=\"hover\" data-content=\"'Where' \u2794 'wo?' - 'Where can I buy toilet paper?' \u2794 'Wo kann ich Toilettenpapier kaufen?\">Tipp<\/a>\r\n\r\n<\/div>\r\n<\/div>\r\n<div class=\"container\">\r\n\r\n<!-- The Modal -->\r\n<div id=\"myModal\" class=\"modal\">\r\n<div class=\"modal-dialog\">\r\n<div class=\"modal-content\">\r\n\r\n<!-- Modal Header -->\r\n<div class=\"modal-header\">\r\n<h4 class=\"modal-title\">Fragew\u00f6rter<\/h4>\r\n<button class=\"close\" type=\"button\" data-dismiss=\"modal\">\u00d7<\/button>\r\n\r\n<\/div>\r\n<!-- Modal body -->\r\n<div class=\"modal-body\">\r\n<table class=\"table table-bordered table-sm\">\r\n<tbody>\r\n<tr class=\"table-danger\">\r\n<td colspan=\"2\">\r\n<b>Fragew\u00f6rter<\/b><\/td>\r\n<\/tr>\r\n<tr class=\"table-info\">\r\n<td>\r\n  when?<\/td>\r\n<td>\r\n  wann?<\/td>\r\n<\/tr>\r\n<tr class=\"table-primary\">\r\n<td colspan=\"2\">\r\n<b>When does the film start?<\/b><\/td>\r\n<\/tr>\r\n<tr class=\"table-success\">\r\n<td>how?<\/td>\r\n<td>wie?<\/td>\r\n<\/tr>\r\n<tr class=\"table-warning\">\r\n<td colspan=\"2\">\r\n<b>How much does it cost?<\/b><\/td>\r\n<\/tr>\r\n<tr class=\"table-primary\">\r\n<td>\r\nwhy?<\/td>\r\n<td>warum?<\/td>\r\n<\/tr>\r\n<tr class=\"table-success\">\r\n<td colspan=\"2\">\r\n<b>Why did you open the window?<\/b><\/td>\r\n<\/tr>\r\n<tr class=\"table-danger\">\r\n<td>\r\nwhere?<\/td>\r\n<td>wo?<\/td>\r\n<\/tr>\r\n<tr class=\"table-primary\">\r\n<td colspan=\"2\">\r\n<b>Where is the next bus stop?<\/b><\/td>\r\n<\/tr>\r\n<tr class=\"table-success\">\r\n<td>who?<\/td>\r\n<td>wer?<\/td>\r\n<\/tr>\r\n<tr class=\"table-warning\">\r\n<td colspan=\"2\">\r\n<b>Who let the dog out?<\/b><\/td>\r\n<\/tr>\r\n<tr class=\"table-info\">\r\n<td>\r\n  what?<\/td>\r\n<td>\r\n  was?<\/td>\r\n<\/tr>\r\n<tr class=\"table-primary\">\r\n<td colspan=\"2\">\r\n<b>What is the problem?<\/b><\/td>\r\n<\/tr>\r\n<\/tbody>\r\n<\/table>\r\n<\/div>\r\n<!-- Modal footer -->\r\n<div class=\"modal-footer\"><button class=\"btn btn-danger\" type=\"button\" data-dismiss=\"modal\">Close<\/button><\/div>\r\n<\/div>\r\n<\/div>\r\n<\/div>\r\n<\/div>\r\n<\/div>\r\n<\/div>\r\n\r\n<hr>\r\n\r\n<div class=\"container\"><button id=\"submitButton\" class=\"btn-lg btn-primary \" type=\"submit\" value=\"submit\">Pr\u00fcfen<\/button><button id=\"resetButton\" class=\"btn-lg btn-success\" type=\"submit\" onclick=\"refreshPage()\">Neustart<\/button><button id=\"submitButton\" class=\"btn-lg btn-info\" type=\"submit\" value=\"submit\" data-toggle=\"modal\" data-target=\"#myModal\">Tipp<\/button>\r\n\r\n<hr>\r\n\r\n\r\n<p id=\"result\"><\/p>\r\n<p id=\"result2\"><\/p>\r\n<h3>Fragew\u00f6rter alle \u00dcbungen<\/h3>\r\n<hr>\r\n<div id=\"bellows-main-34\" class=\"bellows bellows-nojs bellows-main bellows-source-menu bellows-align-full bellows-skin-vanilla bellows-type-\"><ul id=\"menu-frageworter\" class=\"bellows-nav\" data-bellows-config=\"main\"><li id=\"menu-item-4421\" class=\"bellows-menu-item bellows-menu-item-type-post_type bellows-menu-item-object-page bellows-menu-item-4421 bellows-item-level-0\"><a  href=\"https:\/\/english-munich.de\/training\/what-where-which-why\/\" class=\"bellows-target\"><span class=\"bellows-target-title bellows-target-text\">\u270d\ufe0fWhat, where, which , why\u2026<\/span><\/a><\/li>\n<li id=\"menu-item-4422\" class=\"bellows-menu-item bellows-menu-item-type-post_type bellows-menu-item-object-page bellows-menu-item-4422 bellows-item-level-0\"><a  href=\"https:\/\/english-munich.de\/training\/how-where-when-why\/\" class=\"bellows-target\"><span class=\"bellows-target-title bellows-target-text\">\u2611\ufe0fHow, where, when ,why<\/span><\/a><\/li>\n<li id=\"menu-item-4517\" class=\"bellows-menu-item bellows-menu-item-type-post_type bellows-menu-item-object-page bellows-menu-item-4517 bellows-item-level-0\"><a  href=\"https:\/\/english-munich.de\/training\/frageworter-mit-prapsitionen\/\" class=\"bellows-target\"><span class=\"bellows-target-title bellows-target-text\">\u270d\ufe0fFragew\u00f6rter mit Pr\u00e4positionen<\/span><\/a><\/li>\n<\/ul><\/div>\r\n<\/div>","protected":false},"excerpt":{"rendered":"Fragew\u00f6rter \u00dcbungen zur richtigen Verwendung von Fragew\u00f6rter: Beispiel \u24ff________built this bridge? who who which Die richtige L\u00f6sung ist: Who&nbsp;&nbsp;Tipp \u2611\ufe0fF\u00fclle entweder what, how, when where oder why in die L\u00fccke, so das die Frage sinn ergibt: \u2776___________do you do for a living? What Where When How Why Tipp \u2777___________do you live? What Where When How [&hellip;]","protected":false},"author":3,"featured_media":0,"parent":0,"menu_order":0,"comment_status":"closed","ping_status":"closed","template":"","meta":[],"_links":{"self":[{"href":"https:\/\/english-munich.de\/training\/wp-json\/wp\/v2\/pages\/3224"}],"collection":[{"href":"https:\/\/english-munich.de\/training\/wp-json\/wp\/v2\/pages"}],"about":[{"href":"https:\/\/english-munich.de\/training\/wp-json\/wp\/v2\/types\/page"}],"author":[{"embeddable":true,"href":"https:\/\/english-munich.de\/training\/wp-json\/wp\/v2\/users\/3"}],"replies":[{"embeddable":true,"href":"https:\/\/english-munich.de\/training\/wp-json\/wp\/v2\/comments?post=3224"}],"version-history":[{"count":15,"href":"https:\/\/english-munich.de\/training\/wp-json\/wp\/v2\/pages\/3224\/revisions"}],"predecessor-version":[{"id":10285,"href":"https:\/\/english-munich.de\/training\/wp-json\/wp\/v2\/pages\/3224\/revisions\/10285"}],"wp:attachment":[{"href":"https:\/\/english-munich.de\/training\/wp-json\/wp\/v2\/media?parent=3224"}],"curies":[{"name":"wp","href":"https:\/\/api.w.org\/{rel}","templated":true}]}}