{"id":3191,"date":"2020-06-23T08:46:02","date_gmt":"2020-06-23T08:46:02","guid":{"rendered":"https:\/\/english-munich.de\/training\/?page_id=3191"},"modified":"2024-09-09T06:36:19","modified_gmt":"2024-09-09T06:36:19","slug":"mustnt-neednt-unterschied-2","status":"publish","type":"page","link":"https:\/\/english-munich.de\/training\/mustnt-neednt-unterschied-2\/","title":{"rendered":"Mustn&#8217;t \/ Needn&#8217;t \/ Unterschied"},"content":{"rendered":"<div class=\"jumbotron text-center\">\r\n<h2>Modalverben \/ Mustn&#8217;t \/ Needn&#8217;t Unterschied<\/h2>\r\n\u00dcbungen zur unterschiedlichen Verwendung von Mustn&#8217;t \/ Needn&#8217;t\r\n\r\n<\/div>\r\n<div class=\"bs-example\">\r\n<div class=\"accordion\" id=\"accordionExample\">\r\n<div class=\"card\">\r\n<div class=\"card-header\" id=\"headingOne\">\r\n<h2 class=\"mb-0\" style=\"color:#000\">\r\n                    <button type=\"button\" class=\"btn btn-link collapsed\" data-toggle=\"collapse\" data-target=\"#collapseOne\">Beispiel<\/button><\/h2>\r\n<\/div>\r\n<div id=\"collapseOne\" class=\"collapse\" aria-labelledby=\"headingOne\" data-parent=\"#accordionExample\">\r\n<div class=\"card-body\">\r\n<div class=\"form-inline\">\r\n<div>\r\n<b><span class=\"number\">\u24ff<\/span><\/b>You <input type=\"text\" class=\"form-control\" id=\"panel-beispiel\" disabled=\"true\" value=\"needn't\"> worry. I know what to do.\r\n<\/div><div>\r\nDie richtige L\u00f6sung ist: <b> needn&#8217;t <\/b>&nbsp;&nbsp;<button class=\"btn-lg btn-info\" type=\"button\" data-toggle=\"modal\" data-target=\"#myModal\">Tipp<\/button>\r\n<\/div>\r\n<\/div>\r\n<\/div>\r\n<\/div>\r\n<\/div>\r\n<\/div>\r\n<br \/><br \/>\r\n<div class=\"container well\">\r\n<h4>\u270d\ufe0f F\u00fclle entweder <b>Mustn&#8217;t<\/b> oder <b>Needn&#8217;t<\/b> in die L\u00fccke. Achte darauf, dass <i>&#8218;Mustn&#8217;t<\/i> im Deutschen <i>&#8218;Nicht D\u00fcrfen&#8216;<\/i> bedeutet:<\/h4>\r\n\r\n<hr>\r\n\r\n<br \/>\r\n<div class=\"container\">\r\n<b><span class=\"number\">\u2776<\/span><\/b>You  <input type=\"text\" class=\"form-control\" id=\"q0\" autocomplete=\"off\"> bring lunch, there is a canteen.\r\n<div class=\"row\">\r\n<div>\r\n<p id=\"correct0\" align=\"left\"><\/p>\r\n\r\n<\/div>\r\n<div>\r\n<a button=\"\" class=\"btn btn-success tipp0 hidden\" href=\"#1\" title=\"I needn't bring...\" data-toggle=\"popover\" data-placement=\"top\" data-trigger=\"hover\" style=\"text-decoration: none; color:white;\" data-content=\"Die Bedeutung ist hier: 'nicht brauchen'  \u2794 'needn't.\">Tipp<\/a><\/div>\r\n<\/div>\r\n<b><span class=\"number\">\u2777<\/span><\/b>He <input type=\"text\" class=\"form-control\" id=\"q1\" autocomplete=\"off\"> invite Mary, or else everybody will be angry.\r\n<div class=\"row\">\r\n<div>\r\n<p id=\"correct1\" align=\"left\"><\/p>\r\n\r\n<\/div>\r\n<div>\r\n<a button=\"\" class=\"btn btn-success tipp1 hidden\" href=\"#2\" title=\"He mustn't invite...\" data-toggle=\"popover\" data-placement=\"top\" data-trigger=\"hover\" style=\"text-decoration: none; color:white;\" data-content=\"Die Bedeutung ist hier: 'nicht d\u00fcrfen'  \u2794 'mustn't.\">Tipp<\/a><\/div>\r\n<\/div>\r\n<b><span class=\"number\">\u2778<\/span><\/b> You <input type=\"text\" class=\"form-control\" id=\"q2\" autocomplete=\"off\"> get up. It&#8217;s Sunday\r\n<div class=\"row\">\r\n<div>\r\n<p id=\"correct2\" align=\"left\"><\/p>\r\n\r\n<\/div>\r\n<div>\r\n<a button=\"\" class=\"btn btn-success tipp2 hidden\" align=\"left\" aria-hidden=\"true\" href=\"#3\" title=\"You needn't get up... \" data-toggle=\"popover\" data-placement=\"top\" data-trigger=\"hover\" style=\"text-decoration: none, color:white\" data-content=\"Die Bedeutung ist hier: 'nicht brauchen'  \u2794 'needn't.\">Tipp<\/a><\/div>\r\n<\/div>\r\n<span class=\"number\">\u2779<\/span>You <input type=\"text\" class=\"form-control\" id=\"q3\" autocomplete=\"off\">  park here. It&#8217;s illegal.\r\n<div class=\"row\">\r\n<div>\r\n<p id=\"correct3\" align=\"left\"><\/p>\r\n\r\n<\/div>\r\n<div>\r\n<a button=\"\" class=\"btn btn-success tipp3 hidden\" aria-hidden=\"true\" href=\"#4\" title=\"You mustn't park here...\" data-toggle=\"popover\" data-placement=\"top\" data-trigger=\"hover\" style=\"text-decoration: none, color:white\" data-content=\"Die Bedeutung ist hier: 'nicht d\u00fcrfen'  \u2794 'mustn't.\">Tipp<\/a><\/div>\r\n<\/div>\r\n<b><span class=\"number\">\u277a<\/span><\/b>The Jones are very cool. You <input type=\"text\" class=\"form-control\" id=\"q4\" autocomplete=\"off\"> wear a tie.\r\n<div class=\"row\">\r\n<div>\r\n<p id=\"correct4\" align=\"left\"><\/p>\r\n\r\n<\/div>\r\n<div>\r\n<a button=\"\" class=\"btn btn-success tipp4 hidden\" aria-hidden=\"true\" href=\"#5\" title=\"You needn't wear a tie.\" data-toggle=\"popover\" data-placement=\"top\" data-trigger=\"hover\" style=\"text-decoration: none, color:white\" data-content=\"Die Bedeutung ist hier: 'nicht brauchen'  \u2794 'needn't.\">Tipp<\/a><\/div>\r\n<\/div>\r\n<br \/><div class\"iframe-container\"><iframe loading=\"lazy\" width=\"560\" height=\"315\" src=\"https:\/\/www.youtube.com\/embed\/Cpff5Ur3rV8?si=prhxSvg2GRk-kuRw\" title=\"YouTube video player\" frameborder=\"0\" allow=\"accelerometer; autoplay; clipboard-write; encrypted-media; gyroscope; picture-in-picture; web-share\" referrerpolicy=\"strict-origin-when-cross-origin\" allowfullscreen><\/iframe><\/div><br \/>\r\n<b><span class=\"number\">\u277b<\/span><\/b>You <input type=\"text\" class=\"form-control\" id=\"q5\" autocomplete=\"off\"> call the boss by his first name.\r\n<div class=\"row\">\r\n<div>\r\n<p id=\"correct5\" align=\"left\"><\/p>\r\n\r\n<\/div>\r\n<div>\r\n<a button=\"\" class=\"btn btn-success tipp5 hidden\" aria-hidden=\"true\" href=\"#6\" title=\"You mustn't call\" data-toggle=\"popover\" data-placement=\"top\" data-trigger=\"hover\" style=\"text-decoration: none, color:white\" data-content=\"Die Bedeutung ist hier: 'nicht d\u00fcrfen'  \u2794 'mustn't.\">Tipp<\/a><\/div>\r\n<\/div>\r\n<b><span class=\"number\">\u277c<\/span><\/b>He&#8217;s recovered. He <input type=\"text\" class=\"form-control\" id=\"q6\" autocomplete=\"off\"> stay in the hospital any more.\r\n<div class=\"row\">\r\n<div>\r\n<p id=\"correct6\" align=\"left\"><\/p>\r\n\r\n<\/div>\r\n<div>\r\n<a button=\"\" class=\"btn btn-success tipp6 hidden\" aria-hidden=\"true\" href=\"#7\" title=\"He needn't stay\" data-toggle=\"popover\" data-placement=\"top\" data-trigger=\"hover\" style=\"text-decoration: none, color:white\" data-content=\"Die Bedeutung ist hier: 'nicht brauchen'  \u2794 'needn't.\">Tipp<\/a><\/div>\r\n<\/div>\r\n<b><span class=\"number\">\u277d<\/span><\/b>She <input type=\"text\" class=\"form-control\" id=\"q7\" autocomplete=\"off\"> do it again, or she will be in trouble.\r\n<div class=\"row\">\r\n<div>\r\n<p id=\"correct7\" align=\"left\"><\/p>\r\n\r\n<\/div>\r\n<div>\r\n<a button=\"\" class=\"btn btn-success tipp7 hidden\" href=\"#8\" title=\"She mustn't do it...\" data-toggle=\"popover\" data-placement=\"top\" data-trigger=\"hover\" style=\"text-decoration: none, color:white\" data-content=\"Die Bedeutung ist hier: 'nicht d\u00fcrfen'  \u2794 'mustn't.\">Tipp<\/a><\/div>\r\n<\/div>\r\n<b><span class=\"number\">\u277e<\/span><\/b>We <input type=\"text\" class=\"form-control\" id=\"q8\" autocomplete=\"off\"> be afraid. Our government will take care.\r\n<div class=\"row\">\r\n<div>\r\n<p id=\"correct8\" align=\"left\"><\/p>\r\n\r\n<\/div>\r\n<div>\r\n<a button=\"\" class=\"btn btn-success tipp8 hidden\" href=\"#9\" title=\"We needn't be...\" data-toggle=\"popover\" data-placement=\"top\" data-trigger=\"hover\" style=\"text-decoration: none, color:white\" data-content=\"Die Bedeutung ist hier: 'nicht brauchen'  \u2794 'needn't.\">Tipp<\/a><\/div>\r\n<\/div>\r\n<b><span class=\"number\">\u277f<\/span><\/b> You <input type=\"text\" class=\"form-control\" id=\"q9\" autocomplete=\"off\"> drive here, nobody can pass.\r\n<div class=\"row\">\r\n<div>\r\n<p id=\"correct9\" align=\"left\"><\/p>\r\n\r\n<\/div>\r\n<div>\r\n<a button=\"\" class=\"btn btn-success tipp9 hidden\" href=\"#10\" title=\"You mustn't stop here...\" data-toggle=\"popover\" data-placement=\"top\" data-trigger=\"hover\" style=\"text-decoration: none, color:white\" data-content=\"Die Bedeutung ist hier: 'nicht d\u00fcrfen'  \u2794 'mustn't.\">Tipp<\/a><\/div>\r\n<\/div>\r\n<div class=\"container\">\r\n\r\n<!-- The Modal -->\r\n<div id=\"myModal\" class=\"modal\">\r\n<div class=\"modal-dialog\">\r\n<div class=\"modal-content\">\r\n\r\n<!-- Modal Header -->\r\n<div class=\"modal-header\">\r\n<h4 class=\"modal-title\">Modalverben \/ Mustn&#8217;t &#8211; Needn&#8217;t \/ Unterschied<\/h4>\r\n<button class=\"close\" type=\"button\" data-dismiss=\"modal\">\u00d7<\/button>\r\n\r\n<\/div>\r\n<!-- Modal body -->\r\n<div class=\"modal-body\">\r\n<table class=\"table table-bordered table-sm\">\r\n<tbody>\r\n<tr class=\"table-danger\">\r\n<td>\r\nMustn&#8217;t &#8211; Needn&#8217;t &#8211; Unterschied<\/td>\r\n<\/tr>\r\n<tr class=\"table-info\">\r\n<td>\r\nMustn&#8217;t &#8211; bedeutet nicht d\u00fcrfen.<\/td>\r\n<\/tr>\r\n<tr class=\"table-success\">\r\n<td>You <i><b>mustn&#8217;t<\/b><\/i> cross the street. It&#8217;s red<\/td>\r\n<\/tr>\r\n<tr class=\"table-primary\">\r\n<td>\r\nNeedn&#8217;t &#8211; bedeutet nicht brauchen, m\u00fcssen.<\/td>\r\n<\/tr>\r\n<tr class=\"table-warning\">\r\n<td>You <i><b> needn&#8217;t <\/b><\/i> worry. Donald has it under control.<\/td>\r\n<\/tr>\r\n<\/tbody>\r\n<\/table>\r\n<\/div>\r\n<!-- Modal footer -->\r\n<div class=\"modal-footer\"><button class=\"btn btn-danger\" type=\"button\" data-dismiss=\"modal\">Close<\/button><\/div>\r\n<\/div>\r\n<\/div>\r\n<\/div>\r\n<\/div>\r\n<\/div>\r\n<\/div>\r\n<div class=\"container\">\r\n\r\n<hr>\r\n\r\n<button id=\"submitButton\" class=\"btn-lg btn-primary \" type=\"submit\" value=\"submit\">Pr\u00fcfen<\/button><button id=\"resetButton\" class=\"btn-lg btn-success\" type=\"submit\" onclick=\"refreshPage()\">Neustart<\/button><button id=\"submitButton\" class=\"btn-lg btn-info\" type=\"button\" value=\"submit\" data-toggle=\"modal\" data-target=\"#myModal\">Tipp<\/button>\r\n\r\n<hr>\r\n\r\n\r\n<p id=\"result\"><\/p>\r\n<p id=\"result2\"><\/p>\r\n<h3>Modalverben alle \u00dcbungen<\/h3>\r\n<hr>\r\n<div id=\"bellows-main-30\" class=\"bellows bellows-nojs bellows-main bellows-source-menu bellows-align-full bellows-skin-vanilla bellows-type-\"><ul id=\"menu-modalverben\" class=\"bellows-nav\" data-bellows-config=\"main\"><li id=\"menu-item-4251\" class=\"bellows-menu-item bellows-menu-item-type-post_type bellows-menu-item-object-page bellows-menu-item-4251 bellows-item-level-0\"><a  href=\"https:\/\/english-munich.de\/training\/must-have-to-unterschied\/\" class=\"bellows-target\"><span class=\"bellows-target-title bellows-target-text\">\u2611\ufe0fMust \u2013 Have To \/ Unterschied<\/span><\/a><\/li>\n<li id=\"menu-item-4252\" class=\"bellows-menu-item bellows-menu-item-type-post_type bellows-menu-item-object-page bellows-menu-item-4252 bellows-item-level-0\"><a  href=\"https:\/\/english-munich.de\/training\/must-have-to-unterschied-2\/\" class=\"bellows-target\"><span class=\"bellows-target-title bellows-target-text\">\u270d\ufe0fMust \/ Have-To \/ Unterschied<\/span><\/a><\/li>\n<li id=\"menu-item-4253\" class=\"bellows-menu-item bellows-menu-item-type-post_type bellows-menu-item-object-page bellows-menu-item-4253 bellows-item-level-0\"><a  href=\"https:\/\/english-munich.de\/training\/mustnt-neednt-unterschied-2\/\" class=\"bellows-target\"><span class=\"bellows-target-title bellows-target-text\">\u270d\ufe0fMustn\u2019t \/ Needn\u2019t \/ Unterschied<\/span><\/a><\/li>\n<li id=\"menu-item-4254\" class=\"bellows-menu-item bellows-menu-item-type-post_type bellows-menu-item-object-page bellows-menu-item-4254 bellows-item-level-0\"><a  href=\"https:\/\/english-munich.de\/training\/mustnt-neednt-unterschied\/\" class=\"bellows-target\"><span class=\"bellows-target-title bellows-target-text\">\u2611\ufe0fMustn\u2019t \/ Needn\u2019t \/Unterschied<\/span><\/a><\/li>\n<li id=\"menu-item-4249\" class=\"bellows-menu-item bellows-menu-item-type-post_type bellows-menu-item-object-page bellows-menu-item-4249 bellows-item-level-0\"><a  href=\"https:\/\/english-munich.de\/training\/can-be-able-unterschied\/\" class=\"bellows-target\"><span class=\"bellows-target-title bellows-target-text\">\u2611\ufe0fCan \u2013 Be Able Unterschied<\/span><\/a><\/li>\n<li id=\"menu-item-4250\" class=\"bellows-menu-item bellows-menu-item-type-post_type bellows-menu-item-object-page bellows-menu-item-4250 bellows-item-level-0\"><a  href=\"https:\/\/english-munich.de\/training\/can-be-able-unterschied-2\/\" class=\"bellows-target\"><span class=\"bellows-target-title bellows-target-text\">\u270d\ufe0fCan \/ Be Able \/ Unterschied<\/span><\/a><\/li>\n<li id=\"menu-item-11645\" class=\"bellows-menu-item bellows-menu-item-type-post_type bellows-menu-item-object-page bellows-menu-item-11645 bellows-item-level-0\"><a  href=\"https:\/\/english-munich.de\/training\/ersatzformen-modalverben-uebungen\/\" class=\"bellows-target\"><span class=\"bellows-target-title bellows-target-text\">\u2611\ufe0fModalverben Ersatzformen<\/span><\/a><\/li>\n<li id=\"menu-item-11626\" class=\"bellows-menu-item bellows-menu-item-type-post_type bellows-menu-item-object-page bellows-menu-item-11626 bellows-item-level-0\"><a  href=\"https:\/\/english-munich.de\/training\/modalverben-ersatzformen-englisch-uebungen\/\" class=\"bellows-target\"><span class=\"bellows-target-title bellows-target-text\">\u270d\ufe0fModalverben Ersatzformen<\/span><\/a><\/li>\n<\/ul><\/div>\r\n<\/div>","protected":false},"excerpt":{"rendered":"Modalverben \/ Mustn&#8217;t \/ Needn&#8217;t Unterschied \u00dcbungen zur unterschiedlichen Verwendung von Mustn&#8217;t \/ Needn&#8217;t Beispiel \u24ffYou worry. I know what to do. Die richtige L\u00f6sung ist: needn&#8217;t &nbsp;&nbsp;Tipp \u270d\ufe0f F\u00fclle entweder Mustn&#8217;t oder Needn&#8217;t in die L\u00fccke. Achte darauf, dass &#8218;Mustn&#8217;t im Deutschen &#8218;Nicht D\u00fcrfen&#8216; bedeutet: \u2776You bring lunch, there is a canteen. Tipp \u2777He [&hellip;]","protected":false},"author":3,"featured_media":0,"parent":0,"menu_order":0,"comment_status":"closed","ping_status":"closed","template":"","meta":[],"_links":{"self":[{"href":"https:\/\/english-munich.de\/training\/wp-json\/wp\/v2\/pages\/3191"}],"collection":[{"href":"https:\/\/english-munich.de\/training\/wp-json\/wp\/v2\/pages"}],"about":[{"href":"https:\/\/english-munich.de\/training\/wp-json\/wp\/v2\/types\/page"}],"author":[{"embeddable":true,"href":"https:\/\/english-munich.de\/training\/wp-json\/wp\/v2\/users\/3"}],"replies":[{"embeddable":true,"href":"https:\/\/english-munich.de\/training\/wp-json\/wp\/v2\/comments?post=3191"}],"version-history":[{"count":13,"href":"https:\/\/english-munich.de\/training\/wp-json\/wp\/v2\/pages\/3191\/revisions"}],"predecessor-version":[{"id":12039,"href":"https:\/\/english-munich.de\/training\/wp-json\/wp\/v2\/pages\/3191\/revisions\/12039"}],"wp:attachment":[{"href":"https:\/\/english-munich.de\/training\/wp-json\/wp\/v2\/media?parent=3191"}],"curies":[{"name":"wp","href":"https:\/\/api.w.org\/{rel}","templated":true}]}}