{"id":3169,"date":"2020-06-22T07:30:20","date_gmt":"2020-06-22T07:30:20","guid":{"rendered":"https:\/\/english-munich.de\/training\/?page_id=3169"},"modified":"2021-05-05T11:48:31","modified_gmt":"2021-05-05T11:48:31","slug":"must-have-to-unterschied-2","status":"publish","type":"page","link":"https:\/\/english-munich.de\/training\/must-have-to-unterschied-2\/","title":{"rendered":"Must \/ Have-To \/ Unterschied"},"content":{"rendered":"<div class=\"jumbotron text-center\">\r\n<h2>Modalverben \/ Must \/ Have-To Unterschied<\/h2>\r\n\u00dcbungen zur unterschiedlichen Verwendung von Must bzw. Have-To\r\n\r\n<\/div>\r\n<div class=\"bs-example\">\r\n<div class=\"accordion\" id=\"accordionExample\">\r\n<div class=\"card\">\r\n<div class=\"card-header\" id=\"headingOne\">\r\n<h2 class=\"mb-0\" style=\"color:#000\">\r\n                    <button type=\"button\" class=\"btn btn-link collapsed\" data-toggle=\"collapse\" data-target=\"#collapseOne\">Beispiel<\/button><\/h2>\r\n<\/div>\r\n<div id=\"collapseOne\" class=\"collapse\" aria-labelledby=\"headingOne\" data-parent=\"#accordionExample\">\r\n<div class=\"card-body\">\r\n<div class=\"form-inline\">\r\n<div>\r\n<b><span class=\"number\">\u24ff<\/span><\/b>You <input type=\"text\" class=\"form-control\" id=\"panel-beispiel\" disabled=\"true\" value=\"have to\"> comply with the rules.\r\n<\/div><div>\r\nDie richtige L\u00f6sung ist: <b> have to <\/b>&nbsp;&nbsp;<button class=\"btn-lg btn-info\" type=\"button\" data-toggle=\"modal\" data-target=\"#myModal\">Tipp<\/button>\r\n<\/div>\r\n<\/div>\r\n<\/div>\r\n<\/div>\r\n<\/div>\r\n<\/div>\r\n<br \/><br \/>\r\n<div class=\"container well\">\r\n<h4>\u270d\ufe0f F\u00fclle die richtige Form des Verbs in Klammern im <b>Must<\/b> oder <b>Have-To<\/b> in die L\u00fccke. Achte darauf, ob es sich um ein <b>freiwilliges<\/b> oder ein <b>verpflichtendes<\/b> M\u00fcssen handelt:<\/h4>\r\n\r\n<hr>\r\n\r\n<br \/>\r\n<div class=\"container\">\r\n<b><span class=\"number\">\u2776<\/span><\/b>In the afternoon, I will  <input type=\"text\" class=\"form-control\" id=\"q0\" autocomplete=\"off\"> meet my boss, I am not excited.\r\n<div class=\"row\">\r\n<div>\r\n<p id=\"correct0\" align=\"left\"><\/p>\r\n\r\n<\/div>\r\n<div>\r\n<a button=\"\" class=\"btn btn-success tipp0 hidden\" href=\"#1\" title=\"I have to meet my boss...\" data-toggle=\"popover\" data-placement=\"top\" data-trigger=\"hover\" style=\"text-decoration: none; color:white;\" data-content=\"Es handelt sich um ein verpflichtendes M\u00fcssen \u2794 'have to'.\">Tipp<\/a><\/div>\r\n<\/div>\r\n<b><span class=\"number\">\u2777<\/span><\/b>I&#8217;m excited, I <input type=\"text\" class=\"form-control\" id=\"q1\" autocomplete=\"off\"> go now to see my new flame.\r\n<div class=\"row\">\r\n<div>\r\n<p id=\"correct1\" align=\"left\"><\/p>\r\n\r\n<\/div>\r\n<div>\r\n<a button=\"\" class=\"btn btn-success tipp1 hidden\" href=\"#2\" title=\"...I must go to see my new flame.\" data-toggle=\"popover\" data-placement=\"top\" data-trigger=\"hover\" style=\"text-decoration: none; color:white;\" data-content=\"Es handelt sich um ein freiwilliges M\u00fcssen \u2794 'must go'.\">Tipp<\/a><\/div>\r\n<\/div>\r\n<b><span class=\"number\">\u2778<\/span><\/b> I am not happy. I will <input type=\"text\" class=\"form-control\" id=\"q2\" autocomplete=\"off\"> write a maths test, tomorrow.\r\n<div class=\"row\">\r\n<div>\r\n<p id=\"correct2\" align=\"left\"><\/p>\r\n\r\n<\/div>\r\n<div>\r\n<a button=\"\" class=\"btn btn-success tipp2 hidden\" align=\"left\" aria-hidden=\"true\" href=\"#3\" title=\"...I will have to write... \" data-toggle=\"popover\" data-placement=\"top\" data-trigger=\"hover\" style=\"text-decoration: none, color:white\" data-content=\"Es handelt sich um ein verpflichtendes M\u00fcssen \u2794 'have to write'. \">Tipp<\/a><\/div>\r\n<\/div>\r\n<span class=\"number\">\u2779<\/span>He <input type=\"text\" class=\"form-control\" id=\"q3\" autocomplete=\"off\"> work harder, or else he will be let go.\r\n<div class=\"row\">\r\n<div>\r\n<p id=\"correct3\" align=\"left\"><\/p>\r\n\r\n<\/div>\r\n<div>\r\n<a button=\"\" class=\"btn btn-success tipp3 hidden\" aria-hidden=\"true\" href=\"#4\" title=\"He has to work...\" data-toggle=\"popover\" data-placement=\"top\" data-trigger=\"hover\" style=\"text-decoration: none, color:white\" data-content=\"Es handelt sich um ein verpflichtendes M\u00fcssen \u2794 'has to work harder'.  \">Tipp<\/a><\/div>\r\n<\/div>\r\n<b><span class=\"number\">\u277a<\/span><\/b>I don&#8217;t have time. I <input type=\"text\" class=\"form-control\" id=\"q4\" autocomplete=\"off\"> go to the Bon Jovi concert.\ud83c\udfb8\r\n<div class=\"row\">\r\n<div>\r\n<p id=\"correct4\" align=\"left\"><\/p>\r\n\r\n<\/div>\r\n<div>\r\n<a button=\"\" class=\"btn btn-success tipp4 hidden\" aria-hidden=\"true\" href=\"#5\" title=\"I must go...\" data-toggle=\"popover\" data-placement=\"top\" data-trigger=\"hover\" style=\"text-decoration: none, color:white\" data-content=\"Es handelt sich um ein freiwilliges M\u00fcssen \u2794 'must go'.\">Tipp<\/a><\/div>\r\n<\/div>\r\n<b><span class=\"number\">\u277b<\/span><\/b>You can&#8217;t let this happen again. You will<input type=\"text\" class=\"form-control\" id=\"q5\" autocomplete=\"off\"> be more careful.\r\n<div class=\"row\">\r\n<div>\r\n<p id=\"correct5\" align=\"left\"><\/p>\r\n\r\n<\/div>\r\n<div>\r\n<a button=\"\" class=\"btn btn-success tipp5 hidden\" aria-hidden=\"true\" href=\"#6\" title=\"You will have to be more careful...\" data-toggle=\"popover\" data-placement=\"top\" data-trigger=\"hover\" style=\"text-decoration: none, color:white\" data-content=\"Es handelt sich um ein verpflichtendes M\u00fcssen \u2794 'have to be'.\">Tipp<\/a><\/div>\r\n<\/div>\r\n<b><span class=\"number\">\u277c<\/span><\/b>That&#8217;s wonderful. We <input type=\"text\" class=\"form-control\" id=\"q6\" autocomplete=\"off\"> go and see.\r\n<div class=\"row\">\r\n<div>\r\n<p id=\"correct6\" align=\"left\"><\/p>\r\n\r\n<\/div>\r\n<div>\r\n<a button=\"\" class=\"btn btn-success tipp6 hidden\" aria-hidden=\"true\" href=\"#7\" title=\"We must go...\" data-toggle=\"popover\" data-placement=\"top\" data-trigger=\"hover\" style=\"text-decoration: none, color:white\" data-content=\"Es handelt sich um ein freiwilliges M\u00fcssen \u2794 'must go'.\">Tipp<\/a><\/div>\r\n<\/div>\r\n<b><span class=\"number\">\u277d<\/span><\/b>Sooner or later you will <input type=\"text\" class=\"form-control\" id=\"q7\" autocomplete=\"off\"> face it.\r\n<div class=\"row\">\r\n<div>\r\n<p id=\"correct7\" align=\"left\"><\/p>\r\n\r\n<\/div>\r\n<div>\r\n<a button=\"\" class=\"btn btn-success tipp7 hidden\" href=\"#8\" title=\"...you will have to face it.\" data-toggle=\"popover\" data-placement=\"top\" data-trigger=\"hover\" style=\"text-decoration: none, color:white\" data-content=\"Es handelt sich um ein verpflichtendes M\u00fcssen \u2794 'have to face it'.\">Tipp<\/a><\/div>\r\n<\/div>\r\n<b><span class=\"number\">\u277e<\/span><\/b>You really <input type=\"text\" class=\"form-control\" id=\"q8\" autocomplete=\"off\"> listen to this new song. It&#8217;s great!\r\n<div class=\"row\">\r\n<div>\r\n<p id=\"correct8\" align=\"left\"><\/p>\r\n\r\n<\/div>\r\n<div>\r\n<a button=\"\" class=\"btn btn-success tipp8 hidden\" href=\"#9\" title=\"You really must listen...\" data-toggle=\"popover\" data-placement=\"top\" data-trigger=\"hover\" style=\"text-decoration: none, color:white\" data-content=\"Es handelt sich um ein freiwilliges M\u00fcssen \u2794 'listen'.\">Tipp<\/a><\/div>\r\n<\/div>\r\n<b><span class=\"number\">\u277f<\/span><\/b> I <input type=\"text\" class=\"form-control\" id=\"q9\" autocomplete=\"off\"> go now. I would rather stay.\r\n<div class=\"row\">\r\n<div>\r\n<p id=\"correct9\" align=\"left\"><\/p>\r\n\r\n<\/div>\r\n<div>\r\n<a button=\"\" class=\"btn btn-success tipp9 hidden\" href=\"#10\" title=\"...I have to go now...\" data-toggle=\"popover\" data-placement=\"top\" data-trigger=\"hover\" style=\"text-decoration: none, color:white\" data-content=\"Es handelt sich um ein verpflichtendes M\u00fcssen \u2794 'have to go'.\">Tipp<\/a><\/div>\r\n<\/div>\r\n<div class=\"container\">\r\n\r\n<!-- The Modal -->\r\n<div id=\"myModal\" class=\"modal\">\r\n<div class=\"modal-dialog\">\r\n<div class=\"modal-content\">\r\n\r\n<!-- Modal Header -->\r\n<div class=\"modal-header\">\r\n<h4 class=\"modal-title\">Modalverben \/ Must &#8211; Have To \/ Unterschied<\/h4>\r\n<button class=\"close\" type=\"button\" data-dismiss=\"modal\">\u00d7<\/button>\r\n\r\n<\/div>\r\n<!-- Modal body -->\r\n<div class=\"modal-body\">\r\n<table class=\"table table-bordered table-sm\">\r\n<tbody>\r\n<tr class=\"table-danger\">\r\n<td>\r\nMust &#8211; Have To &#8211; Unterschied<\/td>\r\n<\/tr>\r\n<tr class=\"table-info\">\r\n<td>\r\nMust &#8211; es handelt sich um ein freiwilliges M\u00fcssen aus eigenem Antrieb.<\/td>\r\n<\/tr>\r\n<tr class=\"table-success\">\r\n<td>I <i><b>must see<\/b><\/i> my woman, I&#8217;m <i><b>in love<\/b><\/i>.<\/td>\r\n<\/tr>\r\n<tr class=\"table-primary\">\r\n<td>\r\nHave to &#8211; es handelt sich um ein verpflichtendes M\u00fcssen aus fremd auferlegtem Antrieb.<\/td>\r\n<\/tr>\r\n<tr class=\"table-warning\">\r\n<td>I <i><b> have to see <\/b><\/i> my women, I&#8217;m <i><b> married <\/b><\/i>.<\/td>\r\n<\/tr>\r\n<\/tbody>\r\n<\/table>\r\n<\/div>\r\n<!-- Modal footer -->\r\n<div class=\"modal-footer\"><button class=\"btn btn-danger\" type=\"button\" data-dismiss=\"modal\">Close<\/button><\/div>\r\n<\/div>\r\n<\/div>\r\n<\/div>\r\n<\/div>\r\n<\/div>\r\n<\/div>\r\n<div class=\"container\">\r\n\r\n<hr>\r\n\r\n<button id=\"submitButton\" class=\"btn-lg btn-primary \" type=\"submit\" value=\"submit\">Pr\u00fcfen<\/button><button id=\"resetButton\" class=\"btn-lg btn-success\" type=\"submit\" onclick=\"refreshPage()\">Neustart<\/button><button id=\"submitButton\" class=\"btn-lg btn-info\" type=\"button\" value=\"submit\" data-toggle=\"modal\" data-target=\"#myModal\">Tipp<\/button>\r\n\r\n<hr>\r\n\r\n\r\n<p id=\"result\"><\/p>\r\n<p id=\"result2\"><\/p>\r\n<h3>Modalverben alle \u00dcbungen<\/h3>\r\n<hr>\r\n<div id=\"bellows-main-30\" class=\"bellows bellows-nojs bellows-main bellows-source-menu bellows-align-full bellows-skin-vanilla bellows-type-\"><ul id=\"menu-modalverben\" class=\"bellows-nav\" data-bellows-config=\"main\"><li id=\"menu-item-4251\" class=\"bellows-menu-item bellows-menu-item-type-post_type bellows-menu-item-object-page bellows-menu-item-4251 bellows-item-level-0\"><a  href=\"https:\/\/english-munich.de\/training\/must-have-to-unterschied\/\" class=\"bellows-target\"><span class=\"bellows-target-title bellows-target-text\">\u2611\ufe0fMust \u2013 Have To \/ Unterschied<\/span><\/a><\/li>\n<li id=\"menu-item-4252\" class=\"bellows-menu-item bellows-menu-item-type-post_type bellows-menu-item-object-page bellows-menu-item-4252 bellows-item-level-0\"><a  href=\"https:\/\/english-munich.de\/training\/must-have-to-unterschied-2\/\" class=\"bellows-target\"><span class=\"bellows-target-title bellows-target-text\">\u270d\ufe0fMust \/ Have-To \/ Unterschied<\/span><\/a><\/li>\n<li id=\"menu-item-4253\" class=\"bellows-menu-item bellows-menu-item-type-post_type bellows-menu-item-object-page bellows-menu-item-4253 bellows-item-level-0\"><a  href=\"https:\/\/english-munich.de\/training\/mustnt-neednt-unterschied-2\/\" class=\"bellows-target\"><span class=\"bellows-target-title bellows-target-text\">\u270d\ufe0fMustn\u2019t \/ Needn\u2019t \/ Unterschied<\/span><\/a><\/li>\n<li id=\"menu-item-4254\" class=\"bellows-menu-item bellows-menu-item-type-post_type bellows-menu-item-object-page bellows-menu-item-4254 bellows-item-level-0\"><a  href=\"https:\/\/english-munich.de\/training\/mustnt-neednt-unterschied\/\" class=\"bellows-target\"><span class=\"bellows-target-title bellows-target-text\">\u2611\ufe0fMustn\u2019t \/ Needn\u2019t \/Unterschied<\/span><\/a><\/li>\n<li id=\"menu-item-4249\" class=\"bellows-menu-item bellows-menu-item-type-post_type bellows-menu-item-object-page bellows-menu-item-4249 bellows-item-level-0\"><a  href=\"https:\/\/english-munich.de\/training\/can-be-able-unterschied\/\" class=\"bellows-target\"><span class=\"bellows-target-title bellows-target-text\">\u2611\ufe0fCan \u2013 Be Able Unterschied<\/span><\/a><\/li>\n<li id=\"menu-item-4250\" class=\"bellows-menu-item bellows-menu-item-type-post_type bellows-menu-item-object-page bellows-menu-item-4250 bellows-item-level-0\"><a  href=\"https:\/\/english-munich.de\/training\/can-be-able-unterschied-2\/\" class=\"bellows-target\"><span class=\"bellows-target-title bellows-target-text\">\u270d\ufe0fCan \/ Be Able \/ Unterschied<\/span><\/a><\/li>\n<li id=\"menu-item-11645\" class=\"bellows-menu-item bellows-menu-item-type-post_type bellows-menu-item-object-page bellows-menu-item-11645 bellows-item-level-0\"><a  href=\"https:\/\/english-munich.de\/training\/ersatzformen-modalverben-uebungen\/\" class=\"bellows-target\"><span class=\"bellows-target-title bellows-target-text\">\u2611\ufe0fModalverben Ersatzformen<\/span><\/a><\/li>\n<li id=\"menu-item-11626\" class=\"bellows-menu-item bellows-menu-item-type-post_type bellows-menu-item-object-page bellows-menu-item-11626 bellows-item-level-0\"><a  href=\"https:\/\/english-munich.de\/training\/modalverben-ersatzformen-englisch-uebungen\/\" class=\"bellows-target\"><span class=\"bellows-target-title bellows-target-text\">\u270d\ufe0fModalverben Ersatzformen<\/span><\/a><\/li>\n<\/ul><\/div>\r\n<\/div>","protected":false},"excerpt":{"rendered":"Modalverben \/ Must \/ Have-To Unterschied \u00dcbungen zur unterschiedlichen Verwendung von Must bzw. Have-To Beispiel \u24ffYou comply with the rules. Die richtige L\u00f6sung ist: have to &nbsp;&nbsp;Tipp \u270d\ufe0f F\u00fclle die richtige Form des Verbs in Klammern im Must oder Have-To in die L\u00fccke. Achte darauf, ob es sich um ein freiwilliges oder ein verpflichtendes M\u00fcssen [&hellip;]","protected":false},"author":3,"featured_media":0,"parent":0,"menu_order":0,"comment_status":"closed","ping_status":"closed","template":"","meta":[],"_links":{"self":[{"href":"https:\/\/english-munich.de\/training\/wp-json\/wp\/v2\/pages\/3169"}],"collection":[{"href":"https:\/\/english-munich.de\/training\/wp-json\/wp\/v2\/pages"}],"about":[{"href":"https:\/\/english-munich.de\/training\/wp-json\/wp\/v2\/types\/page"}],"author":[{"embeddable":true,"href":"https:\/\/english-munich.de\/training\/wp-json\/wp\/v2\/users\/3"}],"replies":[{"embeddable":true,"href":"https:\/\/english-munich.de\/training\/wp-json\/wp\/v2\/comments?post=3169"}],"version-history":[{"count":12,"href":"https:\/\/english-munich.de\/training\/wp-json\/wp\/v2\/pages\/3169\/revisions"}],"predecessor-version":[{"id":7719,"href":"https:\/\/english-munich.de\/training\/wp-json\/wp\/v2\/pages\/3169\/revisions\/7719"}],"wp:attachment":[{"href":"https:\/\/english-munich.de\/training\/wp-json\/wp\/v2\/media?parent=3169"}],"curies":[{"name":"wp","href":"https:\/\/api.w.org\/{rel}","templated":true}]}}