{"id":3163,"date":"2020-06-21T15:37:55","date_gmt":"2020-06-21T15:37:55","guid":{"rendered":"https:\/\/english-munich.de\/training\/?page_id=3163"},"modified":"2022-06-07T11:21:30","modified_gmt":"2022-06-07T11:21:30","slug":"modalverben","status":"publish","type":"page","link":"https:\/\/english-munich.de\/training\/modalverben\/","title":{"rendered":"Modalverben"},"content":{"rendered":"<div class=\"container well\">\r\n<h1>Modalverben &#8211; \u00dcbungen und Erkl\u00e4rungen<\/h1>\r\n<hr>\r\nModalverben sind ein kniffliges Thema der Englischen Sprache. Es gibt n\u00e4mlich viele verschiedene modale <a href=\"https:\/\/de.wikipedia.org\/wiki\/Modalverb\">Hilfsverben<\/a>:\r\n<br \/>\r\n<div class=\"iframe-container\">\r\n<iframe loading=\"lazy\" width=\"560\" height=\"315\" src=\"https:\/\/www.youtube.com\/embed\/60kQa-C_9CA\" title=\"YouTube video player\" frameborder=\"0\" allow=\"accelerometer; autoplay; clipboard-write; encrypted-media; gyroscope; picture-in-picture\" allowfullscreen><\/iframe><\/div><br \/>\r\n<h2>Modalverben \u00dcbungen<\/h2>\r\n<div id=\"bellows-main-30\" class=\"bellows bellows-nojs bellows-main bellows-source-menu bellows-align-full bellows-skin-vanilla bellows-type-\"><ul id=\"menu-modalverben\" class=\"bellows-nav\" data-bellows-config=\"main\"><li id=\"menu-item-4251\" class=\"bellows-menu-item bellows-menu-item-type-post_type bellows-menu-item-object-page bellows-menu-item-4251 bellows-item-level-0\"><a  href=\"https:\/\/english-munich.de\/training\/must-have-to-unterschied\/\" class=\"bellows-target\"><span class=\"bellows-target-title bellows-target-text\">\u2611\ufe0fMust \u2013 Have To \/ Unterschied<\/span><\/a><\/li>\n<li id=\"menu-item-4252\" class=\"bellows-menu-item bellows-menu-item-type-post_type bellows-menu-item-object-page bellows-menu-item-4252 bellows-item-level-0\"><a  href=\"https:\/\/english-munich.de\/training\/must-have-to-unterschied-2\/\" class=\"bellows-target\"><span class=\"bellows-target-title bellows-target-text\">\u270d\ufe0fMust \/ Have-To \/ Unterschied<\/span><\/a><\/li>\n<li id=\"menu-item-4253\" class=\"bellows-menu-item bellows-menu-item-type-post_type bellows-menu-item-object-page bellows-menu-item-4253 bellows-item-level-0\"><a  href=\"https:\/\/english-munich.de\/training\/mustnt-neednt-unterschied-2\/\" class=\"bellows-target\"><span class=\"bellows-target-title bellows-target-text\">\u270d\ufe0fMustn\u2019t \/ Needn\u2019t \/ Unterschied<\/span><\/a><\/li>\n<li id=\"menu-item-4254\" class=\"bellows-menu-item bellows-menu-item-type-post_type bellows-menu-item-object-page bellows-menu-item-4254 bellows-item-level-0\"><a  href=\"https:\/\/english-munich.de\/training\/mustnt-neednt-unterschied\/\" class=\"bellows-target\"><span class=\"bellows-target-title bellows-target-text\">\u2611\ufe0fMustn\u2019t \/ Needn\u2019t \/Unterschied<\/span><\/a><\/li>\n<li id=\"menu-item-4249\" class=\"bellows-menu-item bellows-menu-item-type-post_type bellows-menu-item-object-page bellows-menu-item-4249 bellows-item-level-0\"><a  href=\"https:\/\/english-munich.de\/training\/can-be-able-unterschied\/\" class=\"bellows-target\"><span class=\"bellows-target-title bellows-target-text\">\u2611\ufe0fCan \u2013 Be Able Unterschied<\/span><\/a><\/li>\n<li id=\"menu-item-4250\" class=\"bellows-menu-item bellows-menu-item-type-post_type bellows-menu-item-object-page bellows-menu-item-4250 bellows-item-level-0\"><a  href=\"https:\/\/english-munich.de\/training\/can-be-able-unterschied-2\/\" class=\"bellows-target\"><span class=\"bellows-target-title bellows-target-text\">\u270d\ufe0fCan \/ Be Able \/ Unterschied<\/span><\/a><\/li>\n<li id=\"menu-item-11645\" class=\"bellows-menu-item bellows-menu-item-type-post_type bellows-menu-item-object-page bellows-menu-item-11645 bellows-item-level-0\"><a  href=\"https:\/\/english-munich.de\/training\/ersatzformen-modalverben-uebungen\/\" class=\"bellows-target\"><span class=\"bellows-target-title bellows-target-text\">\u2611\ufe0fModalverben Ersatzformen<\/span><\/a><\/li>\n<li id=\"menu-item-11626\" class=\"bellows-menu-item bellows-menu-item-type-post_type bellows-menu-item-object-page bellows-menu-item-11626 bellows-item-level-0\"><a  href=\"https:\/\/english-munich.de\/training\/modalverben-ersatzformen-englisch-uebungen\/\" class=\"bellows-target\"><span class=\"bellows-target-title bellows-target-text\">\u270d\ufe0fModalverben Ersatzformen<\/span><\/a><\/li>\n<\/ul><\/div>\r\n<h2>Must &#8211; Have To Unterschied<\/h2>\r\nSowohl <i>must<\/i> als auch <i>have to<\/i> bedeuten im Deutschen beide &#8222;m\u00fcssen&#8220;.\r\nJedoch unterscheidet die englische Sprache in diesem Zusammenhang zwei unterschiedliche Szenarios.\r\nEin verpflichtendes von au\u00dfen auferlegtes <i>m\u00fcssen<\/i>. Dann kommt <i>have to<\/i> zum Einsatz.\r\n<b>zum Beispiel:<\/b>\r\nDuring the Corona Virus crisis, everbody <i>had to<\/i> wear a mask.\r\nEin <i>m\u00fcssen<\/i>, das du aus eigenem Antrieb versp\u00fcrst, wird im Englischen mit dem modalen\r\nHilsverb <i>must<\/i> ausgedr\u00fcckt.\r\nI <i>must<\/i> go now, I <i>must<\/i> see my favorite band.\r\n\r\n<table class=\"table table-bordered table-sm\">\r\n<tbody>\r\n<tr class=\"table-danger\">\r\n<td>\r\nMust &#8211; Have To &#8211; Unterschied<\/td>\r\n<\/tr>\r\n<tr class=\"table-info\">\r\n<td>\r\n<i><b>Must<\/b><\/i> &#8211; es handelt sich um ein freiwilliges M\u00fcssen aus eigenem Antrieb.<\/td>\r\n<\/tr>\r\n<tr class=\"table-success\">\r\n<td>I <i><b>must see<\/b><\/i> my woman, I&#8217;m <i><b>in love<\/b><\/i>.<\/td>\r\n<\/tr>\r\n<tr class=\"table-primary\">\r\n<td>\r\n<i><b>Have to<\/b><\/i> &#8211; es handelt sich um ein verpflichtendes M\u00fcssen aus fremd auferlegtem Antrieb.<\/td>\r\n<\/tr>\r\n<tr class=\"table-warning\">\r\n<td>I <i><b> have to see <\/b><\/i> my women, I&#8217;m <i><b> married <\/b><\/i>.<\/td>\r\n<\/tr>\r\n<\/tbody>\r\n<\/table><div class=\"iframe-container\">\r\n<iframe loading=\"lazy\" width=\"560\" height=\"315\" src=\"https:\/\/www.youtube.com\/embed\/x4dFVenjiRQ\" frameborder=\"0\" allow=\"accelerometer; autoplay; clipboard-write; encrypted-media; gyroscope; picture-in-picture\" allowfullscreen><\/iframe><\/div><br \/>\r\n<h2>Mustn&#8217;t &#8211; Needn&#8217;t &#8211; Unterschied<\/h2>\r\nHier musst Du ganz besonders aufpassen. <i>Mustn&#8217;t<\/i> bedeutet im Englischen nicht <i>nicht m\u00fcssen<\/i>, sondern <i>nicht d\u00fcrfen<\/i>.\r\n<b>zum Beispiel:<\/b>\r\nYou <i>mustn&#8217;t<\/i> step on my new shoes.  &#8211; Du <i>darfst nicht<\/i> auf meine neuen Schuhe treten.\r\n<i>Needn&#8217;t<\/i> hingegen bezieht das das deutsche <i>nicht m\u00fcssen<\/i> im Sinne von <i>nicht brauchen<\/i>.\r\n<b>zum Beispiel:<\/b>\r\nYou <i>needn&#8217;t<\/i> wear a helmet. &#8211; Du <i>brauchst<\/i> keinen Helm zu tragen.\r\n<table class=\"table table-bordered table-sm\">\r\n<tbody>\r\n<tr class=\"table-danger\">\r\n<td>\r\nMustn&#8217;t &#8211; Needn&#8217;t &#8211; Unterschied<\/td>\r\n<\/tr>\r\n<tr class=\"table-info\">\r\n<td>\r\nMustn&#8217;t &#8211; bedeutet nicht d\u00fcrfen.<\/td>\r\n<\/tr>\r\n<tr class=\"table-success\">\r\n<td>You <i><b>mustn&#8217;t<\/b><\/i> cross the street. It&#8217;s red<\/td>\r\n<\/tr>\r\n<tr class=\"table-primary\">\r\n<td>\r\nNeedn&#8217;t &#8211; bedeutet nicht brauchen, m\u00fcssen.<\/td>\r\n<\/tr>\r\n<tr class=\"table-warning\">\r\n<td>You <i><b> needn&#8217;t <\/b><\/i> worry. Donald has it under control.<\/td>\r\n<\/tr>\r\n<\/tbody>\r\n<\/table>\r\n<h2>Can &#8211; be able &#8211; Unterschied<\/h2>\r\n<i>Can<\/i> und <i>be able<\/i>, bedeuten beide eigentlich das Gleiche, n\u00e4mlich: <i>k\u00f6nnen<\/i>.\r\n<i>Be able<\/i>, jedoch hei\u00dft w\u00f6rtlich \u00fcbersetzt: <i>f\u00e4hig sein<\/i>. Es kommt eigentlich nur dann zum Einsatz wenn <i>can<\/i> direkt neben einem zweiten <em>modalen Hilfsverb<\/em> steht.\r\n<b>zum Beispiel:<\/b>\r\nYou <i><del>will can<\/del><\/i> do it.  \u279e You <strong>will be able<\/strong> to do it\r\n\r\n<table class=\"table table-bordered table-sm\">\r\n<tbody>\r\n<tr class=\"table-danger\">\r\n<td>\r\n<b>Can &#8211; Be Able &#8211; Unterschied<\/b><\/td>\r\n<\/tr>\r\n<tr class=\"table-info\">\r\n<td>\r\n<i><b>Can<\/b><\/i> &#8211; bedeutet k\u00f6nnen<\/td>\r\n<\/tr>\r\n<tr class=\"table-success\">\r\n<td>You <i><b>can<\/b><\/i> do it. It&#8217;s easy<\/td>\r\n<\/tr>\r\n<tr class=\"table-primary\">\r\n<td>\r\n<i><b>Be Able<\/b><\/i> &#8211; bedeutet eigentlich f\u00e4hig sein, wird aber meist dazu benutzt,\r\nwenn <i><b>&#8218;can&#8216;<\/b><\/i> in Verbindung mit <i><b>&#8218;may, might, will, should&#8216; oder &#8217;shall&#8216;<\/b><\/i> benutzt wird.<\/td>\r\n<\/tr>\r\n<tr class=\"table-warning\">\r\n<td>You <i><b> should be able<\/b><\/i> to do it . Donald can do it to.<\/td>\r\n<\/tr>\r\n<\/tbody>\r\n<\/table><br \/>\r\n<h2>Modalverben Ersatzformen \u00dcbersicht<\/h2>\r\nTabelle \u00fcber Ersatzformen zu modalen Hilfsverben:\r\n<table class=\"table table-bordered table-sm table-hover\">\r\n<thead>\r\n<tr class=\"table-primary\">\r\n<td class=\"nowrap\"><b>Modalverb<\/b><\/td>\r\n<td class=\"nowrap\"><b>\u00dcbersetzung<\/b><\/td>\r\n<td class=\"nowrap\"><b>Ersatzform<\/b><\/td>\r\n<td class=\"nowrap\"><b>Beispiel<\/b><\/td>\r\n<\/tr>\r\n<\/thead>\r\n<tbody>\r\n<tr class=\"table-success\">\r\n<td>must<\/td>\r\n<td>m\u00fcssen<\/td>\r\n<td>have to<\/td>\r\n<td>I must work. = I have to work.<\/td>\r\n<\/tr>\r\n<tr class=\"table-warning\">\r\n<td>must not<\/td>\r\n<td>nicht d\u00fcrfen<\/td>\r\n<td>not to be allowed to<\/td>\r\n<td>You mustn&#8217;t look. = <br \/>\r\nYour&#8217;re not allowed to look.<\/td>\r\n<\/tr>\r\n<tr class=\"table-success\">\r\n<td>can<\/td>\r\n<td>k\u00f6nnen<\/td>\r\n<td>be able to<\/td>\r\n<td>I can do it. = I am able to do it.<\/td>\r\n<\/tr>\r\n<tr class=\"table-warning\">\r\n<td>may<\/td>\r\n<td>d\u00fcrfen<\/td>\r\n<td>to be allowed to<\/td>\r\n<td>You may look. = <br \/>\r\nYour&#8217;re allowed to look.<\/td>\r\n<\/tr>\r\n<tr class=\"table-success\">\r\n<td>need<\/td>\r\n<td>brauchen, m\u00fcssen<\/td>\r\n<td>to have to<\/td>\r\n<td>I need do it. = I have do it.<\/td>\r\n<\/tr>\r\n<tr class=\"table-warning\">\r\n<td>need not<\/td>\r\n<td>nicht m\u00fcssen<\/td>\r\n<td>not to have to<\/td>\r\n<td>You needn&#8217;t do it. = <br \/>\r\nYou don&#8217;t have to do it.<\/td>\r\n<\/tr>\r\n<tr class=\"table-success\">\r\n<td>shall, should <\/td>\r\n<td>sollen<\/td>\r\n<td>to be supposed to<\/td>\r\n<td>I shall\/should do it. = <br \/>I am supposed to do it.<\/td>\r\n<\/tr>\r\n<\/tbody>\r\n<\/table>\r\n<\/div>","protected":false},"excerpt":{"rendered":"Modalverben &#8211; \u00dcbungen und Erkl\u00e4rungen Modalverben sind ein kniffliges Thema der Englischen Sprache. Es gibt n\u00e4mlich viele verschiedene modale Hilfsverben: Modalverben \u00dcbungen Must &#8211; Have To Unterschied Sowohl must als auch have to bedeuten im Deutschen beide &#8222;m\u00fcssen&#8220;. Jedoch unterscheidet die englische Sprache in diesem Zusammenhang zwei unterschiedliche Szenarios. Ein verpflichtendes von au\u00dfen auferlegtes m\u00fcssen. [&hellip;]","protected":false},"author":3,"featured_media":0,"parent":0,"menu_order":0,"comment_status":"closed","ping_status":"closed","template":"","meta":[],"_links":{"self":[{"href":"https:\/\/english-munich.de\/training\/wp-json\/wp\/v2\/pages\/3163"}],"collection":[{"href":"https:\/\/english-munich.de\/training\/wp-json\/wp\/v2\/pages"}],"about":[{"href":"https:\/\/english-munich.de\/training\/wp-json\/wp\/v2\/types\/page"}],"author":[{"embeddable":true,"href":"https:\/\/english-munich.de\/training\/wp-json\/wp\/v2\/users\/3"}],"replies":[{"embeddable":true,"href":"https:\/\/english-munich.de\/training\/wp-json\/wp\/v2\/comments?post=3163"}],"version-history":[{"count":18,"href":"https:\/\/english-munich.de\/training\/wp-json\/wp\/v2\/pages\/3163\/revisions"}],"predecessor-version":[{"id":11692,"href":"https:\/\/english-munich.de\/training\/wp-json\/wp\/v2\/pages\/3163\/revisions\/11692"}],"wp:attachment":[{"href":"https:\/\/english-munich.de\/training\/wp-json\/wp\/v2\/media?parent=3163"}],"curies":[{"name":"wp","href":"https:\/\/api.w.org\/{rel}","templated":true}]}}