{"id":2952,"date":"2020-06-14T08:25:35","date_gmt":"2020-06-14T08:25:35","guid":{"rendered":"https:\/\/english-munich.de\/training\/?page_id=2952"},"modified":"2021-06-16T08:33:53","modified_gmt":"2021-06-16T08:33:53","slug":"steigerung-vergleichsworter","status":"publish","type":"page","link":"https:\/\/english-munich.de\/training\/steigerung-vergleichsworter\/","title":{"rendered":"Steigerung Vergleichsw\u00f6rter"},"content":{"rendered":"<div class=\"jumbotron text-center\">\r\n<h2>Steigerung Vergleichsw\u00f6rter<\/h2>\r\n\u00dcbungen zur Steigerung von Eigenschaftsw\u00f6rtern\r\nVergleichsw\u00f6rter as \/ than\r\n\r\n<\/div>\r\n<div class=\"bs-example\">\r\n<div id=\"accordionExample\" class=\"accordion\">\r\n<div class=\"card\">\r\n<div id=\"headingOne\" class=\"card-header\">\r\n<h2 class=\"number\"><button class=\"btn btn-link collapsed\" type=\"button\" data-toggle=\"collapse\" data-target=\"#collapseOne\">Beispiel<\/button><\/h2>\r\n<\/div>\r\n<div id=\"collapseOne\" class=\"collapse\" aria-labelledby=\"headingOne\" data-parent=\"#accordionExample\">\r\n<div class=\"card-body\">\r\n<div class=\"form-group\" style=\"width: 70%; margin: 10px;\"><label for=\"sel1\"><span class=\"number\">\u24ff<\/span>John and Mick have the same height. Tom is  ________ as Mick.\r\n<select id=\"beispiel\" class=\"form-control\">\r\n<option value=\"wrong\">who<\/option>\r\n<option value=\"correct\">as tall as<\/option>\r\n<option value=\"wrong\">which<\/option>\r\n<\/select>\r\n\r\nDie richtige L\u00f6sung ist: <b>as tall as<\/b>&nbsp;&nbsp;<button class=\"btn-lg btn-info\" type=\"button\" value=\"submit\" data-toggle=\"modal\" data-target=\"#myModal\">Tipp<\/button>\r\n\r\n<\/label><\/div>\r\n<\/div>\r\n<\/div>\r\n<\/div>\r\n<\/div>\r\n<br \/><br \/>\r\n<div class=\"container well\">\r\n<h4>\u2611\ufe0f W\u00e4hle den richtigen <b>Vergleichsausdruck<\/b>. Achte darauf, ob es sich um einen gesteigerten oder gleichwertigen Vergleich handelt.<\/h4>\r\n\r\n<hr>\r\n\r\n<div class=\"container-fluid\">\r\n<div class=\"form-group\" style=\"width: 70%;\"><label for=\"sel1\"><span class=\"number\">\u2776<\/span>New York is__________ Berlin.<\/label>\r\n<select id=\"q0\" class=\"form-control\"><option value=\"wrong\"><\/option>\r\n<option value=\"correct\">bigger than<\/option>\r\n<option value=\"wrong\">as big as<\/option>\r\n<\/select>\r\n<p id=\"correct0\" align=\"left\"><\/p>\r\n<a class=\"btn btn-success tipp0 hidden\" style=\"text-decoration: none, color:white;\" title=\"...bigger than Berlin...\" href=\"#0\" data-toggle=\"popover\" data-placement=\"top\" data-trigger=\"hover\" data-content=\"Es handelt sich um einen gesteigerten Vergleich, deswegen 'bigger than'.\">Tipp<\/a>\r\n\r\n<\/div>\r\n<div class=\"form-group\" style=\"width: 70%;\"><label for=\"sel1\"><span class=\"number\">\u2777<\/span>Beans don&#8217;t cost __________caviar.<\/label>\r\n<select id=\"q1\" class=\"form-control\"><option value=\"wrong\"><\/option>\r\n<option value=\"wrong\">less than<\/option>\r\n<option value=\"correct\">as much as<\/option>\r\n<\/select>\r\n<p id=\"correct1\" align=\"left\"><\/p>\r\n<a class=\"btn btn-success tipp1 hidden\" style=\"text-decoration: none, color:white;\" title=\"Beans don't cost as much as...\" href=\"#1\" data-toggle=\"popover\" data-placement=\"top\" data-trigger=\"hover\" data-content=\"Es handelt sich um einen gleichwertigen Vergleich, deswegen 'as much as'.\">Tipp<\/a>\r\n\r\n<\/div>\r\n<div class=\"form-group\" style=\"width: 70%;\"><label for=\"sel1\"><span class=\"number\">\u2778<\/span>Germans play soccer __________baseball.<\/label>\r\n<select id=\"q2\" class=\"form-control\"><option value=\"wrong\"><\/option>\r\n<option value=\"correct\">better than<\/option>\r\n<option value=\"wrong\">as good as<\/option>\r\n<\/select>\r\n<p id=\"correct2\" align=\"left\"><\/p>\r\n<a class=\"btn btn-success tipp2 hidden\" style=\"text-decoration: none, color:white;\" title=\"...better than...\" href=\"#2\" data-toggle=\"popover\" data-placement=\"top\" data-trigger=\"hover\" data-content=\"Es handelt sich um einen gesteigerten Vergleich, deswegen 'better than'.\">Tipp<\/a>\r\n\r\n<\/div>\r\n<div class=\"form-group\" style=\"width: 70%;\"><label for=\"sel1\"><span class=\"number\">\u2779<\/span>I wish I had__________ money as Bill Gates.<\/label>\r\n<select id=\"q3\" class=\"form-control\"><option value=\"wrong\"><\/option>\r\n<option value=\"wrong\">more<\/option>\r\n<option value=\"correct\">as much<\/option>\r\n<\/select>\r\n<p id=\"correct3\" align=\"left\"><\/p>\r\n<a class=\"btn btn-success tipp3 hidden\" style=\"text-decoration: none, color:white;\" title=\"...as much money...\" href=\"#3\" data-toggle=\"popover\" data-placement=\"top\" data-trigger=\"hover\" data-content=\"Es handelt sich um einen gleichwertigen Vergleich, deswegen 'as much as'.\">Tipp<\/a>\r\n\r\n<\/div>\r\n<div class=\"form-group\" style=\"width: 70%;\"><label for=\"sel1\"><span class=\"number\">\u277a<\/span>Mike and John are both 5 foot 6 inches tall. Mike is__________John.<\/label>\r\n<select id=\"q4\" class=\"form-control\"><option value=\"wrong\"><\/option>\r\n<option value=\"correct\">as tall as<\/option>\r\n<option value=\"wrong\">taller than<\/option>\r\n<\/select>\r\n<p id=\"correct4\" align=\"left\"><\/p>\r\n<a class=\"btn btn-success tipp4 hidden\" style=\"text-decoration: none, color:white;\" title=\"...as tall as...\" href=\"#4\" data-toggle=\"popover\" data-placement=\"top\" data-trigger=\"hover\" data-content=\"Es handelt sich um einen gleichwertigen Vergleich, deswegen 'as tall as'.\">Tipp<\/a>\r\n\r\n<\/div>\r\n<div class=\"form-group\" style=\"width: 70%;\"><label for=\"sel1\"><span class=\"number\">\u277b<\/span>We are just _________as the other team.<\/label>\r\n<select id=\"q5\" class=\"form-control\"><option value=\"wrong\"><\/option>\r\n<option value=\"wrong\">better than<\/option>\r\n<option value=\"correct\">as good<\/option>\r\n<\/select>\r\n<p id=\"correct5\" align=\"left\"><\/p>\r\n<a class=\"btn btn-success tipp5 hidden\" style=\"text-decoration: none, color:white;\" title=\"...as good as the other team.\" href=\"#5\" data-toggle=\"popover\" data-placement=\"top\" data-trigger=\"hover\" data-content=\"Es handelt sich um einen gleichwertigen Vergleich, deswegen 'as good as'.\">Tipp<\/a>\r\n\r\n<\/div>\r\n<div class=\"form-group\" style=\"width: 70%;\"><label for=\"sel1\"><span class=\"number\">\u277c<\/span>I know about physics__________Albert Einstein.<\/label>\r\n<select id=\"q6\" class=\"form-control\"><option value=\"wrong\"><\/option>\r\n<option value=\"correct\">less than<\/option>\r\n<option value=\"wrong\">as much as<\/option>\r\n<\/select>\r\n<p id=\"correct6\" align=\"left\"><\/p>\r\n<a class=\"btn btn-success tipp6 hidden\" style=\"text-decoration: none, color:white;\" title=\"...less than Albert Einstein...\" href=\"#6\" data-toggle=\"popover\" data-placement=\"top\" data-trigger=\"hover\" data-content=\"Es handelt sich um einen gesteigerten Vergleich, deswegen 'less than'.\">Tipp<\/a>\r\n\r\n<\/div>\r\n<div class=\"form-group\" style=\"width: 70%;\"><label for=\"sel1\"><span class=\"number\">\u277d<\/span>We live with the Smiths. We live__________ away from the beach as them.<\/label>\r\n<select id=\"q7\" class=\"form-control\"><option value=\"wrong\"><\/option>\r\n<option value=\"wrong\">farther<\/option>\r\n<option value=\"correct\">as far<\/option>\r\n<\/select>\r\n<p id=\"correct7\" align=\"left\"><\/p>\r\n<a class=\"btn btn-success tipp7 hidden\" style=\"text-decoration: none, color:white;\" title=\"As far as them...\" href=\"#7\" data-toggle=\"popover\" data-placement=\"top\" data-trigger=\"hover\" data-content=\"Es handelt sich um einen gleichwertigen Vergleich, deswegen 'as far'.\">Tipp<\/a>\r\n\r\n<\/div>\r\n<div class=\"form-group\" style=\"width: 70%;\"><label for=\"sel1\"><span class=\"number\">\u277e<\/span> I don&#8217;t believe that guy. I can tell you __________. <\/label>\r\n<select id=\"q8\" class=\"form-control\"><option value=\"wrong\"><\/option>\r\n<option value=\"correct\">as much.<\/option>\r\n<option value=\"wrong\">more than<\/option>\r\n<\/select>\r\n<p id=\"correct8\" align=\"left\"><\/p>\r\n<a class=\"btn btn-success tipp8 hidden\" style=\"text-decoration: none, color:white;\" title=\"...I can tell you as much...\" href=\"#8\" data-toggle=\"popover\" data-placement=\"top\" data-trigger=\"hover\" data-content=\"'Hard' besteht aus einer Silbe, deswegen ist die Steigerung 'harder'.\">Tipp<\/a>\r\n\r\n<\/div>\r\n<div class=\"form-group\" style=\"width: 70%;\"><label for=\"sel1\"><span class=\"number\">\u277f<\/span>Michael Jordan used to play basketball________everybody else.<\/label>\r\n<select id=\"q9\" class=\"form-control\"><option value=\"wrong\"><\/option>\r\n<option value=\"correct\">better than<\/option>\r\n<option value=\"wrong\">as good as<\/option>\r\n<\/select>\r\n<p id=\"correct9\" align=\"left\"><\/p>\r\n<a class=\"btn btn-success tipp9 hidden\" style=\"text-decoration: none, color:white;\" title=\"...better than everybody else.\" href=\"#9\" data-toggle=\"popover\" data-placement=\"top\" data-trigger=\"hover\" data-content=\"Es handelt sich um einen gesteigerten Vergleich, deswegen 'bigger than'.\">Tipp<\/a>\r\n\r\n<\/div>\r\n<\/div>\r\n<div class=\"container\">\r\n\r\n<!-- The Modal -->\r\n<div id=\"myModal\" class=\"modal\">\r\n<div class=\"modal-dialog\">\r\n<div class=\"modal-content\">\r\n\r\n<!-- Modal Header -->\r\n<div class=\"modal-header\">\r\n<h4 class=\"modal-title\">Eigenschaftswort Steigerung Vergleichsw\u00f6rter<\/h4>\r\n<button class=\"close\" type=\"button\" data-dismiss=\"modal\">\u00d7<\/button>\r\n\r\n<\/div>\r\n<!-- Modal body -->\r\n<div class=\"modal-body\">\r\n\r\nWenn bei einer Gegen\u00fcberstellung zwei Personen oder Dinge gleichwertig sind, wird das Eigenschaftswort mit den Vergleichsw\u00f6rtern <b>as&#8230;..as<\/b> eingerahmt.\r\nBei einem gesteigerten Vergleich ben\u00fctzen wir das Vergleichswort <b>than<\/b>.\r\n<table class=\"table table-bordered table-sm\">\r\n<tbody>\r\n<tr class=\"table-danger\">\r\n<th colspan=\"3\">&#8218;As&#8216; als Vergleichswort beim gleichwertigen Vergleich:<\/th>\r\n<\/tr>\r\n<tr class=\"table-success\">\r\n<td colspan=\"3\">Our team isn&#8217;t as good as your team.<\/td>\r\n<\/tr>\r\n<tr class=\"table-warning\">\r\n<th colspan=\"3\">&#8218;Than&#8216; als Vergleichswort beim gesteigerten Vergleich:<\/th>\r\n<\/tr>\r\n<tr class=\"table-primary\">\r\n<td colspan=\"3\">Our team is better than last year.<\/td>\r\n<\/tr>\r\n<\/tbody>\r\n<\/table>\r\n<\/div>\r\n<!-- Modal footer -->\r\n<div class=\"modal-footer\"><button class=\"btn btn-danger\" type=\"button\" data-dismiss=\"modal\">Close<\/button><\/div>\r\n<\/div>\r\n<\/div>\r\n<\/div>\r\n<\/div>\r\n<\/div>\r\n\r\n<hr>\r\n\r\n<div class=\"container\"><button id=\"submitButton\" class=\"btn-lg btn-primary \" type=\"submit\" value=\"submit\">Pr\u00fcfen<\/button><button id=\"resetButton\" class=\"btn-lg btn-success\" type=\"submit\" onclick=\"refreshPage()\">Neustart<\/button><button id=\"submitButton\" class=\"btn-lg btn-info\" type=\"submit\" value=\"submit\" data-toggle=\"modal\" data-target=\"#myModal\">Tipp<\/button><\/div>\r\n\r\n<hr>\r\n\r\n\r\n<p id=\"result\"><\/p>\r\n<p id=\"result2\"><\/p>\r\n<h3>Steigerung alle Aufgaben<\/h3>\r\n<hr>\r\n<div id=\"bellows-main-36\" class=\"bellows bellows-nojs bellows-main bellows-source-menu bellows-align-full bellows-skin-vanilla bellows-type-\"><ul id=\"menu-steigerung\" class=\"bellows-nav\" data-bellows-config=\"main\"><li id=\"menu-item-4463\" class=\"bellows-menu-item bellows-menu-item-type-post_type bellows-menu-item-object-page bellows-menu-item-4463 bellows-item-level-0\"><a  href=\"https:\/\/english-munich.de\/training\/adjektiv-steigerung-unregelmasig\/\" class=\"bellows-target\"><span class=\"bellows-target-title bellows-target-text\">\u270d\ufe0fAdjektiv Steigerung unregelm\u00e4\u00dfig<\/span><\/a><\/li>\n<li id=\"menu-item-4464\" class=\"bellows-menu-item bellows-menu-item-type-post_type bellows-menu-item-object-page bellows-menu-item-4464 bellows-item-level-0\"><a  href=\"https:\/\/english-munich.de\/training\/steigerung-adjektive-unregelmasig\/\" class=\"bellows-target\"><span class=\"bellows-target-title bellows-target-text\">\u2611\ufe0fSteigerung Adjektive unregelm\u00e4\u00dfig<\/span><\/a><\/li>\n<li id=\"menu-item-4465\" class=\"bellows-menu-item bellows-menu-item-type-post_type bellows-menu-item-object-page bellows-menu-item-4465 bellows-item-level-0\"><a  href=\"https:\/\/english-munich.de\/training\/steigerung-regelmasig\/\" class=\"bellows-target\"><span class=\"bellows-target-title bellows-target-text\">\u2611\ufe0fSteigerung regelm\u00e4\u00dfig<\/span><\/a><\/li>\n<li id=\"menu-item-4466\" class=\"bellows-menu-item bellows-menu-item-type-post_type bellows-menu-item-object-page bellows-menu-item-4466 bellows-item-level-0\"><a  href=\"https:\/\/english-munich.de\/training\/steigerung-regelmasig-2\/\" class=\"bellows-target\"><span class=\"bellows-target-title bellows-target-text\">\u270d\ufe0fSteigerung regelm\u00e4\u00dfig<\/span><\/a><\/li>\n<li id=\"menu-item-4467\" class=\"bellows-menu-item bellows-menu-item-type-post_type bellows-menu-item-object-page bellows-menu-item-4467 bellows-item-level-0\"><a  href=\"https:\/\/english-munich.de\/training\/steigerung-vergleichsworter\/\" class=\"bellows-target\"><span class=\"bellows-target-title bellows-target-text\">\u2611\ufe0fSteigerung Vergleichsw\u00f6rter<\/span><\/a><\/li>\n<li id=\"menu-item-4468\" class=\"bellows-menu-item bellows-menu-item-type-post_type bellows-menu-item-object-page bellows-menu-item-4468 bellows-item-level-0\"><a  href=\"https:\/\/english-munich.de\/training\/vergleichsworter-steigerung\/\" class=\"bellows-target\"><span class=\"bellows-target-title bellows-target-text\">\u270d\ufe0fVergleichsw\u00f6rter Steigerung<\/span><\/a><\/li>\n<\/ul><\/div> \r\n<\/div>","protected":false},"excerpt":{"rendered":"Steigerung Vergleichsw\u00f6rter \u00dcbungen zur Steigerung von Eigenschaftsw\u00f6rtern Vergleichsw\u00f6rter as \/ than Beispiel \u24ffJohn and Mick have the same height. Tom is ________ as Mick. who as tall as which Die richtige L\u00f6sung ist: as tall as&nbsp;&nbsp;Tipp \u2611\ufe0f W\u00e4hle den richtigen Vergleichsausdruck. Achte darauf, ob es sich um einen gesteigerten oder gleichwertigen Vergleich handelt. \u2776New York [&hellip;]","protected":false},"author":3,"featured_media":0,"parent":0,"menu_order":0,"comment_status":"closed","ping_status":"closed","template":"","meta":[],"_links":{"self":[{"href":"https:\/\/english-munich.de\/training\/wp-json\/wp\/v2\/pages\/2952"}],"collection":[{"href":"https:\/\/english-munich.de\/training\/wp-json\/wp\/v2\/pages"}],"about":[{"href":"https:\/\/english-munich.de\/training\/wp-json\/wp\/v2\/types\/page"}],"author":[{"embeddable":true,"href":"https:\/\/english-munich.de\/training\/wp-json\/wp\/v2\/users\/3"}],"replies":[{"embeddable":true,"href":"https:\/\/english-munich.de\/training\/wp-json\/wp\/v2\/comments?post=2952"}],"version-history":[{"count":9,"href":"https:\/\/english-munich.de\/training\/wp-json\/wp\/v2\/pages\/2952\/revisions"}],"predecessor-version":[{"id":10211,"href":"https:\/\/english-munich.de\/training\/wp-json\/wp\/v2\/pages\/2952\/revisions\/10211"}],"wp:attachment":[{"href":"https:\/\/english-munich.de\/training\/wp-json\/wp\/v2\/media?parent=2952"}],"curies":[{"name":"wp","href":"https:\/\/api.w.org\/{rel}","templated":true}]}}