{"id":2917,"date":"2020-06-12T19:15:31","date_gmt":"2020-06-12T19:15:31","guid":{"rendered":"https:\/\/english-munich.de\/training\/?page_id=2917"},"modified":"2021-01-18T20:05:34","modified_gmt":"2021-01-18T20:05:34","slug":"steigerung-adjektive-unregelmasig","status":"publish","type":"page","link":"https:\/\/english-munich.de\/training\/steigerung-adjektive-unregelmasig\/","title":{"rendered":"Steigerung Adjektive unregelm\u00e4\u00dfig"},"content":{"rendered":"<div class=\"jumbotron text-center\">\r\n<h2>Steigerung unreglm\u00e4\u00dfig<\/h2>\r\n\u00dcbungen zur Steigerung von Eigenschaftsw\u00f6rtern\r\nunregelm\u00e4\u00dfige Formen\r\n\r\n<\/div>\r\n<div class=\"bs-example\">\r\n<div id=\"accordionExample\" class=\"accordion\">\r\n<div class=\"card\">\r\n<div id=\"headingOne\" class=\"card-header\">\r\n<h2 class=\"number\"><button class=\"btn btn-link collapsed\" type=\"button\" data-toggle=\"collapse\" data-target=\"#collapseOne\">Beispiel<\/button><\/h2>\r\n<\/div>\r\n<div id=\"collapseOne\" class=\"collapse\" aria-labelledby=\"headingOne\" data-parent=\"#accordionExample\">\r\n<div class=\"card-body\">\r\n<div class=\"form-group\" style=\"width: 70%; margin: 10px;\"><label for=\"sel1\"><span class=\"number\">\u24ff<\/span>Michael Jordan is a ________ basketball player than me.\r\n<select id=\"beispiel\" class=\"form-control\">\r\n<option value=\"wrong\">who<\/option>\r\n<option value=\"correct\">better<\/option>\r\n<option value=\"wrong\">which<\/option>\r\n<\/select>\r\n\r\nDie richtige L\u00f6sung ist: <b>better<\/b>&nbsp;&nbsp;<button class=\"btn-lg btn-info\" type=\"button\" value=\"submit\" data-toggle=\"modal\" data-target=\"#myModal\">Tipp<\/button>\r\n\r\n<\/label><\/div>\r\n<\/div>\r\n<\/div>\r\n<\/div>\r\n<\/div>\r\n<br \/><br \/>\r\n<div class=\"container well\">\r\n<h4>\u2611\ufe0f W\u00e4hle die richtige Form des <b>gesteigerten Eigenschatfswortes<\/b>. Achte auf die Ausnahmen!<\/h4>\r\n\r\n<hr>\r\n\r\n<div class=\"container-fluid\">\r\n<div class=\"form-group\" style=\"width: 70%;\"><label for=\"sel1\"><span class=\"number\">\u2776<\/span>This ist the __________steak I have ever eaten.<\/label>\r\n<select id=\"q0\" class=\"form-control\"><option value=\"wrong\"><\/option>\r\n<option value=\"correct\">best<\/option>\r\n<option value=\"wrong\">goodest<\/option>\r\n<\/select>\r\n<p id=\"correct0\" align=\"left\"><\/p>\r\n<a class=\"btn btn-success tipp0 hidden\" style=\"text-decoration: none, color:white;\" title=\"...the best steak...\" href=\"#0\" data-toggle=\"popover\" data-placement=\"top\" data-trigger=\"hover\" data-content=\"Die korrekte Steigerung von 'good' ist 'better', 'best'.\">Tipp<\/a>\r\n\r\n<\/div>\r\n<div class=\"form-group\" style=\"width: 70%;\"><label for=\"sel1\"><span class=\"number\">\u2777<\/span>The __________of our problems is you not getting a new handbag.<\/label>\r\n<select id=\"q1\" class=\"form-control\"><option value=\"wrong\"><\/option>\r\n<option value=\"correct\">least<\/option>\r\n<option value=\"wrong\">littlest<\/option>\r\n<\/select>\r\n<p id=\"correct1\" align=\"left\"><\/p>\r\n<a class=\"btn btn-success tipp1 hidden\" style=\"text-decoration: none, color:white;\" title=\"The least of our problems...\" href=\"#1\" data-toggle=\"popover\" data-placement=\"top\" data-trigger=\"hover\" data-content=\"Die korrekte Steigerung von 'little' ist 'less' and 'least'.\">Tipp<\/a>\r\n\r\n<\/div>\r\n<div class=\"form-group\" style=\"width: 70%;\"><label for=\"sel1\"><span class=\"number\">\u2778<\/span>You made it actually __________. This was not helpful.<\/label>\r\n<select id=\"q2\" class=\"form-control\"><option value=\"wrong\"><\/option>\r\n<option value=\"correct\">worse<\/option>\r\n<option value=\"wrong\">bader<\/option>\r\n<\/select>\r\n<p id=\"correct2\" align=\"left\"><\/p>\r\n<a class=\"btn btn-success tipp2 hidden\" style=\"text-decoration: none, color:white;\" title=\"You made it acutally worse...\" href=\"#2\" data-toggle=\"popover\" data-placement=\"top\" data-trigger=\"hover\" data-content=\"Die korrekte Steigerung von 'bad' ist 'worse', 'worst'.\">Tipp<\/a>\r\n\r\n<\/div>\r\n<div class=\"form-group\" style=\"width: 70%;\"><label for=\"sel1\"><span class=\"number\">\u2779<\/span>I have to spend__________ money on clothes.<\/label>\r\n<select id=\"q3\" class=\"form-control\"><option value=\"wrong\"><\/option>\r\n<option value=\"wrong\">mucher<\/option>\r\n<option value=\"correct\">more<\/option>\r\n<\/select>\r\n<p id=\"correct3\" align=\"left\"><\/p>\r\n<a class=\"btn btn-success tipp3 hidden\" style=\"text-decoration: none, color:white;\" title=\"...more money...\" href=\"#3\" data-toggle=\"popover\" data-placement=\"top\" data-trigger=\"hover\" data-content=\"Die richtige Steigerung von 'much' ist 'more', 'most'\">Tipp<\/a>\r\n\r\n<\/div>\r\n<div class=\"form-group\" style=\"width: 70%;\"><label for=\"sel1\"><span class=\"number\">\u277a<\/span>The sports I love the__________is roller-skating.<\/label>\r\n<select id=\"q4\" class=\"form-control\"><option value=\"wrong\"><\/option>\r\n<option value=\"correct\">most<\/option>\r\n<option value=\"wrong\">muchest<\/option>\r\n<\/select>\r\n<p id=\"correct4\" align=\"left\"><\/p>\r\n<a class=\"btn btn-success tipp4 hidden\" style=\"text-decoration: none, color:white;\" title=\"...I love the most...\" href=\"#4\" data-toggle=\"popover\" data-placement=\"top\" data-trigger=\"hover\" data-content=\"Die richtige Steigerung von 'much' ist 'more', 'most'\">Tipp<\/a>\r\n\r\n<\/div>\r\n<div class=\"form-group\" style=\"width: 70%;\"><label for=\"sel1\"><span class=\"number\">\u277b<\/span>I believe porridge is the_________food.<\/label>\r\n<select id=\"q5\" class=\"form-control\"><option value=\"wrong\"><\/option>\r\n<option value=\"wrong\">badest<\/option>\r\n<option value=\"correct\">worst<\/option>\r\n<\/select>\r\n<p id=\"correct5\" align=\"left\"><\/p>\r\n<a class=\"btn btn-success tipp5 hidden\" style=\"text-decoration: none, color:white;\" title=\"...the worst food.\" href=\"#5\" data-toggle=\"popover\" data-placement=\"top\" data-trigger=\"hover\" data-content=\"Die korrekte Steigerung von 'bad' ist 'worse', 'worst'.\">Tipp<\/a>\r\n\r\n<\/div>\r\n<div class=\"form-group\" style=\"width: 70%;\"><label for=\"sel1\"><span class=\"number\">\u277c<\/span>Eating__________is the only way to lose weight.<\/label>\r\n<select id=\"q6\" class=\"form-control\"><option value=\"wrong\"><\/option>\r\n<option value=\"correct\">less<\/option>\r\n<option value=\"wrong\">littler<\/option>\r\n<\/select>\r\n<p id=\"correct6\" align=\"left\"><\/p>\r\n<a class=\"btn btn-success tipp6 hidden\" style=\"text-decoration: none, color:white;\" title=\"Eating less...\" href=\"#6\" data-toggle=\"popover\" data-placement=\"top\" data-trigger=\"hover\" data-content=\"Die korrekte Steigerung von 'little' ist 'less' and 'least'.\">Tipp<\/a>\r\n\r\n<\/div>\r\n<div class=\"form-group\" style=\"width: 70%;\"><label for=\"sel1\"><span class=\"number\">\u277d<\/span>You could do so much__________. Look for a new job!<\/label>\r\n<select id=\"q7\" class=\"form-control\"><option value=\"wrong\"><\/option>\r\n<option value=\"wrong\">gooder<\/option>\r\n<option value=\"correct\">better<\/option>\r\n<\/select>\r\n<p id=\"correct7\" align=\"left\"><\/p>\r\n<a class=\"btn btn-success tipp7 hidden\" style=\"text-decoration: none, color:white;\" title=\"You could do so much better...\" href=\"#7\" data-toggle=\"popover\" data-placement=\"top\" data-trigger=\"hover\" data-content=\"Die korrekte Steigerung von 'little' ist 'less' and 'least'.\">Tipp<\/a>\r\n\r\n<\/div>\r\n<div class=\"form-group\" style=\"width: 70%;\"><label for=\"sel1\"><span class=\"number\">\u277e<\/span> If you talk__________. Maybe you get your work done.<\/label>\r\n<select id=\"q8\" class=\"form-control\"><option value=\"wrong\"><\/option>\r\n<option value=\"wrong\">littler<\/option>\r\n<option value=\"correct\">less<\/option>\r\n<\/select>\r\n<p id=\"correct8\" align=\"left\"><\/p>\r\n<a class=\"btn btn-success tipp8 hidden\" style=\"text-decoration: none, color:white;\" title=\"...talk less...\" href=\"#8\" data-toggle=\"popover\" data-placement=\"top\" data-trigger=\"hover\" data-content=\"'Hard' besteht aus einer Silbe, deswegen ist die Steigerung 'harder'.\">Tipp<\/a>\r\n\r\n<\/div>\r\n<div class=\"form-group\" style=\"width: 70%;\"><label for=\"sel1\"><span class=\"number\">\u277f<\/span>I want to see________. Show me!<\/label>\r\n<select id=\"q9\" class=\"form-control\"><option value=\"wrong\"><\/option>\r\n<option value=\"correct\">more<\/option>\r\n<option value=\"wrong\">mucher<\/option>\r\n<\/select>\r\n<p id=\"correct9\" align=\"left\"><\/p>\r\n<a class=\"btn btn-success tipp9 hidden\" style=\"text-decoration: none, color:white;\" title=\"...it's easier than I thought\" href=\"#9\" data-toggle=\"popover\" data-placement=\"top\" data-trigger=\"hover\" data-content=\"Die richtige Steigerung von 'much' ist 'more', 'most'.\">Tipp<\/a>\r\n\r\n<\/div>\r\n<\/div>\r\n<div class=\"container\">\r\n\r\n<!-- The Modal -->\r\n<div id=\"myModal\" class=\"modal\">\r\n<div class=\"modal-dialog\">\r\n<div class=\"modal-content\">\r\n\r\n<!-- Modal Header -->\r\n<div class=\"modal-header\">\r\n<h4 class=\"modal-title\">Eigenschaftswort Steigerung unregelm\u00e4\u00dfig<\/h4>\r\n<button class=\"close\" type=\"button\" data-dismiss=\"modal\">\u00d7<\/button>\r\n\r\n<\/div>\r\n<!-- Modal body -->\r\n<div class=\"modal-body\">\r\n<table class=\"table table-bordered table-sm\">\r\n<tbody>\r\n<tr class=\"table-danger\">\r\n<th colspan=\"3\">Adjektive, Steigerung unregelm\u00e4\u00dfige Bildung:<\/th>\r\n<\/tr>\r\n<tr class=\"table-success\">\r\n<td>good<\/td>\r\n<td>better<\/td>\r\n<td>best<\/td>\r\n<\/tr>\r\n<tr class=\"table-warning\">\r\n<td>bad<\/td>\r\n<td>worse<\/td>\r\n<td>worst<\/td>\r\n<\/tr>\r\n<tr class=\"table-info\">\r\n<td>little<\/td>\r\n<td>less<\/td>\r\n<td>least<\/td>\r\n<\/tr>\r\n<tr class=\"table-primary\">\r\n<td>much<\/td>\r\n<td>more<\/td>\r\n<td>most<\/td>\r\n<\/tr>\r\n<tr class=\"table-warning\">\r\n<td>many<\/td>\r\n<td>more<\/td>\r\n<td>most<\/td>\r\n<\/tr>\r\n<\/tbody>\r\n<\/table>\r\n<\/div>\r\n<!-- Modal footer -->\r\n<div class=\"modal-footer\"><button class=\"btn btn-danger\" type=\"button\" data-dismiss=\"modal\">Close<\/button><\/div>\r\n<\/div>\r\n<\/div>\r\n<\/div>\r\n<\/div>\r\n<\/div>\r\n\r\n<hr>\r\n\r\n<div class=\"container\"><button id=\"submitButton\" class=\"btn-lg btn-primary \" type=\"submit\" value=\"submit\">Pr\u00fcfen<\/button><button id=\"resetButton\" class=\"btn-lg btn-success\" type=\"submit\" onclick=\"refreshPage()\">Neustart<\/button><button id=\"submitButton\" class=\"btn-lg btn-info\" type=\"submit\" value=\"submit\" data-toggle=\"modal\" data-target=\"#myModal\">Tipp<\/button><\/div>\r\n\r\n<hr>\r\n\r\n\r\n<p id=\"result\"><\/p>\r\n<p id=\"result2\"><\/p>\r\n<h3>Steigerung alle Aufgaben<\/h3>\r\n<hr>\r\n<div id=\"bellows-main-36\" class=\"bellows bellows-nojs bellows-main bellows-source-menu bellows-align-full bellows-skin-vanilla bellows-type-\"><ul id=\"menu-steigerung\" class=\"bellows-nav\" data-bellows-config=\"main\"><li id=\"menu-item-4463\" class=\"bellows-menu-item bellows-menu-item-type-post_type bellows-menu-item-object-page bellows-menu-item-4463 bellows-item-level-0\"><a  href=\"https:\/\/english-munich.de\/training\/adjektiv-steigerung-unregelmasig\/\" class=\"bellows-target\"><span class=\"bellows-target-title bellows-target-text\">\u270d\ufe0fAdjektiv Steigerung unregelm\u00e4\u00dfig<\/span><\/a><\/li>\n<li id=\"menu-item-4464\" class=\"bellows-menu-item bellows-menu-item-type-post_type bellows-menu-item-object-page bellows-menu-item-4464 bellows-item-level-0\"><a  href=\"https:\/\/english-munich.de\/training\/steigerung-adjektive-unregelmasig\/\" class=\"bellows-target\"><span class=\"bellows-target-title bellows-target-text\">\u2611\ufe0fSteigerung Adjektive unregelm\u00e4\u00dfig<\/span><\/a><\/li>\n<li id=\"menu-item-4465\" class=\"bellows-menu-item bellows-menu-item-type-post_type bellows-menu-item-object-page bellows-menu-item-4465 bellows-item-level-0\"><a  href=\"https:\/\/english-munich.de\/training\/steigerung-regelmasig\/\" class=\"bellows-target\"><span class=\"bellows-target-title bellows-target-text\">\u2611\ufe0fSteigerung regelm\u00e4\u00dfig<\/span><\/a><\/li>\n<li id=\"menu-item-4466\" class=\"bellows-menu-item bellows-menu-item-type-post_type bellows-menu-item-object-page bellows-menu-item-4466 bellows-item-level-0\"><a  href=\"https:\/\/english-munich.de\/training\/steigerung-regelmasig-2\/\" class=\"bellows-target\"><span class=\"bellows-target-title bellows-target-text\">\u270d\ufe0fSteigerung regelm\u00e4\u00dfig<\/span><\/a><\/li>\n<li id=\"menu-item-4467\" class=\"bellows-menu-item bellows-menu-item-type-post_type bellows-menu-item-object-page bellows-menu-item-4467 bellows-item-level-0\"><a  href=\"https:\/\/english-munich.de\/training\/steigerung-vergleichsworter\/\" class=\"bellows-target\"><span class=\"bellows-target-title bellows-target-text\">\u2611\ufe0fSteigerung Vergleichsw\u00f6rter<\/span><\/a><\/li>\n<li id=\"menu-item-4468\" class=\"bellows-menu-item bellows-menu-item-type-post_type bellows-menu-item-object-page bellows-menu-item-4468 bellows-item-level-0\"><a  href=\"https:\/\/english-munich.de\/training\/vergleichsworter-steigerung\/\" class=\"bellows-target\"><span class=\"bellows-target-title bellows-target-text\">\u270d\ufe0fVergleichsw\u00f6rter Steigerung<\/span><\/a><\/li>\n<\/ul><\/div> \r\n<\/div>","protected":false},"excerpt":{"rendered":"Steigerung unreglm\u00e4\u00dfig \u00dcbungen zur Steigerung von Eigenschaftsw\u00f6rtern unregelm\u00e4\u00dfige Formen Beispiel \u24ffMichael Jordan is a ________ basketball player than me. who better which Die richtige L\u00f6sung ist: better&nbsp;&nbsp;Tipp \u2611\ufe0f W\u00e4hle die richtige Form des gesteigerten Eigenschatfswortes. Achte auf die Ausnahmen! \u2776This ist the __________steak I have ever eaten. best goodest Tipp \u2777The __________of our problems is [&hellip;]","protected":false},"author":3,"featured_media":0,"parent":0,"menu_order":0,"comment_status":"closed","ping_status":"closed","template":"","meta":[],"_links":{"self":[{"href":"https:\/\/english-munich.de\/training\/wp-json\/wp\/v2\/pages\/2917"}],"collection":[{"href":"https:\/\/english-munich.de\/training\/wp-json\/wp\/v2\/pages"}],"about":[{"href":"https:\/\/english-munich.de\/training\/wp-json\/wp\/v2\/types\/page"}],"author":[{"embeddable":true,"href":"https:\/\/english-munich.de\/training\/wp-json\/wp\/v2\/users\/3"}],"replies":[{"embeddable":true,"href":"https:\/\/english-munich.de\/training\/wp-json\/wp\/v2\/comments?post=2917"}],"version-history":[{"count":8,"href":"https:\/\/english-munich.de\/training\/wp-json\/wp\/v2\/pages\/2917\/revisions"}],"predecessor-version":[{"id":4783,"href":"https:\/\/english-munich.de\/training\/wp-json\/wp\/v2\/pages\/2917\/revisions\/4783"}],"wp:attachment":[{"href":"https:\/\/english-munich.de\/training\/wp-json\/wp\/v2\/media?parent=2917"}],"curies":[{"name":"wp","href":"https:\/\/api.w.org\/{rel}","templated":true}]}}