{"id":2892,"date":"2020-06-12T08:36:26","date_gmt":"2020-06-12T08:36:26","guid":{"rendered":"https:\/\/english-munich.de\/training\/?page_id=2892"},"modified":"2021-01-23T17:40:26","modified_gmt":"2021-01-23T17:40:26","slug":"passiv-2","status":"publish","type":"page","link":"https:\/\/english-munich.de\/training\/passiv-2\/","title":{"rendered":"Passiv"},"content":{"rendered":"<div class=\"container well\">\r\n<h1>Passiv \u00dcbungen und Erkl\u00e4rungen<\/h1>\r\n\r\n<hr>\r\n\r\n<h2>Passiv \u00dcbungen:<\/h2>\r\n<div id=\"bellows-main-21\" class=\"bellows bellows-nojs bellows-main bellows-source-menu bellows-align-full bellows-skin-vanilla bellows-type-\"><ul id=\"menu-passiv\" class=\"bellows-nav\" data-bellows-config=\"main\"><li id=\"menu-item-3868\" class=\"bellows-menu-item bellows-menu-item-type-post_type bellows-menu-item-object-page bellows-menu-item-3868 bellows-item-level-0\"><a  href=\"https:\/\/english-munich.de\/training\/passiv-simple-present\/\" class=\"bellows-target\"><span class=\"bellows-target-title bellows-target-text\">\u2611\ufe0fPassiv Simple Present<\/span><\/a><\/li>\n<li id=\"menu-item-3871\" class=\"bellows-menu-item bellows-menu-item-type-post_type bellows-menu-item-object-page bellows-menu-item-3871 bellows-item-level-0\"><a  href=\"https:\/\/english-munich.de\/training\/simple-present-passiv\/\" class=\"bellows-target\"><span class=\"bellows-target-title bellows-target-text\">\u270d\ufe0fSimple Present Passiv<\/span><\/a><\/li>\n<li id=\"menu-item-3874\" class=\"bellows-menu-item bellows-menu-item-type-post_type bellows-menu-item-object-page bellows-menu-item-3874 bellows-item-level-0\"><a  href=\"https:\/\/english-munich.de\/training\/present-progressive-passiv\/\" class=\"bellows-target\"><span class=\"bellows-target-title bellows-target-text\">\u2611\ufe0fPresent Progressive Passiv<\/span><\/a><\/li>\n<li id=\"menu-item-3875\" class=\"bellows-menu-item bellows-menu-item-type-post_type bellows-menu-item-object-page bellows-menu-item-3875 bellows-item-level-0\"><a  href=\"https:\/\/english-munich.de\/training\/present-progressive-passiv-2\/\" class=\"bellows-target\"><span class=\"bellows-target-title bellows-target-text\">\u270d\ufe0fPresent Progressive Passiv<\/span><\/a><\/li>\n<li id=\"menu-item-3872\" class=\"bellows-menu-item bellows-menu-item-type-post_type bellows-menu-item-object-page bellows-menu-item-3872 bellows-item-level-0\"><a  href=\"https:\/\/english-munich.de\/training\/will-future-passiv-2\/\" class=\"bellows-target\"><span class=\"bellows-target-title bellows-target-text\">\u2611\ufe0fWill Future Passiv<\/span><\/a><\/li>\n<li id=\"menu-item-3873\" class=\"bellows-menu-item bellows-menu-item-type-post_type bellows-menu-item-object-page bellows-menu-item-3873 bellows-item-level-0\"><a  href=\"https:\/\/english-munich.de\/training\/will-future-passiv\/\" class=\"bellows-target\"><span class=\"bellows-target-title bellows-target-text\">\u270d\ufe0fWill Future Passiv<\/span><\/a><\/li>\n<li id=\"menu-item-3876\" class=\"bellows-menu-item bellows-menu-item-type-post_type bellows-menu-item-object-page bellows-menu-item-3876 bellows-item-level-0\"><a  href=\"https:\/\/english-munich.de\/training\/present-perfect-passiv\/\" class=\"bellows-target\"><span class=\"bellows-target-title bellows-target-text\">\u2611\ufe0fPresent Perfect Passiv<\/span><\/a><\/li>\n<li id=\"menu-item-3877\" class=\"bellows-menu-item bellows-menu-item-type-post_type bellows-menu-item-object-page bellows-menu-item-3877 bellows-item-level-0\"><a  href=\"https:\/\/english-munich.de\/training\/present-perfect-passiv-2\/\" class=\"bellows-target\"><span class=\"bellows-target-title bellows-target-text\">\u270d\ufe0fPresent Perfect Passiv<\/span><\/a><\/li>\n<li id=\"menu-item-3869\" class=\"bellows-menu-item bellows-menu-item-type-post_type bellows-menu-item-object-page bellows-menu-item-3869 bellows-item-level-0\"><a  href=\"https:\/\/english-munich.de\/training\/simple-past-passive\/\" class=\"bellows-target\"><span class=\"bellows-target-title bellows-target-text\">\u2611\ufe0fSimple Past Passive<\/span><\/a><\/li>\n<li id=\"menu-item-3870\" class=\"bellows-menu-item bellows-menu-item-type-post_type bellows-menu-item-object-page bellows-menu-item-3870 bellows-item-level-0\"><a  href=\"https:\/\/english-munich.de\/training\/simple-past-passive-2\/\" class=\"bellows-target\"><span class=\"bellows-target-title bellows-target-text\">\u270d\ufe0fSimple Past Passive<\/span><\/a><\/li>\n<\/ul><\/div>\r\n<h2>Passiv Gebrauch<\/h2>\r\nIn der Grammatik gibt es den Unterschied zwischen einem Aktiv-, und einem Passiv Satz. In einem Aktivsatz ist der Fokus auf dem, der etwas tut oder macht.\r\nzum Beispiel: <i class=\"text-danger\"> Maria makes wonderful banana bread <\/i>\r\nIst der Fokus auf dem Gegenstand, das hei\u00dft ist der Gegenstand mit dem etwas passiert das <i class=\"text-danger\">Subjekt<\/i> des Satzes ist das ein Passivsatz. Im Deutschen wird das Verb im Passivsatz mit dem Hilfsverb <i class=\"text-danger\">&#8222;werden&#8220;<\/i> umschrieben. Genau das Gleiche passiert im Englischen nur ist das Hilfverb in diesem Zusammenhang: <i class=\"text-danger\">&#8222;be&#8220;<\/i>. Der ausf\u00fchrende Teil im Aktivsatz <i class=\"text-danger\">(in unserem Beispiel Maria)<\/i> wird im Passivsatz mit <i class=\"text-danger\">&#8222;by&#8220;<\/i> umschrieben. Das Hauptverb des Satzes wird, wie im Deutschen, ins <i class=\"text-danger\">Partizip Perfect<\/i> gesetzt:\r\n<i class=\"text-danger\">Wonderful banana bread is baked by Maria.<\/i><div class=\"iframe-container\">\r\n<iframe loading=\"lazy\" width=\"560\" height=\"315\" src=\"https:\/\/www.youtube.com\/embed\/M24qR3mbbz8\" frameborder=\"0\" allow=\"accelerometer; autoplay; clipboard-write; encrypted-media; gyroscope; picture-in-picture\" allowfullscreen=\"\"><\/iframe><\/div>\r\n<h2>Simple Present Passiv &#8211; Bildung<\/h2>\r\n<b>am\/is\/are + Partizip Perfect<\/b>\r\n<table class=\"table table-bordered table-sm\">\r\n<tbody>\r\n<tr class=\"table-danger\">\r\n<th colspan=\"3\">Passivform der einfachen Gegenwart:\r\nam\/is\/are + Partizip Perfect<\/th>\r\n<\/tr>\r\n<tr class=\"table-success\">\r\n<td><i><b>I follow<\/b><\/i> a lot of people on Twitter.<\/td>\r\n<td><i><b>I am followed<\/b><\/i> on Twitter by a lot of people.<\/td>\r\n<\/tr>\r\n<tr class=\"table-warning\">\r\n<td><i><b>We drink<\/b><\/i> a lot of milk.<\/td>\r\n<td>A lot of milk <i><b>is drunk<\/b><\/i>.<\/td>\r\n<\/tr>\r\n<tr class=\"table-info\">\r\n<td>The <i><b>manager always shows<\/b><\/i> new workers the factory.<\/td>\r\n<td>New <i><b>workers are shown<\/b><\/i> the new factory by the manager.<\/td>\r\n<\/tr>\r\n<\/tbody>\r\n<\/table>\r\n<h2>Simple Past Passiv &#8211; Bildung<\/h2>\r\n<b>was\/were + Partizip Perfect<\/b>\r\n<table class=\"table table-bordered table-sm\">\r\n<tbody>\r\n<tr class=\"table-danger\">\r\n<th colspan=\"3\">Passivform des Simple Past:\r\nwas\/were + Partizip Perfect<\/th>\r\n<\/tr>\r\n<tr class=\"table-success\">\r\n<td>I <i><b>followed<\/b><\/i> a lot of people on Twitter.<\/td>\r\n<td>I <i><b>was followed<\/b><\/i> on Twitter by a lot of people.<\/td>\r\n<\/tr>\r\n<tr class=\"table-warning\">\r\n<td>We <i><b>drank<\/b><\/i> a lot of milk.<\/td>\r\n<td>A lot of milk <i><b>was drunk<\/b><\/i> at the party.<\/td>\r\n<\/tr>\r\n<tr class=\"table-info\">\r\n<td>The manager <i><b> showed<\/b><\/i> new workers the factory.<\/td>\r\n<td>New workers<i><b> were shown<\/b><\/i> the new factory by the manager.<\/td>\r\n<\/tr>\r\n<\/tbody>\r\n<\/table>\r\n<h2>Will Future Passiv &#8211; Bildung<\/h2>\r\nNach <i class=\"text-danger\">will<\/i> oder irgendeinem anderen modalen Hilfverb<i>(can, must, might, may&#8230;.)<\/i> wird die Passivform der Grundform verwendet. \u2794 <b>be + Partizip Perfekt<\/b>\r\n<table class=\"table table-bordered table-sm\">\r\n<tbody>\r\n<tr class=\"table-danger\">\r\n<th colspan=\"3\">Passivform des Will Future:\r\nwill be + Partizip Perfect<\/th>\r\n<\/tr>\r\n<tr class=\"table-success\">\r\n<td>I\/you\/he\/she\/it\/we\/they <b><i>will follow <\/i><\/b> the president on Twitter.<\/td>\r\n<td>I\/you\/he\/she\/it\/we\/they<b><i> will be followed<\/i><\/b> on Twitter by a lot of people.<\/td>\r\n<\/tr>\r\n<\/tbody>\r\n<\/table>\r\n<h2>Present Progressive Passiv &#8211; Bildung<\/h2>\r\n<b>am\/are\/is + being + Partizip Perfect<\/b>\r\n<table class=\"table table-bordered table-sm\">\r\n<tbody>\r\n<tr class=\"table-danger\">\r\n<th colspan=\"3\">Passivform des Present Progressive:\r\nam\/is\/are + being + Partizip Perfect<\/th>\r\n<\/tr>\r\n<tr class=\"table-success\">\r\n<td>I <i><b>am following<\/b><\/i> Miley Cyrus on Twitter.<\/td>\r\n<td>I <i><b>am being followed<\/b><\/i> by a strange man.<\/td>\r\n<\/tr>\r\n<tr class=\"table-warning\">\r\n<td>We <i><b>are drinking<\/b><\/i> at the moment.<\/td>\r\n<td>A lot of milk <i><b>is being drunk<\/b><\/i>.<\/td>\r\n<\/tr>\r\n<tr class=\"table-info\">\r\n<td>The <i><b>manager is showing<\/b><\/i> new workers the factory.<\/td>\r\n<td>New <i><b>workers are being shown<\/b><\/i> the new factory as we speak.<\/td>\r\n<\/tr>\r\n<\/tbody>\r\n<\/table>\r\n<h2>Present Perfect Passiv &#8211; Bildung<\/h2>\r\n<b>have\/has + been + Partizip Perfect<\/b>\r\n<table class=\"table table-bordered table-sm\">\r\n<tbody>\r\n<tr class=\"table-danger\">\r\n<th colspan=\"3\">Passivform des Present Perfect:\r\nhas\/have been + Partizip Perfect<\/th>\r\n<\/tr>\r\n<tr class=\"table-success\">\r\n<td>I <i><b>have followed<\/b><\/i> a lot of people on Twitter.<\/td>\r\n<td>I <i><b>have been followed<\/b><\/i> on Twitter by a lot of people.<\/td>\r\n<\/tr>\r\n<tr class=\"table-warning\">\r\n<td>We <i><b>have drunk<\/b><\/i> a lot of milk.<\/td>\r\n<td>A lot of milk <i><b>has been drunk<\/b><\/i> at the party.<\/td>\r\n<\/tr>\r\n<tr class=\"table-info\">\r\n<td>The manager<i><b> has showed<\/b><\/i> new workers the factory.<\/td>\r\n<td>New workers <i><b>have been shown shown<\/b><\/i> the new factory by the manager.<\/td>\r\n<\/tr>\r\n<\/tbody>\r\n<\/table>\r\n<\/div>","protected":false},"excerpt":{"rendered":"Passiv \u00dcbungen und Erkl\u00e4rungen Passiv \u00dcbungen: Passiv Gebrauch In der Grammatik gibt es den Unterschied zwischen einem Aktiv-, und einem Passiv Satz. In einem Aktivsatz ist der Fokus auf dem, der etwas tut oder macht. zum Beispiel: Maria makes wonderful banana bread Ist der Fokus auf dem Gegenstand, das hei\u00dft ist der Gegenstand mit dem [&hellip;]","protected":false},"author":3,"featured_media":0,"parent":0,"menu_order":0,"comment_status":"closed","ping_status":"closed","template":"","meta":[],"_links":{"self":[{"href":"https:\/\/english-munich.de\/training\/wp-json\/wp\/v2\/pages\/2892"}],"collection":[{"href":"https:\/\/english-munich.de\/training\/wp-json\/wp\/v2\/pages"}],"about":[{"href":"https:\/\/english-munich.de\/training\/wp-json\/wp\/v2\/types\/page"}],"author":[{"embeddable":true,"href":"https:\/\/english-munich.de\/training\/wp-json\/wp\/v2\/users\/3"}],"replies":[{"embeddable":true,"href":"https:\/\/english-munich.de\/training\/wp-json\/wp\/v2\/comments?post=2892"}],"version-history":[{"count":27,"href":"https:\/\/english-munich.de\/training\/wp-json\/wp\/v2\/pages\/2892\/revisions"}],"predecessor-version":[{"id":5094,"href":"https:\/\/english-munich.de\/training\/wp-json\/wp\/v2\/pages\/2892\/revisions\/5094"}],"wp:attachment":[{"href":"https:\/\/english-munich.de\/training\/wp-json\/wp\/v2\/media?parent=2892"}],"curies":[{"name":"wp","href":"https:\/\/api.w.org\/{rel}","templated":true}]}}