{"id":2868,"date":"2020-06-12T08:28:16","date_gmt":"2020-06-12T08:28:16","guid":{"rendered":"https:\/\/english-munich.de\/training\/?page_id=2868"},"modified":"2021-05-05T11:37:47","modified_gmt":"2021-05-05T11:37:47","slug":"steigerung-regelmasig-2","status":"publish","type":"page","link":"https:\/\/english-munich.de\/training\/steigerung-regelmasig-2\/","title":{"rendered":"Steigerung regelm\u00e4\u00dfig"},"content":{"rendered":"<div class=\"jumbotron text-center\">\r\n<h2>Steigerung Eigenschaftswort regelm\u00e4\u00dfig<\/h2>\r\n\u00dcbungen zur Steigerung des Adjektivs in der regelm\u00e4\u00dfigen Form\r\n\r\n<\/div>\r\n<div class=\"bs-example\">\r\n<div class=\"accordion\" id=\"accordionExample\">\r\n<div class=\"card\">\r\n<div class=\"card-header\" id=\"headingOne\">\r\n<h2 class=\"mb-0\" style=\"color:#000\">\r\n                    <button type=\"button\" class=\"btn btn-link collapsed\" data-toggle=\"collapse\" data-target=\"#collapseOne\">Beispiel<\/button><\/h2>\r\n<\/div>\r\n<div id=\"collapseOne\" class=\"collapse\" aria-labelledby=\"headingOne\" data-parent=\"#accordionExample\">\r\n<div class=\"card-body\">\r\n<div class=\"form-inline\">\r\n<div>\r\nbeautiful<input type=\"text\" class=\"form-control\" id=\"panel-beispiel\" disabled=\"\" value=\"more beautiful\"> <input type=\"text\" class=\"form-control\" id=\"panel-beispiel\" disabled=\"\" value=\"most beautiful\">.\r\n<\/div><div>\r\nDie richtige L\u00f6sung ist: <b>more beautiful \/ most beautiful<\/b>&nbsp;&nbsp;<button class=\"btn-lg btn-info\" type=\"button\" value=\"submit\" data-toggle=\"modal\" data-target=\"#myModal\">Tipp<\/button>\r\n<\/div>\r\n<\/div>\r\n<\/div>\r\n<\/div>\r\n<\/div>\r\n<\/div>\r\n<br \/><br \/>\r\n<div class=\"container well\">\r\n<h4>\u270d\ufe0f Erg\u00e4nze jeweils die korrete Form des gesteigerten Form des Adjetivs im Komparativ bzw. Superlativ: <b>siehe Beispiel!<\/b><\/h4>\r\n\r\n<hr>\r\n\r\n<br \/>\r\n<div class=\"container\">\r\n<div class=\"row\">\r\n<div>\r\n<b><span class=\"number\">\u2776<\/span><\/b>nice<input type=\"text\" class=\"form-control\" id=\"q0\" autocomplete=\"off\">\r\n<p id=\"correct0\" align=\"left\"><\/p>\r\n\r\n<\/div>\r\n<div>\r\n<input type=\"text\" class=\"form-control\" id=\"q1\" autocomplete=\"off\">\r\n<p id=\"correct1\" align=\"left\"><\/p>\r\n\r\n<\/div>\r\n<\/div>\r\n<div class=\"row\">\r\n<div>\r\n<b><span class=\"number\">\u2777<\/span><\/b>dangerous<input type=\"text\" class=\"form-control\" id=\"q2\" autocomplete=\"off\">\r\n<p id=\"correct2\" align=\"left\"><\/p>\r\n\r\n<\/div>\r\n<div>\r\n<input type=\"text\" class=\"form-control\" id=\"q3\" autocomplete=\"off\">\r\n<p id=\"correct3\" align=\"left\"><\/p>\r\n\r\n<\/div>\r\n<\/div>\r\n<div class=\"row\">\r\n<div>\r\n<b><span class=\"number\">\u2778<\/span><\/b>crazy<input type=\"text\" class=\"form-control\" id=\"q4\" autocomplete=\"off\">\r\n<p id=\"correct4\" align=\"left\"><\/p>\r\n\r\n<\/div>\r\n<div>\r\n<input type=\"text\" class=\"form-control\" id=\"q5\" autocomplete=\"off\">\r\n<p id=\"correct5\" align=\"left\"><\/p>\r\n\r\n<\/div>\r\n<\/div>\r\n<div class=\"row\">\r\n<div>\r\n<b><span class=\"number\">\u2779<\/span><\/b>long<input type=\"text\" class=\"form-control\" id=\"q6\" autocomplete=\"off\">\r\n<p id=\"correct6\" align=\"left\"><\/p>\r\n\r\n<\/div>\r\n<div>\r\n<input type=\"text\" class=\"form-control\" id=\"q7\" autocomplete=\"off\">\r\n<p id=\"correct7\" align=\"left\"><\/p>\r\n\r\n<\/div>\r\n<\/div>\r\n<div class=\"row\">\r\n<div>\r\n<b><span class=\"number\">\u277a<\/span><\/b>lazy<input type=\"text\" class=\"form-control\" id=\"q8\" autocomplete=\"off\">\r\n<p id=\"correct8\" align=\"left\"><\/p>\r\n\r\n<\/div>\r\n<div>\r\n<input type=\"text\" class=\"form-control\" id=\"q9\" autocomplete=\"off\">\r\n<p id=\"correct9\" align=\"left\"><\/p>\r\n\r\n<\/div>\r\n<\/div>\r\n<div class=\"row\">\r\n<div>\r\n<b><span class=\"number\">\u277b<\/span><\/b>interesting<input type=\"text\" class=\"form-control\" id=\"q10\" autocomplete=\"off\">\r\n<p id=\"correct10\" align=\"left\"><\/p>\r\n\r\n<\/div>\r\n<div>\r\n  <input type=\"text\" class=\"form-control\" id=\"q11\" autocomplete=\"off\">\r\n<p id=\"correct11\" align=\"left\"><\/p>\r\n\r\n<\/div>\r\n<\/div>\r\n<div class=\"row\">\r\n<div>\r\n<b><span class=\"number\">\u277c<\/span><\/b>famous<input type=\"text\" class=\"form-control\" id=\"q12\" autocomplete=\"off\">\r\n<p id=\"correct12\" align=\"left\"><\/p>\r\n\r\n<\/div>\r\n<div>\r\n<input type=\"text\" class=\"form-control\" id=\"q13\" autocomplete=\"off\">\r\n<p id=\"correct13\" align=\"left\"><\/p>\r\n\r\n<\/div>\r\n<\/div>\r\n<div class=\"row\">\r\n<div>\r\n<b><span class=\"number\">\u277d<\/span><\/b>old<input type=\"text\" class=\"form-control\" id=\"q14\" autocomplete=\"off\">\r\n<p id=\"correct14\" align=\"left\"><\/p>\r\n\r\n<\/div>\r\n<div>\r\n<input type=\"text\" class=\"form-control\" id=\"q15\" autocomplete=\"off\">\r\n<p id=\"correct15\" align=\"left\"><\/p>\r\n\r\n<\/div>\r\n<\/div>\r\n<div class=\"row\">\r\n<div>\r\n<b><span class=\"number\">\u277e<\/span><\/b>incredible<input type=\"text\" class=\"form-control\" id=\"q16\" autocomplete=\"off\">\r\n<p id=\"correct16\" align=\"left\"><\/p>\r\n\r\n<\/div>\r\n<div>\r\n<input type=\"text\" class=\"form-control\" id=\"q17\" autocomplete=\"off\">\r\n<p id=\"correct17\" align=\"left\"><\/p>\r\n\r\n<\/div>\r\n<\/div>\r\n<div class=\"row\">\r\n<div>\r\n<b><span class=\"number\">\u277f<\/span><\/b>foggy<input type=\"text\" class=\"form-control\" id=\"q18\" autocomplete=\"off\">\r\n<p id=\"correct18\" align=\"left\"><\/p>\r\n\r\n<\/div>\r\n<div>\r\n<input type=\"text\" class=\"form-control\" id=\"q19\" autocomplete=\"off\">\r\n<p id=\"correct19\" align=\"left\"><\/p>\r\n\r\n<\/div>\r\n<\/div>\r\n<\/div>\r\n<!-- The Modal -->\r\n<div id=\"myModal\" class=\"modal\">\r\n<div class=\"modal-dialog\">\r\n<div class=\"modal-content\">\r\n\r\n<!-- Modal Header -->\r\n<div class=\"modal-header\">\r\n<h4 class=\"modal-title\">Eigenschaftswort Steigerung regelm\u00e4\u00dfig<\/h4>\r\n<button class=\"close\" type=\"button\" data-dismiss=\"modal\">\u00d7<\/button>\r\n\r\n<\/div>\r\n<!-- Modal body -->\r\n<div class=\"modal-body\">\r\n<table class=\"table table-bordered table-sm\">\r\n<tbody>\r\n<tr class=\"table-danger\">\r\n<th colspan=\"3\">Adjektive, die aus einer Silbe bestehen steigern mit &#8218;-er&#8216; bzw. &#8218;-est&#8216;.<\/th>\r\n<\/tr>\r\n<tr class=\"table-success\">\r\n<td>big<\/td>\r\n<td>bigger<\/td>\r\n<td>biggest<\/td>\r\n<\/tr>\r\n<tr><\/tr>\r\n<tr class=\"table-primary\">\r\n<th colspan=\"3\">Adjektive, die aus mehr als einer Silbe bestehen steigern mit &#8218;more&#8216; bzw. &#8218;most.&#8216;<\/th>\r\n<\/tr>\r\n<tr class=\"table-warning\">\r\n<td>beautiful.<\/td>\r\n<td>more beautiful<\/td>\r\n<td>most beautiful<\/td>\r\n<\/tr>\r\n<tr class=\"table-danger\">\r\n<th colspan=\"3\">Adjektive, die auf &#8218;-y&#8216; enden steigern mit &#8218;-ier&#8216; bzw. &#8218;-iest&#8216;.<\/th>\r\n<\/tr>\r\n<tr class=\"table-info\">\r\n<td>crazy<\/td>\r\n<td>crazier<\/td>\r\n<td>craziest<\/td>\r\n<\/tr>\r\n<\/tbody>\r\n<\/table>\r\n<\/div>\r\n<!-- Modal footer -->\r\n<div class=\"modal-footer\"><button class=\"btn btn-danger\" type=\"button\" data-dismiss=\"modal\">Close<\/button><\/div>\r\n<\/div>\r\n<\/div>\r\n<\/div>\r\n<\/div>\r\n<div class=\"container\">\r\n\r\n<hr>\r\n\r\n<button id=\"submitButton\" class=\"btn-lg btn-primary \" type=\"submit\" value=\"submit\">Pr\u00fcfen<\/button><button id=\"resetButton\" class=\"btn-lg btn-success\" type=\"submit\" onclick=\"refreshPage()\">Neustart<\/button><button id=\"submitButton\" class=\"btn-lg btn-info\" type=\"button\" value=\"submit\" data-toggle=\"modal\" data-target=\"#myModal\">Tipp<\/button>\r\n\r\n<hr>\r\n\r\n\r\n<p id=\"result\"><\/p>\r\n<p id=\"result2\"><\/p>\r\n<h3>Steigerung alle Aufgaben<\/h3>\r\n<hr>\r\n<div id=\"bellows-main-36\" class=\"bellows bellows-nojs bellows-main bellows-source-menu bellows-align-full bellows-skin-vanilla bellows-type-\"><ul id=\"menu-steigerung\" class=\"bellows-nav\" data-bellows-config=\"main\"><li id=\"menu-item-4463\" class=\"bellows-menu-item bellows-menu-item-type-post_type bellows-menu-item-object-page bellows-menu-item-4463 bellows-item-level-0\"><a  href=\"https:\/\/english-munich.de\/training\/adjektiv-steigerung-unregelmasig\/\" class=\"bellows-target\"><span class=\"bellows-target-title bellows-target-text\">\u270d\ufe0fAdjektiv Steigerung unregelm\u00e4\u00dfig<\/span><\/a><\/li>\n<li id=\"menu-item-4464\" class=\"bellows-menu-item bellows-menu-item-type-post_type bellows-menu-item-object-page bellows-menu-item-4464 bellows-item-level-0\"><a  href=\"https:\/\/english-munich.de\/training\/steigerung-adjektive-unregelmasig\/\" class=\"bellows-target\"><span class=\"bellows-target-title bellows-target-text\">\u2611\ufe0fSteigerung Adjektive unregelm\u00e4\u00dfig<\/span><\/a><\/li>\n<li id=\"menu-item-4465\" class=\"bellows-menu-item bellows-menu-item-type-post_type bellows-menu-item-object-page bellows-menu-item-4465 bellows-item-level-0\"><a  href=\"https:\/\/english-munich.de\/training\/steigerung-regelmasig\/\" class=\"bellows-target\"><span class=\"bellows-target-title bellows-target-text\">\u2611\ufe0fSteigerung regelm\u00e4\u00dfig<\/span><\/a><\/li>\n<li id=\"menu-item-4466\" class=\"bellows-menu-item bellows-menu-item-type-post_type bellows-menu-item-object-page bellows-menu-item-4466 bellows-item-level-0\"><a  href=\"https:\/\/english-munich.de\/training\/steigerung-regelmasig-2\/\" class=\"bellows-target\"><span class=\"bellows-target-title bellows-target-text\">\u270d\ufe0fSteigerung regelm\u00e4\u00dfig<\/span><\/a><\/li>\n<li id=\"menu-item-4467\" class=\"bellows-menu-item bellows-menu-item-type-post_type bellows-menu-item-object-page bellows-menu-item-4467 bellows-item-level-0\"><a  href=\"https:\/\/english-munich.de\/training\/steigerung-vergleichsworter\/\" class=\"bellows-target\"><span class=\"bellows-target-title bellows-target-text\">\u2611\ufe0fSteigerung Vergleichsw\u00f6rter<\/span><\/a><\/li>\n<li id=\"menu-item-4468\" class=\"bellows-menu-item bellows-menu-item-type-post_type bellows-menu-item-object-page bellows-menu-item-4468 bellows-item-level-0\"><a  href=\"https:\/\/english-munich.de\/training\/vergleichsworter-steigerung\/\" class=\"bellows-target\"><span class=\"bellows-target-title bellows-target-text\">\u270d\ufe0fVergleichsw\u00f6rter Steigerung<\/span><\/a><\/li>\n<\/ul><\/div> \r\n<\/div>\r\n","protected":false},"excerpt":{"rendered":"Steigerung Eigenschaftswort regelm\u00e4\u00dfig \u00dcbungen zur Steigerung des Adjektivs in der regelm\u00e4\u00dfigen Form Beispiel beautiful . Die richtige L\u00f6sung ist: more beautiful \/ most beautiful&nbsp;&nbsp;Tipp \u270d\ufe0f Erg\u00e4nze jeweils die korrete Form des gesteigerten Form des Adjetivs im Komparativ bzw. Superlativ: siehe Beispiel! \u2776nice \u2777dangerous \u2778crazy \u2779long \u277alazy \u277binteresting \u277cfamous \u277dold \u277eincredible \u277ffoggy Eigenschaftswort Steigerung regelm\u00e4\u00dfig \u00d7 [&hellip;]","protected":false},"author":3,"featured_media":0,"parent":0,"menu_order":0,"comment_status":"closed","ping_status":"closed","template":"","meta":[],"_links":{"self":[{"href":"https:\/\/english-munich.de\/training\/wp-json\/wp\/v2\/pages\/2868"}],"collection":[{"href":"https:\/\/english-munich.de\/training\/wp-json\/wp\/v2\/pages"}],"about":[{"href":"https:\/\/english-munich.de\/training\/wp-json\/wp\/v2\/types\/page"}],"author":[{"embeddable":true,"href":"https:\/\/english-munich.de\/training\/wp-json\/wp\/v2\/users\/3"}],"replies":[{"embeddable":true,"href":"https:\/\/english-munich.de\/training\/wp-json\/wp\/v2\/comments?post=2868"}],"version-history":[{"count":20,"href":"https:\/\/english-munich.de\/training\/wp-json\/wp\/v2\/pages\/2868\/revisions"}],"predecessor-version":[{"id":9675,"href":"https:\/\/english-munich.de\/training\/wp-json\/wp\/v2\/pages\/2868\/revisions\/9675"}],"wp:attachment":[{"href":"https:\/\/english-munich.de\/training\/wp-json\/wp\/v2\/media?parent=2868"}],"curies":[{"name":"wp","href":"https:\/\/api.w.org\/{rel}","templated":true}]}}