{"id":2848,"date":"2020-06-12T06:58:09","date_gmt":"2020-06-12T06:58:09","guid":{"rendered":"https:\/\/english-munich.de\/training\/?page_id=2848"},"modified":"2021-01-16T09:31:19","modified_gmt":"2021-01-16T09:31:19","slug":"steigerung","status":"publish","type":"page","link":"https:\/\/english-munich.de\/training\/steigerung\/","title":{"rendered":"Steigerung"},"content":{"rendered":"<div class=\"container well\">\r\n<h1>Die Steigerung im Englischen &#8211; Komparativ, Superlativ<\/h1>\r\n<hr>\r\n<h2>Steigerung \u00dcbungen<\/h2>\r\n<div id=\"bellows-main-36\" class=\"bellows bellows-nojs bellows-main bellows-source-menu bellows-align-full bellows-skin-vanilla bellows-type-\"><ul id=\"menu-steigerung\" class=\"bellows-nav\" data-bellows-config=\"main\"><li id=\"menu-item-4463\" class=\"bellows-menu-item bellows-menu-item-type-post_type bellows-menu-item-object-page bellows-menu-item-4463 bellows-item-level-0\"><a  href=\"https:\/\/english-munich.de\/training\/adjektiv-steigerung-unregelmasig\/\" class=\"bellows-target\"><span class=\"bellows-target-title bellows-target-text\">\u270d\ufe0fAdjektiv Steigerung unregelm\u00e4\u00dfig<\/span><\/a><\/li>\n<li id=\"menu-item-4464\" class=\"bellows-menu-item bellows-menu-item-type-post_type bellows-menu-item-object-page bellows-menu-item-4464 bellows-item-level-0\"><a  href=\"https:\/\/english-munich.de\/training\/steigerung-adjektive-unregelmasig\/\" class=\"bellows-target\"><span class=\"bellows-target-title bellows-target-text\">\u2611\ufe0fSteigerung Adjektive unregelm\u00e4\u00dfig<\/span><\/a><\/li>\n<li id=\"menu-item-4465\" class=\"bellows-menu-item bellows-menu-item-type-post_type bellows-menu-item-object-page bellows-menu-item-4465 bellows-item-level-0\"><a  href=\"https:\/\/english-munich.de\/training\/steigerung-regelmasig\/\" class=\"bellows-target\"><span class=\"bellows-target-title bellows-target-text\">\u2611\ufe0fSteigerung regelm\u00e4\u00dfig<\/span><\/a><\/li>\n<li id=\"menu-item-4466\" class=\"bellows-menu-item bellows-menu-item-type-post_type bellows-menu-item-object-page bellows-menu-item-4466 bellows-item-level-0\"><a  href=\"https:\/\/english-munich.de\/training\/steigerung-regelmasig-2\/\" class=\"bellows-target\"><span class=\"bellows-target-title bellows-target-text\">\u270d\ufe0fSteigerung regelm\u00e4\u00dfig<\/span><\/a><\/li>\n<li id=\"menu-item-4467\" class=\"bellows-menu-item bellows-menu-item-type-post_type bellows-menu-item-object-page bellows-menu-item-4467 bellows-item-level-0\"><a  href=\"https:\/\/english-munich.de\/training\/steigerung-vergleichsworter\/\" class=\"bellows-target\"><span class=\"bellows-target-title bellows-target-text\">\u2611\ufe0fSteigerung Vergleichsw\u00f6rter<\/span><\/a><\/li>\n<li id=\"menu-item-4468\" class=\"bellows-menu-item bellows-menu-item-type-post_type bellows-menu-item-object-page bellows-menu-item-4468 bellows-item-level-0\"><a  href=\"https:\/\/english-munich.de\/training\/vergleichsworter-steigerung\/\" class=\"bellows-target\"><span class=\"bellows-target-title bellows-target-text\">\u270d\ufe0fVergleichsw\u00f6rter Steigerung<\/span><\/a><\/li>\n<\/ul><\/div>\r\n<h2>Steigerung regelm\u00e4\u00dfig<\/h2>\r\n<table class=\"table table-bordered table-sm\">\r\n<tbody>\r\n<tr class=\"table-danger\">\r\n<th colspan=\"3\">Adjektive, die aus einer Silbe bestehen, steigern mit &#8218;-er&#8216; bzw. &#8218;-est&#8216;.<\/th>\r\n<\/tr>\r\n<tr class=\"table-success\">\r\n<td>big<\/td>\r\n<td>bigger<\/td>\r\n<td>biggest<\/td>\r\n<\/tr>\r\n<tr><\/tr>\r\n<tr class=\"table-primary\">\r\n<th colspan=\"3\">Adjektive, die aus mehr als einer Silbe bestehen, steigern mit &#8218;more&#8216; bzw. &#8218;most.&#8216;<\/th>\r\n<\/tr>\r\n<tr class=\"table-warning\">\r\n<td>beautiful<\/td>\r\n<td>more beautiful<\/td>\r\n<td>most beautiful<\/td>\r\n<\/tr>\r\n<tr class=\"table-danger\">\r\n<th colspan=\"3\">Adjektive, die auf &#8218;-y&#8216; enden, steigern mit &#8218;-ier&#8216; bzw. &#8218;-iest&#8216;.<\/th>\r\n<\/tr>\r\n<tr class=\"table-info\">\r\n<td>crazy<\/td>\r\n<td>crazier<\/td>\r\n<td>craziest<\/td>\r\n<\/tr>\r\n<\/tbody>\r\n<\/table>\r\n<h2>Steigerung unregelm\u00e4\u00dfig<\/h2>\r\n<table class=\"table table-bordered table-sm\">\r\n<tbody>\r\n<tr class=\"table-danger\">\r\n<th colspan=\"3\">Adjektive, Steigerung unregelm\u00e4\u00dfige Bildung:<\/th>\r\n<\/tr>\r\n<tr class=\"table-success\">\r\n<td>good<\/td>\r\n<td>better<\/td>\r\n<td>best<\/td>\r\n<\/tr>\r\n<tr class=\"table-warning\">\r\n<td>bad<\/td>\r\n<td>worse<\/td>\r\n<td>worst<\/td>\r\n<\/tr>\r\n<tr class=\"table-info\">\r\n<td>little<\/td>\r\n<td>less<\/td>\r\n<td>least<\/td>\r\n<\/tr>\r\n<tr class=\"table-primary\">\r\n<td>much<\/td>\r\n<td>more<\/td>\r\n<td>most<\/td>\r\n<\/tr>\r\n<tr class=\"table-warning\">\r\n<td>many<\/td>\r\n<td>more<\/td>\r\n<td>most<\/td>\r\n<\/tr>\r\n<\/tbody>\r\n<\/table>\r\n<h2>Vergleichsw\u00f6rter<\/h2>\r\nWenn bei einer Gegen\u00fcberstellung zwei Personen oder Dinge gleichwertig sind, wird das Eigenschaftswort mit den Vergleichsw\u00f6rtern <b>as&#8230;..as<\/b> eingerahmt.\r\nBei einem gesteigerten Vergleich ben\u00fctzen wir das Vergleichswort <b>than<\/b>.\r\n<table class=\"table table-bordered table-sm\">\r\n<tbody>\r\n<tr class=\"table-danger\">\r\n<th colspan=\"3\">&#8218;As&#8216; als Vergleichswort beim gleichwertigen Vergleich:<\/th>\r\n<\/tr>\r\n<tr class=\"table-success\">\r\n<td colspan=\"3\">Our team isn&#8217;t as good as your team.<\/td>\r\n<\/tr>\r\n<tr class=\"table-warning\">\r\n<th colspan=\"3\">&#8218;Than&#8216; als Vergleichswort beim gesteigerten Vergleich:<\/th>\r\n<\/tr>\r\n<tr class=\"table-primary\">\r\n<td colspan=\"3\">Our team is better than last year.<\/td>\r\n<\/tr>\r\n<\/tbody>\r\n<\/table>\r\n<\/div>","protected":false},"excerpt":{"rendered":"Die Steigerung im Englischen &#8211; Komparativ, Superlativ Steigerung \u00dcbungen Steigerung regelm\u00e4\u00dfig Adjektive, die aus einer Silbe bestehen, steigern mit &#8218;-er&#8216; bzw. &#8218;-est&#8216;. big bigger biggest Adjektive, die aus mehr als einer Silbe bestehen, steigern mit &#8218;more&#8216; bzw. &#8218;most.&#8216; beautiful more beautiful most beautiful Adjektive, die auf &#8218;-y&#8216; enden, steigern mit &#8218;-ier&#8216; bzw. &#8218;-iest&#8216;. crazy crazier [&hellip;]","protected":false},"author":3,"featured_media":0,"parent":0,"menu_order":0,"comment_status":"closed","ping_status":"closed","template":"","meta":[],"_links":{"self":[{"href":"https:\/\/english-munich.de\/training\/wp-json\/wp\/v2\/pages\/2848"}],"collection":[{"href":"https:\/\/english-munich.de\/training\/wp-json\/wp\/v2\/pages"}],"about":[{"href":"https:\/\/english-munich.de\/training\/wp-json\/wp\/v2\/types\/page"}],"author":[{"embeddable":true,"href":"https:\/\/english-munich.de\/training\/wp-json\/wp\/v2\/users\/3"}],"replies":[{"embeddable":true,"href":"https:\/\/english-munich.de\/training\/wp-json\/wp\/v2\/comments?post=2848"}],"version-history":[{"count":8,"href":"https:\/\/english-munich.de\/training\/wp-json\/wp\/v2\/pages\/2848\/revisions"}],"predecessor-version":[{"id":4470,"href":"https:\/\/english-munich.de\/training\/wp-json\/wp\/v2\/pages\/2848\/revisions\/4470"}],"wp:attachment":[{"href":"https:\/\/english-munich.de\/training\/wp-json\/wp\/v2\/media?parent=2848"}],"curies":[{"name":"wp","href":"https:\/\/api.w.org\/{rel}","templated":true}]}}