{"id":2778,"date":"2020-06-10T13:51:11","date_gmt":"2020-06-10T13:51:11","guid":{"rendered":"https:\/\/english-munich.de\/training\/?page_id=2778"},"modified":"2022-03-24T07:19:07","modified_gmt":"2022-03-24T07:19:07","slug":"adjektiv-adverb-regelmasig","status":"publish","type":"page","link":"https:\/\/english-munich.de\/training\/adjektiv-adverb-regelmasig\/","title":{"rendered":"Adjektiv Adverb Englisch regelm\u00e4\u00dfig"},"content":{"rendered":"<div class=\"jumbotron text-center\">\r\n<h2>Adjektiv Adverb Englisch<\/h2>\r\n\u00dcbungen zum Unterschied zwischen <a href=\"https:\/\/de.wikipedia.org\/wiki\/Adverb\">Adjektiv<\/a> Adverb Englisch\r\n\r\n<\/div>\r\n<div class=\"bs-example\">\r\n<div class=\"accordion\" id=\"accordionExample\">\r\n<div class=\"card\">\r\n<div class=\"card-header\" id=\"headingOne\">\r\n<h2 class=\"mb-0\" style=\"color:#000\">\r\n                    <button type=\"button\" class=\"btn btn-link collapsed\" data-toggle=\"collapse\" data-target=\"#collapseOne\">Beispiel<\/button><\/h2>\r\n<\/div>\r\n<div id=\"collapseOne\" class=\"collapse\" aria-labelledby=\"headingOne\" data-parent=\"#accordionExample\">\r\n<div class=\"card-body\">\r\n<div class=\"form-inline\">\r\n<div>\r\n<b><span class=\"number\">\u24ff<\/span><\/b>John is walking very <input type=\"text\" class=\"form-control\" id=\"panel-beispiel\" disabled=\"\" value=\"quickly\"> <b><i>&nbsp;(quick)&nbsp;<\/i><\/b>.\r\n<\/div><div>\r\nDie richtige L\u00f6sung ist: <b>quickly<\/b>&nbsp;&nbsp;<button class=\"btn-lg btn-info\" type=\"button\" data-toggle=\"modal\" data-target=\"#myModal\">Tipp<\/button>\r\n<\/div>\r\n<\/div>\r\n<\/div>\r\n<\/div>\r\n<\/div>\r\n<\/div>\r\n<br \/><br \/>\r\n<div class=\"container well\">\r\n<h4>\u270d\ufe0f F\u00fclle das Adjektiv in Klammern in der richtigen Form als <b>Adjektiv<\/b> oder <b>Adverb<\/b>  in die L\u00fccken:<\/h4>\r\n\r\n<hr>\r\n\r\n<div class=\"container\">\r\n<b><span class=\"number\">\u2776<\/span><\/b>We met Sandra at a <input type=\"text\" class=\"form-control\" id=\"q0\" autocomplete=\"off\"><b><i> (big) <\/i><\/b> party.\r\n<div class=\"row\">\r\n<div>\r\n<p id=\"correct0\" align=\"left\"><\/p>\r\n\r\n<\/div>\r\n<div>\r\n<a button=\"\" class=\"btn btn-success tipp0 hidden\" href=\"#1\" title=\"...a big party...\" data-toggle=\"popover\" data-placement=\"top\" data-trigger=\"hover\" style=\"text-decoration: none; color:white;\" data-content=\"'Big' bezieht sich auf ein Hauptwort, deswegen bleibt es als Adjektiv unver\u00e4ndert.\">Tipp<\/a><\/div>\r\n<\/div>\r\n<b><span class=\"number\">\u2777<\/span><\/b>She was singing  <input type=\"text\" class=\"form-control\" id=\"q1\" autocomplete=\"off\"><b><i> (loud) <\/i><\/b> to the music.\r\n<div class=\"row\">\r\n<div>\r\n<p id=\"correct1\" align=\"left\"><\/p>\r\n\r\n<\/div>\r\n<div>\r\n<a button=\"\" class=\"btn btn-success tipp1 hidden\" href=\"#2\" title=\"She was singing loudly...\" data-toggle=\"popover\" data-placement=\"top\" data-trigger=\"hover\" style=\"text-decoration: none; color:white;\" data-content=\"'Loudly' bezieht sich auf ein Verb ('was singing'), deswegen muss es ins Adverb gesetzt werden \u2794 'loudly'.\">Tipp<\/a><\/div>\r\n<\/div>\r\n<b><span class=\"number\">\u2778<\/span><\/b>I only wanted a <input type=\"text\" class=\"form-control\" id=\"q2\" autocomplete=\"off\"><b><i> (quick) <\/i><\/b> drink.\r\n<div class=\"row\">\r\n<div>\r\n<p id=\"correct2\" align=\"left\"><\/p>\r\n\r\n<\/div>\r\n<div>\r\n<a button=\"\" class=\"btn btn-success tipp2 hidden\" align=\"left\" aria-hidden=\"true\" href=\"#3\" title=\"...a quick drink...\" data-toggle=\"popover\" data-placement=\"top\" data-trigger=\"hover\" style=\"text-decoration: none, color:white\" data-content=\"'Quick' bezieht sich auf ein Hautpwort, deswegen bleibt es als Adjektiv unver\u00e4ndert.\">Tipp<\/a><\/div>\r\n<\/div>\r\n<span class=\"number\">\u2779<\/span>All the girls were dancing  <input type=\"text\" class=\"form-control\" id=\"q3\" autocomplete=\"off\"><b><i> (wild) <\/i><\/b>.\r\n<div class=\"row\">\r\n<div>\r\n<p id=\"correct3\" align=\"left\"><\/p>\r\n\r\n<\/div>\r\n<div>\r\n<a button=\"\" class=\"btn btn-success tipp3 hidden\" aria-hidden=\"true\" href=\"#4\" title=\"...dancing wildly...\" data-toggle=\"popover\" data-placement=\"top\" data-trigger=\"hover\" style=\"text-decoration: none, color:white\" data-content=\"'wildly' bezieht sich auf ein Verb ('were dancing'), deswegen muss es ins Adverb gesetzt werden \u2794 'wildly'. \">Tipp<\/a><\/div>\r\n<\/div>\r\n<b><span class=\"number\">\u277a<\/span><\/b>You were such a <input type=\"text\" class=\"form-control\" id=\"q4\" autocomplete=\"off\"><b><i> (good) <\/i><\/b> dancer.\r\n<div class=\"row\">\r\n<div>\r\n<p id=\"correct4\" align=\"left\"><\/p>\r\n\r\n<\/div>\r\n<div>\r\n<a button=\"\" class=\"btn btn-success tipp4 hidden\" aria-hidden=\"true\" href=\"#5\" title=\"You were such a good dancer...\" data-toggle=\"popover\" data-placement=\"top\" data-trigger=\"hover\" style=\"text-decoration: none, color:white\" data-content=\"'Good' bleibt unver\u00e4ndert. Merke: Niemals Adverb bei 'be'.\">Tipp<\/a><\/div>\r\n<\/div>\r\n<b><span class=\"number\">\u277b<\/span><\/b>So I watched you for a <input type=\"text\" class=\"form-control\" id=\"q5\" autocomplete=\"off\"><b><i> (long) <\/i><\/b> time.\r\n<div class=\"row\">\r\n<div>\r\n<p id=\"correct5\" align=\"left\"><\/p>\r\n\r\n<\/div>\r\n<div>\r\n<a button=\"\" class=\"btn btn-success tipp5 hidden\" aria-hidden=\"true\" href=\"#6\" title=\"...a long time...\" data-toggle=\"popover\" data-placement=\"top\" data-trigger=\"hover\" style=\"text-decoration: none, color:white\" data-content=\"'Long' bezieht sich auf ein Hauptwort ('time'), deswegen bleibt es als unver\u00e4ndert.\">Tipp<\/a><\/div>\r\n<\/div>\r\n<b><span class=\"number\">\u277c<\/span><\/b>Then I was  <input type=\"text\" class=\"form-control\" id=\"q6\" autocomplete=\"off\"><b><i> (quiet) <\/i><\/b> falling asleep at the bar.\r\n<div class=\"row\">\r\n<div>\r\n<p id=\"correct6\" align=\"left\"><\/p>\r\n\r\n<\/div>\r\n<div>\r\n<a button=\"\" class=\"btn btn-success tipp6 hidden\" aria-hidden=\"true\" href=\"#7\" title=\"I was quietly falling...\" data-toggle=\"popover\" data-placement=\"top\" data-trigger=\"hover\" style=\"text-decoration: none, color:white\" data-content=\"'Quietly' bezieht sich auf ein Verb ('falling asleep'), deswegen muss es ins Adverb gesetzt werden \u2794 'quietly'. \">Tipp<\/a><\/div>\r\n<\/div>\r\n<b><span class=\"number\">\u277d<\/span><\/b>Then I woke up  <input type=\"text\" class=\"form-control\" id=\"q7\" autocomplete=\"off\"><b><i> (rude) <\/i><\/b> with a start.\r\n<div class=\"row\">\r\n<div>\r\n<p id=\"correct7\" align=\"left\"><\/p>\r\n\r\n<\/div>\r\n<div>\r\n<a button=\"\" class=\"btn btn-success tipp7 hidden\" href=\"#8\" title=\"I woke up rudely.\" data-toggle=\"popover\" data-placement=\"top\" data-trigger=\"hover\" style=\"text-decoration: none, color:white\" data-content=\"'Rudely' bezieht sich auf ein Verb ('woke up'), deswegen muss es ins Adverb gesetzt werden \u2794 'rudely'.\">Tipp<\/a><\/div>\r\n<\/div>\r\n<b><span class=\"number\">\u277e<\/span><\/b>I realized it was just a  <input type=\"text\" class=\"form-control\" id=\"q8\" autocomplete=\"off\"><b><i> (beautiful) <\/i><\/b> dream.\r\n<div class=\"row\">\r\n<div>\r\n<p id=\"correct8\" align=\"left\"><\/p>\r\n\r\n<\/div>\r\n<div>\r\n<a button=\"\" class=\"btn btn-success tipp8 hidden\" href=\"#9\" title=\"...a beautiful dream...\" data-toggle=\"popover\" data-placement=\"top\" data-trigger=\"hover\" style=\"text-decoration: none, color:white\" data-content=\"'Beautiful' bezieht sich auf ein Hauptwort ('dream'), deswegen bleibt es als Adjektiv unver\u00e4ndert.\">Tipp<\/a><\/div>\r\n<\/div>\r\n<b><span class=\"number\">\u277f<\/span><\/b>I always dream very <input type=\"text\" class=\"form-control\" id=\"q9\" autocomplete=\"off\"><b><i> (beautiful) <\/i><\/b>.\r\n<div class=\"row\">\r\n<div>\r\n<p id=\"correct9\" align=\"left\"><\/p>\r\n\r\n<\/div>\r\n<div>\r\n<a button=\"\" class=\"btn btn-success tipp9 hidden\" href=\"#10\" title=\"I always dream beautifully...\" data-toggle=\"popover\" data-placement=\"top\" data-trigger=\"hover\" style=\"text-decoration: none, color:white\" data-content=\"'Beautifully' bezieht sich auf ein Verb('dream'), deswegen muss es ins Adverb gesetzt werden \u2794 'beautiful'. \">Tipp<\/a><\/div>\r\n<\/div>\r\n<\/div>\r\n<\/div>\r\n<!-- The Modal -->\r\n<div id=\"myModal\" class=\"modal\">\r\n<div class=\"modal-dialog\">\r\n<div class=\"modal-content\">\r\n\r\n<!-- Modal Header -->\r\n<div class=\"modal-header\">\r\n<h4 class=\"modal-title\">Adjektiv Adverb Englisch<\/h4>\r\n<button class=\"close\" type=\"button\" data-dismiss=\"modal\">\u00d7<\/button>\r\n\r\n<\/div>\r\n<!-- Modal body -->\r\n<div class=\"modal-body\">\r\n<table class=\"table table-bordered table-sm\">\r\n<tbody>\r\n<tr class=\"table-danger\">\r\n<td>Adjektiv.<\/td>\r\n<td><i class=\"fas fa-angle-double-right\" style=\"font-size:24px\"><\/i><\/td>\r\n<td>Adverb<\/td>\r\n<\/tr>\r\n<tr class=\"table-warning\">\r\n<td>Oliver is nice.<\/td>\r\n<td><i class=\"fas fa-angle-double-right\" style=\"font-size:24px\"><\/i><\/td>\r\n<td>Oliver asked nicely<\/td>\r\n<\/tr>\r\n<tr class=\"table-success\">\r\n<td>Sandra is very beautiful.<\/td>\r\n<td><i class=\"fas fa-angle-double-right\" style=\"font-size:24px\"><\/i><\/td>\r\n<td>Sandra sings very beautifully.<\/td>\r\n<\/tr>\r\n<\/tbody>\r\n<tbody>\r\n<tr class=\"table-primary\">\r\n<td>Bildung Besonderheiten:<\/td>\r\n<td><\/td>\r\n<td><\/td>\r\n<\/tr>\r\n<tr class=\"table-danger\">\r\n<td>Endung -le + -ly.<\/td>\r\n<td> \u2794 -ly<\/td>\r\n<td>possible  \u2794  possibly .<\/td>\r\n<\/tr>\r\n<tr class=\"table-warning\">\r\n<td>Endung -ic + -ly.<\/td>\r\n<td>  \u2794 -ically<\/td>\r\n<td>platonic  \u2794  platonically<\/td>\r\n<\/tr>\r\n<tr class=\"table-success\">\r\n<td>Konsonant + -y + -ly<\/td>\r\n<td>Konsonant + -ily<\/td>\r\n<td>heavy  \u2794  heavily .<\/td>\r\n<\/tr>\r\n<\/tbody>\r\n<\/table>\r\n<div>Der Unterschied zwischen Adjektiv und Adverb ist f\u00fcr Englisch lernende Deutsche oft ein Problem. Denn dieser Unterschied existiert im Deutschen nur grammatikalisch. Jedoch bleiben Adjektiv bzw. Adverb bei der Bildung im Deutschen unver\u00e4ndert. Im Englischen ist es jedoch notwendig das Adverb zu ver\u00e4ndern. In der regelm\u00e4\u00dfigen Form muss an das Adjektiv das Suffix &#8218;-ly&#8220; angeh\u00e4ngt werden. In der unregelm\u00e4\u00dfigen Form musst Du die entsprechenden Formen leider lernen. Das ist m\u00fchsam. Leider gibt es keinen Weg daran vorbeif\u00fchrt. Die wichtigsten Ausnahmen sind folgende: hard \u2794 hard (<i>hardly<\/i> bedeutet <i>kaum<\/i>), fast \u2794 fast, late \u2794 late (<i>lately<\/i> bedeutet <i>neulich<\/i>, early \u2794 early (das Adjektiv bleibt unver\u00e4ndert). <\/div>\r\n<\/div>\r\n<!-- Modal footer -->\r\n<div class=\"modal-footer\"><button class=\"btn btn-danger\" type=\"button\" data-dismiss=\"modal\">Close<\/button><\/div>\r\n<\/div>\r\n<\/div>\r\n<\/div>\r\n<\/div>\r\n<!-- The Modal -->\r\n\r\n<div id=\"myModal2\" class=\"modal\">\r\n<div class=\"modal-dialog\">\r\n<div class=\"modal-content\">\r\n\r\n<!-- Modal Header -->\r\n<div class=\"modal-header\">\r\n<h4 class=\"modal-title\">Adjektiv Adverb Englisch<\/h4>\r\n<button class=\"close\" type=\"button\" data-dismiss=\"modal\">\u00d7<\/button>\r\n\r\n<\/div>\r\n<!-- Modal body -->\r\n<div class=\"modal-body\"><img decoding=\"async\" class=\"img-responsive img-rounded\" title=\"Adjektiv-Adverb-Englisch\" src=\"https:\/\/english-munich.de\/training\/wp-content\/uploads\/2022\/03\/Adverb-vs.-Adjektiv1.png\" alt=\"Adjektiv-Adverb-Englisch\"><\/div>\r\n<!-- Modal footer -->\r\n<div class=\"modal-footer\"><button class=\"btn btn-danger\" type=\"button\" data-dismiss=\"modal\">Close<\/button><\/div>\r\n<\/div>\r\n<\/div>\r\n<\/div>\r\n<div class=\"container\">\r\n\r\n<hr>\r\n\r\n<button id=\"submitButton\" class=\"btn-lg btn-primary \" type=\"submit\" value=\"submit\">Pr\u00fcfen<\/button><button id=\"resetButton\" class=\"btn-lg btn-success\" type=\"submit\" onclick=\"refreshPage()\">Neustart<\/button><button id=\"submitButton\" class=\"btn-lg btn-info\" type=\"button\" value=\"submit\" data-toggle=\"modal\" data-target=\"#myModal2\">Tipp<\/button>\r\n\r\n<hr>\r\n\r\n\r\n\r\n<p id=\"result\"><\/p>\r\n<p id=\"result2\"><\/p>\r\n<h2>Adjektiv- Adverb &#8211; Unterschied &#8211; \u00dcbungen<\/h2>\r\n<hr>\r\n<div id=\"bellows-main-33\" class=\"bellows bellows-nojs bellows-main bellows-source-menu bellows-align-full bellows-skin-vanilla bellows-type-\"><ul id=\"menu-adjektiv-adverb\" class=\"bellows-nav\" data-bellows-config=\"main\"><li id=\"menu-item-4389\" class=\"bellows-menu-item bellows-menu-item-type-post_type bellows-menu-item-object-page bellows-menu-item-4389 bellows-item-level-0\"><a  href=\"https:\/\/english-munich.de\/training\/adjektiv-adverb-regelmasig\/\" class=\"bellows-target\"><span class=\"bellows-target-title bellows-target-text\">\u270d\ufe0fAdjektiv\/Adverb regelm\u00e4\u00dfig<\/span><\/a><\/li>\n<li id=\"menu-item-4393\" class=\"bellows-menu-item bellows-menu-item-type-post_type bellows-menu-item-object-page bellows-menu-item-4393 bellows-item-level-0\"><a  href=\"https:\/\/english-munich.de\/training\/adverb-adjektiv\/\" class=\"bellows-target\"><span class=\"bellows-target-title bellows-target-text\">\u2611\ufe0fAdverb\/Adjektiv regelm\u00e4\u00dfig<\/span><\/a><\/li>\n<li id=\"menu-item-4388\" class=\"bellows-menu-item bellows-menu-item-type-post_type bellows-menu-item-object-page bellows-menu-item-4388 bellows-item-level-0\"><a  href=\"https:\/\/english-munich.de\/training\/adjektiv-adverb-unregelmasig-uebungen\/\" class=\"bellows-target\"><span class=\"bellows-target-title bellows-target-text\">\u2611\ufe0fAdjektiv \/ Adverb unregelm\u00e4\u00dfig<\/span><\/a><\/li>\n<li id=\"menu-item-4392\" class=\"bellows-menu-item bellows-menu-item-type-post_type bellows-menu-item-object-page bellows-menu-item-4392 bellows-item-level-0\"><a  href=\"https:\/\/english-munich.de\/training\/adjektiv-adverb-unregelmasig-2\/\" class=\"bellows-target\"><span class=\"bellows-target-title bellows-target-text\">\u270d\ufe0fAdjektiv\/Adverb unregelm\u00e4\u00dfig<\/span><\/a><\/li>\n<li id=\"menu-item-4390\" class=\"bellows-menu-item bellows-menu-item-type-post_type bellows-menu-item-object-page bellows-menu-item-4390 bellows-item-level-0\"><a  href=\"https:\/\/english-munich.de\/training\/adjektiv-adverb-2\/\" class=\"bellows-target\"><span class=\"bellows-target-title bellows-target-text\">\u270d\ufe0fAdjektiv\/Adverb<\/span><\/a><\/li>\n<\/ul><\/div>\r\n<\/div>","protected":false},"excerpt":{"rendered":"Adjektiv Adverb Englisch \u00dcbungen zum Unterschied zwischen Adjektiv Adverb Englisch Beispiel \u24ffJohn is walking very &nbsp;(quick)&nbsp;. Die richtige L\u00f6sung ist: quickly&nbsp;&nbsp;Tipp \u270d\ufe0f F\u00fclle das Adjektiv in Klammern in der richtigen Form als Adjektiv oder Adverb in die L\u00fccken: \u2776We met Sandra at a (big) party. Tipp \u2777She was singing (loud) to the music. Tipp \u2778I [&hellip;]","protected":false},"author":3,"featured_media":0,"parent":0,"menu_order":0,"comment_status":"closed","ping_status":"closed","template":"","meta":[],"_links":{"self":[{"href":"https:\/\/english-munich.de\/training\/wp-json\/wp\/v2\/pages\/2778"}],"collection":[{"href":"https:\/\/english-munich.de\/training\/wp-json\/wp\/v2\/pages"}],"about":[{"href":"https:\/\/english-munich.de\/training\/wp-json\/wp\/v2\/types\/page"}],"author":[{"embeddable":true,"href":"https:\/\/english-munich.de\/training\/wp-json\/wp\/v2\/users\/3"}],"replies":[{"embeddable":true,"href":"https:\/\/english-munich.de\/training\/wp-json\/wp\/v2\/comments?post=2778"}],"version-history":[{"count":19,"href":"https:\/\/english-munich.de\/training\/wp-json\/wp\/v2\/pages\/2778\/revisions"}],"predecessor-version":[{"id":11202,"href":"https:\/\/english-munich.de\/training\/wp-json\/wp\/v2\/pages\/2778\/revisions\/11202"}],"wp:attachment":[{"href":"https:\/\/english-munich.de\/training\/wp-json\/wp\/v2\/media?parent=2778"}],"curies":[{"name":"wp","href":"https:\/\/api.w.org\/{rel}","templated":true}]}}