{"id":2748,"date":"2020-06-09T19:55:15","date_gmt":"2020-06-09T19:55:15","guid":{"rendered":"https:\/\/english-munich.de\/training\/?page_id=2748"},"modified":"2022-09-19T07:54:18","modified_gmt":"2022-09-19T07:54:18","slug":"adverb-adjektiv","status":"publish","type":"page","link":"https:\/\/english-munich.de\/training\/adverb-adjektiv\/","title":{"rendered":"Adverb\/Adjektiv Unterschied"},"content":{"rendered":"<div class=\"jumbotron text-center\">\r\n<h2>Adjektiv\/Adverb Unterschied regelm\u00e4\u00dfig<\/h2>\r\n\u00dcbungen zum Unterschied zwischen Adjektiv und Adverb\r\n\r\n<\/div>\r\n<div class=\"bs-example\">\r\n<div id=\"accordionExample\" class=\"accordion\">\r\n<div class=\"card\">\r\n<div id=\"headingOne\" class=\"card-header\">\r\n<h2 class=\"number\"><button class=\"btn btn-link collapsed\" type=\"button\" data-toggle=\"collapse\" data-target=\"#collapseOne\">Beispiel<\/button><\/h2>\r\n<\/div>\r\n<div id=\"collapseOne\" class=\"collapse\" aria-labelledby=\"headingOne\" data-parent=\"#accordionExample\">\r\n<div class=\"card-body\">\r\n<div class=\"form-group\" style=\"width: 70%; margin: 10px;\"><label for=\"sel1\"><span class=\"number\">\u24ff<\/span>She sings ________. She is a great singer\r\n<select id=\"beispiel\" class=\"form-control\">\r\n<option value=\"wrong\">who<\/option>\r\n<option value=\"correct\">beautifully<\/option>\r\n<option value=\"wrong\">which<\/option>\r\n<\/select>\r\n\r\nDie richtige L\u00f6sung ist: <b>beautifully<\/b>&nbsp;&nbsp;<button class=\"btn-lg btn-info\" type=\"button\" value=\"submit\" data-toggle=\"modal\" data-target=\"#myModal\">Tipp<\/button>\r\n\r\n<\/label><\/div>\r\n<\/div>\r\n<\/div>\r\n<\/div>\r\n<\/div>\r\n<br \/><br \/>\r\n<div class=\"container well\">\r\n<h4>\u2611\ufe0f W\u00e4hle die richtige Option entweder <b>Adverb<\/b> oder <b>Adjektiv <\/b>. Achte darauf, ob der Fokus auf einem Verb oder einem Substantiv liegt:<\/h4>\r\n\r\n<hr>\r\n\r\n<div class=\"container-fluid\">\r\n<div class=\"form-group\" style=\"width: 70%;\"><label for=\"sel1\"><span class=\"number\">\u2776<\/span>Sandra is the __________wife.<\/label>\r\n<select id=\"q0\" class=\"form-control\"><option value=\"wrong\"><\/option>\r\n<option value=\"correct\">perfect<\/option>\r\n<option value=\"wrong\">perfectly<\/option>\r\n<\/select>\r\n<p id=\"correct0\" align=\"left\"><\/p>\r\n<a class=\"btn btn-success tipp0 hidden\" style=\"text-decoration: none, color:white;\" title=\"Sandra is the perfect secretary.\" href=\"#0\" data-toggle=\"popover\" data-placement=\"top\" data-trigger=\"hover\" data-content=\"'Perfect' bezieht sich auf ein Nomen ('Sandra'), deswegen Adjektiv. Merke: bei 'be' \u2794 niemals Adverb.\">Tipp<\/a>\r\n\r\n<\/div>\r\n<div class=\"form-group\" style=\"width: 70%;\"><label for=\"sel1\"><span class=\"number\">\u2777<\/span>Jim drives__________. He must slow down.<\/label>\r\n<select id=\"q1\" class=\"form-control\"><option value=\"wrong\"><\/option>\r\n<option value=\"wrong\">dangerous<\/option>\r\n<option value=\"correct\">dangerously<\/option>\r\n<\/select>\r\n<p id=\"correct1\" align=\"left\"><\/p>\r\n<a class=\"btn btn-success tipp1 hidden\" style=\"text-decoration: none, color:white;\" title=\"Jim drives dangerously...\" href=\"#1\" data-toggle=\"popover\" data-placement=\"top\" data-trigger=\"hover\" data-content=\"'Dangerously' bezieht sich auf ein Verb ('drive'), deswegen Adverb.\">Tipp<\/a>\r\n\r\n<\/div>\r\n<div class=\"form-group\" style=\"width: 70%;\"><label for=\"sel1\"><span class=\"number\">\u2778<\/span>She __________ gave the right answer.<\/label>\r\n<select id=\"q2\" class=\"form-control\"><option value=\"wrong\"><\/option>\r\n<option value=\"correct\">automatically<\/option>\r\n<option value=\"wrong\">automatic<\/option>\r\n<\/select>\r\n<p id=\"correct2\" align=\"left\"><\/p>\r\n<a class=\"btn btn-success tipp2 hidden\" style=\"text-decoration: none, color:white;\" title=\"She automatically gave...\" href=\"#2\" data-toggle=\"popover\" data-placement=\"top\" data-trigger=\"hover\" data-content=\"'Automatically' bezieht sich auf ein Verb ('gave'), deswegen Adverb. Achtung Endung -ic + -ly \u2794 -ically; 'automatic' \u2794 'automatically' \">Tipp<\/a>\r\n\r\n<\/div>\r\n<div class=\"form-group\" style=\"width: 70%;\"><label for=\"sel1\"><span class=\"number\">\u2779<\/span>An __________ question can often break the ice.<\/label>\r\n<select id=\"q3\" class=\"form-control\"><option value=\"wrong\"><\/option>\r\n<option value=\"wrong\">interestingly<\/option>\r\n<option value=\"correct\">interesting<\/option>\r\n<\/select>\r\n<p id=\"correct3\" align=\"left\"><\/p>\r\n<a class=\"btn btn-success tipp3 hidden\" style=\"text-decoration: none, color:white;\" title=\"...an interesting question.\" href=\"#3\" data-toggle=\"popover\" data-placement=\"top\" data-trigger=\"hover\" data-content=\"'Interesting' bezieht sich auf ein Hauptwort ('question'), deswegen Adjektiv.\">Tipp<\/a>\r\n\r\n<\/div>\r\n<div class=\"form-group\" style=\"width: 70%;\"><label for=\"sel1\"><span class=\"number\">\u277a<\/span>I slept really __________.<\/label>\r\n<select id=\"q4\" class=\"form-control\"><option value=\"wrong\"><\/option>\r\n<option value=\"wrong\">bad<\/option>\r\n<option value=\"correct\">badly<\/option>\r\n<\/select>\r\n<p id=\"correct4\" align=\"left\"><\/p>\r\n<a class=\"btn btn-success tipp4 hidden\" style=\"text-decoration: none, color:white;\" title=\"I slept really badly...\" href=\"#4\" data-toggle=\"popover\" data-placement=\"top\" data-trigger=\"hover\" data-content=\"'Badly' bezieht sich auf ein Verb ('slept'), deswegen Adverb.\">Tipp<\/a>\r\n\r\n<\/div>\r\n<div class=\"form-group\" style=\"width: 70%;\"><label for=\"sel1\"><span class=\"number\">\u277b<\/span>We stayed at a very __________ hotel.<\/label>\r\n<select id=\"q5\" class=\"form-control\"><option value=\"wrong\"><\/option>\r\n<option value=\"wrong\">expensively<\/option>\r\n<option value=\"correct\">expensive<\/option>\r\n<\/select>\r\n<p id=\"correct5\" align=\"left\"><\/p>\r\n<a class=\"btn btn-success tipp5 hidden\" style=\"text-decoration: none, color:white;\" title=\"...a very expensive hotel.\" href=\"#5\" data-toggle=\"popover\" data-placement=\"top\" data-trigger=\"hover\" data-content=\"'Expensive' bezieht sich auf ein Hauptwort ('hotel'), deswegen Adjektiv.\">Tipp<\/a>\r\n\r\n<\/div>\r\n<div class=\"form-group\" style=\"width: 70%;\"><label for=\"sel1\"><span class=\"number\">\u277c<\/span> The kids behaved__________. Now they can watch TV.<\/label>\r\n<select id=\"q6\" class=\"form-control\"><option value=\"wrong\"><\/option>\r\n<option value=\"correct\">nicely<\/option>\r\n<option value=\"wrong\">nice<\/option>\r\n<\/select>\r\n<p id=\"correct6\" align=\"left\"><\/p>\r\n<a class=\"btn btn-success tipp6 hidden\" style=\"text-decoration: none, color:white;\" title=\"The kids behaved nicely...\" href=\"#6\" data-toggle=\"popover\" data-placement=\"top\" data-trigger=\"hover\" data-content=\"'Nicely' bezieht sich auf ein Verb ('behave'), deswegen Adverb.\">Tipp<\/a>\r\n\r\n<\/div>\r\n<div class=\"form-group\" style=\"width: 70%;\"><label for=\"sel1\"><span class=\"number\">\u277d<\/span> How can I __________ win if the game is rigged?<\/label>\r\n<select id=\"q7\" class=\"form-control\"><option value=\"wrong\"><\/option>\r\n<option value=\"wrong\">possible<\/option>\r\n<option value=\"correct\">possibly<\/option>\r\n<\/select>\r\n<p id=\"correct7\" align=\"left\"><\/p>\r\n<a class=\"btn btn-success tipp7 hidden\" style=\"text-decoration: none, color:white;\" title=\"How can I possibly win?\" href=\"#7\" data-toggle=\"popover\" data-placement=\"top\" data-trigger=\"hover\" data-content=\"'Possibly' bezieht sich auf ein Verb ('can'), deswegen Adverb. Achtung Endung -le + -ly \u2794 -ly; 'possible' \u2794 'possibly' \">Tipp<\/a>\r\n\r\n<\/div>\r\n<div class=\"form-group\" style=\"width: 70%;\"><label for=\"sel1\"><span class=\"number\">\u277e<\/span> I like __________snacks. I just can&#8217;t resist.<\/label>\r\n<select id=\"q8\" class=\"form-control\"><option value=\"wrong\"><\/option>\r\n<option value=\"wrong\">tastily<\/option>\r\n<option value=\"correct\">tasty<\/option>\r\n<\/select>\r\n<p id=\"correct8\" align=\"left\"><\/p>\r\n<a class=\"btn btn-success tipp8 hidden\" style=\"text-decoration: none, color:white;\" title=\"I like tasty snacks...\" href=\"#8\" data-toggle=\"popover\" data-placement=\"top\" data-trigger=\"hover\" data-content=\"'Tasty' bezieht sich auf ein Hauptwort ('snacks'), deswegen Adjektiv.\">Tipp<\/a>\r\n\r\n<\/div>\r\n<div class=\"form-group\" style=\"width: 70%;\"><label for=\"sel1\"><span class=\"number\">\u277f<\/span> John solved this problem ________.<\/label>\r\n<select id=\"q9\" class=\"form-control\"><option value=\"wrong\"><\/option>\r\n<option value=\"correct\">easily<\/option>\r\n<option value=\"wrong\">easy<\/option>\r\n<\/select>\r\n<p id=\"correct9\" align=\"left\"><\/p>\r\n<a class=\"btn btn-success tipp9 hidden\" style=\"text-decoration: none, color:white;\" title=\"John solved this problem easily.\" href=\"#9\" data-toggle=\"popover\" data-placement=\"top\" data-trigger=\"hover\" data-content=\"'Easily' bezieht sich auf ein Verb ('can'), deswegen Adverb. Achtung Endung -y + -ly \u2794 -ily; 'easy' \u2794 'easily'\">Tipp<\/a>\r\n\r\n<\/div>\r\n<\/div>\r\n<div class=\"container\">\r\n\r\n<!-- The Modal -->\r\n<div id=\"myModal\" class=\"modal\">\r\n<div class=\"modal-dialog\">\r\n<div class=\"modal-content\">\r\n\r\n<!-- Modal Header -->\r\n<div class=\"modal-header\">\r\n<h4 class=\"modal-title\">Adjektive\/Adverb regelm\u00e4\u00dfig<\/h4>\r\n<button class=\"close\" type=\"button\" data-dismiss=\"modal\">\u00d7<\/button>\r\n\r\n<\/div>\r\n<!-- Modal body -->\r\n<div class=\"modal-body\">\r\n<table class=\"table table-bordered table-sm\">\r\n<tbody>\r\n<tr class=\"table-danger\">\r\n<td>Adjektiv.<\/td>\r\n<td><i class=\"fas fa-angle-double-right\" style=\"font-size:24px\"><\/i><\/td>\r\n<td>Adverb<\/td>\r\n<\/tr>\r\n<tr class=\"table-warning\">\r\n<td>Oliver is nice.<\/td>\r\n<td><i class=\"fas fa-angle-double-right\" style=\"font-size:24px\"><\/i><\/td>\r\n<td>Oliver asked nicely<\/td>\r\n<\/tr>\r\n<tr class=\"table-success\">\r\n<td>Sandra is very beautiful.<\/td>\r\n<td><i class=\"fas fa-angle-double-right\" style=\"font-size:24px\"><\/i><\/td>\r\n<td>Sandra sings very beautifully.<\/td>\r\n<\/tr>\r\n<\/tbody>\r\n<tbody>\r\n<tr class=\"table-primary\">\r\n<td>Bildung Besonderheiten:<\/td>\r\n<td><\/td>\r\n<td><\/td>\r\n<\/tr>\r\n<tr class=\"table-danger\">\r\n<td>Endung -le + -ly.<\/td>\r\n<td> \u2794 -ly<\/td>\r\n<td>possible  \u2794  possibly .<\/td>\r\n<\/tr>\r\n<tr class=\"table-warning\">\r\n<td>Endung -ic + -ly.<\/td>\r\n<td>  \u2794 -ically<\/td>\r\n<td>platonic  \u2794  platonically<\/td>\r\n<\/tr>\r\n<tr class=\"table-success\">\r\n<td>Konsonant + -y + -ly<\/td>\r\n<td>Konsonant + -ily<\/td>\r\n<td>heavy  \u2794  heavily .<\/td>\r\n<\/tr>\r\n<\/tbody>\r\n<\/table>\r\n<\/div>\r\n<!-- Modal footer -->\r\n<div class=\"modal-footer\"><button class=\"btn btn-danger\" type=\"button\" data-dismiss=\"modal\">Close<\/button><\/div>\r\n<\/div>\r\n<\/div>\r\n<\/div>\r\n<\/div>\r\n<\/div>\r\n\r\n<hr>\r\n\r\n<div class=\"container\"><button id=\"submitButton\" class=\"btn-lg btn-primary \" type=\"submit\" value=\"submit\">Pr\u00fcfen<\/button><button id=\"resetButton\" class=\"btn-lg btn-success\" type=\"submit\" onclick=\"refreshPage()\">Neustart<\/button><button id=\"submitButton\" class=\"btn-lg btn-info\" type=\"submit\" value=\"submit\" data-toggle=\"modal\" data-target=\"#myModal\">Tipp<\/button><\/div>\r\n\r\n<hr>\r\n\r\n\r\n<p id=\"result\"><\/p>\r\n<p id=\"result2\"><\/p>\r\n\r\n\r\n<h2>Adjektiv- Adverb &#8211; Unterschied alle \u00dcbungen<\/h2>\r\n<hr>\r\n<div id=\"bellows-main-33\" class=\"bellows bellows-nojs bellows-main bellows-source-menu bellows-align-full bellows-skin-vanilla bellows-type-\"><ul id=\"menu-adjektiv-adverb\" class=\"bellows-nav\" data-bellows-config=\"main\"><li id=\"menu-item-4389\" class=\"bellows-menu-item bellows-menu-item-type-post_type bellows-menu-item-object-page bellows-menu-item-4389 bellows-item-level-0\"><a  href=\"https:\/\/english-munich.de\/training\/adjektiv-adverb-regelmasig\/\" class=\"bellows-target\"><span class=\"bellows-target-title bellows-target-text\">\u270d\ufe0fAdjektiv\/Adverb regelm\u00e4\u00dfig<\/span><\/a><\/li>\n<li id=\"menu-item-4393\" class=\"bellows-menu-item bellows-menu-item-type-post_type bellows-menu-item-object-page bellows-menu-item-4393 bellows-item-level-0\"><a  href=\"https:\/\/english-munich.de\/training\/adverb-adjektiv\/\" class=\"bellows-target\"><span class=\"bellows-target-title bellows-target-text\">\u2611\ufe0fAdverb\/Adjektiv regelm\u00e4\u00dfig<\/span><\/a><\/li>\n<li id=\"menu-item-4388\" class=\"bellows-menu-item bellows-menu-item-type-post_type bellows-menu-item-object-page bellows-menu-item-4388 bellows-item-level-0\"><a  href=\"https:\/\/english-munich.de\/training\/adjektiv-adverb-unregelmasig-uebungen\/\" class=\"bellows-target\"><span class=\"bellows-target-title bellows-target-text\">\u2611\ufe0fAdjektiv \/ Adverb unregelm\u00e4\u00dfig<\/span><\/a><\/li>\n<li id=\"menu-item-4392\" class=\"bellows-menu-item bellows-menu-item-type-post_type bellows-menu-item-object-page bellows-menu-item-4392 bellows-item-level-0\"><a  href=\"https:\/\/english-munich.de\/training\/adjektiv-adverb-unregelmasig-2\/\" class=\"bellows-target\"><span class=\"bellows-target-title bellows-target-text\">\u270d\ufe0fAdjektiv\/Adverb unregelm\u00e4\u00dfig<\/span><\/a><\/li>\n<li id=\"menu-item-4390\" class=\"bellows-menu-item bellows-menu-item-type-post_type bellows-menu-item-object-page bellows-menu-item-4390 bellows-item-level-0\"><a  href=\"https:\/\/english-munich.de\/training\/adjektiv-adverb-2\/\" class=\"bellows-target\"><span class=\"bellows-target-title bellows-target-text\">\u270d\ufe0fAdjektiv\/Adverb<\/span><\/a><\/li>\n<\/ul><\/div>\r\n<\/div>","protected":false},"excerpt":{"rendered":"Adjektiv\/Adverb Unterschied regelm\u00e4\u00dfig \u00dcbungen zum Unterschied zwischen Adjektiv und Adverb Beispiel \u24ffShe sings ________. She is a great singer who beautifully which Die richtige L\u00f6sung ist: beautifully&nbsp;&nbsp;Tipp \u2611\ufe0f W\u00e4hle die richtige Option entweder Adverb oder Adjektiv . Achte darauf, ob der Fokus auf einem Verb oder einem Substantiv liegt: \u2776Sandra is the __________wife. perfect perfectly [&hellip;]","protected":false},"author":3,"featured_media":0,"parent":0,"menu_order":0,"comment_status":"closed","ping_status":"closed","template":"","meta":[],"_links":{"self":[{"href":"https:\/\/english-munich.de\/training\/wp-json\/wp\/v2\/pages\/2748"}],"collection":[{"href":"https:\/\/english-munich.de\/training\/wp-json\/wp\/v2\/pages"}],"about":[{"href":"https:\/\/english-munich.de\/training\/wp-json\/wp\/v2\/types\/page"}],"author":[{"embeddable":true,"href":"https:\/\/english-munich.de\/training\/wp-json\/wp\/v2\/users\/3"}],"replies":[{"embeddable":true,"href":"https:\/\/english-munich.de\/training\/wp-json\/wp\/v2\/comments?post=2748"}],"version-history":[{"count":35,"href":"https:\/\/english-munich.de\/training\/wp-json\/wp\/v2\/pages\/2748\/revisions"}],"predecessor-version":[{"id":11720,"href":"https:\/\/english-munich.de\/training\/wp-json\/wp\/v2\/pages\/2748\/revisions\/11720"}],"wp:attachment":[{"href":"https:\/\/english-munich.de\/training\/wp-json\/wp\/v2\/media?parent=2748"}],"curies":[{"name":"wp","href":"https:\/\/api.w.org\/{rel}","templated":true}]}}