{"id":2745,"date":"2020-06-09T18:30:02","date_gmt":"2020-06-09T18:30:02","guid":{"rendered":"https:\/\/english-munich.de\/training\/?page_id=2745"},"modified":"2021-03-03T12:44:57","modified_gmt":"2021-03-03T12:44:57","slug":"adjektiv-adverb","status":"publish","type":"page","link":"https:\/\/english-munich.de\/training\/adjektiv-adverb\/","title":{"rendered":"Adjektiv\/Adverb"},"content":{"rendered":"<div class=\"container well\">\r\n<h1>Adjektiv &#8211; Abverb &#8211; \u00dcbungen und Erkl\u00e4rungen<\/h1>\r\n<hr>\r\n<h2>Adjektiv- Adverb &#8211; Unterschied &#8211; \u00dcbungen<\/h2>\r\n<div id=\"bellows-main-33\" class=\"bellows bellows-nojs bellows-main bellows-source-menu bellows-align-full bellows-skin-vanilla bellows-type-\"><ul id=\"menu-adjektiv-adverb\" class=\"bellows-nav\" data-bellows-config=\"main\"><li id=\"menu-item-4389\" class=\"bellows-menu-item bellows-menu-item-type-post_type bellows-menu-item-object-page bellows-menu-item-4389 bellows-item-level-0\"><a  href=\"https:\/\/english-munich.de\/training\/adjektiv-adverb-regelmasig\/\" class=\"bellows-target\"><span class=\"bellows-target-title bellows-target-text\">\u270d\ufe0fAdjektiv\/Adverb regelm\u00e4\u00dfig<\/span><\/a><\/li>\n<li id=\"menu-item-4393\" class=\"bellows-menu-item bellows-menu-item-type-post_type bellows-menu-item-object-page bellows-menu-item-4393 bellows-item-level-0\"><a  href=\"https:\/\/english-munich.de\/training\/adverb-adjektiv\/\" class=\"bellows-target\"><span class=\"bellows-target-title bellows-target-text\">\u2611\ufe0fAdverb\/Adjektiv regelm\u00e4\u00dfig<\/span><\/a><\/li>\n<li id=\"menu-item-4388\" class=\"bellows-menu-item bellows-menu-item-type-post_type bellows-menu-item-object-page bellows-menu-item-4388 bellows-item-level-0\"><a  href=\"https:\/\/english-munich.de\/training\/adjektiv-adverb-unregelmasig-uebungen\/\" class=\"bellows-target\"><span class=\"bellows-target-title bellows-target-text\">\u2611\ufe0fAdjektiv \/ Adverb unregelm\u00e4\u00dfig<\/span><\/a><\/li>\n<li id=\"menu-item-4392\" class=\"bellows-menu-item bellows-menu-item-type-post_type bellows-menu-item-object-page bellows-menu-item-4392 bellows-item-level-0\"><a  href=\"https:\/\/english-munich.de\/training\/adjektiv-adverb-unregelmasig-2\/\" class=\"bellows-target\"><span class=\"bellows-target-title bellows-target-text\">\u270d\ufe0fAdjektiv\/Adverb unregelm\u00e4\u00dfig<\/span><\/a><\/li>\n<li id=\"menu-item-4390\" class=\"bellows-menu-item bellows-menu-item-type-post_type bellows-menu-item-object-page bellows-menu-item-4390 bellows-item-level-0\"><a  href=\"https:\/\/english-munich.de\/training\/adjektiv-adverb-2\/\" class=\"bellows-target\"><span class=\"bellows-target-title bellows-target-text\">\u270d\ufe0fAdjektiv\/Adverb<\/span><\/a><\/li>\n<\/ul><\/div>\r\n<h2>Adjektiv\/Adverb Unterschied<\/h2>\r\nIm Englischen werden Eigenschaftw\u00f6rter unerschiedlich verwendet, je nachdem, ob sie sich auf ein Hauptwort oder ein Zeitwort beziehen. Beziehen sie sich auf ein Zeitwort, m\u00fcssen sie ins Adverb gesetzt werden.\r\n\r\nzum Beispiel: I am experiencing an <i class=\"text-danger\">intense<\/i> moment.\r\n\r\nDas Eigenschaftswort beschreibt ein <i class=\"text-danger\">Hauptwort<\/i> (moment), deswegen muss es nicht ver\u00e4ndert werden. Bezieht es sich jedoch auf ein Zeitwort wird bei der regelm\u00e4\u00dfigen Bildung die Endung <b><i>-ly<\/i><\/b> angeh\u00e4ngt:\r\n\r\nzum Beispiel: I am experiencing the moment <i class=\"text-danger\">intensely<\/i>.\r\n<h2>Ausnahmen I<\/h2>\r\nBei einigen Adverbien m\u00fcssen beim Anh\u00e4ngen von <i class=\"text-danger\">-ly<\/i> einige Besonderheiten beachtet werden.\r\n<table class=\"table table-bordered table-sm\">\r\n<tbody>\r\n<tr class=\"table-danger\">\r\n<td colspan=\"3\">\r\n<b>Adverbien Bildung Besonderheiten<\/b><\/td>\r\n<\/tr>\r\n<tr class=\"table-info\">\r\n<td>\r\n<b>Konsonant + -y + ly<\/b><\/td>\r\n<td><i><b>Konsonant + -ily: easy \u2794 easily<\/b><\/i><\/td>\r\n<\/tr>\r\n<tr class=\"table-warning\">\r\n<td><b>Konsonant + -le + ly<\/b><\/td>\r\n<td><b><i>\u2794 -ly : possible \u2794 possibly<\/i><\/b><\/td>\r\n<\/tr>\r\n<tr class=\"table-success\">\r\n<td><b>Konsonant + -ic + ly<\/b><\/td>\r\n<td><b><i>\u2794 -ically : automatic \u2794 automatically<\/i><\/b><\/td>\r\n<\/tr>\r\n<\/tbody>\r\n<\/table><div class=\"iframe-container\">\r\n<iframe loading=\"lazy\" width=\"560\" height=\"315\" src=\"https:\/\/www.youtube.com\/embed\/M7a-CjpbP6U\" frameborder=\"0\" allow=\"accelerometer; autoplay; clipboard-write; encrypted-media; gyroscope; picture-in-picture\" allowfullscreen><\/iframe><\/div>\r\n<h2>Ausnahmen II<\/h2>\r\nBei einigen Adjektiven ist die Ableitung des Abdverbs komplett unregelm\u00e4\u00dfig:\r\n<table class=\"table table-bordered table-sm\">\r\n<tbody>\r\n<tr class=\"table-danger\">\r\n<td colspan=\"2\">\r\n<b>Adverb Ausnahmen<\/b><\/td>\r\n<\/tr>\r\n<tr class=\"table-info\">\r\n<td>\r\n<b>good<\/b><\/td>\r\n<td>\r\n<b>well<\/b><\/td>\r\n<\/tr>\r\n<tr class=\"table-warning\">\r\n<td><b>late<\/b><\/td>\r\n<td><b><i>late (lately bedeutet &#8222;neulich&#8220;)<\/i><\/b><\/td>\r\n<\/tr>\r\n<tr class=\"table-success\">\r\n<td><b>hard<\/b><\/td>\r\n<td><b><i>hard (hardly bedeutet &#8222;kaum&#8220;)<\/i><\/b><\/td>\r\n<\/tr>\r\n<tr class=\"table-primary\">\r\n<td><b>fast<\/b><\/td>\r\n<td><b><i>fast<\/i><\/b><\/td>\r\n<\/tr>\r\n<\/tbody>\r\n<\/table>\r\nBezieht sich ein Adjektiv auf ein weiteres Eigenschaftswort, um dies n\u00e4her zu beschreiben, muss dieses ebenfalls ins Adverb gesetzt werden:\r\n\r\n<i class=\"text-danger\">extremely expensive\r\nimmensely boring\r\nwonderfully surprising\r\n<\/i>\r\n\r\n<h2>Verben der Geschmacks-, und Gef\u00fchlempfindungen<\/h2>\r\nAdjektive, die sich im Englischen auf die Geschmacks-, und Gef\u00fchlsempfindung des Satzgegenstandes beziehen, werden nicht ins Adverb gesetzt. Vorausgesetzt sie beziehen sich auf eine Eigenschaft des Subjekts.\r\n<b>zum Beispiel:<\/b>\r\n<i class=\"text-danger\">The flower smells good<\/i>. Eigentlich m\u00fcsste <i class=\"text-danger\">good<\/i> hier in der Form des Adverbs verwendet werden. Da es sich jedoch auf den Geruch, der Blume bezieht, die der Blume eigent\u00fcmlich ist, bleibt das Eigenschaftswort unver\u00e4ndert.\r\nAm Besten merkst du Dir folgende <b> Beispiele:<\/b> \r\n<i class=\"text-danger\">sounds good, feels good, smells good, looks good<\/i>\r\nBezieht sich das Adjektiv auf ein Verb der Gef\u00fchls-, und Sinneswahrnehmung, das nichts mit der Eigenschaft des Subjektes zu tun hat, muss es ins Adverb gesetzt werden.\r\n<b>zum Beispiel:<\/b>\r\n<i class=\"text-danger\">hear well, see badly, talk loudly<\/i>\r\n<table class=\"table table-bordered table-sm\">\r\n<tbody>\r\n<tr class=\"table-danger\">\r\n<th colspan=\"3\">Adjektive die sich auf ein Verb beziehen, das eine Eigenschaft beschreibt, bleiben unver\u00e4ndert:<\/th>\r\n<\/tr>\r\n<tr class=\"table-warning\">\r\n<td>to feel good.<\/td>\r\n<td><i class=\"fas fa-angle-double-right\" style=\"font-size:24px\"><\/i><\/td>\r\n<td>sich gut f\u00fchlen<\/td>\r\n<\/tr>\r\n<tr class=\"table-success\">\r\n<td> to look good<\/td>\r\n<td><i class=\"fas fa-angle-double-right\" style=\"font-size:24px\"><\/i><\/td>\r\n<td>gut aussehen<\/td>\r\n<\/tr>\r\n<tr class=\"table-info\">\r\n<td> to smell good<\/td>\r\n<td><i class=\"fas fa-angle-double-right\" style=\"font-size:24px\"><\/i><\/td>\r\n<td>gut riechen<\/td>\r\n<\/tr>\r\n<tr class=\"table-primary\">\r\n<td>to taste good<\/td>\r\n<td><i class=\"fas fa-angle-double-right\" style=\"font-size:24px\"><\/i><\/td>\r\n<td>gut schmecken<\/td>\r\n<\/tr>\r\n<tr class=\"table-warning\">\r\n<td>to sound good<\/td>\r\n<td><i class=\"fas fa-angle-double-right\" style=\"font-size:24px\"><\/i><\/td>\r\n<td>gut klingen<\/td>\r\n<\/tr>\r\n<tr class=\"table-success\">\r\n<td>to hold true<\/td>\r\n<td><i class=\"fas fa-angle-double-right\" style=\"font-size:24px\"><\/i><\/td>\r\n<td>wahr sein<\/td>\r\n<\/tr>\r\n<tr class=\"table-primary\">\r\n<td>to ring true<\/td>\r\n<td><i class=\"fas fa-angle-double-right\" style=\"font-size:24px\"><\/i><\/td>\r\n<td>wahr klingen<\/td>\r\n<\/tr>\r\n<tr class=\"table-danger\">\r\n<th colspan=\"3\">Bezieht sich das Adjektiv auf ein aktives Sehen, H\u00f6ren oder F\u00fchlen, muss es ins Adverb gesetzt werden.<\/th>\r\n<\/tr>\r\n<tr class=\"table-success\">\r\n<td>hear well<\/td>\r\n<td><i class=\"fas fa-angle-double-right\" style=\"font-size:24px\"><\/i><\/td>\r\n<td>gut h\u00f6ren<\/td>\r\n<\/tr>\r\n<tr class=\"table-info\">\r\n<td>taste quickly<\/td>\r\n<td><i class=\"fas fa-angle-double-right\" style=\"font-size:24px\"><\/i><\/td>\r\n<td>schnell probieren<\/td>\r\n<\/tr>\r\n<tr class=\"table-warning\">\r\n<td>see well<\/td>\r\n<td><i class=\"fas fa-angle-double-right\" style=\"font-size:24px\"><\/i><\/td>\r\n<td>gut sehen<\/td>\r\n<\/tr>\r\n<\/tbody>\r\n<\/table>\r\n<\/div>","protected":false},"excerpt":{"rendered":"Adjektiv &#8211; Abverb &#8211; \u00dcbungen und Erkl\u00e4rungen Adjektiv- Adverb &#8211; Unterschied &#8211; \u00dcbungen Adjektiv\/Adverb Unterschied Im Englischen werden Eigenschaftw\u00f6rter unerschiedlich verwendet, je nachdem, ob sie sich auf ein Hauptwort oder ein Zeitwort beziehen. Beziehen sie sich auf ein Zeitwort, m\u00fcssen sie ins Adverb gesetzt werden. zum Beispiel: I am experiencing an intense moment. Das Eigenschaftswort [&hellip;]","protected":false},"author":3,"featured_media":0,"parent":0,"menu_order":0,"comment_status":"closed","ping_status":"closed","template":"","meta":[],"_links":{"self":[{"href":"https:\/\/english-munich.de\/training\/wp-json\/wp\/v2\/pages\/2745"}],"collection":[{"href":"https:\/\/english-munich.de\/training\/wp-json\/wp\/v2\/pages"}],"about":[{"href":"https:\/\/english-munich.de\/training\/wp-json\/wp\/v2\/types\/page"}],"author":[{"embeddable":true,"href":"https:\/\/english-munich.de\/training\/wp-json\/wp\/v2\/users\/3"}],"replies":[{"embeddable":true,"href":"https:\/\/english-munich.de\/training\/wp-json\/wp\/v2\/comments?post=2745"}],"version-history":[{"count":27,"href":"https:\/\/english-munich.de\/training\/wp-json\/wp\/v2\/pages\/2745\/revisions"}],"predecessor-version":[{"id":7019,"href":"https:\/\/english-munich.de\/training\/wp-json\/wp\/v2\/pages\/2745\/revisions\/7019"}],"wp:attachment":[{"href":"https:\/\/english-munich.de\/training\/wp-json\/wp\/v2\/media?parent=2745"}],"curies":[{"name":"wp","href":"https:\/\/api.w.org\/{rel}","templated":true}]}}