{"id":2731,"date":"2020-06-09T09:33:35","date_gmt":"2020-06-09T09:33:35","guid":{"rendered":"https:\/\/english-munich.de\/training\/?page_id=2731"},"modified":"2024-09-04T05:15:46","modified_gmt":"2024-09-04T05:15:46","slug":"relativsatz-contact-clause-2","status":"publish","type":"page","link":"https:\/\/english-munich.de\/training\/relativsatz-contact-clause-2\/","title":{"rendered":"Relativsatz Contact Clause \u00dcbungen"},"content":{"rendered":"<div class=\"jumbotron text-center\">\r\n<h2>Relativsatz Contact Clause \u00dcbungen<\/h2>\r\n\u00dcbungen zum Relativsatz mit dem <a href=\"https:\/\/de.wikipedia.org\/wiki\/Relativpronomen\">Relativpronomen<\/a> als Objekt\r\n\r\n<\/div>\r\n<div class=\"bs-example\">\r\n<div id=\"accordionExample\" class=\"accordion\">\r\n<div class=\"card\">\r\n<div id=\"headingOne\" class=\"card-header\">\r\n<h2 class=\"number\"><button class=\"btn btn-link collapsed\" type=\"button\" data-toggle=\"collapse\" data-target=\"#collapseOne\">Beispiel<\/button><\/h2>\r\n<\/div>\r\n<div id=\"collapseOne\" class=\"collapse\" aria-labelledby=\"headingOne\" data-parent=\"#accordionExample\">\r\n<div class=\"card-body\">\r\n<div class=\"form-group\" style=\"width: 70%; margin: 10px;\"><label for=\"sel1\"><span class=\"number\">\u24ff<\/span>The baseball________I bought was signed\r\n<select id=\"beispiel\" class=\"form-control\">\r\n<option value=\"wrong\">who<\/option>\r\n<option value=\"correct\">kein Relativpronomen<\/option>\r\n<option value=\"wrong\">which<\/option>\r\n<\/select>\r\n\r\nDie richtige L\u00f6sung ist: <b>kein Relativpronomen<\/b>&nbsp;&nbsp;<button class=\"btn-lg btn-info\" type=\"button\" value=\"submit\" data-toggle=\"modal\" data-target=\"#myModal\">Tipp<\/button>\r\n\r\n<\/label><\/div>\r\n<\/div>\r\n<\/div>\r\n<\/div>\r\n<\/div>\r\n<br \/><br \/>\r\n<div class=\"container well\">\r\n<h4>\u2611\ufe0f W\u00e4hle das richtige Relativpronomen <b>who<\/b>, <b>which<\/b> oder <b>kein Relativpronomen<\/b>. Achte darauf, ob das Relativpronomen der Satzgegenstand oder die Satzerg\u00e4nzung des Satzes ist.<\/h4>\r\n\r\n<hr>\r\n\r\n<div class=\"container-fluid\">\r\n<div class=\"form-group\" style=\"width: 70%;\"><label for=\"sel1\"><span class=\"number\">\u2776<\/span>Charles is the man __________ eats too much ice-cream<\/label>\r\n<select id=\"q0\" class=\"form-control\"><option value=\"correct\"><\/option>\r\n<option value=\"wrong\">which<\/option>\r\n<option value=\"correct\">who<\/option>\r\n<option value=\"correct\">kein Relativpronomen<\/option>\r\n<\/select>\r\n<p id=\"correct0\" align=\"left\"><\/p>\r\n<a class=\"btn btn-success tipp0 hidden\" style=\"text-decoration: none, color:white;\" title=\"Charles is the man who...\" href=\"#0\" data-toggle=\"popover\" data-placement=\"top\" data-trigger=\"hover\" data-content=\"'Charles' ist eine Person, deswegen 'who'. Das Relativpronomen ist das Subjekt des Satzes, deswegen ist es notwendig.\">Tipp<\/a>\r\n\r\n<\/div>\r\n<div class=\"form-group\" style=\"width: 70%;\"><label for=\"sel1\"><span class=\"number\">\u2777<\/span>The car__________ I saw was a Ferrari.<\/label>\r\n<select id=\"q1\" class=\"form-control\"><option value=\"correct\"><\/option>\r\n<option value=\"wrong\">which<\/option>\r\n<option value=\"wrong\">who<\/option>\r\n<option value=\"correct\">kein Relativpronomen<\/option>\r\n<\/select>\r\n<p id=\"correct1\" align=\"left\"><\/p>\r\n<a class=\"btn btn-success tipp1 hidden\" style=\"text-decoration: none, color:white;\" title=\"The car I saw...\" href=\"#1\" data-toggle=\"popover\" data-placement=\"top\" data-trigger=\"hover\" data-content=\"'Car' ist nicht der Satzgegenstand des Satzes, deswegen kann das Relativpronomen weggelassen werden.\">Tipp<\/a>\r\n\r\n<\/div>\r\n<div class=\"form-group\" style=\"width: 70%;\"><label for=\"sel1\"><span class=\"number\">\u2778<\/span>She is a person __________ likes to drink apple juice<\/label>\r\n<select id=\"q2\" class=\"form-control\"><option value=\"correct\"><\/option>\r\n<option value=\"correct\">who<\/option>\r\n<option value=\"wrong\">which<\/option>\r\n<option value=\"wrong\">kein Relativpronomen<\/option>\r\n<\/select>\r\n<p id=\"correct2\" align=\"left\"><\/p>\r\n<a class=\"btn btn-success tipp2 hidden\" style=\"text-decoration: none, color:white;\" title=\"She is a person who...\" href=\"#2\" data-toggle=\"popover\" data-placement=\"top\" data-trigger=\"hover\" data-content=\"'She' ist eine Person, deswegen 'who'. Das Relativpronomen ist das Subjekt des Satzes, deswegen ist es notwendig.\">Tipp<\/a>\r\n\r\n<\/div>\r\n<div class=\"form-group\" style=\"width: 70%;\"><label for=\"sel1\"><span class=\"number\">\u2779<\/span>Was the woman __________ you met nice?<\/label>\r\n<select id=\"q3\" class=\"form-control\"><option value=\"correct\"><\/option>\r\n<option value=\"wrong\">who<\/option>\r\n<option value=\"wrong\">which<\/option>\r\n<option value=\"correct\">kein Relativpronomen<\/option>\r\n<\/select>\r\n<p id=\"correct3\" align=\"left\"><\/p>\r\n<a class=\"btn btn-success tipp3 hidden\" style=\"text-decoration: none, color:white;\" title=\"...the woman you met...\" href=\"#3\" data-toggle=\"popover\" data-placement=\"top\" data-trigger=\"hover\" data-content=\"'Woman' ist nicht der Satzgegenstand des Satzes, deswegen kann das Relativpronomen weggelassen werden.\">Tipp<\/a>\r\n\r\n<\/div>\r\n<div class=\"form-group\" style=\"width: 70%;\"><label for=\"sel1\"><span class=\"number\">\u277a<\/span>Cricket is a sport __________ is not very popular in Denmark.<\/label>\r\n<select id=\"q4\" class=\"form-control\"><option value=\"correct\"><\/option>\r\n<option value=\"wrong\">who<\/option>\r\n<option value=\"correct\">which<\/option>\r\n<option value=\"wrong\">kein Relativpronomen<\/option>\r\n<\/select>\r\n<p id=\"correct4\" align=\"left\"><\/p>\r\n<a class=\"btn btn-success tipp4 hidden\" style=\"text-decoration: none, color:white;\" title=\"Cricket is a sport which...\" href=\"#4\" data-toggle=\"popover\" data-placement=\"top\" data-trigger=\"hover\" data-content=\"'Cricket' ist keine Person, deswegen 'which'. Das Relativpronomen ist das Subjekt des Satzes, deswegen ist es notwendig.\">Tipp<\/a>\r\n\r\n<\/div>\r\n<div class=\"iframe-container\"><iframe loading=\"lazy\" width=\"560\" height=\"315\" src=\"https:\/\/www.youtube.com\/embed\/Pt7UGR01PrM?si=a6YHWgM5PFMJrJx-\" title=\"YouTube video player\" frameborder=\"0\" allow=\"accelerometer; autoplay; clipboard-write; encrypted-media; gyroscope; picture-in-picture; web-share\" referrerpolicy=\"strict-origin-when-cross-origin\" allowfullscreen><\/iframe><\/div>\r\n<div class=\"form-group\" style=\"width: 70%;\"><label for=\"sel1\"><span class=\"number\">\u277b<\/span>The wine__________ I tasted was no good.<\/label>\r\n<select id=\"q5\" class=\"form-control\"><option value=\"correct\"><\/option>\r\n<option value=\"wrong\">which<\/option>\r\n<option value=\"wrong\">who<\/option>\r\n<option value=\"correct\">kein Relativpronomen<\/option>\r\n<\/select>\r\n<p id=\"correct5\" align=\"left\"><\/p>\r\n<a class=\"btn btn-success tipp5 hidden\" style=\"text-decoration: none, color:white;\" title=\"The wine I tasted...\" href=\"#5\" data-toggle=\"popover\" data-placement=\"top\" data-trigger=\"hover\" data-content=\"'Wine' ist nicht der Satzgegenstand des Satzes, deswegen kann das Relativpronomen weggelassen werden.\">Tipp<\/a>\r\n\r\n<\/div>\r\n<div class=\"form-group\" style=\"width: 70%;\"><label for=\"sel1\"><span class=\"number\">\u277c<\/span> The player __________we traded was a great success .<\/label>\r\n<select id=\"q6\" class=\"form-control\"><option value=\"correct\"><\/option>\r\n<option value=\"wrong\">who<\/option>\r\n<option value=\"wrong\">which<\/option>\r\n<option value=\"correct\">kein Relativpronomen<\/option>\r\n<\/select>\r\n<p id=\"correct6\" align=\"left\"><\/p>\r\n<a class=\"btn btn-success tipp6 hidden\" style=\"text-decoration: none, color:white;\" title=\"The player we traded...\" href=\"#6\" data-toggle=\"popover\" data-placement=\"top\" data-trigger=\"hover\" data-content=\"'Player' ist nicht der Satzgegenstand des Satzes, deswegen kann das Relativpronomen weggelassen werden.\">Tipp<\/a>\r\n\r\n<\/div>\r\n<div class=\"form-group\" style=\"width: 70%;\"><label for=\"sel1\"><span class=\"number\">\u277d<\/span> I want a cat __________ likes to cuddle.<\/label>\r\n<select id=\"q7\" class=\"form-control\"><option value=\"correct\"><\/option>\r\n<option value=\"wrong\">who<\/option>\r\n<option value=\"correct\">which<\/option>\r\n<option value=\"wrong\">kein Relativpronomen<\/option>\r\n<\/select>\r\n<p id=\"correct7\" align=\"left\"><\/p>\r\n<a class=\"btn btn-success tipp7 hidden\" style=\"text-decoration: none, color:white;\" title=\"I like a cat which...\" href=\"#7\" data-toggle=\"popover\" data-placement=\"top\" data-trigger=\"hover\" data-content=\"'Cat' ist keine Person, deswegen 'which'. Das Relativpronomen ist das Subjekt des Satzes, deswegen ist es notwendig.\">Tipp<\/a>\r\n\r\n<\/div>\r\n<div class=\"form-group\" style=\"width: 70%;\"><label for=\"sel1\"><span class=\"number\">\u277e<\/span> The hamburgers __________ you grilled were very tasty?<\/label>\r\n<select id=\"q8\" class=\"form-control\"><option value=\"correct\"><\/option>\r\n<option value=\"wrong\">which<\/option>\r\n<option value=\"wrong\">who<\/option>\r\n<option value=\"correct\">kein Relativpronomen<\/option>\r\n<\/select>\r\n<p id=\"correct8\" align=\"left\"><\/p>\r\n<a class=\"btn btn-success tipp8 hidden\" style=\"text-decoration: none, color:white;\" title=\"The hamburgers you grilled...\" href=\"#8\" data-toggle=\"popover\" data-placement=\"top\" data-trigger=\"hover\" data-content=\"'The hamburger' ist nicht der Satzgegenstand des Satzes, deswegen kann das Relativpronomen weggelassen werden.\">Tipp<\/a>\r\n\r\n<\/div>\r\n<div class=\"form-group\" style=\"width: 70%;\"><label for=\"sel1\"><span class=\"number\">\u277f<\/span> John is the type of guy ________loves his freedom.<\/label>\r\n<select id=\"q9\" class=\"form-control\"><option value=\"correct\"><\/option>\r\n<option value=\"correct\">who<\/option>\r\n<option value=\"wrong\">which<\/option>\r\n<option value=\"correct\">kein Relativpronomen<\/option>\r\n<\/select>\r\n<p id=\"correct9\" align=\"left\"><\/p>\r\n<a class=\"btn btn-success tipp9 hidden\" style=\"text-decoration: none, color:white;\" title=\"...the type of guy who...\" href=\"#9\" data-toggle=\"popover\" data-placement=\"top\" data-trigger=\"hover\" data-content=\"'John' ist eine Person, deswegen 'who'.Das Relativpronomen ist das Subjekt des Satzes, deswegen ist es notwendig.\">Tipp<\/a>\r\n\r\n<\/div>\r\n<\/div>\r\n<div class=\"container\">\r\n\r\n<!-- The Modal -->\r\n<div id=\"myModal\" class=\"modal\">\r\n<div class=\"modal-dialog\">\r\n<div class=\"modal-content\">\r\n\r\n<!-- Modal Header -->\r\n<div class=\"modal-header\">\r\n<h4 class=\"modal-title\">Relativs\u00e4tze<\/h4>\r\n<button class=\"close\" type=\"button\" data-dismiss=\"modal\">\u00d7<\/button>\r\n\r\n<\/div>\r\n<!-- Modal body -->\r\n<div class=\"modal-body\">\r\n<h2>Relativs\u00e4tze<\/h2>\r\n\u00dcbersicht \u00fcber Relativs\u00e4tze\r\n<table class=\"table table-bordered table-sm\">\r\n<tbody>\r\n<tr class=\"table-danger\">\r\n<td>He is a tall man.<\/td>\r\n<td>He<\/td>\r\n<td>drinks lemonade .<\/td>\r\n<\/tr>\r\n<tr class=\"table-warning\">\r\n<td><\/td>\r\n<td><i class=\"fas fa-angle-double-down\" style=\"font-size:24px\"><\/i><\/td>\r\n<td><\/td>\r\n<\/tr>\r\n<tr class=\"table-success\">\r\n<td>The man<\/td>\r\n<td>who<\/td>\r\n<td>drinks lemonade is tall.<\/td>\r\n<\/tr>\r\n<\/tbody>\r\n<tbody>\r\n<tr class=\"table-danger\">\r\n<td>It is a beautiful flower.<\/td>\r\n<td>It<\/td>\r\n<td>is green .<\/td>\r\n<\/tr>\r\n<tr class=\"table-warning\">\r\n<td><\/td>\r\n<td><i class=\"fas fa-angle-double-down\" style=\"font-size:24px\"><\/i><\/td>\r\n<td><\/td>\r\n<\/tr>\r\n<tr class=\"table-success\">\r\n<td>The flower<\/td>\r\n<td>which<\/td>\r\n<td>is beautiful is green.<\/td>\r\n<\/tr>\r\n<\/tbody>\r\n<\/table>\r\n<h2>Relativs\u00e4tze \/ Contact Clause<\/h2>\r\nBei der Contact Clause kann das Relativpronomen weggelassen werden, wenn das Relativpronomen nicht der Satzgegenstand ist:\r\n<table class=\"table table-bordered table-sm\">\r\n<tbody>\r\n<tr class=\"table-danger\">\r\n<td>There was a very tall man. I saw<\/td>\r\n<td>him<\/td>\r\n<td>on the street. He was strange.<\/td>\r\n<\/tr>\r\n<tr class=\"table-warning\">\r\n<td><\/td>\r\n<td><i class=\"fas fa-angle-double-down\" style=\"font-size:24px\"><\/i><\/td>\r\n<td><\/td>\r\n<\/tr>\r\n<tr class=\"table-success\">\r\n<td>The very tall man<\/td>\r\n<td>(who)<\/td>\r\n<td>I saw in the street was strange.<\/td>\r\n<\/tr>\r\n<tr class=\"table-danger\">\r\n<td>It&#8217;s a vintage book. I bought<\/td>\r\n<td>it<\/td>\r\n<td>on the internet. It&#8217;s great<\/td>\r\n<\/tr>\r\n<tr class=\"table-warning\">\r\n<td><\/td>\r\n<td><i class=\"fas fa-angle-double-down\" style=\"font-size:24px\"><\/i><\/td>\r\n<td><\/td>\r\n<\/tr>\r\n<tr class=\"table-success\">\r\n<td>The book<\/td>\r\n<td>(which)<\/td>\r\n<td>I bought on the internet is great<\/td>\r\n<\/tr>\r\n<\/tbody>\r\n<\/table>\r\n<\/div>\r\n<!-- Modal footer -->\r\n<div class=\"modal-footer\"><button class=\"btn btn-danger\" type=\"button\" data-dismiss=\"modal\">Close<\/button><\/div>\r\n<\/div>\r\n<\/div>\r\n<\/div>\r\n<\/div>\r\n<\/div>\r\n\r\n<hr>\r\n\r\n<div class=\"container\"><button id=\"submitButton\" class=\"btn-lg btn-primary \" type=\"submit\" value=\"submit\">Pr\u00fcfen<\/button><button id=\"resetButton\" class=\"btn-lg btn-success\" type=\"submit\" onclick=\"refreshPage()\">Neustart<\/button><button id=\"submitButton\" class=\"btn-lg btn-info\" type=\"submit\" value=\"submit\" data-toggle=\"modal\" data-target=\"#myModal2\">Tipp<\/button><\/div>\r\n\r\n<hr>\r\n\r\n\r\n<p id=\"result\"><\/p>\r\n<p id=\"result2\"><\/p>\r\n<h3>Relativsatz Contact Clause \u00dcbungen<\/h3>\r\n<hr>\r\n<div id=\"bellows-main-32\" class=\"bellows bellows-nojs bellows-main bellows-source-menu bellows-align-full bellows-skin-vanilla bellows-type-\"><ul id=\"menu-relativsatze\" class=\"bellows-nav\" data-bellows-config=\"main\"><li id=\"menu-item-4367\" class=\"bellows-menu-item bellows-menu-item-type-post_type bellows-menu-item-object-page bellows-menu-item-4367 bellows-item-level-0\"><a  href=\"https:\/\/english-munich.de\/training\/relativsatze\/\" class=\"bellows-target\"><span class=\"bellows-target-title bellows-target-text\">\u270d\ufe0fRelativs\u00e4tze<\/span><\/a><\/li>\n<li id=\"menu-item-4369\" class=\"bellows-menu-item bellows-menu-item-type-post_type bellows-menu-item-object-page bellows-menu-item-4369 bellows-item-level-0\"><a  href=\"https:\/\/english-munich.de\/training\/relativpronomen\/\" class=\"bellows-target\"><span class=\"bellows-target-title bellows-target-text\">\u2611\ufe0fRelativsatz<\/span><\/a><\/li>\n<li id=\"menu-item-4365\" class=\"bellows-menu-item bellows-menu-item-type-post_type bellows-menu-item-object-page bellows-menu-item-4365 bellows-item-level-0\"><a  href=\"https:\/\/english-munich.de\/training\/relativsatz-contact-clause\/\" class=\"bellows-target\"><span class=\"bellows-target-title bellows-target-text\">\u270d\ufe0fRelativsatz \/ Contact Clause<\/span><\/a><\/li>\n<li id=\"menu-item-4366\" class=\"bellows-menu-item bellows-menu-item-type-post_type bellows-menu-item-object-page bellows-menu-item-4366 bellows-item-level-0\"><a  href=\"https:\/\/english-munich.de\/training\/relativsatz-contact-clause-2\/\" class=\"bellows-target\"><span class=\"bellows-target-title bellows-target-text\">\u2611\ufe0fRelativsatz \/ Contact Clause<\/span><\/a><\/li>\n<li id=\"menu-item-4592\" class=\"bellows-menu-item bellows-menu-item-type-post_type bellows-menu-item-object-page bellows-menu-item-4592 bellows-item-level-0\"><a  href=\"https:\/\/english-munich.de\/training\/relativsatz-who-which-whom-whose\/\" class=\"bellows-target\"><span class=\"bellows-target-title bellows-target-text\">\u270d\ufe0f  who, which, whom, whose<\/span><\/a><\/li>\n<\/ul><\/div>\r\n<\/div>\r\n<!-- The Modal -->\r\n<div id=\"myModal2\" class=\"modal\">\r\n<div class=\"modal-dialog\">\r\n<div class=\"modal-content\">\r\n\r\n<!-- Modal Header -->\r\n<div class=\"modal-header\">\r\n<h4 class=\"modal-title\">Relativsatz Contact Clause \u00dcbungen<\/h4><br \/>\r\nIst das Relativpronomen nicht der Satzgegenstand (Subjekt), also wenn es als Objekt im Satz steht, kann es wegggelassen werden.<br \/>\r\n\r\n<button class=\"close\" type=\"button\" data-dismiss=\"modal\">\u00d7<\/button>\r\n\r\n<\/div>\r\n<!-- Modal body -->\r\n<div class=\"modal-body\">\r\n<img decoding=\"async\" src=\"https:\/\/english-munich.de\/training\/wp-content\/uploads\/2022\/04\/contact-clause.jpg\" title=\"relativsatz-contact-clause-\u00fcbungen alt=\"relativsatz-contact-clause-\u00fcbungen\"\/>\r\n<\/div>\r\n<!-- Modal footer -->\r\n<div class=\"modal-footer\"><button class=\"btn btn-danger\" type=\"button\" data-dismiss=\"modal\">Close<\/button><\/div>\r\n<\/div>\r\n<\/div>\r\n<\/div>","protected":false},"excerpt":{"rendered":"Relativsatz Contact Clause \u00dcbungen \u00dcbungen zum Relativsatz mit dem Relativpronomen als Objekt Beispiel \u24ffThe baseball________I bought was signed who kein Relativpronomen which Die richtige L\u00f6sung ist: kein Relativpronomen&nbsp;&nbsp;Tipp \u2611\ufe0f W\u00e4hle das richtige Relativpronomen who, which oder kein Relativpronomen. Achte darauf, ob das Relativpronomen der Satzgegenstand oder die Satzerg\u00e4nzung des Satzes ist. \u2776Charles is the man [&hellip;]","protected":false},"author":3,"featured_media":0,"parent":0,"menu_order":0,"comment_status":"closed","ping_status":"closed","template":"","meta":[],"_links":{"self":[{"href":"https:\/\/english-munich.de\/training\/wp-json\/wp\/v2\/pages\/2731"}],"collection":[{"href":"https:\/\/english-munich.de\/training\/wp-json\/wp\/v2\/pages"}],"about":[{"href":"https:\/\/english-munich.de\/training\/wp-json\/wp\/v2\/types\/page"}],"author":[{"embeddable":true,"href":"https:\/\/english-munich.de\/training\/wp-json\/wp\/v2\/users\/3"}],"replies":[{"embeddable":true,"href":"https:\/\/english-munich.de\/training\/wp-json\/wp\/v2\/comments?post=2731"}],"version-history":[{"count":18,"href":"https:\/\/english-munich.de\/training\/wp-json\/wp\/v2\/pages\/2731\/revisions"}],"predecessor-version":[{"id":12005,"href":"https:\/\/english-munich.de\/training\/wp-json\/wp\/v2\/pages\/2731\/revisions\/12005"}],"wp:attachment":[{"href":"https:\/\/english-munich.de\/training\/wp-json\/wp\/v2\/media?parent=2731"}],"curies":[{"name":"wp","href":"https:\/\/api.w.org\/{rel}","templated":true}]}}