{"id":2702,"date":"2020-06-08T19:20:07","date_gmt":"2020-06-08T19:20:07","guid":{"rendered":"https:\/\/english-munich.de\/training\/?page_id=2702"},"modified":"2022-05-12T05:13:52","modified_gmt":"2022-05-12T05:13:52","slug":"relativsatz-contact-clause","status":"publish","type":"page","link":"https:\/\/english-munich.de\/training\/relativsatz-contact-clause\/","title":{"rendered":"Relativsatz Contact Clause"},"content":{"rendered":"<div class=\"jumbotron text-center\">\r\n<h2>Relativpronomen \/ Contact Clause<\/h2>\r\nRelativsatz Contact Clause &#8211; <a href=\"https:\/\/de.wikipedia.org\/wiki\/Relativpronomen\">Relativpronomen<\/a> ersetzt das Objekt\r\n\r\n<\/div>\r\n<div class=\"bs-example\">\r\n<div class=\"accordion\" id=\"accordionExample\">\r\n<div class=\"card\">\r\n<div class=\"card-header\" id=\"headingOne\">\r\n<h2 class=\"mb-0\" style=\"color:#000\">\r\n                    <button type=\"button\" class=\"btn btn-link collapsed\" data-toggle=\"collapse\" data-target=\"#collapseOne\">Beispiel<\/button><\/h2>\r\n<\/div>\r\n<div id=\"collapseOne\" class=\"collapse\" aria-labelledby=\"headingOne\" data-parent=\"#accordionExample\">\r\n<div class=\"card-body\">\r\n<div class=\"form-inline\">\r\n<div>\r\n<b><span class=\"number\">\u24ff<\/span><\/b>The song<input type=\"text\" class=\"form-control\" id=\"panel-beispiel\" disabled=\"true\" value=\"x\"> I heard on the radio was great\r\n<\/div><div>\r\nDie richtige L\u00f6sung ist: <b>kein Relativpronomen<\/b>&nbsp;&nbsp;<button class=\"btn-lg btn-info\" type=\"button\" data-toggle=\"modal\" data-target=\"#myModal\">Tipp<\/button>\r\n<\/div>\r\n<\/div>\r\n<\/div>\r\n<\/div>\r\n<\/div>\r\n<\/div>\r\n<br \/><br \/>\r\n<div class=\"container well\">\r\n<h4>\u270d\ufe0f F\u00fclle die richtigen Relativpronomen in die L\u00fccke (<b>who<\/b> f\u00fcr Personen, <b>which<\/b> f\u00fcr Dinge). Wenn Du das Relativpronomen <b>weglassen<\/b> kannst, f\u00fclle ein <b> x <\/b> ein:<\/h4>\r\n\r\n<hr>\r\n\r\n<br \/>\r\n<div class=\"container\">\r\n<b><span class=\"number\">\u2776<\/span><\/b>We have a car, <input type=\"text\" class=\"form-control\" id=\"q0\" autocomplete=\"off\"> doesn&#8217;t always start.\r\n<div class=\"row\">\r\n<div>\r\n<p id=\"correct0\" align=\"left\"><\/p>\r\n\r\n<\/div>\r\n<div>\r\n<a button=\"\" class=\"btn btn-success tipp0 hidden\" href=\"#1\" title=\"...a car, which...\" data-toggle=\"popover\" data-placement=\"top\" data-trigger=\"hover\" style=\"text-decoration: none; color:white;\" data-content=\"'Car' ist keine Person, deswegen 'which'. Das Relativpronomen ist das Subjekt des Satzes, deswegen kannst Du es nicht weglassen! \">Tipp<\/a><\/div>\r\n<\/div>\r\n<b><span class=\"number\">\u2777<\/span><\/b>The coffee <input type=\"text\" class=\"form-control\" id=\"q1\" autocomplete=\"off\"> I bought in Honduras is great.\r\n<div class=\"row\">\r\n<div>\r\n<p id=\"correct1\" align=\"left\"><\/p>\r\n\r\n<\/div>\r\n<div>\r\n<a button=\"\" class=\"btn btn-success tipp1 hidden\" href=\"#2\" title=\"...coffee I bought...\" data-toggle=\"popover\" data-placement=\"top\" data-trigger=\"hover\" style=\"text-decoration: none; color:white;\" data-content=\"'Coffee' ist nicht das Subjekt des Satzes, deswegen kannst Du es weglassen!\">Tipp<\/a><\/div>\r\n<\/div>\r\n<b><span class=\"number\">\u2778<\/span><\/b>The movie <input type=\"text\" class=\"form-control\" id=\"q2\" autocomplete=\"off\"> we saw yesterday was very boring.\r\n<div class=\"row\">\r\n<div>\r\n<p id=\"correct2\" align=\"left\"><\/p>\r\n\r\n<\/div>\r\n<div>\r\n<a button=\"\" class=\"btn btn-success tipp2 hidden\" align=\"left\" aria-hidden=\"true\" href=\"#3\" title=\"The movie we saw...\" data-toggle=\"popover\" data-placement=\"top\" data-trigger=\"hover\" style=\"text-decoration: none, color:white\" data-content=\"'Movie' ist nicht das Subjekt des Satzes, deswegen kannst Du es weglassen!\">Tipp<\/a><\/div>\r\n<\/div>\r\n<span class=\"number\">\u2779<\/span>My boss is the person <input type=\"text\" class=\"form-control\" id=\"q3\" autocomplete=\"off\"> you could call difficult.\r\n<div class=\"row\">\r\n<div>\r\n<p id=\"correct3\" align=\"left\"><\/p>\r\n\r\n<\/div>\r\n<div>\r\n<a button=\"\" class=\"btn btn-success tipp3 hidden\" aria-hidden=\"true\" href=\"#4\" title=\"...you could call difficult...\" data-toggle=\"popover\" data-placement=\"top\" data-trigger=\"hover\" style=\"text-decoration: none, color:white\" data-content=\"Das Relativpronomen ist nicht das Subjekt des Satzes, deswegen kannst Du es weglassen!\">Tipp<\/a><\/div>\r\n<\/div>\r\n<b><span class=\"number\">\u277a<\/span><\/b>I like to call her the girl <input type=\"text\" class=\"form-control\" id=\"q4\" autocomplete=\"off\"> knows what&#8217;s going on.\r\n<div class=\"row\">\r\n<div>\r\n<p id=\"correct4\" align=\"left\"><\/p>\r\n\r\n<\/div>\r\n<div>\r\n<a button=\"\" class=\"btn btn-success tipp4 hidden\" aria-hidden=\"true\" href=\"#5\" title=\"...the girl who knows...\" data-toggle=\"popover\" data-placement=\"top\" data-trigger=\"hover\" style=\"text-decoration: none, color:white\" data-content=\"'The girl' ist eine Person, deswegen 'who'. Das Relativpronomen ist das Subjekt des Satzes, deswegen kannst Du es nicht weglassen! \">Tipp<\/a><\/div>\r\n<\/div>\r\n<b><span class=\"number\">\u277b<\/span><\/b>You won&#8217;t believe it, but I love beer <input type=\"text\" class=\"form-control\" id=\"q5\" autocomplete=\"off\"> is warm.\r\n<div class=\"row\">\r\n<div>\r\n<p id=\"correct5\" align=\"left\"><\/p>\r\n\r\n<\/div>\r\n<div>\r\n<a button=\"\" class=\"btn btn-success tipp5 hidden\" aria-hidden=\"true\" href=\"#6\" title=\"...beer which...\" data-toggle=\"popover\" data-placement=\"top\" data-trigger=\"hover\" style=\"text-decoration: none, color:white\" data-content=\"'Beer' ist ein Gegenstand, deswegen 'which'. Das Relativpronomen ist das Subjekt des Satzes, deswegen kannst Du es nicht weglassen!\">Tipp<\/a><\/div>\r\n<\/div>\r\n<b><span class=\"number\">\u277c<\/span><\/b>The idea  <input type=\"text\" class=\"form-control\" id=\"q6\" autocomplete=\"off\"> I had was really exciting.\r\n<div class=\"row\">\r\n<div>\r\n<p id=\"correct6\" align=\"left\"><\/p>\r\n\r\n<\/div>\r\n<div>\r\n<a button=\"\" class=\"btn btn-success tipp6 hidden\" aria-hidden=\"true\" href=\"#7\" title=\"...someone who...\" data-toggle=\"popover\" data-placement=\"top\" data-trigger=\"hover\" style=\"text-decoration: none, color:white\" data-content=\"Das Relativpronomen ist nicht das Subjekt des Satzes, deswegen kannst Du es weglassen!\">Tipp<\/a><\/div>\r\n<\/div>\r\n<b><span class=\"number\">\u277d<\/span><\/b>The lemonade <input type=\"text\" class=\"form-control\" id=\"q7\" autocomplete=\"off\"> we make is vegan.\r\n<div class=\"row\">\r\n<div>\r\n<p id=\"correct7\" align=\"left\"><\/p>\r\n\r\n<\/div>\r\n<div>\r\n<a button=\"\" class=\"btn btn-success tipp7 hidden\" href=\"#8\" title=\"...The lemonade we make...\" data-toggle=\"popover\" data-placement=\"top\" data-trigger=\"hover\" style=\"text-decoration: none, color:white\" data-content=\"Das Relativpronomen ist nicht das Subjekt des Satzes, deswegen kannst Du es weglassen!\">Tipp<\/a><\/div>\r\n<\/div>\r\n<b><span class=\"number\">\u277e<\/span><\/b> She said: I want a man <input type=\"text\" class=\"form-control\" id=\"q8\" autocomplete=\"off\"> can dance.\r\n<div class=\"row\">\r\n<div>\r\n<p id=\"correct8\" align=\"left\"><\/p>\r\n\r\n<\/div>\r\n<div>\r\n<a button=\"\" class=\"btn btn-success tipp8 hidden\" href=\"#9\" title=\"...a man who...\" data-toggle=\"popover\" data-placement=\"top\" data-trigger=\"hover\" style=\"text-decoration: none, color:white\" data-content=\"'Man' ist eine Person, deswegen 'who'. Das Relativpronomen ist das Subjekt des Satzes, deswegen kannst Du es nicht weglassen!\">Tipp<\/a><\/div>\r\n<\/div>\r\n<b><span class=\"number\">\u277f<\/span><\/b>The book <input type=\"text\" class=\"form-control\" id=\"q9\" autocomplete=\"off\"> I read on vacation was very thrilling.\r\n<div class=\"row\">\r\n<div>\r\n<p id=\"correct9\" align=\"left\"><\/p>\r\n\r\n<\/div>\r\n<div>\r\n<a button=\"\" class=\"btn btn-success tipp9 hidden\" href=\"#10\" title=\"...the book I read...\" data-toggle=\"popover\" data-placement=\"top\" data-trigger=\"hover\" style=\"text-decoration: none, color:white\" data-content=\"Das Relativpronomen ist nicht das Subjekt des Satzes, deswegen kannst Du es weglassen!\">Tipp<\/a><\/div>\r\n<\/div>\r\n<!-- The Modal -->\r\n<div id=\"myModal\" class=\"modal fade\">\r\n<div class=\"modal-dialog\">\r\n<div class=\"modal-content\">\r\n\r\n<!-- Modal Header -->\r\n<div class=\"modal-header\">\r\n<h4 class=\"modal-title\">Relativsatz Contact Clause<\/h4>\r\n<button class=\"close\" type=\"button\" data-dismiss=\"modal\">\u00d7<\/button>\r\n\r\n<\/div>\r\n<!-- Modal body -->\r\n<div class=\"modal-body\">\r\n<h2>Relativs\u00e4tze<\/h2>\r\n\u00dcbersicht \u00fcber Relativs\u00e4tze\r\n<table class=\"table table-bordered table-sm\">\r\n<tbody>\r\n<tr class=\"table-danger\">\r\n<td>He is a tall man.<\/td>\r\n<td>He<\/td>\r\n<td>drinks lemonade .<\/td>\r\n<\/tr>\r\n<tr class=\"table-warning\">\r\n<td><\/td>\r\n<td><i class=\"fas fa-angle-double-down\" style=\"font-size:24px\"><\/i><\/td>\r\n<td><\/td>\r\n<\/tr>\r\n<tr class=\"table-success\">\r\n<td>The man<\/td>\r\n<td>who<\/td>\r\n<td>drinks lemonade is tall.<\/td>\r\n<\/tr>\r\n<\/tbody>\r\n<tbody>\r\n<tr class=\"table-danger\">\r\n<td>It is a beautiful flower.<\/td>\r\n<td>It<\/td>\r\n<td>is green .<\/td>\r\n<\/tr>\r\n<tr class=\"table-warning\">\r\n<td><\/td>\r\n<td><i class=\"fas fa-angle-double-down\" style=\"font-size:24px\"><\/i><\/td>\r\n<td><\/td>\r\n<\/tr>\r\n<tr class=\"table-success\">\r\n<td>The flower<\/td>\r\n<td>which<\/td>\r\n<td>is beautiful is green.<\/td>\r\n<\/tr>\r\n<\/tbody>\r\n<\/table>\r\n<h2>Relativs\u00e4tze Contact Clause<\/h2>\r\nBei der Contact Clause kann das Relativpronomen weggelassen werden, wenn es nicht der Satzgegenstand ist:\r\n<table class=\"table table-bordered table-sm\">\r\n<tbody>\r\n<tr class=\"table-danger\">\r\n<td>There was a very tall man. I saw<\/td>\r\n<td>him<\/td>\r\n<td>on the street. He was strange.<\/td>\r\n<\/tr>\r\n<tr class=\"table-warning\">\r\n<td><\/td>\r\n<td><i class=\"fas fa-angle-double-down\" style=\"font-size:24px\"><\/i><\/td>\r\n<td><\/td>\r\n<\/tr>\r\n<tr class=\"table-success\">\r\n<td>The very tall man<\/td>\r\n<td>(who)<\/td>\r\n<td>I saw in the street was strange.<\/td>\r\n<\/tr>\r\n<tr class=\"table-danger\">\r\n<td>It&#8217;s a vintage book. I bought<\/td>\r\n<td>it<\/td>\r\n<td>on the internet. It&#8217;s great<\/td>\r\n<\/tr>\r\n<tr class=\"table-warning\">\r\n<td><\/td>\r\n<td><i class=\"fas fa-angle-double-down\" style=\"font-size:24px\"><\/i><\/td>\r\n<td><\/td>\r\n<\/tr>\r\n<tr class=\"table-success\">\r\n<td>The book<\/td>\r\n<td>(which)<\/td>\r\n<td>I bought on the internet is great<\/td>\r\n<\/tr>\r\n<\/tbody>\r\n<\/table><br \/>\r\nIst das Relativpronomen im Akkusativ kann es im Englischen weggelassen werden. Das hei\u00dft, wenn das Relativpronomen nicht der ausf\u00fchrende Teil des Satzes ist, brauchst Du es nicht zu erw\u00e4hnen. Wenn Du es trotzdem einf\u00fcgst ist es grammatikalisch nicht falsch. Trotzdem wird Dein Lehrer in der Schulaufgabe von Dir verlangen das Relativpronomen bei der Contact Clause au\u00dfen vor zu lassen. Au\u00dferdem tendieren Sprachen dazu sich so kurz wie m\u00f6glich auszudr\u00fccken.\r\n<\/div>\r\n<!-- Modal footer -->\r\n<div class=\"modal-footer\"><button class=\"btn btn-danger\" type=\"button\" data-dismiss=\"modal\">Close<\/button><\/div>\r\n<\/div>\r\n<\/div>\r\n<\/div>\r\n\r\n<\/div>\r\n<\/div>\r\n<div class=\"container\">\r\n\r\n<hr>\r\n\r\n<button id=\"submitButton\" class=\"btn-lg btn-primary \" type=\"submit\" value=\"submit\">Pr\u00fcfen<\/button><button id=\"resetButton\" class=\"btn-lg btn-success\" type=\"submit\" onclick=\"refreshPage()\">Neustart<\/button><button id=\"submitButton\" class=\"btn-lg btn-info\" type=\"button\" value=\"submit\" data-toggle=\"modal\" data-target=\"#myModal\">Tipp<\/button>\r\n\r\n<hr>\r\n\r\n\r\n<p id=\"result\"><\/p>\r\n<p id=\"result2\"><\/p>\r\n<h2>Relativs\u00e4tze \u00dcbungen<\/h2>\r\n<hr>\r\n<div id=\"bellows-main-32\" class=\"bellows bellows-nojs bellows-main bellows-source-menu bellows-align-full bellows-skin-vanilla bellows-type-\"><ul id=\"menu-relativsatze\" class=\"bellows-nav\" data-bellows-config=\"main\"><li id=\"menu-item-4367\" class=\"bellows-menu-item bellows-menu-item-type-post_type bellows-menu-item-object-page bellows-menu-item-4367 bellows-item-level-0\"><a  href=\"https:\/\/english-munich.de\/training\/relativsatze\/\" class=\"bellows-target\"><span class=\"bellows-target-title bellows-target-text\">\u270d\ufe0fRelativs\u00e4tze<\/span><\/a><\/li>\n<li id=\"menu-item-4369\" class=\"bellows-menu-item bellows-menu-item-type-post_type bellows-menu-item-object-page bellows-menu-item-4369 bellows-item-level-0\"><a  href=\"https:\/\/english-munich.de\/training\/relativpronomen\/\" class=\"bellows-target\"><span class=\"bellows-target-title bellows-target-text\">\u2611\ufe0fRelativsatz<\/span><\/a><\/li>\n<li id=\"menu-item-4365\" class=\"bellows-menu-item bellows-menu-item-type-post_type bellows-menu-item-object-page bellows-menu-item-4365 bellows-item-level-0\"><a  href=\"https:\/\/english-munich.de\/training\/relativsatz-contact-clause\/\" class=\"bellows-target\"><span class=\"bellows-target-title bellows-target-text\">\u270d\ufe0fRelativsatz \/ Contact Clause<\/span><\/a><\/li>\n<li id=\"menu-item-4366\" class=\"bellows-menu-item bellows-menu-item-type-post_type bellows-menu-item-object-page bellows-menu-item-4366 bellows-item-level-0\"><a  href=\"https:\/\/english-munich.de\/training\/relativsatz-contact-clause-2\/\" class=\"bellows-target\"><span class=\"bellows-target-title bellows-target-text\">\u2611\ufe0fRelativsatz \/ Contact Clause<\/span><\/a><\/li>\n<li id=\"menu-item-4592\" class=\"bellows-menu-item bellows-menu-item-type-post_type bellows-menu-item-object-page bellows-menu-item-4592 bellows-item-level-0\"><a  href=\"https:\/\/english-munich.de\/training\/relativsatz-who-which-whom-whose\/\" class=\"bellows-target\"><span class=\"bellows-target-title bellows-target-text\">\u270d\ufe0f  who, which, whom, whose<\/span><\/a><\/li>\n<\/ul><\/div>\r\n<\/div>\r\n","protected":false},"excerpt":{"rendered":"Relativpronomen \/ Contact Clause Relativsatz Contact Clause &#8211; Relativpronomen ersetzt das Objekt Beispiel \u24ffThe song I heard on the radio was great Die richtige L\u00f6sung ist: kein Relativpronomen&nbsp;&nbsp;Tipp \u270d\ufe0f F\u00fclle die richtigen Relativpronomen in die L\u00fccke (who f\u00fcr Personen, which f\u00fcr Dinge). Wenn Du das Relativpronomen weglassen kannst, f\u00fclle ein x ein: \u2776We have a [&hellip;]","protected":false},"author":3,"featured_media":0,"parent":0,"menu_order":0,"comment_status":"closed","ping_status":"closed","template":"","meta":[],"_links":{"self":[{"href":"https:\/\/english-munich.de\/training\/wp-json\/wp\/v2\/pages\/2702"}],"collection":[{"href":"https:\/\/english-munich.de\/training\/wp-json\/wp\/v2\/pages"}],"about":[{"href":"https:\/\/english-munich.de\/training\/wp-json\/wp\/v2\/types\/page"}],"author":[{"embeddable":true,"href":"https:\/\/english-munich.de\/training\/wp-json\/wp\/v2\/users\/3"}],"replies":[{"embeddable":true,"href":"https:\/\/english-munich.de\/training\/wp-json\/wp\/v2\/comments?post=2702"}],"version-history":[{"count":27,"href":"https:\/\/english-munich.de\/training\/wp-json\/wp\/v2\/pages\/2702\/revisions"}],"predecessor-version":[{"id":11391,"href":"https:\/\/english-munich.de\/training\/wp-json\/wp\/v2\/pages\/2702\/revisions\/11391"}],"wp:attachment":[{"href":"https:\/\/english-munich.de\/training\/wp-json\/wp\/v2\/media?parent=2702"}],"curies":[{"name":"wp","href":"https:\/\/api.w.org\/{rel}","templated":true}]}}