{"id":2691,"date":"2020-06-08T06:36:38","date_gmt":"2020-06-08T06:36:38","guid":{"rendered":"https:\/\/english-munich.de\/training\/?page_id=2691"},"modified":"2021-05-05T11:30:53","modified_gmt":"2021-05-05T11:30:53","slug":"relativsatze","status":"publish","type":"page","link":"https:\/\/english-munich.de\/training\/relativsatze\/","title":{"rendered":"Relativs\u00e4tze"},"content":{"rendered":"<div class=\"jumbotron text-center\">\r\n<h2>Relativpronomen<\/h2>\r\nRelativpronomen ersetzt das Subjekt\r\n\r\n<\/div>\r\n<div class=\"bs-example\">\r\n<div class=\"accordion\" id=\"accordionExample\">\r\n<div class=\"card\">\r\n<div class=\"card-header\" id=\"headingOne\">\r\n<h2 class=\"mb-0\" style=\"color:#000\">\r\n                    <button type=\"button\" class=\"btn btn-link collapsed\" data-toggle=\"collapse\" data-target=\"#collapseOne\">Beispiel<\/button><\/h2>\r\n<\/div>\r\n<div id=\"collapseOne\" class=\"collapse\" aria-labelledby=\"headingOne\" data-parent=\"#accordionExample\">\r\n<div class=\"card-body\">\r\n<div class=\"form-inline\">\r\n<div>\r\n<b><span class=\"number\">\u24ff<\/span><\/b>John is a man<input type=\"text\" class=\"form-control\" id=\"panel-beispiel\" disabled=\"true\" value=\"who\"> likes football. &nbsp;&nbsp;&nbsp;&nbsp;\r\n<\/div><div>\r\nDie richtige L\u00f6sung ist: <b>who<\/b>&nbsp;&nbsp;<button class=\"btn-lg btn-info\" type=\"button\" data-toggle=\"modal\" data-target=\"#myModal\">Tipp<\/button>\r\n<\/div>\r\n<\/div>\r\n<\/div>\r\n<\/div>\r\n<\/div>\r\n<\/div>\r\n<br \/><br \/>\r\n<div class=\"container well\">\r\n<h4>\u270d\ufe0f F\u00fclle die richtigen Relativpronomen in die L\u00fccke (<b>who<\/b> f\u00fcr Personen, <b>which<\/b> f\u00fcr Dinge):<\/h4>\r\n\r\n<hr>\r\n\r\n<br \/>\r\n<div class=\"container\">\r\n<b><span class=\"number\">\u2776<\/span><\/b>We have a boss, <input type=\"text\" class=\"form-control\" id=\"q0\" autocomplete=\"off\"> is really always spot on.\r\n<div class=\"row\">\r\n<div>\r\n<p id=\"correct0\" align=\"left\"><\/p>\r\n\r\n<\/div>\r\n<div>\r\n<a button=\"\" class=\"btn btn-success tipp0 hidden\" href=\"#1\" title=\"...a boss, who...\" data-toggle=\"popover\" data-placement=\"top\" data-trigger=\"hover\" style=\"text-decoration: none; color:white;\" data-content=\"'our boss' ist eine Person, deswegen 'who' \">Tipp<\/a><\/div>\r\n<\/div>\r\n<b><span class=\"number\">\u2777<\/span><\/b>I like coffee <input type=\"text\" class=\"form-control\" id=\"q1\" autocomplete=\"off\"> is hot.\r\n<div class=\"row\">\r\n<div>\r\n<p id=\"correct1\" align=\"left\"><\/p>\r\n\r\n<\/div>\r\n<div>\r\n<a button=\"\" class=\"btn btn-success tipp1 hidden\" href=\"#2\" title=\"...coffee which is...\" data-toggle=\"popover\" data-placement=\"top\" data-trigger=\"hover\" style=\"text-decoration: none; color:white;\" data-content=\"'coffee' ist keine Person, deswegen 'which'.\">Tipp<\/a><\/div>\r\n<\/div>\r\n<b><span class=\"number\">\u2778<\/span><\/b>I am a person <input type=\"text\" class=\"form-control\" id=\"q2\" autocomplete=\"off\"> drinks a lot of milk.\r\n<div class=\"row\">\r\n<div>\r\n<p id=\"correct2\" align=\"left\"><\/p>\r\n\r\n<\/div>\r\n<div>\r\n<a button=\"\" class=\"btn btn-success tipp2 hidden\" align=\"left\" aria-hidden=\"true\" href=\"#3\" title=\"I am a person who...\" data-toggle=\"popover\" data-placement=\"top\" data-trigger=\"hover\" style=\"text-decoration: none, color:white\" data-content=\"'a person' ist eine Person, deswegen 'who' \">Tipp<\/a><\/div>\r\n<\/div>\r\n<span class=\"number\">\u2779<\/span>Our dog is the kind of animal <input type=\"text\" class=\"form-control\" id=\"q3\" autocomplete=\"off\"> makes you happy.\r\n<div class=\"row\">\r\n<div>\r\n<p id=\"correct3\" align=\"left\"><\/p>\r\n\r\n<\/div>\r\n<div>\r\n<a button=\"\" class=\"btn btn-success tipp3 hidden\" aria-hidden=\"true\" href=\"#4\" title=\"...kind of animal which...\" data-toggle=\"popover\" data-placement=\"top\" data-trigger=\"hover\" style=\"text-decoration: none, color:white\" data-content=\"theoretisch gehen hier beide M\u00f6glichkeiten, wenn man zu dem Tier ein sehr pers\u00f6nliches Verh\u00e4ltnis hat: 'who' bei einem eher distanziert, sachlichen: 'which'.\">Tipp<\/a><\/div>\r\n<\/div>\r\n<b><span class=\"number\">\u277a<\/span><\/b>I like to call him the man <input type=\"text\" class=\"form-control\" id=\"q4\" autocomplete=\"off\"> has the certain nothing.\r\n<div class=\"row\">\r\n<div>\r\n<p id=\"correct4\" align=\"left\"><\/p>\r\n\r\n<\/div>\r\n<div>\r\n<a button=\"\" class=\"btn btn-success tipp4 hidden\" aria-hidden=\"true\" href=\"#5\" title=\"...the man who...\" data-toggle=\"popover\" data-placement=\"top\" data-trigger=\"hover\" style=\"text-decoration: none, color:white\" data-content=\"'the man' ist eine Person, deswegen 'who' \">Tipp<\/a><\/div>\r\n<\/div>\r\n<b><span class=\"number\">\u277b<\/span><\/b>Call me crazy, but I like cheese <input type=\"text\" class=\"form-control\" id=\"q5\" autocomplete=\"off\"> smells.\r\n<div class=\"row\">\r\n<div>\r\n<p id=\"correct5\" align=\"left\"><\/p>\r\n\r\n<\/div>\r\n<div>\r\n<a button=\"\" class=\"btn btn-success tipp5 hidden\" aria-hidden=\"true\" href=\"#6\" title=\"...cheese which...\" data-toggle=\"popover\" data-placement=\"top\" data-trigger=\"hover\" style=\"text-decoration: none, color:white\" data-content=\"'cheese' ist ein Gegenstand, deswegen 'which' \">Tipp<\/a><\/div>\r\n<\/div>\r\n<b><span class=\"number\">\u277c<\/span><\/b>Please show me someone <input type=\"text\" class=\"form-control\" id=\"q6\" autocomplete=\"off\">knows what&#8217;s what.\r\n<div class=\"row\">\r\n<div>\r\n<p id=\"correct6\" align=\"left\"><\/p>\r\n\r\n<\/div>\r\n<div>\r\n<a button=\"\" class=\"btn btn-success tipp6 hidden\" aria-hidden=\"true\" href=\"#7\" title=\"...someone who...\" data-toggle=\"popover\" data-placement=\"top\" data-trigger=\"hover\" style=\"text-decoration: none, color:white\" data-content=\"'someone' ist eine Person, deswegen 'who'\">Tipp<\/a><\/div>\r\n<\/div>\r\n<b><span class=\"number\">\u277d<\/span><\/b>Just give me a car <input type=\"text\" class=\"form-control\" id=\"q7\" autocomplete=\"off\"> works.\r\n<div class=\"row\">\r\n<div>\r\n<p id=\"correct7\" align=\"left\"><\/p>\r\n\r\n<\/div>\r\n<div>\r\n<a button=\"\" class=\"btn btn-success tipp7 hidden\" href=\"#8\" title=\"...a car which works...\" data-toggle=\"popover\" data-placement=\"top\" data-trigger=\"hover\" style=\"text-decoration: none, color:white\" data-content=\"'a car' ist ein Gegenstand (f\u00fcr die meisten Menschen), deswegen 'which' \">Tipp<\/a><\/div>\r\n<\/div>\r\n<b><span class=\"number\">\u277e<\/span><\/b>Christmas is the day <input type=\"text\" class=\"form-control\" id=\"q8\" autocomplete=\"off\"> is very important for some people.\r\n<div class=\"row\">\r\n<div>\r\n<p id=\"correct8\" align=\"left\"><\/p>\r\n\r\n<\/div>\r\n<div>\r\n<a button=\"\" class=\"btn btn-success tipp8 hidden\" href=\"#9\" title=\"...the day which...\" data-toggle=\"popover\" data-placement=\"top\" data-trigger=\"hover\" style=\"text-decoration: none, color:white\" data-content=\"'day' ist keine Person, deswegen 'which' \">Tipp<\/a><\/div>\r\n<\/div>\r\n<b><span class=\"number\">\u277f<\/span><\/b>The woman <input type=\"text\" class=\"form-control\" id=\"q9\" autocomplete=\"off\"> was in charge was very young.\r\n<div class=\"row\">\r\n<div>\r\n<p id=\"correct9\" align=\"left\"><\/p>\r\n\r\n<\/div>\r\n<div>\r\n<a button=\"\" class=\"btn btn-success tipp9 hidden\" href=\"#10\" title=\"...the woman who...\" data-toggle=\"popover\" data-placement=\"top\" data-trigger=\"hover\" style=\"text-decoration: none, color:white\" data-content=\"'the woman' ist eine Person, deswegen 'who'\">Tipp<\/a><\/div>\r\n<\/div>\r\n<!-- The Modal -->\r\n<div id=\"myModal\" class=\"modal fade\">\r\n<div class=\"modal-dialog\">\r\n<div class=\"modal-content\">\r\n\r\n<!-- Modal Header -->\r\n<div class=\"modal-header\">\r\n<h4 class=\"modal-title\">Relativsatz<\/h4>\r\n<button class=\"close\" type=\"button\" data-dismiss=\"modal\">\u00d7<\/button>\r\n\r\n<\/div>\r\n<!-- Modal body -->\r\n<div class=\"modal-body\">Relativpronomen als Subjekt\r\n<table class=\"table table-bordered table-sm\">\r\n<tbody>\r\n<tr class=\"table-danger\">\r\n<td>He is a tall man.<\/td>\r\n<td>He<\/td>\r\n<td>drinks lemonade .<\/td>\r\n<\/tr>\r\n<tr class=\"table-warning\">\r\n<td><\/td>\r\n<td><i class=\"fas fa-angle-double-down\" style=\"font-size:24px\"><\/i><\/td>\r\n<td><\/td>\r\n<\/tr>\r\n<tr class=\"table-success\">\r\n<td>The man<\/td>\r\n<td>who<\/td>\r\n<td>drinks lemonade is tall.<\/td>\r\n<\/tr>\r\n<\/tbody>\r\n<tbody>\r\n<tr class=\"table-danger\">\r\n<td>It is a beautiful flower.<\/td>\r\n<td>It<\/td>\r\n<td>is green .<\/td>\r\n<\/tr>\r\n<tr class=\"table-warning\">\r\n<td><\/td>\r\n<td><i class=\"fas fa-angle-double-down\" style=\"font-size:24px\"><\/i><\/td>\r\n<td><\/td>\r\n<\/tr>\r\n<tr class=\"table-success\">\r\n<td>The flower<\/td>\r\n<td>which<\/td>\r\n<td>is beautiful is green.<\/td>\r\n<\/tr>\r\n<\/tbody>\r\n<\/table>\r\n<\/div>\r\n<!-- Modal footer -->\r\n<div class=\"modal-footer\"><button class=\"btn btn-danger\" type=\"button\" data-dismiss=\"modal\">Close<\/button><\/div>\r\n<\/div>\r\n<\/div>\r\n<\/div>\r\n<\/div>\r\n<\/div>\r\n<div class=\"container\">\r\n\r\n<hr>\r\n\r\n<button id=\"submitButton\" class=\"btn-lg btn-primary \" type=\"submit\" value=\"submit\">Pr\u00fcfen<\/button><button id=\"resetButton\" class=\"btn-lg btn-success\" type=\"submit\" onclick=\"refreshPage()\">Neustart<\/button><button id=\"submitButton\" class=\"btn-lg btn-info\" type=\"button\" value=\"submit\" data-toggle=\"modal\" data-target=\"#myModal\">Tipp<\/button>\r\n\r\n<hr>\r\n\r\n\r\n<p id=\"result\"><\/p>\r\n<p id=\"result2\"><\/p>\r\n<h2>Relativs\u00e4tze alle \u00dcbungen<\/h2>\r\n<hr>\r\n<div id=\"bellows-main-32\" class=\"bellows bellows-nojs bellows-main bellows-source-menu bellows-align-full bellows-skin-vanilla bellows-type-\"><ul id=\"menu-relativsatze\" class=\"bellows-nav\" data-bellows-config=\"main\"><li id=\"menu-item-4367\" class=\"bellows-menu-item bellows-menu-item-type-post_type bellows-menu-item-object-page bellows-menu-item-4367 bellows-item-level-0\"><a  href=\"https:\/\/english-munich.de\/training\/relativsatze\/\" class=\"bellows-target\"><span class=\"bellows-target-title bellows-target-text\">\u270d\ufe0fRelativs\u00e4tze<\/span><\/a><\/li>\n<li id=\"menu-item-4369\" class=\"bellows-menu-item bellows-menu-item-type-post_type bellows-menu-item-object-page bellows-menu-item-4369 bellows-item-level-0\"><a  href=\"https:\/\/english-munich.de\/training\/relativpronomen\/\" class=\"bellows-target\"><span class=\"bellows-target-title bellows-target-text\">\u2611\ufe0fRelativsatz<\/span><\/a><\/li>\n<li id=\"menu-item-4365\" class=\"bellows-menu-item bellows-menu-item-type-post_type bellows-menu-item-object-page bellows-menu-item-4365 bellows-item-level-0\"><a  href=\"https:\/\/english-munich.de\/training\/relativsatz-contact-clause\/\" class=\"bellows-target\"><span class=\"bellows-target-title bellows-target-text\">\u270d\ufe0fRelativsatz \/ Contact Clause<\/span><\/a><\/li>\n<li id=\"menu-item-4366\" class=\"bellows-menu-item bellows-menu-item-type-post_type bellows-menu-item-object-page bellows-menu-item-4366 bellows-item-level-0\"><a  href=\"https:\/\/english-munich.de\/training\/relativsatz-contact-clause-2\/\" class=\"bellows-target\"><span class=\"bellows-target-title bellows-target-text\">\u2611\ufe0fRelativsatz \/ Contact Clause<\/span><\/a><\/li>\n<li id=\"menu-item-4592\" class=\"bellows-menu-item bellows-menu-item-type-post_type bellows-menu-item-object-page bellows-menu-item-4592 bellows-item-level-0\"><a  href=\"https:\/\/english-munich.de\/training\/relativsatz-who-which-whom-whose\/\" class=\"bellows-target\"><span class=\"bellows-target-title bellows-target-text\">\u270d\ufe0f  who, which, whom, whose<\/span><\/a><\/li>\n<\/ul><\/div>\r\n<\/div>","protected":false},"excerpt":{"rendered":"Relativpronomen Relativpronomen ersetzt das Subjekt Beispiel \u24ffJohn is a man likes football. &nbsp;&nbsp;&nbsp;&nbsp; Die richtige L\u00f6sung ist: who&nbsp;&nbsp;Tipp \u270d\ufe0f F\u00fclle die richtigen Relativpronomen in die L\u00fccke (who f\u00fcr Personen, which f\u00fcr Dinge): \u2776We have a boss, is really always spot on. Tipp \u2777I like coffee is hot. Tipp \u2778I am a person drinks a lot [&hellip;]","protected":false},"author":3,"featured_media":0,"parent":0,"menu_order":0,"comment_status":"closed","ping_status":"closed","template":"","meta":[],"_links":{"self":[{"href":"https:\/\/english-munich.de\/training\/wp-json\/wp\/v2\/pages\/2691"}],"collection":[{"href":"https:\/\/english-munich.de\/training\/wp-json\/wp\/v2\/pages"}],"about":[{"href":"https:\/\/english-munich.de\/training\/wp-json\/wp\/v2\/types\/page"}],"author":[{"embeddable":true,"href":"https:\/\/english-munich.de\/training\/wp-json\/wp\/v2\/users\/3"}],"replies":[{"embeddable":true,"href":"https:\/\/english-munich.de\/training\/wp-json\/wp\/v2\/comments?post=2691"}],"version-history":[{"count":13,"href":"https:\/\/english-munich.de\/training\/wp-json\/wp\/v2\/pages\/2691\/revisions"}],"predecessor-version":[{"id":9663,"href":"https:\/\/english-munich.de\/training\/wp-json\/wp\/v2\/pages\/2691\/revisions\/9663"}],"wp:attachment":[{"href":"https:\/\/english-munich.de\/training\/wp-json\/wp\/v2\/media?parent=2691"}],"curies":[{"name":"wp","href":"https:\/\/api.w.org\/{rel}","templated":true}]}}