{"id":2669,"date":"2020-06-07T19:29:42","date_gmt":"2020-06-07T19:29:42","guid":{"rendered":"https:\/\/english-munich.de\/training\/?page_id=2669"},"modified":"2023-03-03T13:54:54","modified_gmt":"2023-03-03T13:54:54","slug":"relativsatz","status":"publish","type":"page","link":"https:\/\/english-munich.de\/training\/relativsatz\/","title":{"rendered":"Relativsatz"},"content":{"rendered":"<div class=\"container well\">\r\n<h1>Relativs\u00e4tze Erkl\u00e4rungen und \u00dcbungen<\/h1>\r\n\r\n<hr>\r\n\r\n<h2>Relativs\u00e4tze \u00dcbungen<\/h2>\r\n<div id=\"bellows-main-32\" class=\"bellows bellows-nojs bellows-main bellows-source-menu bellows-align-full bellows-skin-vanilla bellows-type-\"><ul id=\"menu-relativsatze\" class=\"bellows-nav\" data-bellows-config=\"main\"><li id=\"menu-item-4367\" class=\"bellows-menu-item bellows-menu-item-type-post_type bellows-menu-item-object-page bellows-menu-item-4367 bellows-item-level-0\"><a  href=\"https:\/\/english-munich.de\/training\/relativsatze\/\" class=\"bellows-target\"><span class=\"bellows-target-title bellows-target-text\">\u270d\ufe0fRelativs\u00e4tze<\/span><\/a><\/li>\n<li id=\"menu-item-4369\" class=\"bellows-menu-item bellows-menu-item-type-post_type bellows-menu-item-object-page bellows-menu-item-4369 bellows-item-level-0\"><a  href=\"https:\/\/english-munich.de\/training\/relativpronomen\/\" class=\"bellows-target\"><span class=\"bellows-target-title bellows-target-text\">\u2611\ufe0fRelativsatz<\/span><\/a><\/li>\n<li id=\"menu-item-4365\" class=\"bellows-menu-item bellows-menu-item-type-post_type bellows-menu-item-object-page bellows-menu-item-4365 bellows-item-level-0\"><a  href=\"https:\/\/english-munich.de\/training\/relativsatz-contact-clause\/\" class=\"bellows-target\"><span class=\"bellows-target-title bellows-target-text\">\u270d\ufe0fRelativsatz \/ Contact Clause<\/span><\/a><\/li>\n<li id=\"menu-item-4366\" class=\"bellows-menu-item bellows-menu-item-type-post_type bellows-menu-item-object-page bellows-menu-item-4366 bellows-item-level-0\"><a  href=\"https:\/\/english-munich.de\/training\/relativsatz-contact-clause-2\/\" class=\"bellows-target\"><span class=\"bellows-target-title bellows-target-text\">\u2611\ufe0fRelativsatz \/ Contact Clause<\/span><\/a><\/li>\n<li id=\"menu-item-4592\" class=\"bellows-menu-item bellows-menu-item-type-post_type bellows-menu-item-object-page bellows-menu-item-4592 bellows-item-level-0\"><a  href=\"https:\/\/english-munich.de\/training\/relativsatz-who-which-whom-whose\/\" class=\"bellows-target\"><span class=\"bellows-target-title bellows-target-text\">\u270d\ufe0f  who, which, whom, whose<\/span><\/a><\/li>\n<\/ul><\/div>\r\n<h2>Relativs\u00e4tze<\/h2>\r\n<b>\u00dcbersicht \u00fcber Relativs\u00e4tze<\/b>\r\n\r\n<i class=\"text-danger\">Relativs\u00e4tze<\/i> sind Nebens\u00e4tze bei denen die Information eines Hauptsatzes in einem Nebensatz (&#8222;Relativsatz&#8220;) n\u00e4her beschrieben wird. Genau wie im Deutschen wird dieser im Englischen durch ein Relativpronomen eingeleitet. Die Relativpronomen sind bei Personen <i class=\"text-danger\">who<\/i>, bei Personen, <i class=\"text-danger\">which<\/i> bei Gegenst\u00e4nden.\r\n<table class=\"table table-bordered table-sm\">\r\n<tbody>\r\n<tr class=\"table-danger\">\r\n<td>He is a tall man.<\/td>\r\n<td>He<\/td>\r\n<td>drinks lemonade .<\/td>\r\n<\/tr>\r\n<tr class=\"table-warning\">\r\n<td><\/td>\r\n<td><i class=\"fas fa-angle-double-down\" style=\"font-size:24px\"><\/i><\/td>\r\n<td><\/td>\r\n<\/tr>\r\n<tr class=\"table-success\">\r\n<td>The man<\/td>\r\n<td>who<\/td>\r\n<td>drinks lemonade is tall.<\/td>\r\n<\/tr>\r\n<\/tbody>\r\n<tbody>\r\n<tr class=\"table-danger\">\r\n<td>It is a beautiful flower.<\/td>\r\n<td>It<\/td>\r\n<td>is green .<\/td>\r\n<\/tr>\r\n<tr class=\"table-warning\">\r\n<td><\/td>\r\n<td><i class=\"fas fa-angle-double-down\" style=\"font-size:24px\"><\/i><\/td>\r\n<td><\/td>\r\n<\/tr>\r\n<tr class=\"table-success\">\r\n<td>The flower<\/td>\r\n<td>which<\/td>\r\n<td>is beautiful is green.<\/td>\r\n<\/tr>\r\n<\/tbody>\r\n<\/table><div class=\"iframe-container\">\r\n<iframe loading=\"lazy\" width=\"560\" height=\"315\" src=\"https:\/\/www.youtube.com\/embed\/OZzyoBLR9PA\" frameborder=\"0\" allow=\"accelerometer; autoplay; clipboard-write; encrypted-media; gyroscope; picture-in-picture\" allowfullscreen=\"\"><\/iframe><\/div>\r\n<h2>Relativs\u00e4tze \/ Contact Clause<\/h2>\r\nBei der sogenannten <i class=\"text-danger\">Contact Clause<\/i> kann das Relativpronomen weggelassen werden, wenn das Relativpronomen nicht der Satzgegenstand ist:\r\n<table class=\"table table-bordered table-sm\">\r\n<tbody>\r\n<tr class=\"table-danger\">\r\n<td>There was a very tall man. I saw<\/td>\r\n<td>him<\/td>\r\n<td>on the street. He was strange.<\/td>\r\n<\/tr>\r\n<tr class=\"table-warning\">\r\n<td><\/td>\r\n<td><i class=\"fas fa-angle-double-down\" style=\"font-size:24px\"><\/i><\/td>\r\n<td><\/td>\r\n<\/tr>\r\n<tr class=\"table-success\">\r\n<td>The very tall man<\/td>\r\n<td>(who)<\/td>\r\n<td>I saw in the street was strange.<\/td>\r\n<\/tr>\r\n<tr class=\"table-danger\">\r\n<td>It&#8217;s a vintage book. I bought<\/td>\r\n<td>it<\/td>\r\n<td>on the internet. It&#8217;s great<\/td>\r\n<\/tr>\r\n<tr class=\"table-warning\">\r\n<td><\/td>\r\n<td><i class=\"fas fa-angle-double-down\" style=\"font-size:24px\"><\/i><\/td>\r\n<td><\/td>\r\n<\/tr>\r\n<tr class=\"table-success\">\r\n<td>The book<\/td>\r\n<td>(which)<\/td>\r\n<td>I bought on the internet is great<\/td>\r\n<\/tr>\r\n<\/tbody>\r\n<\/table>\r\n<div class=\"iframe-container\"><iframe loading=\"lazy\" width=\"560\" height=\"315\" src=\"https:\/\/www.youtube.com\/embed\/pr0nrMAHWZQ\" title=\"YouTube video player\" frameborder=\"0\" allow=\"accelerometer; autoplay; clipboard-write; encrypted-media; gyroscope; picture-in-picture; web-share\" allowfullscreen><\/iframe><\/div>\r\n<h3>Die Relativpronomen &#8211; whom und whose<\/h3>\r\nDas Relativpronomen <b>whom<\/b> wird im Englischen verwendet, wenn man sich im Deutschen bei Personen auf den Dativ bezieht. Im Englischen wird <i>whom<\/i> fast ausschlie\u00dflich mit dem der Pr\u00e4position <i>to<\/i> verwendet.\r\n<b>zum Beispiel<\/b>\r\nThe woman <i class=\"text-danger\">to whom <\/i> I gave the flowers.\r\nDer Frau,  <i class=\"text-danger\">der<\/i> ich die Blumen gegeben habe.\r\nDas Relativpronomen <i class=\"text-danger\">whom<\/i> ist allerdings sehr altmodisch. Deswegen bevorzugt das moderne Englisch die <i class=\"text-danger\">Contact Clause<\/i> siehe oben.\r\nThe woman <del class=\"text-danger\">to whom<\/del> I gave the flowers to.\r\n\r\nHierbei wird das Relativpronomen elegant weggelassen, die Pr\u00e4position r\u00fcckt ans Satzende. (siehe oben)\r\n<table class=\"table table-bordered table-sm\">\r\n\r\n<tbody>\r\n<tr class=\"table-danger\">\r\n<td>There is a man. I want to talk to<\/td>\r\n<td>him<\/td>\r\n<td><\/td>\r\n<\/tr>\r\n<tr class=\"table-warning\">\r\n<td><\/td>\r\n<td><i class=\"fas fa-angle-double-down\" style=\"font-size:24px\"><\/i><\/td>\r\n<td><\/td>\r\n<\/tr>\r\n<tr class=\"table-success\">\r\n<td>There is a man<\/td>\r\n<td>to whom<\/td>\r\n<td>I want to talk.<\/td>\r\n<\/tr>\r\n<\/tbody>\r\n<\/table>\r\nDas Relativpronomen <i class=\"text-danger\">whose<\/i> ist in Englisch die Entsprechung des deutschen Genitiv. Au\u00dferdem erfolgt der Satzbau genau nach dem gleichen System. Weiterhin ist interessant, dass <i class\"text-danger>whose<\/i> sowohl f\u00fcr Personen als auch f\u00fcr Dinge benutzt werden kann. Genau wie im Deutschen.\r\n<b>zum Beispiel:<\/b>\r\nThe car <i class=\"text-danger\">whose<\/i> door is broken.\r\nDas Auto <i class=\"text-danger\">dessen<\/i> T\u00fcre kaputt ist.\r\nThe man <i class=\"text-danger\">whose<\/i> beer was stale.\r\nDer mann <i class=\"text-danger\">dessen<\/i> Bier schal war.\r\n<tbody>\r\n<table class=\"table table-bordered table-sm\">\r\n<tr class=\"table-danger\">\r\n<td>There is car.<\/td>\r\n<td>Its<\/td>\r\n<td>door is broken .<\/td>\r\n<\/tr>\r\n<tr class=\"table-warning\">\r\n<td><\/td>\r\n<td><i class=\"fas fa-angle-double-down\" style=\"font-size:24px\"><\/i><\/td>\r\n<td><\/td>\r\n<\/tr>\r\n<tr class=\"table-success\">\r\n<td>There is a car whose<\/td>\r\n<td>whose<\/td>\r\n<td>door is broken.<\/td>\r\n<\/tr>\r\n<\/tbody>\r\n<tbody>\r\n<\/table>\r\n<\/div>","protected":false},"excerpt":{"rendered":"Relativs\u00e4tze Erkl\u00e4rungen und \u00dcbungen Relativs\u00e4tze \u00dcbungen Relativs\u00e4tze \u00dcbersicht \u00fcber Relativs\u00e4tze Relativs\u00e4tze sind Nebens\u00e4tze bei denen die Information eines Hauptsatzes in einem Nebensatz (&#8222;Relativsatz&#8220;) n\u00e4her beschrieben wird. Genau wie im Deutschen wird dieser im Englischen durch ein Relativpronomen eingeleitet. Die Relativpronomen sind bei Personen who, bei Personen, which bei Gegenst\u00e4nden. He is a tall man. He [&hellip;]","protected":false},"author":3,"featured_media":0,"parent":0,"menu_order":0,"comment_status":"closed","ping_status":"closed","template":"","meta":[],"_links":{"self":[{"href":"https:\/\/english-munich.de\/training\/wp-json\/wp\/v2\/pages\/2669"}],"collection":[{"href":"https:\/\/english-munich.de\/training\/wp-json\/wp\/v2\/pages"}],"about":[{"href":"https:\/\/english-munich.de\/training\/wp-json\/wp\/v2\/types\/page"}],"author":[{"embeddable":true,"href":"https:\/\/english-munich.de\/training\/wp-json\/wp\/v2\/users\/3"}],"replies":[{"embeddable":true,"href":"https:\/\/english-munich.de\/training\/wp-json\/wp\/v2\/comments?post=2669"}],"version-history":[{"count":47,"href":"https:\/\/english-munich.de\/training\/wp-json\/wp\/v2\/pages\/2669\/revisions"}],"predecessor-version":[{"id":11947,"href":"https:\/\/english-munich.de\/training\/wp-json\/wp\/v2\/pages\/2669\/revisions\/11947"}],"wp:attachment":[{"href":"https:\/\/english-munich.de\/training\/wp-json\/wp\/v2\/media?parent=2669"}],"curies":[{"name":"wp","href":"https:\/\/api.w.org\/{rel}","templated":true}]}}