{"id":2638,"date":"2020-06-07T12:02:55","date_gmt":"2020-06-07T12:02:55","guid":{"rendered":"https:\/\/english-munich.de\/training\/?page_id=2638"},"modified":"2021-05-05T11:25:35","modified_gmt":"2021-05-05T11:25:35","slug":"praspositionen-beim-gerund","status":"publish","type":"page","link":"https:\/\/english-munich.de\/training\/praspositionen-beim-gerund\/","title":{"rendered":"Pr\u00e4positionen beim Gerund"},"content":{"rendered":"<div class=\"jumbotron text-center\">\r\n<h2>Pr\u00e4positionen beim Gerund<\/h2>\r\n\u00dcbungen zu Pr\u00e4positionen beim Gerundium\r\n\r\n<\/div>\r\n<div class=\"bs-example\">\r\n<div class=\"accordion\" id=\"accordionExample\">\r\n<div class=\"card\">\r\n<div class=\"card-header\" id=\"headingOne\">\r\n<h2 class=\"mb-0\" style=\"color:#000\">\r\n                    <button type=\"button\" class=\"btn btn-link collapsed\" data-toggle=\"collapse\" data-target=\"#collapseOne\">Beispiel<\/button><\/h2>\r\n<\/div>\r\n<div id=\"collapseOne\" class=\"collapse\" aria-labelledby=\"headingOne\" data-parent=\"#accordionExample\">\r\n<div class=\"card-body\">\r\n<div class=\"form-inline\">\r\n<div>\r\n<b><span class=\"number\">\u24ff<\/span><\/b>I want to apologize <input type=\"text\" class=\"form-control\" id=\"panel-beispiel\" disabled=\"true\" value=\"for\"> being late.\r\n<\/div><div>\r\nDie richtige L\u00f6sung ist: <b> for <\/b>&nbsp;&nbsp;<button class=\"btn-lg btn-info\" type=\"button\" data-toggle=\"modal\" data-target=\"#myModal\">Tipp<\/button>\r\n<\/div>\r\n<\/div>\r\n<\/div>\r\n<\/div>\r\n<\/div>\r\n<\/div>\r\n<br \/><br \/>\r\n<div class=\"container well\">\r\n<h4>\u270d\ufe0f F\u00fclle die richtige Pr\u00e4position entsprechend des Ausdrucks in die L\u00fccke:<\/h4>\r\n\r\n<hr>\r\n\r\n<br \/>\r\n<div class=\"container\">\r\n<b><span class=\"number\">\u2776<\/span><\/b>I am <input type=\"text\" class=\"form-control\" id=\"q0\" autocomplete=\"off\"> working on Saturday.\r\n<div class=\"row\">\r\n<div>\r\n<p id=\"correct0\" align=\"left\"><\/p>\r\n\r\n<\/div>\r\n<div>\r\n<a button=\"\" class=\"btn btn-success tipp0 hidden\" href=\"#1\" title=\"I am against working...\" data-toggle=\"popover\" data-placement=\"top\" data-trigger=\"hover\" style=\"text-decoration: none; color:white;\" data-content=\"'to be against doing something' \u2794 'dagegen sein etwas zu tun' \">Tipp<\/a><\/div>\r\n<\/div>\r\n<b><span class=\"number\">\u2777<\/span><\/b>We are used <input type=\"text\" class=\"form-control\" id=\"q1\" autocomplete=\"off\"> drinking tea in the afternoon.\r\n<div class=\"row\">\r\n<div>\r\n<p id=\"correct1\" align=\"left\"><\/p>\r\n\r\n<\/div>\r\n<div>\r\n<a button=\"\" class=\"btn btn-success tipp1 hidden\" href=\"#2\" title=\"We are used to drinking tea.\" data-toggle=\"popover\" data-placement=\"top\" data-trigger=\"hover\" style=\"text-decoration: none; color:white;\" data-content=\"'to be used to doing something' \u2794 'dagegen gew\u00f6hnt sein etwas zu tun'\">Tipp<\/a><\/div>\r\n<\/div>\r\n<b><span class=\"number\">\u2778<\/span><\/b>I really have to concentrate  <input type=\"text\" class=\"form-control\" id=\"q2\" autocomplete=\"off\"> getting a new work.\r\n<div class=\"row\">\r\n<div>\r\n<p id=\"correct2\" align=\"left\"><\/p>\r\n\r\n<\/div>\r\n<div>\r\n<a button=\"\" class=\"btn btn-success tipp2 hidden\" align=\"left\" aria-hidden=\"true\" href=\"#3\" title=\"I really have to concentrate on... \" data-toggle=\"popover\" data-placement=\"top\" data-trigger=\"hover\" style=\"text-decoration: none, color:white\" data-content=\"'to concentrate on doing something' \u2794 'sich konzentrieren etwas zu tun'\">Tipp<\/a><\/div>\r\n<\/div>\r\n<span class=\"number\">\u2779<\/span>We have to speak <input type=\"text\" class=\"form-control\" id=\"q3\" autocomplete=\"off\"> changing our flat.\r\n<div class=\"row\">\r\n<div>\r\n<p id=\"correct3\" align=\"left\"><\/p>\r\n\r\n<\/div>\r\n<div>\r\n<a button=\"\" class=\"btn btn-success tipp3 hidden\" aria-hidden=\"true\" href=\"#4\" title=\"We have to speak about changing...\" data-toggle=\"popover\" data-placement=\"top\" data-trigger=\"hover\" style=\"text-decoration: none, color:white\" data-content=\"'to speak about doing something' \u2794 'sich konzentrieren etwas zu tun'\">Tipp<\/a><\/div>\r\n<\/div>\r\n<b><span class=\"number\">\u277a<\/span><\/b>I am really looking forward <input type=\"text\" class=\"form-control\" id=\"q4\" autocomplete=\"off\"> seeing you at the weekend.\r\n<div class=\"row\">\r\n<div>\r\n<p id=\"correct4\" align=\"left\"><\/p>\r\n\r\n<\/div>\r\n<div>\r\n<a button=\"\" class=\"btn btn-success tipp4 hidden\" aria-hidden=\"true\" href=\"#5\" title=\"looking forward to seeing you...\" data-toggle=\"popover\" data-placement=\"top\" data-trigger=\"hover\" style=\"text-decoration: none, color:white\" data-content=\"'to look forward to doing something' \u2794 'sich darauf freuen etwas zu tun'\">Tipp<\/a><\/div>\r\n<\/div>\r\n<b><span class=\"number\">\u277b<\/span><\/b>We want to thank you <input type=\"text\" class=\"form-control\" id=\"q5\" autocomplete=\"off\"> taking the time.\r\n<div class=\"row\">\r\n<div>\r\n<p id=\"correct5\" align=\"left\"><\/p>\r\n\r\n<\/div>\r\n<div>\r\n<a button=\"\" class=\"btn btn-success tipp5 hidden\" aria-hidden=\"true\" href=\"#6\" title=\"...thank you for taking...\" data-toggle=\"popover\" data-placement=\"top\" data-trigger=\"hover\" style=\"text-decoration: none, color:white\" data-content=\"'to thank somebody for doing something' \u2794 'jemandem f\u00fcr etwas danken'\">Tipp<\/a><\/div>\r\n<\/div>\r\n<b><span class=\"number\">\u277c<\/span><\/b>I dream <input type=\"text\" class=\"form-control\" id=\"q6\" autocomplete=\"off\">moving to Jackson.\r\n<div class=\"row\">\r\n<div>\r\n<p id=\"correct6\" align=\"left\"><\/p>\r\n\r\n<\/div>\r\n<div>\r\n<a button=\"\" class=\"btn btn-success tipp6 hidden\" aria-hidden=\"true\" href=\"#7\" title=\"I dream of moving\" data-toggle=\"popover\" data-placement=\"top\" data-trigger=\"hover\" style=\"text-decoration: none, color:white\" data-content=\"'to dream of doing something' \u2794 'tr\u00e4umen etwas zu tun'\">Tipp<\/a><\/div>\r\n<\/div>\r\n<b><span class=\"number\">\u277d<\/span><\/b>They worry <input type=\"text\" class=\"form-control\" id=\"q7\" autocomplete=\"off\"> losing the match.\r\n<div class=\"row\">\r\n<div>\r\n<p id=\"correct7\" align=\"left\"><\/p>\r\n\r\n<\/div>\r\n<div>\r\n<a button=\"\" class=\"btn btn-success tipp7 hidden\" href=\"#8\" title=\"They worry about losing...\" data-toggle=\"popover\" data-placement=\"top\" data-trigger=\"hover\" style=\"text-decoration: none, color:white\" data-content=\"'to look worry about doing something' \u2794 'sich um etwas Sorgen machen'\">Tipp<\/a><\/div>\r\n<\/div>\r\n<b><span class=\"number\">\u277e<\/span><\/b>They always feel <input type=\"text\" class=\"form-control\" id=\"q8\" autocomplete=\"off\"> having an ice-cream.\r\n<div class=\"row\">\r\n<div>\r\n<p id=\"correct8\" align=\"left\"><\/p>\r\n\r\n<\/div>\r\n<div>\r\n<a button=\"\" class=\"btn btn-success tipp8 hidden\" href=\"#9\" title=\"They feel like having...\" data-toggle=\"popover\" data-placement=\"top\" data-trigger=\"hover\" style=\"text-decoration: none, color:white\" data-content=\"'to feel like doing something' \u2794 'auf etwas Lust haben'\">Tipp<\/a><\/div>\r\n<\/div>\r\n<b><span class=\"number\">\u277f<\/span><\/b>I was tired <input type=\"text\" class=\"form-control\" id=\"q9\" autocomplete=\"off\"> waiting on you all day.\r\n<div class=\"row\">\r\n<div>\r\n<p id=\"correct9\" align=\"left\"><\/p>\r\n\r\n<\/div>\r\n<div>\r\n<a button=\"\" class=\"btn btn-success tipp9 hidden\" href=\"#10\" title=\"...tired of waiting...\" data-toggle=\"popover\" data-placement=\"top\" data-trigger=\"hover\" style=\"text-decoration: none, color:white\" data-content=\"'to look worry about doing something' \u2794 'sich um etwas Sorgen machen'\">Tipp<\/a><\/div>\r\n<\/div>\r\n<!-- The Modal -->\r\n<div id=\"myModal\" class=\"modal fade\">\r\n<div class=\"modal-dialog\">\r\n<div class=\"modal-content\">\r\n\r\n<!-- Modal Header -->\r\n<div class=\"modal-header\">\r\n<h4 class=\"modal-title\">Pr\u00e4positionen beim Gerundium<\/h4>\r\n<button class=\"close\" type=\"button\" data-dismiss=\"modal\">\u00d7<\/button>\r\n\r\n<\/div>\r\n<!-- Modal body -->\r\n<div class=\"modal-body\">\r\n<table class=\"table table-bordered table-hover table-sm\">\r\n<tbody>\r\n<tr class=\"table-primary\">\r\n<td>apologize for doing something<\/td>\r\n<td>sich f\u00fcr etwas entschuldigen<\/td>\r\n<\/tr>\r\n<tr class=\"table-warning\">\r\n<td>to be used to doing something<\/td>\r\n<td>gew\u00f6hnt sein etwas zu tun<\/td>\r\n<\/tr>\r\n<tr class=\"table-success\">\r\n<td>to be worth doing something<\/td>\r\n<td>sich lohnen etwas zu tun<\/td>\r\n<\/tr>\r\n<tr class=\"table-info\">\r\n<td>concentrate on doing something<\/td>\r\n<td>sich konzentrieren etwas zu tun<\/td>\r\n<\/tr>\r\n<tr class=\"table-danger\">\r\n<td>feel like doing something<\/td>\r\n<td>Lust haben etwas zu tun<\/td>\r\n<\/tr>\r\n<tr class=\"table-primary\">\r\n<td>look forward to doing something<\/td>\r\n<td>sich darauf freuen etwas zu tun<\/td>\r\n<\/tr>\r\n<tr class=\"table-warning\">\r\n<td>speak about doing something<\/td>\r\n<td>dar\u00fcber sprechen etwas zu tun<\/td>\r\n<\/tr>\r\n<tr class=\"table-success\">\r\n<td>thank somebody for doing something<\/td>\r\n<td>\r\n         jemandem f\u00fcr etwas danken<\/td>\r\n<\/tr>\r\n<tr class=\"table-info\">\r\n<td>worry about doing something<\/td>\r\n<td>sich um etwas Sorgen machen<\/td>\r\n<\/tr>\r\n<tr class=\"table-danger\">\r\n<td>dream of\/about doing something<\/td>\r\n<td>davon tr\u00e4umen etwas zu tun<\/td>\r\n<\/tr>\r\n<\/tbody>\r\n<\/table>\r\n<\/div>\r\n<!-- Modal footer -->\r\n<div class=\"modal-footer\"><button class=\"btn btn-danger\" type=\"button\" data-dismiss=\"modal\">Close<\/button><\/div>\r\n<\/div>\r\n<\/div>\r\n<\/div>\r\n<\/div>\r\n<\/div>\r\n<div class=\"container\">\r\n\r\n<hr>\r\n\r\n<button id=\"submitButton\" class=\"btn-lg btn-primary \" type=\"submit\" value=\"submit\">Pr\u00fcfen<\/button><button id=\"resetButton\" class=\"btn-lg btn-success\" type=\"submit\" onclick=\"refreshPage()\">Neustart<\/button><button id=\"submitButton\" class=\"btn-lg btn-info\" type=\"button\" value=\"submit\" data-toggle=\"modal\" data-target=\"#myModal\">Tipp<\/button>\r\n\r\n<hr>\r\n\r\n\r\n<p id=\"result\"><\/p>\r\n<p id=\"result2\"><\/p>\r\n<h3>Pr\u00e4positionen- Alle \u00dcbungen<\/h3>\r\n<hr>\r\n<div id=\"bellows-main-31\" class=\"bellows bellows-nojs bellows-main bellows-source-menu bellows-align-full bellows-skin-vanilla bellows-type-\"><ul id=\"menu-prapostionen-ubungen\" class=\"bellows-nav\" data-bellows-config=\"main\"><li id=\"menu-item-4293\" class=\"bellows-menu-item bellows-menu-item-type-post_type bellows-menu-item-object-page bellows-menu-item-4293 bellows-item-level-0\"><a  href=\"https:\/\/english-munich.de\/training\/prapositionen-der-ortes\/\" class=\"bellows-target\"><span class=\"bellows-target-title bellows-target-text\">\u2611\ufe0fPr\u00e4positionen der Ortes<\/span><\/a><\/li>\n<li id=\"menu-item-4298\" class=\"bellows-menu-item bellows-menu-item-type-post_type bellows-menu-item-object-page bellows-menu-item-4298 bellows-item-level-0\"><a  href=\"https:\/\/english-munich.de\/training\/prapositionen-des-ortes\/\" class=\"bellows-target\"><span class=\"bellows-target-title bellows-target-text\">\u270d\ufe0fPr\u00e4positionen des Ortes<\/span><\/a><\/li>\n<li id=\"menu-item-4299\" class=\"bellows-menu-item bellows-menu-item-type-post_type bellows-menu-item-object-page bellows-menu-item-4299 bellows-item-level-0\"><a  href=\"https:\/\/english-munich.de\/training\/prapositionen-des-ortes-2\/\" class=\"bellows-target\"><span class=\"bellows-target-title bellows-target-text\">\u2611\ufe0fPr\u00e4positionen des Ortes<\/span><\/a><\/li>\n<li id=\"menu-item-4294\" class=\"bellows-menu-item bellows-menu-item-type-post_type bellows-menu-item-object-page bellows-menu-item-4294 bellows-item-level-0\"><a  href=\"https:\/\/english-munich.de\/training\/prapositionen-der-richtung\/\" class=\"bellows-target\"><span class=\"bellows-target-title bellows-target-text\">\u2611\ufe0fPr\u00e4positionen der Richtung<\/span><\/a><\/li>\n<li id=\"menu-item-4295\" class=\"bellows-menu-item bellows-menu-item-type-post_type bellows-menu-item-object-page bellows-menu-item-4295 bellows-item-level-0\"><a  href=\"https:\/\/english-munich.de\/training\/prapositionen-der-richtung-2\/\" class=\"bellows-target\"><span class=\"bellows-target-title bellows-target-text\">\u2611\ufe0fPr\u00e4positionen der Richtung<\/span><\/a><\/li>\n<li id=\"menu-item-4296\" class=\"bellows-menu-item bellows-menu-item-type-post_type bellows-menu-item-object-page bellows-menu-item-4296 bellows-item-level-0\"><a  href=\"https:\/\/english-munich.de\/training\/prapositionen-englisch-uebungen\/\" class=\"bellows-target\"><span class=\"bellows-target-title bellows-target-text\">\u270d\ufe0fPr\u00e4positionen der Zeit<\/span><\/a><\/li>\n<li id=\"menu-item-4301\" class=\"bellows-menu-item bellows-menu-item-type-post_type bellows-menu-item-object-page bellows-menu-item-4301 bellows-item-level-0\"><a  href=\"https:\/\/english-munich.de\/training\/prapostitionen-der-zeit\/\" class=\"bellows-target\"><span class=\"bellows-target-title bellows-target-text\">\u2611\ufe0fPr\u00e4postitionen der Zeit<\/span><\/a><\/li>\n<li id=\"menu-item-4297\" class=\"bellows-menu-item bellows-menu-item-type-post_type bellows-menu-item-object-page bellows-menu-item-4297 bellows-item-level-0\"><a  href=\"https:\/\/english-munich.de\/training\/prapostionen-der-zeit\/\" class=\"bellows-target\"><span class=\"bellows-target-title bellows-target-text\">\u270d\ufe0fPr\u00e4positionen der Zeit<\/span><\/a><\/li>\n<li id=\"menu-item-4300\" class=\"bellows-menu-item bellows-menu-item-type-post_type bellows-menu-item-object-page bellows-menu-item-4300 bellows-item-level-0\"><a  href=\"https:\/\/english-munich.de\/training\/prapostionen-beim-gerund\/\" class=\"bellows-target\"><span class=\"bellows-target-title bellows-target-text\">\u270d\ufe0fPr\u00e4postionen beim Gerund<\/span><\/a><\/li>\n<li id=\"menu-item-4292\" class=\"bellows-menu-item bellows-menu-item-type-post_type bellows-menu-item-object-page bellows-menu-item-4292 bellows-item-level-0\"><a  href=\"https:\/\/english-munich.de\/training\/praspositionen-beim-gerund\/\" class=\"bellows-target\"><span class=\"bellows-target-title bellows-target-text\">\u270d\ufe0fPr\u00e4positionen beim Gerund<\/span><\/a><\/li>\n<li id=\"menu-item-5988\" class=\"bellows-menu-item bellows-menu-item-type-post_type bellows-menu-item-object-page bellows-menu-item-5988 bellows-item-level-0\"><a  href=\"https:\/\/english-munich.de\/training\/by-until-unterschied\/\" class=\"bellows-target\"><span class=\"bellows-target-title bellows-target-text\">\u270d\ufe0fby und until<\/span><\/a><\/li>\n<li id=\"menu-item-5989\" class=\"bellows-menu-item bellows-menu-item-type-post_type bellows-menu-item-object-page bellows-menu-item-5989 bellows-item-level-0\"><a  href=\"https:\/\/english-munich.de\/training\/since-und-for-unterschied\/\" class=\"bellows-target\"><span class=\"bellows-target-title bellows-target-text\">\u270d\ufe0fSince und For<\/span><\/a><\/li>\n<\/ul><\/div>\r\n<\/div>","protected":false},"excerpt":{"rendered":"Pr\u00e4positionen beim Gerund \u00dcbungen zu Pr\u00e4positionen beim Gerundium Beispiel \u24ffI want to apologize being late. Die richtige L\u00f6sung ist: for &nbsp;&nbsp;Tipp \u270d\ufe0f F\u00fclle die richtige Pr\u00e4position entsprechend des Ausdrucks in die L\u00fccke: \u2776I am working on Saturday. Tipp \u2777We are used drinking tea in the afternoon. Tipp \u2778I really have to concentrate getting a new [&hellip;]","protected":false},"author":3,"featured_media":0,"parent":0,"menu_order":0,"comment_status":"closed","ping_status":"closed","template":"","meta":[],"_links":{"self":[{"href":"https:\/\/english-munich.de\/training\/wp-json\/wp\/v2\/pages\/2638"}],"collection":[{"href":"https:\/\/english-munich.de\/training\/wp-json\/wp\/v2\/pages"}],"about":[{"href":"https:\/\/english-munich.de\/training\/wp-json\/wp\/v2\/types\/page"}],"author":[{"embeddable":true,"href":"https:\/\/english-munich.de\/training\/wp-json\/wp\/v2\/users\/3"}],"replies":[{"embeddable":true,"href":"https:\/\/english-munich.de\/training\/wp-json\/wp\/v2\/comments?post=2638"}],"version-history":[{"count":14,"href":"https:\/\/english-munich.de\/training\/wp-json\/wp\/v2\/pages\/2638\/revisions"}],"predecessor-version":[{"id":9656,"href":"https:\/\/english-munich.de\/training\/wp-json\/wp\/v2\/pages\/2638\/revisions\/9656"}],"wp:attachment":[{"href":"https:\/\/english-munich.de\/training\/wp-json\/wp\/v2\/media?parent=2638"}],"curies":[{"name":"wp","href":"https:\/\/api.w.org\/{rel}","templated":true}]}}