{"id":2549,"date":"2020-06-07T05:54:40","date_gmt":"2020-06-07T05:54:40","guid":{"rendered":"https:\/\/english-munich.de\/training\/?page_id=2549"},"modified":"2024-09-08T07:11:08","modified_gmt":"2024-09-08T07:11:08","slug":"prapositionen-der-ortes","status":"publish","type":"page","link":"https:\/\/english-munich.de\/training\/prapositionen-der-ortes\/","title":{"rendered":"Pr\u00e4positionen der Ortes"},"content":{"rendered":"<div class=\"jumbotron text-center\">\r\n<h2>Pr\u00e4positionen des Ortes<\/h2>\r\n\u00dcbungen zur korrekten Verwendung von <a href=\"https:\/\/de.wikipedia.org\/wiki\/Pr%C3%A4position\">Verh\u00e4ltnisw\u00f6rtern<\/a> des Ortes\r\n\r\n<\/div>\r\n<div class=\"bs-example\">\r\n<div id=\"accordionExample\" class=\"accordion\">\r\n<div class=\"card\">\r\n<div id=\"headingOne\" class=\"card-header\">\r\n<h2 class=\"number\"><button class=\"btn btn-link collapsed\" type=\"button\" data-toggle=\"collapse\" data-target=\"#collapseOne\">Beispiel<\/button><\/h2>\r\n<\/div>\r\n<div id=\"collapseOne\" class=\"collapse\" aria-labelledby=\"headingOne\" data-parent=\"#accordionExample\">\r\n<div class=\"card-body\">\r\n<div class=\"form-group\" style=\"width: 70%; margin: 10px;\"><label for=\"sel1\"><span class=\"number\">\u24ff<\/span>The picture hangs__________ the door<\/label>\r\n<select id=\"beispiel\" class=\"form-control\">\r\n<option value=\"wrong\">don&#8217;t do<\/option>\r\n<option value=\"correct\">above<\/option>\r\n<option value=\"wrong\">doesn&#8217;t <\/option>\r\n<\/select>\r\n\r\nDie richtige L\u00f6sung ist: <b> above <\/b>&nbsp;&nbsp;<button class=\"btn-lg btn-info\" type=\"button\" value=\"submit\" data-toggle=\"modal\" data-target=\"#myModal2\">Tipp<\/button>\r\n\r\n<\/div>\r\n<\/div>\r\n<\/div>\r\n<\/div>\r\n<\/div>\r\n<br \/><br \/>\r\n<div class=\"container well\">\r\n<h4>\u2611\ufe0f W\u00e4hle das richtige Verh\u00e4ltniswort des Ortes als Erg\u00e4nzung f\u00fcr die L\u00fccke:<\/h4>\r\n\r\n<hr>\r\n\r\n<br \/>\r\n<div class=\"container-fluid\">\r\n<div class=\"form-group\" style=\"width: 70%;\"><label for=\"sel1\"><span class=\"number\">\u2776<\/span>Our car is parked__________two trucks.<\/label>\r\n<select id=\"q0\" class=\"form-control\"><option value=\"correct\"><\/option>\r\n<option value=\"wrong\">above<\/option>\r\n<option value=\"correct\">between<\/option>\r\n<option value=\"wrong\">under<\/option>\r\n<\/select>\r\n<p id=\"correct0\" align=\"left\"><\/p>\r\n<a class=\"btn btn-success tipp0 hidden\" style=\"text-decoration: none, color:white;\" title=\"between two trucks...\" href=\"#0\" data-toggle=\"popover\" data-placement=\"top\" data-trigger=\"hover\" data-content=\"'between two trucks' \u2794 'zwischen zwei LKW' \">Tipp<\/a>\r\n\r\n<\/div>\r\n<div class=\"form-group\" style=\"width: 70%;\"><label for=\"sel1\"><span class=\"number\">\u2777<\/span> You have to think__________the box. <\/label>\r\n<select id=\"q1\" class=\"form-control\"><option value=\"correct\"><\/option>\r\n<option value=\"correct\">outside of<\/option>\r\n<option value=\"wrong\">in front of<\/option>\r\n<option value=\"wrong\">behind<\/option>\r\n<\/select>\r\n<p id=\"correct1\" align=\"left\"><\/p>\r\n<a class=\"btn btn-success tipp1 hidden\" style=\"text-decoration: none, color:white;\" title=\"outside of the box...\" href=\"#1\" data-toggle=\"popover\" data-placement=\"top\" data-trigger=\"hover\" data-content=\"'to think outside of the box' \u2794 'querdenken'\">Tipp<\/a>\r\n\r\n<\/div>\r\n<div class=\"form-group\" style=\"width: 70%;\"><label for=\"sel1\"><span class=\"number\">\u2778<\/span>Our house is_________a nuclear power plant.<\/label>\r\n<select id=\"q2\" class=\"form-control\"><option value=\"correct\"><\/option>\r\n<option value=\"correct\">near<\/option>\r\n<option value=\"wrong\">under<\/option>\r\n<option value=\"wrong\">above<\/option>\r\n<\/select>\r\n<p id=\"correct2\" align=\"left\"><\/p>\r\n<a class=\"btn btn-success tipp2 hidden\" style=\"text-decoration: none, color:white;\" title=\"...near to a nuclear power plant.\" href=\"#2\" data-toggle=\"popover\" data-placement=\"top\" data-trigger=\"hover\" data-content=\"'near...'  \u2794  'nahe einem Kernkraftwerk\u2622\ufe0f'  \">Tipp<\/a>\r\n\r\n<\/div>\r\n<div class=\"form-group\" style=\"width: 70%;\"><label for=\"sel1\"><span class=\"number\">\u2779<\/span> We live________a supermarket<\/label>\r\n<select id=\"q3\" class=\"form-control\"><option value=\"correct\"><\/option>\r\n<option value=\"wrong\">above<\/option>\r\n<option value=\"correct\">opposite<\/option>\r\n<option value=\"wrong\">under<\/option>\r\n<\/select>\r\n<p id=\"correct3\" align=\"left\"><\/p>\r\n<a class=\"btn btn-success tipp3 hidden\" style=\"text-decoration: none, color:white;\" title=\"...opposite a supermarket\" href=\"#3\" data-toggle=\"popover\" data-placement=\"top\" data-trigger=\"hover\" data-content=\"Deutsch: 'gegen\u00fcber' \u2794 Englisch: 'opposite'\">Tipp<\/a>\r\n\r\n<\/div>\r\n<br \/><div class=\"iframe-container\"><iframe loading=\"lazy\" width=\"560\" height=\"315\" src=\"https:\/\/www.youtube.com\/embed\/lLUM5jKHFUk?si=5CIWbrGc-xJp9Q4M\" title=\"YouTube video player\" frameborder=\"0\" allow=\"accelerometer; autoplay; clipboard-write; encrypted-media; gyroscope; picture-in-picture; web-share\" referrerpolicy=\"strict-origin-when-cross-origin\" allowfullscreen><\/iframe><\/div><br \/>\r\n<div class=\"form-group\" style=\"width: 70%;\"><label for=\"sel1\"><span class=\"number\">\u277a<\/span>They talk bad__________ our backs.<\/label>\r\n<select id=\"q4\" class=\"form-control\"><option value=\"correct\"><\/option>\r\n<option value=\"wrong\">below<\/option>\r\n<option value=\"wrong\">near<\/option>\r\n<option value=\"correct\">behind<\/option>\r\n<\/select>\r\n<p id=\"correct4\" align=\"left\"><\/p>\r\n<a class=\"btn btn-success tipp4 hidden\" style=\"text-decoration: none, color:white;\" title=\"...behind our backs\" href=\"#4\" data-toggle=\"popover\" data-placement=\"top\" data-trigger=\"hover\" data-content=\"Deutsch: 'hinter unserem R\u00fccken' \u2794 Englisch:'behind our backs'. \">Tipp<\/a>\r\n\r\n<\/div>\r\n<div class=\"form-group\" style=\"width: 70%;\"><label for=\"sel1\"><span class=\"number\">\u277b<\/span>They have found oil__________our ground! We&#8217;re rich!<\/label>\r\n<select id=\"q5\" class=\"form-control\"><option value=\"correct\"><\/option>\r\n<option value=\"wrong\">opposite<\/option>\r\n<option value=\"wrong\">above<\/option>\r\n<option value=\"correct\">under<\/option>\r\n<\/select>\r\n<p id=\"correct5\" align=\"left\"><\/p>\r\n<a class=\"btn btn-success tipp5 hidden\" style=\"text-decoration: none, color:white;\" title=\"against die window...\" href=\"#5\" data-toggle=\"popover\" data-placement=\"top\" data-trigger=\"hover\" data-content=\"'under our ground'  \u2794 'unter unserem Grundst\u00fcck' \">Tipp<\/a>\r\n\r\n<\/div>\r\n<div class=\"form-group\" style=\"width: 70%;\"><label for=\"sel1\"><span class=\"number\">\u277c<\/span>That is __________the point.<\/label>\r\n<select id=\"q6\" class=\"form-control\"><option value=\"correct\"><\/option>\r\n<option value=\"correct\">beside<\/option>\r\n<option value=\"wrong\">under<\/option>\r\n<option value=\"wrong\">opposite<\/option>\r\n<\/select>\r\n<p id=\"correct6\" align=\"left\"><\/p>\r\n<a class=\"btn btn-success tipp6 hidden\" style=\"text-decoration: none, color:white;\" title=\"...beside the point\" href=\"#6\" data-toggle=\"popover\" data-placement=\"top\" data-trigger=\"hover\" data-content=\"'beside the point' \u2794 Deutsch : 'das ist irrelevant'\">Tipp<\/a>\r\n\r\n<\/div>\r\n<div class=\"form-group\" style=\"width: 70%;\"><label for=\"sel1\"><span class=\"number\">\u277d<\/span>There is a very strange man__________ our house.<\/label>\r\n<select id=\"q7\" class=\"form-control\"><option value=\"correct\"><\/option>\r\n<option value=\"wrong\">above<\/option>\r\n<option value=\"wrong\">across<\/option>\r\n<option value=\"correct\">in front of<\/option>\r\n<\/select>\r\n<p id=\"correct7\" align=\"left\"><\/p>\r\n<a class=\"btn btn-success tipp7 hidden\" style=\"text-decoration: none, color:white;\" title=\"in front of...\" href=\"#7\" data-toggle=\"popover\" data-placement=\"top\" data-trigger=\"hover\" data-content=\"Englisch : 'in front of our house' \u2794 Deutsch: 'vor unserem Haus' \">Tipp<\/a>\r\n\r\n<\/div>\r\n<div class=\"form-group\" style=\"width: 70%;\"><label for=\"sel1\"><span class=\"number\">\u277e<\/span> The sky  __________ our house is clear.<\/label>\r\n<select id=\"q8\" class=\"form-control\"><option value=\"correct\"><\/option>\r\n<option value=\"wrong\">outside of<\/option>\r\n<option value=\"wrong\">under<\/option>\r\n<option value=\"correct\">above<\/option>\r\n<\/select>\r\n<p id=\"correct8\" align=\"left\"><\/p>\r\n<a class=\"btn btn-success tipp8 hidden\" style=\"text-decoration: none, color:white;\" title=\"The sky above our house...\" href=\"#8\" data-toggle=\"popover\" data-placement=\"top\" data-trigger=\"hover\" data-content=\" Deutsch : 'above our house' \u2794 Englisch : '\u00fcber unserem Haus'\">Tipp<\/a>\r\n\r\n<\/div>\r\n<div class=\"form-group\" style=\"width: 70%;\"><label for=\"sel1\"><span class=\"number\">\u277f<\/span>I would like to sit_________you. Is it possible?<\/label>\r\n<select id=\"q9\" class=\"form-control\"><option value=\"correct\"><\/option>\r\n<option value=\"correct\">next to<\/option>\r\n<option value=\"wrong\">above<\/option>\r\n<option value=\"wrong\">under<\/option>\r\n<\/select>\r\n<p id=\"correct9\" align=\"left\"><\/p>\r\n<a class=\"btn btn-success tipp9 hidden\" style=\"text-decoration: none, color:white;\" title=\"...next to you.\" href=\"#9\" data-toggle=\"popover\" data-placement=\"top\" data-trigger=\"hover\" data-content=\" Deutsch: 'neben Ihnen\/Dir' \u2794 Englisch: 'next to you'\">Tipp<\/a>\r\n\r\n<\/div>\r\n<\/div>\r\n\r\n<!-- The Modal -->\r\n<div id=\"myModal\" class=\"modal fade\">\r\n<div class=\"modal-dialog\">\r\n<div class=\"modal-content\">\r\n\r\n<!-- Modal Header -->\r\n<div class=\"modal-header\">\r\n<h4 class=\"modal-title\">Pr\u00e4positionen des Ortes<\/h4>\r\n<button class=\"close\" type=\"button\" data-dismiss=\"modal\">\u00d7<\/button>\r\n\r\n<\/div>\r\n<!-- Modal body -->\r\n<div class=\"modal-body\">\r\n<h2>Pr\u00e4positionen des Ortes \u00dcbersicht<\/h2>\r\n<table class=\"table table-bordered table-hover table-responsive-sm\">\r\n<thead>\r\n<tr class=\"table-danger\">\r\n<th>NEAR \/CLOSE TO \u2794 NEBEN<\/th>\r\n<th>BETWEEN \u2794 ZWISCHEN<\/th>\r\n<th>OUTSIDE OF \u2794 AUSSERHALB<\/th>\r\n<\/tr>\r\n<\/thead>\r\n<tbody>\r\n<tr class=\"table-primary\">\r\n<td>\r\nnear me<br \/>\r\nclose to the group<br \/>\r\nnear school<br \/>\r\nclose to New York<br \/><\/td>\r\n<td>\r\nbetween two people<br \/>\r\nbetween us<br \/>\r\nbetween two houses<br \/>\r\nbetween 6th and 42nd Street<\/td>\r\n<td>\r\noutside the building<br \/>\r\noutside England<br \/>\r\noutside of the box<br \/><\/td>\r\n<\/tr>\r\n<tr class=\"table-danger\">\r\n<th>NEXT TO \/ BESIDE \u2794 NEBEN<\/th>\r\n<th>IN FRONT OF \u2794 VOR<\/th>\r\n<th>OPPOSITE OF \u2794 GEGEN\u00dcBER<\/th>\r\n<\/tr>\r\n<tr class=\"table-warning\">\r\n<td>\r\nnext to you<br \/>\r\nbeside my neighbor<br \/>\r\nnext to our house<br \/>\r\nbeside the barbor shop<br \/>\r\n<br \/><\/td>\r\n<td>\r\nin front of a group<br \/>\r\nin front of me<br \/>\r\nin front our house<br \/>\r\nin front of the garage<br \/><\/td>\r\n<td>\r\nopposite the shop<br \/>\r\nopposite our house <br \/>\r\nopposite the man<br \/><\/td>\r\n<\/tr>\r\n<tr class=\"table-danger\">\r\n<th>ABOVE \u2794 \u00dcBER (STATISCH)<\/th>\r\n<th>BEHIND \u2794\r\nHINTER<\/th>\r\n<th>UNDER \u2794 UNTERHALB<\/th>\r\n<\/tr>\r\n<tr class=\"table-success\">\r\n<td>\r\nabove the door<br \/>\r\nabove our flat<br \/>\r\nabove our heads<br \/><\/td>\r\n<td>\r\nbehind the door<br \/>\r\nbehind their backs<br \/>\r\nbehind our house<br \/><\/td>\r\n<td>\r\nunder our roof<br \/>\r\nunder the bridge<br \/>\r\nunder the table<br \/><\/td>\r\n<\/tr>\r\n<\/tbody>\r\n<\/table>\r\n<\/div>\r\n<!-- Modal footer -->\r\n<div class=\"modal-footer\"><button class=\"btn btn-danger\" type=\"button\" data-dismiss=\"modal\">Close<\/button><\/div>\r\n<\/div>\r\n<\/div>\r\n<\/div>\r\n<\/div>\r\n<\/div>\r\n\r\n<hr>\r\n<div class=\"container\"><button id=\"submitButton\" class=\"btn-lg btn-primary \" type=\"submit\" value=\"submit\">Pr\u00fcfen<\/button><button id=\"resetButton\" class=\"btn-lg btn-success\" type=\"submit\" onclick=\"refreshPage()\">Neustart<\/button><button id=\"submitButton\" class=\"btn-lg btn-info\" type=\"submit\" value=\"submit\" data-toggle=\"modal\" data-target=\"#myModal\">Tipp<\/button>\r\n<hr>\r\n<p id=\"result\"><\/p>\r\n<p id=\"result2\"><\/p>\r\n<h3>Pr\u00e4positionen &#8211; Alle \u00dcbungen<\/h3>\r\n<hr>\r\n<div id=\"bellows-main-31\" class=\"bellows bellows-nojs bellows-main bellows-source-menu bellows-align-full bellows-skin-vanilla bellows-type-\"><ul id=\"menu-prapostionen-ubungen\" class=\"bellows-nav\" data-bellows-config=\"main\"><li id=\"menu-item-4293\" class=\"bellows-menu-item bellows-menu-item-type-post_type bellows-menu-item-object-page bellows-menu-item-4293 bellows-item-level-0\"><a  href=\"https:\/\/english-munich.de\/training\/prapositionen-der-ortes\/\" class=\"bellows-target\"><span class=\"bellows-target-title bellows-target-text\">\u2611\ufe0fPr\u00e4positionen der Ortes<\/span><\/a><\/li>\n<li id=\"menu-item-4298\" class=\"bellows-menu-item bellows-menu-item-type-post_type bellows-menu-item-object-page bellows-menu-item-4298 bellows-item-level-0\"><a  href=\"https:\/\/english-munich.de\/training\/prapositionen-des-ortes\/\" class=\"bellows-target\"><span class=\"bellows-target-title bellows-target-text\">\u270d\ufe0fPr\u00e4positionen des Ortes<\/span><\/a><\/li>\n<li id=\"menu-item-4299\" class=\"bellows-menu-item bellows-menu-item-type-post_type bellows-menu-item-object-page bellows-menu-item-4299 bellows-item-level-0\"><a  href=\"https:\/\/english-munich.de\/training\/prapositionen-des-ortes-2\/\" class=\"bellows-target\"><span class=\"bellows-target-title bellows-target-text\">\u2611\ufe0fPr\u00e4positionen des Ortes<\/span><\/a><\/li>\n<li id=\"menu-item-4294\" class=\"bellows-menu-item bellows-menu-item-type-post_type bellows-menu-item-object-page bellows-menu-item-4294 bellows-item-level-0\"><a  href=\"https:\/\/english-munich.de\/training\/prapositionen-der-richtung\/\" class=\"bellows-target\"><span class=\"bellows-target-title bellows-target-text\">\u2611\ufe0fPr\u00e4positionen der Richtung<\/span><\/a><\/li>\n<li id=\"menu-item-4295\" class=\"bellows-menu-item bellows-menu-item-type-post_type bellows-menu-item-object-page bellows-menu-item-4295 bellows-item-level-0\"><a  href=\"https:\/\/english-munich.de\/training\/prapositionen-der-richtung-2\/\" class=\"bellows-target\"><span class=\"bellows-target-title bellows-target-text\">\u2611\ufe0fPr\u00e4positionen der Richtung<\/span><\/a><\/li>\n<li id=\"menu-item-4296\" class=\"bellows-menu-item bellows-menu-item-type-post_type bellows-menu-item-object-page bellows-menu-item-4296 bellows-item-level-0\"><a  href=\"https:\/\/english-munich.de\/training\/prapositionen-englisch-uebungen\/\" class=\"bellows-target\"><span class=\"bellows-target-title bellows-target-text\">\u270d\ufe0fPr\u00e4positionen der Zeit<\/span><\/a><\/li>\n<li id=\"menu-item-4301\" class=\"bellows-menu-item bellows-menu-item-type-post_type bellows-menu-item-object-page bellows-menu-item-4301 bellows-item-level-0\"><a  href=\"https:\/\/english-munich.de\/training\/prapostitionen-der-zeit\/\" class=\"bellows-target\"><span class=\"bellows-target-title bellows-target-text\">\u2611\ufe0fPr\u00e4postitionen der Zeit<\/span><\/a><\/li>\n<li id=\"menu-item-4297\" class=\"bellows-menu-item bellows-menu-item-type-post_type bellows-menu-item-object-page bellows-menu-item-4297 bellows-item-level-0\"><a  href=\"https:\/\/english-munich.de\/training\/prapostionen-der-zeit\/\" class=\"bellows-target\"><span class=\"bellows-target-title bellows-target-text\">\u270d\ufe0fPr\u00e4positionen der Zeit<\/span><\/a><\/li>\n<li id=\"menu-item-4300\" class=\"bellows-menu-item bellows-menu-item-type-post_type bellows-menu-item-object-page bellows-menu-item-4300 bellows-item-level-0\"><a  href=\"https:\/\/english-munich.de\/training\/prapostionen-beim-gerund\/\" class=\"bellows-target\"><span class=\"bellows-target-title bellows-target-text\">\u270d\ufe0fPr\u00e4postionen beim Gerund<\/span><\/a><\/li>\n<li id=\"menu-item-4292\" class=\"bellows-menu-item bellows-menu-item-type-post_type bellows-menu-item-object-page bellows-menu-item-4292 bellows-item-level-0\"><a  href=\"https:\/\/english-munich.de\/training\/praspositionen-beim-gerund\/\" class=\"bellows-target\"><span class=\"bellows-target-title bellows-target-text\">\u270d\ufe0fPr\u00e4positionen beim Gerund<\/span><\/a><\/li>\n<li id=\"menu-item-5988\" class=\"bellows-menu-item bellows-menu-item-type-post_type bellows-menu-item-object-page bellows-menu-item-5988 bellows-item-level-0\"><a  href=\"https:\/\/english-munich.de\/training\/by-until-unterschied\/\" class=\"bellows-target\"><span class=\"bellows-target-title bellows-target-text\">\u270d\ufe0fby und until<\/span><\/a><\/li>\n<li id=\"menu-item-5989\" class=\"bellows-menu-item bellows-menu-item-type-post_type bellows-menu-item-object-page bellows-menu-item-5989 bellows-item-level-0\"><a  href=\"https:\/\/english-munich.de\/training\/since-und-for-unterschied\/\" class=\"bellows-target\"><span class=\"bellows-target-title bellows-target-text\">\u270d\ufe0fSince und For<\/span><\/a><\/li>\n<\/ul><\/div>\r\n<\/div>\r\n<!-- The Modal -->\r\n<div id=\"myModal2\" class=\"modal fade\">\r\n<div class=\"modal-dialog\">\r\n<div class=\"modal-content\">\r\n\r\n<!-- Modal Header -->\r\n<div class=\"modal-header\">\r\n<h4 class=\"modal-title\">Pr\u00e4positionen des Ortes<\/h4>\r\n<button class=\"close\" type=\"button\" data-dismiss=\"modal\">\u00d7<\/button>\r\n\r\n<\/div>\r\n<!-- Modal body -->\r\n<div class=\"modal-body\">\r\n<h2>Pr\u00e4positionen des Ortes \u00dcbersicht<\/h2>\r\n<img decoding=\"async\" src=\"https:\/\/english-munich.de\/training\/wp-content\/uploads\/2022\/04\/englisch-praepositionen.png\" alt=\"pr\u00e4positionen-Englisch-Ort\">\r\n<\/div>\r\n<!-- Modal footer -->\r\n<div class=\"modal-footer\"><button class=\"btn btn-danger\" type=\"button\" data-dismiss=\"modal\">Close<\/button><\/div>\r\n<\/div>\r\n<\/div>\r\n<\/div>\r\n","protected":false},"excerpt":{"rendered":"Pr\u00e4positionen des Ortes \u00dcbungen zur korrekten Verwendung von Verh\u00e4ltnisw\u00f6rtern des Ortes Beispiel \u24ffThe picture hangs__________ the door don&#8217;t do above doesn&#8217;t Die richtige L\u00f6sung ist: above &nbsp;&nbsp;Tipp \u2611\ufe0f W\u00e4hle das richtige Verh\u00e4ltniswort des Ortes als Erg\u00e4nzung f\u00fcr die L\u00fccke: \u2776Our car is parked__________two trucks. above between under Tipp \u2777 You have to think__________the box. outside [&hellip;]","protected":false},"author":3,"featured_media":0,"parent":0,"menu_order":0,"comment_status":"closed","ping_status":"closed","template":"","meta":[],"_links":{"self":[{"href":"https:\/\/english-munich.de\/training\/wp-json\/wp\/v2\/pages\/2549"}],"collection":[{"href":"https:\/\/english-munich.de\/training\/wp-json\/wp\/v2\/pages"}],"about":[{"href":"https:\/\/english-munich.de\/training\/wp-json\/wp\/v2\/types\/page"}],"author":[{"embeddable":true,"href":"https:\/\/english-munich.de\/training\/wp-json\/wp\/v2\/users\/3"}],"replies":[{"embeddable":true,"href":"https:\/\/english-munich.de\/training\/wp-json\/wp\/v2\/comments?post=2549"}],"version-history":[{"count":22,"href":"https:\/\/english-munich.de\/training\/wp-json\/wp\/v2\/pages\/2549\/revisions"}],"predecessor-version":[{"id":12034,"href":"https:\/\/english-munich.de\/training\/wp-json\/wp\/v2\/pages\/2549\/revisions\/12034"}],"wp:attachment":[{"href":"https:\/\/english-munich.de\/training\/wp-json\/wp\/v2\/media?parent=2549"}],"curies":[{"name":"wp","href":"https:\/\/api.w.org\/{rel}","templated":true}]}}