{"id":2469,"date":"2020-06-06T09:34:18","date_gmt":"2020-06-06T09:34:18","guid":{"rendered":"https:\/\/english-munich.de\/training\/?page_id=2469"},"modified":"2021-10-29T11:07:53","modified_gmt":"2021-10-29T11:07:53","slug":"prapositionen-der-richtung","status":"publish","type":"page","link":"https:\/\/english-munich.de\/training\/prapositionen-der-richtung\/","title":{"rendered":"Pr\u00e4positionen der Richtung"},"content":{"rendered":"<div class=\"jumbotron text-center\">\r\n<h2>Pr\u00e4positionen der Richtung<\/h2>\r\n\u00dcbungen zur korrekten Verwendung von Verh\u00e4ltnisw\u00f6rtern der Richtung\r\n\r\n<\/div>\r\n<div class=\"bs-example\">\r\n<div id=\"accordionExample\" class=\"accordion\">\r\n<div class=\"card\">\r\n<div id=\"headingOne\" class=\"card-header\">\r\n<h2 class=\"number\"><button class=\"btn btn-link collapsed\" type=\"button\" data-toggle=\"collapse\" data-target=\"#collapseOne\">Beispiel<\/button><\/h2>\r\n<\/div>\r\n<div id=\"collapseOne\" class=\"collapse\" aria-labelledby=\"headingOne\" data-parent=\"#accordionExample\">\r\n<div class=\"card-body\">\r\n<div class=\"form-group\" style=\"width: 70%; margin: 10px;\"><label for=\"sel1\"><span class=\"number\">\u24ff<\/span>Why should I go__________ the room first?<\/label>\r\n<select id=\"beispiel\" class=\"form-control\">\r\n<option value=\"wrong\">don&#8217;t do<\/option>\r\n<option value=\"correct\">into<\/option>\r\n<option value=\"wrong\">doesn&#8217;t <\/option>\r\n<\/select>\r\n\r\nDie richtige L\u00f6sung ist: <b> into<\/b>&nbsp;&nbsp;<button class=\"btn-lg btn-info\" type=\"button\" value=\"submit\" data-toggle=\"modal\" data-target=\"#myModal\">Tipp<\/button>\r\n\r\n<\/div>\r\n<\/div>\r\n<\/div>\r\n<\/div>\r\n<\/div>\r\n<br \/><br \/>\r\n<div class=\"container well\">\r\n<h4>\u2611\ufe0f W\u00e4hle das richtige Verh\u00e4ltniswort der Richtung als Erg\u00e4nzung f\u00fcr die L\u00fccke:<\/h4>\r\n\r\n<hr>\r\n\r\n<br \/>\r\n<div class=\"container-fluid\">\r\n<div class=\"form-group\" style=\"width: 70%;\"><label for=\"sel1\"><span class=\"number\">\u2776<\/span>We have to move __________this area quickly. It&#8217;s not safe.<\/label>\r\n<select id=\"q0\" class=\"form-control\"><option value=\"correct\"><\/option>\r\n<option value=\"wrong\">towards<\/option>\r\n<option value=\"correct\">through<\/option>\r\n<option value=\"wrong\">down<\/option>\r\n<\/select>\r\n<p id=\"correct0\" align=\"left\"><\/p>\r\n<a class=\"btn btn-success tipp0 hidden\" style=\"text-decoration: none, color:white;\" title=\"through this area...\" href=\"#0\" data-toggle=\"popover\" data-placement=\"top\" data-trigger=\"hover\" data-content=\"'through the area' \u2794 durch die Umgebung;\">Tipp<\/a>\r\n\r\n<\/div>\r\n<div class=\"form-group\" style=\"width: 70%;\"><label for=\"sel1\"><span class=\"number\">\u2777<\/span> The car drove__________ the curve really fast. <\/label>\r\n<select id=\"q1\" class=\"form-control\"><option value=\"correct\"><\/option>\r\n<option value=\"correct\">around<\/option>\r\n<option value=\"wrong\">up<\/option>\r\n<option value=\"wrong\">down<\/option>\r\n<\/select>\r\n<p id=\"correct1\" align=\"left\"><\/p>\r\n<a class=\"btn btn-success tipp1 hidden\" style=\"text-decoration: none, color:white;\" title=\"around the curve...\" href=\"#1\" data-toggle=\"popover\" data-placement=\"top\" data-trigger=\"hover\" data-content=\"'around the curve' \u2794 'um die Kurve'\">Tipp<\/a>\r\n\r\n<\/div>\r\n<div class=\"form-group\" style=\"width: 70%;\"><label for=\"sel1\"><span class=\"number\">\u2778<\/span>The cat jumped_______the fence.<\/label>\r\n<select id=\"q2\" class=\"form-control\"><option value=\"correct\"><\/option>\r\n<option value=\"correct\">over<\/option>\r\n<option value=\"wrong\">through<\/option>\r\n<option value=\"wrong\">across<\/option>\r\n<\/select>\r\n<p id=\"correct2\" align=\"left\"><\/p>\r\n<a class=\"btn btn-success tipp2 hidden\" style=\"text-decoration: none, color:white;\" title=\"The cat jumped over the fence.\" href=\"#2\" data-toggle=\"popover\" data-placement=\"top\" data-trigger=\"hover\" data-content=\"'The cat jumped over the fence.'  \u2794  'Die Katze sprang \u00fcber den Zaun.'  \">Tipp<\/a>\r\n\r\n<\/div>\r\n<div class=\"form-group\" style=\"width: 70%;\"><label for=\"sel1\"><span class=\"number\">\u2779<\/span>We took a walk________the river<\/label>\r\n<select id=\"q3\" class=\"form-control\"><option value=\"correct\"><\/option>\r\n<option value=\"wrong\">through<\/option>\r\n<option value=\"correct\">along<\/option>\r\n<option value=\"wrong\">into<\/option>\r\n<\/select>\r\n<p id=\"correct3\" align=\"left\"><\/p>\r\n<a class=\"btn btn-success tipp3 hidden\" style=\"text-decoration: none, color:white;\" title=\"...along the river\" href=\"#3\" data-toggle=\"popover\" data-placement=\"top\" data-trigger=\"hover\" data-content=\"Deutsch: 'den Fluss entlang Land'\u2794 Englisch: 'along the river'\">Tipp<\/a>\r\n\r\n<\/div>\r\n<div class=\"form-group\" style=\"width: 70%;\"><label for=\"sel1\"><span class=\"number\">\u277a<\/span>I&#8217;m not going __________ this house. It&#8217;s haunted.<\/label>\r\n<select id=\"q4\" class=\"form-control\"><option value=\"correct\"><\/option>\r\n<option value=\"wrong\">up<\/option>\r\n<option value=\"wrong\">through<\/option>\r\n<option value=\"correct\">into<\/option>\r\n<\/select>\r\n<p id=\"correct4\" align=\"left\"><\/p>\r\n<a class=\"btn btn-success tipp4 hidden\" style=\"text-decoration: none, color:white;\" title=\"...into the house\" href=\"#4\" data-toggle=\"popover\" data-placement=\"top\" data-trigger=\"hover\" data-content=\"Deutsch: 'in das Haus' \u2794 Englisch:'into the house'. \">Tipp<\/a>\r\n\r\n<\/div>\r\n<div class=\"form-group\" style=\"width: 70%;\"><label for=\"sel1\"><span class=\"number\">\u277b<\/span>The plane flew __________ the city.<\/label>\r\n<select id=\"q5\" class=\"form-control\"><option value=\"correct\"><\/option>\r\n<option value=\"wrong\">on<\/option>\r\n<option value=\"wrong\">in<\/option>\r\n<option value=\"correct\">over<\/option>\r\n<\/select>\r\n<p id=\"correct5\" align=\"left\"><\/p>\r\n<a class=\"btn btn-success tipp5 hidden\" style=\"text-decoration: none, color:white;\" title=\"over the city...\" href=\"#5\" data-toggle=\"popover\" data-placement=\"top\" data-trigger=\"hover\" data-content=\"'\u00fcber' bei Richtungsanzeige \u2794 Englisch : 'over' \">Tipp<\/a>\r\n\r\n<\/div>\r\n<div class=\"form-group\" style=\"width: 70%;\"><label for=\"sel1\"><span class=\"number\">\u277c<\/span>I know Angela __________ my neighbors .<\/label>\r\n<select id=\"q6\" class=\"form-control\"><option value=\"correct\"><\/option>\r\n<option value=\"correct\">through<\/option>\r\n<option value=\"wrong\">into<\/option>\r\n<option value=\"wrong\">towards<\/option>\r\n<\/select>\r\n<p id=\"correct6\" align=\"left\"><\/p>\r\n<a class=\"btn btn-success tipp6 hidden\" style=\"text-decoration: none, color:white;\" title=\"...through my neighbors.\" href=\"#6\" data-toggle=\"popover\" data-placement=\"top\" data-trigger=\"hover\" data-content=\"'\u00fcber' bei Personen \u2794 Englisch : 'through'\">Tipp<\/a>\r\n\r\n<\/div>\r\n<div class=\"form-group\" style=\"width: 70%;\"><label for=\"sel1\"><span class=\"number\">\u277d<\/span>She skied __________ the hill.<\/label>\r\n<select id=\"q7\" class=\"form-control\"><option value=\"correct\"><\/option>\r\n<option value=\"wrong\">up<\/option>\r\n<option value=\"wrong\">across<\/option>\r\n<option value=\"correct\">down<\/option>\r\n<\/select>\r\n<p id=\"correct7\" align=\"left\"><\/p>\r\n<a class=\"btn btn-success tipp7 hidden\" style=\"text-decoration: none, color:white;\" title=\"...down the hill.\" href=\"#7\" data-toggle=\"popover\" data-placement=\"top\" data-trigger=\"hover\" data-content=\"'den Berg hinunter' \u2794 Englisch : 'down the hill' \">Tipp<\/a>\r\n\r\n<\/div>\r\n<div class=\"form-group\" style=\"width: 70%;\"><label for=\"sel1\"><span class=\"number\">\u277e<\/span> He comes__________ Russia.<\/label>\r\n<select id=\"q8\" class=\"form-control\"><option value=\"correct\"><\/option>\r\n<option value=\"wrong\">up<\/option>\r\n<option value=\"wrong\">towards<\/option>\r\n<option value=\"correct\">from<\/option>\r\n<\/select>\r\n<p id=\"correct8\" align=\"left\"><\/p>\r\n<a class=\"btn btn-success tipp8 hidden\" style=\"text-decoration: none, color:white;\" title=\"He comes from Russia.\" href=\"#8\" data-toggle=\"popover\" data-placement=\"top\" data-trigger=\"hover\" data-content=\" Deutsch : 'aus Russland' \u2794 Englisch : 'from Russia'\">Tipp<\/a>\r\n\r\n<\/div>\r\n<div class=\"form-group\" style=\"width: 70%;\"><label for=\"sel1\"><span class=\"number\">\u277f<\/span> The ship is sailing directly _________the storm <\/label>\r\n<select id=\"q9\" class=\"form-control\"><option value=\"correct\"><\/option>\r\n<option value=\"correct\">towards<\/option>\r\n<option value=\"wrong\">up<\/option>\r\n<option value=\"wrong\">over<\/option>\r\n<\/select>\r\n<p id=\"correct9\" align=\"left\"><\/p>\r\n<a class=\"btn btn-success tipp9 hidden\" style=\"text-decoration: none, color:white;\" title=\"...towards the storm.\" href=\"#9\" data-toggle=\"popover\" data-placement=\"top\" data-trigger=\"hover\" data-content=\" Deutsch: 'auf den Sturm zu' \u2794 Englisch: 'towards the storm'\">Tipp<\/a>\r\n\r\n<\/div>\r\n<\/div>\r\n\r\n<!-- The Modal -->\r\n<div id=\"myModal\" class=\"modal fade\">\r\n<div class=\"modal-dialog\">\r\n<div class=\"modal-content\">\r\n\r\n<!-- Modal Header -->\r\n<div class=\"modal-header\">\r\n<h4 class=\"modal-title\">Pr\u00e4positionen der Richtung<\/h4>\r\n<button class=\"close\" type=\"button\" data-dismiss=\"modal\">\u00d7<\/button>\r\n\r\n<\/div>\r\n<!-- Modal body -->\r\n<div class=\"modal-body\">\r\n<h2>Pr\u00e4positionen der Richtung \u00dcbersicht<\/h2>\r\n<table class=\"table table-bordered table-hover table-responsive-sm\">\r\n<thead>\r\n<tr class=\"table-danger\">\r\n<th>THROUGH \u2794 DURCH<\/th>\r\n<th>FROM \u2794\r\nVON\/AUS<\/th>\r\n<th>INTO \u2794\r\nHINEIN<\/th>\r\n<\/tr>\r\n<\/thead>\r\n<tbody>\r\n<tr class=\"table-primary\">\r\n<td><b>Leute:<\/b><br \/>\r\nthrough my friends<br \/>\r\nthrough you<br \/>\r\n<b>Fl\u00e4chen:<\/b>  <br \/>\r\nthrough the park<br \/>\r\nthrough the field<br \/><\/td>\r\n<td><b>Leute:<\/b><br \/>\r\nfrom you<br \/>\r\nfrom my mother <br \/>\r\n<b>Orte:<\/b><br \/>\r\nfrom home<br \/>\r\nfrom Russia with love<\/td>\r\n<td><b>Leute:<\/b><br \/>\r\ninto you<br \/>\r\ninto our neighbors <br \/>\r\n<b>Orte:<\/b><br \/>\r\ninto the room<br \/>\r\ninto the wild<\/td>\r\n<\/tr>\r\n<tr class=\"table-danger\">\r\n<th>UP \u2794 HINAUF<\/th>\r\n<th>DOWN \u2794 HINUNTER<\/th>\r\n<th>TOWARDS \u2794 AUF\/ZU<\/th>\r\n<\/tr>\r\n<tr class=\"table-warning\">\r\n<td><b>nach oben:<\/b><br \/>\r\nup the hill<br \/>\r\nup the street <br \/>\r\nup the building<br \/><\/td>\r\n<td><b>nach unten:<\/b><br \/>\r\ndown the hill<br \/>\r\ndown the drain<br \/>\r\ndown the slope<br \/><\/td>\r\n<td><b>auf zu:<\/b><br \/>\r\ntowards the river<br \/>\r\ntowards the house <br \/>\r\ntowards the car<br \/><\/td>\r\n<\/tr>\r\n<tr class=\"table-danger\">\r\n<th>AROUND \u2794 HERUM<\/th>\r\n<th>ALONG \u2794 ENTLANG<\/th>\r\n<th>OVER \u2794 \u00dcBER<\/th>\r\n<\/tr>\r\n<tr class=\"table-success\">\r\n<td><b>um herum:<\/b><br \/>\r\naround the curve<br \/>\r\naround the corner<br \/>\r\naround the block<br \/><\/td>\r\n<td><b>entlang:<\/b><br \/>\r\nalong the river<br \/>\r\nalong the street<br \/>\r\nalong the sidewalk<br \/><\/td>\r\n<td><b>\u00fcber:<\/b><br \/>\r\nover the fence<br \/>\r\nover the city<br \/>\r\nover the border<br \/><\/td>\r\n<\/tr>\r\n<\/tbody>\r\n<\/table>\r\n<\/div>\r\n<!-- Modal footer -->\r\n<div class=\"modal-footer\"><button class=\"btn btn-danger\" type=\"button\" data-dismiss=\"modal\">Close<\/button><\/div>\r\n<\/div>\r\n<\/div>\r\n<\/div>\r\n<\/div>\r\n<\/div>\r\n<br \/>\r\n<div class=\"container\"><button id=\"submitButton\" class=\"btn-lg btn-primary \" type=\"submit\" value=\"submit\">Pr\u00fcfen<\/button><button id=\"resetButton\" class=\"btn-lg btn-success\" type=\"submit\" onclick=\"refreshPage()\">Neustart<\/button><button id=\"submitButton\" class=\"btn-lg btn-info\" type=\"submit\" value=\"submit\" data-toggle=\"modal\" data-target=\"#myModal\">Tipp<\/button>\r\n<hr>\r\n\r\n<p id=\"result\"><\/p>\r\n<p id=\"result2\"><\/p>\r\n\r\n<h3>Pr\u00e4positionen &#8211; Alle \u00dcbungen<\/h3>\r\n<hr>\r\n<div id=\"bellows-main-31\" class=\"bellows bellows-nojs bellows-main bellows-source-menu bellows-align-full bellows-skin-vanilla bellows-type-\"><ul id=\"menu-prapostionen-ubungen\" class=\"bellows-nav\" data-bellows-config=\"main\"><li id=\"menu-item-4293\" class=\"bellows-menu-item bellows-menu-item-type-post_type bellows-menu-item-object-page bellows-menu-item-4293 bellows-item-level-0\"><a  href=\"https:\/\/english-munich.de\/training\/prapositionen-der-ortes\/\" class=\"bellows-target\"><span class=\"bellows-target-title bellows-target-text\">\u2611\ufe0fPr\u00e4positionen der Ortes<\/span><\/a><\/li>\n<li id=\"menu-item-4298\" class=\"bellows-menu-item bellows-menu-item-type-post_type bellows-menu-item-object-page bellows-menu-item-4298 bellows-item-level-0\"><a  href=\"https:\/\/english-munich.de\/training\/prapositionen-des-ortes\/\" class=\"bellows-target\"><span class=\"bellows-target-title bellows-target-text\">\u270d\ufe0fPr\u00e4positionen des Ortes<\/span><\/a><\/li>\n<li id=\"menu-item-4299\" class=\"bellows-menu-item bellows-menu-item-type-post_type bellows-menu-item-object-page bellows-menu-item-4299 bellows-item-level-0\"><a  href=\"https:\/\/english-munich.de\/training\/prapositionen-des-ortes-2\/\" class=\"bellows-target\"><span class=\"bellows-target-title bellows-target-text\">\u2611\ufe0fPr\u00e4positionen des Ortes<\/span><\/a><\/li>\n<li id=\"menu-item-4294\" class=\"bellows-menu-item bellows-menu-item-type-post_type bellows-menu-item-object-page bellows-menu-item-4294 bellows-item-level-0\"><a  href=\"https:\/\/english-munich.de\/training\/prapositionen-der-richtung\/\" class=\"bellows-target\"><span class=\"bellows-target-title bellows-target-text\">\u2611\ufe0fPr\u00e4positionen der Richtung<\/span><\/a><\/li>\n<li id=\"menu-item-4295\" class=\"bellows-menu-item bellows-menu-item-type-post_type bellows-menu-item-object-page bellows-menu-item-4295 bellows-item-level-0\"><a  href=\"https:\/\/english-munich.de\/training\/prapositionen-der-richtung-2\/\" class=\"bellows-target\"><span class=\"bellows-target-title bellows-target-text\">\u2611\ufe0fPr\u00e4positionen der Richtung<\/span><\/a><\/li>\n<li id=\"menu-item-4296\" class=\"bellows-menu-item bellows-menu-item-type-post_type bellows-menu-item-object-page bellows-menu-item-4296 bellows-item-level-0\"><a  href=\"https:\/\/english-munich.de\/training\/prapositionen-englisch-uebungen\/\" class=\"bellows-target\"><span class=\"bellows-target-title bellows-target-text\">\u270d\ufe0fPr\u00e4positionen der Zeit<\/span><\/a><\/li>\n<li id=\"menu-item-4301\" class=\"bellows-menu-item bellows-menu-item-type-post_type bellows-menu-item-object-page bellows-menu-item-4301 bellows-item-level-0\"><a  href=\"https:\/\/english-munich.de\/training\/prapostitionen-der-zeit\/\" class=\"bellows-target\"><span class=\"bellows-target-title bellows-target-text\">\u2611\ufe0fPr\u00e4postitionen der Zeit<\/span><\/a><\/li>\n<li id=\"menu-item-4297\" class=\"bellows-menu-item bellows-menu-item-type-post_type bellows-menu-item-object-page bellows-menu-item-4297 bellows-item-level-0\"><a  href=\"https:\/\/english-munich.de\/training\/prapostionen-der-zeit\/\" class=\"bellows-target\"><span class=\"bellows-target-title bellows-target-text\">\u270d\ufe0fPr\u00e4positionen der Zeit<\/span><\/a><\/li>\n<li id=\"menu-item-4300\" class=\"bellows-menu-item bellows-menu-item-type-post_type bellows-menu-item-object-page bellows-menu-item-4300 bellows-item-level-0\"><a  href=\"https:\/\/english-munich.de\/training\/prapostionen-beim-gerund\/\" class=\"bellows-target\"><span class=\"bellows-target-title bellows-target-text\">\u270d\ufe0fPr\u00e4postionen beim Gerund<\/span><\/a><\/li>\n<li id=\"menu-item-4292\" class=\"bellows-menu-item bellows-menu-item-type-post_type bellows-menu-item-object-page bellows-menu-item-4292 bellows-item-level-0\"><a  href=\"https:\/\/english-munich.de\/training\/praspositionen-beim-gerund\/\" class=\"bellows-target\"><span class=\"bellows-target-title bellows-target-text\">\u270d\ufe0fPr\u00e4positionen beim Gerund<\/span><\/a><\/li>\n<li id=\"menu-item-5988\" class=\"bellows-menu-item bellows-menu-item-type-post_type bellows-menu-item-object-page bellows-menu-item-5988 bellows-item-level-0\"><a  href=\"https:\/\/english-munich.de\/training\/by-until-unterschied\/\" class=\"bellows-target\"><span class=\"bellows-target-title bellows-target-text\">\u270d\ufe0fby und until<\/span><\/a><\/li>\n<li id=\"menu-item-5989\" class=\"bellows-menu-item bellows-menu-item-type-post_type bellows-menu-item-object-page bellows-menu-item-5989 bellows-item-level-0\"><a  href=\"https:\/\/english-munich.de\/training\/since-und-for-unterschied\/\" class=\"bellows-target\"><span class=\"bellows-target-title bellows-target-text\">\u270d\ufe0fSince und For<\/span><\/a><\/li>\n<\/ul><\/div>\r\n<\/div>\r\n","protected":false},"excerpt":{"rendered":"Pr\u00e4positionen der Richtung \u00dcbungen zur korrekten Verwendung von Verh\u00e4ltnisw\u00f6rtern der Richtung Beispiel \u24ffWhy should I go__________ the room first? don&#8217;t do into doesn&#8217;t Die richtige L\u00f6sung ist: into&nbsp;&nbsp;Tipp \u2611\ufe0f W\u00e4hle das richtige Verh\u00e4ltniswort der Richtung als Erg\u00e4nzung f\u00fcr die L\u00fccke: \u2776We have to move __________this area quickly. It&#8217;s not safe. towards through down Tipp \u2777 [&hellip;]","protected":false},"author":3,"featured_media":0,"parent":0,"menu_order":0,"comment_status":"closed","ping_status":"closed","template":"","meta":[],"_links":{"self":[{"href":"https:\/\/english-munich.de\/training\/wp-json\/wp\/v2\/pages\/2469"}],"collection":[{"href":"https:\/\/english-munich.de\/training\/wp-json\/wp\/v2\/pages"}],"about":[{"href":"https:\/\/english-munich.de\/training\/wp-json\/wp\/v2\/types\/page"}],"author":[{"embeddable":true,"href":"https:\/\/english-munich.de\/training\/wp-json\/wp\/v2\/users\/3"}],"replies":[{"embeddable":true,"href":"https:\/\/english-munich.de\/training\/wp-json\/wp\/v2\/comments?post=2469"}],"version-history":[{"count":19,"href":"https:\/\/english-munich.de\/training\/wp-json\/wp\/v2\/pages\/2469\/revisions"}],"predecessor-version":[{"id":10280,"href":"https:\/\/english-munich.de\/training\/wp-json\/wp\/v2\/pages\/2469\/revisions\/10280"}],"wp:attachment":[{"href":"https:\/\/english-munich.de\/training\/wp-json\/wp\/v2\/media?parent=2469"}],"curies":[{"name":"wp","href":"https:\/\/api.w.org\/{rel}","templated":true}]}}