{"id":2340,"date":"2020-06-05T05:33:25","date_gmt":"2020-06-05T05:33:25","guid":{"rendered":"https:\/\/english-munich.de\/training\/?page_id=2340"},"modified":"2021-11-09T18:29:44","modified_gmt":"2021-11-09T18:29:44","slug":"prapostionen-der-zeit","status":"publish","type":"page","link":"https:\/\/english-munich.de\/training\/prapostionen-der-zeit\/","title":{"rendered":"Pr\u00e4positionen der Zeit"},"content":{"rendered":"<div class=\"jumbotron text-center\">\r\n<h2>Pr\u00e4positionen der Zeit<\/h2>\r\n\u00dcbungen zu Verh\u00e4ltnisw\u00f6rtern der Zeit\r\n\r\n<\/div>\r\n<div class=\"bs-example\">\r\n<div class=\"accordion\" id=\"accordionExample\">\r\n<div class=\"card\">\r\n<div class=\"card-header\" id=\"headingOne\">\r\n<h2 class=\"mb-0\" style=\"color:#000\">\r\n                    <button type=\"button\" class=\"btn btn-link collapsed\" data-toggle=\"collapse\" data-target=\"#collapseOne\">Beispiel<\/button><\/h2>\r\n<\/div>\r\n<div id=\"collapseOne\" class=\"collapse\" aria-labelledby=\"headingOne\" data-parent=\"#accordionExample\">\r\n<div class=\"card-body\">\r\n<div class=\"form\">\r\n<div>\r\n<input type=\"text\" class=\"form-control\" id=\"panel-beispiel\" disabled=\"\" value=\"at\"> 10 o&#8217;clock &nbsp;&nbsp;\r\n<\/div><div>\r\nDie richtige L\u00f6sung ist: <i>at<\/i>&nbsp;&nbsp;<button class=\"btn-lg btn-info\" type=\"button\" value=\"submit\" data-toggle=\"modal\" data-target=\"#myModal\">Tipp<\/button>\r\n<\/div>\r\n<\/div>\r\n<\/div>\r\n<\/div>\r\n<\/div>\r\n<\/div>\r\n<br \/><br \/>\r\n<div class=\"container well\">\r\n<h4>\u270d\ufe0f F\u00fclle die richtige Pr\u00e4position der Zeit  in die L\u00fccken <i>(at, in, on oder &#8218;x&#8216; wenn keine Pr\u00e4position notwendig ist)<\/i>:<\/h4>\r\n\r\n<hr>\r\n\r\n<br \/>\r\n<div class=\"container\">\r\n<div class=\"row\">\r\n<div>\r\n<input type=\"text\" class=\"form-control\" id=\"q0\" autocomplete=\"off\"> Monday\r\n<p id=\"correct0\" align=\"left\"><\/p>\r\n\r\n<\/div>\r\n<div>\r\n<input type=\"text\" class=\"form-control\" id=\"q1\" autocomplete=\"off\"> 16th February\r\n<p id=\"correct1\" align=\"left\"><\/p>\r\n\r\n<\/div>\r\n<div>\r\n<input type=\"text\" class=\"form-control\" id=\"q2\" autocomplete=\"off\"> 3 o&#8217;clock\r\n<p id=\"correct2\" align=\"left\"><\/p>\r\n\r\n<\/div>\r\n<\/div>\r\n<div class=\"row\">\r\n<div>\r\n<input type=\"text\" class=\"form-control\" id=\"q3\" autocomplete=\"off\"> 1975\r\n<p id=\"correct3\" align=\"left\"><\/p>\r\n\r\n<\/div>\r\n<div>\r\n<input type=\"text\" class=\"form-control\" id=\"q4\" autocomplete=\"off\"> the evening\r\n<p id=\"correct4\" align=\"left\"><\/p>\r\n\r\n<\/div>\r\n<div>\r\n<input type=\"text\" class=\"form-control\" id=\"q5\" autocomplete=\"off\"> a quarter to five\r\n<p id=\"correct5\" align=\"left\"><\/p>\r\n\r\n<\/div>\r\n<\/div>\r\n<div class=\"row\">\r\n<div>\r\n<input type=\"text\" class=\"form-control\" id=\"q6\" autocomplete=\"off\"> night\r\n<p id=\"correct6\" align=\"left\"><\/p>\r\n\r\n<\/div>\r\n<div>\r\n<input type=\"text\" class=\"form-control\" id=\"q7\" autocomplete=\"off\"> the afternoon\r\n<p id=\"correct7\" align=\"left\"><\/p>\r\n\r\n<\/div>\r\n<div>\r\n<input type=\"text\" class=\"form-control\" id=\"q8\" autocomplete=\"off\"> the daytime\r\n<p id=\"correct8\" align=\"left\"><\/p>\r\n\r\n<\/div>\r\n<\/div>\r\n<div class=\"row\">\r\n<div>\r\n<input type=\"text\" class=\"form-control\" id=\"q9\" autocomplete=\"off\"> sunset\r\n<p id=\"correct9\" align=\"left\"><\/p>\r\n\r\n<\/div>\r\n<div>\r\n<input type=\"text\" class=\"form-control\" id=\"q10\" autocomplete=\"off\"> dinner time\r\n<p id=\"correct10\" align=\"left\"><\/p>\r\n\r\n<\/div>\r\n<div>\r\n<input type=\"text\" class=\"form-control\" id=\"q11\" autocomplete=\"off\"> Easter\r\n<p id=\"correct11\" align=\"left\"><\/p>\r\n\r\n<\/div>\r\n<\/div>\r\n<div class=\"row\">\r\n<div>\r\n<input type=\"text\" class=\"form-control\" id=\"q12\" autocomplete=\"off\">  Easter Monday\r\n<p id=\"correct12\" align=\"left\"><\/p>\r\n\r\n<\/div>\r\n<div>\r\n<input type=\"text\" class=\"form-control\" id=\"q13\" autocomplete=\"off\"> Saturday\r\n<p id=\"correct13\" align=\"left\"><\/p>\r\n\r\n<\/div>\r\n<div>\r\n<input type=\"text\" class=\"form-control\" id=\"q14\" autocomplete=\"off\"> the moment\r\n<p id=\"correct14\" align=\"left\"><\/p>\r\n\r\n<\/div>\r\n<\/div>\r\n<div class=\"row\">\r\n<div>\r\n<input type=\"text\" class=\"form-control\" id=\"q15\" autocomplete=\"off\"> your age\r\n<p id=\"correct15\" align=\"left\"><\/p>\r\n\r\n<\/div>\r\n<div>\r\n<input type=\"text\" class=\"form-control\" id=\"q16\" autocomplete=\"off\"> 5:45 am\r\n<p id=\"correct16\" align=\"left\"><\/p>\r\n\r\n<\/div>\r\n<div>\r\n<input type=\"text\" class=\"form-control\" id=\"q17\" autocomplete=\"off\"> my birthday\r\n<p id=\"correct17\" align=\"left\"><\/p>\r\n\r\n<\/div>\r\n<\/div>\r\n<div class=\"row\">\r\n<div>\r\n<input type=\"text\" class=\"form-control\" id=\"q18\" autocomplete=\"off\"> the beginning\r\n<p id=\"correct18\" align=\"left\"><\/p>\r\n\r\n<\/div>\r\n<div>\r\n<input type=\"text\" class=\"form-control\" id=\"q19\" autocomplete=\"off\"> the end\r\n<p id=\"correct19\" align=\"left\"><\/p>\r\n\r\n<\/div>\r\n<div>\r\n<input type=\"text\" class=\"form-control\" id=\"q20\" autocomplete=\"off\"> Memorial Day\r\n<p id=\"correct20\" align=\"left\"><\/p>\r\n\r\n<\/div>\r\n<\/div>\r\n<div class=\"row\">\r\n<div>\r\n<input type=\"text\" class=\"form-control\" id=\"q21\" autocomplete=\"off\"> next Friday\r\n<p id=\"correct21\" align=\"left\"><\/p>\r\n\r\n<\/div>\r\n<div>\r\n<input type=\"text\" class=\"form-control\" id=\"q22\" autocomplete=\"off\"> New Year&#8217;s Eve\r\n<p id=\"correct22\" align=\"left\"><\/p>\r\n\r\n<\/div>\r\n<div>\r\n<input type=\"text\" class=\"form-control\" id=\"q23\" autocomplete=\"off\"> half-time\r\n<p id=\"correct23\" align=\"left\"><\/p>\r\n\r\n<\/div>\r\n<\/div>\r\n<div class=\"row\">\r\n<div>\r\n<input type=\"text\" class=\"form-control\" id=\"q24\" autocomplete=\"off\"> the weekend\r\n<p id=\"correct24\" align=\"left\"><\/p>\r\n\r\n<\/div>\r\n<div>\r\n<input type=\"text\" class=\"form-control\" id=\"q25\" autocomplete=\"off\"> breakfast-time\r\n<p id=\"correct25\" align=\"left\"><\/p>\r\n\r\n<\/div>\r\n<div>\r\n<input type=\"text\" class=\"form-control\" id=\"q26\" autocomplete=\"off\"> last Christmas\r\n<p id=\"correct26\" align=\"left\"><\/p>\r\n\r\n<\/div>\r\n<\/div>\r\n<div class=\"row\">\r\n<div>\r\n<input type=\"text\" class=\"form-control\" id=\"q27\" autocomplete=\"off\"> Sunday morning\r\n<p id=\"correct27\" align=\"left\"><\/p>\r\n\r\n<\/div>\r\n<div>\r\n<input type=\"text\" class=\"form-control\" id=\"q28\" autocomplete=\"off\"> the morning\r\n<p id=\"correct28\" align=\"left\"><\/p>\r\n\r\n<\/div>\r\n<div>\r\n <input type=\"text\" class=\"form-control\" id=\"q29\" autocomplete=\"off\"> this morning\r\n<p id=\"correct29\" align=\"left\"><\/p>\r\n\r\n<\/div>\r\n<\/div>\r\n<\/div>\r\n<!-- The Modal -->\r\n<div id=\"myModal\" class=\"modal\">\r\n<div class=\"modal-dialog\">\r\n<div class=\"modal-content\">\r\n\r\n<!-- Modal Header -->\r\n<div class=\"modal-header\">\r\n<h4 class=\"modal-title\">Pr\u00e4positionen der Zeit<\/h4>\r\n<button class=\"close\" type=\"button\" data-dismiss=\"modal\">\u00d7<\/button>\r\n\r\n<\/div>\r\n<!-- Modal body -->\r\n<div class=\"modal-body\"><img decoding=\"async\" loading=\"lazy\" src=\"https:\/\/english-munich.de\/training\/wp-content\/uploads\/2021\/01\/prepositions-of-time-410x1024.jpg\" alt=\"preposition of time\" width=\"410\" height=\"1024\" class=\"alignnone size-large wp-image-4304\" srcset=\"https:\/\/english-munich.de\/training\/wp-content\/uploads\/2021\/01\/prepositions-of-time-410x1024.jpg 410w, https:\/\/english-munich.de\/training\/wp-content\/uploads\/2021\/01\/prepositions-of-time-120x300.jpg 120w, https:\/\/english-munich.de\/training\/wp-content\/uploads\/2021\/01\/prepositions-of-time-768x1920.jpg 768w, https:\/\/english-munich.de\/training\/wp-content\/uploads\/2021\/01\/prepositions-of-time.jpg 800w\" sizes=\"(max-width: 410px) 100vw, 410px\" \/><\/div>\r\n<!-- Modal footer -->\r\n<div class=\"modal-footer\"><button class=\"btn btn-danger\" type=\"button\" data-dismiss=\"modal\">Close<\/button><\/div>\r\n<\/div>\r\n<\/div>\r\n<\/div>\r\n<\/div>\r\n<\/div>\r\n<div class=\"container\">\r\n\r\n<hr>\r\n\r\n<button id=\"submitButton\" class=\"btn-lg btn-primary \" type=\"submit\" value=\"submit\">Pr\u00fcfen<\/button><button id=\"resetButton\" class=\"btn-lg btn-success\" type=\"submit\" onclick=\"refreshPage()\">Neustart<\/button><button id=\"submitButton\" class=\"btn-lg btn-info\" type=\"button\" value=\"submit\" data-toggle=\"modal\" data-target=\"#myModal\">Tipp<\/button>\r\n\r\n<hr>\r\n\r\n\r\n<h3>Pr\u00e4positionen- Alle \u00dcbungen<\/h3>\r\n<hr>\r\n<div id=\"bellows-main-31\" class=\"bellows bellows-nojs bellows-main bellows-source-menu bellows-align-full bellows-skin-vanilla bellows-type-\"><ul id=\"menu-prapostionen-ubungen\" class=\"bellows-nav\" data-bellows-config=\"main\"><li id=\"menu-item-4293\" class=\"bellows-menu-item bellows-menu-item-type-post_type bellows-menu-item-object-page bellows-menu-item-4293 bellows-item-level-0\"><a  href=\"https:\/\/english-munich.de\/training\/prapositionen-der-ortes\/\" class=\"bellows-target\"><span class=\"bellows-target-title bellows-target-text\">\u2611\ufe0fPr\u00e4positionen der Ortes<\/span><\/a><\/li>\n<li id=\"menu-item-4298\" class=\"bellows-menu-item bellows-menu-item-type-post_type bellows-menu-item-object-page bellows-menu-item-4298 bellows-item-level-0\"><a  href=\"https:\/\/english-munich.de\/training\/prapositionen-des-ortes\/\" class=\"bellows-target\"><span class=\"bellows-target-title bellows-target-text\">\u270d\ufe0fPr\u00e4positionen des Ortes<\/span><\/a><\/li>\n<li id=\"menu-item-4299\" class=\"bellows-menu-item bellows-menu-item-type-post_type bellows-menu-item-object-page bellows-menu-item-4299 bellows-item-level-0\"><a  href=\"https:\/\/english-munich.de\/training\/prapositionen-des-ortes-2\/\" class=\"bellows-target\"><span class=\"bellows-target-title bellows-target-text\">\u2611\ufe0fPr\u00e4positionen des Ortes<\/span><\/a><\/li>\n<li id=\"menu-item-4294\" class=\"bellows-menu-item bellows-menu-item-type-post_type bellows-menu-item-object-page bellows-menu-item-4294 bellows-item-level-0\"><a  href=\"https:\/\/english-munich.de\/training\/prapositionen-der-richtung\/\" class=\"bellows-target\"><span class=\"bellows-target-title bellows-target-text\">\u2611\ufe0fPr\u00e4positionen der Richtung<\/span><\/a><\/li>\n<li id=\"menu-item-4295\" class=\"bellows-menu-item bellows-menu-item-type-post_type bellows-menu-item-object-page bellows-menu-item-4295 bellows-item-level-0\"><a  href=\"https:\/\/english-munich.de\/training\/prapositionen-der-richtung-2\/\" class=\"bellows-target\"><span class=\"bellows-target-title bellows-target-text\">\u2611\ufe0fPr\u00e4positionen der Richtung<\/span><\/a><\/li>\n<li id=\"menu-item-4296\" class=\"bellows-menu-item bellows-menu-item-type-post_type bellows-menu-item-object-page bellows-menu-item-4296 bellows-item-level-0\"><a  href=\"https:\/\/english-munich.de\/training\/prapositionen-englisch-uebungen\/\" class=\"bellows-target\"><span class=\"bellows-target-title bellows-target-text\">\u270d\ufe0fPr\u00e4positionen der Zeit<\/span><\/a><\/li>\n<li id=\"menu-item-4301\" class=\"bellows-menu-item bellows-menu-item-type-post_type bellows-menu-item-object-page bellows-menu-item-4301 bellows-item-level-0\"><a  href=\"https:\/\/english-munich.de\/training\/prapostitionen-der-zeit\/\" class=\"bellows-target\"><span class=\"bellows-target-title bellows-target-text\">\u2611\ufe0fPr\u00e4postitionen der Zeit<\/span><\/a><\/li>\n<li id=\"menu-item-4297\" class=\"bellows-menu-item bellows-menu-item-type-post_type bellows-menu-item-object-page bellows-menu-item-4297 bellows-item-level-0\"><a  href=\"https:\/\/english-munich.de\/training\/prapostionen-der-zeit\/\" class=\"bellows-target\"><span class=\"bellows-target-title bellows-target-text\">\u270d\ufe0fPr\u00e4positionen der Zeit<\/span><\/a><\/li>\n<li id=\"menu-item-4300\" class=\"bellows-menu-item bellows-menu-item-type-post_type bellows-menu-item-object-page bellows-menu-item-4300 bellows-item-level-0\"><a  href=\"https:\/\/english-munich.de\/training\/prapostionen-beim-gerund\/\" class=\"bellows-target\"><span class=\"bellows-target-title bellows-target-text\">\u270d\ufe0fPr\u00e4postionen beim Gerund<\/span><\/a><\/li>\n<li id=\"menu-item-4292\" class=\"bellows-menu-item bellows-menu-item-type-post_type bellows-menu-item-object-page bellows-menu-item-4292 bellows-item-level-0\"><a  href=\"https:\/\/english-munich.de\/training\/praspositionen-beim-gerund\/\" class=\"bellows-target\"><span class=\"bellows-target-title bellows-target-text\">\u270d\ufe0fPr\u00e4positionen beim Gerund<\/span><\/a><\/li>\n<li id=\"menu-item-5988\" class=\"bellows-menu-item bellows-menu-item-type-post_type bellows-menu-item-object-page bellows-menu-item-5988 bellows-item-level-0\"><a  href=\"https:\/\/english-munich.de\/training\/by-until-unterschied\/\" class=\"bellows-target\"><span class=\"bellows-target-title bellows-target-text\">\u270d\ufe0fby und until<\/span><\/a><\/li>\n<li id=\"menu-item-5989\" class=\"bellows-menu-item bellows-menu-item-type-post_type bellows-menu-item-object-page bellows-menu-item-5989 bellows-item-level-0\"><a  href=\"https:\/\/english-munich.de\/training\/since-und-for-unterschied\/\" class=\"bellows-target\"><span class=\"bellows-target-title bellows-target-text\">\u270d\ufe0fSince und For<\/span><\/a><\/li>\n<\/ul><\/div>\r\n<\/div>\r\n\r\n","protected":false},"excerpt":{"rendered":"Pr\u00e4positionen der Zeit \u00dcbungen zu Verh\u00e4ltnisw\u00f6rtern der Zeit Beispiel 10 o&#8217;clock &nbsp;&nbsp; Die richtige L\u00f6sung ist: at&nbsp;&nbsp;Tipp \u270d\ufe0f F\u00fclle die richtige Pr\u00e4position der Zeit in die L\u00fccken (at, in, on oder &#8218;x&#8216; wenn keine Pr\u00e4position notwendig ist): Monday 16th February 3 o&#8217;clock 1975 the evening a quarter to five night the afternoon the daytime sunset [&hellip;]","protected":false},"author":3,"featured_media":0,"parent":0,"menu_order":0,"comment_status":"closed","ping_status":"closed","template":"","meta":[],"_links":{"self":[{"href":"https:\/\/english-munich.de\/training\/wp-json\/wp\/v2\/pages\/2340"}],"collection":[{"href":"https:\/\/english-munich.de\/training\/wp-json\/wp\/v2\/pages"}],"about":[{"href":"https:\/\/english-munich.de\/training\/wp-json\/wp\/v2\/types\/page"}],"author":[{"embeddable":true,"href":"https:\/\/english-munich.de\/training\/wp-json\/wp\/v2\/users\/3"}],"replies":[{"embeddable":true,"href":"https:\/\/english-munich.de\/training\/wp-json\/wp\/v2\/comments?post=2340"}],"version-history":[{"count":21,"href":"https:\/\/english-munich.de\/training\/wp-json\/wp\/v2\/pages\/2340\/revisions"}],"predecessor-version":[{"id":11970,"href":"https:\/\/english-munich.de\/training\/wp-json\/wp\/v2\/pages\/2340\/revisions\/11970"}],"wp:attachment":[{"href":"https:\/\/english-munich.de\/training\/wp-json\/wp\/v2\/media?parent=2340"}],"curies":[{"name":"wp","href":"https:\/\/api.w.org\/{rel}","templated":true}]}}