{"id":234,"date":"2020-01-23T21:11:57","date_gmt":"2020-01-23T21:11:57","guid":{"rendered":"https:\/\/english-munich.de\/training\/?page_id=234"},"modified":"2022-05-11T06:21:56","modified_gmt":"2022-05-11T06:21:56","slug":"englisch-grammatik-uebungen-erklaerungen-games-und-wortschatztraining","status":"publish","type":"page","link":"https:\/\/english-munich.de\/training\/","title":{"rendered":"Englisch Grammatik \u00dcbungen &#8211;  Training Online"},"content":{"rendered":"<span><span><a href=\"https:\/\/english-munich.de\/training\/\">Home<\/a><\/span>\r\n<div class=\"container well\">\r\n\r\n<h2>Englisch Grammatik \u00dcbungen, Vokabeln und alles was zur englischen Sprache dazugeh\u00f6rt!<\/i><\/h2>\r\n<hr>\r\n\r\n<div class=\"row container\"><div><h2>Englisch online lernen<\/h2><\/div><div><i class=\"text-warning fas fa-signal fa-2x\"><\/i><\/div><\/div>\r\nEnglisch Grammatik \u00dcbungen &#8211; Online Englisch Lernen liegt nicht erst seit <a href=\"https:\/\/www.rki.de\/DE\/Content\/InfAZ\/N\/Neuartiges_Coronavirus\/Fallzahlen.html\">Corona<\/a> im Trend. Modernes Englisch Lernen, findet schon l\u00e4ngst nicht mehr ausschlie\u00dflich \u00fcber Pr\u00e4senzunterricht statt. Moderne Unterrichtsmethoden wie interaktives Lernen haben schon seit geraumer Zeit Eingang ihren Platz beim zeitgem\u00e4\u00dfen Lernen der englischen Sprache gefunden. Das lockert den Englischunterricht auf und erfrischt Lehrer und Lernende!\r\n<br \/>\r\n\r\n<img decoding=\"async\" src=\"https:\/\/english-munich.de\/training\/wp-content\/uploads\/2021\/01\/Englisch-on-line-lernen-e1611177252596.png\" title=\"english-online-lessons\" alt=\"english-online-lessons\" \/>\r\n<br \/>\r\nAuf diesen Seiten findest du unz\u00e4hlige Informationen und \u00dcbungen zur englischen Sprache. Du kannst online Vokabeln lernen, an deiner Grammatik feilen usw. Das Gute ist, Du kannst die \u00dcbungen so oft wiederholen wie du willst, ohne dass der Lehrer genervt die Augen verdreht. Und alles ist vollkommen kostenlos.\r\n\r\n<div class=\"row container\"><div><h2>Englisch Grammatik \u00dcbungen<\/h2><\/div><div><i class=\"text-warning fas fa-pencil-alt fa-2x\"><\/i><\/div><\/div>\r\nUnter dieser Rubrik kannst Du <a href=\"https:\/\/english-munich.de\/training\/grammatik-ubungen\/\">Grammatik \u00dcbungen<\/a> machen, bis zum Abwinken. Dies ist besonders interessant f\u00fcr Dich, wenn Du Dich auf eine Englisch Pr\u00fcfung vorbereiten willst. Auch f\u00fcr Anf\u00e4nger und Beginner ist sind diese \u00dcbungen ideal, um erste Schritte beim Englisch Lernen zu machen. So kann man sich eine solide Grammatik Basis erschlie\u00dfen.<br \/>\r\n\r\n\r\n<div class=\"row container\"><div><h2>Grammatik Erkl\u00e4rungen<\/h2><\/div><div><i class=\"text-warning fas fa-eye fa-2x\"><\/i><\/div><\/div>\r\n\r\nWenn Du einmal nicht weiter wei\u00dft gibt es zu jedem Grammatik Thema unter der Rubrik Erkl\u00e4rungen, <a href=\"https:\/\/english-munich.de\/training\/grammatik-erklarungen\/\">Erl\u00e4uterungen<\/a> und Unterst\u00fctzung. Weiterhin finden alle wichtigen Themen der englischen Grammatik finden Erw\u00e4hnung. So kannst Du Dich gezielt auf Deine n\u00e4chste Englisch Arbeit vorbereiten. Au\u00dferdem kannst du in aller Ruhe jedes Thema nachschlagen und durchlesen. Prinzipiell ist diese Rubrik aber nicht nur f\u00fcr Sch\u00fcler interessant.\r\nSchlie\u00dflich hat jeder Englisch Lernende die ein oder andere Unklarheit, die er endlich aufl\u00f6sen will.\r\n<div class=\"row container\"><div><h2>Vokabel \u00dcbungen<\/h2><\/div><div><i class=\"text-warning fas fa-pencil-alt fa-2x\"><\/i><\/div><\/div>\r\nUnter der Rubrik <a href=\"https:\/\/english-munich.de\/training\/vokabel-ubungen\/\">Vokabel \u00dcbungen<\/a> kannst Du dann, all die Besonderheiten der englischen Vokabeln in \u00dcbungen trainieren. Die \u00dcbungen reichen von drag-, und drop Aufgaben \u00fcber multiple choice, bis zu Einsetz\u00fcbungen. Es ist f\u00fcr jeden etwas dabei. Denk aber daran, dass Du nur dann etwas lernst, wenn Du Deine Komfortzone ein wenig verl\u00e4sst.\r\n<div class=\"row container\"><div><h2>Vokabel Erkl\u00e4rungen<\/h2><\/div><div><i class=\"text-warning fas fa-eye fa-2x\"><\/i><\/div><\/div>\r\nViele Ausdr\u00fccke werden im Englischen vollkommen unterschiedlich verwendet als im Deutschen. Au\u00dferdem klingen diese manchmal \u00e4hnlich, haben aber eine vollkommen andere Bedeutung. In der Rubrik <a href=\"https:\/\/english-munich.de\/training\/vokabel-erklarungen\/\">Vokabel Erkl\u00e4rungen <\/a> werden all diese Details unter die Lupe genommen. So kannst Du all die Fragen, die Dir im Unterricht oder beim Englisch Sprechen in den Sinn kommen, nachsehen.\r\n<div class=\"row container\"><div><h2>Englisch Games<\/h2><\/div><div><i class=\"text-warning fas fa-puzzle-piece fa-2x\"><\/i><\/div><\/div>\r\nEnglisch Lernen muss auf keinen Fall immer ernst sein. Schlie\u00dflich lernen auch Kinder am Besten spielerisch. \r\nUnter der Rubrik <a href=\"https:\/\/english-munich.de\/training\/games-englisch-spiele\/\">Englisch Games<\/a> findest du allerlei Englisch \u00dcbungen. Diese sind an popul\u00e4re Spiele angelehnt. So kannst Du auf spielerische Weise Dein Englisch verbessern, ohne dass es Dich gro\u00dfartig anstrengen musst. Es macht Spa\u00df und ist effizient. Au\u00dferdem werden alle m\u00f6glichen Themenbereiche angesprochen. Business English, Englisch f\u00fcr den Beruf und Englisch f\u00fcr die Schule. So ist wirklich f\u00fcr jeden etwas dabei!\r\n<div class=\"row container\"><div><h2>Business English<\/h2><\/div><div><i class=\"text-warning fas fa-briefcase fa-2x\"><\/i><\/div><\/div>\r\nEnglisch ist heute auch aus dem modernen Gesch\u00e4ftsleben nicht mehr wegzudenken.\r\nDenn Englisch hat sich mittlerweile als <a href=\"https:\/\/www.google.com\/search?q=lingua+franca&#038;oq=lingua+franca&#038;aqs=chrome..69i57j0l9.4069j1j15&#038;sourceid=chrome&#038;ie=UTF-8\">lingua franca<\/a> in den meisten Gesch\u00e4ftszweigen durchgesetzt. Deswegen sind heute solide Business Englisch Kenntnisse ein absolutes Muss. Wer nicht in einem Hinterzimmer auf Nimmerwiedersehn verschwinden will, muss in seinem Gesch\u00e4ftsenglisch halbwegs sattelfest sein. Der Abschnitt <a href=\"https:\/\/english-munich.de\/training\/business-englisch\/\">Business Englisch<\/a> ist in die einzelnen Teile des Gesch\u00e4ftsalltags aufgeteilt, so kannst Du gezielt an deinen Schwachpunkten feilen.\r\n<div class=\"row container\"><div><h2>Alltagsenglisch<\/h2><\/div><div><i class=\"text-warning fas fa-smile fa-2x\"><\/i><\/div><\/div>\r\nSchlie\u00dflich lernst du Englisch nicht nur, um \u00dcbungen zu machen. Englisch ist eine lebendige Sprache. Deswegen musst Du auch \u00fcben, diese in lebensnahen Situationen anzuwenden. Unter der Rubrik <a href=\"https:\/\/english-munich.de\/training\/alltagsenglisch\/\">Alltagsenglish<\/a> kannst Du Dein theoretisches Wissen einer echten Feuertaufe unterziehen. Die \u00dcbungen sind an realen Situationen des Alltags angelehnt. So lernst Du echtes Englisch in der Praxis. Dann kannst Du Dich im Alltag ohne Probleme im Urlaub oder daheim in allen Situationen auf Englisch verst\u00e4ndigen.\r\n<div class=\"row container\"><div><h2>Englisch Arbeitsbl\u00e4tter<\/h2><\/div><div><i class=\"text-warning fas fa-pencil-square-o fa-2x\"><\/i><\/div><\/div>\r\nVirtuelles Englisch Lernen ist der neue Trend. Dennoch kann es Sinn machen auch auf traditionelle Methoden zur\u00fcckzugreifen. Es geht doch nichts \u00fcber Stift und Papier. Denn was man Schwarz auf Wei\u00df besitzt kann man getrost nach Hause tragen. Im Ernst: wissenschaftliche Studien haben bewiesen, dass Schreiben tats\u00e4chlich sehr f\u00f6rderlich f\u00fcr den Lernprozess ist. Tats\u00e4chlich soll sich Schreiben tats\u00e4chlich wie ein Turbo auf Deinen Lernerfolg auswirken. Ob das stimmt oder nicht, muss jeder am eigenen Leib ausprobieren. Jedoch kann es nicht schaden, ein wenig Abwechslung in Deine Methodik zu bringen. Aus diesem Grund stellen wir Dir eine Auswahl von Arbeits-, und \u00dcbungsbl\u00e4ttern zur Verf\u00fcgung. So kannst Du Dich optimal auf fast jedes Grammatik Thema vorbereiten. Wenn Dich ein speziellesThema besonderesinteressiert, setze Dich mit uns in Verbindung. Dann k\u00f6nnen wir vielleicht ein Arbeitsblatt f\u00fcr Dich erstellen. Schlie\u00dflich ist dieses Thema vielleicht auch f\u00fcr andere Lernende interessant.\r\n<h2>Englisch Grammatik \u00dcbungen &#8211; Erkl\u00e4rungen &#8211; Wir sind noch lange nicht am Ende!<\/h2>\r\n\r\nDiese Webseite ist noch sehr jung und wird st\u00e4ndig erweitert und verbessert. Solltest Du etwas nicht gleich finden, schau einfach zu einem sp\u00e4teren Zeitpunkt wieder rein. Solltest Du eine gute Idee f\u00fcr eine Englisch \u00dcbung haben, z\u00f6gere nicht und setze Dich mit uns in Kontakt. Anregungen und konstruktive Kritik sind immer willkommen. Wenn Dich ein Thema besonders interessiert, setze Dich mit unter: info@english-munich.de uns in Verbindung. Ist dieses Thema auch f\u00fcr andere interessant, k\u00f6nnen daraus sicherlich eine spannende \u00dcbung machen. \r\nSo jetzt halte ich Dich nicht l\u00e4nger auf. Viel Spa\u00df mit Deinen Englisch \u00dcbungen!\r\n<br \/>\r\n<img decoding=\"async\" loading=\"lazy\" src=\"https:\/\/english-munich.de\/training\/wp-content\/uploads\/2021\/02\/Englisch-Lernen-Online-e1612362997866.jpg\" title=\"Englisch-Online\" alt=\"Englisch Grammatik \u00dcbungen\" width=\"400\" height=\"1000\">\r\n\r\n<\/div>","protected":false},"excerpt":{"rendered":"Englisch Grammatik \u00dcbungen, Vokabeln und alles was zur englischen Sprache dazugeh\u00f6rt! Englisch online lernen Englisch Grammatik \u00dcbungen &#8211; Online Englisch Lernen liegt nicht erst seit Corona im Trend. Modernes Englisch Lernen, findet schon l\u00e4ngst nicht mehr ausschlie\u00dflich \u00fcber Pr\u00e4senzunterricht statt. Moderne Unterrichtsmethoden wie interaktives Lernen haben schon seit geraumer Zeit Eingang ihren Platz beim zeitgem\u00e4\u00dfen [&hellip;]","protected":false},"author":3,"featured_media":0,"parent":0,"menu_order":0,"comment_status":"closed","ping_status":"closed","template":"","meta":[],"_links":{"self":[{"href":"https:\/\/english-munich.de\/training\/wp-json\/wp\/v2\/pages\/234"}],"collection":[{"href":"https:\/\/english-munich.de\/training\/wp-json\/wp\/v2\/pages"}],"about":[{"href":"https:\/\/english-munich.de\/training\/wp-json\/wp\/v2\/types\/page"}],"author":[{"embeddable":true,"href":"https:\/\/english-munich.de\/training\/wp-json\/wp\/v2\/users\/3"}],"replies":[{"embeddable":true,"href":"https:\/\/english-munich.de\/training\/wp-json\/wp\/v2\/comments?post=234"}],"version-history":[{"count":69,"href":"https:\/\/english-munich.de\/training\/wp-json\/wp\/v2\/pages\/234\/revisions"}],"predecessor-version":[{"id":11676,"href":"https:\/\/english-munich.de\/training\/wp-json\/wp\/v2\/pages\/234\/revisions\/11676"}],"wp:attachment":[{"href":"https:\/\/english-munich.de\/training\/wp-json\/wp\/v2\/media?parent=234"}],"curies":[{"name":"wp","href":"https:\/\/api.w.org\/{rel}","templated":true}]}}