{"id":2328,"date":"2020-06-04T18:16:58","date_gmt":"2020-06-04T18:16:58","guid":{"rendered":"https:\/\/english-munich.de\/training\/?page_id=2328"},"modified":"2024-09-01T17:15:01","modified_gmt":"2024-09-01T17:15:01","slug":"prapostitionen-der-zeit","status":"publish","type":"page","link":"https:\/\/english-munich.de\/training\/prapostitionen-der-zeit\/","title":{"rendered":"Pr\u00e4postitionen der Zeit"},"content":{"rendered":"<div class=\"jumbotron text-center\">\r\n<h2>Pr\u00e4positionen der Zeit<\/h2>\r\n\u00dcbungen zur korrekten Verwendung von Verh\u00e4ltnisw\u00f6rtern der Zeit\r\n\r\n<\/div>\r\n<div class=\"bs-example\">\r\n<div id=\"accordionExample\" class=\"accordion\">\r\n<div class=\"card\">\r\n<div id=\"headingOne\" class=\"card-header\">\r\n<h2 class=\"number\"><button class=\"btn btn-link collapsed\" type=\"button\" data-toggle=\"collapse\" data-target=\"#collapseOne\">Beispiel<\/button><\/h2>\r\n<\/div>\r\n<div id=\"collapseOne\" class=\"collapse\" aria-labelledby=\"headingOne\" data-parent=\"#accordionExample\">\r\n<div class=\"card-body\">\r\n<div class=\"form-group\" style=\"width: 70%; margin: 10px;\"><label for=\"sel1\"><span class=\"number\">\u24ff<\/span>Where will you be__________ Christmas Day?<\/label>\r\n<select id=\"beispiel\" class=\"form-control\">\r\n<option value=\"wrong\">don&#8217;t do<\/option>\r\n<option value=\"correct\">on<\/option>\r\n<option value=\"wrong\">doesn&#8217;t <\/option>\r\n<\/select>\r\n\r\nDie richtige L\u00f6sung ist: <b>&#8222;on&#8220;<\/b>&nbsp;&nbsp;<button class=\"btn-lg btn-info\" type=\"button\" value=\"submit\" data-toggle=\"modal\" data-target=\"#myModal\">Tipp<\/button>\r\n\r\n<\/div>\r\n<\/div>\r\n<\/div>\r\n<\/div>\r\n<\/div>\r\n<br \/><br \/>\r\n<div class=\"container well\">\r\n<h4>\u2611\ufe0f W\u00e4hle das richtige Verh\u00e4ltniswort der Zeit als Erg\u00e4nzung f\u00fcr die L\u00fccke:<\/h4>\r\n\r\n<hr>\r\n\r\n<br \/>\r\n<div class=\"container-fluid\">\r\n<div class=\"form-group\" style=\"width: 70%;\"><label for=\"sel1\"><span class=\"number\">\u2776<\/span>Harry doesn&#8217;t work __________ weekends.<\/label>\r\n<select id=\"q0\" class=\"form-control\"><option value=\"correct\"><\/option>\r\n<option value=\"wrong\">in<\/option>\r\n<option value=\"correct\">at<\/option>\r\n<option value=\"correct\">on<\/option>\r\n<\/select>\r\n<p id=\"correct0\" align=\"left\"><\/p>\r\n<a class=\"btn btn-success tipp0 hidden\" style=\"text-decoration: none, color:white;\" title=\"Harry doesn't work on...\" href=\"#0\" data-toggle=\"popover\" data-placement=\"top\" data-trigger=\"hover\" data-content=\"'weekends' ist ein Zeitraum, der sich \u00fcber mehrere Tage erstreckt deswegen 'at' ('on' in den USA).\">Tipp<\/a>\r\n\r\n<\/div>\r\n<div class=\"form-group\" style=\"width: 70%;\"><label for=\"sel1\"><span class=\"number\">\u2777<\/span> __________ last Christmas I gave you my heart.<\/label>\r\n<select id=\"q1\" class=\"form-control\"><option value=\"correct\"><\/option>\r\n<option value=\"correct\">keine Pr\u00e4position<\/option>\r\n<option value=\"wrong\">on<\/option>\r\n<option value=\"wrong\">at<\/option>\r\n<\/select>\r\n<p id=\"correct1\" align=\"left\"><\/p>\r\n<a class=\"btn btn-success tipp1 hidden\" style=\"text-decoration: none, color:white;\" title=\"Last Christmas...\" href=\"#1\" data-toggle=\"popover\" data-placement=\"top\" data-trigger=\"hover\" data-content=\"Bei 'this', 'next' und 'last' wird keine Pr\u00e4position verwendet.\">Tipp<\/a>\r\n\r\n<\/div>\r\n<div class=\"form-group\" style=\"width: 70%;\"><label for=\"sel1\"><span class=\"number\">\u2778<\/span>I&#8217;m coming home __________ Monday.<\/label>\r\n<select id=\"q2\" class=\"form-control\"><option value=\"correct\"><\/option>\r\n<option value=\"correct\">on<\/option>\r\n<option value=\"wrong\">in<\/option>\r\n<option value=\"wrong\">at<\/option>\r\n<\/select>\r\n<p id=\"correct2\" align=\"left\"><\/p>\r\n<a class=\"btn btn-success tipp2 hidden\" style=\"text-decoration: none, color:white;\" title=\"I'm coming home on Monday.\" href=\"#2\" data-toggle=\"popover\" data-placement=\"top\" data-trigger=\"hover\" data-content=\"Wochentage werden im Englischen durch das Verh\u00e4ltniswort 'on' eingeleitet.\">Tipp<\/a><br \/>\r\n<div class=\"iframe-container\"><iframe loading=\"lazy\" width=\"560\" height=\"315\" src=\"https:\/\/www.youtube.com\/embed\/UUsh55TbU8k?si=Ld9AjUmzcYTXApTO\" title=\"YouTube video player\" frameborder=\"0\" allow=\"accelerometer; autoplay; clipboard-write; encrypted-media; gyroscope; picture-in-picture; web-share\" referrerpolicy=\"strict-origin-when-cross-origin\" allowfullscreen><\/iframe><\/div><br \/>\r\n<\/div>\r\n<div class=\"form-group\" style=\"width: 70%;\"><label for=\"sel1\"><span class=\"number\">\u2779<\/span>Please finish your work __________ Friday.<\/label>\r\n<select id=\"q3\" class=\"form-control\"><option value=\"correct\"><\/option>\r\n<option value=\"wrong\">until<\/option>\r\n<option value=\"correct\">by<\/option>\r\n<option value=\"wrong\">on<\/option>\r\n<\/select>\r\n<p id=\"correct3\" align=\"left\"><\/p>\r\n<a class=\"btn btn-success tipp3 hidden\" style=\"text-decoration: none, color:white;\" title=\"...by Friday\" href=\"#3\" data-toggle=\"popover\" data-placement=\"top\" data-trigger=\"hover\" data-content=\"Wenn man sich auf einen unvollendeten oder noch nicht erf\u00fcllten Zustand in der Zukunft bezieht, leitet man im Englischen den zeitlichen Bezug durch 'by' ein.\">Tipp<\/a>\r\n\r\n<\/div>\r\n<div class=\"form-group\" style=\"width: 70%;\"><label for=\"sel1\"><span class=\"number\">\u277a<\/span>Oh, no! They want to stay __________ the holidays are over.<\/label>\r\n<select id=\"q4\" class=\"form-control\"><option value=\"correct\"><\/option>\r\n<option value=\"wrong\">by<\/option>\r\n<option value=\"wrong\">on<\/option>\r\n<option value=\"correct\">until<\/option>\r\n<\/select>\r\n<p id=\"correct4\" align=\"left\"><\/p>\r\n<a class=\"btn btn-success tipp4 hidden\" style=\"text-decoration: none, color:white;\" title=\"...until...\" href=\"#4\" data-toggle=\"popover\" data-placement=\"top\" data-trigger=\"hover\" data-content=\"Wenn im Englischen ein  ein bereits vollendeter, andauernder Zustand zur Zukunft in Bezug gesetzt werden soll, verwendet man das Verh\u00e4ltniswort 'until'.\">Tipp<\/a>\r\n\r\n<\/div>\r\n<div class=\"form-group\" style=\"width: 70%;\"><label for=\"sel1\"><span class=\"number\">\u277b<\/span>I was born __________ 1971. Well I&#8217;m not exactly a Millenial.<\/label>\r\n<select id=\"q5\" class=\"form-control\"><option value=\"correct\"><\/option>\r\n<option value=\"wrong\">on<\/option>\r\n<option value=\"wrong\">at<\/option>\r\n<option value=\"correct\">in<\/option>\r\n<\/select>\r\n<p id=\"correct5\" align=\"left\"><\/p>\r\n<a class=\"btn btn-success tipp5 hidden\" style=\"text-decoration: none, color:white;\" title=\"in 1971...\" href=\"#5\" data-toggle=\"popover\" data-placement=\"top\" data-trigger=\"hover\" data-content=\"Jahreszahlen werden im Englischen durch das Verh\u00e4ltniswort 'in' eingeleitet.\">Tipp<\/a>\r\n\r\n<\/div>\r\n<div class=\"form-group\" style=\"width: 70%;\"><label for=\"sel1\"><span class=\"number\">\u277c<\/span>They want to move__________ next Friday  .<\/label>\r\n<select id=\"q6\" class=\"form-control\"><option value=\"correct\"><\/option>\r\n<option value=\"correct\">keine Pr\u00e4position<\/option>\r\n<option value=\"wrong\">on<\/option>\r\n<option value=\"wrong\">at<\/option>\r\n<\/select>\r\n<p id=\"correct6\" align=\"left\"><\/p>\r\n<a class=\"btn btn-success tipp6 hidden\" style=\"text-decoration: none, color:white;\" title=\"Next Friday...\" href=\"#6\" data-toggle=\"popover\" data-placement=\"top\" data-trigger=\"hover\" data-content=\"Bei 'this', 'next' und 'last' wird keine Pr\u00e4position verwendet.\">Tipp<\/a>\r\n\r\n<\/div>\r\n<div class=\"form-group\" style=\"width: 70%;\"><label for=\"sel1\"><span class=\"number\">\u277d<\/span> Cats can see__________ night.<\/label>\r\n<select id=\"q7\" class=\"form-control\"><option value=\"correct\"><\/option>\r\n<option value=\"wrong\">on<\/option>\r\n<option value=\"wrong\">in<\/option>\r\n<option value=\"correct\">at<\/option>\r\n<\/select>\r\n<p id=\"correct7\" align=\"left\"><\/p>\r\n<a class=\"btn btn-success tipp7 hidden\" style=\"text-decoration: none, color:white;\" title=\"Cats see at night.\" href=\"#7\" data-toggle=\"popover\" data-placement=\"top\" data-trigger=\"hover\" data-content=\"'at night' wird hier wie eine Uhrzeit verwendet.\">Tipp<\/a>\r\n\r\n<\/div>\r\n<div class=\"form-group\" style=\"width: 70%;\"><label for=\"sel1\"><span class=\"number\">\u277e<\/span> Thank God. __________ this Saturday the football season starts again.<\/label>\r\n<select id=\"q8\" class=\"form-control\"><option value=\"correct\"><\/option>\r\n<option value=\"correct\">keine Pr\u00e4position<\/option>\r\n<option value=\"wrong\">on<\/option>\r\n<option value=\"wrong\">at<\/option>\r\n<\/select>\r\n<p id=\"correct8\" align=\"left\"><\/p>\r\n<a class=\"btn btn-success tipp8 hidden\" style=\"text-decoration: none, color:white;\" title=\"She doesn't listen...\" href=\"#8\" data-toggle=\"popover\" data-placement=\"top\" data-trigger=\"hover\" data-content=\"Bei 'this', 'next' und 'last' wird keine Pr\u00e4position verwendet.\">Tipp<\/a>\r\n\r\n<\/div>\r\n<div class=\"form-group\" style=\"width: 70%;\"><label for=\"sel1\"><span class=\"number\">\u277f<\/span> I will meet you ________ 10:00pm. Ok?<\/label>\r\n<select id=\"q9\" class=\"form-control\"><option value=\"correct\"><\/option>\r\n<option value=\"correct\">at<\/option>\r\n<option value=\"wrong\">on<\/option>\r\n<option value=\"wrong\">in<\/option>\r\n<\/select>\r\n<p id=\"correct9\" align=\"left\"><\/p>\r\n<a class=\"btn btn-success tipp9 hidden\" style=\"text-decoration: none, color:white;\" title=\"...at 10:00 pm...\" href=\"#9\" data-toggle=\"popover\" data-placement=\"top\" data-trigger=\"hover\" data-content=\"Uhrzeiten werden im Englischen durch das Verh\u00e4ltniswort 'at' eingeleitet.\">Tipp<\/a>\r\n\r\n<\/div>\r\n<\/div>\r\n<div class=\"container\">\r\n\r\n<!-- The Modal -->\r\n<div id=\"myModal\" class=\"modal fade\">\r\n<div class=\"modal-dialog\">\r\n<div class=\"modal-content\">\r\n\r\n<!-- Modal Header -->\r\n<div class=\"modal-header\">\r\n<h4 class=\"modal-title\">Pr\u00e4positionen der Zeit<\/h4>\r\n<button class=\"close\" type=\"button\" data-dismiss=\"modal\">\u00d7<\/button>\r\n\r\n<\/div>\r\n<!-- Modal body -->\r\n<div class=\"modal-body\"><h2>Pr\u00e4positionen der Zeit \u00dcbersicht<\/h2>\r\n\u00dcberblick Verh\u00e4ltnisw\u00f6rter der Zeit:\r\n<table class=\"table table-bordered table-hover table-responsive-sm\">\r\n<thead>\r\n<tr class=\"table-danger\">\r\n<th>AT \u2794 UM\/AN\/IN<\/th>\r\n<th>IN \u2794 IN\/AM<\/th>\r\n<th>ON \u2794 AM\/AN<\/th>\r\n<\/tr>\r\n<\/thead>\r\n<tbody>\r\n<tr class=\"table-primary\">\r\n<td><b>Uhrzeit:<\/b><br \/>\r\nat 5 o&#8216; clock<br \/>\r\nat half past three  <br \/>\r\n<b>Mahlzeiten:<\/b><br \/>\r\nat breakfast<br \/><\/td>\r\n<td><b>Tageszeit:<\/b><br \/>\r\nin the morning<br \/>\r\nin the afternoon<br \/>\r\nin the daytime<br \/>\r\n\r\n<td><b>An Tagen:<\/b><br \/>\r\non Christmas Day<br \/>\r\non my birthday<br \/>\r\non Easter Monday<br \/>\r\n<\/td>\r\n<\/tr>\r\n<tr class=\"table-warning\">\r\n<td><b>Zeitw\u00f6rter:<\/b><br \/>\r\nat the moment<br \/>\r\nat my age <br \/>\r\nat the age of 18<br \/>\r\nat the beginning\/end<br \/><\/td>\r\n<td><b>Monate\/Jahre\/Jahreszahlen:<\/b><br \/>\r\nin 1971<br \/>\r\nin May  <br \/>\r\nin the Sixities<br \/>\r\n\r\n<td><b>Wochentage und Datum:<\/b><br \/>\r\non Monday<br \/>\r\non Saturday  <br \/>\r\non 1st January<br \/>\r\non Thursday 6th of June<br \/><\/td>\r\n<\/tr>\r\n<tr class=\"table-success\">\r\n<td><b>Nachtzeit:<\/b><br \/>\r\nat night<br \/>\r\nat sunset <br \/>\r\n<b>Feste:<\/b><br \/>\r\nat Christmas<br \/>\r\n<\/td>\r\n<td><\/td>\r\n<td><\/td>\r\n<\/tr>\r\n<\/tbody>\r\n<\/table>\r\nBei <i>this, next und last<\/i> folgt keine Pr\u00e4position (Verh\u00e4ltniswort).\r\n<i>an diesem Dienstag<\/i> = <b>this Tuesday<\/b>  <i>am n\u00e4chsten\/letzen Montag<\/i> = <b>next\/last Monday<\/b>  <\/div>\r\n<!-- Modal footer -->\r\n<div class=\"modal-footer\"><button class=\"btn btn-danger\" type=\"button\" data-dismiss=\"modal\">Close<\/button><\/div>\r\n<\/div>\r\n<\/div>\r\n<\/div>\r\n<\/div>\r\n<\/div>\r\n\r\n<hr>\r\n\r\n<div class=\"container\"><button id=\"submitButton\" class=\"btn-lg btn-primary \" type=\"submit\" value=\"submit\">Pr\u00fcfen<\/button><button id=\"resetButton\" class=\"btn-lg btn-success\" type=\"submit\" onclick=\"refreshPage()\">Neustart<\/button><button id=\"submitButton\" class=\"btn-lg btn-info\" type=\"submit\" value=\"submit\" data-toggle=\"modal\" data-target=\"#myModal\">Tipp<\/button><\/div>\r\n\r\n<hr>\r\n\r\n\r\n<p id=\"result\"><\/p>\r\n<p id=\"result2\"><\/p>\r\n\r\n<h3>Pr\u00e4positionen- Alle \u00dcbungen<\/h3>\r\n<hr>\r\n<div id=\"bellows-main-31\" class=\"bellows bellows-nojs bellows-main bellows-source-menu bellows-align-full bellows-skin-vanilla bellows-type-\"><ul id=\"menu-prapostionen-ubungen\" class=\"bellows-nav\" data-bellows-config=\"main\"><li id=\"menu-item-4293\" class=\"bellows-menu-item bellows-menu-item-type-post_type bellows-menu-item-object-page bellows-menu-item-4293 bellows-item-level-0\"><a  href=\"https:\/\/english-munich.de\/training\/prapositionen-der-ortes\/\" class=\"bellows-target\"><span class=\"bellows-target-title bellows-target-text\">\u2611\ufe0fPr\u00e4positionen der Ortes<\/span><\/a><\/li>\n<li id=\"menu-item-4298\" class=\"bellows-menu-item bellows-menu-item-type-post_type bellows-menu-item-object-page bellows-menu-item-4298 bellows-item-level-0\"><a  href=\"https:\/\/english-munich.de\/training\/prapositionen-des-ortes\/\" class=\"bellows-target\"><span class=\"bellows-target-title bellows-target-text\">\u270d\ufe0fPr\u00e4positionen des Ortes<\/span><\/a><\/li>\n<li id=\"menu-item-4299\" class=\"bellows-menu-item bellows-menu-item-type-post_type bellows-menu-item-object-page bellows-menu-item-4299 bellows-item-level-0\"><a  href=\"https:\/\/english-munich.de\/training\/prapositionen-des-ortes-2\/\" class=\"bellows-target\"><span class=\"bellows-target-title bellows-target-text\">\u2611\ufe0fPr\u00e4positionen des Ortes<\/span><\/a><\/li>\n<li id=\"menu-item-4294\" class=\"bellows-menu-item bellows-menu-item-type-post_type bellows-menu-item-object-page bellows-menu-item-4294 bellows-item-level-0\"><a  href=\"https:\/\/english-munich.de\/training\/prapositionen-der-richtung\/\" class=\"bellows-target\"><span class=\"bellows-target-title bellows-target-text\">\u2611\ufe0fPr\u00e4positionen der Richtung<\/span><\/a><\/li>\n<li id=\"menu-item-4295\" class=\"bellows-menu-item bellows-menu-item-type-post_type bellows-menu-item-object-page bellows-menu-item-4295 bellows-item-level-0\"><a  href=\"https:\/\/english-munich.de\/training\/prapositionen-der-richtung-2\/\" class=\"bellows-target\"><span class=\"bellows-target-title bellows-target-text\">\u2611\ufe0fPr\u00e4positionen der Richtung<\/span><\/a><\/li>\n<li id=\"menu-item-4296\" class=\"bellows-menu-item bellows-menu-item-type-post_type bellows-menu-item-object-page bellows-menu-item-4296 bellows-item-level-0\"><a  href=\"https:\/\/english-munich.de\/training\/prapositionen-englisch-uebungen\/\" class=\"bellows-target\"><span class=\"bellows-target-title bellows-target-text\">\u270d\ufe0fPr\u00e4positionen der Zeit<\/span><\/a><\/li>\n<li id=\"menu-item-4301\" class=\"bellows-menu-item bellows-menu-item-type-post_type bellows-menu-item-object-page bellows-menu-item-4301 bellows-item-level-0\"><a  href=\"https:\/\/english-munich.de\/training\/prapostitionen-der-zeit\/\" class=\"bellows-target\"><span class=\"bellows-target-title bellows-target-text\">\u2611\ufe0fPr\u00e4postitionen der Zeit<\/span><\/a><\/li>\n<li id=\"menu-item-4297\" class=\"bellows-menu-item bellows-menu-item-type-post_type bellows-menu-item-object-page bellows-menu-item-4297 bellows-item-level-0\"><a  href=\"https:\/\/english-munich.de\/training\/prapostionen-der-zeit\/\" class=\"bellows-target\"><span class=\"bellows-target-title bellows-target-text\">\u270d\ufe0fPr\u00e4positionen der Zeit<\/span><\/a><\/li>\n<li id=\"menu-item-4300\" class=\"bellows-menu-item bellows-menu-item-type-post_type bellows-menu-item-object-page bellows-menu-item-4300 bellows-item-level-0\"><a  href=\"https:\/\/english-munich.de\/training\/prapostionen-beim-gerund\/\" class=\"bellows-target\"><span class=\"bellows-target-title bellows-target-text\">\u270d\ufe0fPr\u00e4postionen beim Gerund<\/span><\/a><\/li>\n<li id=\"menu-item-4292\" class=\"bellows-menu-item bellows-menu-item-type-post_type bellows-menu-item-object-page bellows-menu-item-4292 bellows-item-level-0\"><a  href=\"https:\/\/english-munich.de\/training\/praspositionen-beim-gerund\/\" class=\"bellows-target\"><span class=\"bellows-target-title bellows-target-text\">\u270d\ufe0fPr\u00e4positionen beim Gerund<\/span><\/a><\/li>\n<li id=\"menu-item-5988\" class=\"bellows-menu-item bellows-menu-item-type-post_type bellows-menu-item-object-page bellows-menu-item-5988 bellows-item-level-0\"><a  href=\"https:\/\/english-munich.de\/training\/by-until-unterschied\/\" class=\"bellows-target\"><span class=\"bellows-target-title bellows-target-text\">\u270d\ufe0fby und until<\/span><\/a><\/li>\n<li id=\"menu-item-5989\" class=\"bellows-menu-item bellows-menu-item-type-post_type bellows-menu-item-object-page bellows-menu-item-5989 bellows-item-level-0\"><a  href=\"https:\/\/english-munich.de\/training\/since-und-for-unterschied\/\" class=\"bellows-target\"><span class=\"bellows-target-title bellows-target-text\">\u270d\ufe0fSince und For<\/span><\/a><\/li>\n<\/ul><\/div>\r\n<\/div>","protected":false},"excerpt":{"rendered":"Pr\u00e4positionen der Zeit \u00dcbungen zur korrekten Verwendung von Verh\u00e4ltnisw\u00f6rtern der Zeit Beispiel \u24ffWhere will you be__________ Christmas Day? don&#8217;t do on doesn&#8217;t Die richtige L\u00f6sung ist: &#8222;on&#8220;&nbsp;&nbsp;Tipp \u2611\ufe0f W\u00e4hle das richtige Verh\u00e4ltniswort der Zeit als Erg\u00e4nzung f\u00fcr die L\u00fccke: \u2776Harry doesn&#8217;t work __________ weekends. in at on Tipp \u2777 __________ last Christmas I gave you [&hellip;]","protected":false},"author":3,"featured_media":0,"parent":0,"menu_order":0,"comment_status":"closed","ping_status":"closed","template":"","meta":[],"_links":{"self":[{"href":"https:\/\/english-munich.de\/training\/wp-json\/wp\/v2\/pages\/2328"}],"collection":[{"href":"https:\/\/english-munich.de\/training\/wp-json\/wp\/v2\/pages"}],"about":[{"href":"https:\/\/english-munich.de\/training\/wp-json\/wp\/v2\/types\/page"}],"author":[{"embeddable":true,"href":"https:\/\/english-munich.de\/training\/wp-json\/wp\/v2\/users\/3"}],"replies":[{"embeddable":true,"href":"https:\/\/english-munich.de\/training\/wp-json\/wp\/v2\/comments?post=2328"}],"version-history":[{"count":15,"href":"https:\/\/english-munich.de\/training\/wp-json\/wp\/v2\/pages\/2328\/revisions"}],"predecessor-version":[{"id":11972,"href":"https:\/\/english-munich.de\/training\/wp-json\/wp\/v2\/pages\/2328\/revisions\/11972"}],"wp:attachment":[{"href":"https:\/\/english-munich.de\/training\/wp-json\/wp\/v2\/media?parent=2328"}],"curies":[{"name":"wp","href":"https:\/\/api.w.org\/{rel}","templated":true}]}}