{"id":2317,"date":"2020-06-04T16:14:09","date_gmt":"2020-06-04T16:14:09","guid":{"rendered":"https:\/\/english-munich.de\/training\/?page_id=2317"},"modified":"2024-09-01T17:31:01","modified_gmt":"2024-09-01T17:31:01","slug":"prapositionen-englisch-uebungen","status":"publish","type":"page","link":"https:\/\/english-munich.de\/training\/prapositionen-englisch-uebungen\/","title":{"rendered":"Pr\u00e4positionen Englisch \u00dcbungen"},"content":{"rendered":"<div class=\"jumbotron text-center\">\r\n<h2>Pr\u00e4positionen Englisch \u00dcbungen<\/h2>\r\nAufgaben zu <a href=\"https:\/\/de.wikipedia.org\/wiki\/Pr%C3%A4position\">Pr\u00e4positionen<\/a> der Zeit\r\n\r\n<\/div>\r\n<div class=\"bs-example\">\r\n<div class=\"accordion\" id=\"accordionExample\">\r\n<div class=\"card\">\r\n<div class=\"card-header\" id=\"headingOne\">\r\n<h2 class=\"mb-0\" style=\"color:#000\">\r\n                    <button type=\"button\" class=\"btn btn-link collapsed\" data-toggle=\"collapse\" data-target=\"#collapseOne\">Beispiel<\/button><\/h2>\r\n<\/div>\r\n<div id=\"collapseOne\" class=\"collapse\" aria-labelledby=\"headingOne\" data-parent=\"#accordionExample\">\r\n<div class=\"card-body\">\r\n<div class=\"form-inline\">\r\n<div>\r\n<b><span class=\"number\">\u24ff<\/span><\/b>John hates to get up <input type=\"text\" class=\"form-control\" id=\"panel-beispiel\" disabled=\"true\" value=\"in\"> the morning.\r\n<\/div><div>\r\nDie richtige L\u00f6sung ist: <b>in<\/b>&nbsp;&nbsp;<button class=\"btn-lg btn-info\" type=\"button\" data-toggle=\"modal\" data-target=\"#myModal\">Tipp<\/button>\r\n<\/div>\r\n<\/div>\r\n<\/div>\r\n<\/div>\r\n<\/div>\r\n<\/div>\r\n<br \/><br \/>\r\n<div class=\"container well\">\r\n<h4>\u270d\ufe0f F\u00fclle die richtige Pr\u00e4position (Verh\u00e4ltniswort) der Zeit in die L\u00fccke:<\/h4>\r\n\r\n<hr>\r\n\r\n<br \/>\r\n<div class=\"container\">\r\n<b><span class=\"number\">\u2776<\/span><\/b>Johnny never works<input type=\"text\" class=\"form-control\" id=\"q0\" autocomplete=\"off\"> night.\r\n<div class=\"row\">\r\n<div>\r\n<p id=\"correct0\" align=\"left\"><\/p>\r\n\r\n<\/div>\r\n<div>\r\n<a button=\"\" class=\"btn btn-success tipp0 hidden\" href=\"#1\" title=\"Johnny never works at night\" data-toggle=\"popover\" data-placement=\"top\" data-trigger=\"hover\" style=\"text-decoration: none; color:white;\" data-content=\"Uhrzeiten werden im Englischen mit 'at' eingeleitet.('at night' wird hier wie eine Uhrzeit gehandhabt)\">Tipp<\/a><\/div>\r\n<\/div>\r\n<b><span class=\"number\">\u2777<\/span><\/b>We never drink coffee <input type=\"text\" class=\"form-control\" id=\"q1\" autocomplete=\"off\"> the evening.\r\n<div class=\"row\">\r\n<div>\r\n<p id=\"correct1\" align=\"left\"><\/p>\r\n\r\n<\/div>\r\n<div>\r\n<a button=\"\" class=\"btn btn-success tipp1 hidden\" href=\"#2\" title=\"We never drink coffee in the evening.\" data-toggle=\"popover\" data-placement=\"top\" data-trigger=\"hover\" style=\"text-decoration: none; color:white;\" data-content=\"Tages, bzw. Nachtzeiten, werden im Englischen mit 'in' eingeleitet (z.B. 'in the evening, in the afternoon, in the daytime'.\">Tipp<\/a><\/div>\r\n<\/div>\r\n<b><span class=\"number\">\u2778<\/span><\/b>We have to go home <input type=\"text\" class=\"form-control\" id=\"q2\" autocomplete=\"off\">Christmas.\r\n<div class=\"row\">\r\n<div>\r\n<p id=\"correct2\" align=\"left\"><\/p>\r\n\r\n<\/div>\r\n<div>\r\n<a button=\"\" class=\"btn btn-success tipp2 hidden\" align=\"left\" aria-hidden=\"true\" href=\"#3\" title=\"We have to go home at Chritsmas.\" data-toggle=\"popover\" data-placement=\"top\" data-trigger=\"hover\" style=\"text-decoration: none, color:white\" data-content=\"Zeitr\u00e4ume, die sich \u00fcber mehrere Tage erstrecken, werden im Englischen mit 'at' eingeleitet.\">Tipp<\/a><\/div>\r\n<\/div>\r\n<span class=\"number\">\u2779<\/span>Let&#8217;s meet <input type=\"text\" class=\"form-control\" id=\"q3\" autocomplete=\"off\"> 10 o&#8217;clock in front of the theater.\r\n<div class=\"row\">\r\n<div>\r\n<p id=\"correct3\" align=\"left\"><\/p>\r\n\r\n<\/div>\r\n<div>\r\n<a button=\"\" class=\"btn btn-success tipp3 hidden\" aria-hidden=\"true\" href=\"#4\" title=\"Let's meet at 10 o'clock in front of the theater.\" data-toggle=\"popover\" data-placement=\"top\" data-trigger=\"hover\" style=\"text-decoration: none, color:white\" data-content=\"Uhrzeiten werden im Englischen mit 'at' eingeleitet.\">Tipp<\/a><\/div>\r\n<\/div><br \/> <div class=\"iframe-container\"><iframe loading=\"lazy\" width=\"560\" height=\"315\" src=\"https:\/\/www.youtube.com\/embed\/qf8_1O1QliE?si=qb-WZP3Ke0xdsG8O\" title=\"YouTube video player\" frameborder=\"0\" allow=\"accelerometer; autoplay; clipboard-write; encrypted-media; gyroscope; picture-in-picture; web-share\" referrerpolicy=\"strict-origin-when-cross-origin\" allowfullscreen><\/iframe><\/div><br \/>\r\n<b><span class=\"number\">\u277a<\/span><\/b>Let&#8217;s clean our flat <input type=\"text\" class=\"form-control\" id=\"q4\" autocomplete=\"off\"> the weekend.\r\n<div class=\"row\">\r\n<div>\r\n<p id=\"correct4\" align=\"left\"><\/p>\r\n\r\n<\/div>\r\n<div>\r\n<a button=\"\" class=\"btn btn-success tipp4 hidden\" aria-hidden=\"true\" href=\"#5\" title=\"Let's clean our flat at the weekend.\" data-toggle=\"popover\" data-placement=\"top\" data-trigger=\"hover\" style=\"text-decoration: none, color:white\" data-content=\"Zeitr\u00e4ume, die sich \u00fcber mehrere Tage erstrecken, werden im Englischen mit 'at' eingeleitet.\">Tipp<\/a><\/div>\r\n<\/div>\r\n<b><span class=\"number\">\u277b<\/span><\/b>He will come home <input type=\"text\" class=\"form-control\" id=\"q5\" autocomplete=\"off\"> June.\r\n<div class=\"row\">\r\n<div>\r\n<p id=\"correct5\" align=\"left\"><\/p>\r\n\r\n<\/div>\r\n<div>\r\n<a button=\"\" class=\"btn btn-success tipp5 hidden\" aria-hidden=\"true\" href=\"#6\" title=\"He will come home in June\" data-toggle=\"popover\" data-placement=\"top\" data-trigger=\"hover\" style=\"text-decoration: none, color:white\" data-content=\"Jahreszeiten werden im Englischen mit 'in' eingeleitet.\">Tipp<\/a><\/div>\r\n<\/div>\r\n<b><span class=\"number\">\u277c<\/span><\/b>The leaves start falling <input type=\"text\" class=\"form-control\" id=\"q6\" autocomplete=\"off\">September.\r\n<div class=\"row\">\r\n<div>\r\n<p id=\"correct6\" align=\"left\"><\/p>\r\n\r\n<\/div>\r\n<div>\r\n<a button=\"\" class=\"btn btn-success tipp6 hidden\" aria-hidden=\"true\" href=\"#7\" title=\"The leaves start fallingin September.\" data-toggle=\"popover\" data-placement=\"top\" data-trigger=\"hover\" style=\"text-decoration: none, color:white\" data-content=\"Monate werden im Englischen mit 'in' eingeleitet.\">Tipp<\/a><\/div>\r\n<\/div>\r\n<b><span class=\"number\">\u277d<\/span><\/b>I never get a cake <input type=\"text\" class=\"form-control\" id=\"q7\" autocomplete=\"off\"> my birthday.\r\n<div class=\"row\">\r\n<div>\r\n<p id=\"correct7\" align=\"left\"><\/p>\r\n\r\n<\/div>\r\n<div>\r\n<a button=\"\" class=\"btn btn-success tipp7 hidden\" href=\"#8\" title=\"I never get a cake on my birthday\" data-toggle=\"popover\" data-placement=\"top\" data-trigger=\"hover\" style=\"text-decoration: none, color:white\" data-content=\"Einzelne Tage werden im Englischen mit 'on' eingeleitet.\">Tipp<\/a><\/div>\r\n<\/div>\r\n<b><span class=\"number\">\u277e<\/span><\/b>In England Christmas is celebrated <input type=\"text\" class=\"form-control\" id=\"q8\" autocomplete=\"off\">  December,25th.\r\n<div class=\"row\">\r\n<div>\r\n<p id=\"correct8\" align=\"left\"><\/p>\r\n\r\n<\/div>\r\n<div>\r\n<a button=\"\" class=\"btn btn-success tipp8 hidden\" href=\"#9\" title=\"In England Christmas is celebrated on December,25th.\" data-toggle=\"popover\" data-placement=\"top\" data-trigger=\"hover\" style=\"text-decoration: none, color:white\" data-content=\"Datums werden im Englischen mit 'on' eingeleitet.\">Tipp<\/a><\/div>\r\n<\/div>\r\n<b><span class=\"number\">\u277f<\/span><\/b>I met my wife<input type=\"text\" class=\"form-control\" id=\"q9\" autocomplete=\"off\"> 2011.\r\n<div class=\"row\">\r\n<div>\r\n<p id=\"correct9\" align=\"left\"><\/p>\r\n\r\n<\/div>\r\n<div>\r\n<a button=\"\" class=\"btn btn-success tipp9 hidden\" href=\"#10\" title=\"I met my wife in 2011.\" data-toggle=\"popover\" data-placement=\"top\" data-trigger=\"hover\" style=\"text-decoration: none, color:white\" data-content=\"Jahreszahlen werden im Englischen mit 'in' eingeleitet.\">Tipp<\/a><\/div>\r\n<\/div>\r\n<!-- The Modal -->\r\n<div id=\"myModal\" class=\"modal\">\r\n<div class=\"modal-dialog\">\r\n<div class=\"modal-content\">\r\n\r\n<!-- Modal Header -->\r\n<div class=\"modal-header\">\r\n<h4 class=\"modal-title\">Pr\u00e4positionen der Zeit<\/h4>\r\n\r\n\r\n\r\n<button class=\"close\" type=\"button\" data-dismiss=\"modal\">\u00d7<\/button>\r\n\r\n<\/div>\r\n<!-- Modal body -->\r\n<div class=\"modal-body\"><img decoding=\"async\" loading=\"lazy\" src=\"https:\/\/english-munich.de\/training\/wp-content\/uploads\/2021\/01\/prepositions-of-time-410x1024.jpg\" alt=\"Pr\u00e4positionen-Englisch-\u00dcbungen\" width=\"410\" height=\"1024\" class=\"alignnone size-large wp-image-4304\" srcset=\"https:\/\/english-munich.de\/training\/wp-content\/uploads\/2021\/01\/prepositions-of-time-410x1024.jpg 410w, https:\/\/english-munich.de\/training\/wp-content\/uploads\/2021\/01\/prepositions-of-time-120x300.jpg 120w, https:\/\/english-munich.de\/training\/wp-content\/uploads\/2021\/01\/prepositions-of-time-768x1920.jpg 768w, https:\/\/english-munich.de\/training\/wp-content\/uploads\/2021\/01\/prepositions-of-time.jpg 800w\" sizes=\"(max-width: 410px) 100vw, 410px\" \/><br \/><div>Pr\u00e4positionen Englisch \u00dcbungen &#8211; Verh\u00e4ltnisw\u00f6rter stellen f\u00fcr jeden Fremdsprachenlerner eine gro\u00dfe Herausforderung dar.\r\nDenn oft lassen sich Pr\u00e4positionen nur schwer kategorisieren. Aus diesem Grund bleibt einem oft nichts anderes als diese zu lernen. Dies gilt auch f\u00fcr das Englische. Zum Gl\u00fcck lassen sich die Verh\u00e4ltnisw\u00f6rter <b>at<\/b>, <b>in<\/b>, und <b>on<\/b> grob in Gruppen einteilen. <b>At<\/b> wird bei Uhrzeiten und Tages-, bzw. Nachtzeiten verwendet. <b>On<\/b> kommt bei Tagen und Datumsangaben zum Einsatz. <b>In<\/b> ben\u00fctzt Du bei Jahreszahlen und Jahreszeiten.<\/div><\/div>\r\n<!-- Modal footer -->\r\n<div class=\"modal-footer\"><button class=\"btn btn-danger\" type=\"button\" data-dismiss=\"modal\">Close<\/button><\/div>\r\n<\/div>\r\n<\/div>\r\n<\/div>\r\n<\/div>\r\n<\/div>\r\n<div class=\"container\">\r\n\r\n<hr>\r\n\r\n<button id=\"submitButton\" class=\"btn-lg btn-primary \" type=\"submit\" value=\"submit\">Pr\u00fcfen<\/button><button id=\"resetButton\" class=\"btn-lg btn-success\" type=\"submit\" onclick=\"refreshPage()\">Neustart<\/button><button id=\"submitButton\" class=\"btn-lg btn-info\" type=\"button\" value=\"submit\" data-toggle=\"modal\" data-target=\"#myModal\">Tipp<\/button>\r\n\r\n<hr>\r\n\r\n\r\n<p id=\"result\"><\/p>\r\n<p id=\"result2\"><\/p>\r\n\r\n<h3>Pr\u00e4positionen- Alle \u00dcbungen<\/h3>\r\n<hr>\r\n<div id=\"bellows-main-31\" class=\"bellows bellows-nojs bellows-main bellows-source-menu bellows-align-full bellows-skin-vanilla bellows-type-\"><ul id=\"menu-prapostionen-ubungen\" class=\"bellows-nav\" data-bellows-config=\"main\"><li id=\"menu-item-4293\" class=\"bellows-menu-item bellows-menu-item-type-post_type bellows-menu-item-object-page bellows-menu-item-4293 bellows-item-level-0\"><a  href=\"https:\/\/english-munich.de\/training\/prapositionen-der-ortes\/\" class=\"bellows-target\"><span class=\"bellows-target-title bellows-target-text\">\u2611\ufe0fPr\u00e4positionen der Ortes<\/span><\/a><\/li>\n<li id=\"menu-item-4298\" class=\"bellows-menu-item bellows-menu-item-type-post_type bellows-menu-item-object-page bellows-menu-item-4298 bellows-item-level-0\"><a  href=\"https:\/\/english-munich.de\/training\/prapositionen-des-ortes\/\" class=\"bellows-target\"><span class=\"bellows-target-title bellows-target-text\">\u270d\ufe0fPr\u00e4positionen des Ortes<\/span><\/a><\/li>\n<li id=\"menu-item-4299\" class=\"bellows-menu-item bellows-menu-item-type-post_type bellows-menu-item-object-page bellows-menu-item-4299 bellows-item-level-0\"><a  href=\"https:\/\/english-munich.de\/training\/prapositionen-des-ortes-2\/\" class=\"bellows-target\"><span class=\"bellows-target-title bellows-target-text\">\u2611\ufe0fPr\u00e4positionen des Ortes<\/span><\/a><\/li>\n<li id=\"menu-item-4294\" class=\"bellows-menu-item bellows-menu-item-type-post_type bellows-menu-item-object-page bellows-menu-item-4294 bellows-item-level-0\"><a  href=\"https:\/\/english-munich.de\/training\/prapositionen-der-richtung\/\" class=\"bellows-target\"><span class=\"bellows-target-title bellows-target-text\">\u2611\ufe0fPr\u00e4positionen der Richtung<\/span><\/a><\/li>\n<li id=\"menu-item-4295\" class=\"bellows-menu-item bellows-menu-item-type-post_type bellows-menu-item-object-page bellows-menu-item-4295 bellows-item-level-0\"><a  href=\"https:\/\/english-munich.de\/training\/prapositionen-der-richtung-2\/\" class=\"bellows-target\"><span class=\"bellows-target-title bellows-target-text\">\u2611\ufe0fPr\u00e4positionen der Richtung<\/span><\/a><\/li>\n<li id=\"menu-item-4296\" class=\"bellows-menu-item bellows-menu-item-type-post_type bellows-menu-item-object-page bellows-menu-item-4296 bellows-item-level-0\"><a  href=\"https:\/\/english-munich.de\/training\/prapositionen-englisch-uebungen\/\" class=\"bellows-target\"><span class=\"bellows-target-title bellows-target-text\">\u270d\ufe0fPr\u00e4positionen der Zeit<\/span><\/a><\/li>\n<li id=\"menu-item-4301\" class=\"bellows-menu-item bellows-menu-item-type-post_type bellows-menu-item-object-page bellows-menu-item-4301 bellows-item-level-0\"><a  href=\"https:\/\/english-munich.de\/training\/prapostitionen-der-zeit\/\" class=\"bellows-target\"><span class=\"bellows-target-title bellows-target-text\">\u2611\ufe0fPr\u00e4postitionen der Zeit<\/span><\/a><\/li>\n<li id=\"menu-item-4297\" class=\"bellows-menu-item bellows-menu-item-type-post_type bellows-menu-item-object-page bellows-menu-item-4297 bellows-item-level-0\"><a  href=\"https:\/\/english-munich.de\/training\/prapostionen-der-zeit\/\" class=\"bellows-target\"><span class=\"bellows-target-title bellows-target-text\">\u270d\ufe0fPr\u00e4positionen der Zeit<\/span><\/a><\/li>\n<li id=\"menu-item-4300\" class=\"bellows-menu-item bellows-menu-item-type-post_type bellows-menu-item-object-page bellows-menu-item-4300 bellows-item-level-0\"><a  href=\"https:\/\/english-munich.de\/training\/prapostionen-beim-gerund\/\" class=\"bellows-target\"><span class=\"bellows-target-title bellows-target-text\">\u270d\ufe0fPr\u00e4postionen beim Gerund<\/span><\/a><\/li>\n<li id=\"menu-item-4292\" class=\"bellows-menu-item bellows-menu-item-type-post_type bellows-menu-item-object-page bellows-menu-item-4292 bellows-item-level-0\"><a  href=\"https:\/\/english-munich.de\/training\/praspositionen-beim-gerund\/\" class=\"bellows-target\"><span class=\"bellows-target-title bellows-target-text\">\u270d\ufe0fPr\u00e4positionen beim Gerund<\/span><\/a><\/li>\n<li id=\"menu-item-5988\" class=\"bellows-menu-item bellows-menu-item-type-post_type bellows-menu-item-object-page bellows-menu-item-5988 bellows-item-level-0\"><a  href=\"https:\/\/english-munich.de\/training\/by-until-unterschied\/\" class=\"bellows-target\"><span class=\"bellows-target-title bellows-target-text\">\u270d\ufe0fby und until<\/span><\/a><\/li>\n<li id=\"menu-item-5989\" class=\"bellows-menu-item bellows-menu-item-type-post_type bellows-menu-item-object-page bellows-menu-item-5989 bellows-item-level-0\"><a  href=\"https:\/\/english-munich.de\/training\/since-und-for-unterschied\/\" class=\"bellows-target\"><span class=\"bellows-target-title bellows-target-text\">\u270d\ufe0fSince und For<\/span><\/a><\/li>\n<\/ul><\/div>\r\n<\/div>","protected":false},"excerpt":{"rendered":"Pr\u00e4positionen Englisch \u00dcbungen Aufgaben zu Pr\u00e4positionen der Zeit Beispiel \u24ffJohn hates to get up the morning. Die richtige L\u00f6sung ist: in&nbsp;&nbsp;Tipp \u270d\ufe0f F\u00fclle die richtige Pr\u00e4position (Verh\u00e4ltniswort) der Zeit in die L\u00fccke: \u2776Johnny never works night. Tipp \u2777We never drink coffee the evening. Tipp \u2778We have to go home Christmas. Tipp \u2779Let&#8217;s meet 10 o&#8217;clock [&hellip;]","protected":false},"author":3,"featured_media":0,"parent":0,"menu_order":0,"comment_status":"closed","ping_status":"closed","template":"","meta":[],"_links":{"self":[{"href":"https:\/\/english-munich.de\/training\/wp-json\/wp\/v2\/pages\/2317"}],"collection":[{"href":"https:\/\/english-munich.de\/training\/wp-json\/wp\/v2\/pages"}],"about":[{"href":"https:\/\/english-munich.de\/training\/wp-json\/wp\/v2\/types\/page"}],"author":[{"embeddable":true,"href":"https:\/\/english-munich.de\/training\/wp-json\/wp\/v2\/users\/3"}],"replies":[{"embeddable":true,"href":"https:\/\/english-munich.de\/training\/wp-json\/wp\/v2\/comments?post=2317"}],"version-history":[{"count":18,"href":"https:\/\/english-munich.de\/training\/wp-json\/wp\/v2\/pages\/2317\/revisions"}],"predecessor-version":[{"id":11974,"href":"https:\/\/english-munich.de\/training\/wp-json\/wp\/v2\/pages\/2317\/revisions\/11974"}],"wp:attachment":[{"href":"https:\/\/english-munich.de\/training\/wp-json\/wp\/v2\/media?parent=2317"}],"curies":[{"name":"wp","href":"https:\/\/api.w.org\/{rel}","templated":true}]}}