{"id":2311,"date":"2020-06-04T14:31:30","date_gmt":"2020-06-04T14:31:30","guid":{"rendered":"https:\/\/english-munich.de\/training\/?page_id=2311"},"modified":"2022-04-23T05:29:06","modified_gmt":"2022-04-23T05:29:06","slug":"praepositionen-englisch","status":"publish","type":"page","link":"https:\/\/english-munich.de\/training\/praepositionen-englisch\/","title":{"rendered":"Pr\u00e4positionen Englisch"},"content":{"rendered":"<div class=\"container well\">\r\n<h2>Pr\u00e4postionen Englisch Erkl\u00e4rungen und \u00dcbungen<\/h2>\r\n\r\n<hr>\r\n<br \/>\r\n<h2>Pr\u00e4positionen des Ortes \u00dcbersicht<\/h2>\r\n\u00dcberblick Pr\u00e4positionen Englisch Verh\u00e4ltnisw\u00f6rter des Ortes:\r\n<br \/>\r\n<br \/><img decoding=\"async\" src=\"https:\/\/english-munich.de\/training\/wp-content\/uploads\/2022\/04\/englisch-praepositionen.png\"\/ title=\"pr\u00e4positionen-englisch\"><br \/><br \/>\r\n\r\n<table class=\"table table-bordered table-hover table-responsive-sm\">\r\n<thead>\r\n<tr class=\"table-danger\">\r\n<th>AT \u2794 ZU\/AN\/BEI<\/th>\r\n<th>IN \u2794 IN\/AM<\/th>\r\n<th>ON \u2794 AUF<\/th>\r\n<\/tr>\r\n<\/thead>\r\n<tbody>\r\n<tr class=\"table-primary\">\r\n<td><b>Veranstaltungen:<\/b><br \/>\r\nat school<br \/>\r\nat work  <br \/>\r\nat a meeting<br \/>\r\nat the movies<br \/><\/td>\r\n<td><b>besondere Ausdr\u00fccke:<\/b><br \/>\r\nin the sky<br \/>\r\nin the country <br \/>\r\nin the picture<br \/>\r\nin hiding<\/td>\r\n<td><b>Auf einer Fl\u00e4che:<\/b><br \/>\r\non the door<br \/>\r\non the desk<br \/>\r\non the beach<br \/>\r\non the first floor<br \/><\/td>\r\n<\/tr>\r\n<tr class=\"table-warning\">\r\n<td><b>direkt neben:<\/b><br \/>\r\nat the window<br \/>\r\nat the desk <br \/>\r\nat the bus stop<br \/>\r\nat the traffic lights<br \/><\/td>\r\n<td><b>Orte:<\/b><br \/>\r\nin Munich<br \/>\r\nin America <br \/>\r\nin the kitchen<br \/>\r\nin the garden<br \/><\/td>\r\n<td><b>Kommunikationsmittel:<\/b><br \/>\r\non TV<br \/>\r\non the phone  <br \/>\r\non the internet<br \/>\r\non the radio<br \/><\/td>\r\n<\/tr>\r\n<tr class=\"table-success\">\r\n<td><b>Adressen:<\/b><br \/>\r\nat 10 Downing Street<br \/>\r\nat Tim&#8217;s <br \/>\r\nat home<br \/>\r\nat his place<br \/><\/td>\r\n<td><\/td>\r\n<td><b>Transportmittel:<\/b><br \/>\r\non the bus<br \/>\r\non a train<br \/>\r\non a plain<br \/>\r\non a ship<br \/><\/td>\r\n<\/tr>\r\n<\/tbody>\r\n<\/table>\r\n<table class=\"table table-bordered table-hover table-responsive-sm\">\r\n<thead>\r\n<tr class=\"table-danger\">\r\n<th>NEAR \/CLOSE TO \u2794 NEBEN<\/th>\r\n<th>BETWEEN \u2794 ZWISCHEN<\/th>\r\n<th>OUTSIDE OF \u2794 AUSSERHALB<\/th>\r\n<\/tr>\r\n<\/thead>\r\n<tbody>\r\n<tr class=\"table-primary\">\r\n<td>\r\nnear me<br \/>\r\nclose to the group<br \/>\r\nnear school<br \/>\r\nclose to New York<br \/><\/td>\r\n<td>\r\nbetween two people<br \/>\r\nbetween us<br \/>\r\nbetween two houses<br \/>\r\nbetween 6th and 42nd Street<\/td>\r\n<td>\r\noutside the building<br \/>\r\noutside England<br \/>\r\noutside of the box<br \/><\/td>\r\n<\/tr>\r\n<tr class=\"table-danger\">\r\n<th>NEXT TO \/ BESIDE \u2794 NEBEN<\/th>\r\n<th>IN FRONT OF \u2794 VOR<\/th>\r\n<th>OPPOSITE OF \u2794 GEGEN\u00dcBER<\/th>\r\n<\/tr>\r\n<tr class=\"table-warning\">\r\n<td>\r\nnext to you<br \/>\r\nbeside my neighbor<br \/>\r\nnext to our house<br \/>\r\nbeside the barbor shop<br \/>\r\n<br \/><\/td>\r\n<td>\r\nin front of a group<br \/>\r\nin front of me<br \/>\r\nin front our house<br \/>\r\nin front of the garage<br \/><\/td>\r\n<td>\r\nopposite the shop<br \/>\r\nopposite our house <br \/>\r\nopposite the man<br \/><\/td>\r\n<\/tr>\r\n<tr class=\"table-danger\">\r\n<th>ABOVE \u2794 \u00dcBER (STATISCH)<\/th>\r\n<th>BEHIND \u2794 HINTER<\/th>\r\n<th>UNDER \u2794 UNTERHALB<\/th>\r\n<\/tr>\r\n<tr class=\"table-success\">\r\n<td>\r\nabove the door<br \/>\r\nabove our flat<br \/>\r\nabove our heads<br \/><\/td>\r\n<td>\r\nbehind the door<br \/>\r\nbehind their backs<br \/>\r\nbehind our house<br \/><\/td>\r\n<td>\r\nunder our roof<br \/>\r\nunder the bridge<br \/>\r\nunder the table<br \/><\/td>\r\n<\/tr>\r\n<\/tbody>\r\n<\/table><br \/><br \/><div class=\"iframe-container\">\r\n<iframe loading=\"lazy\" width=\"560\" height=\"315\" src=\"https:\/\/www.youtube.com\/embed\/1fSpdfkvi0E\" frameborder=\"0\" allow=\"accelerometer; autoplay; clipboard-write; encrypted-media; gyroscope; picture-in-picture\" allowfullscreen=\"\"><\/iframe><\/div><br \/><br \/>\r\n<h2>Pr\u00e4positionen Englisch der Zeit \u00dcbersicht<\/h2>\r\n\u00dcberblick <a href=\"https:\/\/de.wikipedia.org\/wiki\/Pr%C3%A4position\">Pr\u00e4positionen<\/a> Englisch der Zeit:\r\n<table class=\"table table-bordered table-hover table-responsive-sm\">\r\n<thead>\r\n<tr class=\"table-danger\">\r\n<th>AT \u2794 UM\/AN\/IN<\/th>\r\n<th>IN \u2794 IN\/AM<\/th>\r\n<th>ON \u2794 AM\/AN<\/th>\r\n<\/tr>\r\n<\/thead>\r\n<tbody>\r\n<tr class=\"table-primary\">\r\n<td><b>Uhrzeit:<\/b><br \/>\r\nat 5 o&#8216; clock<br \/>\r\nat half past three  <br \/>\r\n<b>Mahlzeiten:<\/b><br \/>\r\nat breakfast<br \/><\/td>\r\n<td><b>Tageszeit:<\/b><br \/>\r\nin the morning<br \/>\r\nin the afternoon<br \/>\r\nin the daytime<br \/><\/td>\r\n<td><b>An Tagen:<\/b><br \/>\r\non Christmas Day<br \/>\r\non my birthday<br \/>\r\non Easter Monday<br \/><\/td>\r\n<\/tr>\r\n<tr class=\"table-warning\">\r\n<td><b>Zeitw\u00f6rter:<\/b><br \/>\r\nat the moment<br \/>\r\nat my age <br \/>\r\nat the age of 18<br \/>\r\nat the beginning\/end<br \/><\/td>\r\n<td><b>Monate\/Jahre\/Jahreszahlen:<\/b><br \/>\r\nin 1971<br \/>\r\nin May  <br \/>\r\nin the Sixities<br \/><\/td>\r\n<td><b>Wochentage und Datum:<\/b><br \/>\r\non Monday<br \/>\r\non Saturday  <br \/>\r\non 1st January<br \/>\r\non Thursday 6th of June<br \/><\/td>\r\n<\/tr>\r\n<tr class=\"table-success\">\r\n<td><b>Nachtzeit:<\/b><br \/>\r\nat night<br \/>\r\nat sunset <br \/>\r\n<b>Feste:<\/b><br \/>\r\nat Christmas<br \/><\/td>\r\n<td><\/td>\r\n<td><\/td>\r\n<\/tr>\r\n<\/tbody>\r\n<\/table>\r\nBei<i>this, next und last<\/i> folgt keine Pr\u00e4position (Verh\u00e4tlniswort).\r\n<i>an diesem Dienstag<\/i> = <b>this Tuesday<\/b>  <i>am n\u00e4chsten\/letzen Montag<\/i> = <b>next\/last Monday<\/b>\r\n\r\n<br \/><br \/>\r\n<h2>Pr\u00e4positionen Englisch der Richtung \u00dcbersicht<\/h2>\r\n\u00dcberblick \u00fcber die Verh\u00e4ltnisw\u00f6rter der Richtung\r\n<table class=\"table table-bordered table-hover table-responsive-sm\">\r\n<thead>\r\n<tr class=\"table-danger\">\r\n<th>THROUGH \u2794 DURCH<\/th>\r\n<th>FROM \u2794 VON\/AUS<\/th>\r\n<th>INTO \u2794 HINEIN<\/th>\r\n<\/tr>\r\n<\/thead>\r\n<tbody>\r\n<tr class=\"table-primary\">\r\n<td><b>Leute:<\/b><br \/>\r\nthrough my friends<br \/>\r\nthrough my you<br \/>\r\n<b>Fl\u00e4chen:<\/b>  <br \/>\r\nthrough the park<br \/>\r\nthrough the field<br \/><\/td>\r\n<td><b>Leute:<\/b><br \/>\r\nfrom you<br \/>\r\nfrom my mother <br \/>\r\n<b>Orte:<\/b><br \/>\r\nfrom home<br \/>\r\nfrom Russia with love<\/td>\r\n<td><b>Leute:<\/b><br \/>\r\ninto you<br \/>\r\ninto our neighbors <br \/>\r\n<b>Orte:<\/b><br \/>\r\ninto the room<br \/>\r\ninto the wild<\/td>\r\n<\/tr>\r\n<tr class=\"table-danger\">\r\n<th>UP \u2794 HINAUF<\/th>\r\n<th>DOWN \u2794 HINUNTER<\/th>\r\n<th>TOWARDS \u2794 AUF\/ZU<\/th>\r\n<\/tr>\r\n<tr class=\"table-warning\">\r\n<td><b>nach oben:<\/b><br \/>\r\nup the hill<br \/>\r\nup the street <br \/>\r\nup the building<br \/><\/td>\r\n<td><b>nach unten:<\/b><br \/>\r\ndown the hill<br \/>\r\ndown the drain<br \/>\r\ndown the slope<br \/><\/td>\r\n<td><b>auf zu:<\/b><br \/>\r\ntowards the river<br \/>\r\ntowards the house <br \/>\r\ntowards the car<br \/><\/td>\r\n<\/tr>\r\n<tr class=\"table-danger\">\r\n<th>AROUND \u2794 HERUM<\/th>\r\n<th>ALONG \u2794 ENTLANG<\/th>\r\n<th>OVER \u2794 \u00dcBER<\/th>\r\n<\/tr>\r\n<tr class=\"table-success\">\r\n<td><b>um herum:<\/b><br \/>\r\naround the curve<br \/>\r\naround the corner<br \/>\r\naround the block<br \/><\/td>\r\n<td><b>entlang:<\/b><br \/>\r\nalong the river<br \/>\r\nalong the street<br \/>\r\nalong the sidewalk<br \/><\/td>\r\n<td><b>\u00fcber:<\/b><br \/>\r\nover the fence<br \/>\r\nover the city<br \/>\r\nover the border<br \/><\/td>\r\n<\/tr>\r\n<\/tbody>\r\n<\/table>\r\n<table class=\"table table-bordered table-hover table-responsive-sm\">\r\n<thead>\r\n<tr class=\"table-danger\">\r\n<th>TO \u2794 ZU\/NACH<\/th>\r\n<th>PAST \u2794 AN VORBEI<\/th>\r\n<th>OUT OF \u2794 AUS\/HINAUS\/VON<\/th>\r\n<\/tr>\r\n<\/thead>\r\n<tbody>\r\n<tr class=\"table-primary\">\r\n<td>\r\nto my friends<br \/>\r\nto my parents<br \/>\r\n\r\nto school<br \/>\r\nto New York<br \/><\/td>\r\n<td>\r\npast the town hall<br \/>\r\npast the traffic lights <br \/>\r\n\r\npast that crowd<br \/>\r\npast the tall man<\/td>\r\n<td>\r\nout of Rosenheim<br \/>\r\nout of home<br \/>\r\n\r\nout of spite<br \/>\r\nout of order<\/td>\r\n<\/tr>\r\n<tr class=\"table-danger\">\r\n<th>OFF \u2794 HERUNTER<\/th>\r\n<th>ONTO \u2794 HINAUF<\/th>\r\n<th>AFTER \u2794 HINTERHER<\/th>\r\n<\/tr>\r\n<tr class=\"table-warning\">\r\n<td>\r\noff the chair<br \/>\r\noff the shelf <br \/>\r\noff a building<br \/><\/td>\r\n<td>\r\nonto the chair<br \/>\r\nonto the table<br \/>\r\nonto the roof<br \/><\/td>\r\n<td>\r\nafter the thief<br \/>\r\nafter the car <br \/>\r\nafter the man<br \/><\/td>\r\n<\/tr>\r\n<tr class=\"table-danger\">\r\n<th>ACROSS \u2794 QUER\/\u00dcBER\/DURCH<\/th>\r\n<th>AGAINST \u2794 GEGEN<\/th>\r\n<th>UNDER \u2794 UNTEN (DURCH)<\/th>\r\n<\/tr>\r\n<tr class=\"table-success\">\r\n<td>\r\nacross the street<br \/>\r\nall across town<br \/>\r\nacross the park<br \/><\/td>\r\n<td>\r\nagainst the windshield<br \/>\r\nagainst the curb<br \/>\r\nagainst the wind<br \/><\/td>\r\n<td>under the bridge<br \/>\r\nunder the tunnel<br \/>\r\nunder the gate<br \/><\/td>\r\n<\/tr>\r\n<\/tbody>\r\n<\/table><br \/><br \/>\r\n<h2>Pr\u00e4positionen Englisch beim Gerund<\/h2>\r\n\u00dcberblick Verh\u00e4ltnisw\u00f6rter beim Gerund:\r\n<table class=\"table table-bordered table-hover table-sm\">\r\n<tbody>\r\n<tr class=\"table-primary\">\r\n<td>apologize for doing something<\/td>\r\n<td>sich f\u00fcr etwas entschuldigen<\/td>\r\n<\/tr>\r\n<tr class=\"table-warning\">\r\n<td>to be used to doing something<\/td>\r\n<td>gew\u00f6hnt sein etwas zu tun<\/td>\r\n<\/tr>\r\n<tr class=\"table-success\">\r\n<td>to be worth doing something<\/td>\r\n<td>sich lohnen etwas zu tun<\/td>\r\n<\/tr>\r\n<tr class=\"table-info\">\r\n<td>concentrate on doing something<\/td>\r\n<td>sich konzentrieren etwas zu tun<\/td>\r\n<\/tr>\r\n<tr class=\"table-danger\">\r\n<td>feel like doing something<\/td>\r\n<td>Lust haben etwas zu tun<\/td>\r\n<\/tr>\r\n<tr class=\"table-primary\">\r\n<td>look forward to doing something<\/td>\r\n<td>sich darauf freuen etwas zu tun<\/td>\r\n<\/tr>\r\n<tr class=\"table-warning\">\r\n<td>speak about doing something<\/td>\r\n<td>dar\u00fcber sprechen etwas zu tun<\/td>\r\n<\/tr>\r\n<tr class=\"table-success\">\r\n<td>thank somebody for doing something<\/td>\r\n<td>\r\n         jemandem f\u00fcr etwas danken<\/td>\r\n<\/tr>\r\n<tr class=\"table-info\">\r\n<td>worry about doing something<\/td>\r\n<td>sich um etwas Sorgen machen<\/td>\r\n<\/tr>\r\n<tr class=\"table-danger\">\r\n<td>dream of\/about doing something<\/td>\r\n<td>davon tr\u00e4umen etwas zu tun<\/td>\r\n<\/tr>\r\n<\/tbody>\r\n<\/table>\r\n<table class=\"table table-bordered table-hover table-sm\">\r\n<tbody>\r\n<tr class=\"table-danger\">\r\n<td>to be right\/wrong about doing something<\/td>\r\n<td>Recht\/Unrecht haben etwas zu tun<\/td>\r\n<\/tr>\r\n<tr class=\"table-primary\">\r\n<td>to be good\/bad at something<\/td>\r\n<td>gut\/schlecht sein etwas zu tun<\/td>\r\n<\/tr>\r\n<tr class=\"table-warning\">\r\n<td>to afraid of doing something<\/td>\r\n<td>Angst davor haben etwas zu tun<\/td>\r\n<\/tr>\r\n<tr class=\"table-success\">\r\n<td>to be tired of doing something<\/td>\r\n<td>m\u00fcde sein etwas zu tun<\/td>\r\n<\/tr>\r\n<tr class=\"table-info\">\r\n<td>the idea of doing something<\/td>\r\n<td>die Vorstellung davon etwas zu tun<\/td>\r\n<\/tr>\r\n<tr class=\"table-danger\">\r\n<td>the reason for doing something<\/td>\r\n<td>der Grund daf\u00fcr etwas zu tun<\/td>\r\n<\/tr>\r\n<tr class=\"table-primary\">\r\n<td>the chances of doing something<\/td>\r\n<td>die Chancen daf\u00fcr etwas zu tun<\/td>\r\n<\/tr>\r\n<tr class=\"table-warning\">\r\n<td>to be excited about doing something<\/td>\r\n<td>begeistert sein etwas zu tun<\/td>\r\n<\/tr>\r\n<tr class=\"table-success\">\r\n<td>to be famous for doing something<\/td>\r\n<td>\r\n         ber\u00fchmt daf\u00fcr sein etwas zu tun<\/td>\r\n<\/tr>\r\n<tr class=\"table-info\">\r\n<td>to be in danger of doing something<\/td>\r\n<td>in Gefahr sein etwas zu tun<\/td>\r\n<\/tr>\r\n<tr class=\"table-danger\">\r\n<td>to be in the process of doing something<\/td>\r\n<td>gerade dabei sein etwas zu tun<\/td>\r\n<\/tr>\r\n<\/tbody>\r\n<\/table>\r\n<br \/><br \/>\r\n<h2>Pr\u00e4positionen Englisch \u00dcbungen:<\/h2>\r\n<hr>\r\n<div id=\"bellows-main-31\" class=\"bellows bellows-nojs bellows-main bellows-source-menu bellows-align-full bellows-skin-vanilla bellows-type-\"><ul id=\"menu-prapostionen-ubungen\" class=\"bellows-nav\" data-bellows-config=\"main\"><li id=\"menu-item-4293\" class=\"bellows-menu-item bellows-menu-item-type-post_type bellows-menu-item-object-page bellows-menu-item-4293 bellows-item-level-0\"><a  href=\"https:\/\/english-munich.de\/training\/prapositionen-der-ortes\/\" class=\"bellows-target\"><span class=\"bellows-target-title bellows-target-text\">\u2611\ufe0fPr\u00e4positionen der Ortes<\/span><\/a><\/li>\n<li id=\"menu-item-4298\" class=\"bellows-menu-item bellows-menu-item-type-post_type bellows-menu-item-object-page bellows-menu-item-4298 bellows-item-level-0\"><a  href=\"https:\/\/english-munich.de\/training\/prapositionen-des-ortes\/\" class=\"bellows-target\"><span class=\"bellows-target-title bellows-target-text\">\u270d\ufe0fPr\u00e4positionen des Ortes<\/span><\/a><\/li>\n<li id=\"menu-item-4299\" class=\"bellows-menu-item bellows-menu-item-type-post_type bellows-menu-item-object-page bellows-menu-item-4299 bellows-item-level-0\"><a  href=\"https:\/\/english-munich.de\/training\/prapositionen-des-ortes-2\/\" class=\"bellows-target\"><span class=\"bellows-target-title bellows-target-text\">\u2611\ufe0fPr\u00e4positionen des Ortes<\/span><\/a><\/li>\n<li id=\"menu-item-4294\" class=\"bellows-menu-item bellows-menu-item-type-post_type bellows-menu-item-object-page bellows-menu-item-4294 bellows-item-level-0\"><a  href=\"https:\/\/english-munich.de\/training\/prapositionen-der-richtung\/\" class=\"bellows-target\"><span class=\"bellows-target-title bellows-target-text\">\u2611\ufe0fPr\u00e4positionen der Richtung<\/span><\/a><\/li>\n<li id=\"menu-item-4295\" class=\"bellows-menu-item bellows-menu-item-type-post_type bellows-menu-item-object-page bellows-menu-item-4295 bellows-item-level-0\"><a  href=\"https:\/\/english-munich.de\/training\/prapositionen-der-richtung-2\/\" class=\"bellows-target\"><span class=\"bellows-target-title bellows-target-text\">\u2611\ufe0fPr\u00e4positionen der Richtung<\/span><\/a><\/li>\n<li id=\"menu-item-4296\" class=\"bellows-menu-item bellows-menu-item-type-post_type bellows-menu-item-object-page bellows-menu-item-4296 bellows-item-level-0\"><a  href=\"https:\/\/english-munich.de\/training\/prapositionen-englisch-uebungen\/\" class=\"bellows-target\"><span class=\"bellows-target-title bellows-target-text\">\u270d\ufe0fPr\u00e4positionen der Zeit<\/span><\/a><\/li>\n<li id=\"menu-item-4301\" class=\"bellows-menu-item bellows-menu-item-type-post_type bellows-menu-item-object-page bellows-menu-item-4301 bellows-item-level-0\"><a  href=\"https:\/\/english-munich.de\/training\/prapostitionen-der-zeit\/\" class=\"bellows-target\"><span class=\"bellows-target-title bellows-target-text\">\u2611\ufe0fPr\u00e4postitionen der Zeit<\/span><\/a><\/li>\n<li id=\"menu-item-4297\" class=\"bellows-menu-item bellows-menu-item-type-post_type bellows-menu-item-object-page bellows-menu-item-4297 bellows-item-level-0\"><a  href=\"https:\/\/english-munich.de\/training\/prapostionen-der-zeit\/\" class=\"bellows-target\"><span class=\"bellows-target-title bellows-target-text\">\u270d\ufe0fPr\u00e4positionen der Zeit<\/span><\/a><\/li>\n<li id=\"menu-item-4300\" class=\"bellows-menu-item bellows-menu-item-type-post_type bellows-menu-item-object-page bellows-menu-item-4300 bellows-item-level-0\"><a  href=\"https:\/\/english-munich.de\/training\/prapostionen-beim-gerund\/\" class=\"bellows-target\"><span class=\"bellows-target-title bellows-target-text\">\u270d\ufe0fPr\u00e4postionen beim Gerund<\/span><\/a><\/li>\n<li id=\"menu-item-4292\" class=\"bellows-menu-item bellows-menu-item-type-post_type bellows-menu-item-object-page bellows-menu-item-4292 bellows-item-level-0\"><a  href=\"https:\/\/english-munich.de\/training\/praspositionen-beim-gerund\/\" class=\"bellows-target\"><span class=\"bellows-target-title bellows-target-text\">\u270d\ufe0fPr\u00e4positionen beim Gerund<\/span><\/a><\/li>\n<li id=\"menu-item-5988\" class=\"bellows-menu-item bellows-menu-item-type-post_type bellows-menu-item-object-page bellows-menu-item-5988 bellows-item-level-0\"><a  href=\"https:\/\/english-munich.de\/training\/by-until-unterschied\/\" class=\"bellows-target\"><span class=\"bellows-target-title bellows-target-text\">\u270d\ufe0fby und until<\/span><\/a><\/li>\n<li id=\"menu-item-5989\" class=\"bellows-menu-item bellows-menu-item-type-post_type bellows-menu-item-object-page bellows-menu-item-5989 bellows-item-level-0\"><a  href=\"https:\/\/english-munich.de\/training\/since-und-for-unterschied\/\" class=\"bellows-target\"><span class=\"bellows-target-title bellows-target-text\">\u270d\ufe0fSince und For<\/span><\/a><\/li>\n<\/ul><\/div>\r\n<\/div>","protected":false},"excerpt":{"rendered":"Pr\u00e4postionen Englisch Erkl\u00e4rungen und \u00dcbungen Pr\u00e4positionen des Ortes \u00dcbersicht \u00dcberblick Pr\u00e4positionen Englisch Verh\u00e4ltnisw\u00f6rter des Ortes: AT \u2794 ZU\/AN\/BEI IN \u2794 IN\/AM ON \u2794 AUF Veranstaltungen: at school at work at a meeting at the movies besondere Ausdr\u00fccke: in the sky in the country in the picture in hiding Auf einer Fl\u00e4che: on the door on [&hellip;]","protected":false},"author":3,"featured_media":0,"parent":0,"menu_order":0,"comment_status":"closed","ping_status":"closed","template":"","meta":[],"_links":{"self":[{"href":"https:\/\/english-munich.de\/training\/wp-json\/wp\/v2\/pages\/2311"}],"collection":[{"href":"https:\/\/english-munich.de\/training\/wp-json\/wp\/v2\/pages"}],"about":[{"href":"https:\/\/english-munich.de\/training\/wp-json\/wp\/v2\/types\/page"}],"author":[{"embeddable":true,"href":"https:\/\/english-munich.de\/training\/wp-json\/wp\/v2\/users\/3"}],"replies":[{"embeddable":true,"href":"https:\/\/english-munich.de\/training\/wp-json\/wp\/v2\/comments?post=2311"}],"version-history":[{"count":63,"href":"https:\/\/english-munich.de\/training\/wp-json\/wp\/v2\/pages\/2311\/revisions"}],"predecessor-version":[{"id":11480,"href":"https:\/\/english-munich.de\/training\/wp-json\/wp\/v2\/pages\/2311\/revisions\/11480"}],"wp:attachment":[{"href":"https:\/\/english-munich.de\/training\/wp-json\/wp\/v2\/media?parent=2311"}],"curies":[{"name":"wp","href":"https:\/\/api.w.org\/{rel}","templated":true}]}}