{"id":2291,"date":"2020-06-04T09:21:06","date_gmt":"2020-06-04T09:21:06","guid":{"rendered":"https:\/\/english-munich.de\/training\/?page_id=2291"},"modified":"2024-09-03T11:43:38","modified_gmt":"2024-09-03T11:43:38","slug":"unterschied-each-other-reflexivpronomen","status":"publish","type":"page","link":"https:\/\/english-munich.de\/training\/unterschied-each-other-reflexivpronomen\/","title":{"rendered":"Unterschied each other \/ Reflexivpronomen"},"content":{"rendered":"<div class=\"jumbotron text-center\">\r\n<h2>Reflexivpronomen \/each other<\/h2>\r\n\u00dcbungen zum Unterschied von each other und dem Reflexivpronomen:\r\n\r\n<\/div>\r\n<div class=\"bs-example\">\r\n<div id=\"accordionExample\" class=\"accordion\">\r\n<div class=\"card\">\r\n<div id=\"headingOne\" class=\"card-header\">\r\n<h2 class=\"number\"><button class=\"btn btn-link collapsed\" type=\"button\" data-toggle=\"collapse\" data-target=\"#collapseOne\">Beispiel<\/button><\/h2>\r\n<\/div>\r\n<div id=\"collapseOne\" class=\"collapse\" aria-labelledby=\"headingOne\" data-parent=\"#accordionExample\">\r\n<div class=\"card-body\">\r\n<div class=\"form-group\" style=\"width: 70%; margin: 10px;\"><label for=\"sel1\"><span class=\"number\">\u24ff<\/span>Why do good friends give___________presents?<\/label>\r\n<select id=\"beispiel\" class=\"form-control\">\r\n<option value=\"wrong\">don&#8217;t do<\/option>\r\n<option value=\"correct\">each other<\/option>\r\n<option value=\"wrong\">doesn&#8217;t <\/option>\r\n<\/select>\r\n\r\nDie richtige L\u00f6sung ist: <b>&#8222;each other&#8220;<\/b>&nbsp;&nbsp;<button class=\"btn-lg btn-info\" type=\"button\" value=\"submit\" data-toggle=\"modal\" data-target=\"#myModal\">Tipp<\/button>\r\n\r\n<\/div>\r\n<\/div>\r\n<\/div>\r\n<\/div>\r\n<\/div>\r\n<br \/><br \/>\r\n<div class=\"container well\">\r\n<h4>\u2611\ufe0f W\u00e4hle die richtige Option des r\u00fcckbez\u00fcglichen F\u00fcrwortes. Wenn der Bezug gegenseitig ist w\u00e4hle:<i> each other<\/i>. Bei r\u00fcckbez\u00fcglicher Bedeutung w\u00e4hle <i>myself, yourself&#8230;usw<\/i>:<\/h4>\r\n\r\n<hr>\r\n\r\n<br \/>\r\n<div class=\"container-fluid\">\r\n<div class=\"form-group\" style=\"width: 70%;\"><label for=\"sel1\"><span class=\"number\">\u2776<\/span>Crazy people sometimes talk to__________.<\/label>\r\n<select id=\"q0\" class=\"form-control\"><option value=\"wrong\"><\/option>\r\n<option value=\"wrong\">each other<\/option>\r\n<option value=\"correct\">themselves<\/option>\r\n<option value=\"wrong\">them<\/option>\r\n<\/select>\r\n<p id=\"correct0\" align=\"left\"><\/p>\r\n<a class=\"btn btn-success tipp0 hidden\" style=\"text-decoration: none, color:white;\" title=\"...talk to themselves...\" href=\"#0\" data-toggle=\"popover\" data-placement=\"top\" data-trigger=\"hover\" data-content=\"Der Bezug ist nicht gegenseitig sondern r\u00fcckbez\u00fcglich , deswegen 'themselves'.\">Tipp<\/a>\r\n\r\n<\/div>\r\n<div class=\"form-group\" style=\"width: 70%;\"><label for=\"sel1\"><span class=\"number\">\u2777<\/span>They obviously like __________. They have been talking a long time.<\/label>\r\n<select id=\"q1\" class=\"form-control\"><option value=\"wrong\"><\/option>\r\n<option value=\"wrong\">yourselves<\/option>\r\n<option value=\"correct\">each other<\/option>\r\n<option value=\"wrong\">themselves<\/option>\r\n<\/select>\r\n<p id=\"correct1\" align=\"left\"><\/p>\r\n<a class=\"btn btn-success tipp1 hidden\" style=\"text-decoration: none, color:white;\" title=\"They obviously like each other.\" href=\"#1\" data-toggle=\"popover\" data-placement=\"top\" data-trigger=\"hover\" data-content=\"Der Bezug is gegenseitig und nicht r\u00fcckbez\u00fcglich, deswegen 'each other'.\">Tipp<\/a>\r\n\r\n<\/div>\r\n<div class=\"form-group\" style=\"width: 70%;\"><label for=\"sel1\"><span class=\"number\">\u2778<\/span>You keep telling __________this. You will end up believing it.<\/label>\r\n<select id=\"q2\" class=\"form-control\"><option value=\"wrong\"><\/option>\r\n<option value=\"wrong\">you<\/option>\r\n<option value=\"wrong\">each other<\/option>\r\n<option value=\"correct\">yourselves<\/option>\r\n<\/select>\r\n<p id=\"correct2\" align=\"left\"><\/p>\r\n<a class=\"btn btn-success tipp2 hidden\" style=\"text-decoration: none, color:white;\" title=\"keep telling yourselves...\" href=\"#2\" data-toggle=\"popover\" data-placement=\"top\" data-trigger=\"hover\" data-content=\"Der Bezug ist r\u00fcckbez\u00fcglich und nicht gegenseitig, deswegen 'yourselves'.\">Tipp<\/a>\r\n\r\n<\/div>\r\n<br \/><div class=\"iframe-container\"><iframe loading=\"lazy\" width=\"560\" height=\"315\" src=\"https:\/\/www.youtube.com\/embed\/zmKZXgV2kNs?si=OqQYRnqhNx000mPQ\" title=\"YouTube video player\" frameborder=\"0\" allow=\"accelerometer; autoplay; clipboard-write; encrypted-media; gyroscope; picture-in-picture; web-share\" referrerpolicy=\"strict-origin-when-cross-origin\" allowfullscreen><\/iframe><\/div><br \/>\r\n<div class=\"form-group\" style=\"width: 70%;\"><label for=\"sel1\"><span class=\"number\">\u2779<\/span>Why working? I have been asking__________this a long time!<\/label>\r\n<select id=\"q3\" class=\"form-control\"><option value=\"wrong\"><\/option>\r\n<option value=\"wrong\">ourselves<\/option>\r\n<option value=\"correct\">myself<\/option>\r\n<option value=\"wrong\">each other<\/option>\r\n<\/select>\r\n<p id=\"correct3\" align=\"left\"><\/p>\r\n<a class=\"btn btn-success tipp3 hidden\" style=\"text-decoration: none, color:white;\" title=\"...myself...\" href=\"#3\" data-toggle=\"popover\" data-placement=\"top\" data-trigger=\"hover\" data-content=\"Der Bezug ist r\u00fcckbez\u00fcglich und nicht gegenseiting, deswegen 'myself'.\">Tipp<\/a>\r\n\r\n<\/div>\r\n<div class=\"form-group\" style=\"width: 70%;\"><label for=\"sel1\"><span class=\"number\">\u277a<\/span>They have been asking__________questions.<\/label>\r\n<select id=\"q4\" class=\"form-control\"><option value=\"wrong\"><\/option>\r\n<option value=\"wrong\">themselves<\/option>\r\n<option value=\"correct\">each other<\/option>\r\n<option value=\"wrong\">them<\/option>\r\n<\/select>\r\n<p id=\"correct4\" align=\"left\"><\/p>\r\n<a class=\"btn btn-success tipp4 hidden\" style=\"text-decoration: none, color:white;\" title=\"They have been asking each other.\" href=\"#4\" data-toggle=\"popover\" data-placement=\"top\" data-trigger=\"hover\" data-content=\"Der Bezug ist gegenseitig und nicht r\u00fcckbez\u00fcglich, deswegen 'each other'.\">Tipp<\/a>\r\n\r\n<\/div>\r\n<div class=\"form-group\" style=\"width: 70%;\"><label for=\"sel1\"><span class=\"number\">\u277b<\/span>Don&#8217;t throw_______ at that guy. You have to stay cool.<\/label>\r\n<select id=\"q5\" class=\"form-control\"><option value=\"wrong\"><\/option>\r\n<option value=\"wrong\">you<\/option>\r\n<option value=\"correct\">yourself<\/option>\r\n<option value=\"wrong\">each other<\/option>\r\n<\/select>\r\n<p id=\"correct5\" align=\"left\"><\/p>\r\n<a class=\"btn btn-success tipp5 hidden\" style=\"text-decoration: none, color:white;\" title=\"Don't throw yourself!\" href=\"#5\" data-toggle=\"popover\" data-placement=\"top\" data-trigger=\"hover\" data-content=\"Der Bezug ist r\u00fcckbez\u00fcglich und nicht gegenseitig, deswegen 'yourself'.\">Tipp<\/a>\r\n\r\n<\/div>\r\n<div class=\"form-group\" style=\"width: 70%;\"><label for=\"sel1\"><span class=\"number\">\u277c<\/span> They were throwing bricks at __________ .<\/label>\r\n<select id=\"q6\" class=\"form-control\"><option value=\"wrong\"><\/option>\r\n<option value=\"wrong\">them<\/option>\r\n<option value=\"wrong\">themselves<\/option>\r\n<option value=\"correct\">each other<\/option>\r\n<\/select>\r\n<p id=\"correct6\" align=\"left\"><\/p>\r\n<a class=\"btn btn-success tipp6 hidden\" style=\"text-decoration: none, color:white;\" title=\"...at each other...\" href=\"#6\" data-toggle=\"popover\" data-placement=\"top\" data-trigger=\"hover\" data-content=\"Der Bezug is gegenseitig, und nicht r\u00fcckbez\u00fcglich, deswegen 'each other'.\">Tipp<\/a>\r\n\r\n<\/div>\r\n<div class=\"form-group\" style=\"width: 70%;\"><label for=\"sel1\"><span class=\"number\">\u277d<\/span> Good neighbors help__________.<\/label>\r\n<select id=\"q7\" class=\"form-control\"><option value=\"wrong\"><\/option>\r\n<option value=\"wrong\">them<\/option>\r\n<option value=\"wrong\">themselves<\/option>\r\n<option value=\"correct\">each other<\/option>\r\n<\/select>\r\n<p id=\"correct7\" align=\"left\"><\/p>\r\n<a class=\"btn btn-success tipp7 hidden\" style=\"text-decoration: none, color:white;\" title=\"...help each other...\" href=\"#7\" data-toggle=\"popover\" data-placement=\"top\" data-trigger=\"hover\" data-content=\"Der Bezug is gegenseitig, und nicht r\u00fcckbez\u00fcglich, deswegen 'each other'.\">Tipp<\/a>\r\n\r\n<\/div>\r\n<div class=\"form-group\" style=\"width: 70%;\"><label for=\"sel1\"><span class=\"number\">\u277e<\/span>Our neighbors just helped__________to our lawnmower without asking, unbelievable.<\/label>\r\n<select id=\"q8\" class=\"form-control\"><option value=\"wrong\"><\/option>\r\n<option value=\"correct\">themselves<\/option>\r\n<option value=\"wrong\">each other<\/option>\r\n<option value=\"wrong\">them<\/option>\r\n<\/select>\r\n<p id=\"correct8\" align=\"left\"><\/p>\r\n<a class=\"btn btn-success tipp8 hidden\" style=\"text-decoration: none, color:white;\" title=\"...helped themselves.\" href=\"#8\" data-toggle=\"popover\" data-placement=\"top\" data-trigger=\"hover\" data-content=\"Der Bezug ist r\u00fcckbez\u00fcglich und nicht gegenseitig, deswegen 'themselves'\">Tipp<\/a>\r\n\r\n<\/div>\r\n<div class=\"form-group\" style=\"width: 70%;\"><label for=\"sel1\"><span class=\"number\">\u277f<\/span>We gave__________a wonderful present<\/label>\r\n<select id=\"q9\" class=\"form-control\"><option value=\"wrong\"><\/option>\r\n<option value=\"correct\">ourselves<\/option>\r\n<option value=\"wrong\">us<\/option>\r\n<option value=\"wrong\">each other<\/option>\r\n<\/select>\r\n<p id=\"correct9\" align=\"left\"><\/p>\r\n<a class=\"btn btn-success tipp9 hidden\" style=\"text-decoration: none, color:white;\" title=\"...we gave ourselves.\" href=\"#9\" data-toggle=\"popover\" data-placement=\"top\" data-trigger=\"hover\" data-content=\"Der Bezug ist r\u00fcckbez\u00fcglich und nicht gegenseitig, deswegen 'ourselves'\">Tipp<\/a>\r\n\r\n<\/div>\r\n<\/div>\r\n<div class=\"container\">\r\n\r\n<!-- The Modal -->\r\n<div id=\"myModal\" class=\"modal fade\">\r\n<div class=\"modal-dialog modal-lg\">\r\n<div class=\"modal-content\">\r\n\r\n<!-- Modal Header -->\r\n<div class=\"modal-header\">\r\n<h4 class=\"modal-title\">Objektpronomen<\/h4>\r\n<button class=\"close\" type=\"button\" data-dismiss=\"modal\">\u00d7<\/button>\r\n\r\n<\/div>\r\n<!-- Modal body -->\r\n<div class=\"modal-body\">\r\n<h2>Pronomen\/F\u00fcrw\u00f6rter Englisch \u00dcbersicht<\/h2>\r\nEin kurzer \u00dcberblick \u00fcber die F\u00fcrw\u00f6rter im Englischen:\r\n<table class=\"table table-bordered table-striped table-hover\">\r\n<thead>\r\n<tr class=\"table-danger\">\r\n<th>Subjektpronomen<\/th>\r\n<th>Objektpronomen<\/th>\r\n<th>Possessivpron.\/Adjektiv<\/th>\r\n<th>Possessivpron.\/Nomen<\/th>\r\n<th>Reflexivpronomen<\/th>\r\n<\/tr>\r\n<\/thead>\r\n<tbody>\r\n<tr class=\"table-primary\">\r\n<td>I<\/td>\r\n<td>me<\/td>\r\n<td>my<\/td>\r\n<td>mine<\/td>\r\n<td>myself<\/td>\r\n<\/tr>\r\n<tr class=\"table-warning\">\r\n<td>you<\/td>\r\n<td>you<\/td>\r\n<td>your<\/td>\r\n<td>yours<\/td>\r\n<td>yourself<\/td>\r\n<\/tr>\r\n<tr class=\"table-success\">\r\n<td>he<\/td>\r\n<td>him<\/td>\r\n<td>his<\/td>\r\n<td>his<\/td>\r\n<td>himself<\/td>\r\n<\/tr>\r\n<tr class=\"table-info\">\r\n<td>she<\/td>\r\n<td>her<\/td>\r\n<td>her<\/td>\r\n<td>hers<\/td>\r\n<td>herself<\/td>\r\n<\/tr>\r\n<tr class=\"table-primary\">\r\n<td>it<\/td>\r\n<td>it<\/td>\r\n<td>its<\/td>\r\n<td>its<\/td>\r\n<td>itself<\/td>\r\n<\/tr>\r\n<tr class=\"table-warning\">\r\n<td>we<\/td>\r\n<td>us<\/td>\r\n<td>our<\/td>\r\n<td>ours<\/td>\r\n<td>ourselves<\/td>\r\n<\/tr>\r\n<tr class=\"table-success\">\r\n<td>you<\/td>\r\n<td>you<\/td>\r\n<td>your<\/td>\r\n<td>yours<\/td>\r\n<td>yourselves<\/td>\r\n<\/tr>\r\n<tr class=\"table-info\">\r\n<td>they<\/td>\r\n<td>them<\/td>\r\n<td>their<\/td>\r\n<td>theirs<\/td>\r\n<td>themselves<\/td>\r\n<\/tr>\r\n<\/tbody>\r\n<\/table>\r\n<\/div>\r\n<!-- Modal footer -->\r\n<div class=\"modal-footer\"><button class=\"btn btn-danger\" type=\"button\" data-dismiss=\"modal\">Close<\/button><\/div>\r\n<\/div>\r\n<\/div>\r\n<\/div>\r\n<\/div>\r\n<\/div>\r\n\r\n<hr>\r\n\r\n<div class=\"container\"><button id=\"submitButton\" class=\"btn-lg btn-primary \" type=\"submit\" value=\"submit\">Pr\u00fcfen<\/button><button id=\"resetButton\" class=\"btn-lg btn-success\" type=\"submit\" onclick=\"refreshPage()\">Neustart<\/button><button id=\"submitButton\" class=\"btn-lg btn-info\" type=\"submit\" value=\"submit\" data-toggle=\"modal\" data-target=\"#myModal\">Tipp<\/button><\/div>\r\n\r\n<hr>\r\n\r\n\r\n<p id=\"result\"><\/p>\r\n<p id=\"result2\"><\/p>\r\n<h2>F\u00fcrw\u00f6rter alle \u00dcbungen:<\/h2>\r\n<hr>\r\n<div id=\"bellows-main-37\" class=\"bellows bellows-nojs bellows-main bellows-source-menu bellows-align-full bellows-skin-vanilla bellows-type-\"><ul id=\"menu-furworter1\" class=\"bellows-nav\" data-bellows-config=\"main\"><li id=\"menu-item-4524\" class=\"bellows-menu-item bellows-menu-item-type-post_type bellows-menu-item-object-page bellows-menu-item-4524 bellows-item-level-0\"><a  href=\"https:\/\/english-munich.de\/training\/objektpronomen\/\" class=\"bellows-target\"><span class=\"bellows-target-title bellows-target-text\">\u270d\ufe0fObjektpronomen<\/span><\/a><\/li>\n<li id=\"menu-item-4525\" class=\"bellows-menu-item bellows-menu-item-type-post_type bellows-menu-item-object-page bellows-menu-item-4525 bellows-item-level-0\"><a  href=\"https:\/\/english-munich.de\/training\/objektpronomen-2\/\" class=\"bellows-target\"><span class=\"bellows-target-title bellows-target-text\">\u270d\ufe0fObjektpronomen<\/span><\/a><\/li>\n<li id=\"menu-item-4529\" class=\"bellows-menu-item bellows-menu-item-type-post_type bellows-menu-item-object-page bellows-menu-item-4529 bellows-item-level-0\"><a  href=\"https:\/\/english-munich.de\/training\/possessivpronomen\/\" class=\"bellows-target\"><span class=\"bellows-target-title bellows-target-text\">\u270d\ufe0fPossessivpronomen<\/span><\/a><\/li>\n<li id=\"menu-item-4530\" class=\"bellows-menu-item bellows-menu-item-type-post_type bellows-menu-item-object-page bellows-menu-item-4530 bellows-item-level-0\"><a  href=\"https:\/\/english-munich.de\/training\/possessivpronomen-2\/\" class=\"bellows-target\"><span class=\"bellows-target-title bellows-target-text\">\u2611\ufe0fPossessivpronomen<\/span><\/a><\/li>\n<li id=\"menu-item-4526\" class=\"bellows-menu-item bellows-menu-item-type-post_type bellows-menu-item-object-page bellows-menu-item-4526 bellows-item-level-0\"><a  href=\"https:\/\/english-munich.de\/training\/reflexivpronomen\/\" class=\"bellows-target\"><span class=\"bellows-target-title bellows-target-text\">\u2611\ufe0fReflexivpronomen<\/span><\/a><\/li>\n<li id=\"menu-item-4527\" class=\"bellows-menu-item bellows-menu-item-type-post_type bellows-menu-item-object-page bellows-menu-item-4527 bellows-item-level-0\"><a  href=\"https:\/\/english-munich.de\/training\/reflexivpronomen2\/\" class=\"bellows-target\"><span class=\"bellows-target-title bellows-target-text\">\u2611\ufe0fReflexivpronomen II<\/span><\/a><\/li>\n<li id=\"menu-item-4528\" class=\"bellows-menu-item bellows-menu-item-type-post_type bellows-menu-item-object-page bellows-menu-item-4528 bellows-item-level-0\"><a  href=\"https:\/\/english-munich.de\/training\/unterschied-each-other-reflexivpronomen\/\" class=\"bellows-target\"><span class=\"bellows-target-title bellows-target-text\">\u2611\ufe0fUnterschied each other \/ Reflexivpronomen<\/span><\/a><\/li>\n<\/ul><\/div>\r\n<\/div>","protected":false},"excerpt":{"rendered":"Reflexivpronomen \/each other \u00dcbungen zum Unterschied von each other und dem Reflexivpronomen: Beispiel \u24ffWhy do good friends give___________presents? don&#8217;t do each other doesn&#8217;t Die richtige L\u00f6sung ist: &#8222;each other&#8220;&nbsp;&nbsp;Tipp \u2611\ufe0f W\u00e4hle die richtige Option des r\u00fcckbez\u00fcglichen F\u00fcrwortes. Wenn der Bezug gegenseitig ist w\u00e4hle: each other. Bei r\u00fcckbez\u00fcglicher Bedeutung w\u00e4hle myself, yourself&#8230;usw: \u2776Crazy people sometimes talk [&hellip;]","protected":false},"author":3,"featured_media":0,"parent":0,"menu_order":0,"comment_status":"closed","ping_status":"closed","template":"","meta":[],"_links":{"self":[{"href":"https:\/\/english-munich.de\/training\/wp-json\/wp\/v2\/pages\/2291"}],"collection":[{"href":"https:\/\/english-munich.de\/training\/wp-json\/wp\/v2\/pages"}],"about":[{"href":"https:\/\/english-munich.de\/training\/wp-json\/wp\/v2\/types\/page"}],"author":[{"embeddable":true,"href":"https:\/\/english-munich.de\/training\/wp-json\/wp\/v2\/users\/3"}],"replies":[{"embeddable":true,"href":"https:\/\/english-munich.de\/training\/wp-json\/wp\/v2\/comments?post=2291"}],"version-history":[{"count":15,"href":"https:\/\/english-munich.de\/training\/wp-json\/wp\/v2\/pages\/2291\/revisions"}],"predecessor-version":[{"id":12001,"href":"https:\/\/english-munich.de\/training\/wp-json\/wp\/v2\/pages\/2291\/revisions\/12001"}],"wp:attachment":[{"href":"https:\/\/english-munich.de\/training\/wp-json\/wp\/v2\/media?parent=2291"}],"curies":[{"name":"wp","href":"https:\/\/api.w.org\/{rel}","templated":true}]}}