{"id":2247,"date":"2020-06-03T19:09:49","date_gmt":"2020-06-03T19:09:49","guid":{"rendered":"https:\/\/english-munich.de\/training\/?page_id=2247"},"modified":"2024-09-03T08:00:08","modified_gmt":"2024-09-03T08:00:08","slug":"reflexivpronomen2","status":"publish","type":"page","link":"https:\/\/english-munich.de\/training\/reflexivpronomen2\/","title":{"rendered":"Reflexivpronomen Englisch"},"content":{"rendered":"<div class=\"jumbotron text-center\">\r\n<h2>Reflexivpronomen<\/h2>\r\n\u00dcbungen zum r\u00fcckbez\u00fcglichen F\u00fcrwort Unterschied Reflexivit\u00e4t der Verben Englisch und Deutsch:\r\n\r\n<\/div>\r\n<div class=\"bs-example\">\r\n<div id=\"accordionExample\" class=\"accordion\">\r\n<div class=\"card\">\r\n<div id=\"headingOne\" class=\"card-header\">\r\n<h2 class=\"number\"><button class=\"btn btn-link collapsed\" type=\"button\" data-toggle=\"collapse\" data-target=\"#collapseOne\">Beispiel<\/button><\/h2>\r\n<\/div>\r\n<div id=\"collapseOne\" class=\"collapse\" aria-labelledby=\"headingOne\" data-parent=\"#accordionExample\">\r\n<div class=\"card-body\">\r\n<div class=\"form-group\" style=\"width: 70%; margin: 10px;\"><label for=\"sel1\"><span class=\"number\">\u24ff<\/span>Why do you always complain___________?<\/label>\r\n<select id=\"beispiel\" class=\"form-control\">\r\n<option value=\"wrong\">don&#8217;t do<\/option>\r\n<option value=\"correct\">keine Reflexivpronomen<\/option>\r\n<option value=\"wrong\">doesn&#8217;t <\/option>\r\n<\/select>\r\n\r\nDie richtige L\u00f6sung ist: <b>&#8222;kein Reflexivpronomen&#8220;<\/b>&nbsp;&nbsp;<button class=\"btn-lg btn-info\" type=\"button\" value=\"submit\" data-toggle=\"modal\" data-target=\"#myModal\">Tipp<\/button>\r\n\r\n<\/div>\r\n<\/div>\r\n<\/div>\r\n<\/div>\r\n<\/div>\r\n<br \/><br \/>\r\n<div class=\"container well\">\r\n<h4>\u2611\ufe0f W\u00e4hle die richtige Option des r\u00fcckbez\u00fcglichen F\u00fcrwortes. Achte darauf, dass im Englischen manchmal ein Reflexivpronomen notwendig ist, jedoch im Deutschen nicht, und umgekehrt:<\/h4>\r\n\r\n<hr>\r\n\r\n<br \/>\r\n<div class=\"container-fluid\">\r\n<div class=\"form-group\" style=\"width: 70%;\"><label for=\"sel1\"><span class=\"number\">\u2776<\/span>Quiet. I can&#8217;t concentrate__________.<\/label>\r\n<select id=\"q0\" class=\"form-control\"><option value=\"wrong\"><\/option>\r\n<option value=\"wrong\">me<\/option>\r\n<option value=\"wrong\">myself<\/option>\r\n<option value=\"correct\">kein Reflexivpronomen<\/option>\r\n<\/select>\r\n<p id=\"correct0\" align=\"left\"><\/p>\r\n<a class=\"btn btn-success tipp0 hidden\" style=\"text-decoration: none, color:white;\" title=\"I can't concentrate.\" href=\"#0\" data-toggle=\"popover\" data-placement=\"top\" data-trigger=\"hover\" data-content=\"Im Englischen wird das Verb 'to concentrate' ohne Reflexivpronomen verwendet!\">Tipp<\/a>\r\n\r\n<\/div>\r\n<div class=\"form-group\" style=\"width: 70%;\"><label for=\"sel1\"><span class=\"number\">\u2777<\/span>Have you met? Why don&#8217;t you introduce__________?<\/label>\r\n<select id=\"q1\" class=\"form-control\"><option value=\"wrong\"><\/option>\r\n<option value=\"correct\">yourselves<\/option>\r\n<option value=\"wrong\">you<\/option>\r\n<option value=\"wrong\">kein Reflexivpronomen<\/option>\r\n<\/select>\r\n<p id=\"correct1\" align=\"left\"><\/p>\r\n<a class=\"btn btn-success tipp1 hidden\" style=\"text-decoration: none, color:white;\" title=\"Why don't you introduce yourselves?\" href=\"#1\" data-toggle=\"popover\" data-placement=\"top\" data-trigger=\"hover\" data-content=\"'to introduce yourself' \u2192 'sich vorstellen', ben\u00f6tigt genau wie im Deutschen ein Reflexivpronomen!\">Tipp<\/a>\r\n\r\n<\/div>\r\n<div class=\"form-group\" style=\"width: 70%;\"><label for=\"sel1\"><span class=\"number\">\u2778<\/span>Why don&#8217;t we meet __________at the station?<\/label>\r\n<select id=\"q2\" class=\"form-control\"><option value=\"wrong\"><\/option>\r\n<option value=\"wrong\">ourselves<\/option>\r\n<option value=\"wrong\">us<\/option>\r\n<option value=\"correct\">kein Reflexivpronomen<\/option>\r\n<\/select>\r\n<p id=\"correct2\" align=\"left\"><\/p>\r\n<a class=\"btn btn-success tipp2 hidden\" style=\"text-decoration: none, color:white;\" title=\"Why don't we meet...\" href=\"#2\" data-toggle=\"popover\" data-placement=\"top\" data-trigger=\"hover\" data-content=\"Anders als im Deutschen ben\u00f6tigt 'to meet' \u2192 'sich treffen' kein r\u00fcckbez\u00fcgliches F\u00fcrwort. \">Tipp<\/a>\r\n\r\n<\/div><br \/>\r\n<div class=\"iframe-container\"><iframe loading=\"lazy\" width=\"560\" height=\"315\" src=\"https:\/\/www.youtube.com\/embed\/YAP9Lfo2_yM?si=0sdtkgR9CiCdKAYF\" title=\"YouTube video player\" frameborder=\"0\" allow=\"accelerometer; autoplay; clipboard-write; encrypted-media; gyroscope; picture-in-picture; web-share\" referrerpolicy=\"strict-origin-when-cross-origin\" allowfullscreen><\/iframe><\/div><br \/>\r\n<div class=\"form-group\" style=\"width: 70%;\"><label for=\"sel1\"><span class=\"number\">\u2779<\/span>Today I feel__________amazing!<\/label>\r\n<select id=\"q3\" class=\"form-control\"><option value=\"wrong\"><\/option>\r\n<option value=\"wrong\">myself<\/option>\r\n<option value=\"correct\">kein Reflexivpronomen<\/option>\r\n<option value=\"wrong\">me<\/option>\r\n<\/select>\r\n<p id=\"correct3\" align=\"left\"><\/p>\r\n<a class=\"btn btn-success tipp3 hidden\" style=\"text-decoration: none, color:white;\" title=\"Today I feel amazing!\" href=\"#3\" data-toggle=\"popover\" data-placement=\"top\" data-trigger=\"hover\" data-content=\"Anders als im Deutschen ben\u00f6tigt 'to feel' \u2192 'sich f\u00fchlen' kein r\u00fcckbez\u00fcgliches F\u00fcrwort.\">Tipp<\/a>\r\n\r\n<\/div>\r\n<div class=\"form-group\" style=\"width: 70%;\"><label for=\"sel1\"><span class=\"number\">\u277a<\/span>Come in. Make__________comfortable.<\/label>\r\n<select id=\"q4\" class=\"form-control\"><option value=\"wrong\"><\/option>\r\n<option value=\"wrong\">you<\/option>\r\n<option value=\"correct\">yourself<\/option>\r\n<option value=\"wrong\">kein Reflexivpronomen<\/option>\r\n<\/select>\r\n<p id=\"correct4\" align=\"left\"><\/p>\r\n<a class=\"btn btn-success tipp4 hidden\" style=\"text-decoration: none, color:white;\" title=\"Make yourself comfortable.\" href=\"#4\" data-toggle=\"popover\" data-placement=\"top\" data-trigger=\"hover\" data-content=\"'to make yourself comfortable' \u2192 'es sich bequem machen' ben\u00f6tigt genau wie im Deutschen ein Reflexivpronomen!\">Tipp<\/a>\r\n\r\n<\/div>\r\n<div class=\"form-group\" style=\"width: 70%;\"><label for=\"sel1\"><span class=\"number\">\u277b<\/span> Please, help __________. There&#8217;s enough for everybody<\/label>\r\n<select id=\"q5\" class=\"form-control\"><option value=\"wrong\"><\/option>\r\n<option value=\"wrong\">you<\/option>\r\n<option value=\"correct\">yourself<\/option>\r\n<option value=\"wrong\">kein Reflexivpronomen<\/option>\r\n<\/select>\r\n<p id=\"correct5\" align=\"left\"><\/p>\r\n<a class=\"btn btn-success tipp5 hidden\" style=\"text-decoration: none, color:white;\" title=\"Please, help yourself!\" href=\"#5\" data-toggle=\"popover\" data-placement=\"top\" data-trigger=\"hover\" data-content=\"to help yourself' \u2192 'sich bedienen' ben\u00f6tigt genau wie im Deutschen ein Reflexivpronomen!\">Tipp<\/a>\r\n\r\n<\/div>\r\n<div class=\"form-group\" style=\"width: 70%;\"><label for=\"sel1\"><span class=\"number\">\u277c<\/span> Quick! Turn __________ around.<\/label>\r\n<select id=\"q6\" class=\"form-control\"><option value=\"wrong\"><\/option>\r\n<option value=\"wrong\">you<\/option>\r\n<option value=\"wrong\">yourself<\/option>\r\n<option value=\"correct\">kein Reflexivpronomen<\/option>\r\n<\/select>\r\n<p id=\"correct6\" align=\"left\"><\/p>\r\n<a class=\"btn btn-success tipp6 hidden\" style=\"text-decoration: none, color:white;\" title=\"Quick! Turn around.\" href=\"#6\" data-toggle=\"popover\" data-placement=\"top\" data-trigger=\"hover\" data-content=\"Anders als im Deutschen ben\u00f6tigt 'to turn around' \u2192 'sich umdrehen' kein r\u00fcckbez\u00fcgliches F\u00fcrwort.\">Tipp<\/a>\r\n\r\n<\/div>\r\n<div class=\"form-group\" style=\"width: 70%;\"><label for=\"sel1\"><span class=\"number\">\u277d<\/span> Can you remember__________? Those were the days.<\/label>\r\n<select id=\"q7\" class=\"form-control\"><option value=\"wrong\"><\/option>\r\n<option value=\"wrong\">you<\/option>\r\n<option value=\"wrong\">yourself<\/option>\r\n<option value=\"correct\">kein Reflexivpronomen<\/option>\r\n<\/select>\r\n<p id=\"correct7\" align=\"left\"><\/p>\r\n<a class=\"btn btn-success tipp7 hidden\" style=\"text-decoration: none, color:white;\" title=\"Can you remember?\" href=\"#7\" data-toggle=\"popover\" data-placement=\"top\" data-trigger=\"hover\" data-content=\"Anders als im Deutschen ben\u00f6tigt 'to remember' \u2192 'sich erinnern' kein r\u00fcckbez\u00fcgliches F\u00fcrwort.\">Tipp<\/a>\r\n\r\n<\/div>\r\n<div class=\"form-group\" style=\"width: 70%;\"><label for=\"sel1\"><span class=\"number\">\u277e<\/span> She was in an accident? I hope she didn&#8217;t hurt__________.<\/label>\r\n<select id=\"q8\" class=\"form-control\"><option value=\"wrong\"><\/option>\r\n<option value=\"correct\">herself<\/option>\r\n<option value=\"wrong\">her<\/option>\r\n<option value=\"wrong\">kein Reflexivpronomen<\/option>\r\n<\/select>\r\n<p id=\"correct8\" align=\"left\"><\/p>\r\n<a class=\"btn btn-success tipp8 hidden\" style=\"text-decoration: none, color:white;\" title=\"...didn't hurt herself.\" href=\"#8\" data-toggle=\"popover\" data-placement=\"top\" data-trigger=\"hover\" data-content=\"'to hurt yourself' \u2192 'sich verletzen' ben\u00f6tigt genau wie im Deutschen ein Reflexivpronomen!\">Tipp<\/a>\r\n\r\n<\/div>\r\n<div class=\"form-group\" style=\"width: 70%;\"><label for=\"sel1\"><span class=\"number\">\u277f<\/span> Why do you always worry ________ ? Life is too short!<\/label>\r\n<select id=\"q9\" class=\"form-control\"><option value=\"wrong\"><\/option>\r\n<option value=\"correct\">kein Reflexivpronomen<\/option>\r\n<option value=\"wrong\">yourself<\/option>\r\n<option value=\"wrong\">you<\/option>\r\n<\/select>\r\n<p id=\"correct9\" align=\"left\"><\/p>\r\n<a class=\"btn btn-success tipp9 hidden\" style=\"text-decoration: none, color:white;\" title=\"Why do you always worry?\" href=\"#9\" data-toggle=\"popover\" data-placement=\"top\" data-trigger=\"hover\" data-content=\"Anders als im Deutschen ben\u00f6tigt 'to worry' \u2192 'sich sorgen' kein r\u00fcckbez\u00fcgliches F\u00fcrwort.\">Tipp<\/a>\r\n\r\n<\/div>\r\n<\/div>\r\n<div class=\"container\">\r\n\r\n<!-- The Modal -->\r\n<div id=\"myModal\" class=\"modal fade\">\r\n<div class=\"modal-dialog modal-lg\">\r\n<div class=\"modal-content\">\r\n\r\n<!-- Modal Header -->\r\n<div class=\"modal-header\">\r\n<h4 class=\"modal-title\">Objektpronomen<\/h4>\r\n<button class=\"close\" type=\"button\" data-dismiss=\"modal\">\u00d7<\/button>\r\n\r\n<\/div>\r\n<!-- Modal body -->\r\n<div class=\"modal-body\">\r\n<h2>Reflexivpronomen Englisch\/ Deutsch unterschiedliche Verwendung<\/h2>\r\nViele Verben sind im Deutschen r\u00fcckbez\u00fclich, werden aber im Englischen ohne Reflexivpronomen verwendet:\r\n<table class=\"table table-bordered table-striped table-hover\">\r\n<thead>\r\n<tr class=\"table-danger\">\r\n<td colspan=\"5\">Verben, die im Deutschen Reflexivpronomen haben und in Englisch nicht<\/td>\r\n<\/thead>\r\n<tbody>\r\n<tr class=\"table-info\">\r\n<td>to contentrate\/sich konzentrieren<\/td>\r\n<td>to wash \/ sich waschen<\/td>\r\n<td>to sit \/ sich setzen<\/td>\r\n<td>to approach\/ sich n\u00e4hern<\/td>\r\n<td>to feel \/ sich f\u00fchlen<\/td>\r\n<\/tr>\r\n\r\n\r\n<tr class=\"table-primary\">\r\n<td>to worry \/ sich sorgen<\/td>\r\n<td>to shower \/sich duschen<\/td>\r\n<td>to complain \/ sich beschweren<\/td>\r\n<td>to recover \/ sich erholen<\/td>\r\n<td>to wichdraw \/ sich zur\u00fcckziehen<\/td>\r\n<\/tr>\r\n<tr class=\"table-warning\">\r\n<td>to increase \/ sich steigern<\/td>\r\n<td>to remember \/ sich erinnern<\/td>\r\n<td>to move \/ sich bewegen<\/td>\r\n<td>to amount \/ sich anh\u00e4ufen<\/td>\r\n<td>to refuse \/ sich weigern<\/td>\r\n<\/tr>\r\n<tr class=\"table-success\">\r\n<td>to retire \/ sich zur\u00fcckziehen<\/td>\r\n<td>to change \/ sich \u00e4ndern<\/td>\r\n<td>to realize \/ sich klarmachen<\/td>\r\n<td>to rest \/ sich ausruhen<\/td>\r\n<td>to take care \/ sich k\u00fcmmern<\/td>\r\n<\/tr>\r\n<tr class=\"table-info\">\r\n<td>to meet \/ sich treffen<\/td>\r\n<td>to differ \/ sich unterscheiden<\/td>\r\n<td>to wonder \/ sich fragen<\/td>\r\n<td>to imagine \/ sich vorstellen<\/td>\r\n<td>to happen \/ sich ereignen<\/td>\r\n<\/tr>\r\n<\/tbody>\r\n<\/table>\r\n<\/div>\r\n<!-- Modal footer -->\r\n<div class=\"modal-footer\"><button class=\"btn btn-danger\" type=\"button\" data-dismiss=\"modal\">Close<\/button><\/div>\r\n<\/div>\r\n<\/div>\r\n<\/div>\r\n<\/div>\r\n<\/div>\r\n\r\n<hr>\r\n\r\n<div class=\"container\"><button id=\"submitButton\" class=\"btn-lg btn-primary \" type=\"submit\" value=\"submit\">Pr\u00fcfen<\/button><button id=\"resetButton\" class=\"btn-lg btn-success\" type=\"submit\" onclick=\"refreshPage()\">Neustart<\/button><button id=\"submitButton\" class=\"btn-lg btn-info\" type=\"submit\" value=\"submit\" data-toggle=\"modal\" data-target=\"#myModal\">Tipp<\/button><\/div>\r\n\r\n<hr>\r\n\r\n\r\n<p id=\"result\"><\/p>\r\n<p id=\"result2\"><\/p>\r\n<h2>F\u00fcrw\u00f6rter alle \u00dcbungen:<\/h2>\r\n<hr>\r\n<div id=\"bellows-main-37\" class=\"bellows bellows-nojs bellows-main bellows-source-menu bellows-align-full bellows-skin-vanilla bellows-type-\"><ul id=\"menu-furworter1\" class=\"bellows-nav\" data-bellows-config=\"main\"><li id=\"menu-item-4524\" class=\"bellows-menu-item bellows-menu-item-type-post_type bellows-menu-item-object-page bellows-menu-item-4524 bellows-item-level-0\"><a  href=\"https:\/\/english-munich.de\/training\/objektpronomen\/\" class=\"bellows-target\"><span class=\"bellows-target-title bellows-target-text\">\u270d\ufe0fObjektpronomen<\/span><\/a><\/li>\n<li id=\"menu-item-4525\" class=\"bellows-menu-item bellows-menu-item-type-post_type bellows-menu-item-object-page bellows-menu-item-4525 bellows-item-level-0\"><a  href=\"https:\/\/english-munich.de\/training\/objektpronomen-2\/\" class=\"bellows-target\"><span class=\"bellows-target-title bellows-target-text\">\u270d\ufe0fObjektpronomen<\/span><\/a><\/li>\n<li id=\"menu-item-4529\" class=\"bellows-menu-item bellows-menu-item-type-post_type bellows-menu-item-object-page bellows-menu-item-4529 bellows-item-level-0\"><a  href=\"https:\/\/english-munich.de\/training\/possessivpronomen\/\" class=\"bellows-target\"><span class=\"bellows-target-title bellows-target-text\">\u270d\ufe0fPossessivpronomen<\/span><\/a><\/li>\n<li id=\"menu-item-4530\" class=\"bellows-menu-item bellows-menu-item-type-post_type bellows-menu-item-object-page bellows-menu-item-4530 bellows-item-level-0\"><a  href=\"https:\/\/english-munich.de\/training\/possessivpronomen-2\/\" class=\"bellows-target\"><span class=\"bellows-target-title bellows-target-text\">\u2611\ufe0fPossessivpronomen<\/span><\/a><\/li>\n<li id=\"menu-item-4526\" class=\"bellows-menu-item bellows-menu-item-type-post_type bellows-menu-item-object-page bellows-menu-item-4526 bellows-item-level-0\"><a  href=\"https:\/\/english-munich.de\/training\/reflexivpronomen\/\" class=\"bellows-target\"><span class=\"bellows-target-title bellows-target-text\">\u2611\ufe0fReflexivpronomen<\/span><\/a><\/li>\n<li id=\"menu-item-4527\" class=\"bellows-menu-item bellows-menu-item-type-post_type bellows-menu-item-object-page bellows-menu-item-4527 bellows-item-level-0\"><a  href=\"https:\/\/english-munich.de\/training\/reflexivpronomen2\/\" class=\"bellows-target\"><span class=\"bellows-target-title bellows-target-text\">\u2611\ufe0fReflexivpronomen II<\/span><\/a><\/li>\n<li id=\"menu-item-4528\" class=\"bellows-menu-item bellows-menu-item-type-post_type bellows-menu-item-object-page bellows-menu-item-4528 bellows-item-level-0\"><a  href=\"https:\/\/english-munich.de\/training\/unterschied-each-other-reflexivpronomen\/\" class=\"bellows-target\"><span class=\"bellows-target-title bellows-target-text\">\u2611\ufe0fUnterschied each other \/ Reflexivpronomen<\/span><\/a><\/li>\n<\/ul><\/div>\r\n<\/div>","protected":false},"excerpt":{"rendered":"Reflexivpronomen \u00dcbungen zum r\u00fcckbez\u00fcglichen F\u00fcrwort Unterschied Reflexivit\u00e4t der Verben Englisch und Deutsch: Beispiel \u24ffWhy do you always complain___________? don&#8217;t do keine Reflexivpronomen doesn&#8217;t Die richtige L\u00f6sung ist: &#8222;kein Reflexivpronomen&#8220;&nbsp;&nbsp;Tipp \u2611\ufe0f W\u00e4hle die richtige Option des r\u00fcckbez\u00fcglichen F\u00fcrwortes. Achte darauf, dass im Englischen manchmal ein Reflexivpronomen notwendig ist, jedoch im Deutschen nicht, und umgekehrt: \u2776Quiet. I [&hellip;]","protected":false},"author":3,"featured_media":0,"parent":0,"menu_order":0,"comment_status":"closed","ping_status":"closed","template":"","meta":[],"_links":{"self":[{"href":"https:\/\/english-munich.de\/training\/wp-json\/wp\/v2\/pages\/2247"}],"collection":[{"href":"https:\/\/english-munich.de\/training\/wp-json\/wp\/v2\/pages"}],"about":[{"href":"https:\/\/english-munich.de\/training\/wp-json\/wp\/v2\/types\/page"}],"author":[{"embeddable":true,"href":"https:\/\/english-munich.de\/training\/wp-json\/wp\/v2\/users\/3"}],"replies":[{"embeddable":true,"href":"https:\/\/english-munich.de\/training\/wp-json\/wp\/v2\/comments?post=2247"}],"version-history":[{"count":19,"href":"https:\/\/english-munich.de\/training\/wp-json\/wp\/v2\/pages\/2247\/revisions"}],"predecessor-version":[{"id":12000,"href":"https:\/\/english-munich.de\/training\/wp-json\/wp\/v2\/pages\/2247\/revisions\/12000"}],"wp:attachment":[{"href":"https:\/\/english-munich.de\/training\/wp-json\/wp\/v2\/media?parent=2247"}],"curies":[{"name":"wp","href":"https:\/\/api.w.org\/{rel}","templated":true}]}}