{"id":2240,"date":"2020-06-03T07:04:47","date_gmt":"2020-06-03T07:04:47","guid":{"rendered":"https:\/\/english-munich.de\/training\/?page_id=2240"},"modified":"2024-09-03T05:09:36","modified_gmt":"2024-09-03T05:09:36","slug":"reflexivpronomen","status":"publish","type":"page","link":"https:\/\/english-munich.de\/training\/reflexivpronomen\/","title":{"rendered":"Reflexivpronomen"},"content":{"rendered":"<div class=\"jumbotron text-center\">\r\n<h2>Reflexivpronomen<\/h2>\r\n\u00dcbungen zum r\u00fcckbez\u00fcglichen F\u00fcrwort:\r\n\r\n<\/div>\r\n<div class=\"bs-example\">\r\n<div id=\"accordionExample\" class=\"accordion\">\r\n<div class=\"card\">\r\n<div id=\"headingOne\" class=\"card-header\">\r\n<h2 class=\"number\"><button class=\"btn btn-link collapsed\" type=\"button\" data-toggle=\"collapse\" data-target=\"#collapseOne\">Beispiel<\/button><\/h2>\r\n<\/div>\r\n<div id=\"collapseOne\" class=\"collapse\" aria-labelledby=\"headingOne\" data-parent=\"#accordionExample\">\r\n<div class=\"card-body\">\r\n<div class=\"form-group\" style=\"width: 70%; margin: 10px;\"><label for=\"sel1\"><span class=\"number\">\u24ff<\/span>Just look at_________ . You look terrible!<\/label>\r\n<select id=\"beispiel\" class=\"form-control\">\r\n<option value=\"wrong\">don&#8217;t do<\/option>\r\n<option value=\"correct\">yourself<\/option>\r\n<option value=\"wrong\">doesn&#8217;t <\/option>\r\n<\/select>\r\n\r\nDie richtige L\u00f6sung ist: <b>&#8222;yourself&#8220;<\/b>&nbsp;&nbsp;<button class=\"btn-lg btn-info\" type=\"button\" value=\"submit\" data-toggle=\"modal\" data-target=\"#myModal\">Tipp<\/button>\r\n\r\n<\/div>\r\n<\/div>\r\n<\/div>\r\n<\/div>\r\n<\/div>\r\n<br \/><br \/>\r\n<div class=\"container well\">\r\n<h4>\u2611\ufe0f W\u00e4hle die richtige Option des r\u00fcckbez\u00fcglichen F\u00fcrwortes. Achte auf den Bezug!:<\/h4>\r\n\r\n<hr>\r\n\r\n<br \/>\r\n<div class=\"container-fluid\">\r\n<div class=\"form-group\" style=\"width: 70%;\"><label for=\"sel1\"><span class=\"number\">\u2776<\/span>When I look at__________in the mirror, I feel happy.<\/label>\r\n<select id=\"q0\" class=\"form-control\"><option value=\"wrong\"><\/option>\r\n<option value=\"wrong\">me<\/option>\r\n<option value=\"correct\">myself<\/option>\r\n<\/select>\r\n<p id=\"correct0\" align=\"left\"><\/p>\r\n<a class=\"btn btn-success tipp0 hidden\" style=\"text-decoration: none, color:white;\" title=\"...look at myself...\" href=\"#0\" data-toggle=\"popover\" data-placement=\"top\" data-trigger=\"hover\" data-content=\"Die richtige L\u00f6sung ist:'myself'. Das F\u00fcrwort bezieht sich auf das Subjekt des Satzes \u2192 Reflexivpronomen.\">Tipp<\/a>\r\n\r\n<\/div>\r\n<div class=\"form-group\" style=\"width: 70%;\"><label for=\"sel1\"><span class=\"number\">\u2777<\/span>Don&#8217;t look at__________like that.<\/label>\r\n<select id=\"q1\" class=\"form-control\"><option value=\"wrong\"><\/option>\r\n<option value=\"correct\">me<\/option>\r\n<option value=\"wrong\">myself<\/option>\r\n<\/select>\r\n<p id=\"correct1\" align=\"left\"><\/p>\r\n<a class=\"btn btn-success tipp1 hidden\" style=\"text-decoration: none, color:white;\" title=\"Don't look at me.\" href=\"#1\" data-toggle=\"popover\" data-placement=\"top\" data-trigger=\"hover\" data-content=\"Die richtige L\u00f6sung ist: '...me'. Der Fokus des F\u00fcrwortes liegt auf dem Objekt \u2192 Objektpronomen.\">Tipp<\/a>\r\n\r\n<\/div>\r\n<div class=\"form-group\" style=\"width: 70%;\"><label for=\"sel1\"><span class=\"number\">\u2778<\/span>Don&#8217;t fool __________. This is not going to work<\/label>\r\n<select id=\"q2\" class=\"form-control\"><option value=\"wrong\"><\/option>\r\n<option value=\"correct\">yourself<\/option>\r\n<option value=\"wrong\">you<\/option>\r\n<\/select>\r\n<p id=\"correct2\" align=\"left\"><\/p>\r\n<a class=\"btn btn-success tipp2 hidden\" style=\"text-decoration: none, color:white;\" title=\"Don't fool yourself.\" href=\"#2\" data-toggle=\"popover\" data-placement=\"top\" data-trigger=\"hover\" data-content=\"Die richtige L\u00f6sung ist:'...yourself'. Das F\u00fcrwort bezieht sich auf das Subjekt des Satzes \u2192 Reflexivpronomen.\">Tipp<\/a>\r\n\r\n<\/div>\r\n<div class=\"form-group\" style=\"width: 70%;\"><label for=\"sel1\"><span class=\"number\">\u2779<\/span>I see__________. No need to hide!<\/label>\r\n<select id=\"q3\" class=\"form-control\"><option value=\"wrong\"><\/option>\r\n<option value=\"wrong\">yourself<\/option>\r\n<option value=\"correct\">you<\/option>\r\n<\/select>\r\n<p id=\"correct3\" align=\"left\"><\/p>\r\n<a class=\"btn btn-success tipp3 hidden\" style=\"text-decoration: none, color:white;\" title=\"I can see you.\" href=\"#3\" data-toggle=\"popover\" data-placement=\"top\" data-trigger=\"hover\" data-content=\"Die richtige L\u00f6sung ist: '...you'. Der Fokus des F\u00fcrwortes liegt auf dem Objekt \u2192 Objektpronomen.\">Tipp<\/a>\r\n\r\n<\/div>\r\n<div class=\"form-group\" style=\"width: 70%;\"><label for=\"sel1\"><span class=\"number\">\u277a<\/span>I will tell__________, but he won&#8217;t be happy!<\/label>\r\n<select id=\"q4\" class=\"form-control\"><option value=\"wrong\"><\/option>\r\n<option value=\"wrong\">himself<\/option>\r\n<option value=\"correct\">him<\/option>\r\n<\/select>\r\n<p id=\"correct4\" align=\"left\"><\/p>\r\n<a class=\"btn btn-success tipp4 hidden\" style=\"text-decoration: none, color:white;\" title=\"I will tell him...\" href=\"#4\" data-toggle=\"popover\" data-placement=\"top\" data-trigger=\"hover\" data-content=\"Die richtige L\u00f6sung ist: '...him'. Der Fokus des F\u00fcrwortes liegt auf dem Objekt \u2192 Objektpronomen.\">Tipp<\/a>\r\n\r\n<\/div><br \/>\r\n<div class=\"iframe-container\"><iframe loading=\"lazy\" width=\"560\" height=\"315\" src=\"https:\/\/www.youtube.com\/embed\/ZVae_bMCxC8?si=PjWs6f8qwv2kzsxk\" title=\"YouTube video player\" frameborder=\"0\" allow=\"accelerometer; autoplay; clipboard-write; encrypted-media; gyroscope; picture-in-picture; web-share\" referrerpolicy=\"strict-origin-when-cross-origin\" allowfullscreen><\/iframe><\/div><br \/>\r\n<div class=\"form-group\" style=\"width: 70%;\"><label for=\"sel1\"><span class=\"number\">\u277b<\/span> He is alone. He is all by __________, isn&#8217;t he?<\/label>\r\n<select id=\"q5\" class=\"form-control\"><option value=\"wrong\"><\/option>\r\n<option value=\"wrong\">him<\/option>\r\n<option value=\"correct\">himself<\/option>\r\n<\/select>\r\n<p id=\"correct5\" align=\"left\"><\/p>\r\n<a class=\"btn btn-success tipp5 hidden\" style=\"text-decoration: none, color:white;\" title=\"...all by himself...\" href=\"#5\" data-toggle=\"popover\" data-placement=\"top\" data-trigger=\"hover\" data-content=\"Die richtige L\u00f6sung ist:'...himself'. Das F\u00fcrwort bezieht sich auf das Subjekt des Satzes \u2192 Reflexivpronomen.\">Tipp<\/a>\r\n\r\n<\/div>\r\n<div class=\"form-group\" style=\"width: 70%;\"><label for=\"sel1\"><span class=\"number\">\u277c<\/span> What about the Jones? Did they enjoy __________ .<\/label>\r\n<select id=\"q6\" class=\"form-control\"><option value=\"wrong\"><\/option>\r\n<option value=\"wrong\">them<\/option>\r\n<option value=\"correct\">themselves<\/option>\r\n<\/select>\r\n<p id=\"correct6\" align=\"left\"><\/p>\r\n<a class=\"btn btn-success tipp6 hidden\" style=\"text-decoration: none, color:white;\" title=\"Did they enjoy themselves?\" href=\"#6\" data-toggle=\"popover\" data-placement=\"top\" data-trigger=\"hover\" data-content=\"Die richtige L\u00f6sung ist:'...themselves'. Das F\u00fcrwort bezieht sich auf das Subjekt des Satzes \u2192 Reflexivpronomen.\">Tipp<\/a>\r\n\r\n<\/div>\r\n<div class=\"form-group\" style=\"width: 70%;\"><label for=\"sel1\"><span class=\"number\">\u277d<\/span> We just couldn&#8217;t help__________. We bought the Ferrari.<\/label>\r\n<select id=\"q7\" class=\"form-control\"><option value=\"wrong\"><\/option>\r\n<option value=\"wrong\">us<\/option>\r\n<option value=\"correct\">ourselves<\/option>\r\n<\/select>\r\n<p id=\"correct7\" align=\"left\"><\/p>\r\n<a class=\"btn btn-success tipp7 hidden\" style=\"text-decoration: none, color:white;\" title=\"We just couldn't help ourselves.\" href=\"#7\" data-toggle=\"popover\" data-placement=\"top\" data-trigger=\"hover\" data-content=\"Die richtige L\u00f6sung ist:'...ourselves'. Das F\u00fcrwort bezieht sich auf das Subjekt des Satzes \u2192 Reflexivpronomen.\">Tipp<\/a>\r\n\r\n<\/div>\r\n<div class=\"form-group\" style=\"width: 70%;\"><label for=\"sel1\"><span class=\"number\">\u277e<\/span> Please help __________. We&#8217;re not from here.<\/label>\r\n<select id=\"q8\" class=\"form-control\"><option value=\"wrong\"><\/option>\r\n<option value=\"correct\">us<\/option>\r\n<option value=\"wrong\">ourselves<\/option>\r\n<\/select>\r\n<p id=\"correct8\" align=\"left\"><\/p>\r\n<a class=\"btn btn-success tipp8 hidden\" style=\"text-decoration: none, color:white;\" title=\"Please help us.\" href=\"#8\" data-toggle=\"popover\" data-placement=\"top\" data-trigger=\"hover\" data-content=\"Die richtige L\u00f6sung ist: '...us'. Der Fokus des F\u00fcrwortes liegt auf dem Objekt \u2192 Objektpronomen.\">Tipp<\/a>\r\n\r\n<\/div>\r\n<div class=\"form-group\" style=\"width: 70%;\"><label for=\"sel1\"><span class=\"number\">\u277f<\/span> Crazy people sometimes talk to ________ .<\/label>\r\n<select id=\"q9\" class=\"form-control\"><option value=\"wrong\"><\/option>\r\n<option value=\"correct\">themselves<\/option>\r\n<option value=\"wrong\">them<\/option>\r\n<\/select>\r\n<p id=\"correct9\" align=\"left\"><\/p>\r\n<a class=\"btn btn-success tipp9 hidden\" style=\"text-decoration: none, color:white;\" title=\"...talk to themselves...\" href=\"#9\" data-toggle=\"popover\" data-placement=\"top\" data-trigger=\"hover\" data-content=\"Die richtige L\u00f6sung ist:'...themselves'. Das F\u00fcrwort bezieht sich auf das Subjekt des Satzes \u2192 Reflexivpronomen.\">Tipp<\/a>\r\n\r\n<\/div>\r\n<\/div>\r\n<div class=\"container\">\r\n\r\n<!-- The Modal -->\r\n<div id=\"myModal\" class=\"modal fade\">\r\n<div class=\"modal-dialog modal-lg\">\r\n<div class=\"modal-content\">\r\n\r\n<!-- Modal Header -->\r\n<div class=\"modal-header\">\r\n<h4 class=\"modal-title\">Objektpronomen<\/h4>\r\n<button class=\"close\" type=\"button\" data-dismiss=\"modal\">\u00d7<\/button>\r\n\r\n<\/div>\r\n<!-- Modal body -->\r\n<div class=\"modal-body\">\r\n<h2>Pronomen\/F\u00fcrw\u00f6rter Englisch \u00dcbersicht<\/h2>\r\nEin kurzer \u00dcberblick \u00fcber die F\u00fcrw\u00f6rter im Englischen:\r\n<table class=\"table table-bordered table-striped table-hover\">\r\n<thead>\r\n<tr class=\"table-danger\">\r\n<th>Subjektpronomen<\/th>\r\n<th>Objektpronomen<\/th>\r\n<th>Possessivpron.\/Adjektiv<\/th>\r\n<th>Possessivpron.\/Nomen<\/th>\r\n<th>Reflexivpronomen<\/th>\r\n<\/tr>\r\n<\/thead>\r\n<tbody>\r\n<tr class=\"table-primary\">\r\n<td>I<\/td>\r\n<td>me<\/td>\r\n<td>my<\/td>\r\n<td>mine<\/td>\r\n<td>myself<\/td>\r\n<\/tr>\r\n<tr class=\"table-warning\">\r\n<td>you<\/td>\r\n<td>you<\/td>\r\n<td>your<\/td>\r\n<td>yours<\/td>\r\n<td>yourself<\/td>\r\n<\/tr>\r\n<tr class=\"table-success\">\r\n<td>he<\/td>\r\n<td>him<\/td>\r\n<td>his<\/td>\r\n<td>his<\/td>\r\n<td>himself<\/td>\r\n<\/tr>\r\n<tr class=\"table-info\">\r\n<td>she<\/td>\r\n<td>her<\/td>\r\n<td>her<\/td>\r\n<td>hers<\/td>\r\n<td>herself<\/td>\r\n<\/tr>\r\n<tr class=\"table-primary\">\r\n<td>it<\/td>\r\n<td>it<\/td>\r\n<td>its<\/td>\r\n<td>its<\/td>\r\n<td>itself<\/td>\r\n<\/tr>\r\n<tr class=\"table-warning\">\r\n<td>we<\/td>\r\n<td>us<\/td>\r\n<td>our<\/td>\r\n<td>ours<\/td>\r\n<td>ourselves<\/td>\r\n<\/tr>\r\n<tr class=\"table-success\">\r\n<td>you<\/td>\r\n<td>you<\/td>\r\n<td>your<\/td>\r\n<td>yours<\/td>\r\n<td>yourselves<\/td>\r\n<\/tr>\r\n<tr class=\"table-info\">\r\n<td>they<\/td>\r\n<td>them<\/td>\r\n<td>their<\/td>\r\n<td>theirs<\/td>\r\n<td>themselves<\/td>\r\n<\/tr>\r\n<\/tbody>\r\n<\/table>\r\n<\/div>\r\n<!-- Modal footer -->\r\n<div class=\"modal-footer\"><button class=\"btn btn-danger\" type=\"button\" data-dismiss=\"modal\">Close<\/button><\/div>\r\n<\/div>\r\n<\/div>\r\n<\/div>\r\n<\/div>\r\n<\/div>\r\n\r\n<hr>\r\n\r\n<div class=\"container\"><button id=\"submitButton\" class=\"btn-lg btn-primary \" type=\"submit\" value=\"submit\">Pr\u00fcfen<\/button><button id=\"resetButton\" class=\"btn-lg btn-success\" type=\"submit\" onclick=\"refreshPage()\">Neustart<\/button><button id=\"submitButton\" class=\"btn-lg btn-info\" type=\"submit\" value=\"submit\" data-toggle=\"modal\" data-target=\"#myModal\">Tipp<\/button><\/div>\r\n\r\n<hr>\r\n\r\n\r\n<p id=\"result\"><\/p>\r\n<p id=\"result2\"><\/p>\r\n<br \/><br \/>\r\n\r\n<h2>F\u00fcrw\u00f6rter alle \u00dcbungen:<\/h2>\r\n<hr>\r\n<div id=\"bellows-main-37\" class=\"bellows bellows-nojs bellows-main bellows-source-menu bellows-align-full bellows-skin-vanilla bellows-type-\"><ul id=\"menu-furworter1\" class=\"bellows-nav\" data-bellows-config=\"main\"><li id=\"menu-item-4524\" class=\"bellows-menu-item bellows-menu-item-type-post_type bellows-menu-item-object-page bellows-menu-item-4524 bellows-item-level-0\"><a  href=\"https:\/\/english-munich.de\/training\/objektpronomen\/\" class=\"bellows-target\"><span class=\"bellows-target-title bellows-target-text\">\u270d\ufe0fObjektpronomen<\/span><\/a><\/li>\n<li id=\"menu-item-4525\" class=\"bellows-menu-item bellows-menu-item-type-post_type bellows-menu-item-object-page bellows-menu-item-4525 bellows-item-level-0\"><a  href=\"https:\/\/english-munich.de\/training\/objektpronomen-2\/\" class=\"bellows-target\"><span class=\"bellows-target-title bellows-target-text\">\u270d\ufe0fObjektpronomen<\/span><\/a><\/li>\n<li id=\"menu-item-4529\" class=\"bellows-menu-item bellows-menu-item-type-post_type bellows-menu-item-object-page bellows-menu-item-4529 bellows-item-level-0\"><a  href=\"https:\/\/english-munich.de\/training\/possessivpronomen\/\" class=\"bellows-target\"><span class=\"bellows-target-title bellows-target-text\">\u270d\ufe0fPossessivpronomen<\/span><\/a><\/li>\n<li id=\"menu-item-4530\" class=\"bellows-menu-item bellows-menu-item-type-post_type bellows-menu-item-object-page bellows-menu-item-4530 bellows-item-level-0\"><a  href=\"https:\/\/english-munich.de\/training\/possessivpronomen-2\/\" class=\"bellows-target\"><span class=\"bellows-target-title bellows-target-text\">\u2611\ufe0fPossessivpronomen<\/span><\/a><\/li>\n<li id=\"menu-item-4526\" class=\"bellows-menu-item bellows-menu-item-type-post_type bellows-menu-item-object-page bellows-menu-item-4526 bellows-item-level-0\"><a  href=\"https:\/\/english-munich.de\/training\/reflexivpronomen\/\" class=\"bellows-target\"><span class=\"bellows-target-title bellows-target-text\">\u2611\ufe0fReflexivpronomen<\/span><\/a><\/li>\n<li id=\"menu-item-4527\" class=\"bellows-menu-item bellows-menu-item-type-post_type bellows-menu-item-object-page bellows-menu-item-4527 bellows-item-level-0\"><a  href=\"https:\/\/english-munich.de\/training\/reflexivpronomen2\/\" class=\"bellows-target\"><span class=\"bellows-target-title bellows-target-text\">\u2611\ufe0fReflexivpronomen II<\/span><\/a><\/li>\n<li id=\"menu-item-4528\" class=\"bellows-menu-item bellows-menu-item-type-post_type bellows-menu-item-object-page bellows-menu-item-4528 bellows-item-level-0\"><a  href=\"https:\/\/english-munich.de\/training\/unterschied-each-other-reflexivpronomen\/\" class=\"bellows-target\"><span class=\"bellows-target-title bellows-target-text\">\u2611\ufe0fUnterschied each other \/ Reflexivpronomen<\/span><\/a><\/li>\n<\/ul><\/div>\r\n<\/div>","protected":false},"excerpt":{"rendered":"Reflexivpronomen \u00dcbungen zum r\u00fcckbez\u00fcglichen F\u00fcrwort: Beispiel \u24ffJust look at_________ . You look terrible! don&#8217;t do yourself doesn&#8217;t Die richtige L\u00f6sung ist: &#8222;yourself&#8220;&nbsp;&nbsp;Tipp \u2611\ufe0f W\u00e4hle die richtige Option des r\u00fcckbez\u00fcglichen F\u00fcrwortes. Achte auf den Bezug!: \u2776When I look at__________in the mirror, I feel happy. me myself Tipp \u2777Don&#8217;t look at__________like that. me myself Tipp \u2778Don&#8217;t fool [&hellip;]","protected":false},"author":3,"featured_media":0,"parent":0,"menu_order":0,"comment_status":"closed","ping_status":"closed","template":"","meta":[],"_links":{"self":[{"href":"https:\/\/english-munich.de\/training\/wp-json\/wp\/v2\/pages\/2240"}],"collection":[{"href":"https:\/\/english-munich.de\/training\/wp-json\/wp\/v2\/pages"}],"about":[{"href":"https:\/\/english-munich.de\/training\/wp-json\/wp\/v2\/types\/page"}],"author":[{"embeddable":true,"href":"https:\/\/english-munich.de\/training\/wp-json\/wp\/v2\/users\/3"}],"replies":[{"embeddable":true,"href":"https:\/\/english-munich.de\/training\/wp-json\/wp\/v2\/comments?post=2240"}],"version-history":[{"count":10,"href":"https:\/\/english-munich.de\/training\/wp-json\/wp\/v2\/pages\/2240\/revisions"}],"predecessor-version":[{"id":11998,"href":"https:\/\/english-munich.de\/training\/wp-json\/wp\/v2\/pages\/2240\/revisions\/11998"}],"wp:attachment":[{"href":"https:\/\/english-munich.de\/training\/wp-json\/wp\/v2\/media?parent=2240"}],"curies":[{"name":"wp","href":"https:\/\/api.w.org\/{rel}","templated":true}]}}