{"id":2158,"date":"2020-06-01T05:06:11","date_gmt":"2020-06-01T05:06:11","guid":{"rendered":"https:\/\/english-munich.de\/training\/?page_id=2158"},"modified":"2022-08-03T05:41:36","modified_gmt":"2022-08-03T05:41:36","slug":"furworter","status":"publish","type":"page","link":"https:\/\/english-munich.de\/training\/furworter\/","title":{"rendered":"F\u00fcrw\u00f6rter \/ Pronomen"},"content":{"rendered":"<div class=\"container well\">\r\n<h2> F\u00fcrw\u00f6rter Pronomen \u00dcbungen und Erkl\u00e4rungen<\/h2>\r\n<hr>\r\n<h2>F\u00fcrw\u00f6rter \u00dcbungen<\/h2>\r\n<div id=\"bellows-main-37\" class=\"bellows bellows-nojs bellows-main bellows-source-menu bellows-align-full bellows-skin-vanilla bellows-type-\"><ul id=\"menu-furworter1\" class=\"bellows-nav\" data-bellows-config=\"main\"><li id=\"menu-item-4524\" class=\"bellows-menu-item bellows-menu-item-type-post_type bellows-menu-item-object-page bellows-menu-item-4524 bellows-item-level-0\"><a  href=\"https:\/\/english-munich.de\/training\/objektpronomen\/\" class=\"bellows-target\"><span class=\"bellows-target-title bellows-target-text\">\u270d\ufe0fObjektpronomen<\/span><\/a><\/li>\n<li id=\"menu-item-4525\" class=\"bellows-menu-item bellows-menu-item-type-post_type bellows-menu-item-object-page bellows-menu-item-4525 bellows-item-level-0\"><a  href=\"https:\/\/english-munich.de\/training\/objektpronomen-2\/\" class=\"bellows-target\"><span class=\"bellows-target-title bellows-target-text\">\u270d\ufe0fObjektpronomen<\/span><\/a><\/li>\n<li id=\"menu-item-4529\" class=\"bellows-menu-item bellows-menu-item-type-post_type bellows-menu-item-object-page bellows-menu-item-4529 bellows-item-level-0\"><a  href=\"https:\/\/english-munich.de\/training\/possessivpronomen\/\" class=\"bellows-target\"><span class=\"bellows-target-title bellows-target-text\">\u270d\ufe0fPossessivpronomen<\/span><\/a><\/li>\n<li id=\"menu-item-4530\" class=\"bellows-menu-item bellows-menu-item-type-post_type bellows-menu-item-object-page bellows-menu-item-4530 bellows-item-level-0\"><a  href=\"https:\/\/english-munich.de\/training\/possessivpronomen-2\/\" class=\"bellows-target\"><span class=\"bellows-target-title bellows-target-text\">\u2611\ufe0fPossessivpronomen<\/span><\/a><\/li>\n<li id=\"menu-item-4526\" class=\"bellows-menu-item bellows-menu-item-type-post_type bellows-menu-item-object-page bellows-menu-item-4526 bellows-item-level-0\"><a  href=\"https:\/\/english-munich.de\/training\/reflexivpronomen\/\" class=\"bellows-target\"><span class=\"bellows-target-title bellows-target-text\">\u2611\ufe0fReflexivpronomen<\/span><\/a><\/li>\n<li id=\"menu-item-4527\" class=\"bellows-menu-item bellows-menu-item-type-post_type bellows-menu-item-object-page bellows-menu-item-4527 bellows-item-level-0\"><a  href=\"https:\/\/english-munich.de\/training\/reflexivpronomen2\/\" class=\"bellows-target\"><span class=\"bellows-target-title bellows-target-text\">\u2611\ufe0fReflexivpronomen II<\/span><\/a><\/li>\n<li id=\"menu-item-4528\" class=\"bellows-menu-item bellows-menu-item-type-post_type bellows-menu-item-object-page bellows-menu-item-4528 bellows-item-level-0\"><a  href=\"https:\/\/english-munich.de\/training\/unterschied-each-other-reflexivpronomen\/\" class=\"bellows-target\"><span class=\"bellows-target-title bellows-target-text\">\u2611\ufe0fUnterschied each other \/ Reflexivpronomen<\/span><\/a><\/li>\n<\/ul><\/div>\r\n<h2>F\u00fcrw\u00f6rter Pronomen<\/h2>\r\nF\u00fcrw\u00f6rter bzw. Pronomen sind in Ihrer Bildung und Anwendung im Englisch der deutschen Sprache sehr \u00e4hnlich. Aus diesem Grund bereiten diese Englisch Lernenden meist keine gro\u00dfen Probleme.\r\n<h2>Subjektpronomen<\/h2>\r\nDas <b>Subjektpronomen<\/b> wird als Satzgegenstand eines Satzes verwendet. Also der, die oder das, der im Satz der <b>ausf\u00fchrende<\/b> Teil ist.\r\n<table class=\"table table-bordered table-sm\">\r\n<tbody>\r\n<tr class=\"table-danger\">\r\n<td colspan=\"7\">\r\n<b>Subjektpronomen<\/b><\/td>\r\n<\/tr>\r\n<tr class=\"table-info\">\r\n<td>\r\n<b>Deutsch<\/b><\/td>\r\n<td><b><i>ich<\/i><\/b><\/td>\r\n<td><b><i>du<\/i><\/b><\/td>\r\n<td><b><i>er\/sie\/es<\/i><\/b><\/td>\r\n<td><b><i>wir<\/i><\/b><\/td>\r\n<td><b><i>ihr<\/i><\/b><\/td>\r\n<td><b><i>sie<\/i><\/b><\/td>\r\n<\/tr>\r\n<tr class=\"table-warning\">\r\n<td><b>Englisch<\/b><\/td>\r\n<td><b><i>I<\/i><\/b><\/td>\r\n<td><b><i>you<\/i><\/b><\/td>\r\n<td><b><i>he\/she\/it<\/i><\/b><\/td>\r\n<td><b><i>we<\/i><\/b><\/td>\r\n<td><b><i>you<\/i><\/b><\/td>\r\n<td><b><i>they<\/i><\/b><\/td>\r\n<\/tr>\r\n<\/tbody>\r\n<\/table>\r\n<br \/>\r\n<h2>Objektpronomen<\/h2>\r\nDas <b>Objektpronomen<\/b> wird als Satzerg\u00e4nzung ben\u00fctzt. Dabei spielt es keine Rolle, ob es als direktes Objekt (Akkusativ) oder indirektes Objekt (Dativ) verwendet wird. Wird das Objektpromen nach <b>dem Pr\u00e4dikat (Satzaussage)<\/b> gestellt, muss die Pr\u00e4position &#8222;to&#8220; erg\u00e4nzt werden.\r\n<i>I give you the book. vs. I give the book to you.<\/i>\r\n<br \/><br \/>\r\n<div class=\"iframe-container\">\r\n<iframe loading=\"lazy\" width=\"560\" height=\"315\" src=\"https:\/\/www.youtube.com\/embed\/GiCA_yZQNdE\" title=\"Objektpronomen-Englisch\" frameborder=\"0\" allow=\"accelerometer; autoplay; clipboard-write; encrypted-media; gyroscope; picture-in-picture\" allowfullscreen><\/iframe><\/div><br \/>\r\n<table class=\"table table-bordered table-sm\">\r\n<tbody>\r\n<tr class=\"table-danger\">\r\n<td colspan=\"7\">\r\n<b>Objektpronomen<\/b><\/td>\r\n<\/tr>\r\n<tr class=\"table-info\">\r\n<td>\r\n<b>Deutsch<\/b><\/td>\r\n<td><b><i>mich<\/i><\/b><\/td>\r\n<td><b><i>dich<\/i><\/b><\/td>\r\n<td><b><i>ihn\/sie\/es<\/i><\/b><\/td>\r\n<td><b><i>uns<\/i><\/b><\/td>\r\n<td><b><i>euch<\/i><\/b><\/td>\r\n<td><b><i>ihnen<\/i><\/b><\/td>\r\n<\/tr>\r\n<tr class=\"table-warning\">\r\n<td><b>Englisch<\/b><\/td>\r\n<td><b><i>me<\/i><\/b><\/td>\r\n<td><b><i>you<\/i><\/b><\/td>\r\n<td><b><i>him\/her\/it<\/i><\/b><\/td>\r\n<td><b><i>us<\/i><\/b><\/td>\r\n<td><b><i>you<\/i><\/b><\/td>\r\n<td><b><i>them<\/i><\/b><\/td>\r\n<\/tr>\r\n<\/tbody>\r\n<\/table>\r\n<br \/>\r\n<h2>Possessivpronomen &#8211; besitzanzeigendes F\u00fcrwort<\/h2>\r\nDas besitzanzeigende F\u00fcrwort wird im Englischen, genau wie im Deutschen, in zwei Kategorien unterschieden. Es kann sich wie ein <b>Eigenschaftswort<\/b> auf ein Hauptwort beziehen: z.B. <i>my book<\/i>, oder eigenst\u00e4ndig wie ein <b>Substantiv<\/b> verwendet werden: z.B. <i>the book is mine<\/i>. <br \/>\r\n\r\n<br \/>\r\n<table class=\"table table-bordered table-sm\">\r\n<tbody>\r\n<tr class=\"table-danger\">\r\n<td colspan=\"7\">\r\n<b>Possessivpronomen adjetivisch<\/b><\/td>\r\n<\/tr>\r\n<tr class=\"table-info\">\r\n<td>\r\n<b>Deutsch<\/b><\/td>\r\n<td><b><i>mein<\/i><\/b><\/td>\r\n<td><b><i>dein<\/i><\/b><\/td>\r\n<td><b><i>sein\/sie\/es<\/i><\/b><\/td>\r\n<td><b><i>unser<\/i><\/b><\/td>\r\n<td><b><i>euer<\/i><\/b><\/td>\r\n<td><b><i>ihr<\/i><\/b><\/td>\r\n<\/tr>\r\n<tr class=\"table-warning\">\r\n<td><b>Englisch<\/b><\/td>\r\n<td><b><i>my<\/i><\/b><\/td>\r\n<td><b><i>your<\/i><\/b><\/td>\r\n<td><b><i>his\/her\/its<\/i><\/b><\/td>\r\n<td><b><i>ours<\/i><\/b><\/td>\r\n<td><b><i>your<\/i><\/b><\/td>\r\n<td><b><i>their<\/i><\/b><\/td>\r\n<\/tr>\r\n<\/tbody>\r\n<\/table><br \/>\r\n<div class=\"iframe-container\">\r\n<iframe loading=\"lazy\" width=\"560\" height=\"315\" src=\"https:\/\/www.youtube.com\/embed\/BOEl06DV7bk\" title=\"Possessivpronomen-besitzanzeigende F\u00fcrw\u00f6rter\" frameborder=\"0\" allow=\"accelerometer; autoplay; clipboard-write; encrypted-media; gyroscope; picture-in-picture\" allowfullscreen><\/iframe><\/div><br \/>\r\n<table class=\"table table-bordered table-sm\">\r\n<tbody>\r\n<tr class=\"table-danger\">\r\n<td colspan=\"7\">\r\n<b>Possessivpronomen substantivisch<\/b><\/td>\r\n<\/tr>\r\n<tr class=\"table-info\">\r\n<td>\r\n<b>Deutsch<\/b><\/td>\r\n<td><b><i>meins<\/i><\/b><\/td>\r\n<td><b><i>deins<\/i><\/b><\/td>\r\n<td><b><i>seins\/ihres\/seins<\/i><\/b><\/td>\r\n<td><b><i>unseres<\/i><\/b><\/td>\r\n<td><b><i>eures<\/i><\/b><\/td>\r\n<td><b><i>ihres<\/i><\/b><\/td>\r\n<\/tr>\r\n<tr class=\"table-warning\">\r\n<td><b>Englisch<\/b><\/td>\r\n<td><b><i>mine<\/i><\/b><\/td>\r\n<td><b><i>yours<\/i><\/b><\/td>\r\n<td><b><i>his\/hers\/its<\/i><\/b><\/td>\r\n<td><b><i>ours<\/i><\/b><\/td>\r\n<td><b><i>yours<\/i><\/b><\/td>\r\n<td><b><i>theirs<\/i><\/b><\/td>\r\n<\/tr>\r\n<\/tbody>\r\n<\/table>\r\n<h2>Reflexivpronomen &#8211; r\u00fcckbez\u00fcgliches F\u00fcrwort<\/h2>\r\nDas <b>r\u00fcckbez\u00fcgliche<\/b> F\u00fcrwort ist im Englisch seiner Verwendung nach dem Deutschen sehr \u00e4hnlich.\r\n<table class=\"table table-bordered table-sm\">\r\n<tbody>\r\n<tr class=\"table-danger\">\r\n<td colspan=\"7\">\r\n<b>Reflexivpronomen<\/b><\/td>\r\n<\/tr>\r\n<tr class=\"table-info\">\r\n<td>\r\n<b>Deutsch<\/b><\/td>\r\n<td><b><i>mich<\/i><\/b><\/td>\r\n<td><b><i>dich<\/i><\/b><\/td>\r\n<td><b><i>sich<\/i><\/b><\/td>\r\n<td><b><i>uns<\/i><\/b><\/td>\r\n<td><b><i>euch<\/i><\/b><\/td>\r\n<td><b><i>sich<\/i><\/b><\/td>\r\n<\/tr>\r\n<tr class=\"table-warning\">\r\n<td><b>Englisch<\/b><\/td>\r\n<td><b><i>myself<\/i><\/b><\/td>\r\n<td><b><i>yoursself<\/i><\/b><\/td>\r\n<td><b><i>himself\/herself\/itself<\/i><\/b><\/td>\r\n<td><b><i>ourselves<\/i><\/b><\/td>\r\n<td><b><i>yourselves<\/i><\/b><\/td>\r\n<td><b><i>themselves<\/i><\/b><\/td>\r\n<\/tr>\r\n<\/tbody>\r\n<\/table>\r\nWenn das Reflexivpronomen in einer Form verwendet wird, die sich auf ein gegenseitiges Interagieren bezieht, wird das Reflexivpronomen durch <b>&#8222;each other&#8220;<\/b> ersetzt.\r\n<i>We see each other. &#8211; Wir sehen uns (gegenseitig).\r\nWe see ourselves. &#8211; Wir sehen uns (selbst z.B. im Spiegel).\r\n<\/i><br \/><br \/><div class=\"iframe-container\">\r\n<iframe loading=\"lazy\" width=\"560\" height=\"315\" src=\"https:\/\/www.youtube.com\/embed\/bgSPSlpZgHs\" frameborder=\"0\" allow=\"accelerometer; autoplay; clipboard-write; encrypted-media; gyroscope; picture-in-picture\" allowfullscreen><\/iframe><\/div>\r\n<br \/>\r\n<h2>Verben in Deutsch mit Reflexivpronomen &#8211; in Englisch ohne<\/h2>\r\nViele Verben, die im Deutschen reflexiv sind, ben\u00f6tigen im Englischen kein Reflexivpronomen:\r\n<table class=\"table table-bordered table-striped table-hover\">\r\n<thead>\r\n<tr class=\"table-danger\">\r\n<td colspan=\"5\">Verben, die im Deutschen Reflexivpronomen haben und in Englisch nicht<\/td>\r\n<\/thead>\r\n<tbody>\r\n<tr class=\"table-info\">\r\n<td>to contentrate\/sich konzentrieren<\/td>\r\n<td>to wash \/ sich waschen<\/td>\r\n<td>to sit \/ sich setzen<\/td>\r\n<td>to approach\/ sich n\u00e4hern<\/td>\r\n<td>to feel \/ sich f\u00fchlen<\/td>\r\n<\/tr>\r\n\r\n\r\n<tr class=\"table-primary\">\r\n<td>to worry \/ sich sorgen<\/td>\r\n<td>to shower \/sich duschen<\/td>\r\n<td>to complain \/ sich beschweren<\/td>\r\n<td>to recover \/ sich erholen<\/td>\r\n<td>to wichdraw \/ sich zur\u00fcckziehen<\/td>\r\n<\/tr>\r\n<tr class=\"table-warning\">\r\n<td>to increase \/ sich steigern<\/td>\r\n<td>to remember \/ sich erinnern<\/td>\r\n<td>to move \/ sich bewegen<\/td>\r\n<td>to amount \/ sich anh\u00e4ufen<\/td>\r\n<td>to refuse \/ sich weigern<\/td>\r\n<\/tr>\r\n<tr class=\"table-success\">\r\n<td>to retire \/ sich zur\u00fcckziehen<\/td>\r\n<td>to change \/ sich \u00e4ndern<\/td>\r\n<td>to realize \/ sich klarmachen<\/td>\r\n<td>to rest \/ sich ausruhen<\/td>\r\n<td>to take care \/ sich k\u00fcmmern<\/td>\r\n<\/tr>\r\n<tr class=\"table-info\">\r\n<td>to meet \/ sich treffen<\/td>\r\n<td>to differ \/ sich unterscheiden<\/td>\r\n<td>to wonder \/ sich fragen<\/td>\r\n<td>to imagine \/ sich vorstellen<\/td>\r\n<td>to happen \/ sich ereignen<\/td>\r\n<\/tr>\r\n<\/tbody>\r\n<\/table>\r\n<br \/>\r\n<h2>F\u00fcrw\u00f6rter \u00dcbersicht<\/h2>\r\n<br \/>\r\n<table class=\"table table-bordered table-striped table-hover\">\r\n<thead>\r\n<tr class=\"table-danger\">\r\n<th>Subjektpronomen<\/th>\r\n<th>Objektpronomen<\/th>\r\n<th>Possessivpronomen adjektivisch<\/th>\r\n<th>Possessivpronomen substantivisch<\/th>\r\n<th>Reflexivpronomen<\/th>\r\n<\/tr>\r\n<\/thead>\r\n<tbody>\r\n<tr class=\"table-primary\">\r\n<td>I<\/td>\r\n<td>me<\/td>\r\n<td>my<\/td>\r\n<td>mine<\/td>\r\n<td>myself<\/td>\r\n<\/tr>\r\n<tr class=\"table-warning\">\r\n<td>you<\/td>\r\n<td>you<\/td>\r\n<td>your<\/td>\r\n<td>yours<\/td>\r\n<td>yourself<\/td>\r\n<\/tr>\r\n<tr class=\"table-success\">\r\n<td>he<\/td>\r\n<td>him<\/td>\r\n<td>his<\/td>\r\n<td>his<\/td>\r\n<td>himself<\/td>\r\n<\/tr>\r\n<tr class=\"table-info\">\r\n<td>she<\/td>\r\n<td>her<\/td>\r\n<td>her<\/td>\r\n<td>hers<\/td>\r\n<td>herself<\/td>\r\n<\/tr>\r\n<tr class=\"table-primary\">\r\n<td>it<\/td>\r\n<td>it<\/td>\r\n<td>its<\/td>\r\n<td>its<\/td>\r\n<td>itself<\/td>\r\n<\/tr>\r\n<tr class=\"table-warning\">\r\n<td>we<\/td>\r\n<td>us<\/td>\r\n<td>our<\/td>\r\n<td>ours<\/td>\r\n<td>ourselves<\/td>\r\n<\/tr>\r\n<tr class=\"table-success\">\r\n<td>you<\/td>\r\n<td>you<\/td>\r\n<td>your<\/td>\r\n<td>yours<\/td>\r\n<td>yourselves<\/td>\r\n<\/tr>\r\n<tr class=\"table-info\">\r\n<td>they<\/td>\r\n<td>them<\/td>\r\n<td>their<\/td>\r\n<td>theirs<\/td>\r\n<td>themselves<\/td>\r\n<\/tr>\r\n<\/tbody>\r\n<\/table>\r\n<\/div>","protected":false},"excerpt":{"rendered":"F\u00fcrw\u00f6rter Pronomen \u00dcbungen und Erkl\u00e4rungen F\u00fcrw\u00f6rter \u00dcbungen F\u00fcrw\u00f6rter Pronomen F\u00fcrw\u00f6rter bzw. Pronomen sind in Ihrer Bildung und Anwendung im Englisch der deutschen Sprache sehr \u00e4hnlich. Aus diesem Grund bereiten diese Englisch Lernenden meist keine gro\u00dfen Probleme. Subjektpronomen Das Subjektpronomen wird als Satzgegenstand eines Satzes verwendet. Also der, die oder das, der im Satz der ausf\u00fchrende [&hellip;]","protected":false},"author":3,"featured_media":0,"parent":0,"menu_order":0,"comment_status":"closed","ping_status":"closed","template":"","meta":[],"_links":{"self":[{"href":"https:\/\/english-munich.de\/training\/wp-json\/wp\/v2\/pages\/2158"}],"collection":[{"href":"https:\/\/english-munich.de\/training\/wp-json\/wp\/v2\/pages"}],"about":[{"href":"https:\/\/english-munich.de\/training\/wp-json\/wp\/v2\/types\/page"}],"author":[{"embeddable":true,"href":"https:\/\/english-munich.de\/training\/wp-json\/wp\/v2\/users\/3"}],"replies":[{"embeddable":true,"href":"https:\/\/english-munich.de\/training\/wp-json\/wp\/v2\/comments?post=2158"}],"version-history":[{"count":42,"href":"https:\/\/english-munich.de\/training\/wp-json\/wp\/v2\/pages\/2158\/revisions"}],"predecessor-version":[{"id":11697,"href":"https:\/\/english-munich.de\/training\/wp-json\/wp\/v2\/pages\/2158\/revisions\/11697"}],"wp:attachment":[{"href":"https:\/\/english-munich.de\/training\/wp-json\/wp\/v2\/media?parent=2158"}],"curies":[{"name":"wp","href":"https:\/\/api.w.org\/{rel}","templated":true}]}}