{"id":2129,"date":"2020-06-01T05:05:19","date_gmt":"2020-06-01T05:05:19","guid":{"rendered":"https:\/\/english-munich.de\/training\/?page_id=2129"},"modified":"2024-09-02T11:59:35","modified_gmt":"2024-09-02T11:59:35","slug":"objektpronomen","status":"publish","type":"page","link":"https:\/\/english-munich.de\/training\/objektpronomen\/","title":{"rendered":"Objektpronomen"},"content":{"rendered":"<div class=\"jumbotron text-center\">\r\n<h2>Objektpronomen &#8211; Aufgaben<\/h2>\r\n\u00dcbungen zum pers\u00f6nlichen F\u00fcrwort als Satzerg\u00e4nzung\r\n\r\n<\/div>\r\n<div class=\"bs-example\">\r\n<div class=\"accordion\" id=\"accordionExample\">\r\n<div class=\"card\">\r\n<div class=\"card-header\" id=\"headingOne\">\r\n<h2 class=\"mb-0\" style=\"color:#000\">\r\n                    <button type=\"button\" class=\"btn btn-link collapsed\" data-toggle=\"collapse\" data-target=\"#collapseOne\">Beispiel<\/button><\/h2>\r\n<\/div>\r\n<div id=\"collapseOne\" class=\"collapse\" aria-labelledby=\"headingOne\" data-parent=\"#accordionExample\">\r\n<div class=\"card-body\">\r\n<div class=\"form-inline\">\r\n<div>\r\nShe doesn&#8217;t like<input type=\"text\" class=\"form-control\" id=\"panel-beispiel\" disabled=\"\" value=\"me\">, but I like<input type=\"text\" class=\"form-control\" id=\"panel-beispiel\" disabled=\"\" value=\"her\">.\r\n<\/div><div>\r\nDie richtige L\u00f6sung ist: <b>me \/ her<\/b>&nbsp;&nbsp;<button class=\"btn-lg btn-info\" type=\"button\" value=\"submit\" data-toggle=\"modal\" data-target=\"#myModal\">Tipp<\/button>\r\n<\/div>\r\n<\/div>\r\n<\/div>\r\n<\/div>\r\n<\/div>\r\n<\/div>\r\n<br \/><br \/>\r\n<div class=\"container well\">\r\n<h4>\u270d\ufe0f Erg\u00e4nze jeweils das pers\u00f6nliche F\u00fcrwort (Subjekt) mit seiner entsprechenden Form als Objektpronomen: <b> siehe Beispiel!<\/b><\/h4>\r\n\r\n<hr>\r\n\r\n<br \/>\r\n<div class=\"container\">\r\n<div class=\"row\">\r\n<div>\r\n<b><span class=\"number\">\u2776<\/span><\/b>I like<input type=\"text\" class=\"form-control\" id=\"q0\" autocomplete=\"off\">\r\n<p id=\"correct0\" align=\"left\"><\/p>\r\n\r\n<\/div>\r\n<div>\r\n, but he doesn&#8217;t like <input type=\"text\" class=\"form-control\" id=\"q1\" autocomplete=\"off\">.\r\n<p id=\"correct1\" align=\"left\"><\/p>\r\n\r\n<\/div>\r\n<\/div>\r\n<div class=\"row\">\r\n<div>\r\n<b><span class=\"number\">\u2777<\/span><\/b>We like<input type=\"text\" class=\"form-control\" id=\"q2\" autocomplete=\"off\">\r\n<p id=\"correct2\" align=\"left\"><\/p>\r\n\r\n<\/div>\r\n<div>\r\n, but she doesn&#8217;t like <input type=\"text\" class=\"form-control\" id=\"q3\" autocomplete=\"off\">.\r\n<p id=\"correct3\" align=\"left\"><\/p>\r\n\r\n<\/div>\r\n<\/div>\r\n<div class=\"row\">\r\n<div>\r\n<b><span class=\"number\">\u2778<\/span><\/b>They like<input type=\"text\" class=\"form-control\" id=\"q4\" autocomplete=\"off\">\r\n<p id=\"correct4\" align=\"left\"><\/p>\r\n\r\n<\/div>\r\n<div>\r\n, but we don&#8217;t like <input type=\"text\" class=\"form-control\" id=\"q5\" autocomplete=\"off\">.\r\n<p id=\"correct5\" align=\"left\"><\/p>\r\n\r\n<\/div>\r\n<\/div>\r\n<div class=\"row\">\r\n<div>\r\n<b><span class=\"number\">\u2779<\/span><\/b>I like<input type=\"text\" class=\"form-control\" id=\"q6\" autocomplete=\"off\">\r\n<p id=\"correct6\" align=\"left\"><\/p>\r\n\r\n<\/div>\r\n<div>\r\n, but it doesn&#8217;t like <input type=\"text\" class=\"form-control\" id=\"q7\" autocomplete=\"off\">.\r\n<p id=\"correct7\" align=\"left\"><\/p>\r\n\r\n<\/div>\r\n<\/div><br \/>\r\n<div class=\"iframe-container\"><iframe loading=\"lazy\" width=\"560\" height=\"315\" src=\"https:\/\/www.youtube.com\/embed\/lYgGMSFsJ_Q?si=vI3edjOZULBLwBo0\" title=\"YouTube video player\" frameborder=\"0\" allow=\"accelerometer; autoplay; clipboard-write; encrypted-media; gyroscope; picture-in-picture; web-share\" referrerpolicy=\"strict-origin-when-cross-origin\" allowfullscreen><\/iframe><\/div><br \/>\r\n<div class=\"row\">\r\n<div>\r\n<b><span class=\"number\">\u277a<\/span><\/b>I like<input type=\"text\" class=\"form-control\" id=\"q8\" autocomplete=\"off\">\r\n<p id=\"correct8\" align=\"left\"><\/p>\r\n\r\n<\/div>\r\n<div>\r\n, but you don&#8217;t like <input type=\"text\" class=\"form-control\" id=\"q9\" autocomplete=\"off\">.\r\n<p id=\"correct9\" align=\"left\"><\/p>\r\n\r\n<\/div>\r\n<\/div>\r\n<div class=\"row\">\r\n<div>\r\n<b><span class=\"number\">\u277b<\/span><\/b>You like<input type=\"text\" class=\"form-control\" id=\"q10\" autocomplete=\"off\">\r\n<p id=\"correct10\" align=\"left\"><\/p>\r\n\r\n<\/div>\r\n<div>\r\n, but they don&#8217;t like <input type=\"text\" class=\"form-control\" id=\"q11\" autocomplete=\"off\">.\r\n<p id=\"correct11\" align=\"left\"><\/p>\r\n\r\n<\/div>\r\n<\/div>\r\n<div class=\"row\">\r\n<div>\r\n<b><span class=\"number\">\u277c<\/span><\/b>He likes<input type=\"text\" class=\"form-control\" id=\"q12\" autocomplete=\"off\">\r\n<p id=\"correct12\" align=\"left\"><\/p>\r\n\r\n<\/div>\r\n<div>\r\n, but she doesn&#8217;t like <input type=\"text\" class=\"form-control\" id=\"q13\" autocomplete=\"off\">.\r\n<p id=\"correct13\" align=\"left\"><\/p>\r\n\r\n<\/div>\r\n<\/div>\r\n<div class=\"row\">\r\n<div>\r\n<b><span class=\"number\">\u277d<\/span><\/b>We like<input type=\"text\" class=\"form-control\" id=\"q14\" autocomplete=\"off\">\r\n<p id=\"correct14\" align=\"left\"><\/p>\r\n\r\n<\/div>\r\n<div>\r\n, but they don&#8217;t like <input type=\"text\" class=\"form-control\" id=\"q15\" autocomplete=\"off\">.\r\n<p id=\"correct15\" align=\"left\"><\/p>\r\n\r\n<\/div>\r\n<\/div>\r\n<div class=\"row\">\r\n<div>\r\n<b><span class=\"number\">\u277e<\/span><\/b>They like<input type=\"text\" class=\"form-control\" id=\"q16\" autocomplete=\"off\">\r\n<p id=\"correct16\" align=\"left\"><\/p>\r\n\r\n<\/div>\r\n<div>\r\n, but he doesn&#8217;t like <input type=\"text\" class=\"form-control\" id=\"q17\" autocomplete=\"off\">.\r\n<p id=\"correct17\" align=\"left\"><\/p>\r\n\r\n<\/div>\r\n<\/div>\r\n<div class=\"row\">\r\n<div>\r\n<b><span class=\"number\">\u277f<\/span><\/b>She likes<input type=\"text\" class=\"form-control\" id=\"q18\" autocomplete=\"off\">\r\n<p id=\"correct18\" align=\"left\"><\/p>\r\n\r\n<\/div>\r\n<div>\r\n, but you don&#8217;t like <input type=\"text\" class=\"form-control\" id=\"q19\" autocomplete=\"off\">.\r\n<p id=\"correct19\" align=\"left\"><\/p>\r\n\r\n<\/div>\r\n<\/div>\r\n<\/div>\r\n<!-- The Modal -->\r\n<div id=\"myModal\" class=\"modal fade\">\r\n<div class=\"modal-dialog modal-lg\">\r\n<div class=\"modal-content\">\r\n\r\n<!-- Modal Header -->\r\n<div class=\"modal-header\">\r\n<h4 class=\"modal-title\">Objektpronomen<\/h4>\r\n<button class=\"close\" type=\"button\" data-dismiss=\"modal\">\u00d7<\/button>\r\n\r\n<\/div>\r\n<!-- Modal body -->\r\n<div class=\"modal-body\">\r\n<h2>Pronomen\/F\u00fcrw\u00f6rter Englisch \u00dcbersicht<\/h2>\r\nEin kurzer \u00dcberblick \u00fcber die F\u00fcrw\u00f6rter im Englischen:\r\n<table class=\"table table-bordered table-striped table-hover\">\r\n<thead>\r\n<tr class=\"table-danger\">\r\n<th>Subjektpronomen<\/th>\r\n<th>Objektpronomen<\/th>\r\n<th>Possessivpron.\/Adjektiv<\/th>\r\n<th>Possessivpron.\/Nomen<\/th>\r\n<th>Reflexivpronomen<\/th>\r\n<\/tr>\r\n<\/thead>\r\n<tbody>\r\n<tr class=\"table-primary\">\r\n<td>I<\/td>\r\n<td>me<\/td>\r\n<td>my<\/td>\r\n<td>mine<\/td>\r\n<td>myself<\/td>\r\n<\/tr>\r\n<tr class=\"table-warning\">\r\n<td>you<\/td>\r\n<td>you<\/td>\r\n<td>your<\/td>\r\n<td>yours<\/td>\r\n<td>yourself<\/td>\r\n<\/tr>\r\n<tr class=\"table-success\">\r\n<td>he<\/td>\r\n<td>him<\/td>\r\n<td>his<\/td>\r\n<td>his<\/td>\r\n<td>himself<\/td>\r\n<\/tr>\r\n<tr class=\"table-info\">\r\n<td>she<\/td>\r\n<td>her<\/td>\r\n<td>her<\/td>\r\n<td>hers<\/td>\r\n<td>herself<\/td>\r\n<\/tr>\r\n<tr class=\"table-primary\">\r\n<td>it<\/td>\r\n<td>it<\/td>\r\n<td>its<\/td>\r\n<td>its<\/td>\r\n<td>itself<\/td>\r\n<\/tr>\r\n<tr class=\"table-warning\">\r\n<td>we<\/td>\r\n<td>us<\/td>\r\n<td>our<\/td>\r\n<td>ours<\/td>\r\n<td>ourselves<\/td>\r\n<\/tr>\r\n<tr class=\"table-success\">\r\n<td>you<\/td>\r\n<td>you<\/td>\r\n<td>your<\/td>\r\n<td>yours<\/td>\r\n<td>yourselves<\/td>\r\n<\/tr>\r\n<tr class=\"table-info\">\r\n<td>they<\/td>\r\n<td>them<\/td>\r\n<td>their<\/td>\r\n<td>theirs<\/td>\r\n<td>themselves<\/td>\r\n<\/tr>\r\n<\/tbody>\r\n<\/table>\r\n<\/div>\r\n<!-- Modal footer -->\r\n<div class=\"modal-footer\"><button class=\"btn btn-danger\" type=\"button\" data-dismiss=\"modal\">Close<\/button><\/div>\r\n<\/div>\r\n<\/div>\r\n<\/div>\r\n<\/div>\r\n<\/div>\r\n<div class=\"container\">\r\n\r\n<hr>\r\n\r\n<button id=\"submitButton\" class=\"btn-lg btn-primary \" type=\"submit\" value=\"submit\">Pr\u00fcfen<\/button><button id=\"resetButton\" class=\"btn-lg btn-success\" type=\"submit\" onclick=\"refreshPage()\">Neustart<\/button><button id=\"submitButton\" class=\"btn-lg btn-info\" type=\"button\" value=\"submit\" data-toggle=\"modal\" data-target=\"#myModal\">Tipp<\/button>\r\n\r\n<hr>\r\n\r\n\r\n<p id=\"result\"><\/p>\r\n<p id=\"result2\"><\/p>\r\n<h3>F\u00fcrw\u00f6rter alle \u00dcbungen:<\/h3>\r\n<hr>\r\n<div id=\"bellows-main-37\" class=\"bellows bellows-nojs bellows-main bellows-source-menu bellows-align-full bellows-skin-vanilla bellows-type-\"><ul id=\"menu-furworter1\" class=\"bellows-nav\" data-bellows-config=\"main\"><li id=\"menu-item-4524\" class=\"bellows-menu-item bellows-menu-item-type-post_type bellows-menu-item-object-page bellows-menu-item-4524 bellows-item-level-0\"><a  href=\"https:\/\/english-munich.de\/training\/objektpronomen\/\" class=\"bellows-target\"><span class=\"bellows-target-title bellows-target-text\">\u270d\ufe0fObjektpronomen<\/span><\/a><\/li>\n<li id=\"menu-item-4525\" class=\"bellows-menu-item bellows-menu-item-type-post_type bellows-menu-item-object-page bellows-menu-item-4525 bellows-item-level-0\"><a  href=\"https:\/\/english-munich.de\/training\/objektpronomen-2\/\" class=\"bellows-target\"><span class=\"bellows-target-title bellows-target-text\">\u270d\ufe0fObjektpronomen<\/span><\/a><\/li>\n<li id=\"menu-item-4529\" class=\"bellows-menu-item bellows-menu-item-type-post_type bellows-menu-item-object-page bellows-menu-item-4529 bellows-item-level-0\"><a  href=\"https:\/\/english-munich.de\/training\/possessivpronomen\/\" class=\"bellows-target\"><span class=\"bellows-target-title bellows-target-text\">\u270d\ufe0fPossessivpronomen<\/span><\/a><\/li>\n<li id=\"menu-item-4530\" class=\"bellows-menu-item bellows-menu-item-type-post_type bellows-menu-item-object-page bellows-menu-item-4530 bellows-item-level-0\"><a  href=\"https:\/\/english-munich.de\/training\/possessivpronomen-2\/\" class=\"bellows-target\"><span class=\"bellows-target-title bellows-target-text\">\u2611\ufe0fPossessivpronomen<\/span><\/a><\/li>\n<li id=\"menu-item-4526\" class=\"bellows-menu-item bellows-menu-item-type-post_type bellows-menu-item-object-page bellows-menu-item-4526 bellows-item-level-0\"><a  href=\"https:\/\/english-munich.de\/training\/reflexivpronomen\/\" class=\"bellows-target\"><span class=\"bellows-target-title bellows-target-text\">\u2611\ufe0fReflexivpronomen<\/span><\/a><\/li>\n<li id=\"menu-item-4527\" class=\"bellows-menu-item bellows-menu-item-type-post_type bellows-menu-item-object-page bellows-menu-item-4527 bellows-item-level-0\"><a  href=\"https:\/\/english-munich.de\/training\/reflexivpronomen2\/\" class=\"bellows-target\"><span class=\"bellows-target-title bellows-target-text\">\u2611\ufe0fReflexivpronomen II<\/span><\/a><\/li>\n<li id=\"menu-item-4528\" class=\"bellows-menu-item bellows-menu-item-type-post_type bellows-menu-item-object-page bellows-menu-item-4528 bellows-item-level-0\"><a  href=\"https:\/\/english-munich.de\/training\/unterschied-each-other-reflexivpronomen\/\" class=\"bellows-target\"><span class=\"bellows-target-title bellows-target-text\">\u2611\ufe0fUnterschied each other \/ Reflexivpronomen<\/span><\/a><\/li>\n<\/ul><\/div>\r\n<\/div>","protected":false},"excerpt":{"rendered":"Objektpronomen &#8211; Aufgaben \u00dcbungen zum pers\u00f6nlichen F\u00fcrwort als Satzerg\u00e4nzung Beispiel She doesn&#8217;t like, but I like. Die richtige L\u00f6sung ist: me \/ her&nbsp;&nbsp;Tipp \u270d\ufe0f Erg\u00e4nze jeweils das pers\u00f6nliche F\u00fcrwort (Subjekt) mit seiner entsprechenden Form als Objektpronomen: siehe Beispiel! \u2776I like , but he doesn&#8217;t like . \u2777We like , but she doesn&#8217;t like . \u2778They [&hellip;]","protected":false},"author":3,"featured_media":0,"parent":0,"menu_order":0,"comment_status":"closed","ping_status":"closed","template":"","meta":[],"_links":{"self":[{"href":"https:\/\/english-munich.de\/training\/wp-json\/wp\/v2\/pages\/2129"}],"collection":[{"href":"https:\/\/english-munich.de\/training\/wp-json\/wp\/v2\/pages"}],"about":[{"href":"https:\/\/english-munich.de\/training\/wp-json\/wp\/v2\/types\/page"}],"author":[{"embeddable":true,"href":"https:\/\/english-munich.de\/training\/wp-json\/wp\/v2\/users\/3"}],"replies":[{"embeddable":true,"href":"https:\/\/english-munich.de\/training\/wp-json\/wp\/v2\/comments?post=2129"}],"version-history":[{"count":37,"href":"https:\/\/english-munich.de\/training\/wp-json\/wp\/v2\/pages\/2129\/revisions"}],"predecessor-version":[{"id":11988,"href":"https:\/\/english-munich.de\/training\/wp-json\/wp\/v2\/pages\/2129\/revisions\/11988"}],"wp:attachment":[{"href":"https:\/\/english-munich.de\/training\/wp-json\/wp\/v2\/media?parent=2129"}],"curies":[{"name":"wp","href":"https:\/\/api.w.org\/{rel}","templated":true}]}}