{"id":2121,"date":"2020-05-31T09:13:29","date_gmt":"2020-05-31T09:13:29","guid":{"rendered":"https:\/\/english-munich.de\/training\/?page_id=2121"},"modified":"2024-09-08T17:03:17","modified_gmt":"2024-09-08T17:03:17","slug":"if-satz-typ-1-2-3-vergleich","status":"publish","type":"page","link":"https:\/\/english-munich.de\/training\/if-satz-typ-1-2-3-vergleich\/","title":{"rendered":"If Satz Typ I\/II\/III"},"content":{"rendered":"<div class=\"jumbotron text-center\">\r\n<h2>If Satz Typ I\/II\/III Gegen\u00fcberstellung<\/h2>\r\n\u00dcbungen zum Vergleich der If-S\u00e4tze erster,zweiter und dritter Ordnung:\r\n\r\n<\/div>\r\n<div class=\"bs-example\">\r\n<div class=\"accordion\" id=\"accordionExample\">\r\n<div class=\"card\">\r\n<div class=\"card-header\" id=\"headingOne\">\r\n<h2 class=\"mb-0\" style=\"color:#000\">\r\n                    <button type=\"button\" class=\"btn btn-link collapsed\" data-toggle=\"collapse\" data-target=\"#collapseOne\">Beispiel<\/button><\/h2>\r\n<\/div>\r\n<div id=\"collapseOne\" class=\"collapse\" aria-labelledby=\"headingOne\" data-parent=\"#accordionExample\">\r\n<div class=\"card-body\">\r\n<div class=\"form-inline\">\r\n<div>\r\n<b><span class=\"number\">\u24ff<\/span><\/b> If John <input type=\"text\" class=\"form-control\" id=\"panel-beispiel\" disabled=\"\" value=\"wanted\"> <b><i>&nbsp;(want)&nbsp;<\/i><\/b>to arrive on time, he would hurry.\r\n<\/div><div>\r\nDie richtige L\u00f6sung ist: <i>wanted&nbsp;&nbsp;<button class=\"btn-lg btn-info\" type=\"button\" data-toggle=\"modal\" data-target=\"#myModal\">Tipp<\/button><\/i>\r\n<\/div>\r\n<\/div>\r\n<\/div>\r\n<\/div>\r\n<\/div>\r\n<\/div>\r\n<br \/><br \/>\r\n<div class=\"container well\">\r\n<h4>\u270d\ufe0f F\u00fclle die Verben in Klammern in der richtigen Form des <i>Simple Present \/ Will Future (will+ Grundform), Simple Past \/ Konditional I (would + Grundform) <\/i> oder <i>Past Perfect \/ Konditional II (would have + Grundform)<\/i> in die L\u00fccken (Vorsicht kein &#8218;will&#8216; oder &#8218;would&#8216; im If-Satz!):<\/h4>\r\n\r\n<hr>\r\n\r\n<br \/>\r\n<div class=\"container\">\r\n<b><span class=\"number\">\u2776<\/span><\/b> If Liam<input type=\"text\" class=\"form-control\" id=\"q0\" autocomplete=\"off\"><b><i>  (ask)<\/i><\/b>, more questions he would be better informed.\r\n<div class=\"row\">\r\n<div>\r\n<p id=\"correct0\" align=\"left\"><\/p>\r\n\r\n<\/div>\r\n<div>\r\n<a button=\"\" class=\"btn btn-success tipp0 hidden\" href=\"#1\" title=\" If Johnny asked...\" data-toggle=\"popover\" data-placement=\"top\" data-trigger=\"hover\" style=\"text-decoration: none; color:white;\" data-content=\"Im Folgesatz steht Konditional I (would + Grundform) \u2192 If Satz \u2192 'Simple Past'. Es handelt sich um eine Bedingung, die noch ver\u00e4ndert werden kann.\">Tipp<\/a><\/div>\r\n<\/div>\r\n<b><span class=\"number\">\u2777<\/span><\/b>We <input type=\"text\" class=\"form-control\" id=\"q1\" autocomplete=\"off\"><b><i>(love)<\/i><\/b> to go to the concert if it hadn&#8217;t been sold out.\r\n<div class=\"row\">\r\n<div>\r\n<p id=\"correct1\" align=\"left\"><\/p>\r\n\r\n<\/div>\r\n<div>\r\n<a button=\"\" class=\"btn btn-success tipp1 hidden\" href=\"#2\" title=\"We would have loved...\" data-toggle=\"popover\" data-placement=\"top\" data-trigger=\"hover\" style=\"text-decoration: none; color:white;\" data-content=\"Im If-Satz steht 'Past Perfect' \u2192 Folgesatz \u2192 'Konditional II (would have + Grundform)'. In diesem Beispiel ist der If-Satz nachgestellt. Es handelt sich um eine Bedingung, die nicht mehr ver\u00e4ndert werden kann.\">Tipp<\/a><\/div>\r\n<\/div>\r\n<b><span class=\"number\">\u2778<\/span><\/b>If Gerome <input type=\"text\" class=\"form-control\" id=\"q2\" autocomplete=\"off\"><b><i> (brush) <\/i><\/b>his teeth regularly, he will be happier.\r\n<div class=\"row\">\r\n<div>\r\n<p id=\"correct2\" align=\"left\"><\/p>\r\n\r\n<\/div>\r\n<div>\r\n<a button=\"\" class=\"btn btn-success tipp2 hidden\" align=\"left\" aria-hidden=\"true\" href=\"#3\" title=\" If John brushes...\" data-toggle=\"popover\" data-placement=\"top\" data-trigger=\"hover\" style=\"text-decoration: none, color:white\" data-content=\"If Satz \u2192 'Simple Present'; Folgesatz \u2192 'Will Future (will + Grundform)'. Aus Bedingung A folgt Konsequenz B.\">Tipp<\/a><\/div>\r\n<\/div>\r\n<span class=\"number\">\u2779<\/span>They  <input type=\"text\" class=\"form-control\" id=\"q3\" autocomplete=\"off\"><b><i>(use)<\/i><\/b> their car if its engine wasn&#8217;t out of order.\r\n<div class=\"row\">\r\n<div>\r\n<p id=\"correct3\" align=\"left\"><\/p>\r\n\r\n<\/div>\r\n<div>\r\n<a button=\"\" class=\"btn btn-success tipp3 hidden\" aria-hidden=\"true\" href=\"#4\" title=\"They would use...\" data-toggle=\"popover\" data-placement=\"top\" data-trigger=\"hover\" style=\"text-decoration: none, color:white\" data-content=\"Im If-Satz steht 'Simple Past' \u2192 Folgesatz \u2192 'Konditional I (would + Grundfrom)'. Es handelt sich um eine Bedingung, die noch ver\u00e4ndert werden kann.\">Tipp<\/a><\/div>\r\n<\/div>\r\n<b><span class=\"number\">\u277a<\/span><\/b>If you <input type=\"text\" class=\"form-control\" id=\"q4\" autocomplete=\"off\"><b><i>(be)<\/i><\/b> faster you could be on our team.\r\n<div class=\"row\">\r\n<div>\r\n<p id=\"correct4\" align=\"left\"><\/p>\r\n\r\n<\/div>\r\n<div>\r\n<a button=\"\" class=\"btn btn-success tipp4 hidden\" aria-hidden=\"true\" href=\"#5\" title=\"If you were...\" data-toggle=\"popover\" data-placement=\"top\" data-trigger=\"hover\" style=\"text-decoration: none, color:white\" data-content=\"Im Folgesatz steht Konditional I (would + Grundform) \u2192 If Satz \u2192 'Simple Past'. Es handelt sich um eine Bedingung, die noch ver\u00e4ndert werden kann.(theoretisch)\">Tipp<\/a><\/div>\r\n<\/div>\r\n<br \/><div class=\"iframe-container\"><iframe loading=\"lazy\" width=\"560\" height=\"315\" src=\"https:\/\/www.youtube.com\/embed\/yLrpmyxCOTI?si=32_3ZvusKb07GcEM\" title=\"YouTube video player\" frameborder=\"0\" allow=\"accelerometer; autoplay; clipboard-write; encrypted-media; gyroscope; picture-in-picture; web-share\" referrerpolicy=\"strict-origin-when-cross-origin\" allowfullscreen><\/iframe><\/div>{br]\r\n<b><span class=\"number\">\u277b<\/span><\/b>If he <input type=\"text\" class=\"form-control\" id=\"q5\" autocomplete=\"off\"><b><i> (watch) <\/i><\/b> less TV, he will have a longer attention span.\r\n<div class=\"row\">\r\n<div>\r\n<p id=\"correct5\" align=\"left\"><\/p>\r\n\r\n<\/div>\r\n<div>\r\n<a button=\"\" class=\"btn btn-success tipp5 hidden\" aria-hidden=\"true\" href=\"#6\" title=\"If he watches...\" data-toggle=\"popover\" data-placement=\"top\" data-trigger=\"hover\" style=\"text-decoration: none, color:white\" data-content=\"If Satz \u2192 'Simple Present'; Folgesatz \u2192 'Will Future (will + Grundform)'. Aus Bedingung A folgt Konsequenz B.\">Tipp<\/a><\/div>\r\n<\/div>\r\n<b><span class=\"number\">\u277c<\/span><\/b> If my brother  <input type=\"text\" class=\"form-control\" id=\"q6\" autocomplete=\"off\"><b><i>(play)<\/i><\/b> less basketball, he would have had more time to study.\r\n<div class=\"row\">\r\n<div>\r\n<p id=\"correct6\" align=\"left\"><\/p>\r\n\r\n<\/div>\r\n<div>\r\n<a button=\"\" class=\"btn btn-success tipp6 hidden\" aria-hidden=\"true\" href=\"#7\" title=\"If my brother had played...\" data-toggle=\"popover\" data-placement=\"top\" data-trigger=\"hover\" style=\"text-decoration: none, color:white\" data-content=\"If Satz \u2192 'Past Perfect'; Folgesatz \u2192 'Konditional II (would have + Grundform)'. Es handelt sich um eine Bedingung, die nicht mehr ver\u00e4ndert werden kann.\">Tipp<\/a><\/div>\r\n<\/div>\r\n<b><span class=\"number\">\u277d<\/span><\/b> If my Dad  <input type=\"text\" class=\"form-control\" id=\"q7\" autocomplete=\"off\"><b><i>(drink)<\/i><\/b> less coffee, he wouldn&#8217;t be so nervous.\r\n<div class=\"row\">\r\n<div>\r\n<p id=\"correct7\" align=\"left\"><\/p>\r\n\r\n<\/div>\r\n<div>\r\n<a button=\"\" class=\"btn btn-success tipp7 hidden\" href=\"#8\" title=\"If my Dad drank...\" data-toggle=\"popover\" data-placement=\"top\" data-trigger=\"hover\" style=\"text-decoration: none, color:white\" data-content=\"Im Folgesatz steht Konditional I (would + Grundform) \u2192 If Satz \u2192 'Simple Past'. Es handelt sich um eine Bedingung, die noch ver\u00e4ndert werden kann.\">Tipp<\/a><\/div>\r\n<\/div>\r\n<b><span class=\"number\">\u277e<\/span><\/b>I <input type=\"text\" class=\"form-control\" id=\"q8\" autocomplete=\"off\"><b><i> (fail) <\/i><\/b>the test if I sleep in class.\r\n<div class=\"row\">\r\n<div>\r\n<p id=\"correct8\" align=\"left\"><\/p>\r\n\r\n<\/div>\r\n<div>\r\n<a button=\"\" class=\"btn btn-success tipp8 hidden\" href=\"#9\" title=\"I will fail...\" data-toggle=\"popover\" data-placement=\"top\" data-trigger=\"hover\" style=\"text-decoration: none, color:white\" data-content=\"If Satz \u2192 'Simple Present'; Folgesatz \u2192 'Will Future (will + Grundform)'. Aus Bedingung A folgt Konsequenz B.\">Tipp<\/a><\/div>\r\n<\/div>\r\n<b><span class=\"number\">\u277f<\/span><\/b>Leroy <input type=\"text\" class=\"form-control\" id=\"q9\" autocomplete=\"off\"><b><i> (spend) <\/i><\/b> the summer in Aruba if he had the time.\r\n<div class=\"row\">\r\n<div>\r\n<p id=\"correct9\" align=\"left\"><\/p>\r\n\r\n<\/div>\r\n<div>\r\n<a button=\"\" class=\"btn btn-success tipp9 hidden\" href=\"#10\" title=\"Leroy would spend...\" data-toggle=\"popover\" data-placement=\"top\" data-trigger=\"hover\" style=\"text-decoration: none, color:white\" data-content=\"Im Folgesatz steht Konditional I (would + Grundform) \u2192 If Satz \u2192 'Simple Past'. Es handelt sich um eine Bedingung, die noch ver\u00e4ndert werden kann.\">Tipp<\/a><\/div>\r\n<\/div>\r\n<!-- The Modal -->\r\n<div id=\"myModal\" class=\"modal\">\r\n<div class=\"modal-dialog\">\r\n<div class=\"modal-content\">\r\n\r\n<!-- Modal Header -->\r\n<div class=\"modal-header\">\r\n<h4 class=\"modal-title\">If-Satz Typ I\/II\/III<\/h4>\r\n<button class=\"close\" type=\"button\" data-dismiss=\"modal\">\u00d7<\/button>\r\n\r\n<\/div>\r\n<!-- Modal body -->\r\n<div class=\"modal-body\"><img decoding=\"async\" class=\"img-responsive img-rounded\" title=\"Simple Present Aussagesatz\" alt=\"if-s\u00e4tze\" loading=\"lazy\" src=\"https:\/\/english-munich.de\/training\/wp-content\/uploads\/2020\/05\/if-clauses.jpg\"><\/div>\r\n<!-- Modal footer -->\r\n<div class=\"modal-footer\"><button class=\"btn btn-danger\" type=\"button\" data-dismiss=\"modal\">Close<\/button><\/div>\r\n<\/div>\r\n<\/div>\r\n<\/div>\r\n<\/div>\r\n<\/div>\r\n<div class=\"container\">\r\n\r\n<hr>\r\n\r\n<button id=\"submitButton\" class=\"btn-lg btn-primary \" type=\"submit\" value=\"submit\">Pr\u00fcfen<\/button><button id=\"resetButton\" class=\"btn-lg btn-success\" type=\"submit\" onclick=\"refreshPage()\">Neustart<\/button><button id=\"submitButton\" class=\"btn-lg btn-info\" type=\"button\" value=\"submit\" data-toggle=\"modal\" data-target=\"#myModal\">Tipp<\/button>\r\n\r\n<hr>\r\n\r\n\r\n\r\n<p id=\"result\"><\/p>\r\n<p id=\"result2\"><\/p>\r\n\r\n<h3>If-S\u00e4tze alle \u00dcbungen:<\/h3>\r\n<hr>\r\n<div id=\"bellows-main-29\" class=\"bellows bellows-nojs bellows-main bellows-source-menu bellows-align-full bellows-skin-vanilla bellows-type-\"><ul id=\"menu-if-satze\" class=\"bellows-nav\" data-bellows-config=\"main\"><li id=\"menu-item-4149\" class=\"bellows-menu-item bellows-menu-item-type-post_type bellows-menu-item-object-page bellows-menu-item-4149 bellows-item-level-0\"><a  href=\"https:\/\/english-munich.de\/training\/if-satz-typ-1-ubung\/\" class=\"bellows-target\"><span class=\"bellows-target-title bellows-target-text\">\u270d\ufe0fIf-Satz Typ I<\/span><\/a><\/li>\n<li id=\"menu-item-4145\" class=\"bellows-menu-item bellows-menu-item-type-post_type bellows-menu-item-object-page bellows-menu-item-4145 bellows-item-level-0\"><a  href=\"https:\/\/english-munich.de\/training\/if-satze-typ-1\/\" class=\"bellows-target\"><span class=\"bellows-target-title bellows-target-text\">\u2611\ufe0fIf S\u00e4tze \u2013 Typ I<\/span><\/a><\/li>\n<li id=\"menu-item-4142\" class=\"bellows-menu-item bellows-menu-item-type-post_type bellows-menu-item-object-page bellows-menu-item-4142 bellows-item-level-0\"><a  href=\"https:\/\/english-munich.de\/training\/if-satz-typ-2-ubung\/\" class=\"bellows-target\"><span class=\"bellows-target-title bellows-target-text\">\u270d\ufe0fIf Satz Typ II<\/span><\/a><\/li>\n<li id=\"menu-item-4151\" class=\"bellows-menu-item bellows-menu-item-type-post_type bellows-menu-item-object-page bellows-menu-item-4151 bellows-item-level-0\"><a  href=\"https:\/\/english-munich.de\/training\/if-satze-typ-2\/\" class=\"bellows-target\"><span class=\"bellows-target-title bellows-target-text\">\u2611\ufe0fIf-S\u00e4tze Typ II<\/span><\/a><\/li>\n<li id=\"menu-item-4140\" class=\"bellows-menu-item bellows-menu-item-type-post_type bellows-menu-item-object-page bellows-menu-item-4140 bellows-item-level-0\"><a  href=\"https:\/\/english-munich.de\/training\/if-satz-typ-3\/\" class=\"bellows-target\"><span class=\"bellows-target-title bellows-target-text\">\u270d\ufe0fIf Satz \u2013 Typ III<\/span><\/a><\/li>\n<li id=\"menu-item-4146\" class=\"bellows-menu-item bellows-menu-item-type-post_type bellows-menu-item-object-page bellows-menu-item-4146 bellows-item-level-0\"><a  href=\"https:\/\/english-munich.de\/training\/if-satze-typ-3\/\" class=\"bellows-target\"><span class=\"bellows-target-title bellows-target-text\">\u2611\ufe0fIf S\u00e4tze \u2013 Typ III<\/span><\/a><\/li>\n<li id=\"menu-item-4150\" class=\"bellows-menu-item bellows-menu-item-type-post_type bellows-menu-item-object-page bellows-menu-item-4150 bellows-item-level-0\"><a  href=\"https:\/\/english-munich.de\/training\/if-satz-typ-1-2-vergleich\/\" class=\"bellows-target\"><span class=\"bellows-target-title bellows-target-text\">\u270d\ufe0fIf-Satz Typ I\/II Vergleich<\/span><\/a><\/li>\n<li id=\"menu-item-4139\" class=\"bellows-menu-item bellows-menu-item-type-post_type bellows-menu-item-object-page bellows-menu-item-4139 bellows-item-level-0\"><a  href=\"https:\/\/english-munich.de\/training\/if-satz-typ-1-2-unterschied\/\" class=\"bellows-target\"><span class=\"bellows-target-title bellows-target-text\">\u2611\ufe0fIf -Satz Typ I\/II Vergleich<\/span><\/a><\/li>\n<li id=\"menu-item-4143\" class=\"bellows-menu-item bellows-menu-item-type-post_type bellows-menu-item-object-page bellows-menu-item-4143 bellows-item-level-0\"><a  href=\"https:\/\/english-munich.de\/training\/if-satz-typ-2-3-unterschied\/\" class=\"bellows-target\"><span class=\"bellows-target-title bellows-target-text\">\u2611\ufe0fIf Satz Typ II\/III Vergleich<\/span><\/a><\/li>\n<li id=\"menu-item-4144\" class=\"bellows-menu-item bellows-menu-item-type-post_type bellows-menu-item-object-page bellows-menu-item-4144 bellows-item-level-0\"><a  href=\"https:\/\/english-munich.de\/training\/if-satz-typ-2-3-vergleich\/\" class=\"bellows-target\"><span class=\"bellows-target-title bellows-target-text\">\u270d\ufe0fIf Satz Typ II\/III Vergleich<\/span><\/a><\/li>\n<li id=\"menu-item-4147\" class=\"bellows-menu-item bellows-menu-item-type-post_type bellows-menu-item-object-page bellows-menu-item-4147 bellows-item-level-0\"><a  href=\"https:\/\/english-munich.de\/training\/if-satze-typ1-2-und-3\/\" class=\"bellows-target\"><span class=\"bellows-target-title bellows-target-text\">\u2611\ufe0fIf S\u00e4tze Typ I\/II und III<\/span><\/a><\/li>\n<li id=\"menu-item-4141\" class=\"bellows-menu-item bellows-menu-item-type-post_type bellows-menu-item-object-page bellows-menu-item-4141 bellows-item-level-0\"><a  href=\"https:\/\/english-munich.de\/training\/if-satz-typ-1-2-3-vergleich\/\" class=\"bellows-target\"><span class=\"bellows-target-title bellows-target-text\">\u270d\ufe0fIf S\u00e4tze Typ I\/II\/III<\/span><\/a><\/li>\n<li id=\"menu-item-4148\" class=\"bellows-menu-item bellows-menu-item-type-post_type bellows-menu-item-object-page bellows-menu-item-4148 bellows-item-level-0\"><a  href=\"https:\/\/english-munich.de\/training\/if-und-when-unterschied-2\/\" class=\"bellows-target\"><span class=\"bellows-target-title bellows-target-text\">\u2611\ufe0fIf und When Unterschied<\/span><\/a><\/li>\n<\/ul><\/div>\r\n<\/div>","protected":false},"excerpt":{"rendered":"If Satz Typ I\/II\/III Gegen\u00fcberstellung \u00dcbungen zum Vergleich der If-S\u00e4tze erster,zweiter und dritter Ordnung: Beispiel \u24ff If John &nbsp;(want)&nbsp;to arrive on time, he would hurry. Die richtige L\u00f6sung ist: wanted&nbsp;&nbsp;Tipp \u270d\ufe0f F\u00fclle die Verben in Klammern in der richtigen Form des Simple Present \/ Will Future (will+ Grundform), Simple Past \/ Konditional I (would + [&hellip;]","protected":false},"author":3,"featured_media":0,"parent":0,"menu_order":0,"comment_status":"closed","ping_status":"closed","template":"","meta":[],"_links":{"self":[{"href":"https:\/\/english-munich.de\/training\/wp-json\/wp\/v2\/pages\/2121"}],"collection":[{"href":"https:\/\/english-munich.de\/training\/wp-json\/wp\/v2\/pages"}],"about":[{"href":"https:\/\/english-munich.de\/training\/wp-json\/wp\/v2\/types\/page"}],"author":[{"embeddable":true,"href":"https:\/\/english-munich.de\/training\/wp-json\/wp\/v2\/users\/3"}],"replies":[{"embeddable":true,"href":"https:\/\/english-munich.de\/training\/wp-json\/wp\/v2\/comments?post=2121"}],"version-history":[{"count":9,"href":"https:\/\/english-munich.de\/training\/wp-json\/wp\/v2\/pages\/2121\/revisions"}],"predecessor-version":[{"id":12036,"href":"https:\/\/english-munich.de\/training\/wp-json\/wp\/v2\/pages\/2121\/revisions\/12036"}],"wp:attachment":[{"href":"https:\/\/english-munich.de\/training\/wp-json\/wp\/v2\/media?parent=2121"}],"curies":[{"name":"wp","href":"https:\/\/api.w.org\/{rel}","templated":true}]}}