{"id":1958,"date":"2020-05-25T15:59:04","date_gmt":"2020-05-25T15:59:04","guid":{"rendered":"https:\/\/english-munich.de\/training\/?page_id=1958"},"modified":"2021-01-26T19:13:22","modified_gmt":"2021-01-26T19:13:22","slug":"will-future-going-to-future","status":"publish","type":"page","link":"https:\/\/english-munich.de\/training\/will-future-going-to-future\/","title":{"rendered":"Will Future \/ Going-To-Future"},"content":{"rendered":"<div class=\"container well\">\r\n<h1>Will Future &#8211; Going-To-Future &#8211; Unterschied Erkl\u00e4rungen und \u00dcbungen<\/h1>\r\n<hr>\r\n<h2>Will Future &#8211; Going-To-Future Unterschied \u00dcbungen<\/h2>\r\n<div id=\"bellows-main-28\" class=\"bellows bellows-nojs bellows-main bellows-source-menu bellows-align-full bellows-skin-vanilla bellows-type-\"><ul id=\"menu-going-to-future-will-future-2\" class=\"bellows-nav\" data-bellows-config=\"main\"><li id=\"menu-item-4129\" class=\"bellows-menu-item bellows-menu-item-type-post_type bellows-menu-item-object-page bellows-menu-item-4129 bellows-item-level-0\"><a  href=\"https:\/\/english-munich.de\/training\/will-future-going-to-future-unterschied-2\/\" class=\"bellows-target\"><span class=\"bellows-target-title bellows-target-text\">\u270d\ufe0fWill Future \/ Going To Future Unterschied<\/span><\/a><\/li>\n<li id=\"menu-item-4130\" class=\"bellows-menu-item bellows-menu-item-type-post_type bellows-menu-item-object-page bellows-menu-item-4130 bellows-item-level-0\"><a  href=\"https:\/\/english-munich.de\/training\/will-future-going-to-future-unterschied\/\" class=\"bellows-target\"><span class=\"bellows-target-title bellows-target-text\">\u2611\ufe0fWill Future \/ Going-To-Future Unterschied<\/span><\/a><\/li>\n<\/ul><\/div>\r\n\r\n<h2>Will Future &#8211; Gebrauch<\/h2>\r\n\r\nDas <i>Will-Future<\/i> wird verwendet, wenn man sich auf einen spontanen Entschluss bezieht:\r\n<b>zum Beispiel:<\/b>\r\nI <i class=\"text-danger\">will<\/i> take the red one!\r\nDu entscheidest Dich f\u00fcr das rote.\r\nDas <i class=\"text-danger\">Will-Future<\/i> wird verwendet, wenn man sich auf die unmittelbare Zukunft bezieht:\r\nDies ist f\u00fcr Englisch Lernende Deutsche ein Problem, weil f\u00fcr die unmittelbare Zukunft im Deutschen das Pr\u00e4ssens verwendet wird.\r\n<b>zum Beispiel:<\/b>\r\nI will go to my room.\r\nDas Will-Future kommt auch zum Einsatz bei Verben oder Adverbien, die eine Vermutung einleiten.\r\n<b>zum Beispiel:<\/b>\r\nI <i class=\"text-danger\">think, believe, suppose, hope, reckon<\/i> we will win.\r\nIt <i class=\"text-danger\">probably, hopefully, supposedly, maybe<\/i> won&#8217;t hurt.\r\nAu\u00dferdem kommt das Will-Future zum Einsatz, wenn Du \u00fcber Ereignisse in der fernen Zukunft redest, auf die du keinen Einfluss hast:\r\n<b>zum Beispiel:<\/b>\r\nBy the end of next year they will come up with a COVID vaccine.\r\n<div class=\"iframe-container\"><iframe loading=\"lazy\" width=\"560\" height=\"315\" src=\"https:\/\/www.youtube.com\/embed\/oNLJZCQMNFU\" frameborder=\"0\" allow=\"accelerometer; autoplay; clipboard-write; encrypted-media; gyroscope; picture-in-picture\" allowfullscreen><\/iframe><\/div>\r\n<h2>Going-To-Future Gebrauch<\/h2>\r\nDas <i>Going-To-Future<\/i> wird verwendet, wenn man sich auf eine Handlung bezieht, die aufgrund von \u00e4u\u00dferen Umst\u00e4nden vorhergesagt werden kann:\r\n<b>zum Beispiel:<\/b>\r\nLook! There are clouds in the sky. <i class=\"text-danger\">It is going to rain.<\/i>\r\nLook! This car is driving way to fast. <i class=\"text-danger\"> It is going to have an accident<\/i>\r\nAu\u00dferdem nimmt man das going to future, wenn einen geplanten Entschluss zum Ausdruck bringen will.\r\n<b>zum Beispiel:<\/b>\r\n<i class=\"text-danger\">I am going to build a tree-house.<\/i>\r\n(Um eine Baumhaus zu bauen, musst du Vorbereitungen treffen. Du brauchst Materialien, Werkzeuge usw.)\r\nIn diesem Zusammenhang kannst Du Dir vielleicht die Eselsbr\u00fccke merken, dass das Going-To-Future immer dann verwendent wird, wenn Du im Gedanken (&#8222;ich habe vor&#8220;) erg\u00e4nzen kannst.\r\n<h2>Going-To-Future &#8211; Will Future Gegen\u00fcberstellung:<\/h3>\r\n<table class=\"table table-bordered table-sm\">\r\n<tbody>\r\n<tr class=\"table-danger\">\r\n<th colspan=\"3\">Will Future &#8211; Going-To-Future Gegen\u00fcberstellung<\/th>\r\n<\/tr>\r\n\r\n\r\n<tr class=\"table-success\">\r\n<td colspan=\"2\">Will Future<\/td><td colspan=\"2\">Going To Future<\/td><\/tr>\r\n<tr class=\"table-info\">\r\n<td colspan=\"2\">Spontaner Entschluss<\/td><td colspan=\"2\">vorbereiteter Entschluss<\/td>\r\n<\/tr>\r\n<tr class=\"table-primary\">\r\n<td colspan=\"2\">I will have a Coke.<\/td><td colspan=\"2\">I am going to fix the car.<\/td>\r\n<\/tr>\r\n<tr class=\"table-info\">\r\n<td colspan=\"2\">Verben und Adverbien der Vermutung:\r\n<i>think, believe, hope, reckon\r\nprobably,maybe, possibly<\/i><\/td><td colspan=\"2\">aufgrund von \u00e4u\u00dferen Umst\u00e4nden vohersagbar\r\n<\/tr><\/td>\r\n<tr class=\"table-primary\">\r\n<td colspan=\"2\">I think it will all work out.\r\nIt probably won&#8217;t hurt.<\/td><td colspan=\"2\">Look at the clouds it is going to rain.\r\n<\/tr><\/td>\r\n<tr class=\"table-info\">\r\n<td colspan=\"2\">Ereignisse in der Zukunft auf, die man keinen Einfluss hat<\/td><td colspan=\"2\">\r\n<\/tr><\/td>\r\n<tr class=\"table-primary\">\r\n<td colspan=\"2\">Everything will be better next year.<\/td><td colspan=\"2\">\r\n<\/tr><\/td>\r\n<tbody>\r\n<\/table>\r\n<img decoding=\"async\" loading=\"lazy\" src=\"https:\/\/english-munich.de\/training\/wp-content\/uploads\/2020\/05\/will-future-going-to-future-difference.jpg\" alt=\"\" width=\"400\" height=\"1000\" class=\"alignnone size-full wp-image-2024\" srcset=\"https:\/\/english-munich.de\/training\/wp-content\/uploads\/2020\/05\/will-future-going-to-future-difference.jpg 400w, https:\/\/english-munich.de\/training\/wp-content\/uploads\/2020\/05\/will-future-going-to-future-difference-120x300.jpg 120w\" sizes=\"(max-width: 400px) 100vw, 400px\" \/>\r\n<\/div>","protected":false},"excerpt":{"rendered":"Will Future &#8211; Going-To-Future &#8211; Unterschied Erkl\u00e4rungen und \u00dcbungen Will Future &#8211; Going-To-Future Unterschied \u00dcbungen Will Future &#8211; Gebrauch Das Will-Future wird verwendet, wenn man sich auf einen spontanen Entschluss bezieht: zum Beispiel: I will take the red one! Du entscheidest Dich f\u00fcr das rote. Das Will-Future wird verwendet, wenn man sich auf die unmittelbare [&hellip;]","protected":false},"author":3,"featured_media":0,"parent":0,"menu_order":0,"comment_status":"closed","ping_status":"closed","template":"","meta":[],"_links":{"self":[{"href":"https:\/\/english-munich.de\/training\/wp-json\/wp\/v2\/pages\/1958"}],"collection":[{"href":"https:\/\/english-munich.de\/training\/wp-json\/wp\/v2\/pages"}],"about":[{"href":"https:\/\/english-munich.de\/training\/wp-json\/wp\/v2\/types\/page"}],"author":[{"embeddable":true,"href":"https:\/\/english-munich.de\/training\/wp-json\/wp\/v2\/users\/3"}],"replies":[{"embeddable":true,"href":"https:\/\/english-munich.de\/training\/wp-json\/wp\/v2\/comments?post=1958"}],"version-history":[{"count":20,"href":"https:\/\/english-munich.de\/training\/wp-json\/wp\/v2\/pages\/1958\/revisions"}],"predecessor-version":[{"id":5236,"href":"https:\/\/english-munich.de\/training\/wp-json\/wp\/v2\/pages\/1958\/revisions\/5236"}],"wp:attachment":[{"href":"https:\/\/english-munich.de\/training\/wp-json\/wp\/v2\/media?parent=1958"}],"curies":[{"name":"wp","href":"https:\/\/api.w.org\/{rel}","templated":true}]}}