{"id":1956,"date":"2020-05-25T15:58:31","date_gmt":"2020-05-25T15:58:31","guid":{"rendered":"https:\/\/english-munich.de\/training\/?page_id=1956"},"modified":"2021-01-31T08:42:11","modified_gmt":"2021-01-31T08:42:11","slug":"simple-past-past-perfect","status":"publish","type":"page","link":"https:\/\/english-munich.de\/training\/simple-past-past-perfect\/","title":{"rendered":"Simple Past \/ Past Perfect"},"content":{"rendered":"<div class=\"container well\">\r\n<h1>Simple Past &#8211; Past Perfect Unterschied &#8211; \u00dcbungen und Erkl\u00e4rungen<\/h1>\r\n<hr>\r\n<h2>Simple Past Past &#8211; Perfect &#8211; \u00dcbungen<\/h2>\r\n<div id=\"bellows-main-27\" class=\"bellows bellows-nojs bellows-main bellows-source-menu bellows-align-full bellows-skin-vanilla bellows-type-\"><ul id=\"menu-simple-past-past-perfect-1\" class=\"bellows-nav\" data-bellows-config=\"main\"><li id=\"menu-item-4090\" class=\"bellows-menu-item bellows-menu-item-type-post_type bellows-menu-item-object-page bellows-menu-item-4090 bellows-item-level-0\"><a  href=\"https:\/\/english-munich.de\/training\/simple-past-past-perfect-unterschied\/\" class=\"bellows-target\"><span class=\"bellows-target-title bellows-target-text\">\u270d\ufe0fSimple Past \u2013 Past Perfect Unterschied<\/span><\/a><\/li>\n<li id=\"menu-item-4091\" class=\"bellows-menu-item bellows-menu-item-type-post_type bellows-menu-item-object-page bellows-menu-item-4091 bellows-item-level-0\"><a  href=\"https:\/\/english-munich.de\/training\/simple-past-past-perfect-unterschied-2\/\" class=\"bellows-target\"><span class=\"bellows-target-title bellows-target-text\">\u2611\ufe0fSimple Past \u2013 Past Perfect Unterschied<\/span><\/a><\/li>\n<\/ul><\/div>\r\n<h2>Simple Past Gebrauch<\/h2>\r\n\r\nDas <i>Simple Past<\/i> wird hergenommen in Bezug auf eine einmalige, nicht wiederkehrende Handlung in der Vergangenheit.\r\n<b>zum Beispiel:<\/b> Yesterday, I <i>saw<\/i> Tom.\r\nDu hast Tom gestern einmal gesehen, kein Bezug zur Gegenwart oder irgendeine Regelm\u00e4\u00dfigkeit.\r\nDas <i>Simple Past<\/i> wird meistens in Verbindung mit nachstehenden Signalw\u00f6rtern verwendet:\r\n<table class=\"table table-bordered table-sm\">\r\n<tbody>\r\n<tr class=\"table-danger\">\r\n<th colspan=\"3\">Simple Past &#8211; Signalw\u00f6rter<\/th>\r\n<\/tr>\r\n\r\n<tr class=\"table-success\">\r\n<td colspan=\"3\">ago, in 1971, yesterday, last week, this morning<\/td><\/tr>\r\n<tbody>\r\n<\/table>\r\n<h2>Past Perfect Gebrauch<\/h2>\r\nDas <i>Past Perfect<\/i> wird verwendet, wenn eine Handlung in der Vergangenheit abgeschlossen ist, bevor eine zweite in der Vergangheit einsetzt. Ein Bezug zur Gegenwart besteht nicht.\r\nDiese grammatikalische Zeit existiert auch im Deutschen. Dort hei\u00dft sie <i>Plusquamperfekt<\/i> (Vorvergangenheit).\r\n<b>zum Beispiel:<\/b>\r\nAfter <i>I had locked<\/i> the door, I went outside.\r\nDer Vorgang des Abschlie\u00dfens der T\u00fcr ist schon abgeschlossen, bevor du nach drau\u00dfen gehst. Beide Aktionen sind in der Vergangenheit.\r\nDas <i>Past Perfect<\/i> wird h\u00e4ufig in Zusammenhang mit folgenden Signalw\u00f6rtern verwendet:\r\n<table class=\"table table-bordered table-sm\">\r\n<tbody>\r\n<tr class=\"table-danger\">\r\n<th colspan=\"3\">Past Perfect &#8211; Signalw\u00f6rter<\/th>\r\n<\/tr>\r\n\r\n<tr class=\"table-success\">\r\n<td colspan=\"4\">just, once, after, before, when<\/td><\/tr>\r\n<tbody>\r\n<\/table>\r\n<h2>Simple Past &#8211; Past Perfect Gegen\u00fcberstellung<\/h2>\r\nDas <i>Past Perfect<\/i> steht f\u00fcr sich niemals alleine, sondern meist in einem Haupt-, Nebensatzgef\u00fcge mit dem <i>Simple Past<\/i>. Hierbei bezieht sich das <i>Past Perfect<\/i> auf eine Handlung in der Vergangenheit, die vor dem Einsetzen einer zweiten Handlung im <i>Simple Past<\/i> schon vorbei ist.\r\n<div class=\"iframe-container\"><iframe loading=\"lazy\" width=\"560\" height=\"315\" src=\"https:\/\/www.youtube.com\/embed\/P7F-mk0uimg\" frameborder=\"0\" allow=\"accelerometer; autoplay; clipboard-write; encrypted-media; gyroscope; picture-in-picture\" allowfullscreen><\/iframe><\/iframe><\/div>\r\n<b>zum Beispiel:<\/b>\r\nWhen we arrived at the stadium, the game <i>had already<\/i> started.\r\nDer Beginn des Fu\u00dfballspiels hat schon angefangen (ist abgeschlossen), bevor wir beim Stadion ankamen.\r\n<table class=\"table table-bordered table-sm\">\r\n<tbody>\r\n<tr class=\"table-danger\">\r\n<th colspan=\"3\">Simple Past &#8211; Past Perfect Gegen\u00fcberstellung<\/th>\r\n<\/tr>\r\n<tr class=\"table-warning\">\r\n<th colspan=\"4\" class=\"text-center\">&#129136;&#129136;&#129136;&#129136; Vergangenheit &#129138;&#129138;&#129138;&#129138;<\/th><\/tr>\r\n<tr class=\"table-success\">\r\n<td colspan=\"2\">Past Perfect &#8211; vorzeitig abgeschlossene Handlung<\/td><td colspan=\"2\">Simple Past &#8211; einmalig abgeschlossene Handlung<\/td><\/tr>\r\n<tr class=\"table-info\">\r\n<td colspan=\"2\">After I had cleaned up my room,<\/td><td colspan=\"2\">I went to work.<\/td>\r\n<\/tr>\r\n<tbody>\r\n<\/table>\r\n\r\n\r\n<\/div>","protected":false},"excerpt":{"rendered":"Simple Past &#8211; Past Perfect Unterschied &#8211; \u00dcbungen und Erkl\u00e4rungen Simple Past Past &#8211; Perfect &#8211; \u00dcbungen Simple Past Gebrauch Das Simple Past wird hergenommen in Bezug auf eine einmalige, nicht wiederkehrende Handlung in der Vergangenheit. zum Beispiel: Yesterday, I saw Tom. Du hast Tom gestern einmal gesehen, kein Bezug zur Gegenwart oder irgendeine Regelm\u00e4\u00dfigkeit. [&hellip;]","protected":false},"author":3,"featured_media":0,"parent":0,"menu_order":0,"comment_status":"closed","ping_status":"closed","template":"","meta":[],"_links":{"self":[{"href":"https:\/\/english-munich.de\/training\/wp-json\/wp\/v2\/pages\/1956"}],"collection":[{"href":"https:\/\/english-munich.de\/training\/wp-json\/wp\/v2\/pages"}],"about":[{"href":"https:\/\/english-munich.de\/training\/wp-json\/wp\/v2\/types\/page"}],"author":[{"embeddable":true,"href":"https:\/\/english-munich.de\/training\/wp-json\/wp\/v2\/users\/3"}],"replies":[{"embeddable":true,"href":"https:\/\/english-munich.de\/training\/wp-json\/wp\/v2\/comments?post=1956"}],"version-history":[{"count":31,"href":"https:\/\/english-munich.de\/training\/wp-json\/wp\/v2\/pages\/1956\/revisions"}],"predecessor-version":[{"id":5414,"href":"https:\/\/english-munich.de\/training\/wp-json\/wp\/v2\/pages\/1956\/revisions\/5414"}],"wp:attachment":[{"href":"https:\/\/english-munich.de\/training\/wp-json\/wp\/v2\/media?parent=1956"}],"curies":[{"name":"wp","href":"https:\/\/api.w.org\/{rel}","templated":true}]}}