{"id":1948,"date":"2020-05-25T15:55:09","date_gmt":"2020-05-25T15:55:09","guid":{"rendered":"https:\/\/english-munich.de\/training\/?page_id=1948"},"modified":"2021-04-07T11:47:41","modified_gmt":"2021-04-07T11:47:41","slug":"simple-past-past-progressive-2","status":"publish","type":"page","link":"https:\/\/english-munich.de\/training\/simple-past-past-progressive-2\/","title":{"rendered":"Simple Past &#8211; Past Progressive"},"content":{"rendered":"<div class=\"container well\">\r\n<h1>Unterschied Simple Past &#8211; Past Progressive (Continous)<\/h1>\r\n<hr>\r\n<h2>\u00dcbungen Simple Past &#8211; Past Progressive<\/h2>\r\n<div id=\"bellows-main-22\" class=\"bellows bellows-nojs bellows-main bellows-source-menu bellows-align-full bellows-skin-vanilla bellows-type-\"><ul id=\"menu-simple-past-past-progressive-i\" class=\"bellows-nav\" data-bellows-config=\"main\"><li id=\"menu-item-3942\" class=\"bellows-menu-item bellows-menu-item-type-post_type bellows-menu-item-object-page bellows-menu-item-3942 bellows-item-level-0\"><a  href=\"https:\/\/english-munich.de\/training\/simple-past-past-progressive\/\" class=\"bellows-target\"><span class=\"bellows-target-title bellows-target-text\">\u2611\ufe0fSimple Past \/ Past Progressive<\/span><\/a><\/li>\n<li id=\"menu-item-3935\" class=\"bellows-menu-item bellows-menu-item-type-post_type bellows-menu-item-object-page bellows-menu-item-3935 bellows-item-level-0\"><a  href=\"https:\/\/english-munich.de\/training\/simple-past-past-progressive-ii\/\" class=\"bellows-target\"><span class=\"bellows-target-title bellows-target-text\">\u270d\ufe0fSimple Past \/ Past Progressive<\/span><\/a><\/li>\n<\/ul><\/div>\r\n<h2>Gebrauch Simple Past <\/h2>\r\nDas <i class=\"text-danger\">Simple Past<\/i> wird verwendet, wenn man sich auf eine <i class=\"text-danger\">einmalige<\/i> Handlung bezieht, die \u00fcber <i class=\"text-danger\">kurze Zeit<\/i> punktuell abgelaufen ist.\r\nzum Beispiel: I woke up at six o&#8217;clock.\r\nDas <i class=\"text-danger\">Simple Past<\/i> bezieht sich auf den Zeitpunkt. In diesem Beispiel die Uhrzeit.\r\n<h2>Gebrauch Past Progressive(Continous)<\/h2>\r\nDas <i>Past Progressive<\/i> wird verwendet, wenn man sich auf eine Handlung bezieht, die \u00fcber einen <i class=\"text-danger\">l\u00e4ngeren, unbestimmten<\/i> Zeitraum in der Vergangenheit abgelaufen ist.\r\nzum Beispiel: Yesterday I was playing basketball.\r\nWird das <i class=\"text-danger\">Past Progressive<\/i> verwendet, steht nicht so sehr die Aktion im Vordergrund, sondern der <i class=\"text-danger\">unbestimmte Zeitraum<\/i>, \u00fcber den die Handlung abgelaufen ist. \r\n<table class=\"table table-bordered table-sm\">\r\n<tbody>\r\n<tr class=\"table-danger\">\r\n<th colspan=\"2\">Simple Past &#8211; Past Progressive Unterschied<\/th>\r\n<\/tr>\r\n<tr class=\"table-primary\">\r\n<td><\/td>\r\n<td >Simple Past (kurze punktuelle Handlung)<\/td><\/tr>\r\n<tr class=\"table-warning\">\r\n<td>unterbricht die l\u00e4nger dauernde Handlung<\/td>\r\n<td><i class=\"fas fa-angle-double-down\" style=\"font-size:24px\"><\/i><\/td>\r\n<\/tr>\r\n<tr class=\"table-success\">\r\n<td colspan=\"2\">Past Progressive (l\u00e4uft \u00fcber einen l\u00e4ngeren Zeitraum in der Vergangenheit ab.)<\/td>\r\n<\/tr>\r\n<tr class=\"table-primary\">\r\n<td><\/td>\r\n<td >The phone rang.<\/td><\/tr>\r\n<tr class=\"table-warning\">\r\n<td>unterbricht die l\u00e4nger dauernde Handlung<\/td>\r\n<td><i class=\"fas fa-angle-double-down\" style=\"font-size:24px\"><\/i><\/td>\r\n<\/tr>\r\n<tr class=\"table-success\">\r\n<td colspan=\"2\">when I was drinking beer.<\/td>\r\n<\/tr>\r\n<\/tbody>\r\n<\/table><br \/><div class=\"iframe-container\"><iframe loading=\"lazy\" width=\"560\" height=\"315\" src=\"https:\/\/www.youtube.com\/embed\/6da78pBZLG4\" title=\"YouTube video player\" frameborder=\"0\" allow=\"accelerometer; autoplay; clipboard-write; encrypted-media; gyroscope; picture-in-picture\" allowfullscreen><\/iframe><\/div><br \/>\r\n<h2>Unterschied Simple Past &#8211; Past Progressive<\/h2>\r\nDen <i class=\"text-danger\">Unterschied<\/i> zwischen Simple Past und Past Progressive kann man wahrscheinlich am Besten mit folgendem Beispiel erkl\u00e4ren:\r\nDie Frage:\r\n<i class=\"text-danger\">How long did you sleep? (Simple Past)<\/i>\r\nWill wissen, wann du aufgestanden bist.\r\n<i class=\"text-danger\">How long were you sleeping?<\/i>\r\nFragt wie lange do geschlafen hast.\r\nPrinzipiell steht das <i class=\"text-danger\">Past Continous<\/i> eher selten f\u00fcr sich alleine, sondern in einer <i>Haupt-, Nebensatzverbindung<\/i> in der Vergangenheit mit dem <i class=\"text-danger\">Simple Past<\/i>.\r\nIn diesem Satzgef\u00fcge bezieht sich das Simple Past auf eine kurze, punktuell ablaufende Handlung in der Vergangenheit. Das <i class=\"text-danger\">Past Progressive<\/i> auf die l\u00e4ngere. Die kurze Handlung unterbricht die l\u00e4nger dauernde.\r\nZum Beispiel:\r\nWhen I was having a shower, somebody knocked at the door.\r\nDuschen dauert l\u00e4nger, als an der T\u00fcr klopfen.\r\n\r\nEin weiterer Erkl\u00e4rungansatz w\u00e4re sich den Satz vorzustellen wie einen Film. Die Handlung die im Hintergrund abl\u00e4uft ist im <i class=\"text-danger\">Past Progressive<\/i>, die Handlung, bei der etwas passiert ist im <i class=\"text-danger\">Simple Past<\/i>.\r\n\r\nLaufen zwei Handlungen, schnell nacheinander in einer Reihenfolge ab, wird stets das <i class=\"text-danger\">Simple Past<\/i> verwendet.\r\n\r\n<img decoding=\"async\" src=\"https:\/\/english-munich.de\/training\/wp-content\/uploads\/2021\/02\/simple-past-past-progressive-unterschied-e1612258937134.jpg\" title=\"simple-past-past-progressive\" alt=\"simple-past-past-progressive\">\r\n<div>","protected":false},"excerpt":{"rendered":"Unterschied Simple Past &#8211; Past Progressive (Continous) \u00dcbungen Simple Past &#8211; Past Progressive Gebrauch Simple Past Das Simple Past wird verwendet, wenn man sich auf eine einmalige Handlung bezieht, die \u00fcber kurze Zeit punktuell abgelaufen ist. zum Beispiel: I woke up at six o&#8217;clock. Das Simple Past bezieht sich auf den Zeitpunkt. In diesem Beispiel [&hellip;]","protected":false},"author":3,"featured_media":0,"parent":0,"menu_order":0,"comment_status":"closed","ping_status":"closed","template":"","meta":[],"_links":{"self":[{"href":"https:\/\/english-munich.de\/training\/wp-json\/wp\/v2\/pages\/1948"}],"collection":[{"href":"https:\/\/english-munich.de\/training\/wp-json\/wp\/v2\/pages"}],"about":[{"href":"https:\/\/english-munich.de\/training\/wp-json\/wp\/v2\/types\/page"}],"author":[{"embeddable":true,"href":"https:\/\/english-munich.de\/training\/wp-json\/wp\/v2\/users\/3"}],"replies":[{"embeddable":true,"href":"https:\/\/english-munich.de\/training\/wp-json\/wp\/v2\/comments?post=1948"}],"version-history":[{"count":55,"href":"https:\/\/english-munich.de\/training\/wp-json\/wp\/v2\/pages\/1948\/revisions"}],"predecessor-version":[{"id":8961,"href":"https:\/\/english-munich.de\/training\/wp-json\/wp\/v2\/pages\/1948\/revisions\/8961"}],"wp:attachment":[{"href":"https:\/\/english-munich.de\/training\/wp-json\/wp\/v2\/media?parent=1948"}],"curies":[{"name":"wp","href":"https:\/\/api.w.org\/{rel}","templated":true}]}}