{"id":1946,"date":"2020-05-25T15:54:29","date_gmt":"2020-05-25T15:54:29","guid":{"rendered":"https:\/\/english-munich.de\/training\/?page_id=1946"},"modified":"2022-04-26T12:18:19","modified_gmt":"2022-04-26T12:18:19","slug":"simple-present-progressive","status":"publish","type":"page","link":"https:\/\/english-munich.de\/training\/simple-present-progressive\/","title":{"rendered":"Simple Present Present Progressive Unterschied"},"content":{"rendered":"<div class=\"container well\">\r\n<h1>Unterschied Simple Present Present Progressive (Continous)<\/h1>\r\nDer Unterschied Simple Present Present Progressive macht vielen <a href=\"https:\/\/de.wikipedia.org\/wiki\/Englische_Sprache\">Englisch<\/a> als Fremdsprache Lernenden gro\u00dfe Probleme.\r\n<hr>\r\n<h2>Unterschied Simple Present Present Progressive \u00dcbungen:<\/h2>\r\n<div id=\"bellows-main-19\" class=\"bellows bellows-nojs bellows-main bellows-source-menu bellows-align-full bellows-skin-vanilla bellows-type-\"><ul id=\"menu-present-simple-continous\" class=\"bellows-nav\" data-bellows-config=\"main\"><li id=\"menu-item-3818\" class=\"bellows-menu-item bellows-menu-item-type-post_type bellows-menu-item-object-page bellows-menu-item-3818 bellows-item-level-0\"><a  href=\"https:\/\/english-munich.de\/training\/simple-present-present-progressive-signalworter\/\" class=\"bellows-target\"><span class=\"bellows-target-title bellows-target-text\">\u2611\ufe0fSimple Present \/ Present Progressive Signalw\u00f6rter<\/span><\/a><\/li>\n<li id=\"menu-item-3816\" class=\"bellows-menu-item bellows-menu-item-type-post_type bellows-menu-item-object-page bellows-menu-item-3816 bellows-item-level-0\"><a  href=\"https:\/\/english-munich.de\/training\/simple-present-present-progressive-unterschied-ii\/\" class=\"bellows-target\"><span class=\"bellows-target-title bellows-target-text\">\u2611\ufe0fSimple Present  Present Progressive Unterschied<\/span><\/a><\/li>\n<li id=\"menu-item-11112\" class=\"bellows-menu-item bellows-menu-item-type-post_type bellows-menu-item-object-page bellows-menu-item-11112 bellows-item-level-0\"><a  href=\"https:\/\/english-munich.de\/training\/simple-present-present-progressive-unterschied-ii-2\/\" class=\"bellows-target\"><span class=\"bellows-target-title bellows-target-text\">\u2611\ufe0fSimple Present  Present Progressive Unterschied II<\/span><\/a><\/li>\n<li id=\"menu-item-11104\" class=\"bellows-menu-item bellows-menu-item-type-post_type bellows-menu-item-object-page bellows-menu-item-11104 bellows-item-level-0\"><a  href=\"https:\/\/english-munich.de\/training\/simple-present-present-progressive-unterschied-2\/\" class=\"bellows-target\"><span class=\"bellows-target-title bellows-target-text\">\u270d\ufe0fSimple Present \/ Present Progressive III<\/span><\/a><\/li>\n<li id=\"menu-item-3822\" class=\"bellows-menu-item bellows-menu-item-type-post_type bellows-menu-item-object-page bellows-menu-item-3822 bellows-item-level-0\"><a  href=\"https:\/\/english-munich.de\/training\/simple-present-present-progressive-unterschied\/\" class=\"bellows-target\"><span class=\"bellows-target-title bellows-target-text\">\u270d\ufe0fSimple Present \/ Present Progressive Unterschied IV<\/span><\/a><\/li>\n<li id=\"menu-item-11084\" class=\"bellows-menu-item bellows-menu-item-type-post_type bellows-menu-item-object-page bellows-menu-item-11084 bellows-item-level-0\"><a  href=\"https:\/\/english-munich.de\/training\/simple-present-present-progressive-unterschied-iii\/\" class=\"bellows-target\"><span class=\"bellows-target-title bellows-target-text\">\ud83d\uddb1\ufe0fSimple Present \/ Present Progressive V<\/span><\/a><\/li>\n<li id=\"menu-item-11093\" class=\"bellows-menu-item bellows-menu-item-type-post_type bellows-menu-item-object-page bellows-menu-item-11093 bellows-item-level-0\"><a  href=\"https:\/\/english-munich.de\/training\/simple-present-present-progressive-test\/\" class=\"bellows-target\"><span class=\"bellows-target-title bellows-target-text\">\ud83d\uddb1\ufe0fSimple Present \u2013 Present Progressive Test<\/span><\/a><\/li>\n<\/ul><\/div>\r\n<h2>Gebrauch Simple Present<\/h2>\r\n\r\nDas Simple Present wird benutzt, wenn eine Aktion gewohnheitsm\u00e4\u00dfig und mehr als einmal in der Gegenwart (Pr\u00e4sens) als Bestandteil einer Routing stattfindet.\r\n<i class=\"text-danger\">\r\nShe plays basektball. &#8211; Sie spielt regelm\u00e4\u00dfig Basketball. (z.B. in einem Klub)\r\nHe eats too much cake. &#8211; Er isst zu viel Kuchen. (als Gewohnehit)\r\nThey practices the guitar every week. &#8211; Sie \u00fcben jede Woche die Gitarre.\r\n<\/i>\r\n<h2>Signalw\u00f6rter<\/h2>\r\n<table class=\"table table-bordered table-sm\">\r\n<tbody>\r\n<tr class=\"table-danger\">\r\n<td>\r\n<b>Signalw\u00f6rter Simple Present<\/b><\/td>\r\n<\/tr>\r\n<tr class=\"table-success\">\r\n<td>\r\n<b><i>sometimes, never, usually, always, every day, often, mostly<\/i><\/b><\/td>\r\n<\/tr>\r\n<\/tbody>\r\n<\/table><div class=\"iframe-container\">\r\n<iframe width=\"560\" height=\"315\" src=\"https:\/\/www.youtube.com\/embed\/dC05e8l-p4U?start=1\" loading=\"lazy\" frameborder=\"0\" allow=\"accelerometer; autoplay; clipboard-write; encrypted-media; gyroscope; picture-in-picture\" allowfullscreen><\/iframe><\/div>\r\n<br \/>\r\n<h2>Present Progressive Gebrauch<\/h2>\r\nDas Present Progressive wird verwendet, wenn eine Handlung gerade im Moment oder vor\u00fcbergehend stattfindet.\r\n<i class=\"text-danger\">\r\nHe is playing tennis now. &#8211; Er spielt gerade Tennis .\r\nI am eating a cheeseburger. &#8211; Ich esse gerade einen <a href=\"https:\/\/www.gutekueche.at\/cheeseburger-rezept-1038\" rel=\"noopener\" target=\"_blank\">Cheeseburger<\/a>.\r\nShe is studying medicine. &#8211; Sie studiert Medizin.\r\n<\/i>\r\n<b>Vorsicht:<\/b> Beim letzten Beispiel wird klar, dass das <b>Present Continous<\/b> auch bei Aktionen benutzt werden kann, die \u00fcber einen l\u00e4ngeren Zeitraum ablaufen, wenn sie <b>vorr\u00fcbergehend<\/b> sind.<br \/>\r\n<h2>Signalw\u00f6rter<\/h2>\r\n<table class=\"table table-bordered table-sm\">\r\n<tbody>\r\n<tr class=\"table-danger\">\r\n<td>\r\n<b>Signalw\u00f6rter Present Progressive<\/b><\/td>\r\n<\/tr>\r\n<tr class=\"table-success\">\r\n<td>\r\n<b><i> now, at the moment, just, today, this week, this year<\/i><\/b><\/td>\r\n<\/tr>\r\n<\/tbody>\r\n<\/table>\r\n<h2>Statische Verben (Zustandsverben) &#8211; Simple Present<\/h2>Au\u00dferdem gibt es einige Verben, die ausschlie\u00dflich im <i class=\"text-danger\"> Simple Present<\/i>, also nur in der einfachen Form verwendet werden. (Dies gilt auch f\u00fcr andere Zeiten!) Der Grund hierf\u00fcr ist, dass es sich hier um Verben handelt, die sich auf eine Art <i class=\"text-danger\">wesenseigenen<\/i> Zustand des Handelnden beziehen. Au\u00dferdem sind diese Verben sind <i class=\"text-danger\">keine<\/i> Verben der Handung, sondern beziehen sich auf Zu-, bzw. Umst\u00e4nde.\r\n<table class=\"table table-bordered table-sm\">\r\n<tbody>\r\n<tr class=\"table-danger\">\r\n<td>\r\n<b>Zustandsverben Simple Present<\/b><\/td>\r\n<\/tr>\r\n<tr class=\"table-success\">\r\n<td>\r\n<b><i>like, love, hate, need, belong to, want, remember, forget, understand<\/i><\/b><\/td>\r\n<\/tr>\r\n<tr class=\"table-warning\">\r\n<td>\r\n<b><i>mean, seem, depend on, know, prefer, require<\/i><\/b><\/td>\r\n<\/tr>\r\n<\/tbody>\r\n<\/table>\r\n<h3>Verben mit Bedeutungswechsel<\/h3>\r\nWeiterhing \u00e4ndern die beiden Verben <b>think<\/b> und <b>have<\/b>, je nachdem, ob sie im Simple Present oder im Present Progressive verwendet werden die Bedeutung. <i>&#8222;Think&#8220;<\/i> im <b>Simple Present<\/b> bedeutet, <i>&#8222;denken&#8220;<\/i> im Sinne einer Meinungs\u00e4u\u00dferung.<i>&#8222;Thinking&#8220;<\/i> im <b>Present Progressive<\/b> bedeutet <i>&#8222;\u00fcber etwas nachdenken&#8220;<\/i>.\r\n<i>&#8222;Have&#8220;<\/i> im <b>Simple Present<\/b> hei\u00dft <i>&#8222;haben&#8220;<\/i> im Sinne von <i>&#8222;besitzen&#8220;<\/i>.\r\n<i>&#8222;Having&#8220;<\/i> im <b>Present Continous<\/b> bedeuten <i>&#8222;haben&#8220;<\/i> im Sinn einer T\u00e4tigigkeit. Zum Beispiel &#8222;Spa\u00df haben&#8220;, &#8222;having fun&#8220;.\r\n<table class=\"table table-bordered table-sm\">\r\n<tbody>\r\n<tr class=\"table-danger\">\r\n<td colspan=\"3\">\r\n<b>Verben mit Bedeutungswechsel Simple Present\/Present Progressive<\/b><\/td>\r\n<\/tr>\r\n<tr class=\"table-success\">\r\n<td>\r\n<b><i><\/i><\/b><\/td>\r\n<td>\r\n<b><i>Simple Present<\/i><\/b><\/td>\r\n<td>\r\n<b><i>Present Progressive<\/i><\/b><\/td>\r\n<\/tr>\r\n<tr class=\"table-warning\">\r\n<td>think\r\n<td>\r\n<b><i>denken im Sinne einer Meinungs\u00e4u\u00dferung<\/i><\/b><\/td>\r\n<td>\r\n<b><i>\u00fcber etwas nachdenken<\/i><\/b><\/td>\r\n<\/tr>\r\n<tr class=\"table-primary\">\r\n<td>Beispiel:\r\n<td>\r\n<b><i>I think it&#8217;s a good idea.<\/i><\/b><\/td>\r\n<td>\r\n<b><i>I am thinking about your idea.<\/i><\/b><\/td>\r\n<\/tr>\r\n<tr class=\"table-warning\">\r\n<td>have\r\n<td>\r\n<b><i>Haben im Sinne von besitzen<\/i><\/b><\/td>\r\n<td>\r\n<b><i>Haben im Sinner einer Handllung<\/i><\/b><\/td>\r\n<\/tr>\r\n<tr class=\"table-primary\">\r\n<td>Beispiel:\r\n<td>\r\n<b><i>I have a lot of money.<\/i><\/b><\/td>\r\n<td>\r\n<b><i>I am having a party, breakfast, holiday.<\/i><\/b><\/td>\r\n<\/tr>\r\n<\/tbody>\r\n<\/table>\r\n<a href=\"https:\/\/english-munich.de\/training\/wp-content\/uploads\/2022\/04\/Arbeitsblaetter-Simpe-Present-Present-Progressive-Unterschied.zip\">Arbeitsbl\u00e4tter Simple Present Present Progressive Unterschied <i class=\"fa fa-download\" aria-hidden=\"true\"><\/i><\/a>\r\n<\/div>","protected":false},"excerpt":{"rendered":"Unterschied Simple Present Present Progressive (Continous) Der Unterschied Simple Present Present Progressive macht vielen Englisch als Fremdsprache Lernenden gro\u00dfe Probleme. Unterschied Simple Present Present Progressive \u00dcbungen: Gebrauch Simple Present Das Simple Present wird benutzt, wenn eine Aktion gewohnheitsm\u00e4\u00dfig und mehr als einmal in der Gegenwart (Pr\u00e4sens) als Bestandteil einer Routing stattfindet. She plays basektball. &#8211; [&hellip;]","protected":false},"author":3,"featured_media":0,"parent":0,"menu_order":0,"comment_status":"closed","ping_status":"closed","template":"","meta":[],"_links":{"self":[{"href":"https:\/\/english-munich.de\/training\/wp-json\/wp\/v2\/pages\/1946"}],"collection":[{"href":"https:\/\/english-munich.de\/training\/wp-json\/wp\/v2\/pages"}],"about":[{"href":"https:\/\/english-munich.de\/training\/wp-json\/wp\/v2\/types\/page"}],"author":[{"embeddable":true,"href":"https:\/\/english-munich.de\/training\/wp-json\/wp\/v2\/users\/3"}],"replies":[{"embeddable":true,"href":"https:\/\/english-munich.de\/training\/wp-json\/wp\/v2\/comments?post=1946"}],"version-history":[{"count":35,"href":"https:\/\/english-munich.de\/training\/wp-json\/wp\/v2\/pages\/1946\/revisions"}],"predecessor-version":[{"id":11517,"href":"https:\/\/english-munich.de\/training\/wp-json\/wp\/v2\/pages\/1946\/revisions\/11517"}],"wp:attachment":[{"href":"https:\/\/english-munich.de\/training\/wp-json\/wp\/v2\/media?parent=1946"}],"curies":[{"name":"wp","href":"https:\/\/api.w.org\/{rel}","templated":true}]}}