{"id":1941,"date":"2020-05-25T15:32:09","date_gmt":"2020-05-25T15:32:09","guid":{"rendered":"https:\/\/english-munich.de\/training\/?page_id=1941"},"modified":"2022-03-25T13:16:37","modified_gmt":"2022-03-25T13:16:37","slug":"if-saetze-englisch","status":"publish","type":"page","link":"https:\/\/english-munich.de\/training\/if-saetze-englisch\/","title":{"rendered":"If S\u00e4tze Englisch"},"content":{"rendered":"<div class=\"container well\">\r\n<h2>If-S\u00e4tze Gegen\u00fcberstellung<\/h2>\r\nIf S\u00e4tze Englisch\r\n<hr>\r\n\r\n<h3>If-S\u00e4tze Englisch \u00dcbungen:<\/h3>\r\n<div id=\"bellows-main-29\" class=\"bellows bellows-nojs bellows-main bellows-source-menu bellows-align-full bellows-skin-vanilla bellows-type-\"><ul id=\"menu-if-satze\" class=\"bellows-nav\" data-bellows-config=\"main\"><li id=\"menu-item-4149\" class=\"bellows-menu-item bellows-menu-item-type-post_type bellows-menu-item-object-page bellows-menu-item-4149 bellows-item-level-0\"><a  href=\"https:\/\/english-munich.de\/training\/if-satz-typ-1-ubung\/\" class=\"bellows-target\"><span class=\"bellows-target-title bellows-target-text\">\u270d\ufe0fIf-Satz Typ I<\/span><\/a><\/li>\n<li id=\"menu-item-4145\" class=\"bellows-menu-item bellows-menu-item-type-post_type bellows-menu-item-object-page bellows-menu-item-4145 bellows-item-level-0\"><a  href=\"https:\/\/english-munich.de\/training\/if-satze-typ-1\/\" class=\"bellows-target\"><span class=\"bellows-target-title bellows-target-text\">\u2611\ufe0fIf S\u00e4tze \u2013 Typ I<\/span><\/a><\/li>\n<li id=\"menu-item-4142\" class=\"bellows-menu-item bellows-menu-item-type-post_type bellows-menu-item-object-page bellows-menu-item-4142 bellows-item-level-0\"><a  href=\"https:\/\/english-munich.de\/training\/if-satz-typ-2-ubung\/\" class=\"bellows-target\"><span class=\"bellows-target-title bellows-target-text\">\u270d\ufe0fIf Satz Typ II<\/span><\/a><\/li>\n<li id=\"menu-item-4151\" class=\"bellows-menu-item bellows-menu-item-type-post_type bellows-menu-item-object-page bellows-menu-item-4151 bellows-item-level-0\"><a  href=\"https:\/\/english-munich.de\/training\/if-satze-typ-2\/\" class=\"bellows-target\"><span class=\"bellows-target-title bellows-target-text\">\u2611\ufe0fIf-S\u00e4tze Typ II<\/span><\/a><\/li>\n<li id=\"menu-item-4140\" class=\"bellows-menu-item bellows-menu-item-type-post_type bellows-menu-item-object-page bellows-menu-item-4140 bellows-item-level-0\"><a  href=\"https:\/\/english-munich.de\/training\/if-satz-typ-3\/\" class=\"bellows-target\"><span class=\"bellows-target-title bellows-target-text\">\u270d\ufe0fIf Satz \u2013 Typ III<\/span><\/a><\/li>\n<li id=\"menu-item-4146\" class=\"bellows-menu-item bellows-menu-item-type-post_type bellows-menu-item-object-page bellows-menu-item-4146 bellows-item-level-0\"><a  href=\"https:\/\/english-munich.de\/training\/if-satze-typ-3\/\" class=\"bellows-target\"><span class=\"bellows-target-title bellows-target-text\">\u2611\ufe0fIf S\u00e4tze \u2013 Typ III<\/span><\/a><\/li>\n<li id=\"menu-item-4150\" class=\"bellows-menu-item bellows-menu-item-type-post_type bellows-menu-item-object-page bellows-menu-item-4150 bellows-item-level-0\"><a  href=\"https:\/\/english-munich.de\/training\/if-satz-typ-1-2-vergleich\/\" class=\"bellows-target\"><span class=\"bellows-target-title bellows-target-text\">\u270d\ufe0fIf-Satz Typ I\/II Vergleich<\/span><\/a><\/li>\n<li id=\"menu-item-4139\" class=\"bellows-menu-item bellows-menu-item-type-post_type bellows-menu-item-object-page bellows-menu-item-4139 bellows-item-level-0\"><a  href=\"https:\/\/english-munich.de\/training\/if-satz-typ-1-2-unterschied\/\" class=\"bellows-target\"><span class=\"bellows-target-title bellows-target-text\">\u2611\ufe0fIf -Satz Typ I\/II Vergleich<\/span><\/a><\/li>\n<li id=\"menu-item-4143\" class=\"bellows-menu-item bellows-menu-item-type-post_type bellows-menu-item-object-page bellows-menu-item-4143 bellows-item-level-0\"><a  href=\"https:\/\/english-munich.de\/training\/if-satz-typ-2-3-unterschied\/\" class=\"bellows-target\"><span class=\"bellows-target-title bellows-target-text\">\u2611\ufe0fIf Satz Typ II\/III Vergleich<\/span><\/a><\/li>\n<li id=\"menu-item-4144\" class=\"bellows-menu-item bellows-menu-item-type-post_type bellows-menu-item-object-page bellows-menu-item-4144 bellows-item-level-0\"><a  href=\"https:\/\/english-munich.de\/training\/if-satz-typ-2-3-vergleich\/\" class=\"bellows-target\"><span class=\"bellows-target-title bellows-target-text\">\u270d\ufe0fIf Satz Typ II\/III Vergleich<\/span><\/a><\/li>\n<li id=\"menu-item-4147\" class=\"bellows-menu-item bellows-menu-item-type-post_type bellows-menu-item-object-page bellows-menu-item-4147 bellows-item-level-0\"><a  href=\"https:\/\/english-munich.de\/training\/if-satze-typ1-2-und-3\/\" class=\"bellows-target\"><span class=\"bellows-target-title bellows-target-text\">\u2611\ufe0fIf S\u00e4tze Typ I\/II und III<\/span><\/a><\/li>\n<li id=\"menu-item-4141\" class=\"bellows-menu-item bellows-menu-item-type-post_type bellows-menu-item-object-page bellows-menu-item-4141 bellows-item-level-0\"><a  href=\"https:\/\/english-munich.de\/training\/if-satz-typ-1-2-3-vergleich\/\" class=\"bellows-target\"><span class=\"bellows-target-title bellows-target-text\">\u270d\ufe0fIf S\u00e4tze Typ I\/II\/III<\/span><\/a><\/li>\n<li id=\"menu-item-4148\" class=\"bellows-menu-item bellows-menu-item-type-post_type bellows-menu-item-object-page bellows-menu-item-4148 bellows-item-level-0\"><a  href=\"https:\/\/english-munich.de\/training\/if-und-when-unterschied-2\/\" class=\"bellows-target\"><span class=\"bellows-target-title bellows-target-text\">\u2611\ufe0fIf und When Unterschied<\/span><\/a><\/li>\n<\/ul><\/div>\r\nIf S\u00e4tze kann man im Englischen vier verschiedene Typen einteilen. Diese unterscheiden sich je nachdem, wie wahrscheinlich bzw. real die Voraussetzung der Bedingung des <i class=\"text-danger\">If-Satzes<\/i> ist. <br \/>\r\n<h2>If S\u00e4tze &#8211; Zero Conditional<\/h2>\r\nDer If-Satz gibt eine Bedingung vor, die im Folgesatz eine Aufforderung nach sich zieht. Der If-Satz steht im <i class=\"text-danger\">Simple Present<\/i> der Folgesatz in der Befehlsform.\r\n<table class=\"table table-bordered table-sm\">\r\n<tbody>\r\n<tr class=\"table-danger\">\r\n<td colspan=\"3\">\r\n<b>Zero Conditional<\/b><\/td>\r\n<\/tr>\r\n<tr class=\"table-info\">\r\n<td>\r\n  <b><i>If-Satz<\/i><\/b><\/td>\r\n<td><b><i>Folgesatz<\/i><\/b><\/td>\r\n<\/tr>\r\n<tr class=\"table-warning\">\r\n<td>\r\n  <b><i>Simple Present<\/i><\/b><\/td>\r\n<td><b><i>Imperativ\/Befehlsform<\/i><\/b><\/td>\r\n<\/tr>\r\n<tr class=\"table-success\">\r\n<td>\r\n  <b><i>If you like it,<\/i><\/b><\/td>\r\n<td><b><i>buy it<\/i><\/b><\/td>\r\n<\/tr>\r\n<\/tbody>\r\n<\/table>\r\n<br \/>\r\n<h2>If S\u00e4tze Englisch &#8211; Typ I<\/h2>\r\nBeim <i class=\"text-danger\">Konditional 1<\/i> gibt der If-Satz eine Bedingung vor, aus der, je nach Erf\u00fcllung bzw. Nichterf\u00fcllung im Folgesatz eine Konsequenz folgt. Der If-Satz steht im <i class=\"text-danger\">Simple Present<\/i>, der Folgesatz im <i class=\"text-danger\">Will Future<\/i> oder einem anderen <a href=\"https:\/\/de.wikipedia.org\/wiki\/Hilfsverb\">Hilfsverb<\/a>.<br \/>\r\n<table class=\"table table-bordered table-sm\">\r\n<tbody>\r\n<tr class=\"table-danger\">\r\n<td colspan=\"3\">\r\n<b>If SatzTyp I <\/b><\/td>\r\n<\/tr>\r\n<tr class=\"table-info\">\r\n<td>\r\n  <b><i>If Satz<\/i><\/b><\/td>\r\n<td><b><i>Folgesatz <\/i><\/b><\/td>\r\n<\/tr>\r\n<tr class=\"table-warning\">\r\n<td>\r\n  <b><i>Simple Present<\/i><\/b><\/td>\r\n<td><b><i>Will-Future\/Hilfsverb<\/i><\/b><\/td>\r\n<\/tr>\r\n<tr class=\"table-success\">\r\n<td>\r\n  <b><i>If I have money,<\/i><\/b><\/td>\r\n<td><b><i>we will buy a car.<\/i><\/b><\/td>\r\n<\/tr>\r\n<\/tbody>\r\n<\/table><div class=\"iframe-container\">\r\n<iframe loading=\"lazy\" width=\"560\" height=\"315\" src=\"https:\/\/www.youtube.com\/embed\/1S3m06l49oU\" frameborder=\"0\" allow=\"accelerometer; autoplay; clipboard-write; encrypted-media; gyroscope; picture-in-picture\" allowfullscreen=\"\"><\/iframe><\/div><br \/>\r\n<h2>If Satz &#8211; Typ II<\/h2>\r\nBeim Typ II gibt der If-Satz eine Bedingung vor, die momentan <i class=\"text-danger\">nicht<\/i> vorherrscht. Jedoch kann diese noch ver\u00e4ndert werden. Die Bedingung steht im <i class=\"text-danger\">Simple Past<\/i>. Der Folgesatz im <i class=\"text-danger\">Konditional I (would + Grundform)<\/i>.\r\n<table class=\"table table-bordered table-sm\">\r\n<tbody>\r\n<tr class=\"table-danger\">\r\n<td colspan=\"3\">\r\n<b>If Satz Typ II<\/b><\/td>\r\n<\/tr>\r\n<tr class=\"table-info\">\r\n<td>\r\n  <b><i>If Satz<\/i><\/b><\/td>\r\n<td><b><i><\/i>Folgesatz<\/b><\/td>\r\n<\/tr>\r\n<tr class=\"table-warning\">\r\n<td>\r\n  <b><i>Simple Past<\/i><\/b><\/td>\r\n<td><b><i><\/i>Konditional I<\/b><\/td>\r\n<\/tr>\r\n<tr class=\"table-success\">\r\n<td><b><i>If I had money,<\/i><\/b><\/td>\r\n<td><b><i>I would still go to work.<\/i><\/b><\/td>\r\n<\/tr>\r\n<\/tbody>\r\n<\/table>\r\n<br \/>\r\n<h2>If Satz &#8211; Typ III<\/h2>\r\nBeim Typ III gibt der If-Satz eine Bedingung vor die momentan <i class=\"text-danger\">nicht<\/i> vorherrscht und auch nicht mehr ver\u00e4ndert werden kann. Der Folgesatz ist rein <i class=\"text-danger\">hypothetisch und r\u00fcckblickend<\/i>. Die Bedingung steht im Past Perfect. Der Folgesatz im <i class=\"text-danger\">Konditional II (would have + Partizip Perfekt)<\/i>.\r\n<table class=\"table table-bordered table-sm\">\r\n<tbody>\r\n<tr class=\"table-danger\">\r\n<td colspan=\"3\">\r\n<b>If Satz Typ III<\/b><\/td>\r\n<\/tr>\r\n<tr class=\"table-info\">\r\n<td>\r\n  <b><i>If-Satz<\/i><\/b><\/td>\r\n<td><b><i><\/i>Folgesatz<\/b><\/td>\r\n<\/tr>\r\n<tr class=\"table-warning\">\r\n<td>\r\n  <b><i>Past Perfekt<\/i><\/b><\/td>\r\n<td><b><i><\/i>Konditional II<\/b><\/td>\r\n<\/tr>\r\n<tr class=\"table-success\">\r\n<td><b><i>If I had been rich,<\/i><\/b><\/td>\r\n<td><b><i>I would have still gone to work.<\/i><\/b><\/td>\r\n<\/tr>\r\n<\/tbody>\r\n<\/table>\r\n<br \/>\r\n<h2>If und When &#8211; Unterschied<\/h2>\r\nBeide bedeuten im Deutschen <i class=\"text-danger\">&#8222;wenn&#8220;<\/i>.<i class=\"text-danger\"> &#8222;If&#8220;<\/i> ist ein kausales <i class=\"text-danger\">&#8222;wenn&#8220;<\/i>,und wird verwendet, wenn dies durch <i class=\"text-danger\">&#8222;falls&#8220;<\/i> ersetzt werden kann. <i class=\"text-danger\">&#8222;When&#8220;<\/i> ist zeitlich und wird verwendet, wenn man, <i class=\"text-danger\">&#8222;wenn&#8220;<\/i> durch <i class=\"text-danger\">&#8222;sobald&#8220;<\/i> oder <i class=\"text-danger\">&#8222;immer wenn&#8220;<\/i> ersetzt werden kann.\r\n\r\n<br \/>\r\n<img decoding=\"async\" class=\"img-responsive img-rounded\" title=\"If-clauses-If-S\u00e4tze\" alt=\"if-s\u00e4tze\" loading=\"lazy\" src=\"https:\/\/english-munich.de\/training\/wp-content\/uploads\/2020\/05\/if-clauses.jpg\">\r\n\r\n<\/div>","protected":false},"excerpt":{"rendered":"If-S\u00e4tze Gegen\u00fcberstellung If S\u00e4tze Englisch If-S\u00e4tze Englisch \u00dcbungen: If S\u00e4tze kann man im Englischen vier verschiedene Typen einteilen. Diese unterscheiden sich je nachdem, wie wahrscheinlich bzw. real die Voraussetzung der Bedingung des If-Satzes ist. If S\u00e4tze &#8211; Zero Conditional Der If-Satz gibt eine Bedingung vor, die im Folgesatz eine Aufforderung nach sich zieht. Der If-Satz [&hellip;]","protected":false},"author":3,"featured_media":0,"parent":0,"menu_order":0,"comment_status":"closed","ping_status":"closed","template":"","meta":[],"_links":{"self":[{"href":"https:\/\/english-munich.de\/training\/wp-json\/wp\/v2\/pages\/1941"}],"collection":[{"href":"https:\/\/english-munich.de\/training\/wp-json\/wp\/v2\/pages"}],"about":[{"href":"https:\/\/english-munich.de\/training\/wp-json\/wp\/v2\/types\/page"}],"author":[{"embeddable":true,"href":"https:\/\/english-munich.de\/training\/wp-json\/wp\/v2\/users\/3"}],"replies":[{"embeddable":true,"href":"https:\/\/english-munich.de\/training\/wp-json\/wp\/v2\/comments?post=1941"}],"version-history":[{"count":30,"href":"https:\/\/english-munich.de\/training\/wp-json\/wp\/v2\/pages\/1941\/revisions"}],"predecessor-version":[{"id":11219,"href":"https:\/\/english-munich.de\/training\/wp-json\/wp\/v2\/pages\/1941\/revisions\/11219"}],"wp:attachment":[{"href":"https:\/\/english-munich.de\/training\/wp-json\/wp\/v2\/media?parent=1941"}],"curies":[{"name":"wp","href":"https:\/\/api.w.org\/{rel}","templated":true}]}}