{"id":1893,"date":"2020-05-24T08:00:55","date_gmt":"2020-05-24T08:00:55","guid":{"rendered":"https:\/\/english-munich.de\/training\/?page_id=1893"},"modified":"2024-09-06T05:58:11","modified_gmt":"2024-09-06T05:58:11","slug":"will-future-going-to-future-unterschied","status":"publish","type":"page","link":"https:\/\/english-munich.de\/training\/will-future-going-to-future-unterschied\/","title":{"rendered":"Will Future \/ Going-To-Future Unterschied"},"content":{"rendered":"<div class=\"jumbotron text-center\">\r\n<h2>Going-To-Future \/ Will Future Unterschied<\/h2>\r\n\u00dcbungen zur Gegen\u00fcberstellung von Going-To-Future \/ Will Future:\r\n\r\n<\/div>\r\n<div class=\"bs-example\">\r\n<div id=\"accordionExample\" class=\"accordion\">\r\n<div class=\"card\">\r\n<div id=\"headingOne\" class=\"card-header\">\r\n<h2 class=\"number\"><button class=\"btn btn-link collapsed\" type=\"button\" data-toggle=\"collapse\" data-target=\"#collapseOne\">Beispiel<\/button><\/h2>\r\n<\/div>\r\n<div id=\"collapseOne\" class=\"collapse\" aria-labelledby=\"headingOne\" data-parent=\"#accordionExample\">\r\n<div class=\"card-body\">\r\n<div class=\"form-group\" style=\"width: 70%; margin: 10px;\"><label for=\"sel1\"><span class=\"number\">\u24ff<\/span>Mr. Pink __________ the shopping, he just took his bag.<\/label>\r\n<select id=\"beispiel\" class=\"form-control\">\r\n<option value=\"wrong\">don&#8217;t do<\/option>\r\n<option value=\"correct\">is going to do<\/option>\r\n<option value=\"wrong\">doesn&#8217;t <\/option>\r\n<\/select>\r\n\r\nDie richtige L\u00f6sung ist: <b>&#8222;is going to do&#8220;<\/b>&nbsp;&nbsp;<button class=\"btn-lg btn-info\" type=\"button\" value=\"submit\" data-toggle=\"modal\" data-target=\"#myModal\">Tipp<\/button>\r\n\r\n<\/div>\r\n<\/div>\r\n<\/div>\r\n<\/div>\r\n<\/div>\r\n<br \/><br \/>\r\n<div class=\"container well\">\r\n<h4>\u2611\ufe0f W\u00e4hle die richtige Option des <i>Going-To-Future \/ Will Future<\/i> um den Satz zu vervollst\u00e4ndigen:<\/h4>\r\n\r\n<hr>\r\n\r\n<br \/>\r\n<div class=\"container-fluid\">\r\n<div class=\"form-group\" style=\"width: 70%;\"><label for=\"sel1\"><span class=\"number\">\u2776<\/span>I believe we__________ a great time .<\/label>\r\n<select id=\"q0\" class=\"form-control\">\r\n<option value=\"correct\">will have<\/option>\r\n<option value=\"wrong\">are going to have<\/option>\r\n<\/select>\r\n<p id=\"correct0\" align=\"left\"><\/p>\r\n<a class=\"btn btn-success tipp0 hidden\" style=\"text-decoration: none, color:white;\" title=\"We will have...\" href=\"#0\" data-toggle=\"popover\" data-placement=\"top\" data-trigger=\"hover\" data-content=\"Die richtige L\u00f6sung ist:'we will have', der Ausdruck 'believe' leitet eine Vermutung ein: \u2192 'Will Future'. \">Tipp<\/a>\r\n\r\n<\/div>\r\n<div class=\"form-group\" style=\"width: 70%;\"><label for=\"sel1\"><span class=\"number\">\u2777<\/span>Look at the sky, it __________ .<\/label>\r\n<select id=\"q1\" class=\"form-control\">\r\n<option value=\"correct\">is going to rain<\/option>\r\n<option value=\"wrong\">will rain<\/option>\r\n<\/select>\r\n<p id=\"correct1\" align=\"left\"><\/p>\r\n<a class=\"btn btn-success tipp1 hidden\" style=\"text-decoration: none, color:white;\" title=\"It is going  to...\" href=\"#1\" data-toggle=\"popover\" data-placement=\"top\" data-trigger=\"hover\" data-content=\"Die richtige L\u00f6sung ist:'It is going to rain...'. 'Look at the sky...', deutet auf einen \u00e4u\u00dferen Umstand hin, woraus die Zukunft abgeleitet werden kann \u2192 'Going-To-Future'.\">Tipp<\/a>\r\n\r\n<\/div>\r\n<div class=\"form-group\" style=\"width: 70%;\"><label for=\"sel1\"><span class=\"number\">\u2778<\/span>It probably __________ too much.<\/label>\r\n<select id=\"q2\" class=\"form-control\">\r\n<option value=\"correct\">won&#8217;t hurt<\/option>\r\n<option value=\"wrong\">isn&#8217;t going to hurt<\/option>\r\n<\/select>\r\n<p id=\"correct2\" align=\"left\"><\/p>\r\n<a class=\"btn btn-success tipp2 hidden\" style=\"text-decoration: none, color:white;\" title=\"I won't hurt...\" href=\"#2\" data-toggle=\"popover\" data-placement=\"top\" data-trigger=\"hover\" data-content=\"Die richtige L\u00f6sung ist:'it won't hurt', der Ausdruck 'probably' leitet eine Vermutung ein: \u2192 'Will Future'.\">Tipp<\/a>\r\n\r\n<\/div>\r\n<div class=\"form-group\" style=\"width: 70%;\"><label for=\"sel1\"><span class=\"number\">\u2779<\/span>Your parents __________ on a long adventure trip.<\/label>\r\n<select id=\"q3\" class=\"form-control\">\r\n<option value=\"correct\">are going to go<\/option>\r\n<option value=\"wrong\">will go<\/option>\r\n<\/select>\r\n<p id=\"correct3\" align=\"left\"><\/p>\r\n<a class=\"btn btn-success tipp3 hidden\" style=\"text-decoration: none, color:white;\" title=\"Your parents going to go...\" href=\"#3\" data-toggle=\"popover\" data-placement=\"top\" data-trigger=\"hover\" data-content=\"'a long adventure trip...' bedeutet, dass es sich um einen vorbreiteten Entschluss handelt: \u2192 'Going-To-Future'.\">Tipp<\/a>\r\n\r\n<\/div><br \/>\r\n<div class=\"iframe-container\"><iframe loading=\"lazy\" width=\"560\" height=\"315\" src=\"https:\/\/www.youtube.com\/embed\/g2NqM6CsBJs?si=JZHglRDlbVSyRfK1\" title=\"YouTube video player\" frameborder=\"0\" allow=\"accelerometer; autoplay; clipboard-write; encrypted-media; gyroscope; picture-in-picture; web-share\" referrerpolicy=\"strict-origin-when-cross-origin\" allowfullscreen><\/iframe><\/div><br \/>\r\n<div class=\"form-group\" style=\"width: 70%;\"><label for=\"sel1\"><span class=\"number\">\u277a<\/span>I __________ the pancakes, waiter!<\/label>\r\n<select id=\"q4\" class=\"form-control\">\r\n<option value=\"wrong\">am going to have<\/option>\r\n<option value=\"correct\">will have<\/option>\r\n<\/select>\r\n<p id=\"correct4\" align=\"left\"><\/p>\r\n<a class=\"btn btn-success tipp4 hidden\" style=\"text-decoration: none, color:white;\" title=\"I will have...\" href=\"#4\" data-toggle=\"popover\" data-placement=\"top\" data-trigger=\"hover\" data-content=\"'I will have...' ist ein spontaner Entschluss: \u2192 'Will-Future'.\">Tipp<\/a>\r\n\r\n<\/div>\r\n<div class=\"form-group\" style=\"width: 70%;\"><label for=\"sel1\"><span class=\"number\">\u277b<\/span> Look at Ms.Brown! She&#8217;s driving too fast, she__________ an accident.<\/label>\r\n<select id=\"q5\" class=\"form-control\">\r\n<option value=\"wrong\">will<\/option>\r\n<option value=\"correct\">is going to have<\/option>\r\n<\/select>\r\n<p id=\"correct5\" align=\"left\"><\/p>\r\n<a class=\"btn btn-success tipp5 hidden\" style=\"text-decoration: none, color:white;\" title=\"Ms.Brown is going to have...\" href=\"#5\" data-toggle=\"popover\" data-placement=\"top\" data-trigger=\"hover\" data-content=\"'Look at Ms. Brown...', deutet auf einen \u00e4u\u00dferen Umstand hin, woraus die Zukunft abgeleitet werden kann \u2192 'Going-To-Future'.\">Tipp<\/a>\r\n\r\n<\/div>\r\n<div class=\"form-group\" style=\"width: 70%;\"><label for=\"sel1\"><span class=\"number\">\u277c<\/span> I think our team __________ this weekend .<\/label>\r\n<select id=\"q6\" class=\"form-control\">\r\n<option value=\"correct\">will lose<\/option>\r\n<option value=\"wrong\">is going to lose<\/option>\r\n<\/select>\r\n<p id=\"correct6\" align=\"left\"><\/p>\r\n<a class=\"btn btn-success tipp6 hidden\" style=\"text-decoration: none, color:white;\" title=\"Our team will lose...\" href=\"#6\" data-toggle=\"popover\" data-placement=\"top\" data-trigger=\"hover\" data-content=\"Der Ausdruck 'think' leitet eine Vermutung ein: \u2192 'Will Future'.\">Tipp<\/a>\r\n\r\n<\/div>\r\n<div class=\"form-group\" style=\"width: 70%;\"><label for=\"sel1\"><span class=\"number\">\u277d<\/span> I __________ my garage this weekend.<\/label>\r\n<select id=\"q7\" class=\"form-control\">\r\n<option value=\"wrong\">will clean up<\/option>\r\n<option value=\"correct\">am going to clean up<\/option>\r\n<\/select>\r\n<p id=\"correct7\" align=\"left\"><\/p>\r\n<a class=\"btn btn-success tipp7 hidden\" style=\"text-decoration: none, color:white;\" title=\"I am going to clean up...\" href=\"#7\" data-toggle=\"popover\" data-placement=\"top\" data-trigger=\"hover\" data-content=\"'to clean up the garage...' bedeutet, dass es sich um einen vorbreiteten Entschluss handelt: \u2192 'Going-To-Future'\">Tipp<\/a>\r\n\r\n<\/div>\r\n<div class=\"form-group\" style=\"width: 70%;\"><label for=\"sel1\"><span class=\"number\">\u277e<\/span> The prices __________ next year.<\/label>\r\n<select id=\"q8\" class=\"form-control\">\r\n<option value=\"correct\">will rise<\/option>\r\n<option value=\"wrong\">are going to rise<\/option>\r\n<\/select>\r\n<p id=\"correct8\" align=\"left\"><\/p>\r\n<a class=\"btn btn-success tipp8 hidden\" style=\"text-decoration: none, color:white;\" title=\"Will rise...\" href=\"#8\" data-toggle=\"popover\" data-placement=\"top\" data-trigger=\"hover\" data-content=\"Der Ausdruck 'next year' leitet eine Vermutung ein: \u2192 'Will Future'.\">Tipp<\/a>\r\n\r\n<\/div>\r\n<div class=\"form-group\" style=\"width: 70%;\"><label for=\"sel1\"><span class=\"number\">\u277f<\/span> Sally________ here in five minutes.<\/label>\r\n<select id=\"q9\" class=\"form-control\">\r\n<option value=\"correct\">will be<\/option>\r\n<option value=\"wrong\">is going to be<\/option>\r\n<\/select>\r\n<p id=\"correct9\" align=\"left\"><\/p>\r\n<a class=\"btn btn-success tipp9 hidden\" style=\"text-decoration: none, color:white;\" title=\"Sally will be...\" href=\"#9\" data-toggle=\"popover\" data-placement=\"top\" data-trigger=\"hover\" data-content=\"Der Ausdruck 'in five minutes' deutet die unmittelbare Zukunft an: \u2192 'Will Future'.(Im Deutschen w\u00fcrde hier Pr\u00e4sens verwendet werden).\">Tipp<\/a>\r\n\r\n<\/div>\r\n<\/div>\r\n<div class=\"container\">\r\n\r\n<!-- The Modal -->\r\n<div id=\"myModal\" class=\"modal\">\r\n<div class=\"modal-dialog\">\r\n<div class=\"modal-content\">\r\n\r\n<!-- Modal Header -->\r\n<div class=\"modal-header\">\r\n<h4 class=\"modal-title\">Will Future \/ Going-To-Future Unterschied<\/h4>\r\n<button class=\"close\" type=\"button\" data-dismiss=\"modal\">\u00d7<\/button>\r\n\r\n<\/div>\r\n<!-- Modal body -->\r\n<div class=\"modal-body\"><table class=\"table table-bordered table-sm\">\r\n<tbody>\r\n<tr class=\"table-danger\">\r\n<th colspan=\"3\">Will Future &#8211; Going-To-Future Gegen\u00fcberstellung<\/th>\r\n<\/tr>\r\n\r\n\r\n<tr class=\"table-success\">\r\n<td colspan=\"2\">Will Future<\/td><td colspan=\"2\">Going To Future<\/td><\/tr>\r\n<tr class=\"table-info\">\r\n<td colspan=\"2\">Spontaner Entschluss<\/td><td colspan=\"2\">vorbereiteter Entschluss<\/td>\r\n<\/tr>\r\n<tr class=\"table-primary\">\r\n<td colspan=\"2\">I will have a Coke.<\/td><td colspan=\"2\">I am going to fix the car.<\/td>\r\n<\/tr>\r\n<tr class=\"table-info\">\r\n<td colspan=\"2\">Verben und Adverbien der Vermutung:\r\n<i>think, believe, hope, reckon\r\nprobably,maybe, possibly<\/i><\/td><td colspan=\"2\">aufgrund von \u00e4u\u00dferen Umst\u00e4nden vohersagbar\r\n<\/tr><\/td>\r\n<tr class=\"table-primary\">\r\n<td colspan=\"2\">I think it will all work out.\r\nIt probably won&#8217;t hurt.<\/td><td colspan=\"2\">Look at the clouds it is going to rain.\r\n<\/tr><\/td>\r\n<tr class=\"table-info\">\r\n<td colspan=\"2\">Ereignisse in der Zukunft auf, die man keinen Einfluss hat<\/td><td colspan=\"2\">\r\n<\/tr><\/td>\r\n<tr class=\"table-primary\">\r\n<td colspan=\"2\">Everything will be better next year.<\/td><td colspan=\"2\">\r\n<\/tr><\/td>\r\n<tbody>\r\n<\/table><\/div>\r\n<!-- Modal footer -->\r\n<div class=\"modal-footer\"><button class=\"btn btn-danger\" type=\"button\" data-dismiss=\"modal\">Close<\/button><\/div>\r\n<\/div>\r\n<\/div>\r\n<\/div>\r\n<\/div>\r\n<\/div>\r\n\r\n<hr>\r\n\r\n<div class=\"container\"><button id=\"submitButton\" class=\"btn-lg btn-primary \" type=\"submit\" value=\"submit\">Pr\u00fcfen<\/button><button id=\"resetButton\" class=\"btn-lg btn-success\" type=\"submit\" onclick=\"refreshPage()\">Neustart<\/button><button id=\"submitButton\" class=\"btn-lg btn-info\" type=\"submit\" value=\"submit\" data-toggle=\"modal\" data-target=\"#myModal\">Tipp<\/button><\/div>\r\n\r\n<hr>\r\n\r\n\r\n<p id=\"result\"><\/p>\r\n<p id=\"result2\"><\/p>\r\n\r\n<h3>Alle \u00dcbungen Will Future Going To Future Unterschied<\/h3>\r\n<hr>\r\n<div id=\"bellows-main-28\" class=\"bellows bellows-nojs bellows-main bellows-source-menu bellows-align-full bellows-skin-vanilla bellows-type-\"><ul id=\"menu-going-to-future-will-future-2\" class=\"bellows-nav\" data-bellows-config=\"main\"><li id=\"menu-item-4129\" class=\"bellows-menu-item bellows-menu-item-type-post_type bellows-menu-item-object-page bellows-menu-item-4129 bellows-item-level-0\"><a  href=\"https:\/\/english-munich.de\/training\/will-future-going-to-future-unterschied-2\/\" class=\"bellows-target\"><span class=\"bellows-target-title bellows-target-text\">\u270d\ufe0fWill Future \/ Going To Future Unterschied<\/span><\/a><\/li>\n<li id=\"menu-item-4130\" class=\"bellows-menu-item bellows-menu-item-type-post_type bellows-menu-item-object-page bellows-menu-item-4130 bellows-item-level-0\"><a  href=\"https:\/\/english-munich.de\/training\/will-future-going-to-future-unterschied\/\" class=\"bellows-target\"><span class=\"bellows-target-title bellows-target-text\">\u2611\ufe0fWill Future \/ Going-To-Future Unterschied<\/span><\/a><\/li>\n<\/ul><\/div> \r\n\r\n<\/div>","protected":false},"excerpt":{"rendered":"Going-To-Future \/ Will Future Unterschied \u00dcbungen zur Gegen\u00fcberstellung von Going-To-Future \/ Will Future: Beispiel \u24ffMr. Pink __________ the shopping, he just took his bag. don&#8217;t do is going to do doesn&#8217;t Die richtige L\u00f6sung ist: &#8222;is going to do&#8220;&nbsp;&nbsp;Tipp \u2611\ufe0f W\u00e4hle die richtige Option des Going-To-Future \/ Will Future um den Satz zu vervollst\u00e4ndigen: \u2776I [&hellip;]","protected":false},"author":3,"featured_media":0,"parent":0,"menu_order":0,"comment_status":"closed","ping_status":"closed","template":"","meta":[],"_links":{"self":[{"href":"https:\/\/english-munich.de\/training\/wp-json\/wp\/v2\/pages\/1893"}],"collection":[{"href":"https:\/\/english-munich.de\/training\/wp-json\/wp\/v2\/pages"}],"about":[{"href":"https:\/\/english-munich.de\/training\/wp-json\/wp\/v2\/types\/page"}],"author":[{"embeddable":true,"href":"https:\/\/english-munich.de\/training\/wp-json\/wp\/v2\/users\/3"}],"replies":[{"embeddable":true,"href":"https:\/\/english-munich.de\/training\/wp-json\/wp\/v2\/comments?post=1893"}],"version-history":[{"count":15,"href":"https:\/\/english-munich.de\/training\/wp-json\/wp\/v2\/pages\/1893\/revisions"}],"predecessor-version":[{"id":12021,"href":"https:\/\/english-munich.de\/training\/wp-json\/wp\/v2\/pages\/1893\/revisions\/12021"}],"wp:attachment":[{"href":"https:\/\/english-munich.de\/training\/wp-json\/wp\/v2\/media?parent=1893"}],"curies":[{"name":"wp","href":"https:\/\/api.w.org\/{rel}","templated":true}]}}