{"id":1746,"date":"2020-05-22T06:31:41","date_gmt":"2020-05-22T06:31:41","guid":{"rendered":"https:\/\/english-munich.de\/training\/?page_id=1746"},"modified":"2021-11-29T08:01:17","modified_gmt":"2021-11-29T08:01:17","slug":"simple-past-past-progressive-ii","status":"publish","type":"page","link":"https:\/\/english-munich.de\/training\/simple-past-past-progressive-ii\/","title":{"rendered":"Simple Past &#8211; Past Progressive"},"content":{"rendered":"<div class=\"jumbotron text-center\">\r\n<h2>Simple Past \/ Past Progressive Unterschied<\/h2>\r\n\u00dcbungen zum Unterschied zwischen Simple Past \/ Past Progressive\r\n\r\n<\/div>\r\n<div class=\"bs-example\">\r\n<div class=\"accordion\" id=\"accordionExample\">\r\n<div class=\"card\">\r\n<div class=\"card-header\" id=\"headingOne\">\r\n<h2 class=\"mb-0\" style=\"color:#000\">\r\n                    <button type=\"button\" class=\"btn btn-link collapsed\" data-toggle=\"collapse\" data-target=\"#collapseOne\">Beispiel<\/button><\/h2>\r\n<\/div>\r\n<div id=\"collapseOne\" class=\"collapse\" aria-labelledby=\"headingOne\" data-parent=\"#accordionExample\">\r\n<div class=\"card-body\">\r\n<div class=\"row\">\r\n    <span class=\"number\">\u24ff<\/span>\r\n<p class=\"text\">I<\/p>\r\n  <input type=\"text\" id=\"example\" value=\"was drinking\" class=\"form-control\" disabled=\"true\">\r\n<p class=\"text\"><i><b>(drink)<\/b><\/i>&nbsp; lemonade when a friend<\/p>\r\n        <input type=\"text\" id=\"example1\" class=\"form-control\" autocomplete=\"off\" disabled=\"true\" value=\"stopped\">\r\n<p class=\"text\"><i><b>(stop)<\/b><\/i>&nbsp; by.<\/p>\r\n\r\n<\/div>\r\n<div>\r\n<p class=\"text\"><i>die richtige L\u00f6sung ist:<\/i> <b>&nbsp;  I was drinking lemonade when a friend stopped by.<\/b>&nbsp;&nbsp;<button id=\"submitButton\" class=\"btn-lg btn-info\" type=\"button\" value=\"submit\" data-toggle=\"modal\" data-target=\"#myModal\">Tipp<\/button><\/p>\r\n\r\n<\/div>\r\n<\/div>\r\n<\/div>\r\n<\/div>\r\n<\/div>\r\n<br \/><br \/>\r\n<div class=\"container well\">\r\n<h4>\u270d\ufe0f F\u00fclle die Verben in Klammern in der richtigen Form entweder im <i>Past Progressive (ing-, Form)<\/i> oder im <i>Simple Past<\/i> in die L\u00fccken:<\/h4>\r\n\r\n<hr>\r\n\r\n<br \/>\r\n<div class=\"container\">\r\n<div class=\"row\">\r\n<span class=\"number\">\u2776<\/span>\r\n<p id=\"ts0\" class=\"text\">I<\/p>\r\n <input type=\"text\" id=\"q0\" class=\"form-control\" autocomplete=\"off\">\r\n<p id=\"t0\" class=\"text\"><i><b>&nbsp;(walk)&nbsp;<\/b><\/i> down the street when a dog<\/p>\r\n  <input type=\"text\" id=\"q1\" class=\"form-control\" autocomplete=\"off\">\r\n<p id=\"t1\" class=\"text\"><i><b>(bite)<\/b><\/i>&nbsp; me.<\/p>\r\n\r\n<\/div>\r\n<div class=\"row\">\r\n<div>\r\n<p id=\"antwort0\"><\/p>\r\n\r\n<\/div>\r\n<div><a button=\"\" class=\"btn btn-success btn-sm tipp0 hidden\" href=\"#0\" title=\"'was walking...'\/'bit...'\" data-toggle=\"popover\" data-placement=\"top\" data-trigger=\"hover\" data-content=\"'was walking' dauert l\u00e4nger und wird von 'bit' unterbrochen. \">Tipp<\/a><\/div>\r\n<\/div>\r\n<div class=\"row\">\r\n        <span class=\"number\">\u2777<\/span>\r\n<p id=\"ts2\" class=\"text\">Bob<\/p>\r\n   <input type=\"text\" id=\"q2\" class=\"form-control\" autocomplete=\"off\">\r\n<p id=\"t2\" class=\"text\"><i><b>&nbsp;(drop)&nbsp;<\/b><\/i>suddenly in when we<\/p>\r\n        <input type=\"text\" id=\"q3\" class=\"form-control\" autocomplete=\"off\">\r\n<p id=\"t3\" class=\"text\"><i><b>&nbsp;(play)&nbsp;<\/b><\/i> a board game.<\/p>\r\n\r\n<\/div>\r\n<div class=\"row\">\r\n<div>\r\n<p id=\"antwort2\"><\/p>\r\n\r\n<\/div>\r\n<div><a button=\"\" class=\"btn btn-success btn-sm tipp2 hidden\" href=\"#1\" title=\"'dropped in...'\/ 'were playing'\" data-toggle=\"popover\" data-placement=\"top\" data-trigger=\"hover\" data-content=\"'were playing' dauert l\u00e4nger und wird von 'dropped in' unterbrochen.\">Tipp<\/a><\/div>\r\n<\/div>\r\n<div class=\"row\">\r\n        <span class=\"number\">\u2778<\/span>\r\n<p id=\"ts4\" class=\"text\">We<\/p>\r\n<input type=\"text\" id=\"q4\" class=\"form-control\" autocomplete=\"off\">\r\n<p id=\"t4\" class=\"text\"><i><b>(see)<\/b><\/i>&nbsp; you when you<\/p>\r\n        <input type=\"text\" id=\"q5\" class=\"form-control\" autocomplete=\"off\">\r\n<p id=\"t5\" class=\"text\"><i><b>(drive)<\/b><\/i>&nbsp; down the road.<\/p>\r\n\r\n<\/div>\r\n<div class=\"row\">\r\n<div>\r\n<p id=\"antwort4\"><\/p>\r\n\r\n<\/div>\r\n<div><a button=\"\" class=\"btn btn-success btn-sm tipp4 hidden\" href=\"#\" title=\"'saw...'\/'were driving'\" data-toggle=\"popover\" data-placement=\"top\" data-trigger=\"hover\" data-content=\"'were driving' dauert l\u00e4nger und wird von 'saw' unterbrochen.\">Tipp<\/a><\/div>\r\n<\/div>\r\n<div class=\"row\">\r\n        <span class=\"number\">\u2779<\/span>\r\n<p id=\"ts6\" class=\"text\">He<\/p>\r\n<input type=\"text\" id=\"q6\" class=\"form-control\" autocomplete=\"off\">\r\n<p id=\"t6\" class=\"text\"><i><b>(watch)<\/b><\/i>&nbsp; TV when his mother<\/p>\r\n        <input type=\"text\" id=\"q7\" class=\"form-control\" autocomplete=\"off\">\r\n<p id=\"t7\" class=\"text\"><i><b>(call)<\/b><\/i>&nbsp;.<\/p>\r\n\r\n<\/div>\r\n<div class=\"row\">\r\n<div>\r\n<p id=\"antwort6\"><\/p>\r\n\r\n<\/div>\r\n<div><a button=\"\" class=\"btn btn-success btn-sm tipp6 hidden\" href=\"#\" title=\"'was watching...'\/'called...'\" data-toggle=\"popover\" data-placement=\"top\" data-trigger=\"hover\" data-content=\"'was watching' dauert l\u00e4nger und wird von 'called' unterbrochen.\">Tipp<\/a><\/div>\r\n<\/div>\r\n<div class=\"row\">\r\n        <span class=\"number\">\u277a<\/span>\r\n<p id=\"ts8\" class=\"text\">Susan<\/p>\r\n<input type=\"text\" id=\"q8\" class=\"form-control\" autocomplete=\"off\">\r\n<p id=\"t8\" class=\"text\"><i><b>(wait)<\/b><\/i>&nbsp; for a train when she<\/p>\r\n        <input type=\"text\" id=\"q9\" class=\"form-control\" autocomplete=\"off\">\r\n<p id=\"t9\" class=\"text\"><i><b>(meet)<\/b><\/i>&nbsp; her best friend.<\/p>\r\n\r\n<\/div>\r\n<div class=\"row\">\r\n<div>\r\n<p id=\"antwort8\"><\/p>\r\n\r\n<\/div>\r\n<div><a button=\"\" class=\"btn btn-success btn-sm tipp8 hidden\" href=\"#\" title=\"'was waiting...'\/'met...'\" data-toggle=\"popover\" data-placement=\"top\" data-trigger=\"hover\" data-content=\"'was waiting' dauert l\u00e4nger und wird von 'met' unterbrochen.\">Tipp<\/a><\/div>\r\n<\/div>\r\n<div class=\"row\">\r\n        <span class=\"number\">\u277b<\/span>\r\n<p id=\"ts10\" class=\"text\">The postman<\/p>\r\n<input type=\"text\" id=\"q10\" class=\"form-control\" autocomplete=\"off\">\r\n<p id=\"t10\" class=\"text\"><i><b>(come)<\/b><\/i>&nbsp; while we<\/p>\r\n        <input type=\"text\" id=\"q11\" class=\"form-control\" autocomplete=\"off\">\r\n<p id=\"t11\" class=\"text\"><i><b>(have)<\/b><\/i>&nbsp; breakfast.<\/p>\r\n\r\n<\/div>\r\n<div class=\"row\">\r\n<div>\r\n<p id=\"antwort10\"><\/p>\r\n\r\n<\/div>\r\n<div><a button=\"\" class=\"btn btn-success btn-sm tipp10 hidden\" href=\"#\" title=\"'came...'\/'were having...'\" data-toggle=\"popover\" data-placement=\"top\" data-trigger=\"hover\" data-content=\"'were having' dauert l\u00e4nger und wird von 'came' unterbrochen.\">Tipp<\/a><\/div>\r\n<\/div>\r\n<div class=\"row\">\r\n        <span class=\"number\">\u277c<\/span>\r\n<p id=\"ts12\" class=\"text\">I<\/p>\r\n<input type=\"text\" id=\"q12\" class=\"form-control\" autocomplete=\"off\">\r\n<p id=\"t12\" class=\"text\"><i><b>(have)<\/b><\/i>&nbsp; a shower when somebody<\/p>\r\n        <input type=\"text\" id=\"q13\" class=\"form-control\" autocomplete=\"off\">\r\n<p id=\"t13\" class=\"text\"><i><b>(ring)<\/b><\/i>&nbsp; at the door.<\/p>\r\n\r\n<\/div>\r\n<div class=\"row\">\r\n<div>\r\n<p id=\"antwort12\"><\/p>\r\n\r\n<\/div>\r\n<div><a button=\"\" class=\"btn btn-success btn-sm tipp12 hidden\" href=\"#\" title=\"'was having...'\/'rang...'\" data-toggle=\"popover\" data-placement=\"top\" data-trigger=\"hover\" data-content=\"'was having' dauert l\u00e4nger und wird von 'rang' unterbrochen.\">Tipp<\/a><\/div>\r\n<\/div>\r\n<div class=\"row\">\r\n        <span class=\"number\">\u277d<\/span>\r\n<p id=\"ts14\" class=\"text\">I<\/p>\r\n<input type=\"text\" id=\"q14\" class=\"form-control\" autocomplete=\"off\">\r\n<p id=\"t14\" class=\"text\"><i><b>(lie)<\/b><\/i>&nbsp; on the beach when it<\/p>\r\n        <input type=\"text\" id=\"q15\" class=\"form-control\" autocomplete=\"off\">\r\n<p id=\"t15\" class=\"text\"><i><b>(start)<\/b><\/i>&nbsp; to rain.<\/p>\r\n\r\n<\/div>\r\n<div class=\"row\">\r\n<div>\r\n<p id=\"antwort14\"><\/p>\r\n\r\n<\/div>\r\n<div><a button=\"\" class=\"btn btn-success btn-sm tipp14 hidden\" href=\"#\" title=\"'was lying...'\/'started...'\" data-toggle=\"popover\" data-placement=\"top\" data-trigger=\"hover\" data-content=\"'was lying' dauert l\u00e4nger und wird von 'started' unterbrochen.\">Tipp<\/a><\/div>\r\n<\/div>\r\n<div class=\"row\">\r\n        <span class=\"number\">\u277e<\/span>\r\n<p id=\"ts16\" class=\"text\">The parcel<\/p>\r\n<input type=\"text\" id=\"q16\" class=\"form-control\" autocomplete=\"off\">\r\n<p id=\"t16\" class=\"text\"><i><b>(arrive)<\/b><\/i>&nbsp; when she<\/p>\r\n        <input type=\"text\" id=\"q17\" class=\"form-control\" autocomplete=\"off\">\r\n<p id=\"t17\" class=\"text\"><i><b>(brush)<\/b><\/i>&nbsp; her teeth.<\/p>\r\n\r\n<\/div>\r\n<div class=\"row\">\r\n<div>\r\n<p id=\"antwort16\"><\/p>\r\n\r\n<\/div>\r\n<div><a button=\"\" class=\"btn btn-success btn-sm tipp16 hidden\" href=\"#\" title=\"'arrived...'\/'was brushing...'\" data-toggle=\"popover\" data-placement=\"top\" data-trigger=\"hover\" data-content=\"'was brushing' dauert l\u00e4nger und wird von 'arrived' unterbrochen.\">Tipp<\/a><\/div>\r\n<\/div>\r\n<div class=\"row\">\r\n        <span class=\"number\">\u277f<\/span>\r\n<p id=\"ts18\" class=\"text\">When Donald<\/p>\r\n<input type=\"text\" id=\"q18\" class=\"form-control\" autocomplete=\"off\">\r\n<p id=\"t18\" class=\"text\"><i><b>(go)<\/b><\/i>&nbsp; outside many reporters<\/p>\r\n        <input type=\"text\" id=\"q19\" class=\"form-control\" autocomplete=\"off\">\r\n<p id=\"t19\" class=\"text\"><i><b>(waiting)<\/b><\/i>&nbsp; for him.<\/p>\r\n\r\n<\/div>\r\n<div class=\"row\">\r\n<div>\r\n<p id=\"antwort18\"><\/p>\r\n\r\n<\/div>\r\n<div><a button=\"\" class=\"btn btn-success btn-sm tipp18 hidden\" href=\"#\" title=\"'went'\/'were waiting'\" data-toggle=\"popover\" data-placement=\"top\" data-trigger=\"hover\" data-content=\"'was waiting' dauert l\u00e4nger und wird von 'went' unterbrochen.\r\n    \">Tipp<\/a><\/div>\r\n<\/div>\r\n<div><\/div>\r\n<\/div>\r\n<\/div>\r\n<\/div>\r\n<!-- The Modal -->\r\n<div id=\"myModal\" class=\"modal\">\r\n<div class=\"modal-dialog\">\r\n<div class=\"modal-content\">\r\n\r\n<!-- Modal Header -->\r\n<div class=\"modal-header\">\r\n<h4 class=\"modal-title\">Simple Past \/ Past Progressive Unterschied<\/h4>\r\n<button class=\"close\" type=\"button\" data-dismiss=\"modal\">\u00d7<\/button>\r\n\r\n<\/div>\r\n<!-- Modal body -->\r\n<div class=\"modal-body\"><table class=\"table table-bordered table-sm\">\r\n<tbody>\r\n<tr class=\"table-danger\">\r\n<th colspan=\"2\">Simple Past &#8211; Past Progressive Unterschied<\/th>\r\n<\/tr>\r\n<tr class=\"table-primary\">\r\n<td><\/td>\r\n<td >Simple Past (kurze punktuelle Handlung)<\/td><\/tr>\r\n<tr class=\"table-warning\">\r\n<td>unterbricht die l\u00e4nger dauernde Handlung<\/td>\r\n<td><i class=\"fas fa-angle-double-down\" style=\"font-size:24px\"><\/i><\/td>\r\n<\/tr>\r\n<tr class=\"table-success\">\r\n<td colspan=\"2\">Past Progressive (l\u00e4uft \u00fcber einen l\u00e4ngern Zeitraum in der Vargangenheit ab.)<\/td>\r\n<\/tr>\r\n<tr class=\"table-primary\">\r\n<td><\/td>\r\n<td >The phone rang.<\/td><\/tr>\r\n<tr class=\"table-warning\">\r\n<td>unterbricht die l\u00e4nger dauernde Handlung<\/td>\r\n<td><i class=\"fas fa-angle-double-down\" style=\"font-size:24px\"><\/i><\/td>\r\n<\/tr>\r\n<tr class=\"table-success\">\r\n<td colspan=\"2\">when I was drinking beer.<\/td>\r\n<\/tr>\r\n<\/tbody>\r\n<\/table><\/div>\r\n<!-- Modal footer -->\r\n<div class=\"modal-footer\"><button class=\"btn btn-danger\" type=\"button\" data-dismiss=\"modal\">Close<\/button><\/div>\r\n<\/div>\r\n<\/div>\r\n<\/div>\r\n<div class=\"container\">\r\n\r\n<hr>\r\n\r\n<button id=\"test\" class=\"btn-lg btn-primary \" type=\"submit\" value=\"submit\">Pr\u00fcfen<\/button><button id=\"resetButton\" class=\"btn-lg btn-success\" type=\"submit\" onclick=\"refreshPage()\">Neustart<\/button><button id=\"submitButton\" class=\"btn-lg btn-info\" type=\"button\" value=\"submit\" data-toggle=\"modal\" data-target=\"#myModal\">Tipp<\/button>\r\n\r\n<hr>\r\n\r\n\r\n\r\n<p id=\"result\"><\/p>\r\n<p id=\"result2\"><\/p>\r\n<h3>Alle \u00dcbungen Unterschied zwischen Simple Past &#8211; Past Progressive<\/h3>\r\n<hr>\r\n<div id=\"bellows-main-22\" class=\"bellows bellows-nojs bellows-main bellows-source-menu bellows-align-full bellows-skin-vanilla bellows-type-\"><ul id=\"menu-simple-past-past-progressive-i\" class=\"bellows-nav\" data-bellows-config=\"main\"><li id=\"menu-item-3942\" class=\"bellows-menu-item bellows-menu-item-type-post_type bellows-menu-item-object-page bellows-menu-item-3942 bellows-item-level-0\"><a  href=\"https:\/\/english-munich.de\/training\/simple-past-past-progressive\/\" class=\"bellows-target\"><span class=\"bellows-target-title bellows-target-text\">\u2611\ufe0fSimple Past \/ Past Progressive<\/span><\/a><\/li>\n<li id=\"menu-item-3935\" class=\"bellows-menu-item bellows-menu-item-type-post_type bellows-menu-item-object-page bellows-menu-item-3935 bellows-item-level-0\"><a  href=\"https:\/\/english-munich.de\/training\/simple-past-past-progressive-ii\/\" class=\"bellows-target\"><span class=\"bellows-target-title bellows-target-text\">\u270d\ufe0fSimple Past \/ Past Progressive<\/span><\/a><\/li>\n<\/ul><\/div>\r\n<\/div>","protected":false},"excerpt":{"rendered":"Simple Past \/ Past Progressive Unterschied \u00dcbungen zum Unterschied zwischen Simple Past \/ Past Progressive Beispiel \u24ff I (drink)&nbsp; lemonade when a friend (stop)&nbsp; by. die richtige L\u00f6sung ist: &nbsp; I was drinking lemonade when a friend stopped by.&nbsp;&nbsp;Tipp \u270d\ufe0f F\u00fclle die Verben in Klammern in der richtigen Form entweder im Past Progressive (ing-, Form) [&hellip;]","protected":false},"author":3,"featured_media":0,"parent":0,"menu_order":0,"comment_status":"closed","ping_status":"closed","template":"","meta":[],"_links":{"self":[{"href":"https:\/\/english-munich.de\/training\/wp-json\/wp\/v2\/pages\/1746"}],"collection":[{"href":"https:\/\/english-munich.de\/training\/wp-json\/wp\/v2\/pages"}],"about":[{"href":"https:\/\/english-munich.de\/training\/wp-json\/wp\/v2\/types\/page"}],"author":[{"embeddable":true,"href":"https:\/\/english-munich.de\/training\/wp-json\/wp\/v2\/users\/3"}],"replies":[{"embeddable":true,"href":"https:\/\/english-munich.de\/training\/wp-json\/wp\/v2\/comments?post=1746"}],"version-history":[{"count":44,"href":"https:\/\/english-munich.de\/training\/wp-json\/wp\/v2\/pages\/1746\/revisions"}],"predecessor-version":[{"id":10314,"href":"https:\/\/english-munich.de\/training\/wp-json\/wp\/v2\/pages\/1746\/revisions\/10314"}],"wp:attachment":[{"href":"https:\/\/english-munich.de\/training\/wp-json\/wp\/v2\/media?parent=1746"}],"curies":[{"name":"wp","href":"https:\/\/api.w.org\/{rel}","templated":true}]}}